{"id":7885,"date":"2019-09-05T13:51:52","date_gmt":"2019-09-05T13:51:52","guid":{"rendered":"https:\/\/sitechecker.pro\/?page_id=7885"},"modified":"2025-02-06T11:00:13","modified_gmt":"2025-02-06T11:00:13","slug":"page-counter","status":"publish","type":"page","link":"https:\/\/sitechecker.pro\/tr\/page-counter\/","title":{"rendered":"Website Page Counter | Sitechecker ile sayfalar\u0131n\u0131z\u0131 say\u0131n \u1408"},"content":{"rendered":"<p><\/p>\n<h2 id=\"par1\">Web Sitesi Sayfa Numaras\u0131 Denetleyicisi Nedir?<\/h2>\n<p>Sayfa Sayac\u0131, sitenizdeki URL&#8217;lerin say\u0131s\u0131n\u0131 sayman\u0131za yard\u0131mc\u0131 olan bir ara\u00e7t\u0131r. \u0130ndeksleme durumunuzu izlemek ve herhangi bir teknik sorunu belirlemek i\u00e7in yararl\u0131 olabilir. Sitechecker web sitesi URL sayac\u0131 arac\u0131n\u0131n kullan\u0131m\u0131 kolayd\u0131r ve \u00e7e\u015fitli \u00f6zellikler sunar.<\/p>\n<h3>Web Sitesi Sayfa Say\u0131s\u0131 Denetleyicisi size a\u015fa\u011f\u0131daki konularda yard\u0131mc\u0131 olabilir<\/h3>\n<ul>\n<li>Sitenizdeki t\u00fcm URL&#8217;lerin toplam say\u0131s\u0131n\u0131 belirleme.<\/li>\n<li>XML Site Haritas\u0131ndaki hangi URL&#8217;lerin Google arama motorlar\u0131 taraf\u0131ndan dizine eklendi\u011fini belirleme.<\/li>\n<li>Kendi web sitenizin URL&#8217;lerindeki hatalar\u0131 tespit etme<\/li>\n<li>Ba\u011flant\u0131 e\u015fitli\u011fini siteniz genelinde etkili bir \u015fekilde nas\u0131l da\u011f\u0131taca\u011f\u0131n\u0131z\u0131 anlamak<\/li>\n<\/ul>\n<h3>Bir Web Sitesi Sayfa Sayac\u0131n\u0131n Temel \u00d6zellikleri<\/h3>\n<p><strong>Birle\u015fik G\u00f6sterge Tablosu: <\/strong>Birle\u015ftirilmi\u015f bir g\u00f6sterge paneli, web sitenizin teknik sa\u011fl\u0131k verilerini g\u00f6r\u00fcnt\u00fclemek i\u00e7in tek bir yer sa\u011flar. Bu verileri bug\u00fcn, d\u00fcn, ge\u00e7en hafta, ge\u00e7en ay ve y\u0131lba\u015f\u0131ndan bug\u00fcne gibi belirli d\u00f6nemler i\u00e7in g\u00f6r\u00fcnt\u00fcleyebilirsiniz.<\/p>\n<p><strong>Kullan\u0131c\u0131 Dostu Aray\u00fcz: <\/strong>Kullan\u0131c\u0131 dostu bir aray\u00fcz, trafik verilerinizi kullanmay\u0131 ve analiz etmeyi kolayla\u015ft\u0131r\u0131r. G\u00f6sterge paneli iyi organize edilmi\u015ftir ve gezinmesi kolayd\u0131r.<\/p>\n<p><strong>Komple SEO Ara\u00e7 Seti: <\/strong>Eksiksiz bir SEO ara\u00e7 seti, web sitenizin arama motoru sonu\u00e7lar\u0131ndaki (SERP&#8217;ler) s\u0131ralamas\u0131n\u0131 iyile\u015ftirmenize yard\u0131mc\u0131 olacak \u00e7e\u015fitli ara\u00e7lar i\u00e7erir. Bu, anahtar kelime ara\u015ft\u0131rmas\u0131, ba\u011flant\u0131 kurma ve teknik SEO ara\u00e7lar\u0131n\u0131 i\u00e7erebilir.<\/p>\n<h2 id=\"par2\">Web Sitesi Sayfa Sayac\u0131 Nas\u0131l Kullan\u0131l\u0131r?<\/h2>\n<p>Bir web sitesindeki HTML sayfa say\u0131s\u0131n\u0131 nas\u0131l kolayca bulaca\u011f\u0131n\u0131z\u0131 m\u0131 soruyorsunuz? Arac\u0131m\u0131z size cevab\u0131 veriyor.<\/p>\n<h3>Ad\u0131m 1: Alan ad\u0131n\u0131z\u0131 ekleyin <\/h3>\n<p>Tek yapman\u0131z gereken alan ad\u0131n\u0131 girmek ve ard\u0131ndan bir sitedeki t\u00fcm URL&#8217;leri g\u00f6r\u00fcnt\u00fclemektir.<\/p>\n<div class=\"content__img-wrap\"><img src=\"https:\/\/sitechecker.pro\/wp-content\/uploads\/2023\/11\/website-page-counter.png\" alt=\"Web Sitesi Sayfa Sayac\u0131\" class=\"description-img description-img-zoom\" loading=\"lazy\" ><\/div>\n<div class=\"important-block\">Sonu\u00e7lar\u0131 almak ve Sitechecker&apos;\u0131n \u00f6zelliklerine 14 g\u00fcn boyunca eri\u015fmek i\u00e7in \u00dcCRETS\u0130Z denemenizi ba\u015flat\u0131n. E-posta, Google veya Facebook hesab\u0131n\u0131zla kaydolmak \u00e7ok kolay. Kredi kart\u0131na gerek yoktur.<\/div>\n<h3>Ad\u0131m 2: Sonucu al\u0131n<\/h3>\n<p>Taramadan sonra, &#8220;ka\u00e7 URL oldu\u011funu&#8221; g\u00f6rebilirsiniz. Bu say\u0131, <a href=\"https:\/\/sitechecker.pro\/what-is-google-index\/\" target=\"_blank\" rel=\"noopener noreferrer\">Google dizininde<\/a> ka\u00e7 URL oldu\u011funu g\u00f6sterir:<\/p>\n<div class=\"content__img-wrap\"><img src=\"https:\/\/sitechecker.pro\/wp-content\/uploads\/2023\/11\/website-page-counter-results.png\" alt=\"Web Sitesi Sayfa Sayac\u0131 Sonu\u00e7lar\u0131\" class=\"description-img description-img-zoom\" loading=\"lazy\" ><\/div>\n<p>Taranan URL&#8217;lerde bulunan sorunlar\u0131n bir listesini a\u015fa\u011f\u0131da bulabilirsiniz. Sitenizdeki t\u00fcm URL&#8217;lerde hata olup olmad\u0131\u011f\u0131n\u0131 kontrol etmek i\u00e7in tarife plan\u0131n\u0131z\u0131 y\u00fckseltmeyi d\u00fc\u015f\u00fcn\u00fcn.<\/p>\n<div class=\"content__img-wrap\"><img src=\"https:\/\/sitechecker.pro\/wp-content\/uploads\/2023\/11\/page-counter-issues-list.png\" alt=\"Sayfa Sayac\u0131 Sorunlar\u0131 Listesi\" class=\"description-img description-img-zoom\" loading=\"lazy\" ><\/div>\n<p>Belirlenen her hata i\u00e7in listede sorun giderme \u00f6nerileri yer al\u0131r ve hatan\u0131n olu\u015ftu\u011fu URL&#8217;ler belirtilir.<\/p>\n<div class=\"content__img-wrap\"><img src=\"https:\/\/sitechecker.pro\/wp-content\/uploads\/2023\/11\/view-issue-option.png\" alt=\"View Issue Option\" class=\"description-img description-img-zoom\" loading=\"lazy\" ><\/div>\n<h2 id=\"par3\">Web Sayfas\u0131 Saya\u00e7 Arac\u0131n\u0131n Ek \u00d6zellikleri<\/h2>\n<p>Ayr\u0131ca, &#8220;Taranan sayfalar&#8221; veya &#8220;T\u00fcm sayfalar\u0131 g\u00f6r\u00fcnt\u00fcle&#8221; se\u00e7ene\u011fine t\u0131klayarak sorunlar, durum ve di\u011fer URL <a href=\"https:\/\/sitechecker.pro\/\" target=\"_blank\" rel=\"noopener noreferrer\">SEO denetimi<\/a> bilgileri hakk\u0131nda bilgi i\u00e7eren URL listesini a\u00e7abilirsiniz.<\/p>\n<div class=\"content__img-wrap\"><img src=\"https:\/\/sitechecker.pro\/wp-content\/uploads\/2023\/11\/page-counter-view-all-pages.png\" alt=\"Sayfa Sayac\u0131 T\u00fcm Sayfalar\u0131 G\u00f6r\u00fcnt\u00fcle\" class=\"description-img description-img-zoom\" loading=\"lazy\" ><\/div>\n<div class=\"content__img-wrap\"><img src=\"https:\/\/sitechecker.pro\/wp-content\/uploads\/2023\/11\/page-counter-additional-features.png\" alt=\"Sayfa Sayac\u0131 Ek \u00d6zellikleri\" class=\"description-img description-img-zoom\" loading=\"lazy\" ><\/div>\n<p>Bu b\u00f6l\u00fcm, kategorize edilmi\u015f bir hata listesi g\u00f6r\u00fcnt\u00fcler ve bunlar\u0131 \u00d6nceli\u011fe veya Kategoriye g\u00f6re s\u0131ralaman\u0131za olanak tan\u0131r. Site bozuk URL&#8217;ler veya y\u00f6nlendirmeler i\u00e7eriyorsa bunlar\u0131 tabloda filtreleyebilirsiniz. Sayfa a\u011f\u0131rl\u0131\u011f\u0131 g\u00f6stergesi, dahili ba\u011flant\u0131 yap\u0131n\u0131z\u0131n etkinli\u011fi hakk\u0131nda bilgi verir.<\/p>\n<p>Bu bilgilerle, kendi web sitenizdeki kritik sorunlar\u0131 h\u0131zl\u0131 bir \u015fekilde ele alabilir ve sitenizi optimize etme konusunda rehberlik alabilirsiniz.<\/p>\n<p>Ayr\u0131ca, SiteChecker platformunda Sayfa Sayac\u0131n\u0131n nas\u0131l kullan\u0131laca\u011f\u0131na ili\u015fkin video k\u0131lavuzumuza g\u00f6z at\u0131n:<\/p>\n<p><iframe width=\"700\" height=\"350\" src=\"https:\/\/www.youtube.com\/embed\/-cexaqBe4KQ?si=4doM2SLEO-4z_i69&amp;start=213\" title=\"YouTube video player\" frameborder=\"0\" allow=\"accelerometer; autoplay; clipboard-write; encrypted-media; gyroscope; picture-in-picture; web-share\" allowfullscreen><\/iframe><\/p>\n<h2 id=\"par4\">Son Fikir<\/h2>\n<p>Web Sitesi G\u00f6nderi Sayac\u0131, Sitechecker taraf\u0131ndan sunulan, sitenizin sayfalar\u0131n\u0131 sayan, indekslemeyi izlemeye ve teknik sorunlar\u0131 belirlemeye yard\u0131mc\u0131 olan etkili bir \u00fccretsiz ara\u00e7t\u0131r. T\u00fcre g\u00f6re filtreleme ve tarama derinli\u011fi gibi kullan\u0131m\u0131 kolay \u00f6zelliklere sahiptir. Temel faydalar\u0131 aras\u0131nda sitenizin toplam URL say\u0131s\u0131n\u0131 tespit etme, dizine eklenen sayfalar\u0131 belirleme, kopyalar\u0131 kontrol etme, hatalar\u0131 tespit etme ve ba\u011flant\u0131 e\u015fitli\u011fi da\u011f\u0131t\u0131m\u0131n\u0131 strateji haline getirme yer al\u0131r. Kontrol paneli, teknik sa\u011fl\u0131k verilerini merkezile\u015ftirerek trafik analizi i\u00e7in kullan\u0131c\u0131 dostu bir aray\u00fcz ve SERP s\u0131ralamalar\u0131n\u0131 iyile\u015ftirmek i\u00e7in eksiksiz bir SEO ara\u00e7lar\u0131 seti sunar.<\/p>\n<div id=\"par5\"><\/div>\n<p><div class=\"front__faq-block\"><div class=\"faq__block-title\">FAQ<\/div><div class=\"panel-group\" id=\"faq-accordion\" itemscope itemtype=\"https:\/\/schema.org\/FAQPage\" role=\"tablist\" aria-multiselectable=\"true\"><div class=\"panel\" itemscope itemtype=\"https:\/\/schema.org\/Question\" itemprop=\"mainEntity\">\n                            <div class=\"panel-heading\" id=\"headingFaq-1\">\n                                <div class=\"panel-title\" data-toggle=\"collapse\" aria-expanded=\"false\" href=\"#collapseFaq-1\">\n                                    <h3 itemprop=\"name\">Sayfa Sayac\u0131 bulucunun temel amac\u0131 nedir?<\/h3>\n                                <\/div>\n                            <\/div>\n                            <div id=\"collapseFaq-1\" class=\"panel-collapse collapse\" itemprop=\"acceptedAnswer\" itemscope itemtype=\"http:\/\/schema.org\/Answer\">\n                                <div class=\"panel-body\" itemprop=\"text\">Sayfa Sayac\u0131 \u00e7evrimi\u00e7i arac\u0131n\u0131n temel amac\u0131, sitenizdeki toplam URL say\u0131s\u0131n\u0131n bir say\u0131s\u0131n\u0131 sa\u011flamak, hangi URL&apos;lerin arama motorlar\u0131 taraf\u0131ndan dizine eklendi\u011fini izlemeye yard\u0131mc\u0131 olmak, yinelenen i\u00e7eri\u011fi belirlemek, herhangi bir hatay\u0131 tespit etmek ve ba\u011flant\u0131 e\u015fitli\u011fi da\u011f\u0131t\u0131m\u0131n\u0131 optimize etmek i\u00e7in i\u00e7g\u00f6r\u00fcler sunmakt\u0131r.<\/div>\n                            <\/div>\n                        <\/div><div class=\"panel\" itemscope itemtype=\"https:\/\/schema.org\/Question\" itemprop=\"mainEntity\">\n                            <div class=\"panel-heading\" id=\"headingFaq-2\">\n                                <div class=\"panel-title\" data-toggle=\"collapse\" aria-expanded=\"false\" href=\"#collapseFaq-2\">\n                                    <h3 itemprop=\"name\">Bir web sitesinin ka\u00e7 sayfas\u0131 oldu\u011funu nas\u0131l kontrol edebilirim?<\/h3>\n                                <\/div>\n                            <\/div>\n                            <div id=\"collapseFaq-2\" class=\"panel-collapse collapse\" itemprop=\"acceptedAnswer\" itemscope itemtype=\"http:\/\/schema.org\/Answer\">\n                                <div class=\"panel-body\" itemprop=\"text\">Sitechecker gibi bir web sitesi makale sayac\u0131 arac\u0131 kullanarak web sitesinin alan ad\u0131n\u0131 girerek t\u00fcm URL&apos;lerinin tam bir say\u0131m\u0131n\u0131 elde edin.<\/div>\n                            <\/div>\n                        <\/div><div class=\"panel\" itemscope itemtype=\"https:\/\/schema.org\/Question\" itemprop=\"mainEntity\">\n                            <div class=\"panel-heading\" id=\"headingFaq-3\">\n                                <div class=\"panel-title\" data-toggle=\"collapse\" aria-expanded=\"false\" href=\"#collapseFaq-3\">\n                                    <h3 itemprop=\"name\">Bir web sitesindeki URL&apos;leri nas\u0131l sayar\u0131m?<\/h3>\n                                <\/div>\n                            <\/div>\n                            <div id=\"collapseFaq-3\" class=\"panel-collapse collapse\" itemprop=\"acceptedAnswer\" itemscope itemtype=\"http:\/\/schema.org\/Answer\">\n                                <div class=\"panel-body\" itemprop=\"text\">URL&apos;leri otomatik olarak saymak i\u00e7in alan ad\u0131n\u0131z\u0131 girerek bir site say\u0131m sayfas\u0131 denetleyicisi kullan\u0131n.<\/div>\n                            <\/div>\n                        <\/div><div class=\"panel\" itemscope itemtype=\"https:\/\/schema.org\/Question\" itemprop=\"mainEntity\">\n                            <div class=\"panel-heading\" id=\"headingFaq-4\">\n                                <div class=\"panel-title\" data-toggle=\"collapse\" aria-expanded=\"false\" href=\"#collapseFaq-4\">\n                                    <h3 itemprop=\"name\">Tipik bir sitenin ka\u00e7 URL&apos;si vard\u0131r?<\/h3>\n                                <\/div>\n                            <\/div>\n                            <div id=\"collapseFaq-4\" class=\"panel-collapse collapse\" itemprop=\"acceptedAnswer\" itemscope itemtype=\"http:\/\/schema.org\/Answer\">\n                                <div class=\"panel-body\" itemprop=\"text\">Tipik bir web sitesi, amac\u0131na ve \u00f6l\u00e7e\u011fine ba\u011fl\u0131 olarak birka\u00e7 URL&apos;den y\u00fczlerce URL&apos;ye kadar herhangi bir yere sahip olabilir. \u00d6rne\u011fin, k\u00fc\u00e7\u00fck i\u015fletmeler genellikle 20&apos;den az URL&apos;ye sahipken, daha b\u00fcy\u00fck siteler ve e-ticaret siteleri y\u00fczlerce ila binlerce web sayfas\u0131na sahip olabilir.<\/div>\n                            <\/div>\n                        <\/div><\/div><\/div><\/p>","protected":false},"excerpt":{"rendered":"Web Sitesi Sayfa Numaras\u0131 Denetleyicisi Nedir? Sayfa Sayac\u0131, sitenizdeki URL&#8217;lerin say\u0131s\u0131n\u0131 sayman\u0131za yard\u0131mc\u0131 olan bir ara\u00e7t\u0131r. \u0130ndeksleme durumunuzu izlemek ve herhangi bir teknik sorunu belirlemek i\u00e7in yararl\u0131 olabilir. Sitechecker web sitesi URL sayac\u0131 arac\u0131n\u0131n kullan\u0131m\u0131 kolayd\u0131r ve \u00e7e\u015fitli \u00f6zellikler sunar. Web Sitesi Sayfa Say\u0131s\u0131 Denetleyicisi size a\u015fa\u011f\u0131daki konularda yard\u0131mc\u0131 olabilir Sitenizdeki t\u00fcm URL&#8217;lerin toplam say\u0131s\u0131n\u0131&#8230;","protected":false},"author":10504980,"featured_media":7945,"parent":0,"menu_order":0,"comment_status":"closed","ping_status":"closed","template":"pages-templates\/pages-minitools.php","meta":[],"categories":[73],"tags":[],"_links":{"self":[{"href":"https:\/\/sitechecker.pro\/tr\/wp-json\/wp\/v2\/pages\/7885"}],"collection":[{"href":"https:\/\/sitechecker.pro\/tr\/wp-json\/wp\/v2\/pages"}],"about":[{"href":"https:\/\/sitechecker.pro\/tr\/wp-json\/wp\/v2\/types\/page"}],"author":[{"embeddable":true,"href":"https:\/\/sitechecker.pro\/tr\/wp-json\/wp\/v2\/users\/10504980"}],"replies":[{"embeddable":true,"href":"https:\/\/sitechecker.pro\/tr\/wp-json\/wp\/v2\/comments?post=7885"}],"version-history":[{"count":93,"href":"https:\/\/sitechecker.pro\/tr\/wp-json\/wp\/v2\/pages\/7885\/revisions"}],"predecessor-version":[{"id":35343,"href":"https:\/\/sitechecker.pro\/tr\/wp-json\/wp\/v2\/pages\/7885\/revisions\/35343"}],"wp:featuredmedia":[{"embeddable":true,"href":"https:\/\/sitechecker.pro\/tr\/wp-json\/wp\/v2\/media\/7945"}],"wp:attachment":[{"href":"https:\/\/sitechecker.pro\/tr\/wp-json\/wp\/v2\/media?parent=7885"}],"wp:term":[{"taxonomy":"category","embeddable":true,"href":"https:\/\/sitechecker.pro\/tr\/wp-json\/wp\/v2\/categories?post=7885"},{"taxonomy":"post_tag","embeddable":true,"href":"https:\/\/sitechecker.pro\/tr\/wp-json\/wp\/v2\/tags?post=7885"}],"curies":[{"name":"wp","href":"https:\/\/api.w.org\/{rel}","templated":true}]}}