{"id":7873,"date":"2019-09-05T12:25:47","date_gmt":"2019-09-05T12:25:47","guid":{"rendered":"https:\/\/sitechecker.pro\/?page_id=7873"},"modified":"2026-02-20T12:10:45","modified_gmt":"2026-02-20T12:10:45","slug":"similar-websites","status":"publish","type":"page","link":"https:\/\/sitechecker.pro\/tr\/similar-websites\/","title":{"rendered":"Benzer Web Sitesi Bulucu | Pazar Ara\u015ft\u0131rmas\u0131 \u0130\u00e7in Bir Zorunluluk \u1408"},"content":{"rendered":"<p>Bir site ba\u015flatmak istiyorsunuz ve pazar ara\u015ft\u0131rmas\u0131n\u0131n bir par\u00e7as\u0131 olarak rakiplerinizin kim oldu\u011funu bilmeniz gerekiyor. Bu durum sizin durumunuza benziyorsa ve nas\u0131l yapaca\u011f\u0131n\u0131z hakk\u0131nda hi\u00e7bir fikriniz yoksa do\u011fru yerdesiniz. Bunu benzer bir web sitesi bulucu ile olduk\u00e7a kolay bir \u015fekilde yapabilirsiniz; Bu yaz\u0131da, etkili bir \u015fekilde nas\u0131l kullan\u0131laca\u011f\u0131 hakk\u0131nda bilmeniz gereken her \u015feyi size anlataca\u011f\u0131z.<\/p>\n<h2>Benzer Web Sitesi Bulucu Nedir?<\/h2>\n<p><b>Benzer bir web sitesi <\/b><b>bulucu <\/b>, sizinkine benzer i\u00e7erik \u00fcreten di\u011fer web sitelerini bulmak i\u00e7in kullanabilece\u011finiz bir ara\u00e7t\u0131r. Bu ara\u00e7lar, \u00e7o\u011fu \u00fccretsiz olmak \u00fczere bir\u00e7ok sa\u011flay\u0131c\u0131dan edinilebilir. Bu ara\u00e7lar\u0131 kullanarak rakiplerinizi ara\u015ft\u0131rabilir ve nas\u0131l \u00e7al\u0131\u015ft\u0131klar\u0131, neleri iyi yapt\u0131klar\u0131 ve kullan\u0131c\u0131lar\u0131n bunlardan ne elde etti\u011fi hakk\u0131nda daha fazla bilgi edinebilirsiniz. T\u00fcm bu bilgileri \u00f6z\u00fcmseyerek ve buna g\u00f6re planlar yaparak, t\u00fcm rakiplerinizden en iyisini elde edebilecek ve i\u015fe yaramayan her \u015feyi ortadan kald\u0131rabileceksiniz.<\/p>\n<p><a href=\"https:\/\/sitechecker.pro\/\">Sitechecker<\/a>&#8216;in benzer web sitelerini bulman\u0131za yard\u0131mc\u0131 olmas\u0131n\u0131n yan\u0131 s\u0131ra sunabilece\u011fi \u00e7ok \u015fey var. Hizmetlerimiz hakk\u0131nda daha fazla bilgi edinmek i\u00e7in bu videoyu izleyin:<\/p>\n<p><iframe title=\"YouTube video oynat\u0131c\u0131\" src=\"https:\/\/www.youtube.com\/embed\/iQWrmE-J-yU\" width=\"770\" height=\"350\" frameborder=\"0\" allowfullscreen=\"allowfullscreen\"><\/iframe><\/p>\n<h2>Benzer Bir Web Sitesi Bulucu Kullanma<\/h2>\n<p>Benzer web sitesi bulucumuzu nas\u0131l kullanaca\u011f\u0131n\u0131z\u0131 ke\u015ffedin.<\/p>\n<h3>1. Ad\u0131m: Etki Alan\u0131n\u0131z\u0131 Ekleyin<\/h3>\n<p>Web sitenizin URL&#8217;sini al\u0131n, arama \u00e7ubu\u011funa yap\u0131\u015ft\u0131r\u0131n ve sa\u011fa bakan oka t\u0131klay\u0131n.<br \/>\n<div class=\"content__img-wrap\"><img src=\"https:\/\/sitechecker.pro\/wp-content\/uploads\/2022\/02\/Sitecheckers-similar-website-finder.jpg\" alt=\"Sitechecker'\u0131n benzer web sitesi bulucu\" class=\"description-img description-img-zoom\" loading=\"lazy\" ><\/div><\/p>\n<h3>2. Ad\u0131m: Sonu\u00e7 Analizi<\/h3>\n<p>Sitenin sizinkine benzer t\u00fcm siteleri bulmas\u0131 ve bir liste olarak g\u00f6r\u00fcnt\u00fclemesi birka\u00e7 saniye s\u00fcrecektir.<br \/>\n<div class=\"content__img-wrap\"><img src=\"https:\/\/sitechecker.pro\/wp-content\/uploads\/2022\/02\/Sitecheckers-similar-website-finder-Results.jpg\" alt=\"Sitechecker'\u0131n benzer web sitesi bulucu: Sonu\u00e7lar\" class=\"description-img description-img-zoom\" loading=\"lazy\" ><\/div><\/p>\n<h2>Benzer Web Sitesi Bulucu Gerekli Oldu\u011fu Durumlar<\/h2>\n<p>Bir site olu\u015fturup i\u00e7erik yay\u0131nlamaya ba\u015flamadan \u00f6nce, giri\u015fiminizin karl\u0131 olup olmad\u0131\u011f\u0131n\u0131 \u00f6\u011frenmelisiniz. \u00d6rne\u011fin, YouTube zaten mevcut olsayd\u0131, herkesin YouTube&#8217;a benzer \u00f6zelliklere sahip bir video payla\u015f\u0131m platformu kullanaca\u011f\u0131n\u0131 d\u00fc\u015f\u00fcn\u00fcyor musunuz? Hay\u0131r. TikTok ve Vimeo gibi \u015feyler, yaln\u0131zca kullan\u0131c\u0131lar\u0131na farkl\u0131 yakla\u015f\u0131mlar ve benzersiz \u00f6zellikler sunduklar\u0131 i\u00e7in i\u015fe yarar.<\/p>\n<p>Benzer \u015fekilde, bir blog ba\u015flat\u0131yorsan\u0131z, kimin sizinkine benzer i\u00e7erik \u00fcretti\u011fini bilmeniz gerekir. Ne t\u00fcr i\u00e7erikler \u00fcretiyorlar? Kitle taban\u0131 nas\u0131l? Bunun gibi bilgiler size ba\u015far\u0131 \u015fans\u0131n\u0131 anlatmak i\u00e7in gereklidir. Bu rakiplerin piyasada bir tekeli varsa, ilerlemenin bir k\u00e2r\u0131 yoktur.<\/p>\n<p>\u00d6te yandan, <a href=\"https:\/\/sitechecker.pro\/dental-seo-marketing-tool\/\" target=\"_blank\" rel=\"noopener noreferrer\">ni\u015f<\/a> i\u00e7inde yerle\u015fikseniz sekt\u00f6r\u00fcnde, her zaman yeni ba\u015flayanlar ve yeni giri\u015fimler i\u00e7in uyan\u0131k olman\u0131z gerekir. Buhar al\u0131p almad\u0131klar\u0131na ve size yeti\u015fip yeti\u015fmediklerine dikkat edin. Her hal\u00fckarda piyasan\u0131n nabz\u0131n\u0131 tutmak ve r\u00fczgar\u0131n nereden esti\u011fini anlamak olgun bir i\u00e7erik olu\u015fturucunun i\u015faretidir.<\/p>\n<p>Alternatifleri inceleyerek, neyin i\u015fe yaray\u0131p yaramad\u0131\u011f\u0131n\u0131 \u00f6\u011frenmeye ve iyile\u015ftirmenin yollar\u0131n\u0131 bulmaya devam edersiniz. B\u00f6ylece daha iyi olur ve bir sonraki seviyeye ula\u015f\u0131rs\u0131n\u0131z.<br \/>\n    <div class=\"blog__conversion blog__conversion-app element__logged_out\">\n        <div class=\"blog__conversion-inner\">\n            <p class=\"title\">Yaln\u0131zca Benzer Web Siteleri hakk\u0131ndaki bilgileri de\u011fil, ayn\u0131 zamanda bu sitelerde teknik hatalar\u0131n olup olmad\u0131\u011f\u0131n\u0131 da \u00f6\u011frenin!<\/p>\n            <p class=\"description\">Web sitenizdeki t\u00fcm site d\u00fczeyindeki ve sayfa d\u00fczeyindeki sorunlar\u0131 bulmak ve d\u00fczeltmek i\u00e7in tam bir denetim ger\u00e7ekle\u015ftirin.<\/p>\n            <form id=\"audit__form\"\n                  class=\"article__seo-search audit__form Web sitenizdeki t\u00fcm site d\u00fczeyindeki ve sayfa d\u00fczeyindeki sorunlar\u0131 bulmak ve d\u00fczeltmek i\u00e7in tam bir denetim ger\u00e7ekle\u015ftirin.\"\n                  action=\"\"\n                  method=\"POST\"\n                  autocomplete=\"off\">\n                <span class=\"error\"><\/span>\n                <div class=\"error__limits\">Something went wrong. Please, try again later.<\/div>\n                <input name=\"url\"\n                       type=\"text\"\n                       placeholder=\"Alan ad\u0131n\u0131z\u0131 buraya girin\">\n                                <button type=\"submit\"\n                        class=\"sitechecker__text\">\n                    <span>Denetim ba\u015flat<\/span>\n                    <img src=\"\/wp-content\/themes\/sitechecker\/out\/img_design\/loading.svg\"\n                         width=\"31\"\n                         height=\"30\"\n                         class=\"loading\">\n                <\/button>\n            <\/form>\n        <\/div>\n    <\/div>\n    <\/p>\n<h2>Benzer Siteler Nas\u0131l Analiz Edilir?<\/h2>\n<p>Art\u0131k bir s\u00fcr\u00fc benzer siteyi nas\u0131l bulaca\u011f\u0131n\u0131z\u0131 biliyorsunuz, ancak onlar\u0131 bulduktan sonra ne yap\u0131yorsunuz? Tabii ki onlar\u0131 incelersiniz! Bu yap\u0131lacak ak\u0131ll\u0131ca \u015feydir ve sizinle rekabet eden \u015firketleri kontrol etmelisiniz. Ayn\u0131s\u0131n\u0131 sana yapacaklar\u0131na bahse girebilirsin.<\/p>\n<p>Ama ne ar\u0131yorsun?<\/p>\n<ul>\n<li>Mevcut alternatiflerin site yap\u0131s\u0131 nedir? Sizinkine benzer mi? Daha iyi? Sizin kullanmad\u0131\u011f\u0131n\u0131z hangi sayfa \u00f6\u011felerini kullan\u0131yorlar? Neleri geli\u015ftirebilirsiniz?<\/li>\n<li>G\u00fcnde ka\u00e7 isabet al\u0131yorlar? Bunlardan hangisi daha iyi performans g\u00f6steriyor? Sizinle k\u0131yasland\u0131\u011f\u0131nda performanslar\u0131 nas\u0131l? Neleri farkl\u0131 yap\u0131yorlar?<\/li>\n<li>Ne t\u00fcr geri ba\u011flant\u0131lar kullan\u0131yorlar? En \u00e7ok ne t\u00fcr hizmetler a\u00e7\u0131l\u0131r? Olmad\u0131\u011f\u0131n\u0131z bir \u015feye mi ba\u011flan\u0131yorlar? Halihaz\u0131rda yapt\u0131\u011f\u0131n\u0131z \u015feylerle ba\u011flant\u0131 kuruyorlar m\u0131?<\/li>\n<li>Anahtar kelimeleri nelerdir? Okunabilirlikleri nedir? Sitelerini bir SEO denetleyicisinden ge\u00e7irin ve siteden m\u00fcmk\u00fcn oldu\u011funca fazlas\u0131n\u0131 elde edin.<\/li>\n<\/ul>\n<h3>Daha iyi analiz i\u00e7in Web Sitesi Trafik Denetleyicisi&#8217;ni kullanma<\/h3>\n<p>Analiz i\u00e7in site trafi\u011fini kontrol eden arac\u0131m\u0131z\u0131 da kullanabilirsiniz. Bir <a href=\"https:\/\/sitechecker.pro\/traffic-checker\/\">web sitesi trafik denetleyicisi <\/a>tam olarak s\u00f6yledi\u011fi \u015feyi yapar: trafikle ilgili bir\u00e7ok veriyi hesaplar. \u00d6rne\u011fin, URL&#8217;yi bir web sitesi trafik denetleyicisi arac\u0131l\u0131\u011f\u0131yla \u00e7al\u0131\u015ft\u0131r\u0131rsan\u0131z \u015funlar\u0131 kontrol edersiniz:<\/p>\n<ol>\n<li>Sayfan\u0131n en az birka\u00e7 ayda ne kadar trafik ald\u0131\u011f\u0131n\u0131<\/li>\n<li>Farkl\u0131 \u00fclkelerden ne kadar trafik \u00fcretiliyor<\/li>\n<li>Farkl\u0131 kanallar taraf\u0131ndan olu\u015fturulan trafik hacmi: organik arama, y\u00f6nlendirmeler, do\u011frudan arama vb.<\/li>\n<li>Site taraf\u0131ndan organik veya \u00fccretli yollarla en \u00e7ok kullan\u0131lan anahtar kelimeler<\/li>\n<\/ol>\n<p><div class=\"content__img-wrap\"><img src=\"https:\/\/sitechecker.pro\/wp-content\/uploads\/2022\/02\/Sitecheckers-traffic-checker.jpg\" alt=\"Arac\u0131m\u0131zla trafi\u011fi kontrol edin\" class=\"description-img description-img-zoom\" loading=\"lazy\" ><\/div><br \/>\n<div class=\"content__img-wrap\"><img src=\"https:\/\/sitechecker.pro\/wp-content\/uploads\/2022\/02\/Sitecheckers-traffic-checker-Result-1.jpg\" alt=\"Trafik denetleyicisi: Sonu\u00e7lar\" class=\"description-img description-img-zoom\" loading=\"lazy\" ><\/div><br \/>\n<div class=\"content__img-wrap\"><img src=\"https:\/\/sitechecker.pro\/wp-content\/uploads\/2022\/02\/Sitecheckers-traffic-checker-Result-2.jpg\" alt=\"Ara\u00e7 Sonu\u00e7lar\u0131 (devam\u0131)\" class=\"description-img description-img-zoom\" loading=\"lazy\" ><\/div><\/p>\n<p>Sadece birka\u00e7 dakika i\u00e7inde, t\u00fcm bu veriler parmaklar\u0131n\u0131z\u0131n ucunda olacak. Buldu\u011funuz t\u00fcm benzer siteleri bu trafik denetleyicisi arac\u0131l\u0131\u011f\u0131yla \u00e7al\u0131\u015ft\u0131r\u0131rsan\u0131z, t\u00fcm rakipleriniz hakk\u0131nda benzer verilere sahip olursunuz. Hangi ni\u015flerde \u00e7al\u0131\u015ft\u0131klar\u0131n\u0131, trafiklerinin nereden geldi\u011fini ve site trafi\u011finin sizinkiyle nas\u0131l kar\u015f\u0131la\u015ft\u0131r\u0131ld\u0131\u011f\u0131n\u0131 bileceksiniz. \u0130nternet pazar\u0131n\u0131 analiz etmek ve bu zorluklar\u0131n \u00fcstesinden gelmek i\u00e7in stratejileri uyarlamak i\u00e7in harika bir ara\u00e7t\u0131r.<\/p>\n<h3>Sitechecker Denetimi &amp; Sayfa \u0130\u00e7i Rakip Analizi<\/h3>\n<p>SEO denetimi, SEO a\u00e7\u0131s\u0131ndan ne kadar iyi yapt\u0131\u011f\u0131n\u0131z\u0131 ve nereleri iyile\u015ftirebilece\u011finizi g\u00f6steren bir ara\u00e7t\u0131r. Ama\u00e7, sitenizi Google arama sonu\u00e7lar\u0131n\u0131n en \u00fcst\u00fcne \u00e7\u0131karmakt\u0131r. Bu ara\u00e7, t\u00fcm sitenizi ve sayfalar\u0131n\u0131z\u0131 &#8211; ve isterseniz rakiplerinizin sayfalar\u0131n\u0131 &#8211; kontrol ederek ve onlar i\u00e7in yapt\u0131klar\u0131 her \u015fey hakk\u0131nda size ayr\u0131nt\u0131l\u0131 bir rapor vererek bunu y\u00f6netmenize yard\u0131mc\u0131 olacakt\u0131r. \u00dccretsiz <a href=\"https:\/\/sitechecker.pro\/on-page-seo-checker\/\">sayfa i\u00e7i SEO denetleyicimizi<\/a> veya <a href=\"https:\/\/chrome.google\">Google&#8217;\u0131n Web Sitesi SEO Denetleyicisi<\/a>.<\/p>\n<h3>Rakip Analizi i\u00e7in Sitechecker Backlink Checker<\/h3>\n<p>Geri ba\u011flant\u0131lar\u0131n\u0131z\u0131n iyi miktarda trafik alan siteler taraf\u0131ndan kullan\u0131ld\u0131\u011f\u0131ndan emin olmak ve bunlar\u0131 kald\u0131rmak i\u00e7in bir <a href=\"https:\/\/sitechecker.pro\/backlinks-checker\/\">geri ba\u011flant\u0131 denetleyicisi<\/a> istiyorsunuz. art\u0131k alakal\u0131 olmayan sitelerden. Rakiplerinizi bu \u015fekilde analiz ederek performanslar\u0131 hakk\u0131nda fikir edinir ve ne yapaca\u011f\u0131n\u0131z\u0131, nelerden ka\u00e7\u0131nman\u0131z gerekti\u011fini ve hangi anahtar kelimelerden, ba\u011flant\u0131lardan ve etiketlerden yararlanman\u0131z gerekti\u011fini bilirsiniz.<br \/>\n<div class=\"content__img-wrap\"><img src=\"https:\/\/sitechecker.pro\/wp-content\/uploads\/2022\/02\/Sitecheckers-backlink-checker.jpg\" alt=\"Arac\u0131m\u0131zla geri ba\u011flant\u0131lar\u0131 kontrol edin\" class=\"description-img description-img-zoom\" loading=\"lazy\" ><\/div><\/p>\n<div class=\"content__img-wrap\"><img src=\"https:\/\/sitechecker.pro\/wp-content\/uploads\/2022\/02\/Sitecheckers-backlink-checker-Results-2.jpg\" alt=\"Arac\u0131m\u0131zla geri ba\u011flant\u0131lar\u0131 kontrol edin - Sonu\u00e7lar\" class=\"description-img description-img-zoom\" loading=\"lazy\" ><\/div>\n<p><div class=\"front__faq-block\"><div class=\"faq__block-title\">SSS<\/div><div class=\"panel-group\" id=\"faq-accordion\" itemscope itemtype=\"https:\/\/schema.org\/FAQPage\" role=\"tablist\" aria-multiselectable=\"true\"><div class=\"panel\" itemscope itemtype=\"https:\/\/schema.org\/Question\" itemprop=\"mainEntity\">\n                            <div class=\"panel-heading\" id=\"headingFaq-1\">\n                                <div class=\"panel-title\" data-toggle=\"collapse\" aria-expanded=\"false\" href=\"#collapseFaq-1\">\n                                    <h3 itemprop=\"name\">Google'da benzer web siteleri nas\u0131l bulunur?<\/h3>\n                                <\/div>\n                            <\/div>\n                            <div id=\"collapseFaq-1\" class=\"panel-collapse collapse\" itemprop=\"acceptedAnswer\" itemscope itemtype=\"http:\/\/schema.org\/Answer\">\n                                <div class=\"panel-body\" itemprop=\"text\">Google'da benzer web sitelerini bulmak i\u00e7in ilgili operat\u00f6r\u00fc kullanabilirsiniz. Bunun i\u00e7in adres \u00e7ubu\u011funa ilgili: sitename.com yaz\u0131n ve enter tu\u015funa bas\u0131n.<\/div>\n                            <\/div>\n                        <\/div><div class=\"panel\" itemscope itemtype=\"https:\/\/schema.org\/Question\" itemprop=\"mainEntity\">\n                            <div class=\"panel-heading\" id=\"headingFaq-2\">\n                                <div class=\"panel-title\" data-toggle=\"collapse\" aria-expanded=\"false\" href=\"#collapseFaq-2\">\n                                    <h3 itemprop=\"name\">Benzer siteler uzant\u0131lar\u0131 nas\u0131l kullan\u0131r?<\/h3>\n                                <\/div>\n                            <\/div>\n                            <div id=\"collapseFaq-2\" class=\"panel-collapse collapse\" itemprop=\"acceptedAnswer\" itemscope itemtype=\"http:\/\/schema.org\/Answer\">\n                                <div class=\"panel-body\" itemprop=\"text\">Bir siteyi her ziyaret etti\u011finizde, az \u00f6nce ziyaret etti\u011finiz aramayla ilgili di\u011fer siteleri bulmak i\u00e7in Chrome'daki uzant\u0131 sekmesine t\u0131klayabilirsiniz.<\/div>\n                            <\/div>\n                        <\/div><div class=\"panel\" itemscope itemtype=\"https:\/\/schema.org\/Question\" itemprop=\"mainEntity\">\n                            <div class=\"panel-heading\" id=\"headingFaq-3\">\n                                <div class=\"panel-title\" data-toggle=\"collapse\" aria-expanded=\"false\" href=\"#collapseFaq-3\">\n                                    <h3 itemprop=\"name\">\u0130lgili Arama Nedir?<\/h3>\n                                <\/div>\n                            <\/div>\n                            <div id=\"collapseFaq-3\" class=\"panel-collapse collapse\" itemprop=\"acceptedAnswer\" itemscope itemtype=\"http:\/\/schema.org\/Answer\">\n                                <div class=\"panel-body\" itemprop=\"text\">Google arama sonu\u00e7lar\u0131n\u0131n bir sayfas\u0131n\u0131n en alt\u0131ndaki \u015fu sekiz ya da daha fazla arama sonucunu biliyor musunuz? Bunlar ilgili aramalard\u0131r ve ilgili aramalar hakk\u0131nda daha fazla \u015fey bulman\u0131za yard\u0131mc\u0131 olmak amac\u0131yla arama motoru algoritmas\u0131na dayal\u0131 olarak Google taraf\u0131ndan olu\u015fturulur. araman\u0131z i\u00e7in.<\/div>\n                            <\/div>\n                        <\/div><\/div><\/div><\/p>","protected":false},"excerpt":{"rendered":"Bir site ba\u015flatmak istiyorsunuz ve pazar ara\u015ft\u0131rmas\u0131n\u0131n bir par\u00e7as\u0131 olarak rakiplerinizin kim oldu\u011funu bilmeniz gerekiyor. Bu durum sizin durumunuza benziyorsa ve nas\u0131l yapaca\u011f\u0131n\u0131z hakk\u0131nda hi\u00e7bir fikriniz yoksa do\u011fru yerdesiniz. Bunu benzer bir web sitesi bulucu ile olduk\u00e7a kolay bir \u015fekilde yapabilirsiniz; Bu yaz\u0131da, etkili bir \u015fekilde nas\u0131l kullan\u0131laca\u011f\u0131 hakk\u0131nda bilmeniz gereken her \u015feyi size anlataca\u011f\u0131z&#8230;.","protected":false},"author":10504980,"featured_media":7956,"parent":0,"menu_order":0,"comment_status":"closed","ping_status":"closed","template":"pages-templates\/pages-minitools-2.php","meta":[],"categories":[75],"tags":[],"_links":{"self":[{"href":"https:\/\/sitechecker.pro\/tr\/wp-json\/wp\/v2\/pages\/7873"}],"collection":[{"href":"https:\/\/sitechecker.pro\/tr\/wp-json\/wp\/v2\/pages"}],"about":[{"href":"https:\/\/sitechecker.pro\/tr\/wp-json\/wp\/v2\/types\/page"}],"author":[{"embeddable":true,"href":"https:\/\/sitechecker.pro\/tr\/wp-json\/wp\/v2\/users\/10504980"}],"replies":[{"embeddable":true,"href":"https:\/\/sitechecker.pro\/tr\/wp-json\/wp\/v2\/comments?post=7873"}],"version-history":[{"count":18,"href":"https:\/\/sitechecker.pro\/tr\/wp-json\/wp\/v2\/pages\/7873\/revisions"}],"predecessor-version":[{"id":39391,"href":"https:\/\/sitechecker.pro\/tr\/wp-json\/wp\/v2\/pages\/7873\/revisions\/39391"}],"wp:featuredmedia":[{"embeddable":true,"href":"https:\/\/sitechecker.pro\/tr\/wp-json\/wp\/v2\/media\/7956"}],"wp:attachment":[{"href":"https:\/\/sitechecker.pro\/tr\/wp-json\/wp\/v2\/media?parent=7873"}],"wp:term":[{"taxonomy":"category","embeddable":true,"href":"https:\/\/sitechecker.pro\/tr\/wp-json\/wp\/v2\/categories?post=7873"},{"taxonomy":"post_tag","embeddable":true,"href":"https:\/\/sitechecker.pro\/tr\/wp-json\/wp\/v2\/tags?post=7873"}],"curies":[{"name":"wp","href":"https:\/\/api.w.org\/{rel}","templated":true}]}}