{"id":763,"date":"2017-12-14T16:06:09","date_gmt":"2017-12-14T16:06:09","guid":{"rendered":"https:\/\/sitechecker.pro\/?page_id=763"},"modified":"2026-02-18T15:56:52","modified_gmt":"2026-02-18T15:56:52","slug":"robots-txt-tester-use-online-free-tool-for-seo-sitechecker","status":"publish","type":"page","link":"https:\/\/sitechecker.pro\/tr\/robots-tester\/","title":{"rendered":"Robots.txt Test Cihaz\u0131: SEO i\u00e7in \u00c7evrimi\u00e7i \u00dccretsiz Arac\u0131 Kullan\u0131n | Sitechecker"},"content":{"rendered":"<p><b>Bir robots.txt dosyas\u0131<\/b>, arama motoru robotlar\u0131na (<b>Google<\/b> gibi) o alan ad\u0131ndaki hangi sayfalar\u0131n <b>taranabilece\u011fini<\/b> bildirmek i\u00e7in web sitelerine yerle\u015ftirilen bir metin dosyas\u0131d\u0131r. . Web sitenizde bir robots.txt dosyas\u0131 varsa, <b>\u00fccretsiz <\/b>Robots.txt olu\u015fturucu <b>arac\u0131m\u0131z<\/b> ile <b>do\u011frulama <\/b> ger\u00e7ekle\u015ftirebilirsiniz. Bir <b>XML site haritas\u0131n\u0131n<\/b> ba\u011flant\u0131s\u0131n\u0131 robots.txt dosyas\u0131na <b>entegre edebilirsiniz <\/b>.<\/p>\n<p><b>Arama motoru botlar\u0131<\/b> sitenizi taramadan \u00f6nce, sitenin robots.txt dosyas\u0131n\u0131 bulurlar. B\u00f6ylece, hangi site sayfalar\u0131n\u0131n dizine eklenebilece\u011fine ve hangilerinin arama motoru konsolu taraf\u0131ndan <b>dizine eklenmeyece\u011fine <\/b> ili\u015fkin talimatlar\u0131 g\u00f6receklerdir.<\/p>\n<p>Bu basit dosya ile arama motoru botlar\u0131 i\u00e7in <b>tarama ve indeksleme<\/b> se\u00e7eneklerini ayarlayabilirsiniz. Ve sitenizde <a href=\"https:\/\/sitechecker.pro\/robots-txt-configure\/\" rel=\"noopener noreferrer\" target=\"_blank\">Robots.txt dosyas\u0131n\u0131n yap\u0131land\u0131r\u0131l\u0131p yap\u0131land\u0131r\u0131lmad\u0131\u011f\u0131n\u0131<\/a> kontrol etmek i\u00e7in, \u00fccretsiz ve basit Robots.txt Tester ara\u00e7lar\u0131m\u0131z\u0131 kullanabilirsiniz. Bu makale, ara\u00e7la bir dosyan\u0131n nas\u0131l do\u011frulanaca\u011f\u0131n\u0131 ve sitenizde <b>Robots.txt Tester<\/b> kullanman\u0131n neden \u00f6nemli oldu\u011funu a\u00e7\u0131klayacakt\u0131r.<\/p>\n<h2 id=\"ik_Guide\">Robots.txt Denetleyici Arac\u0131 Kullan\u0131m\u0131: Ad\u0131m Ad\u0131m K\u0131lavuz<\/h2>\n<p><b>Robots.txt testi<\/b>, bir robots.txt dosyas\u0131n\u0131 <b>alan\u0131n\u0131zda <\/b>veya analiz etmek istedi\u011finiz ba\u015fka herhangi bir alanda test etmenize yard\u0131mc\u0131 olacakt\u0131r.<\/p>\n<p>robots.txt kontrol arac\u0131, robots.txt dosya ayarlar\u0131ndaki <b>hatalar\u0131 h\u0131zl\u0131 bir \u015fekilde alg\u0131lar <\/b>. <b>Do\u011frulama arac\u0131m\u0131z\u0131n<\/b> kullan\u0131m\u0131 \u00e7ok kolayd\u0131r ve deneyimsiz bir profesyonelin veya web y\u00f6neticisinin bile sitelerindeki bir Robots.txt dosyas\u0131n\u0131 kontrol etmesine yard\u0131mc\u0131 olabilir. <b>Sonu\u00e7lar\u0131 <\/b>birka\u00e7 dakika i\u00e7inde alacaks\u0131n\u0131z.<\/p>\n<h3>1. Ad\u0131m: URL&#8217;nizi girin<\/h3>\n<p>Taramaya ba\u015flamak i\u00e7in tek yapman\u0131z gereken bo\u015f sat\u0131ra ilgilenilen URL&#8217;yi girmek ve mavi ok d\u00fc\u011fmesine t\u0131klamakt\u0131r. Ara\u00e7 daha sonra taramaya ba\u015flayacak ve sonu\u00e7lar \u00fcretecektir. Kullanmak i\u00e7in sitemize \u00fcye olman\u0131za gerek yoktur.<\/p>\n<p>\u00d6rnek olarak, https:\/\/sitechecker.pro web sitemizi <b>analiz etmeye <\/b> karar verdik. A\u015fa\u011f\u0131daki ekran g\u00f6r\u00fcnt\u00fclerinde, web sitesi arac\u0131m\u0131zdaki <b>tarama <\/b> i\u015flemini g\u00f6rebilirsiniz.<\/p>\n<div class=\"content__img-wrap\"><img src=\"https:\/\/sitechecker.pro\/wp-content\/uploads\/2022\/04\/robots.txt-tester-new-1-1.jpg\" alt=\"Robots.txt validator Start\" class=\"description-img description-img-zoom\" loading=\"lazy\" ><\/div>\n<h3>2. Ad\u0131m: Robots.txt Test Cihaz\u0131 Sonu\u00e7lar\u0131n\u0131 Yorumlama<\/h3>\n<p>Ard\u0131ndan, tarama bitti\u011finde, <b>Robots.txt dosyas\u0131n\u0131n<\/b> belirli bir kullan\u0131labilir sayfan\u0131n taranmas\u0131na ve dizine eklenmesine izin verip vermedi\u011fini g\u00f6receksiniz. B\u00f6ylece, web sayfan\u0131z\u0131n <b>arama motorundan trafik al\u0131p almayaca\u011f\u0131n\u0131<\/b> kontrol edebilirsiniz. Burada ayr\u0131ca baz\u0131 <b>faydal\u0131<\/b> izleme tavsiyeleri de alabilirsiniz.<\/p>\n<div class=\"content__img-wrap\"><img src=\"https:\/\/sitechecker.pro\/wp-content\/uploads\/2022\/04\/robots-txt-tester-new-2-1.jpg\" alt=\"Robots.txt Test Sonucu\" class=\"description-img description-img-zoom\" loading=\"lazy\" ><\/div>\n<h2 id=\"ik_Cases\">Robots.txt Denetleyicisinin Gerekli Oldu\u011fu Durumlar<\/h2>\n<p>Robots.txt dosyas\u0131yla ilgili sorunlar veya dosyan\u0131n olmamas\u0131, arama motoru s\u0131ralamalar\u0131n\u0131z\u0131 olumsuz etkileyebilir. <b>SERP&#8217;lerde<\/b> s\u0131ralama puanlar\u0131n\u0131 kaybedebilirsiniz. Web sitenizi taramadan \u00f6nce bu dosyay\u0131 ve anlam\u0131n\u0131 analiz etmek, <b>tarama<\/b> ile ilgili sorunlardan ka\u00e7\u0131nabilece\u011finiz anlam\u0131na gelir. Ayr\u0131ca, taranmas\u0131n\u0131 istemedi\u011finiz <b>dizin hari\u00e7 tutma sayfalar\u0131na<\/b> web sitenizin i\u00e7eri\u011finin eklenmesini engelleyebilirsiniz. Sitenizdeki belirli sayfalara eri\u015fimi k\u0131s\u0131tlamak i\u00e7in bu dosyay\u0131 kullan\u0131n. Bo\u015f bir dosya varsa, \u015fu adresten <a href=\"https:\/\/sitechecker.pro\/site-audit-issues\/robots-txt-not-found\/\">Robots.txt Bulunamad\u0131 Sorunu<\/a> alabilirsiniz. SEO taray\u0131c\u0131s\u0131.<\/p>\n<p>Basit bir metin d\u00fczenleyiciyle bir dosya olu\u015fturabilirsiniz. \u0130lk olarak, talimat\u0131 y\u00fcr\u00fctecek \u00f6zel arac\u0131y\u0131 belirtin ve disallow, noindex gibi engelleme y\u00f6nergesini yerle\u015ftirin. Bundan sonra, <b>taramay\u0131 k\u0131s\u0131tlad\u0131\u011f\u0131n\u0131z<\/b> URL&#8217;leri listeleyin. Dosyay\u0131 \u00e7al\u0131\u015ft\u0131rmadan \u00f6nce, do\u011fru oldu\u011funu do\u011frulay\u0131n. Bir yaz\u0131m hatas\u0131 bile <b>Googlebot&#8217;un <\/b>do\u011frulama <b>talimatlar\u0131n\u0131z\u0131<\/b> g\u00f6rmezden gelmesine neden olabilir.<\/p>\n<h2 id=\"ik_What\"><strong>Robots.txt kontrol ara\u00e7lar\u0131 neler yard\u0131mc\u0131 olabilir<\/strong><\/h2>\n<p>robots.txt dosyas\u0131 olu\u015fturdu\u011funuzda, herhangi bir hata i\u00e7erip i\u00e7ermedi\u011fini do\u011frulaman\u0131z gerekir. Bu g\u00f6revle ba\u015fa \u00e7\u0131kman\u0131za yard\u0131mc\u0131 olabilecek birka\u00e7 ara\u00e7 var.<\/p>\n<h3><strong>Google Arama Konsolu<\/strong><\/h3>\n<p>Art\u0131k yaln\u0131zca <a href=\"https:\/\/search.google.com\/search-console\">Google Arama Konsolu<\/a>&#8216;nun eski s\u00fcr\u00fcm\u00fcnde robots dosyas\u0131n\u0131 test etmek i\u00e7in bir ara\u00e7 var. Platformunda onaylanm\u0131\u015f mevcut site ile hesapta oturum a\u00e7\u0131n ve do\u011frulay\u0131c\u0131y\u0131 bulmak i\u00e7in bu yolu kullan\u0131n.<\/p>\n<p><em>Google Arama Konsolu &gt; Tara &gt; Robots.txt Test Arac\u0131<\/em><\/p>\n<div class=\"content__img-wrap\"><img src=\"https:\/\/sitechecker.pro\/wp-content\/uploads\/2017\/12\/robots-txt-tester-in-Google-Webmaster-Tools.png\" alt=\"Google Arama Konsolunda Robots.txt test cihaz\u0131 \" class=\"description-img description-img-zoom\" loading=\"lazy\" ><\/div>\n<p>Bu robot.txt testi \u015funlar\u0131 yapman\u0131z\u0131 sa\u011flar:<\/p>\n<ul>\n<li>t\u00fcm hatalar\u0131n\u0131z\u0131 ve olas\u0131 sorunlar\u0131n\u0131z\u0131 bir kerede tespit edin;<\/li>\n<li>herhangi bir ek do\u011frulama olmadan yeni dosyay\u0131 sitenize y\u00fcklemek i\u00e7in hatalar\u0131 kontrol edin ve gerekli d\u00fczeltmeleri yap\u0131n;<\/li>\n<li>taramaktan ka\u00e7\u0131nmak istedi\u011finiz sayfalar\u0131 uygun \u015fekilde kapat\u0131p kapatmad\u0131\u011f\u0131n\u0131z\u0131 ve dizine eklenmesi gerekenlerin uygun \u015fekilde a\u00e7\u0131l\u0131p a\u00e7\u0131lmad\u0131\u011f\u0131n\u0131 inceleyin.<\/li>\n<\/ul>\n<h3><strong>Yandex Web Y\u00f6neticisi<\/strong><\/h3>\n<p>Ge\u00e7erli site onay\u0131 ile <a href=\"https:\/\/webmaster.yandex.com\/welcome\/\">Yandex Web Y\u00f6neticisi<\/a> hesab\u0131nda oturum a\u00e7\u0131n platformunda onayland\u0131 ve arac\u0131 bulmak i\u00e7in bu yolu kullan\u0131n.<\/p>\n<p><em>Yandex Web Y\u00f6neticisi &gt; Ara\u00e7lar &gt; Robots.txt analizi<\/em><\/p>\n<div class=\"content__img-wrap\"><img src=\"https:\/\/sitechecker.pro\/wp-content\/uploads\/2017\/12\/robots-txt-tester-in-Yandex-Webmaster-Tools.png\" alt=\"Yandex i\u00e7in Robobts txt olu\u015fturucu\" class=\"description-img description-img-zoom\" loading=\"lazy\" ><\/div>\n<p>Bu test cihaz\u0131, yukar\u0131da a\u00e7\u0131klanan do\u011frulama i\u00e7in neredeyse e\u015fit f\u0131rsatlar sunar. Fark \u015furada bulunur:<\/p>\n<ul>\n<li>burada robots.txt dosyan\u0131z\u0131n hemen do\u011frulanmas\u0131n\u0131 sa\u011flayan bir siteye yetki vermeniz ve bu sitenin haklar\u0131n\u0131 kan\u0131tlaman\u0131z gerekmez;<\/li>\n<li>sayfa ba\u015f\u0131na eklemeye gerek yoktur: t\u00fcm sayfa listesi tek bir oturumda kontrol edilebilir;<\/li>\n<li>Yandex&#8217;in talimatlar\u0131n\u0131z\u0131 do\u011fru bir \u015fekilde tan\u0131mlad\u0131\u011f\u0131ndan emin olabilirsiniz.<\/li>\n<\/ul>\n<h3><strong>Sitechecker Taray\u0131c\u0131s\u0131<\/strong><\/h3>\n<p>Bu, <a href=\"https:\/\/sitechecker.pro\/website-crawler\/\">web sitesini taraman\u0131z<\/a> gerekiyorsa toplu kontrol i\u00e7in bir \u00e7\u00f6z\u00fcmd\u00fcr. Taray\u0131c\u0131m\u0131z, t\u00fcm web sitesini denetlemeye ve robots.txt dosyas\u0131nda hangi URL&#8217;lere izin verilmedi\u011fini ve noindex meta etiketi arac\u0131l\u0131\u011f\u0131yla hangi URL&#8217;lerin dizine eklenmesine kapal\u0131 oldu\u011funu tespit etmeye yard\u0131mc\u0131 olur.<\/p>\n<div class=\"content__img-wrap\"><img src=\"https:\/\/sitechecker.pro\/wp-content\/uploads\/2017\/12\/google-robots.txt-tester.png\" alt=\"google robots.txt test cihaz\u0131\" class=\"description-img description-img-zoom\" loading=\"lazy\" ><\/div>\n<p><em>Dikkat: \u0130zin verilmeyen sayfalar\u0131 tespit etmek i\u00e7in web sitesini <strong>\u201crobots.txt yoksay\u201d<\/strong> ayar\u0131yla taraman\u0131z gerekir.<\/em><br \/>\n    <div class=\"blog__conversion blog__conversion-app element__logged_out\">\n        <div class=\"blog__conversion-inner\">\n            <p class=\"title\">Yaln\u0131zca robots.txt dosyas\u0131n\u0131 de\u011fil, sitenizdeki di\u011fer SEO sorunlar\u0131n\u0131 da tespit edin ve analiz edin!<\/p>\n            <p class=\"description\">SERP sonu\u00e7lar\u0131n\u0131z\u0131 iyile\u015ftirmek i\u00e7in web sitenizdeki sorunlar\u0131 bulmak ve d\u00fczeltmek i\u00e7in tam bir denetim yap\u0131n.<\/p>\n            <form id=\"audit__form\"\n                  class=\"article__seo-search audit__form SERP sonu\u00e7lar\u0131n\u0131z\u0131 iyile\u015ftirmek i\u00e7in web sitenizdeki sorunlar\u0131 bulmak ve d\u00fczeltmek i\u00e7in tam bir denetim yap\u0131n.\"\n                  action=\"\"\n                  method=\"POST\"\n                  autocomplete=\"off\">\n                <span class=\"error\"><\/span>\n                <div class=\"error__limits\">Something went wrong. Please, try again later.<\/div>\n                <input name=\"url\"\n                       type=\"text\"\n                       placeholder=\"Alan ad\u0131n\u0131z\u0131 buraya girin\">\n                                <button type=\"submit\"\n                        class=\"sitechecker__text\">\n                    <span>Denetim ba\u015flat<\/span>\n                    <img src=\"\/wp-content\/themes\/sitechecker\/out\/img_design\/loading.svg\"\n                         width=\"31\"\n                         height=\"30\"\n                         class=\"loading\">\n                <\/button>\n            <\/form>\n        <\/div>\n    <\/div>\n    <\/p>\n<p><div class=\"front__faq-block\"><div class=\"faq__block-title\">SSS<\/div><div class=\"panel-group\" id=\"faq-accordion\" itemscope itemtype=\"https:\/\/schema.org\/FAQPage\" role=\"tablist\" aria-multiselectable=\"true\"><div class=\"panel\" itemscope itemtype=\"https:\/\/schema.org\/Question\" itemprop=\"mainEntity\">\n                            <div class=\"panel-heading\" id=\"headingFaq-1\">\n                                <div class=\"panel-title\" data-toggle=\"collapse\" aria-expanded=\"false\" href=\"#collapseFaq-1\">\n                                    <h3 itemprop=\"name\">Robots.txt Dosyam\u0131 Neden Kontrol Etmeliyim?<\/h3>\n                                <\/div>\n                            <\/div>\n                            <div id=\"collapseFaq-1\" class=\"panel-collapse collapse\" itemprop=\"acceptedAnswer\" itemscope itemtype=\"http:\/\/schema.org\/Answer\">\n                                <div class=\"panel-body\" itemprop=\"text\"><\/p>\n<p>Robots.txt, arama motorlar\u0131na sitenizdeki hangi URL'leri tarayabileceklerini ve dizine ekleyebileceklerini g\u00f6sterir, \u00f6zellikle sitenizi sorgularla a\u015f\u0131r\u0131 y\u00fcklememek i\u00e7in. Do\u011fru \u00e7al\u0131\u015ft\u0131\u011f\u0131ndan emin olmak i\u00e7in bu ge\u00e7erli dosyan\u0131n <b>kontrol edilmesi <\/b> tavsiye edilir.<\/div>\n                            <\/div>\n                        <\/div><div class=\"panel\" itemscope itemtype=\"https:\/\/schema.org\/Question\" itemprop=\"mainEntity\">\n                            <div class=\"panel-heading\" id=\"headingFaq-2\">\n                                <div class=\"panel-title\" data-toggle=\"collapse\" aria-expanded=\"false\" href=\"#collapseFaq-2\">\n                                    <h3 itemprop=\"name\">Bir Robotun.txt Dosyas\u0131n\u0131 \u0130hlal Etmek Yasad\u0131\u015f\u0131 m\u0131?<\/h3>\n                                <\/div>\n                            <\/div>\n                            <div id=\"collapseFaq-2\" class=\"panel-collapse collapse\" itemprop=\"acceptedAnswer\" itemscope itemtype=\"http:\/\/schema.org\/Answer\">\n                                <div class=\"panel-body\" itemprop=\"text\">Bug\u00fcn, birinin talimatlar\u0131 kesinlikle takip etmesi gerekti\u011fini iddia eden bir yasa yok dosyan\u0131n i\u00e7inde. Bu, <b> arama motorlar\u0131 ve web siteleri<\/b> aras\u0131nda ba\u011flay\u0131c\u0131 bir s\u00f6zle\u015fme de\u011fildir. <\/div>\n                            <\/div>\n                        <\/div><div class=\"panel\" itemscope itemtype=\"https:\/\/schema.org\/Question\" itemprop=\"mainEntity\">\n                            <div class=\"panel-heading\" id=\"headingFaq-3\">\n                                <div class=\"panel-title\" data-toggle=\"collapse\" aria-expanded=\"false\" href=\"#collapseFaq-3\">\n                                    <h3 itemprop=\"name\">Robots.txt Ne Yapar?<\/h3>\n                                <\/div>\n                            <\/div>\n                            <div id=\"collapseFaq-3\" class=\"panel-collapse collapse\" itemprop=\"acceptedAnswer\" itemscope itemtype=\"http:\/\/schema.org\/Answer\">\n                                <div class=\"panel-body\" itemprop=\"text\">Robots.txt, arama motoru arac\u0131lar\u0131na sitenizdeki hangi sayfalar\u0131n taranabilece\u011fini ve dizine eklenebilece\u011fini ve hangi sayfalar\u0131n <b>tarama<\/b> d\u0131\u015f\u0131nda b\u0131rak\u0131ld\u0131\u011f\u0131n\u0131 g\u00f6sterir. Arama motorlar\u0131n\u0131n sitenizdeki baz\u0131 sayfalar\u0131 taramas\u0131na ve <b>dizine eklemesine <\/b> izin vermek, baz\u0131 sayfalar\u0131n gizlili\u011fini kontrol etmek i\u00e7in bir f\u0131rsatt\u0131r. Sitenizin <b>arama motoru optimizasyonu<\/b> i\u00e7in gereklidir.<\/div>\n                            <\/div>\n                        <\/div><div class=\"panel\" itemscope itemtype=\"https:\/\/schema.org\/Question\" itemprop=\"mainEntity\">\n                            <div class=\"panel-heading\" id=\"headingFaq-4\">\n                                <div class=\"panel-title\" data-toggle=\"collapse\" aria-expanded=\"false\" href=\"#collapseFaq-4\">\n                                    <h3 itemprop=\"name\">Robot.txt G\u00fcvenli mi?<\/h3>\n                                <\/div>\n                            <\/div>\n                            <div id=\"collapseFaq-4\" class=\"panel-collapse collapse\" itemprop=\"acceptedAnswer\" itemscope itemtype=\"http:\/\/schema.org\/Answer\">\n                                <div class=\"panel-body\" itemprop=\"text\">Bir robots.txt dosyas\u0131 sitenizin g\u00fcvenli\u011fini tehlikeye atmaz, bu nedenle onu do\u011fru kullanmak sitenizdeki hassas sayfalar\u0131 <b>g\u00fcvence alt\u0131na alman\u0131n <\/b>harika bir yolu olabilir. Yine de, t\u00fcm arama motoru taray\u0131c\u0131lar\u0131n\u0131n bu dosyadaki talimatlar\u0131 izlemesini beklemeyin. Sald\u0131rgan kullan\u0131c\u0131lar <b>talimatlar\u0131 <\/b> devre d\u0131\u015f\u0131 b\u0131rakabilecek ve yasak sayfalar\u0131 tarayabilecek.<\/div>\n                            <\/div>\n                        <\/div><\/div><\/div><\/p>","protected":false},"excerpt":{"rendered":"Bir robots.txt dosyas\u0131, arama motoru robotlar\u0131na (Google gibi) o alan ad\u0131ndaki hangi sayfalar\u0131n taranabilece\u011fini bildirmek i\u00e7in web sitelerine yerle\u015ftirilen bir metin dosyas\u0131d\u0131r. . Web sitenizde bir robots.txt dosyas\u0131 varsa, \u00fccretsiz Robots.txt olu\u015fturucu arac\u0131m\u0131z ile do\u011frulama ger\u00e7ekle\u015ftirebilirsiniz. Bir XML site haritas\u0131n\u0131n ba\u011flant\u0131s\u0131n\u0131 robots.txt dosyas\u0131na entegre edebilirsiniz . Arama motoru botlar\u0131 sitenizi taramadan \u00f6nce, sitenin robots.txt dosyas\u0131n\u0131&#8230;","protected":false},"author":10409641,"featured_media":3355,"parent":0,"menu_order":0,"comment_status":"closed","ping_status":"closed","template":"pages-templates\/pages-minitools-3.php","meta":[],"categories":[73],"tags":[],"_links":{"self":[{"href":"https:\/\/sitechecker.pro\/tr\/wp-json\/wp\/v2\/pages\/763"}],"collection":[{"href":"https:\/\/sitechecker.pro\/tr\/wp-json\/wp\/v2\/pages"}],"about":[{"href":"https:\/\/sitechecker.pro\/tr\/wp-json\/wp\/v2\/types\/page"}],"author":[{"embeddable":true,"href":"https:\/\/sitechecker.pro\/tr\/wp-json\/wp\/v2\/users\/10409641"}],"replies":[{"embeddable":true,"href":"https:\/\/sitechecker.pro\/tr\/wp-json\/wp\/v2\/comments?post=763"}],"version-history":[{"count":87,"href":"https:\/\/sitechecker.pro\/tr\/wp-json\/wp\/v2\/pages\/763\/revisions"}],"predecessor-version":[{"id":39345,"href":"https:\/\/sitechecker.pro\/tr\/wp-json\/wp\/v2\/pages\/763\/revisions\/39345"}],"wp:featuredmedia":[{"embeddable":true,"href":"https:\/\/sitechecker.pro\/tr\/wp-json\/wp\/v2\/media\/3355"}],"wp:attachment":[{"href":"https:\/\/sitechecker.pro\/tr\/wp-json\/wp\/v2\/media?parent=763"}],"wp:term":[{"taxonomy":"category","embeddable":true,"href":"https:\/\/sitechecker.pro\/tr\/wp-json\/wp\/v2\/categories?post=763"},{"taxonomy":"post_tag","embeddable":true,"href":"https:\/\/sitechecker.pro\/tr\/wp-json\/wp\/v2\/tags?post=763"}],"curies":[{"name":"wp","href":"https:\/\/api.w.org\/{rel}","templated":true}]}}