{"id":6999,"date":"2019-05-28T07:00:52","date_gmt":"2019-05-28T07:00:52","guid":{"rendered":"https:\/\/sitechecker.pro\/?page_id=6999"},"modified":"2025-05-21T13:13:21","modified_gmt":"2025-05-21T13:13:21","slug":"ip-canonicalization","status":"publish","type":"page","link":"https:\/\/sitechecker.pro\/tr\/ip-canonicalization\/","title":{"rendered":""},"content":{"rendered":"<p class=\"qtranxs-available-languages-message qtranxs-available-languages-message-tr\">\u00dczg\u00fcn\u00fcz, bu giri\u015f yaln\u0131zca <a href=\"https:\/\/sitechecker.pro\/en\/wp-json\/wp\/v2\/pages\/6999\" class=\"qtranxs-available-language-link qtranxs-available-language-link-en\" title=\"English\">English<\/a>.<\/p>","protected":false},"excerpt":{"rendered":"\u00dczg\u00fcn\u00fcz, bu giri\u015f yaln\u0131zca English.","protected":false},"author":10409641,"featured_media":6984,"parent":0,"menu_order":0,"comment_status":"closed","ping_status":"closed","template":"pages.php","meta":[],"categories":[74],"tags":[],"_links":{"self":[{"href":"https:\/\/sitechecker.pro\/tr\/wp-json\/wp\/v2\/pages\/6999"}],"collection":[{"href":"https:\/\/sitechecker.pro\/tr\/wp-json\/wp\/v2\/pages"}],"about":[{"href":"https:\/\/sitechecker.pro\/tr\/wp-json\/wp\/v2\/types\/page"}],"author":[{"embeddable":true,"href":"https:\/\/sitechecker.pro\/tr\/wp-json\/wp\/v2\/users\/10409641"}],"replies":[{"embeddable":true,"href":"https:\/\/sitechecker.pro\/tr\/wp-json\/wp\/v2\/comments?post=6999"}],"version-history":[{"count":1,"href":"https:\/\/sitechecker.pro\/tr\/wp-json\/wp\/v2\/pages\/6999\/revisions"}],"predecessor-version":[{"id":7000,"href":"https:\/\/sitechecker.pro\/tr\/wp-json\/wp\/v2\/pages\/6999\/revisions\/7000"}],"wp:featuredmedia":[{"embeddable":true,"href":"https:\/\/sitechecker.pro\/tr\/wp-json\/wp\/v2\/media\/6984"}],"wp:attachment":[{"href":"https:\/\/sitechecker.pro\/tr\/wp-json\/wp\/v2\/media?parent=6999"}],"wp:term":[{"taxonomy":"category","embeddable":true,"href":"https:\/\/sitechecker.pro\/tr\/wp-json\/wp\/v2\/categories?post=6999"},{"taxonomy":"post_tag","embeddable":true,"href":"https:\/\/sitechecker.pro\/tr\/wp-json\/wp\/v2\/tags?post=6999"}],"curies":[{"name":"wp","href":"https:\/\/api.w.org\/{rel}","templated":true}]}}