{"id":6997,"date":"2019-05-27T15:25:15","date_gmt":"2019-05-27T15:25:15","guid":{"rendered":"https:\/\/sitechecker.pro\/?page_id=6997"},"modified":"2025-02-06T09:20:26","modified_gmt":"2025-02-06T09:20:26","slug":"gzip-test","status":"publish","type":"page","link":"https:\/\/sitechecker.pro\/tr\/gzip-test\/","title":{"rendered":"GZIP S\u0131k\u0131\u015ft\u0131rma Test: GZIP Testini bir web sayfas\u0131nda etkin"},"content":{"rendered":"<p><\/p>\n<h2 id=\"par1\">GZIP Denetleyicisi Nedir?<\/h2>\n<p>GZIP S\u0131k\u0131\u015ft\u0131rma Test Cihaz\u0131, veri s\u0131k\u0131\u015ft\u0131rmay\u0131 kontrol ederek web sitesi performans\u0131n\u0131 art\u0131rmak i\u00e7in tasarlanm\u0131\u015f \u00e7evrimi\u00e7i bir ara\u00e7t\u0131r. Bu ara\u00e7 sayesinde web sitesi sahipleri ve geli\u015ftiricileri web sayfalar\u0131n\u0131n verimli bir \u015fekilde s\u0131k\u0131\u015ft\u0131r\u0131l\u0131p s\u0131k\u0131\u015ft\u0131r\u0131lmad\u0131\u011f\u0131n\u0131 tespit edebilirler. Yava\u015f y\u00fckleme s\u00fcreleri ve b\u00fcy\u00fck veri aktar\u0131m boyutlar\u0131yla ilgili sorunlar\u0131 ele alabilir ve daha h\u0131zl\u0131 web sitesi eri\u015fimi yoluyla kullan\u0131c\u0131 deneyimini geli\u015ftirebilirler.<\/p>\n<h3>GZIP S\u0131k\u0131\u015ft\u0131rma Arac\u0131 Size Nas\u0131l Fayda Sa\u011flayabilir<\/h3>\n<p><strong>Veri s\u0131k\u0131\u015ft\u0131rman\u0131n do\u011frulanmas\u0131: <\/strong>Veri s\u0131k\u0131\u015ft\u0131rma i\u015flevinin web sitenizde etkin ve kullan\u0131labilir olmas\u0131n\u0131 sa\u011flar.<\/p>\n<p><strong>Web Sitesi \u0130zleme: <\/strong>Site h\u0131z hatalar\u0131n\u0131n ger\u00e7ek zamanl\u0131 olarak tespit edilmesini, nedenlerinin anla\u015f\u0131lmas\u0131n\u0131 ve dinamiklerinin izlenmesini sa\u011flar.<\/p>\n<p><strong>\u00d6zel Uyar\u0131lar: <\/strong>\u0130ndirme h\u0131z\u0131 sorunlar\u0131yla ilgili hatalar hakk\u0131nda bildirimler g\u00f6ndererek sizi bilgilendirir ve proaktif olman\u0131z\u0131 sa\u011flar.<\/p>\n<p><strong>Site denetimi: <\/strong>Web sayfas\u0131 y\u00fckleme h\u0131z\u0131 sorunlar\u0131n\u0131 ve genel site performans\u0131n\u0131 h\u0131zla belirler.<\/p>\n<p><strong>Hata \u00c7\u00f6z\u00fcm \u00d6nerileri: <\/strong>Bu sorunlar\u0131 gidermek i\u00e7in uygulanabilir tavsiyeler sa\u011flay\u0131n.<\/p>\n<h3>GZIP S\u0131k\u0131\u015ft\u0131rma Test Cihaz\u0131n\u0131n Temel \u00d6zellikleri<\/h3>\n<p><strong>Birle\u015ftirilmi\u015f G\u00f6sterge Tablosu: <\/strong>Web sitenizin performans \u00f6l\u00e7\u00fcmlerinin sorunsuz y\u00f6netimi ve izlenmesi i\u00e7in merkezi bir platform.<\/p>\n<p><strong>Kullan\u0131c\u0131 Dostu Aray\u00fcz: <\/strong>En az teknik uzmanl\u0131\u011fa sahip olanlar i\u00e7in bile sorunsuz bir deneyim ve kullan\u0131m kolayl\u0131\u011f\u0131 sa\u011flar.<\/p>\n<p><strong>Komple SEO Ara\u00e7 Seti: <\/strong>Web sitenizin arama motoru s\u0131ralamas\u0131n\u0131 optimize etmek i\u00e7in ihtiyac\u0131n\u0131z olan her \u015feyi sa\u011flayan kapsaml\u0131 bir SEO ara\u00e7lar\u0131 paketi.<\/p>\n<h2 id=\"par2\">GZIP S\u0131k\u0131\u015ft\u0131rma Denetleyicisi Nas\u0131l Kullan\u0131l\u0131r<\/h2>\n<h3>Ad\u0131m 1: Alan ad\u0131n\u0131z\u0131 ekleyin<\/h3>\n<p>GZIP Test Cihaz\u0131m\u0131z, sitenizi bar\u0131nd\u0131ran web sunucusunda veri s\u0131k\u0131\u015ft\u0131rman\u0131n etkin olup olmad\u0131\u011f\u0131n\u0131 kontrol eder. Ara\u00e7 sunucunuza ba\u011flanacak ve veri s\u0131k\u0131\u015ft\u0131rman\u0131n \u00e7al\u0131\u015f\u0131r durumda olup olmad\u0131\u011f\u0131n\u0131 g\u00f6sterecektir.<\/p>\n<div class=\"content__img-wrap\"><img src=\"https:\/\/sitechecker.pro\/wp-content\/uploads\/2023\/11\/check-gzip-compression.png\" alt=\"Check GZIP Compression\" class=\"description-img description-img-zoom\" loading=\"lazy\" ><\/div>\n<h3>Ad\u0131m 2: GZIP s\u0131k\u0131\u015ft\u0131rma denetleyicisi sonu\u00e7lar\u0131n\u0131 yorumlama<\/h3>\n<p>Giri\u015f alan\u0131n\u0131n alt\u0131nda, bir sonu\u00e7 kutusu s\u0131k\u0131\u015ft\u0131rma algoritmas\u0131n\u0131n ba\u015far\u0131l\u0131 bir \u015fekilde etkinle\u015ftirildi\u011fini onaylar. Sayfa boyutunda kayda de\u011fer bir azalma g\u00f6r\u00fcl\u00fcyor ve bu da optimizasyonun veri aktar\u0131m\u0131n\u0131 en aza indirerek web sitesi performans\u0131n\u0131 art\u0131rmadaki etkinli\u011finin alt\u0131n\u0131 \u00e7iziyor.<\/p>\n<div class=\"content__img-wrap\"><img src=\"https:\/\/sitechecker.pro\/wp-content\/uploads\/2023\/11\/gzip-compression-results.png\" alt=\"GZIP S\u0131k\u0131\u015ft\u0131rma Sonu\u00e7lar\u0131\" class=\"description-img description-img-zoom\" loading=\"lazy\" ><\/div>\n<p>Web sitenizin veri s\u0131k\u0131\u015ft\u0131rma durumunun s\u00fcrekli y\u00f6netimi i\u00e7in, s\u00fcrekli, 7\/24 g\u00f6zetim yetenekleri sunan bir izleme hizmetini d\u00fc\u015f\u00fcn\u00fcn. Daha fazla veriye eri\u015fmek ve SiteChecker&#8217;\u0131n etkinli\u011fini en \u00fcst d\u00fczeye \u00e7\u0131karmak i\u00e7in \u00fccretsiz denemenizi ba\u015flat\u0131n. Ara\u00e7, web sitenizin temel sa\u011fl\u0131k g\u00f6stergelerini izlemek i\u00e7in gerekli verileri toplayacakt\u0131r.<\/p>\n<p><strong>Check Web Sitesi S\u0131k\u0131\u015ft\u0131rma ve Entegre \u0130zleme<\/strong><\/p>\n<p>Sezgisel bir izleme panosu ile desteklenen GZIP Test Online&#8217;\u0131 kullanarak site performans\u0131n\u0131 art\u0131r\u0131n:<\/p>\n<ul>\n<li><strong>Anl\u0131k Uyar\u0131lar: <\/strong>Y\u00fckleme h\u0131zlar\u0131n\u0131 do\u011frudan etkileyen DOM geni\u015fli\u011fini azaltmaya y\u00f6nelik optimizasyonlar gibi \u00f6nemli g\u00fcncellemeleri takip edin.<\/li>\n<li><strong>Denetim Analizleri: <\/strong>Sorun tespitinden \u00e7\u00f6z\u00fcme kadar sitenizin denetim izini g\u00f6steren ve kapsaml\u0131 bir web sitesi puan\u0131na yans\u0131yan g\u00f6rsel grafiklere eri\u015fin.<\/li>\n<li><strong>Hedefe Odaklan\u0131n: <\/strong>Sayfa h\u0131z\u0131 iyile\u015ftirmelerine odaklanmak i\u00e7in filtreleri kullan\u0131n.<\/li>\n<\/ul>\n<p>Sorunsuz, h\u0131zl\u0131 ve daha aranabilir bir \u00e7evrimi\u00e7i varl\u0131k i\u00e7in arac\u0131m\u0131zdan yararlan\u0131n.<\/p>\n<div class=\"content__img-wrap\"><img src=\"https:\/\/sitechecker.pro\/wp-content\/uploads\/2023\/11\/site-monitoring.png\" alt=\"Site \u0130zleme\" class=\"description-img description-img-zoom\" loading=\"lazy\" ><\/div>\n<h2 id=\"par3\">GZIP Testinin Ek \u00d6zellikleri<\/h2>\n<p>Bir web optimizasyon platformunun &#8220;Site Denetimi&#8221; b\u00f6l\u00fcm\u00fc, site performans\u0131n\u0131 ve d\u00f6n\u00fc\u015f\u00fcm oranlar\u0131n\u0131 etkileyen sayfa h\u0131z\u0131 sorunlar\u0131n\u0131 vurgular. G\u00f6r\u00fcnt\u00fc optimizasyonu, kod verimlili\u011fi ve dosya boyutlar\u0131yla ilgili dikkatinizi gerektiren sorunlar\u0131 tespit eder. Ana sayfa&#8217;n\u0131n Mobil ve Masa\u00fcst\u00fc PageSpeed Insights&#8217;tan ald\u0131\u011f\u0131 h\u0131z puanlar\u0131 kar\u015f\u0131la\u015ft\u0131rma \u00f6l\u00e7\u00fct\u00fc olarak kullan\u0131l\u0131r.<\/p>\n<p>Denetim ayr\u0131ca sorun olmayan alanlar\u0131 onaylar ve etkilenen sayfa y\u00fczdelerinin \u00e7ubuk grafi\u011fini g\u00f6r\u00fcnt\u00fcler. Test GZIP veri s\u0131k\u0131\u015ft\u0131rma entegrasyonu ile sayfa y\u00fckleme ve s\u00fcrelerini kolayla\u015ft\u0131rmak i\u00e7in web performans\u0131n\u0131n tam bir g\u00f6r\u00fcn\u00fcm\u00fcn\u00fc sunar.<\/p>\n<div class=\"content__img-wrap\"><img src=\"https:\/\/sitechecker.pro\/wp-content\/uploads\/2023\/11\/additional-features-gzip-test.png\" alt=\"Ek \u00d6zellikler GZIP Testi\" class=\"description-img description-img-zoom\" loading=\"lazy\" ><\/div>\n<p>\u00d6rne\u011fin, Ekran D\u0131\u015f\u0131 G\u00f6r\u00fcnt\u00fcleri Ertele sorunu i\u00e7in &#8220;Sorunu G\u00f6r\u00fcnt\u00fcle&#8221; se\u00e7ene\u011fini belirledi\u011finizde, bu sorunu ya\u015fayan t\u00fcm site sayfalar\u0131n\u0131n bir listesine eri\u015firsiniz. Bu \u00f6zellik, sayfa kodundaki belirli bir hatay\u0131 inceler ve sorunun \u00e7\u00f6z\u00fcm\u00fcne ili\u015fkin \u00f6neriler sunar.<\/p>\n<div class=\"content__img-wrap\"><img src=\"https:\/\/sitechecker.pro\/wp-content\/uploads\/2023\/11\/defer-offscreen-images.png\" alt=\"Ekran D\u0131\u015f\u0131 G\u00f6r\u00fcnt\u00fcleri Ertele\" class=\"description-img description-img-zoom\" loading=\"lazy\" ><\/div>\n<h2 id=\"par4\">Son Fikir<\/h2>\n<p>GZIP Testi, web dosyalar\u0131n\u0131 s\u0131k\u0131\u015ft\u0131rarak web sitesi y\u00fckleme s\u00fcrelerini iyile\u015ftirmek ve daha h\u0131zl\u0131 kullan\u0131c\u0131 eri\u015fimi sa\u011flamak i\u00e7in hayati \u00f6nem ta\u015f\u0131r. Belirli sayfalarda kullan\u0131lan veri s\u0131k\u0131\u015ft\u0131rmay\u0131 do\u011frulayarak performans sorunlar\u0131n\u0131 h\u0131zla tespit eder ve \u00e7\u00f6z\u00fcmler sunar. Arac\u0131n birle\u015fik kontrol paneli, kullan\u0131c\u0131 dostu aray\u00fcz\u00fc ve SEO ara\u00e7 setinin yan\u0131 s\u0131ra anl\u0131k uyar\u0131lar ve denetim i\u00e7g\u00f6r\u00fcleri, proaktif site optimizasyonunu destekler. \u0130zleme sistemi s\u00fcrekli g\u00f6zetim sa\u011flar. GZIP Testi, verimli ve SEO a\u00e7\u0131s\u0131ndan optimize edilmi\u015f bir \u00e7evrimi\u00e7i varl\u0131\u011f\u0131 s\u00fcrd\u00fcrmek i\u00e7in kapsaml\u0131 bir \u00e7\u00f6z\u00fcmd\u00fcr.<\/p>\n<div id=\"par5\"><\/div>\n<p><div class=\"front__faq-block\"><div class=\"faq__block-title\">FAQ<\/div><div class=\"panel-group\" id=\"faq-accordion\" itemscope itemtype=\"https:\/\/schema.org\/FAQPage\" role=\"tablist\" aria-multiselectable=\"true\"><div class=\"panel\" itemscope itemtype=\"https:\/\/schema.org\/Question\" itemprop=\"mainEntity\">\n                            <div class=\"panel-heading\" id=\"headingFaq-1\">\n                                <div class=\"panel-title\" data-toggle=\"collapse\" aria-expanded=\"false\" href=\"#collapseFaq-1\">\n                                    <h3 itemprop=\"name\">GZIP S\u0131k\u0131\u015ft\u0131rma Arac\u0131 sunucu yan\u0131t s\u00fcresini azaltmaya yard\u0131mc\u0131 olabilir mi?<\/h3>\n                                <\/div>\n                            <\/div>\n                            <div id=\"collapseFaq-1\" class=\"panel-collapse collapse\" itemprop=\"acceptedAnswer\" itemscope itemtype=\"http:\/\/schema.org\/Answer\">\n                                <div class=\"panel-body\" itemprop=\"text\">Evet, web dosyalar\u0131n\u0131 s\u0131k\u0131\u015ft\u0131rarak, check GZIP web sitesi sunucu ile istemci aras\u0131nda aktar\u0131lan veri miktar\u0131n\u0131 azalt\u0131r. Ayr\u0131ca sunucu yan\u0131t s\u00fcresini etkileyen bant geni\u015fli\u011fi t\u00fcketimini de azalt\u0131r.<\/div>\n                            <\/div>\n                        <\/div><div class=\"panel\" itemscope itemtype=\"https:\/\/schema.org\/Question\" itemprop=\"mainEntity\">\n                            <div class=\"panel-heading\" id=\"headingFaq-2\">\n                                <div class=\"panel-title\" data-toggle=\"collapse\" aria-expanded=\"false\" href=\"#collapseFaq-2\">\n                                    <h3 itemprop=\"name\">GZIP S\u0131k\u0131\u015ft\u0131rma Arac\u0131 her t\u00fcr dosya bi\u00e7imini ve web dosyas\u0131n\u0131 destekler mi?<\/h3>\n                                <\/div>\n                            <\/div>\n                            <div id=\"collapseFaq-2\" class=\"panel-collapse collapse\" itemprop=\"acceptedAnswer\" itemscope itemtype=\"http:\/\/schema.org\/Answer\">\n                                <div class=\"panel-body\" itemprop=\"text\">Veri s\u0131k\u0131\u015ft\u0131rma arac\u0131 \u00f6ncelikle HTML, CSS ve JavaScript bi\u00e7imlerinin veri s\u0131k\u0131\u015ft\u0131rmas\u0131n\u0131 destekler. Bu t\u00fcr dosyalar genellikle en \u00f6nemli boyut k\u00fc\u00e7\u00fcltme ve performans iyile\u015ftirmesini g\u00f6r\u00fcr.<\/div>\n                            <\/div>\n                        <\/div><div class=\"panel\" itemscope itemtype=\"https:\/\/schema.org\/Question\" itemprop=\"mainEntity\">\n                            <div class=\"panel-heading\" id=\"headingFaq-3\">\n                                <div class=\"panel-title\" data-toggle=\"collapse\" aria-expanded=\"false\" href=\"#collapseFaq-3\">\n                                    <h3 itemprop=\"name\">GZIP veri s\u0131k\u0131\u015ft\u0131rmay\u0131 etkinle\u015ftirmek web sitemin i\u00e7eri\u011finin kalitesini etkiler mi?<\/h3>\n                                <\/div>\n                            <\/div>\n                            <div id=\"collapseFaq-3\" class=\"panel-collapse collapse\" itemprop=\"acceptedAnswer\" itemscope itemtype=\"http:\/\/schema.org\/Answer\">\n                                <div class=\"panel-body\" itemprop=\"text\">Hay\u0131r, veri s\u0131k\u0131\u015ft\u0131rma kay\u0131ps\u0131z bir i\u015flemdir. Ara\u00e7, i\u00e7erik kalitesini etkilemeden s\u0131k\u0131\u015ft\u0131r\u0131lm\u0131\u015f dosya boyutunu azalt\u0131r.<\/div>\n                            <\/div>\n                        <\/div><div class=\"panel\" itemscope itemtype=\"https:\/\/schema.org\/Question\" itemprop=\"mainEntity\">\n                            <div class=\"panel-heading\" id=\"headingFaq-4\">\n                                <div class=\"panel-title\" data-toggle=\"collapse\" aria-expanded=\"false\" href=\"#collapseFaq-4\">\n                                    <h3 itemprop=\"name\">GZIP S\u0131k\u0131\u015ft\u0131rma Nas\u0131l Etkinle\u015ftirilir?<\/h3>\n                                <\/div>\n                            <\/div>\n                            <div id=\"collapseFaq-4\" class=\"panel-collapse collapse\" itemprop=\"acceptedAnswer\" itemscope itemtype=\"http:\/\/schema.org\/Answer\">\n                                <div class=\"panel-body\" itemprop=\"text\">Veri s\u0131k\u0131\u015ft\u0131rmay\u0131 etkinle\u015ftirmek i\u00e7in web sunucusu ayarlar\u0131n\u0131z\u0131 yap\u0131land\u0131r\u0131n. Bu \u015fekilde, web sitesi dosyalar\u0131n\u0131 taray\u0131c\u0131ya g\u00f6ndermeden \u00f6nce s\u0131k\u0131\u015ft\u0131r\u0131rs\u0131n\u0131z. Genellikle .htaccess dosyan\u0131z\u0131 (Apache sunucular\u0131 i\u00e7in) veya Nginx veya IIS gibi di\u011fer web sunucular\u0131 i\u00e7in uygun yap\u0131land\u0131rma dosyas\u0131n\u0131 d\u00fczenlemeyi i\u00e7erir. Baz\u0131 i\u00e7erik y\u00f6netim sistemlerinde, GZIP veri s\u0131k\u0131\u015ft\u0131rmas\u0131n\u0131 a\u00e7mak i\u00e7in eklentileri veya yerle\u015fik varsay\u0131lan ayarlar\u0131 kullanabilirsiniz.<\/div>\n                            <\/div>\n                        <\/div><div class=\"panel\" itemscope itemtype=\"https:\/\/schema.org\/Question\" itemprop=\"mainEntity\">\n                            <div class=\"panel-heading\" id=\"headingFaq-5\">\n                                <div class=\"panel-title\" data-toggle=\"collapse\" aria-expanded=\"false\" href=\"#collapseFaq-5\">\n                                    <h3 itemprop=\"name\">GZIP S\u0131k\u0131\u015ft\u0131rma Denetleyicisi taray\u0131c\u0131 \u00f6nbelle\u011fi ile nas\u0131l etkile\u015fime girer?<\/h3>\n                                <\/div>\n                            <\/div>\n                            <div id=\"collapseFaq-5\" class=\"panel-collapse collapse\" itemprop=\"acceptedAnswer\" itemscope itemtype=\"http:\/\/schema.org\/Answer\">\n                                <div class=\"panel-body\" itemprop=\"text\">GZIP S\u0131k\u0131\u015ft\u0131rma Denetleyicisi, dosyalar\u0131n tam s\u0131k\u0131\u015ft\u0131r\u0131lm\u0131\u015f s\u00fcr\u00fcmleri \u00f6nbellekte saklanmadan \u00f6nce dosya boyutlar\u0131n\u0131 azaltarak taray\u0131c\u0131 \u00f6nbelle\u011fi ile birlikte \u00e7al\u0131\u015f\u0131r. Tekrarlanan ziyaretler i\u00e7in geri alma h\u0131zlar\u0131n\u0131 art\u0131r\u0131r.<\/div>\n                            <\/div>\n                        <\/div><\/div><\/div><\/p>","protected":false},"excerpt":{"rendered":"GZIP Denetleyicisi Nedir? GZIP S\u0131k\u0131\u015ft\u0131rma Test Cihaz\u0131, veri s\u0131k\u0131\u015ft\u0131rmay\u0131 kontrol ederek web sitesi performans\u0131n\u0131 art\u0131rmak i\u00e7in tasarlanm\u0131\u015f \u00e7evrimi\u00e7i bir ara\u00e7t\u0131r. Bu ara\u00e7 sayesinde web sitesi sahipleri ve geli\u015ftiricileri web sayfalar\u0131n\u0131n verimli bir \u015fekilde s\u0131k\u0131\u015ft\u0131r\u0131l\u0131p s\u0131k\u0131\u015ft\u0131r\u0131lmad\u0131\u011f\u0131n\u0131 tespit edebilirler. Yava\u015f y\u00fckleme s\u00fcreleri ve b\u00fcy\u00fck veri aktar\u0131m boyutlar\u0131yla ilgili sorunlar\u0131 ele alabilir ve daha h\u0131zl\u0131 web sitesi eri\u015fimi&#8230;","protected":false},"author":10409641,"featured_media":6977,"parent":0,"menu_order":0,"comment_status":"closed","ping_status":"closed","template":"pages-templates\/pages-minitools.php","meta":[],"categories":[74],"tags":[],"_links":{"self":[{"href":"https:\/\/sitechecker.pro\/tr\/wp-json\/wp\/v2\/pages\/6997"}],"collection":[{"href":"https:\/\/sitechecker.pro\/tr\/wp-json\/wp\/v2\/pages"}],"about":[{"href":"https:\/\/sitechecker.pro\/tr\/wp-json\/wp\/v2\/types\/page"}],"author":[{"embeddable":true,"href":"https:\/\/sitechecker.pro\/tr\/wp-json\/wp\/v2\/users\/10409641"}],"replies":[{"embeddable":true,"href":"https:\/\/sitechecker.pro\/tr\/wp-json\/wp\/v2\/comments?post=6997"}],"version-history":[{"count":55,"href":"https:\/\/sitechecker.pro\/tr\/wp-json\/wp\/v2\/pages\/6997\/revisions"}],"predecessor-version":[{"id":35340,"href":"https:\/\/sitechecker.pro\/tr\/wp-json\/wp\/v2\/pages\/6997\/revisions\/35340"}],"wp:featuredmedia":[{"embeddable":true,"href":"https:\/\/sitechecker.pro\/tr\/wp-json\/wp\/v2\/media\/6977"}],"wp:attachment":[{"href":"https:\/\/sitechecker.pro\/tr\/wp-json\/wp\/v2\/media?parent=6997"}],"wp:term":[{"taxonomy":"category","embeddable":true,"href":"https:\/\/sitechecker.pro\/tr\/wp-json\/wp\/v2\/categories?post=6997"},{"taxonomy":"post_tag","embeddable":true,"href":"https:\/\/sitechecker.pro\/tr\/wp-json\/wp\/v2\/tags?post=6997"}],"curies":[{"name":"wp","href":"https:\/\/api.w.org\/{rel}","templated":true}]}}