{"id":6995,"date":"2019-05-27T14:32:42","date_gmt":"2019-05-27T14:32:42","guid":{"rendered":"https:\/\/sitechecker.pro\/?page_id=6995"},"modified":"2026-02-20T14:16:39","modified_gmt":"2026-02-20T14:16:39","slug":"moz-rank","status":"publish","type":"page","link":"https:\/\/sitechecker.pro\/tr\/moz-rank\/","title":{"rendered":"Moz Checker: Bir Web Sitesi \u0130\u00e7in Moz Rank&#8217;\u0131 Kontrol Etme Arac\u0131"},"content":{"rendered":"<p><\/p>\n<h2><strong>Moz Checker: Neden ihtiyac\u0131n\u0131z var?<\/strong><\/h2>\n<p>&nbsp;<\/p>\n<p>Moz Rank checker, farkl\u0131 web sayfalar\u0131n\u0131n SERP s\u0131ralamas\u0131n\u0131 ve bir b\u00fct\u00fcn olarak web sitenizi izlemenize yard\u0131mc\u0131 olan \u00f6zel bir ara\u00e7t\u0131r. Etki alan\u0131 yetkilisi ve sayfa yetkilisi gibi web sitenizin temel parametrelerini kolayca analiz edebilirsiniz. Dahas\u0131, bunu rakiplerinizle kar\u015f\u0131la\u015ft\u0131rabilir ve rapora g\u00f6re daha y\u00fcksek s\u0131ralama elde etmek i\u00e7in SEO stratejisi olu\u015fturabilirsiniz.<\/p>\n<p>Moz SEO denetleyicisinin kullan\u0131m\u0131 olduk\u00e7a kolayd\u0131r. Analiz etmek istedi\u011finiz bir URL&#8217;yi yukar\u0131daki \u00f6zel bir alana yap\u0131\u015ft\u0131r\u0131n. Birka\u00e7 saniye i\u00e7inde gerekli parametreleri alacaks\u0131n\u0131z: DA ve PA check.<\/p>\n<p>&nbsp;<\/p>\n<h2><strong>Moz Rank nedir?<\/strong><\/h2>\n<p>&nbsp;<\/p>\n<p>MozRank, ba\u011flant\u0131 kalitesi say\u0131s\u0131na g\u00f6re \u00f6l\u00e7\u00fclen ba\u011flant\u0131 pop\u00fclerlik puan\u0131n\u0131z anlam\u0131na gelir. Her \u015feyden \u00f6nce mozrank, belirli bir web sayfas\u0131n\u0131n veya bir web sitesinin arama motoru optimizasyon oran\u0131n\u0131 hesaplamak i\u00e7in Moz web sitemin ne yarat\u0131ld\u0131\u011f\u0131n\u0131 \u00f6l\u00e7mektedir. Moz, bu skoru 1 ile 10 aras\u0131nda bir logaritmik \u00f6l\u00e7ekte hesaplar. Bu nedenle, 3 ile 4 aras\u0131 bir MozRank&#8217;tan geli\u015ftirmek, 8 ile 9 aras\u0131nda iyile\u015ftirmekten \u00e7ok daha kolayd\u0131r. \u0130nternet sayfas\u0131ndaki sayfa 3 civar\u0131ndad\u0131r. Bir web sayfas\u0131n\u0131n MozRank&#8217;\u0131, yar\u0131 pop\u00fcler sayfalardan \u00e7ok say\u0131da ba\u011flant\u0131 veya \u00e7ok pop\u00fcler sayfalardan birka\u00e7 ba\u011flant\u0131 alarak geli\u015ftirilebilir.<\/p>\n<p>&nbsp;<\/p>\n<h2><strong>SEO ve pazarlamada bu skor nas\u0131l kullan\u0131l\u0131r?<\/strong><\/h2>\n<p>&nbsp;<\/p>\n<p>Kural olarak, Moz skoru webmaster ve SEO uzmanlar\u0131 taraf\u0131ndan kullan\u0131l\u0131r. Backlink profilinizin arama motoru sonu\u00e7lar\u0131nda \u00fcst s\u0131ralarda rekabet edebilecek kalitede olup olmad\u0131\u011f\u0131n\u0131 anlamaya yard\u0131mc\u0131 olur.<\/p>\n<ul>\n<li>Rakiplerinizin web sitelerini ve SEO ve pazarlama stratejilerini ara\u015ft\u0131rmak i\u00e7in <a href=\"https:\/\/sitechecker.pro\/tr\/alexa-rank\/\">Alexa Rank<\/a> Checker, Ahrefs Rank Checker ve Trafik Denetleyicisi ile birle\u015ftirin.<\/li>\n<li>Link olu\u015fturma stratejinizin performans\u0131n\u0131 de\u011ferlendirin ve web sitenizin backlink profilini rakiplerin web sitelerinin backlink profilleriyle kar\u015f\u0131la\u015ft\u0131r\u0131n.<\/li>\n<\/ul>\n<p><\/p>","protected":false},"excerpt":{"rendered":"Moz Checker: Neden ihtiyac\u0131n\u0131z var? &nbsp; Moz Rank checker, farkl\u0131 web sayfalar\u0131n\u0131n SERP s\u0131ralamas\u0131n\u0131 ve bir b\u00fct\u00fcn olarak web sitenizi izlemenize yard\u0131mc\u0131 olan \u00f6zel bir ara\u00e7t\u0131r. Etki alan\u0131 yetkilisi ve sayfa yetkilisi gibi web sitenizin temel parametrelerini kolayca analiz edebilirsiniz. Dahas\u0131, bunu rakiplerinizle kar\u015f\u0131la\u015ft\u0131rabilir ve rapora g\u00f6re daha y\u00fcksek s\u0131ralama elde etmek i\u00e7in SEO stratejisi&#8230;","protected":false},"author":10409641,"featured_media":6974,"parent":0,"menu_order":0,"comment_status":"closed","ping_status":"closed","template":"pages-templates\/pages-minitools.php","meta":[],"categories":[75],"tags":[],"_links":{"self":[{"href":"https:\/\/sitechecker.pro\/tr\/wp-json\/wp\/v2\/pages\/6995"}],"collection":[{"href":"https:\/\/sitechecker.pro\/tr\/wp-json\/wp\/v2\/pages"}],"about":[{"href":"https:\/\/sitechecker.pro\/tr\/wp-json\/wp\/v2\/types\/page"}],"author":[{"embeddable":true,"href":"https:\/\/sitechecker.pro\/tr\/wp-json\/wp\/v2\/users\/10409641"}],"replies":[{"embeddable":true,"href":"https:\/\/sitechecker.pro\/tr\/wp-json\/wp\/v2\/comments?post=6995"}],"version-history":[{"count":25,"href":"https:\/\/sitechecker.pro\/tr\/wp-json\/wp\/v2\/pages\/6995\/revisions"}],"predecessor-version":[{"id":39438,"href":"https:\/\/sitechecker.pro\/tr\/wp-json\/wp\/v2\/pages\/6995\/revisions\/39438"}],"wp:featuredmedia":[{"embeddable":true,"href":"https:\/\/sitechecker.pro\/tr\/wp-json\/wp\/v2\/media\/6974"}],"wp:attachment":[{"href":"https:\/\/sitechecker.pro\/tr\/wp-json\/wp\/v2\/media?parent=6995"}],"wp:term":[{"taxonomy":"category","embeddable":true,"href":"https:\/\/sitechecker.pro\/tr\/wp-json\/wp\/v2\/categories?post=6995"},{"taxonomy":"post_tag","embeddable":true,"href":"https:\/\/sitechecker.pro\/tr\/wp-json\/wp\/v2\/tags?post=6995"}],"curies":[{"name":"wp","href":"https:\/\/api.w.org\/{rel}","templated":true}]}}