{"id":6992,"date":"2019-05-27T14:19:09","date_gmt":"2019-05-27T14:19:09","guid":{"rendered":"https:\/\/sitechecker.pro\/?page_id=6992"},"modified":"2025-03-18T08:21:22","modified_gmt":"2025-03-18T08:21:22","slug":"website-safety","status":"publish","type":"page","link":"https:\/\/sitechecker.pro\/tr\/website-safety\/","title":{"rendered":"Web Sitesi G\u00fcvenlik Kontrol\u00fc \u2013 Bu Web Sitesi G\u00fcvenli mi?"},"content":{"rendered":"<p>Sitenizin g\u00fcvenli\u011fi, arama motoru s\u0131ralamalar\u0131n\u0131z\u0131 do\u011frudan etkileyen \u00f6nemli bir fakt\u00f6rd\u00fcr. Arama motorlar\u0131, kullan\u0131c\u0131lara g\u00fcvenli sitelerden alakal\u0131 sonu\u00e7lar g\u00f6stermeyi tercih eder. Kayna\u011f\u0131n\u0131z\u0131n g\u00fcvenli\u011fini kontrol etmeyi d\u00fc\u015f\u00fcnmenizin nedeni budur.<\/p>\n<p>Web Sitesi G\u00fcvenlik Kontrol\u00fc, &#8216;Bu web sitesi g\u00fcvenli mi?&#8217; sorusuna zahmetsizce yan\u0131t vermenizi sa\u011flayan basit bir ara\u00e7t\u0131r. Ayr\u0131ca sitenizin hangi alanlar\u0131n\u0131n siber su\u00e7lular\u0131n sald\u0131r\u0131lar\u0131na kar\u015f\u0131 potansiyel olarak savunmas\u0131z oldu\u011funu da g\u00f6sterir. G\u00fcvenli olmayan web sitesini nas\u0131l d\u00fczeltece\u011finize dair bilgiye ihtiyac\u0131n\u0131z varsa, makalelerdeki talimatlar\u0131 okuyun.<\/p>\n<p>Hack&#8217;lerle ilgili sorunlar\u0131 \u00f6nlemek i\u00e7in web sitesi itibar denetleyicimizi kullan\u0131n. En kullan\u0131\u015fl\u0131 ve basit arac\u0131 olu\u015fturmak i\u00e7in elimizden gelenin en iyisini yapt\u0131k. \u0130nternette g\u00fcvenli\u011fin neden \u00f6nemli oldu\u011funa ve \u015fimdi kayna\u011f\u0131n\u0131z\u0131 nas\u0131l g\u00fcvence alt\u0131na alabilece\u011finize daha yak\u0131ndan bakal\u0131m.<\/p>\n<h2 id=\"ik_Check\">Site G\u00fcvenli\u011fi Kontrol Arac\u0131m\u0131zla bir web sitesinin yasal olup olmad\u0131\u011f\u0131n\u0131 nas\u0131l kontrol edebilirsiniz?<\/h2>\n<p>Web sitesi itibar\u0131n\u0131 kontrol edin \u00e7\u00fcnk\u00fc bu, arama motorlar\u0131n\u0131n onu kullan\u0131c\u0131lara ne s\u0131kl\u0131kla g\u00f6sterece\u011fini do\u011frudan etkiler. Sitenizin itibar\u0131 d\u00fc\u015f\u00fckse bir yerde hata yapm\u0131\u015fs\u0131n\u0131z demektir.<\/p>\n<p>Rakipleriniz, g\u00fcvenli olmayan kaynaklarda sizinle ba\u011flant\u0131 kurarak kas\u0131tl\u0131 olarak kayna\u011f\u0131n\u0131z\u0131n itibar\u0131n\u0131 d\u00fc\u015f\u00fcrmeye \u00e7al\u0131\u015fabilir. Sitenize giden harici ba\u011flant\u0131lar\u0131 d\u00fczenli olarak kontrol etmeli ve ba\u011flant\u0131lar\u0131 kald\u0131rmak i\u00e7in tehlikeli kaynaklar\u0131n y\u00f6neticileriyle ileti\u015fime ge\u00e7melisiniz. En iyi web sitesi g\u00fcvenlik garantileriyle g\u00fcvenilir web bar\u0131nd\u0131rma hizmetimizi kullan\u0131n! \u015eimdi kayna\u011f\u0131n\u0131z\u0131n g\u00fcvenli\u011fine dikkat edin.<\/p>\n<p>Zay\u0131f y\u00f6nleri bulmak i\u00e7in Site G\u00fcvenli\u011fi taray\u0131c\u0131s\u0131n\u0131 kullan\u0131n ve g\u00fcvenli tarama site durumunu kontrol edin.<\/p>\n<h2 id=\"ik_Free\">\u00dccretsiz Web Sitesi G\u00fcvenlik Kontrol\u00fc \u00d6zel \u00d6zellikleri<\/h2>\n<p>Kayna\u011f\u0131n\u0131z\u0131n g\u00fcvenli\u011fiyle ilgili t\u00fcm y\u00f6nleri kontrol etmenize olanak tan\u0131yan kullan\u0131\u015fl\u0131 ve g\u00fcvenilir bir site g\u00fcvenlik denetleyicisidir. Arac\u0131n temel \u00f6zelliklerine daha yak\u0131ndan bakal\u0131m.<\/p>\n<h3>Kontrol edin<\/h3>\n<p>Platform ve olas\u0131 tehdit t\u00fcrlerine g\u00f6re web sitesi g\u00fcvenli\u011fini G\u00fcvenli Tarama Listelerimize g\u00f6re kontrol edin. Bununla, zaten yapt\u0131\u011f\u0131n\u0131z g\u00fcvenlik hatalar\u0131n\u0131 \u00f6\u011frenebilirsiniz.<\/p>\n<h3>Uyar\u0131<\/h3>\n<p>Kullan\u0131c\u0131lar\u0131, kayna\u011f\u0131n\u0131zda vir\u00fcsl\u00fc sayfalara yol a\u00e7abilecek harici URL g\u00fcvenlik kontrol\u00fcn\u00fc t\u0131klamadan \u00f6nce uyar\u0131n. Site kullan\u0131c\u0131lar\u0131n\u0131z\u0131 olas\u0131 k\u00f6t\u00fc ama\u00e7l\u0131 yaz\u0131l\u0131mlardan koruman\u0131n kolay bir yoludur.<\/p>\n<h3>\u00d6nleme<\/h3>\n<p>Kullan\u0131c\u0131lar\u0131n sitenize g\u00fcvenli olmayan ba\u011flant\u0131lar g\u00f6ndermesini engelleyebilirsiniz. Bunlara bula\u015fabilirler ve bu, kayna\u011f\u0131n\u0131z\u0131n itibar\u0131n\u0131 etkiler.<\/p>\n<h2 id=\"ik_Typical\">Sald\u0131r\u0131ya U\u011fram\u0131\u015f Bir Web Sitesinin Tipik Belirtileri<\/h2>\n<p>Belirli fakt\u00f6rler, belirli bir kayna\u011f\u0131n g\u00fcvenli\u011finin ihlal edildi\u011fini veya g\u00fcvenilmez oldu\u011funu h\u0131zl\u0131 bir \u015fekilde anlaman\u0131za yard\u0131mc\u0131 olabilir. Sebeplerden biri basit\u00e7e bir hata olabilir, ancak birka\u00e7 sorun fark ederseniz, kayna\u011f\u0131n\u0131z\u0131n g\u00fcvenlik \u00f6nlemlerini iyile\u015ftirmeye de\u011fer. Onlara daha yak\u0131ndan bakal\u0131m.<\/p>\n<ul>\n<li>G\u00fcvenlik tarama hizmetleri kayna\u011f\u0131 kara listeye ald\u0131.<\/li>\n<li>Bar\u0131nd\u0131rma sa\u011flay\u0131c\u0131s\u0131, kaynak deste\u011fini kapatt\u0131.<\/li>\n<li>Site sayfalar\u0131n\u0131n y\u00fcklenme s\u00fcresi g\u00f6zle g\u00f6r\u00fcl\u00fcr \u015fekilde artt\u0131. Sayfalar hi\u00e7 y\u00fcklenmeyebilir ve kullan\u0131c\u0131lara a\u00e7\u0131lmayabilir.<\/li>\n<li>Sitenin sayfalar\u0131n\u0131 a\u00e7maya \u00e7al\u0131\u015ft\u0131\u011f\u0131n\u0131zda olas\u0131 bilgisayar korsanl\u0131\u011f\u0131 ve g\u00fcvensizlik konusunda uyar\u0131lar g\u00f6r\u00fcnecektir.<\/li>\n<li>Kullan\u0131c\u0131lar, sitenizin sayfalar\u0131ndan garip y\u00f6nlendirmelerin ortaya \u00e7\u0131kt\u0131\u011f\u0131n\u0131 kaydetti.<\/li>\n<\/ul>\n<p>Siz veya kayna\u011f\u0131n\u0131z\u0131n kullan\u0131c\u0131lar\u0131 bu t\u00fcr \u015feyleri fark ettiyse, bir doland\u0131r\u0131c\u0131n\u0131n sitenizi ele ge\u00e7irip ge\u00e7irmedi\u011fini belirlemek i\u00e7in bir web sitesi g\u00fcvenlik kontrol\u00fc yapmal\u0131s\u0131n\u0131z. E\u011fer \u00f6yleyse, bilgileriniz \u00fc\u00e7\u00fcnc\u00fc ellere ge\u00e7me riskiyle kar\u015f\u0131 kar\u015f\u0131ya kalabilir ve sitenizin itibar\u0131 arama motorlar\u0131 taraf\u0131ndan sonsuza kadar zarar g\u00f6rebilir. Bunu \u00f6nlemek i\u00e7in, her t\u00fcrl\u00fc g\u00fcvenlik sorununu tespit etmek i\u00e7in sald\u0131r\u0131ya u\u011fram\u0131\u015f site denetleyicimizi kullanabilirsiniz.<\/p>\n<h2 id=\"ik_What\">Google G\u00fcvenli Tarama Nedir?<\/h2>\n<p>Google G\u00fcvenli Tarama, sitenizden kullan\u0131c\u0131 verilerini veya bilgilerini \u00e7alabilecek \u00e7ok b\u00fcy\u00fck bir \u00e7evrimi\u00e7i kaynak listesidir. Bu arac\u0131n yard\u0131m\u0131yla &#8216;Web sitesi g\u00fcvenli mi?&#8217; se\u00e7ene\u011fini kontrol edebilirsiniz. Google algoritmalar\u0131, g\u00fcvenlik sorunlar\u0131 i\u00e7in web sitesinin g\u00fcvenli\u011fini d\u00fczenli olarak kontrol eder. Hangi sitelere g\u00fcvenmemeniz gerekti\u011fini belirlemek i\u00e7in bu listeyi kullanabilirsiniz. Size, doland\u0131r\u0131c\u0131lar\u0131n oldu\u011fu siteleri bulman\u0131n ve onlarla i\u015fbirli\u011fi i\u00e7in ileti\u015fime ge\u00e7memenin kolay ve basit bir yolunu sunar. Bilgisayar korsanlar\u0131yla kar\u015f\u0131la\u015fmamak i\u00e7in i\u00e7erik de\u011fi\u015fimi, ba\u011flant\u0131 de\u011fi\u015fimi veya ba\u015fka herhangi bir i\u015fbirli\u011fi sunan t\u00fcm web sitelerini burada kontrol etmelisiniz.<\/p>\n<p>Siber su\u00e7lular her g\u00fcn gigabaytlarca bilgi \u00e7ald\u0131\u011f\u0131ndan, ekipmana k\u00f6t\u00fc niyetli vir\u00fcsler bula\u015ft\u0131rarak t\u00fcm \u015firketlerin kapanmas\u0131na ve kullan\u0131c\u0131lar\u0131n verilerinin s\u0131zmas\u0131na neden oldu\u011fundan, bilinmeyen siteleri ziyaret ederken her zaman dikkatli olmal\u0131s\u0131n\u0131z. Kayna\u011f\u0131n\u0131z\u0131n kullan\u0131c\u0131lar aras\u0131ndaki ve arama motorlar\u0131ndaki itibar\u0131n\u0131 do\u011frudan etkiledi\u011fi i\u00e7in g\u00fcvenli\u011fe azami dikkat g\u00f6stermeye de\u011fer.<\/p>\n<p><iframe width=\"770\" height=\"350\" src=\"https:\/\/www.youtube.com\/embed\/w8uNzQqsTrU\" title=\"YouTube video player\" frameborder=\"0\" allow=\"accelerometer; autoplay; clipboard-write; encrypted-media; gyroscope; picture-in-picture\" allowfullscreen><\/iframe><\/p>\n<h2 id=\"ik_When\">Google G\u00fcvenli Tarama Denetleyicisi Ne Zaman Kullan\u0131l\u0131r?<\/h2>\n<p>Web sitesinin g\u00fcvenli olup olmad\u0131\u011f\u0131n\u0131 kontrol etmek i\u00e7in Google G\u00fcvenli Tarama denetleyicisini kullanabilirsiniz. Bu sayede hangi sitelerin k\u00f6t\u00fc niyetli olabilece\u011fini belirleyebilir ve bilgilerinize ula\u015fabilirsiniz. Bu hizmette basit bir kontrol, h\u0131zl\u0131 bir \u015fekilde bu kayna\u011f\u0131n ne kadar g\u00fcvenilir oldu\u011fu hakk\u0131nda \u00fccretsiz olarak bilgi alacakt\u0131r.<\/p>\n<p>Bilinmeyen bir ba\u011flant\u0131ya t\u0131klamadan \u00f6nce, g\u00fcvenlik a\u00e7\u0131s\u0131ndan her zaman kontrol etmenizi \u00f6neririz. Bu ara\u00e7la, itibar\u0131 d\u00fc\u015f\u00fck olan sitelerin sitenizden bahsetti\u011fini de kontrol edebilirsiniz. Bu \u015fekilde sald\u0131rganlar, kayna\u011f\u0131n\u0131z\u0131n arama motorlar\u0131ndaki s\u0131ralamas\u0131n\u0131 d\u00fc\u015f\u00fcrmeye \u00e7al\u0131\u015fabilir.<br \/>\n<div class=\"content__img-wrap\"><img src=\"https:\/\/sitechecker.pro\/wp-content\/uploads\/2022\/01\/web_security_check.png\" alt=\"g\u00fcvenli olmayan t\u00fcm web sitelerini hari\u00e7 tutmak i\u00e7in kontrol\u00fc yap\u0131n\" class=\"description-img description-img-zoom\" loading=\"lazy\" ><\/div><\/p>\n<p>Kontrol ettikten sonra, raporun bulundu\u011fu PDF dosyas\u0131n\u0131 indirebileceksiniz. Ayr\u0131ca, raporu panoya \u015fu bi\u00e7imde kopyalayabilirsiniz:<\/p>\n<div class=\"article__quote\">\n                    <div class=\"quote-text\"><\/div><\/div>\n<p>Ve elbette, tam bir site denetimi yapmak ve her t\u00fcrl\u00fc SEO sorununu kontrol etmek i\u00e7in hizmetimizin t\u00fcm fonksiyonlar\u0131n\u0131 kullanabilirsiniz.<\/p>\n<h2 id=\"ik_Top\">Web Sitesi G\u00fcvenlik Kontrol\u00fc Ger\u00e7ekle\u015ftirirken En \u0130yi \u0130pu\u00e7lar\u0131<\/h2>\n<p>Bir platform g\u00fcvenlik kontrol\u00fcn\u00fc etkili bir \u015fekilde y\u00fcr\u00fctmek i\u00e7in baz\u0131 basit ipu\u00e7lar\u0131. Uygulamalar\u0131 fazla zaman almayacak, ancak bilgi s\u0131z\u0131nt\u0131lar\u0131ndan korunma \u015fans\u0131n\u0131 \u00f6nemli \u00f6l\u00e7\u00fcde art\u0131rabilir.<\/p>\n<table class=\"table-classic table-td-3\">\n<kafa><\/p>\n<tr>\n<th>\u0130pu\u00e7lar\u0131<\/th>\n<th>A\u00e7\u0131klama<\/th>\n<\/tr>\n<\/thead>\n<p><v\u00fccut><\/p>\n<tr>\n<td><strong>HTTPS&#8217;yi etkinle\u015ftirin<\/strong><\/td>\n<td>HTTPS, verilerin ele ge\u00e7irilmesine ve doland\u0131r\u0131c\u0131l\u0131k amac\u0131yla kullan\u0131lmas\u0131na kar\u015f\u0131 korur. Sitenizin \u00f6deme i\u015flemleri yapmas\u0131 zorunludur. HTTPS&#8217;ye ge\u00e7ti\u011finizde, &#8220;korunmas\u0131z ba\u011flant\u0131&#8221; simgesi ye\u015fil bir &#8220;g\u00fcvenli&#8221; simgeye d\u00f6n\u00fc\u015fecektir. \u00d6rne\u011fin, Google Chrome art\u0131k HTTP sitelerini g\u00fcvensiz olarak g\u00f6steriyor ve gelecekte bunu daha da vurgulayacak.<\/td>\n<\/tr>\n<tr>\n<td><strong>Gereksiz Eklentileri Devre D\u0131\u015f\u0131 B\u0131rak\/Kald\u0131r<\/strong><\/td>\n<td>Siteniz i\u00e7in kullanmad\u0131\u011f\u0131n\u0131z eklentileriniz varsa, onlar\u0131 g\u00fcncellemeyi unutursunuz. Kayna\u011f\u0131n\u0131zda bir g\u00fcvenlik a\u00e7\u0131\u011f\u0131na yol a\u00e7ar. Sald\u0131rganlar bu bo\u015fluktan yararlan\u0131p kayna\u011f\u0131n\u0131za sald\u0131rabilece\u011finden, etkin olmayan eklentilerin bir tehdit olu\u015fturmad\u0131\u011f\u0131n\u0131 d\u00fc\u015f\u00fcnmeyin.<\/td>\n<\/tr>\n<tr>\n<td><strong>Dosyalar\u0131 Yedekleyin<\/strong><\/td>\n<td>d\u00fczenli yedeklemeler, sitenizi sald\u0131r\u0131lardan koruman\u0131n harika bir yolu olabilir. Bilgilerin \u00fc\u00e7\u00fcnc\u00fc taraflara s\u0131zma olas\u0131l\u0131\u011f\u0131n\u0131 \u00f6nlemek i\u00e7in sitenizdeki dosyalar\u0131 yedeklemeye \u00f6zen g\u00f6sterin.<\/td>\n<\/tr>\n<tr>\n<td><strong>\u015eifreleri Otomatik Olu\u015fturun<\/strong><\/td>\n<td>Rastgele parolalar olu\u015fturmaya y\u00f6nelik hizmetler, genellikle sitenizi korumak i\u00e7in g\u00fcvenli bir kombinasyon olu\u015fturma f\u0131rsat\u0131 sunar. Kayna\u011f\u0131n\u0131zdaki verilerin g\u00fcvenli\u011fini sa\u011flamak i\u00e7in kan\u0131tlanm\u0131\u015f bir nesil site kullan\u0131n.<\/td>\n<\/tr>\n<tr>\n<td><strong>Eklentileri ve Di\u011fer Yaz\u0131l\u0131mlar\u0131 G\u00fcncelleyin<\/strong><\/td>\n<td>Etkin olmayan t\u00fcm eklentileri g\u00fcncellemeye devam ederseniz, g\u00fcvenlik sorunlar\u0131 ya\u015faman\u0131z olas\u0131 de\u011fildir. Ancak, etkin olmayan eklentilere g\u00fcncelleme y\u00fcklemiyorsan\u0131z, bunlar\u0131 tamamen kald\u0131rmak en iyisidir. <\/td>\n<\/tr>\n<\/tbody>\n<\/table>\n<h2 id=\"ik_High\">En \u0130yi Bar\u0131nd\u0131rma Sa\u011flay\u0131c\u0131lar\u0131yla Y\u00fcksek Web Sitesi G\u00fcvenli\u011fi<\/h2>\n<p>G\u00fcvenli ve g\u00fcvenilir bir bar\u0131nd\u0131rma sa\u011flay\u0131c\u0131s\u0131 bulmak kolay bir i\u015f de\u011fildir \u00e7\u00fcnk\u00fc veri g\u00fcvenli\u011fi web sitesi sahipleri i\u00e7in en \u00f6nemli \u00f6nceliktir.<\/p>\n<p>Veri g\u00fcvenli\u011fi i\u00e7in b\u00fcy\u00fck b\u00fct\u00e7eleri olan b\u00fcy\u00fck \u015firketler bile d\u00fczenli sald\u0131r\u0131lar ve veri ihlalleriyle kar\u015f\u0131 kar\u015f\u0131ya kal\u0131yor. &#8216;G\u00fcvenli web sitesi mi?&#8217;. Hi\u00e7 kimse %100 kesinlik veremez, ancak kayna\u011f\u0131n\u0131z\u0131n g\u00fcvenli\u011fini sa\u011flamak i\u00e7in m\u00fcmk\u00fcn olan t\u00fcm \u00f6nlemleri almak daha iyidir.<\/p>\n<p>Olas\u0131 bir vir\u00fcs sald\u0131r\u0131s\u0131 i\u00e7in platformunuzu d\u00fczenli olarak taramak, g\u00fcvenlik sertifikalar\u0131 y\u00fcklemek ve g\u00fcvenilir bir bar\u0131nd\u0131rma hizmeti se\u00e7mek, davetsiz misafirlerin kayna\u011f\u0131n\u0131za sald\u0131rmas\u0131n\u0131 \u00f6nlemek i\u00e7in gerekli t\u00fcm \u00f6nlemlerdir. Bir bar\u0131nd\u0131rma hizmeti se\u00e7erken, g\u00fcvenlik \u00f6nlemlerine dikkat etti\u011finizden emin olun.<\/p>\n<p>Oh, SEO sorunlar\u0131 ve k\u00f6t\u00fc ama\u00e7l\u0131 yaz\u0131l\u0131mlar i\u00e7in bir web sitesini kontrol etmeyi unutmay\u0131n.<\/p>\n<p>    <div class=\"blog__conversion blog__conversion-app element__logged_out\">\n        <div class=\"blog__conversion-inner\">\n            <p class=\"title\">Yaln\u0131zca g\u00fcvenlik sorunlar\u0131n\u0131 de\u011fil, ayn\u0131 zamanda sitenizdeki di\u011fer teknik sorunlar\u0131 da tespit edin!<\/p>\n            <p class=\"description\">Sitenizi taray\u0131n ve kullan\u0131c\u0131lar\u0131n\u0131za veya web sitenizin SEO'suna zarar verebilecek her t\u00fcrl\u00fc sorunu bulun.<\/p>\n            <form id=\"audit__form\"\n                  class=\"article__seo-search audit__form Sitenizi taray\u0131n ve kullan\u0131c\u0131lar\u0131n\u0131za veya web sitenizin SEO'suna zarar verebilecek her t\u00fcrl\u00fc sorunu bulun.\"\n                  action=\"\"\n                  method=\"POST\"\n                  autocomplete=\"off\">\n                <span class=\"error\"><\/span>\n                <div class=\"error__limits\">Something went wrong. Please, try again later.<\/div>\n                <input name=\"url\"\n                       type=\"text\"\n                       placeholder=\"Alan ad\u0131n\u0131z\u0131 buraya girin\">\n                                <button type=\"submit\"\n                        class=\"sitechecker__text\">\n                    <span>Denetim ba\u015flat<\/span>\n                    <img src=\"\/wp-content\/themes\/sitechecker\/out\/img_design\/loading.svg\"\n                         width=\"31\"\n                         height=\"30\"\n                         class=\"loading\">\n                <\/button>\n            <\/form>\n        <\/div>\n    <\/div>\n    <\/p>","protected":false},"excerpt":{"rendered":"Sitenizin g\u00fcvenli\u011fi, arama motoru s\u0131ralamalar\u0131n\u0131z\u0131 do\u011frudan etkileyen \u00f6nemli bir fakt\u00f6rd\u00fcr. Arama motorlar\u0131, kullan\u0131c\u0131lara g\u00fcvenli sitelerden alakal\u0131 sonu\u00e7lar g\u00f6stermeyi tercih eder. Kayna\u011f\u0131n\u0131z\u0131n g\u00fcvenli\u011fini kontrol etmeyi d\u00fc\u015f\u00fcnmenizin nedeni budur. Web Sitesi G\u00fcvenlik Kontrol\u00fc, &#8216;Bu web sitesi g\u00fcvenli mi?&#8217; sorusuna zahmetsizce yan\u0131t vermenizi sa\u011flayan basit bir ara\u00e7t\u0131r. Ayr\u0131ca sitenizin hangi alanlar\u0131n\u0131n siber su\u00e7lular\u0131n sald\u0131r\u0131lar\u0131na kar\u015f\u0131 potansiyel olarak savunmas\u0131z&#8230;","protected":false},"author":10409641,"featured_media":6976,"parent":0,"menu_order":0,"comment_status":"closed","ping_status":"closed","template":"pages-templates\/pages-minitools.php","meta":[],"categories":[73],"tags":[],"_links":{"self":[{"href":"https:\/\/sitechecker.pro\/tr\/wp-json\/wp\/v2\/pages\/6992"}],"collection":[{"href":"https:\/\/sitechecker.pro\/tr\/wp-json\/wp\/v2\/pages"}],"about":[{"href":"https:\/\/sitechecker.pro\/tr\/wp-json\/wp\/v2\/types\/page"}],"author":[{"embeddable":true,"href":"https:\/\/sitechecker.pro\/tr\/wp-json\/wp\/v2\/users\/10409641"}],"replies":[{"embeddable":true,"href":"https:\/\/sitechecker.pro\/tr\/wp-json\/wp\/v2\/comments?post=6992"}],"version-history":[{"count":49,"href":"https:\/\/sitechecker.pro\/tr\/wp-json\/wp\/v2\/pages\/6992\/revisions"}],"predecessor-version":[{"id":36024,"href":"https:\/\/sitechecker.pro\/tr\/wp-json\/wp\/v2\/pages\/6992\/revisions\/36024"}],"wp:featuredmedia":[{"embeddable":true,"href":"https:\/\/sitechecker.pro\/tr\/wp-json\/wp\/v2\/media\/6976"}],"wp:attachment":[{"href":"https:\/\/sitechecker.pro\/tr\/wp-json\/wp\/v2\/media?parent=6992"}],"wp:term":[{"taxonomy":"category","embeddable":true,"href":"https:\/\/sitechecker.pro\/tr\/wp-json\/wp\/v2\/categories?post=6992"},{"taxonomy":"post_tag","embeddable":true,"href":"https:\/\/sitechecker.pro\/tr\/wp-json\/wp\/v2\/tags?post=6992"}],"curies":[{"name":"wp","href":"https:\/\/api.w.org\/{rel}","templated":true}]}}