{"id":6990,"date":"2019-05-27T14:14:52","date_gmt":"2019-05-27T14:14:52","guid":{"rendered":"https:\/\/sitechecker.pro\/?page_id=6990"},"modified":"2024-10-03T14:47:40","modified_gmt":"2024-10-03T14:47:40","slug":"alexa-rank","status":"publish","type":"page","link":"https:\/\/sitechecker.pro\/tr\/alexa-rank\/","title":{"rendered":"Alexa Rank Checker: Alexa S\u0131ralamas\u0131 i\u00e7in Web Sitesini Kontrol Et"},"content":{"rendered":"<p><\/p>\n<h2><strong>Alexa\u00a0Traffic Rank nedir?<\/strong><\/h2>\n<p>&nbsp;<\/p>\n<p>Alexa Rank, ziyaretlerin s\u0131kl\u0131\u011f\u0131 ve g\u00f6r\u00fcnt\u00fclenme say\u0131s\u0131na dayanan web sitelerini de\u011ferlendirmek i\u00e7in kullan\u0131lan bir derecelendirme hizmetidir. \u0130statistikler Alexa Rank Ara\u00e7 \u00c7ubu\u011funu taray\u0131c\u0131lar\u0131na y\u00fckleyen kullan\u0131c\u0131lardan elde edilmi\u015ftir. Belirli bir web kayna\u011f\u0131n\u0131n mevcut derecesi, bu siteye kat\u0131l\u0131m oran\u0131n\u0131n ba\u015fkalar\u0131na oran\u0131 ile belirlenir. G\u00f6sterge ne kadar d\u00fc\u015f\u00fckse, sitenin pop\u00fclerli\u011fi o kadar y\u00fcksek olur.<\/p>\n<p>&nbsp;<\/p>\n<h2><strong>Alexa Rank nas\u0131l \u00e7al\u0131\u015f\u0131r?<\/strong><\/h2>\n<p>&nbsp;<\/p>\n<p>Alexa Rank i\u00e7in, bilgilerin sistematik olarak g\u00fcncellenmesine ve web sitelerinin s\u0131ralamadaki hareketine katk\u0131da bulunan s\u00fcrekli veri toplama ger\u00e7ekle\u015ftirilir. Siteler hakk\u0131nda kolayca bilgi edinmek i\u00e7in \u00f6zel bir ara\u00e7 \u00e7ubu\u011fu indirebilirsiniz.<\/p>\n<p>T\u00fcm bilgiler bu veriler temelinde derlenmektedir:<\/p>\n<ul>\n<li>aramadan gelen trafik;<\/li>\n<li>kaynak sayfalar\u0131na yap\u0131lan ziyaret say\u0131s\u0131;<\/li>\n<li>harcanan zaman;<\/li>\n<li>g\u00f6r\u00fcnt\u00fclenen toplam sayfa say\u0131s\u0131;<\/li>\n<li>\u00e7\u0131kma Oran\u0131.<\/li>\n<\/ul>\n<p>&nbsp;<\/p>\n<h2><strong>Alexa Rank Checker arac\u0131 \u00f6zellikleri:<\/strong><\/h2>\n<p>&nbsp;<\/p>\n<p>\u015eimdi neden Alexa Rank Checker ihtiya\u00e7 duydu\u011funuzu tamamen anlayacaks\u0131n\u0131z. \u00d6ncelikle, size rakip analizi i\u00e7in kullanabilece\u011finiz verileri sa\u011flayan harika bir ara\u00e7t\u0131r. Ne kadar kullan\u0131c\u0131n\u0131n ayl\u0131k olarak web sitesini ziyaret etti\u011fini \u00f6\u011frenmek kolayd\u0131r. Tek bir t\u0131klama ile web siteniz hakk\u0131nda gerekli t\u00fcm bilgilere sahip olacaks\u0131n\u0131z. Ama dahas\u0131 ne?<\/p>\n<ul>\n<li><strong>Web sitenizin analizi.<\/strong> Web sitesi sahibi i\u00e7in, kullan\u0131c\u0131lar\u0131n sitelerini g\u00fcnl\u00fck olarak ne kadar ziyaret ettiklerini bilmekten daha \u00f6nemli bir \u015fey de\u011fildir. Pop\u00fclerli\u011fini kaybetmemek i\u00e7in Alexa web sitelerinin ilerlemelerinin s\u0131ralamas\u0131n\u0131 izleyebilirsiniz.<\/li>\n<li><strong>Rakip analizi.<\/strong> Web sitenizi ve rakiplerinizi Alexa derecesini kar\u015f\u0131la\u015ft\u0131rmak i\u00e7in harika bir f\u0131rsat. Web sitelerini \u201cGlobal\u201d, \u201cCountry\u201d ve \u201cCategory\u201d parametrelerine g\u00f6re kategorilere ay\u0131rabilirsiniz.<\/li>\n<li><strong>Trafik analizi.<\/strong> Web sitenizin hangi \u00fclkelerden en \u00e7ok kullan\u0131c\u0131 ald\u0131\u011f\u0131 alanlardan kolayca \u00f6\u011freneceksiniz. Ayr\u0131ca, rakiplerinizi kontrol etmek ve web siteniz i\u00e7in yeni trafik kaynaklar\u0131 almak i\u00e7in ekstra bir f\u0131rsatt\u0131r.<\/li>\n<\/ul>\n<p><\/p>","protected":false},"excerpt":{"rendered":"Alexa\u00a0Traffic Rank nedir? &nbsp; Alexa Rank, ziyaretlerin s\u0131kl\u0131\u011f\u0131 ve g\u00f6r\u00fcnt\u00fclenme say\u0131s\u0131na dayanan web sitelerini de\u011ferlendirmek i\u00e7in kullan\u0131lan bir derecelendirme hizmetidir. \u0130statistikler Alexa Rank Ara\u00e7 \u00c7ubu\u011funu taray\u0131c\u0131lar\u0131na y\u00fckleyen kullan\u0131c\u0131lardan elde edilmi\u015ftir. Belirli bir web kayna\u011f\u0131n\u0131n mevcut derecesi, bu siteye kat\u0131l\u0131m oran\u0131n\u0131n ba\u015fkalar\u0131na oran\u0131 ile belirlenir. G\u00f6sterge ne kadar d\u00fc\u015f\u00fckse, sitenin pop\u00fclerli\u011fi o kadar y\u00fcksek olur. &nbsp;&#8230;","protected":false},"author":10409641,"featured_media":6970,"parent":0,"menu_order":0,"comment_status":"closed","ping_status":"closed","template":"pages-templates\/pages-minitools.php","meta":[],"categories":[30],"tags":[],"_links":{"self":[{"href":"https:\/\/sitechecker.pro\/tr\/wp-json\/wp\/v2\/pages\/6990"}],"collection":[{"href":"https:\/\/sitechecker.pro\/tr\/wp-json\/wp\/v2\/pages"}],"about":[{"href":"https:\/\/sitechecker.pro\/tr\/wp-json\/wp\/v2\/types\/page"}],"author":[{"embeddable":true,"href":"https:\/\/sitechecker.pro\/tr\/wp-json\/wp\/v2\/users\/10409641"}],"replies":[{"embeddable":true,"href":"https:\/\/sitechecker.pro\/tr\/wp-json\/wp\/v2\/comments?post=6990"}],"version-history":[{"count":19,"href":"https:\/\/sitechecker.pro\/tr\/wp-json\/wp\/v2\/pages\/6990\/revisions"}],"predecessor-version":[{"id":33656,"href":"https:\/\/sitechecker.pro\/tr\/wp-json\/wp\/v2\/pages\/6990\/revisions\/33656"}],"wp:featuredmedia":[{"embeddable":true,"href":"https:\/\/sitechecker.pro\/tr\/wp-json\/wp\/v2\/media\/6970"}],"wp:attachment":[{"href":"https:\/\/sitechecker.pro\/tr\/wp-json\/wp\/v2\/media?parent=6990"}],"wp:term":[{"taxonomy":"category","embeddable":true,"href":"https:\/\/sitechecker.pro\/tr\/wp-json\/wp\/v2\/categories?post=6990"},{"taxonomy":"post_tag","embeddable":true,"href":"https:\/\/sitechecker.pro\/tr\/wp-json\/wp\/v2\/tags?post=6990"}],"curies":[{"name":"wp","href":"https:\/\/api.w.org\/{rel}","templated":true}]}}