{"id":6406,"date":"2019-04-18T11:20:27","date_gmt":"2019-04-18T11:20:27","guid":{"rendered":"https:\/\/sitechecker.pro\/?page_id=6406"},"modified":"2026-02-20T14:20:11","modified_gmt":"2026-02-20T14:20:11","slug":"rank-checker","status":"publish","type":"page","link":"https:\/\/sitechecker.pro\/tr\/rank-checker\/","title":{"rendered":"\u00dccretsiz Anahtar Kelime S\u0131ralama Arac\u0131"},"content":{"rendered":"<p><\/p>\n<h2 id=\"par1\">Web Sitesi S\u0131ralamas\u0131 Denetleyicisi Nedir?<\/h2>\n<p>Google S\u0131ralamas\u0131 Denetleyicisi arac\u0131, 155 \u00fclkedeki en iyi 100 Google sonucu i\u00e7inde masa\u00fcst\u00fc ve mobil aramalar i\u00e7in hem g\u00fcncel hem de ge\u00e7mi\u015f s\u0131ralama verilerini sunarak web sitenizin Google&#8217;daki anahtar kelime konumlar\u0131n\u0131 de\u011ferlendirmenizi sa\u011flar. Bu ara\u00e7, web sitenizin genel g\u00f6r\u00fcn\u00fcrl\u00fc\u011f\u00fcn\u00fc ve belirli URL&#8217;leri, s\u0131ralanm\u0131\u015f anahtar kelimeler i\u00e7in arama hacmini, \u00f6ne \u00e7\u0131kan snippet&#8217;ler hakk\u0131nda bilgileri ve SERP rekabetini g\u00f6sterir.<\/p>\n<h3>Anahtar Kelime S\u0131ralamas\u0131 Denetleyicisi Size Bir\u00e7ok \u015eekilde Yard\u0131mc\u0131 Olabilir<\/h3>\n<ul>\n<li><strong>Mevcut konum kontrol\u00fc: <\/strong>\u015eu anda bulundu\u011funuz ve rakiplerinizin \u015fu anda bulundu\u011fu arama sorgusu s\u0131ralamas\u0131n\u0131 bulun. Promosyon hedeflerinize ula\u015fmak i\u00e7in ba\u015far\u0131l\u0131 bir SEO stratejisi geli\u015ftirmenizi sa\u011flayacakt\u0131r.\n<\/li>\n<li><strong>Hedef anahtar kelimelerin bir listesini y\u00fckleme: <\/strong>S\u0131ralamay\u0131 planlad\u0131\u011f\u0131n\u0131z sorgular i\u00e7in S\u0131ralama Analizcisi&#8217;ni kullan\u0131n. Tracker, Search Console&#8217;unuzda olmasalar bile anahtar kelime istatistiklerini g\u00f6sterecektir.<\/li>\n<li><strong>Anahtar Kelime \u00d6nerileri: <\/strong>Google s\u0131ralama bulucu yaln\u0131zca anahtar kelime derecelendirmelerini kontrol etmekle kalmaz, ayn\u0131 zamanda web siteniz i\u00e7in de\u011ferli olabilecek ilgili anahtar kelimeleri ve arama hacimlerini de \u00f6nerir.<\/li>\n<li><strong>Yerel SEO: <\/strong>Yerel m\u00fc\u015fterilere g\u00fcvenen i\u015fletmeler i\u00e7in ara\u00e7, co\u011frafi konum \u00f6zellikleri sunar. Bu, web sitesi s\u0131ralamas\u0131n\u0131 ve belirli \u015fehirlerde veya b\u00f6lgelerde hedef kelimeler i\u00e7in ne kadar iyi derecelendirildi\u011finizi kontrol edebilece\u011finiz anlam\u0131na gelir.<\/li>\n<li><strong>Mobil ve Masa\u00fcst\u00fc: <\/strong>Mobil arama daha yayg\u0131n hale geldik\u00e7e, ara\u00e7 mobil ve masa\u00fcst\u00fc aramalar\u0131 i\u00e7in ayr\u0131 veriler sa\u011flar.<\/li>\n<li><strong>S\u0131kl\u0131k: <\/strong>Web sitesi SEO S\u0131ralama Arac\u0131 periyodik kontrollere olanak tan\u0131r (1 g\u00fcnl\u00fck, 7 g\u00fcnl\u00fck, 30 g\u00fcnl\u00fck, 90 g\u00fcnl\u00fck ve Her Zaman). Bu, performans\u0131 takip etmeye ve derecelendirmelerdeki oynakl\u0131\u011f\u0131 anlamaya yard\u0131mc\u0131 olur.<\/li>\n<li><strong>Web sitesi g\u00f6r\u00fcn\u00fcrl\u00fc\u011f\u00fc ve Sayfa g\u00f6r\u00fcn\u00fcrl\u00fc\u011f\u00fc: <\/strong>Toplu anahtar kelime s\u0131ralamalar\u0131na g\u00f6re bir sitenin arama motorlar\u0131ndaki performans\u0131n\u0131n toplu bir puan\u0131n\u0131 sa\u011flar. Her sayfan\u0131n genel web sitesi g\u00f6r\u00fcn\u00fcrl\u00fc\u011f\u00fcne nas\u0131l katk\u0131da bulundu\u011funu g\u00f6stererek y\u00fcksek performans g\u00f6steren veya d\u00fc\u015f\u00fck performans g\u00f6steren sayfalar\u0131 belirlemeye yard\u0131mc\u0131 olur.<\/li>\n<li><strong>Rakip anahtar kelime kontrol\u00fc: <\/strong>Bir rakip gibi di\u011fer baz\u0131 siteleri kontrol edin ve arama sonu\u00e7lar\u0131ndaki konumlar\u0131n\u0131n nas\u0131l ilerledi\u011fini \u00f6\u011frenin.<\/li>\n<li><strong>Ayr\u0131nt\u0131l\u0131 SEPR istatistiklerini kontrol edin: <\/strong>Herhangi bir anahtar kelimenin konumlar\u0131 hakk\u0131ndaki verileri g\u00f6rmenin yan\u0131 s\u0131ra, daha derinlemesine bir inceleme yapabilirsiniz. Anahtar ifadelerin yak\u0131n\u0131ndaki grafi\u011fe t\u0131klarsan\u0131z, konum de\u011fi\u015fikliklerinin daha ayr\u0131nt\u0131l\u0131 bir grafi\u011fini g\u00f6receksiniz.<\/li>\n<\/ul>\n<h3>Anahtar Kelime S\u0131ralamas\u0131 Konum Bulucunun Temel \u00d6zellikleri<\/h3>\n<ul>\n<li><strong>Birle\u015fik Pano. <\/strong>Bu \u00f6\u011fe, web sitenizin konumlar\u0131na ili\u015fkin t\u00fcm \u00f6nemli verileri ve geri bildirimleri denetleyebilece\u011finiz tek durakl\u0131 bir merkez sunar. Hedef kelimeleriniz, hata \u00f6zetleri, grafiksel g\u00f6sterimler ve benzerleri hakk\u0131nda derinlemesine ayr\u0131nt\u0131lar sergileyebilir. Birle\u015ftirilmi\u015f bir kontrol paneli y\u00f6netimi kolayla\u015ft\u0131r\u0131r ve basitle\u015ftirir.<\/li>\n<li><strong>Kullan\u0131c\u0131 dostu aray\u00fcz. <\/strong>Bu, arac\u0131n teknik bilgi eksikli\u011fi olan ki\u015filer i\u00e7in bile kullan\u0131m\u0131n\u0131n kolay olmas\u0131n\u0131 garanti eder. B\u00f6yle bir tasar\u0131m, di\u011fer \u00f6zelliklerin yan\u0131 s\u0131ra basit gezinme, belirsiz olmayan etiketler, bilgilendirici a\u00e7\u0131l\u0131r ipu\u00e7lar\u0131 i\u00e7erir. Sezgisel bir tasar\u0131m, arad\u0131\u011f\u0131n\u0131z i\u015flevleri ke\u015ffetme ve kullanma s\u00fcrecini h\u0131zland\u0131r\u0131r.<\/li>\n<li><strong>Her \u015fey dahil SEO Paketi. <\/strong>Sorgu s\u0131ralamalar\u0131n\u0131 kontrol etmenin \u00f6tesinde, bu kapsaml\u0131 SEO paketi, yerinde SEO de\u011ferlendirmeleri, izleme, ba\u011flant\u0131 incelemesi, web sitesi kontrolleri ve daha fazlas\u0131 i\u00e7in yard\u0131mc\u0131 programlar\u0131 i\u00e7erebilir. Bu t\u00fcr i\u015flevler, web sitenizin arama motoru listelerindeki \u00f6nemini art\u0131rmay\u0131 ve b\u00f6ylece platformunuza organik ziyaret\u00e7iler \u00e7ekmeyi ama\u00e7lar.<\/li>\n<li><strong>Verileri raporlara aktar\u0131n. <\/strong>Ekip \u00fcyelerinizle veya m\u00fc\u015fterinizle payla\u015fmak i\u00e7in .csv ve .pdf raporlar\u0131n\u0131 indirme se\u00e7ene\u011fi.<\/li>\n<\/ul>\n<h2 id=\"par2\">Google Web Sitesi S\u0131ralamas\u0131 Denetleyicisi Nas\u0131l Kullan\u0131l\u0131r<\/h2>\n<h3>1. Ad\u0131m: Alan ad\u0131n\u0131z\u0131, hedef b\u00f6lgenizi ve dilinizi girin, ard\u0131ndan &#8220;S\u0131ralamay\u0131 Kontrol Et&#8221; d\u00fc\u011fmesine t\u0131klay\u0131n.<\/h3>\n<div class=\"content__img-wrap\"><img src=\"https:\/\/sitechecker.pro\/wp-content\/uploads\/2024\/06\/website-ranking-checker.png\" alt=\"Anahtar Kelime S\u0131ralamas\u0131 Denetleyicisi\" class=\"description-img description-img-zoom\" loading=\"lazy\" ><\/div>\n<h3>2. Ad\u0131m: Sonucu al\u0131n<\/h3>\n<p>Web sitesi s\u0131ralamas\u0131 denetimini tamamlad\u0131ktan sonra, sitenizin s\u0131ralamas\u0131nda en \u00e7ok yer alan sorgular\u0131 ke\u015ffedeceksiniz. Ara\u00e7, tahmini trafi\u011fi ve anahtar kelimelerin SERP&#8217;deki ilk 10, 11-20 ve 21-100 konumlar\u0131na da\u011f\u0131l\u0131m\u0131n\u0131 g\u00f6steren kapsaml\u0131 bir trafik genel g\u00f6r\u00fcn\u00fcm\u00fc sa\u011flar. En iyi anahtar kelimeleri URL&#8217;leri, arama konumlar\u0131, hacim ve trafik verileriyle birlikte listeler.<\/p>\n<div class=\"content__img-wrap\"><img src=\"https:\/\/sitechecker.pro\/wp-content\/uploads\/2024\/11\/TOP-50-in-SERP-image-min.png\" alt=\"Keyword Rank Checker Sonu\u00e7lar\u0131\" class=\"description-img description-img-zoom\" loading=\"lazy\" ><\/div>\n<p>Rekabet\u00e7i i\u00e7g\u00f6r\u00fcler aras\u0131nda anahtar kelime rekabeti, t\u0131klama ba\u015f\u0131na maliyet (TBM) ve trafik maliyeti bulunur ve pazar rekabetini ve reklam harcamalar\u0131n\u0131 de\u011ferlendirmenize olanak tan\u0131r. Her anahtar kelime i\u00e7in kesin s\u0131ralama konumlar\u0131 ve arama hacmi gibi ayr\u0131nt\u0131l\u0131 \u00f6l\u00e7\u00fcmler, y\u00fcksek ve d\u00fc\u015f\u00fck performans g\u00f6steren anahtar kelimeleri etkili bir \u015fekilde belirlemenize yard\u0131mc\u0131 olur.<\/p>\n<p>Tam anahtar kelime s\u0131ralamalar\u0131n\u0131za ve rakip SERP verilerinize eri\u015fmek i\u00e7in \u00fccretsiz denemeye ba\u015flay\u0131n.<\/p>\n<div class=\"content__img-wrap\"><img src=\"https:\/\/sitechecker.pro\/wp-content\/uploads\/2024\/11\/Outrack-your-competitors-min.png\" alt=\"\u00dccretsiz denemeye ba\u015fla a\u00e7\u0131l\u0131r penceresi\" class=\"description-img description-img-zoom\" loading=\"lazy\" ><\/div>\n<div class=\"important-block\">14 g\u00fcn boyunca sonu\u00e7lar\u0131 almak ve Sitechecker'\u0131n \u00f6zelliklerine eri\u015fmek i\u00e7in \u00dcCRETS\u0130Z denemenizi ba\u015flat\u0131n. E-postan\u0131z, Google veya Facebook hesab\u0131n\u0131zla kaydolmak kolayd\u0131r. Kredi kart\u0131 gerekmez.<\/div>\n<h2 id=\"par3\">Anahtar Kelime S\u0131ralamas\u0131 Kontrolc\u00fcs\u00fcn\u00fcn Ek \u00d6zellikleri<\/h2>\n<p>Ayr\u0131ca, yaln\u0131zca anahtar kelime konumlar\u0131n\u0131 kontrol etmekle kalmaz, ayn\u0131 zamanda s\u0131ralama kontrol yaz\u0131l\u0131m\u0131m\u0131z\u0131 da kullanabilirsiniz. Web sitenizin SEO derecelendirmelerini d\u00fczenli olarak izlemenize ve hangi eylemlerinizin b\u00fcy\u00fcmeye yol a\u00e7t\u0131\u011f\u0131n\u0131 bulman\u0131za ve birden fazla kritik durum ger\u00e7ekle\u015fti\u011finde ilk siz haberdar olman\u0131za yard\u0131mc\u0131 olur. <a href=\"https:\/\/sitechecker.pro\/website-defacement-monitoring\/\" data-wpil-monitor-id=\"98\">Web sitenizdeki sorunlar\u0131 d\u00fczeltmenin<\/a> web konumunuzu nas\u0131l iyile\u015ftirdi\u011fini kolayca takip edebilir ve yeni stratejileri test edebilirsiniz.<\/p>\n<p>Bunu yapmak i\u00e7in, konumun analiz\u00f6r sonu\u00e7 sayfas\u0131nda &#8220;\u0130zlemeye ba\u015fla&#8221;ya t\u0131klaman\u0131z yeterlidir.<\/p>\n<div class=\"content__img-wrap\"><img src=\"https:\/\/sitechecker.pro\/wp-content\/uploads\/2024\/11\/Start-tracking-min.png\" alt=\"\u0130zlemeye ba\u015fla\" class=\"description-img description-img-zoom\" loading=\"lazy\" ><\/div>\n<p>&#8220;\u0130zlemeye ba\u015fla&#8221; d\u00fc\u011fmesine t\u0131klad\u0131ktan sonra bulunan sorgular izleyici kurulum sayfas\u0131na eklenecektir:<\/p>\n<div class=\"content__img-wrap\"><img src=\"https:\/\/sitechecker.pro\/wp-content\/uploads\/2024\/06\/image6-min.png\" alt=\"rank tracker setup\" class=\"description-img description-img-zoom\" loading=\"lazy\" ><\/div>\n<p>\u0130zlemek istedi\u011finiz anahtar sorgular\u0131 se\u00e7in, bunlar i\u00e7in arama parametrelerini ayarlay\u0131n (cihazlar, \u00fclke, yerel SEO) ve gerekirse bir k\u00fcmenin (konu) anahtar sorgular\u0131n\u0131 farkl\u0131 gruplara ay\u0131r\u0131n.<\/p>\n<p>Her anahtar kelime k\u00fcmesinin ilerlemesini kolayca izlemek i\u00e7in anahtar kelimeleri kategorilere ve sayfalara g\u00f6re grupland\u0131r\u0131n. &#8220;Kaydet&#8221;e t\u0131klay\u0131n.<\/p>\n<div class=\"content__img-wrap\"><img src=\"https:\/\/sitechecker.pro\/wp-content\/uploads\/2024\/06\/image1-min.png\" alt=\"Anahtar Kelime Gruplar\u0131\" class=\"description-img description-img-zoom\" loading=\"lazy\" ><\/div>\n<p>\u0130zleme anahtar kelime \u00f6beklerinizi kurdu\u011funuzda, derinlemesine i\u00e7g\u00f6r\u00fcler ve analizler sa\u011flayan zengin bir \u00f6zellik dizisine eri\u015febileceksiniz. Arac\u0131n en iyi sonu\u00e7lar i\u00e7in daha fazla veri toplamas\u0131na biraz zaman tan\u0131y\u0131n; bu bilgiler elinizdeyken, derecelendirmelerinizdeki e\u011filimler canl\u0131 olarak belirlenebilir ve izlenebilir.<\/p>\n<h3>Google aramas\u0131nda web sitenizin s\u0131ralamas\u0131n\u0131 ve g\u00f6r\u00fcn\u00fcrl\u00fc\u011f\u00fcn\u00fc analiz edin<\/h3>\n<p>Web sitenizin arama sorgusu s\u0131ralamalar\u0131n\u0131 g\u00f6r\u00fcnt\u00fclemek i\u00e7in &#8220;Anahtar Kelimeler&#8221; sekmesine t\u0131klay\u0131n. Bu, sitenizin arama sonu\u00e7lar\u0131nda s\u0131raland\u0131\u011f\u0131 t\u00fcm terimleri g\u00f6r\u00fcnt\u00fcler:<\/p>\n<div class=\"content__img-wrap\"><img src=\"https:\/\/sitechecker.pro\/wp-content\/uploads\/2024\/06\/image9-min.png\" alt=\"Anahtar Kelime S\u0131ralamalar\u0131\" class=\"description-img description-img-zoom\" loading=\"lazy\" ><\/div>\n<p>Bu b\u00f6l\u00fcmde, Google TOP-100 aramas\u0131ndaki anahtar kelimelerin s\u0131ralama e\u011filimlerini g\u00f6r\u00fcnt\u00fcleyebilirsiniz. Anahtar ifadeleri, performans dinamiklerini izlemek i\u00e7in \u00fcr\u00fcn veya hizmet tekliflerinize g\u00f6re kategorilere ay\u0131rma gibi konum, arama hacmi veya gruplara g\u00f6re kolayca filtreleyebilirsiniz.<\/p>\n<p>Grafi\u011fi kullanarak, sitenizin konumunu g\u00fcnl\u00fck, haftal\u0131k veya ayl\u0131k d\u00f6nemlerde g\u00f6rsel olarak \u00f6l\u00e7ebilirsiniz. Ayr\u0131ca, izleme i\u00e7in anahtar kelimelerin ne zaman eklendi\u011fini belirleyebilir, a\u00e7\u0131klamalar yapabilir ve hatta Google g\u00fcncellemelerini takip edebilirsiniz.<\/p>\n<p>G\u00f6r\u00fcn\u00fcrl\u00fck oran\u0131, s\u0131ralanm\u0131\u015f anahtar kelimelerden daha fazla trafik elde etme potansiyelini \u00f6l\u00e7er. G\u00f6r\u00fcn\u00fcrl\u00fck, anahtar ifade konumlar\u0131na dayal\u0131 bir endeks kullan\u0131larak hesaplan\u0131r.<\/p>\n<div class=\"content__img-wrap\"><img src=\"https:\/\/sitechecker.pro\/wp-content\/uploads\/2024\/06\/image5-min.png\" alt=\"Anahtar Kelime G\u00f6r\u00fcn\u00fcrl\u00fc\u011f\u00fc\" class=\"description-img description-img-zoom\" loading=\"lazy\" ><\/div>\n<p>Grafik, Google g\u00fcncellemelerinin sitenizin arama sonu\u00e7lar\u0131ndaki g\u00f6r\u00fcn\u00fcrl\u00fc\u011f\u00fcn\u00fc nas\u0131l etkiledi\u011fini izlemenizi sa\u011flar.<\/p>\n<p>Web Sitesi S\u0131ralama Denetleyicisi&#8217;ndeki Rakip Analizi \u00f6zelli\u011fi, rekabet eden alanlardaki SERP performans\u0131n\u0131 izlemenizi ve kar\u015f\u0131la\u015ft\u0131rman\u0131z\u0131 sa\u011flar.<\/p>\n<div class=\"content__img-wrap\"><img src=\"https:\/\/sitechecker.pro\/wp-content\/uploads\/2024\/11\/Competitor-Analysis.png\" alt=\"Rakip Analizi\" class=\"description-img description-img-zoom\" loading=\"lazy\" ><\/div>\n<p>Her rakip i\u00e7in de\u011fi\u015fiklikleri izleyebilir ve bunlar\u0131 do\u011frudan sitenizin performans\u0131yla kar\u015f\u0131la\u015ft\u0131rabilirsiniz.<\/p>\n<p>S\u0131ralama \u0130zleyicisi, anahtar kelime s\u0131ralamalar\u0131n\u0131, g\u00f6r\u00fcn\u00fcrl\u00fc\u011f\u00fc ve rakip analizini g\u00f6stererek web sitenizin performans\u0131na ili\u015fkin kapsaml\u0131 i\u00e7g\u00f6r\u00fcler sa\u011flar. Anahtar kelime konumlar\u0131n\u0131 ilk 1&#8217;den ilk 100&#8217;e kadar kategorilere ay\u0131r\u0131r ve genel g\u00f6r\u00fcn\u00fcrl\u00fck y\u00fczdesini izler. Ara\u00e7 ayr\u0131ca sitenizin performans\u0131n\u0131 rakiplerle kar\u015f\u0131la\u015ft\u0131r\u0131r ve cihazlar, \u00fclkeler ve yerel SEO gibi arama parametrelerini ki\u015fiselle\u015ftirilmi\u015f izleme i\u00e7in ayarlaman\u0131za olanak tan\u0131r.<\/p>\n<div class=\"content__img-wrap\"><img src=\"https:\/\/sitechecker.pro\/wp-content\/uploads\/2024\/06\/image4-min.png\" alt=\"Rakiplerin Anahtar Kelime S\u0131ralamalar\u0131\" class=\"description-img description-img-zoom\" loading=\"lazy\" ><\/div>\n<p>A\u015fa\u011f\u0131daki tablo anahtar kelimeleri, konumlar\u0131n\u0131 ve kar\u015f\u0131l\u0131k gelen sayfalar\u0131 g\u00f6r\u00fcnt\u00fcler.<\/p>\n<div class=\"content__img-wrap\"><img src=\"https:\/\/sitechecker.pro\/wp-content\/uploads\/2024\/06\/image11-min.png\" alt=\"s\u0131ralamalar\u0131yla anahtar kelimeler\" class=\"description-img description-img-zoom\" loading=\"lazy\" ><\/div>\n<p>S\u0131ralama de\u011fi\u015fikliklerini g\u00fcne g\u00f6re filtreleyebilir, konumlar\u0131 TOP&#8217;lara g\u00f6re gruplayabilir ve belirli anahtar kelime gruplar\u0131 se\u00e7ebilirsiniz. Her anahtar kelime i\u00e7in SERP \u00f6zelliklerini, s\u0131ralanm\u0131\u015f URL&#8217;yi ve anahtar kelime \u00f6be\u011fi konum e\u011filimlerini ke\u015ffedin. D\u0131\u015fa aktarma \u00f6zelli\u011fi, derinlemesine veri analizi ve m\u00fc\u015fterilerle veya meslekta\u015flar\u0131n\u0131zla payla\u015f\u0131m i\u00e7in \u00e7ok \u00f6nemlidir.<\/p>\n<p>Ayr\u0131ca, &#8220;Anahtar Kelime SERP analizi&#8221;ni se\u00e7erek, belirli bir anahtar kelime i\u00e7in rakiplerinizi g\u00f6r\u00fcnt\u00fcleyebilir ve aramadaki konumunuzu onlar\u0131nkiyle kar\u015f\u0131la\u015ft\u0131rabilirsiniz.<\/p>\n<div class=\"content__img-wrap\"><img src=\"https:\/\/sitechecker.pro\/wp-content\/uploads\/2024\/06\/image10-min.png\" alt=\"SERP\" class=\"description-img description-img-zoom\" loading=\"lazy\" ><\/div>\n<p><a href=\"https:\/\/sitechecker.pro\/serp-alerts\/\">SERP Uyar\u0131lar\u0131<\/a> ile, \u00f6nemli s\u0131ralama de\u011fi\u015fiklikleri hakk\u0131nda bildirimler alacaks\u0131n\u0131z, b\u00f6ylece rakiplerinizin \u00f6n\u00fcnde kalman\u0131z\u0131 ve SEO stratejinizi ayarlayabilmenizi sa\u011flayacaks\u0131n\u0131z.<\/p>\n<h2 id=\"par4\">\u00d6zet<\/h2>\n<p>SEO S\u0131ralama Denetleyicisi, 155 \u00fclkede Google aramas\u0131nda anahtar kelime ve URL s\u0131ralamalar\u0131n\u0131 de\u011ferlendiren, hem masa\u00fcst\u00fc hem de mobil i\u00e7in hayati \u00f6nem ta\u015f\u0131yan sa\u011flam bir SEO arac\u0131d\u0131r. Genel web sitesi g\u00f6r\u00fcn\u00fcrl\u00fc\u011f\u00fcn\u00fc, arama sonu\u00e7lar\u0131ndaki sayfa konumunu, anahtar kelime arama hacmini, snippet ayr\u0131nt\u0131lar\u0131n\u0131 ve SERP rekabetini sunar. Kullan\u0131c\u0131 merkezli bir g\u00f6sterge paneli, co\u011frafi konum \u00f6zellikleri ve d\u00fczenli izleme ile strateji olu\u015fturmay\u0131 basitle\u015ftirir. Anahtar Kelime S\u0131ralama Denetleyicisi, veri aktar\u0131m\u0131n\u0131 destekler, g\u00f6r\u00fcn\u00fcrl\u00fck oran\u0131 arac\u0131l\u0131\u011f\u0131yla trafik potansiyeli i\u00e7g\u00f6r\u00fcleri sa\u011flar ve snippet kazand\u0131ran i\u00e7eri\u011fi vurgular. Ayr\u0131ca URL s\u0131ralama dinamikleri ve Google g\u00fcncelleme etkileri hakk\u0131nda i\u00e7g\u00f6r\u00fcler sunarak onu SEO&#8217;da olmazsa olmaz bir ara\u00e7 haline getirir.<\/p>\n<div id=\"par5\"><\/div>\n<p><div class=\"front__faq-block\"><div class=\"faq__block-title\">SSS<\/div><div class=\"panel-group\" id=\"faq-accordion\" itemscope itemtype=\"https:\/\/schema.org\/FAQPage\" role=\"tablist\" aria-multiselectable=\"true\"><div class=\"panel\" itemscope itemtype=\"https:\/\/schema.org\/Question\" itemprop=\"mainEntity\">\n                            <div class=\"panel-heading\" id=\"headingFaq-1\">\n                                <div class=\"panel-title\" data-toggle=\"collapse\" aria-expanded=\"false\" href=\"#collapseFaq-1\">\n                                    <h3 itemprop=\"name\">Arama sorgusu pozisyonumu \u00fccretsiz olarak nas\u0131l kontrol edebilirim?<\/h3>\n                                <\/div>\n                            <\/div>\n                            <div id=\"collapseFaq-1\" class=\"panel-collapse collapse\" itemprop=\"acceptedAnswer\" itemscope itemtype=\"http:\/\/schema.org\/Answer\">\n                                <div class=\"panel-body\" itemprop=\"text\">SEO Anahtar Kelime S\u0131ralamas\u0131 Denetleyicisi&apos;ni kullan\u0131n. Sorgu s\u0131ralaman\u0131z\u0131 g\u00f6r\u00fcnt\u00fclemek i\u00e7in sadece alan ad\u0131n\u0131z\u0131 girin.<\/div>\n                            <\/div>\n                        <\/div><div class=\"panel\" itemscope itemtype=\"https:\/\/schema.org\/Question\" itemprop=\"mainEntity\">\n                            <div class=\"panel-heading\" id=\"headingFaq-2\">\n                                <div class=\"panel-title\" data-toggle=\"collapse\" aria-expanded=\"false\" href=\"#collapseFaq-2\">\n                                    <h3 itemprop=\"name\">SEO i\u00e7in ka\u00e7 anahtar kelime kullanmal\u0131y\u0131m?<\/h3>\n                                <\/div>\n                            <\/div>\n                            <div id=\"collapseFaq-2\" class=\"panel-collapse collapse\" itemprop=\"acceptedAnswer\" itemscope itemtype=\"http:\/\/schema.org\/Answer\">\n                                <div class=\"panel-body\" itemprop=\"text\">Sabit bir say\u0131 yok. Esas olarak kalite ve alaka d\u00fczeyine odaklan\u0131n. \u0130\u00e7eri\u011finize g\u00f6re birincil ve uzun kuyruklu anahtar kelime \u00f6beklerinin bir kar\u0131\u015f\u0131m\u0131n\u0131 sa\u011flay\u0131n.<\/div>\n                            <\/div>\n                        <\/div><div class=\"panel\" itemscope itemtype=\"https:\/\/schema.org\/Question\" itemprop=\"mainEntity\">\n                            <div class=\"panel-heading\" id=\"headingFaq-3\">\n                                <div class=\"panel-title\" data-toggle=\"collapse\" aria-expanded=\"false\" href=\"#collapseFaq-3\">\n                                    <h3 itemprop=\"name\">S\u0131ralama \u0130zleyicisinde yerel s\u0131ralamalar\u0131 takip edebilir miyim?<\/h3>\n                                <\/div>\n                            <\/div>\n                            <div id=\"collapseFaq-3\" class=\"panel-collapse collapse\" itemprop=\"acceptedAnswer\" itemscope itemtype=\"http:\/\/schema.org\/Answer\">\n                                <div class=\"panel-body\" itemprop=\"text\">Evet, \u00c7evrimi\u00e7i Anahtar Kelime Pozisyon Denetleyicisi co\u011frafi konum \u00f6zellikleri sunar ve yaln\u0131zca k\u00fcresel pozisyonlar\u0131 de\u011fil ayn\u0131 zamanda belirli \u015fehirleri veya b\u00f6lgeleri de takip etmenizi sa\u011flar.<\/div>\n                            <\/div>\n                        <\/div><\/div><\/div><\/p>","protected":false},"excerpt":{"rendered":"Web Sitesi S\u0131ralamas\u0131 Denetleyicisi Nedir? Google S\u0131ralamas\u0131 Denetleyicisi arac\u0131, 155 \u00fclkedeki en iyi 100 Google sonucu i\u00e7inde masa\u00fcst\u00fc ve mobil aramalar i\u00e7in hem g\u00fcncel hem de ge\u00e7mi\u015f s\u0131ralama verilerini sunarak web sitenizin Google&#8217;daki anahtar kelime konumlar\u0131n\u0131 de\u011ferlendirmenizi sa\u011flar. Bu ara\u00e7, web sitenizin genel g\u00f6r\u00fcn\u00fcrl\u00fc\u011f\u00fcn\u00fc ve belirli URL&#8217;leri, s\u0131ralanm\u0131\u015f anahtar kelimeler i\u00e7in arama hacmini, \u00f6ne \u00e7\u0131kan&#8230;","protected":false},"author":10409641,"featured_media":6422,"parent":0,"menu_order":0,"comment_status":"closed","ping_status":"closed","template":"pages-templates\/pages-minitools-3.php","meta":[],"categories":[75],"tags":[],"_links":{"self":[{"href":"https:\/\/sitechecker.pro\/tr\/wp-json\/wp\/v2\/pages\/6406"}],"collection":[{"href":"https:\/\/sitechecker.pro\/tr\/wp-json\/wp\/v2\/pages"}],"about":[{"href":"https:\/\/sitechecker.pro\/tr\/wp-json\/wp\/v2\/types\/page"}],"author":[{"embeddable":true,"href":"https:\/\/sitechecker.pro\/tr\/wp-json\/wp\/v2\/users\/10409641"}],"replies":[{"embeddable":true,"href":"https:\/\/sitechecker.pro\/tr\/wp-json\/wp\/v2\/comments?post=6406"}],"version-history":[{"count":137,"href":"https:\/\/sitechecker.pro\/tr\/wp-json\/wp\/v2\/pages\/6406\/revisions"}],"predecessor-version":[{"id":39439,"href":"https:\/\/sitechecker.pro\/tr\/wp-json\/wp\/v2\/pages\/6406\/revisions\/39439"}],"wp:featuredmedia":[{"embeddable":true,"href":"https:\/\/sitechecker.pro\/tr\/wp-json\/wp\/v2\/media\/6422"}],"wp:attachment":[{"href":"https:\/\/sitechecker.pro\/tr\/wp-json\/wp\/v2\/media?parent=6406"}],"wp:term":[{"taxonomy":"category","embeddable":true,"href":"https:\/\/sitechecker.pro\/tr\/wp-json\/wp\/v2\/categories?post=6406"},{"taxonomy":"post_tag","embeddable":true,"href":"https:\/\/sitechecker.pro\/tr\/wp-json\/wp\/v2\/tags?post=6406"}],"curies":[{"name":"wp","href":"https:\/\/api.w.org\/{rel}","templated":true}]}}