{"id":6404,"date":"2020-07-18T11:19:35","date_gmt":"2020-07-18T09:19:35","guid":{"rendered":"https:\/\/sitechecker.pro\/?page_id=6404"},"modified":"2026-02-19T14:46:56","modified_gmt":"2026-02-19T14:46:56","slug":"traffic-checker","status":"publish","type":"page","link":"https:\/\/sitechecker.pro\/tr\/traffic-checker\/","title":{"rendered":"Website Traffic Checker | Bedava sitesi trafi\u011fi testi \u1408"},"content":{"rendered":"<p><\/p>\n<h2 id=\"ik_traff_esimator\">Web Sitesi Trafik Tahmincisi nedir?<\/h2>\n<p>\u00c7evrimi\u00e7i varl\u0131klar\u0131n\u0131 optimize etmek isteyen herhangi bir site sahibi veya pazarlamac\u0131 i\u00e7in vazge\u00e7ilmez bir ara\u00e7t\u0131r. <a href=\"https:\/\/sitechecker.pro\/what-is-website-traffic\/\" rel=\"noopener noreferrer\" target=\"_blank\">web sitesi trafi\u011fi<\/a> denetleyicimiz, \u00e7ok y\u00f6nl\u00fc ve g\u00fc\u00e7l\u00fc bir veri analiz arac\u0131d\u0131r web sitenizin performans\u0131n\u0131 izlemenize, analiz etmenize ve optimize etmenize yard\u0131mc\u0131 olmak i\u00e7in tasarlanm\u0131\u015ft\u0131r.<\/p>\n<h3>Alan trafi\u011fi denetleyicisinin temel \u00f6zellikleri:<\/h3>\n<ul>\n<li><strong>Hepsi Bir Arada Kontrol Paneli: <\/strong>Google Analytics, Google Search Console ve SERP&#8217;den kapsaml\u0131 verilere tek bir uygun yerden eri\u015ferek zamandan ve emekten tasarruf edin.<\/li>\n<li><strong>Kullan\u0131m\u0131 Kolay Aray\u00fcz: <\/strong>Kullan\u0131c\u0131 dostu panolarla web trafi\u011fi aramam\u0131z, web sitenizin metrikleri aras\u0131nda sorunsuz bir \u015fekilde gezinmeyi ve b\u00fcy\u00fcme f\u0131rsatlar\u0131n\u0131 ortaya \u00e7\u0131karmay\u0131 her zamankinden daha kolay hale getiriyor.<\/li>\n<li><strong>Rakip Analizi: <\/strong><a href=\"https:\/\/sitechecker.pro\/what-is-organic-traffic\/\" rel=\"noopener noreferrer\" target=\"_blank\">organik trafik verileri<\/a>, SERP g\u00f6r\u00fcn\u00fcrl\u00fc\u011f\u00fc ve en \u00e7ok trafik olu\u015fturan anahtar kelimeleri. Sitenizi optimize etmek ve rakiplerinizi geride b\u0131rakmak i\u00e7in bu bilgilerden yararlan\u0131n.<\/li>\n<li><strong>K\u00fcresel SEO platformunun \u00f6zellikleri: <\/strong>K\u00fcresel SEO platformumuz, trafik verisi analizinden \u00e7ok daha fazlas\u0131n\u0131 sunar. <a href=\"https:\/\/sitechecker.pro\/tr\/\" rel=\"noopener noreferrer\" target=\"_blank\">Sitechecker<\/a>, SEO denetimleri (sayfa i\u00e7i ve sayfa d\u0131\u015f\u0131), <a href=\"https:\/\/sitechecker.pro\/rank-tracker\/\" rel=\"noopener noreferrer\" target=\"_blank\">s\u0131ra izleme<\/a>, site izleme ve daha fazlas\u0131. Bu t\u00fcr faydal\u0131 veri analizleri ile tehditleri kolayca ortadan kald\u0131rabilir ve f\u0131rsatlar\u0131 \u00f6ng\u00f6rebilirsiniz.<\/li>\n<\/ul>\n<h2 id=\"ik_Importance\">Web Trafi\u011fi Analizi ve \u0130zlemenin \u00d6nemi<\/h2>\n<p>Web sitenizin trafik verilerini analiz etmek, \u00e7evrimi\u00e7i varl\u0131\u011f\u0131 te\u015fvik etmek ve organik arama yapan ziyaret\u00e7ileri ve sat\u0131\u015flar\u0131 art\u0131rmak i\u00e7in \u00e7ok \u00f6nemlidir. Sitenizin boyutu veya kullan\u0131c\u0131 say\u0131s\u0131 ne olursa olsun, normal kullan\u0131c\u0131 <a href=\"https:\/\/sitechecker.pro\/pages-per-session-metric\/\" rel=\"noopener noreferrer\" target=\"_blank\">oturum <\/a> denetimler \u00f6nemlidir.<\/p>\n<p>Arac\u0131m\u0131z, kaynaklar\u0131 da dahil olmak \u00fczere web sitenizin ziyaret\u00e7ileri hakk\u0131nda de\u011ferli bilgiler sa\u011flar (organik, <a href=\"https:\/\/sitechecker.pro\/what-is-direct-traffic\/\" rel=\"noopener noreferrer\" target=\"_blank\"> do\u011frudan<\/a>, <a href=\"https:\/\/sitechecker.pro\/what-is-made-traffic\/\" rel=\"noopener noreferrer\" target=\"_blank\">\u00fccretli<\/a>, <a href=\"https:\/\/sitechecker.pro\/what-is-social-traffic\/\" rel=\"noopener noreferrer\" target=\"_blank\">sosyal<\/a>, <a href=\"https:\/\/sitechecker.pro\/what -is-referral-traffic\/\" rel=\"noopener noreferrer\" target=\"_blank\">y\u00f6nlendirme<\/a>, e-posta vb.) ve davran\u0131\u015f bilgilerini i\u00e7erir ve ayr\u0131ca iyile\u015ftirilmesi gereken alanlar\u0131 belirleyerek sitenizi optimize etmek i\u00e7in bilgiler sunar. Verileri ne kadar detayl\u0131 i\u015flerseniz o kadar iyi ve do\u011fru sonu\u00e7lar elde edersiniz.<\/p>\n<p>Sitenizin performans\u0131n\u0131 ve s\u0131ralamas\u0131n\u0131 izlemiyorsan\u0131z, s\u00fcrekli olarak potansiyel ziyaret\u00e7ileri ve yeni kullan\u0131c\u0131lar\u0131 ka\u00e7\u0131r\u0131yorsunuz demektir. Her g\u00fcn, bir sitenin ba\u015far\u0131s\u0131n\u0131 \u00f6l\u00e7mek i\u00e7in yeni etkile\u015fim \u00f6l\u00e7\u00fcmleri var, ancak web sitesi trafik kontrollerinin temelleri hayati \u00f6nemini koruyor.<\/p>\n<p>Trafik tahminini daha derinlemesine incelemenize ve trafik bulucumuzun sa\u011flad\u0131\u011f\u0131 t\u00fcm \u00f6zelliklerden tam olarak yararlanman\u0131za yard\u0131mc\u0131 olacak bir video k\u0131lavuzu olu\u015fturduk.<\/p>\n<p><iframe width=\"700\" height=\"350\" src=\"https:\/\/www.youtube.com\/embed\/AWQ_s7QLjsE\" title=\"YouTube video player\" frameborder=\"0\" allow=\"accelerometer; autoplay; clipboard-write; encrypted-media; gyroscope; picture-in-picture; web-share\" allowfullscreen><\/iframe><\/p>\n<h2 id=\"ik_how_to\">Ara\u00e7 Nas\u0131l Kullan\u0131l\u0131r?<\/h2>\n<h3>1. Ad\u0131m: Trafi\u011fi kontrol etmek istedi\u011finiz alan\u0131 girin, ard\u0131ndan &#8220;Trafik kontrol\u00fc&#8221; d\u00fc\u011fmesini t\u0131klay\u0131n<\/h3>\n<div class=\"content__img-wrap\"><img src=\"https:\/\/sitechecker.pro\/wp-content\/uploads\/2023\/06\/traffic_checker_start.png\" alt=\"Web trafi\u011fi denetleyicisi 1. ad\u0131m nas\u0131l kullan\u0131l\u0131r\" class=\"description-img description-img-zoom\" loading=\"lazy\" ><\/div>\n<div class=\"important-block\">Not: Sonu\u00e7lar\u0131 almak ve Sitechecker'\u0131n \u00f6zelliklerine 14 g\u00fcn boyunca eri\u015fmek i\u00e7in \u00dcCRETS\u0130Z denemenizi ba\u015flat\u0131n. E-posta, Google veya Facebook hesab\u0131n\u0131zla kaydolmak kolayd\u0131r. Kredi kart\u0131na gerek YOK.<\/div>\n<h3>2. Ad\u0131m: Trafik verilerine eri\u015fmek istedi\u011finiz siteyi belirtin<\/h3>\n<p>G\u00fc\u00e7l\u00fc arac\u0131m\u0131z, hem kendi web siteniz hem de rakipleriniz i\u00e7in trafik verilerine kolay eri\u015fim sa\u011flar. Ayr\u0131ca, her iki senaryo hakk\u0131nda daha derin i\u00e7g\u00f6r\u00fcler elde etmenize yard\u0131mc\u0131 olacak bir dizi de\u011ferli \u00f6zellik ekledik. Bu \u00f6zellikleri kullanmak, \u00e7evrimi\u00e7i performans\u0131n\u0131z\u0131 daha iyi anlaman\u0131z\u0131 ve sekt\u00f6r\u00fcn\u00fczde rekabet avantaj\u0131 sa\u011flar. Web siteniz mi de\u011fil mi diye cevaplayarak ihtiyac\u0131n\u0131za uygun dashboardu haz\u0131rlamam\u0131za yard\u0131mc\u0131 olursunuz.<\/p>\n<div class=\"content__img-wrap\"><img src=\"https:\/\/sitechecker.pro\/wp-content\/uploads\/2023\/03\/traffic_checker_site_choose.png\" alt=\"Web trafik denetleyicisi nas\u0131l kullan\u0131l\u0131r 2. ad\u0131m - web sitesini belirtin\" class=\"description-img description-img-zoom\" loading=\"lazy\" ><\/div>\n<h3>3. Ad\u0131m: Sonu\u00e7lar\u0131n\u0131za eri\u015fin ve g\u00fc\u00e7l\u00fc \u00f6zelliklerimizden yararlan\u0131n<\/h3>\n<h3 id=\"ik_own_website\">Kendi siteniz i\u00e7in<\/h3>\n<p>Kendi sitenizin verilerine eri\u015fmek i\u00e7in <strong>&#8216;Evet, benim&#8217;<\/strong>&#8216;i se\u00e7meniz ve GA ile GSC hesaplar\u0131n\u0131z\u0131 ba\u011flaman\u0131z yeterlidir. Bu harika \u00f6zellik, site y\u00f6neticileri, SEO&#8217;lar ve pazarlamac\u0131lar i\u00e7in ger\u00e7ekten kullan\u0131\u015fl\u0131 olabilir. En iyi iki analiz platformundan web sitesi trafi\u011fini tek bir yerde izlemenizi sa\u011flar. Ayr\u0131ca de\u011ferli bilgiler i\u00e7eren \u00f6zel panolar olu\u015fturduk.<\/p>\n<div class=\"content__img-wrap\"><img src=\"https:\/\/sitechecker.pro\/wp-content\/uploads\/2023\/03\/traffic_checker_own_site.png\" alt=\"Trafik denetleyici - GA ve GSC'yi ba\u011flay\u0131n\" class=\"description-img description-img-zoom\" loading=\"lazy\" ><\/div>\n<p>T\u00fcm ziyaret\u00e7iler ve Google Analytics&#8217;ten gelen organik trafik hakk\u0131nda bilgi sa\u011flayan genel trafik kontrol panellerimize g\u00f6z at\u0131n. G\u00f6r\u00fcn\u00fcrl\u00fckte temsil edilen veriler, en \u00fcst s\u0131radaki anahtar kelimelerinize dayan\u0131rken, g\u00f6sterimler, t\u0131klamalar, t\u0131klama oranlar\u0131 (TO), konumlar ve s\u0131ralamadaki anahtar kelimeler gibi di\u011ferleri, Google Search Console&#8217;un en iyi metriklerini temel al\u0131r.<\/p>\n<div class=\"content__img-wrap\"><img src=\"https:\/\/sitechecker.pro\/wp-content\/uploads\/2023\/05\/traffic_step_3-1.png\" alt=\"Trafik denetleyicisi - trafik panolar\u0131n\u0131 kullan\u0131n\" class=\"description-img description-img-zoom\" loading=\"lazy\" ><\/div>\n<p>Web sitenizin dinamiklerini sorunsuz bir \u015fekilde izlemek i\u00e7in, kullan\u0131c\u0131 dostu bir aray\u00fcze sahip panolar\u0131m\u0131zda ayr\u0131ca bir\u00e7ok ba\u015fka derinlemesine bilgi bulunur. \u00d6rne\u011fin, Google Analytics&#8217;te e-ticaret verileriniz varsa, sat\u0131\u015f verilerine ve trafik ile korelasyonlar\u0131na eri\u015febilirsiniz. Bu size web sitenizin gelir performans\u0131n\u0131n tam bir resmini verir. Ayr\u0131ca, ister g\u00fcnl\u00fck, ister haftal\u0131k veya ayl\u0131k olsun, belirli bir zaman aral\u0131\u011f\u0131 i\u00e7in verileri kontrol etmek kolayd\u0131r.<\/p>\n<div class=\"content__img-wrap\"><img src=\"https:\/\/sitechecker.pro\/wp-content\/uploads\/2023\/05\/traffic_step_3-2.png\" alt=\"Trafik denetleyicisi - GA verileri\" class=\"description-img description-img-zoom\" loading=\"lazy\" ><\/div>\n<p>GSC i\u00e7g\u00f6r\u00fcleriyle ilgileniyorsan\u0131z, performans, konumlar, g\u00f6r\u00fcn\u00fcrl\u00fck, ilk 100 anahtar kelime ve ilk 100 a\u00e7\u0131l\u0131\u015f sayfas\u0131n\u0131 i\u00e7eren panoya g\u00f6z at\u0131n.<\/p>\n<div class=\"content__img-wrap\"><img src=\"https:\/\/sitechecker.pro\/wp-content\/uploads\/2023\/05\/traffic_step_3-3.png\" alt=\"Trafik denetleyicisi - GSC verileri\" class=\"description-img description-img-zoom\" loading=\"lazy\" ><\/div>\n<p>Benzer bir pano, s\u0131ralama izleyiciden gelen anahtar kelimeler i\u00e7indir.<\/p>\n<div class=\"content__img-wrap\"><img src=\"https:\/\/sitechecker.pro\/wp-content\/uploads\/2023\/05\/traffic_step_3-4.png\" alt=\"Traffic checker - Rank Tracker data\" class=\"description-img description-img-zoom\" loading=\"lazy\" ><\/div>\n<p>Birden \u00e7ok web siteniz varsa, bir SEO ajans\u0131 i\u00e7in \u00e7al\u0131\u015f\u0131yorsan\u0131z veya b\u00fcy\u00fck bir giri\u015fimci web sitesini y\u00f6netiyorsan\u0131z, arac\u0131m\u0131z\u0131n takdir edece\u011finiz belirli bir \u00f6zelli\u011fi vard\u0131r. Proje panosu, sizin veya m\u00fc\u015fterilerinizin sahibi oldu\u011fu bir y\u0131\u011f\u0131n site i\u00e7in trafi\u011fi ve di\u011fer performans \u00f6l\u00e7\u00fcmlerini izlemenize olanak tan\u0131r. Alternatif olarak, \u00f6rne\u011fin b\u00fcy\u00fck bir projeyi belirli b\u00f6l\u00fcmlere veya dillere ay\u0131rabilir ve bunlar\u0131 ayr\u0131 ayr\u0131 izleyebilirsiniz.<\/p>\n<div class=\"content__img-wrap\"><img src=\"https:\/\/sitechecker.pro\/wp-content\/uploads\/2023\/05\/traffic_step_3-5.png\" alt=\"Trafik denetleyicisi - farkl\u0131 projeler\" class=\"description-img description-img-zoom\" loading=\"lazy\" ><\/div>\n<p>M\u00fc\u015fterileriniz i\u00e7in raporlar haz\u0131rlaman\u0131z gerekiyorsa, size yard\u0131mc\u0131 oluyoruz. Onlar\u0131 zaten sizin i\u00e7in olu\u015fturduk, bu y\u00fczden tek yapman\u0131z gereken onlar\u0131 indirmek veya payla\u015fmak.<\/p>\n<div class=\"content__img-wrap\"><img src=\"https:\/\/sitechecker.pro\/wp-content\/uploads\/2023\/05\/traffic_step_3-6.png\" alt=\"Trafik denetleyicisi - raporlar\" class=\"description-img description-img-zoom\" loading=\"lazy\" ><\/div>\n<h3 id=\"ik_competitors_website\">Rakip web sitelerinin analizi i\u00e7in<\/h3>\n<p>\u0130lk olarak, verilerin net, g\u00fcncel oldu\u011fundan ve analiz i\u00e7in yerel pazar durumu hakk\u0131nda bilgi sa\u011flad\u0131\u011f\u0131ndan emin olmak i\u00e7in belirli bir b\u00f6lge se\u00e7menizi \u00f6neririz.<\/p>\n<div class=\"content__img-wrap\"><img src=\"https:\/\/sitechecker.pro\/wp-content\/uploads\/2023\/05\/traffic_checker_competitor.png\" alt=\"Trafik denetleyicisi rakip testi\" class=\"description-img description-img-zoom\" loading=\"lazy\" ><\/div>\n<p>Bir web sitesi trafik tahmincisinin ana unsurlar\u0131na daha yak\u0131ndan bakal\u0131m ve bunlar\u0131n rakiplerinizi de\u011ferlendirmenize nas\u0131l yard\u0131mc\u0131 oldu\u011funu d\u00fc\u015f\u00fcnelim.<\/p>\n<div class=\"content__img-wrap\"><img src=\"https:\/\/sitechecker.pro\/wp-content\/uploads\/2023\/05\/traffic_checker_competitor_results.png\" alt=\"Traffic checker rakip sonu\u00e7lar\u0131\" class=\"description-img description-img-zoom\" loading=\"lazy\" ><\/div>\n<p><strong>Organik trafik:<\/strong> Alan ad\u0131n\u0131n s\u0131raland\u0131\u011f\u0131 her bir anahtar kelimeyle ili\u015fkili t\u0131klama oran\u0131 (TO) ve arama hacminden olu\u015fturulur.<\/p>\n<p><strong>Trafik De\u011feri:<\/strong> Google Arama&#8217;da t\u0131klama ba\u015f\u0131na \u00f6deme (PPC) reklamc\u0131l\u0131\u011f\u0131 yoluyla tahmini ayl\u0131k organik trafik hacmini art\u0131rmayla ili\u015fkili masraf\u0131 temsil eder. Bu, trafi\u011fin potansiyel mali de\u011ferinin anla\u015f\u0131lmas\u0131n\u0131 sa\u011flar.<\/p>\n<p><strong>Organik Arama Motoru Sonu\u00e7 Sayfas\u0131 (SERP) konumlar\u0131:<\/strong> Bu metrik, bir rakibin \u00e7e\u015fitli SERP konumlar\u0131nda yer ald\u0131\u011f\u0131 anahtar kelime say\u0131s\u0131n\u0131 g\u00f6sterir: ilk 1, 2-3, 4-10, 11-20, 21 -30, 31-50, 51-70 ve 71-100. Arama sonu\u00e7lar\u0131nda rakibin genel g\u00f6r\u00fcn\u00fcrl\u00fc\u011f\u00fc hakk\u0131nda fikir verir.<\/p>\n<p>Ayr\u0131ca rakibimizin trafik tahmini, En \u0130yi Anahtar Kelimeler adl\u0131 ek bir \u00f6zellik i\u00e7erir. Bu \u00f6zellik, sitenin s\u0131raland\u0131\u011f\u0131 ilk 30&#8217;dan fazla anahtar kelimeyi incelemenizi sa\u011flar. Her bir anahtar kelimeye, SERP&#8217;deki ilgili URL&#8217;si, arama sonu\u00e7lar\u0131ndaki konumu, ortalama ayl\u0131k arama hacmi, Google Reklamlar\u0131ndan elde edilen t\u0131klama ba\u015f\u0131na maliyet (TBM) ve web sitesinin anahtar kelime i\u00e7in s\u0131raland\u0131\u011f\u0131 en iyi co\u011frafi konumlar e\u015flik eder.<\/p>\n<div class=\"content__img-wrap\"><img src=\"https:\/\/sitechecker.pro\/wp-content\/uploads\/2023\/05\/traffic_checker_competitor_keywords.png\" alt=\"Traffic checker rakip anahtar kelimeleri\" class=\"description-img description-img-zoom\" loading=\"lazy\" ><\/div>\n<p>Yaln\u0131zca rakip site ziyaret\u00e7ilerini hesaplamakla kalmay\u0131p, ayn\u0131 zamanda teknik SEO performanslar\u0131n\u0131 da de\u011ferlendirmekle ilgileniyorsan\u0131z, SEO denetim \u00f6zelli\u011fimizden yararlanabilirsiniz.<\/p>\n<div class=\"content__img-wrap\"><img src=\"https:\/\/sitechecker.pro\/wp-content\/uploads\/2023\/05\/traffic_checker_competitor_audit.png\" alt=\"Traffic checker rakip denetim \u00f6zelli\u011fi\" class=\"description-img description-img-zoom\" loading=\"lazy\" ><\/div>\n    <div class=\"blog__conversion blog__conversion-app element__logged_out\">\n        <div class=\"blog__conversion-inner\">\n            <p class=\"title\">Trafik Denetleyici Arac\u0131m\u0131zla Web Sitenizin Performans\u0131n\u0131n G\u00fcc\u00fcn\u00fc A\u00e7\u0131\u011fa \u00c7\u0131kar\u0131n!<\/p>\n            <p class=\"description\">Geli\u015fmi\u015f trafik denetleme arac\u0131m\u0131zla web sitenizin performans\u0131n\u0131 derinlemesine inceleyin ve rakiplerinizin bir ad\u0131m \u00f6n\u00fcnde olun.<\/p>\n            <form id=\"audit__form\"\n                  class=\"article__seo-search audit__form Geli\u015fmi\u015f trafik denetleme arac\u0131m\u0131zla web sitenizin performans\u0131n\u0131 derinlemesine inceleyin ve rakiplerinizin bir ad\u0131m \u00f6n\u00fcnde olun.\"\n                  action=\"\"\n                  method=\"POST\"\n                  autocomplete=\"off\">\n                <span class=\"error\"><\/span>\n                <div class=\"error__limits\">Something went wrong. Please, try again later.<\/div>\n                <input name=\"url\"\n                       type=\"text\"\n                       placeholder=\"\">\n                <input name=\"register_url\" type=\"hidden\" value=\"traffic-checker\">                <button type=\"submit\"\n                        class=\"sitechecker__text\">\n                    <span>Trafi\u011fi Kontrol Et<\/span>\n                    <img src=\"\/wp-content\/themes\/sitechecker\/out\/img_design\/loading.svg\"\n                         width=\"31\"\n                         height=\"30\"\n                         class=\"loading\">\n                <\/button>\n            <\/form>\n        <\/div>\n    <\/div>\n    \n<h2 id=\"ik_Final\">Web Sitesi Ziyaret\u00e7i Denetleyicisi Hakk\u0131ndaki Son D\u00fc\u015f\u00fcnceler<\/h2>\n<p>Arac\u0131m\u0131z, \u00e7e\u015fitli ziyaret\u00e7i analizi ihtiya\u00e7lar\u0131 i\u00e7in evrensel bir \u00e7\u00f6z\u00fcmd\u00fcr. GA, GSC ve SERP&#8217;den gelen verileri tek bir yerde toplamak i\u00e7in kullanabilirsiniz. Tam otomatik kurulum kontrol panelleri ile faydal\u0131 bilgiler edinebilir ve size en iyi sonu\u00e7lar\u0131 verecek verilere odaklanabilirsiniz. Ayr\u0131ca, organik trafik tahmini ve fiyat de\u011ferlendirmesi dahil olmak \u00fczere pazar analizi ve rakip kontrolleri i\u00e7in kullanabilirsiniz. Kendi performans\u0131n\u0131z\u0131 art\u0131rmak i\u00e7in hangi anahtar kelimelerin rakiplerinize en iyi g\u00f6r\u00fcn\u00fcrl\u00fc\u011f\u00fc ve trafik sonu\u00e7lar\u0131n\u0131 sa\u011flad\u0131\u011f\u0131n\u0131 \u00f6\u011frenin. Trafi\u011fi tek bir yerden kontrol etmek ve analiz etmek i\u00e7in harika bir \u00e7\u00f6z\u00fcm olabilir.<\/p>\n<div id=\"FAQ\"><\/div>\n<p><div class=\"front__faq-block\"><div class=\"faq__block-title\">FAQ<\/div><div class=\"panel-group\" id=\"faq-accordion\" itemscope itemtype=\"https:\/\/schema.org\/FAQPage\" role=\"tablist\" aria-multiselectable=\"true\"><div class=\"panel\" itemscope itemtype=\"https:\/\/schema.org\/Question\" itemprop=\"mainEntity\">\n                            <div class=\"panel-heading\" id=\"headingFaq-1\">\n                                <div class=\"panel-title\" data-toggle=\"collapse\" aria-expanded=\"false\" href=\"#collapseFaq-1\">\n                                    <h3 itemprop=\"name\">Web sitesi trafi\u011fini \u00fccretsiz olarak kontrol edebilir miyim?<\/h3>\n                                <\/div>\n                            <\/div>\n                            <div id=\"collapseFaq-1\" class=\"panel-collapse collapse\" itemprop=\"acceptedAnswer\" itemscope itemtype=\"http:\/\/schema.org\/Answer\">\n                                <div class=\"panel-body\" itemprop=\"text\">Evet! Web sitesi trafik analizcimiz ile 14 g\u00fcnl\u00fck \u00fccretsiz bir deneme ba\u015flatabilir ve ara\u00e7 \u00f6zelliklerimize tam eri\u015fim elde edebilirsiniz. Ancak, deneme s\u00fcresi sona erdikten sonra, verilerinizi izlemeye devam etmek ve a\u015fa\u011f\u0131dakiler gibi ek \u00f6zelliklere eri\u015fmek isterseniz: site denetimi ve izleme vb. \u00dccretli bir plana y\u00fckseltmeniz gerekecek.<\/div>\n                            <\/div>\n                        <\/div><div class=\"panel\" itemscope itemtype=\"https:\/\/schema.org\/Question\" itemprop=\"mainEntity\">\n                            <div class=\"panel-heading\" id=\"headingFaq-2\">\n                                <div class=\"panel-title\" data-toggle=\"collapse\" aria-expanded=\"false\" href=\"#collapseFaq-2\">\n                                    <h3 itemprop=\"name\">Web sitem i\u00e7in web sitesi trafi\u011fini nas\u0131l kontrol edebilirim?<\/h3>\n                                <\/div>\n                            <\/div>\n                            <div id=\"collapseFaq-2\" class=\"panel-collapse collapse\" itemprop=\"acceptedAnswer\" itemscope itemtype=\"http:\/\/schema.org\/Answer\">\n                                <div class=\"panel-body\" itemprop=\"text\">Sitenizin alan ad\u0131n\u0131 girin ve \u00fccretsiz denemeyi ba\u015flat\u0131n. Ard\u0131ndan, kendi sitenizi kontrol etme se\u00e7ene\u011fini se\u00e7in. GSC, GA ve SERP'den eksiksiz veri paketi alacaks\u0131n\u0131z.<\/div>\n                            <\/div>\n                        <\/div><div class=\"panel\" itemscope itemtype=\"https:\/\/schema.org\/Question\" itemprop=\"mainEntity\">\n                            <div class=\"panel-heading\" id=\"headingFaq-3\">\n                                <div class=\"panel-title\" data-toggle=\"collapse\" aria-expanded=\"false\" href=\"#collapseFaq-3\">\n                                    <h3 itemprop=\"name\">Bir rakibin web sitesi i\u00e7in trafik nas\u0131l bulunur?<\/h3>\n                                <\/div>\n                            <\/div>\n                            <div id=\"collapseFaq-3\" class=\"panel-collapse collapse\" itemprop=\"acceptedAnswer\" itemscope itemtype=\"http:\/\/schema.org\/Answer\">\n                                <div class=\"panel-body\" itemprop=\"text\">Yaln\u0131zca rakibinizin alan ad\u0131n\u0131 girin ve \u00fccretsiz denemeyi ba\u015flat\u0131n. Ard\u0131ndan, rakibin sitelerini kontrol etme se\u00e7ene\u011fini se\u00e7in. Birka\u00e7 saniye i\u00e7inde, rakibinizin organik trafik verilerini, trafik de\u011ferini, organik SERP konumlar\u0131n\u0131 ve \u00fcst s\u0131ralar\u0131 alacaks\u0131n\u0131z. ziyaret\u00e7i getiren anahtar kelimeler.<\/div>\n                            <\/div>\n                        <\/div><div class=\"panel\" itemscope itemtype=\"https:\/\/schema.org\/Question\" itemprop=\"mainEntity\">\n                            <div class=\"panel-heading\" id=\"headingFaq-4\">\n                                <div class=\"panel-title\" data-toggle=\"collapse\" aria-expanded=\"false\" href=\"#collapseFaq-4\">\n                                    <h3 itemprop=\"name\">Arac\u0131 kullanarak web sitesi trafik ge\u00e7mi\u015fini g\u00f6rebilir miyim?<\/h3>\n                                <\/div>\n                            <\/div>\n                            <div id=\"collapseFaq-4\" class=\"panel-collapse collapse\" itemprop=\"acceptedAnswer\" itemscope itemtype=\"http:\/\/schema.org\/Answer\">\n                                <div class=\"panel-body\" itemprop=\"text\">Google Analytics ve Google Search Console hesaplar\u0131n\u0131z\u0131 Sitechecker'a ba\u011flayarak, sitenizin ge\u00e7mi\u015f verilerine eri\u015febileceksiniz.<\/div>\n                            <\/div>\n                        <\/div><div class=\"panel\" itemscope itemtype=\"https:\/\/schema.org\/Question\" itemprop=\"mainEntity\">\n                            <div class=\"panel-heading\" id=\"headingFaq-5\">\n                                <div class=\"panel-title\" data-toggle=\"collapse\" aria-expanded=\"false\" href=\"#collapseFaq-5\">\n                                    <h3 itemprop=\"name\">Web sitesi trafik analizi nedir?<\/h3>\n                                <\/div>\n                            <\/div>\n                            <div id=\"collapseFaq-5\" class=\"panel-collapse collapse\" itemprop=\"acceptedAnswer\" itemscope itemtype=\"http:\/\/schema.org\/Answer\">\n                                <div class=\"panel-body\" itemprop=\"text\">Web sitesi trafik analizi, davran\u0131\u015flar\u0131n\u0131 anlamak i\u00e7in web sitenizin ziyaret\u00e7ileri hakk\u0131nda veri toplamay\u0131 ve yorumlamay\u0131 (analiz etmeyi) i\u00e7erir.<\/div>\n                            <\/div>\n                        <\/div><div class=\"panel\" itemscope itemtype=\"https:\/\/schema.org\/Question\" itemprop=\"mainEntity\">\n                            <div class=\"panel-heading\" id=\"headingFaq-6\">\n                                <div class=\"panel-title\" data-toggle=\"collapse\" aria-expanded=\"false\" href=\"#collapseFaq-6\">\n                                    <h3 itemprop=\"name\">Web sitesi trafi\u011fini takip edebilir miyim?<\/h3>\n                                <\/div>\n                            <\/div>\n                            <div id=\"collapseFaq-6\" class=\"panel-collapse collapse\" itemprop=\"acceptedAnswer\" itemscope itemtype=\"http:\/\/schema.org\/Answer\">\n                                <div class=\"panel-body\" itemprop=\"text\">Arac\u0131m\u0131zla, Google Search Console, Google Analytics ve arama motoru sonu\u00e7 sayfalar\u0131ndan (SERP) trafik web sitesi istatistiklerini kolayca ve d\u00fczenli bir \u015fekilde toplayabilir ve izleyebilirsiniz.<\/div>\n                            <\/div>\n                        <\/div><\/div><\/div><\/p>","protected":false},"excerpt":{"rendered":"Web Sitesi Trafik Tahmincisi nedir? \u00c7evrimi\u00e7i varl\u0131klar\u0131n\u0131 optimize etmek isteyen herhangi bir site sahibi veya pazarlamac\u0131 i\u00e7in vazge\u00e7ilmez bir ara\u00e7t\u0131r. web sitesi trafi\u011fi denetleyicimiz, \u00e7ok y\u00f6nl\u00fc ve g\u00fc\u00e7l\u00fc bir veri analiz arac\u0131d\u0131r web sitenizin performans\u0131n\u0131 izlemenize, analiz etmenize ve optimize etmenize yard\u0131mc\u0131 olmak i\u00e7in tasarlanm\u0131\u015ft\u0131r. Alan trafi\u011fi denetleyicisinin temel \u00f6zellikleri: Hepsi Bir Arada Kontrol Paneli:&#8230;","protected":false},"author":10504980,"featured_media":6981,"parent":0,"menu_order":0,"comment_status":"closed","ping_status":"closed","template":"pages-templates\/pages-minitools-3.php","meta":[],"categories":[75],"tags":[],"_links":{"self":[{"href":"https:\/\/sitechecker.pro\/tr\/wp-json\/wp\/v2\/pages\/6404"}],"collection":[{"href":"https:\/\/sitechecker.pro\/tr\/wp-json\/wp\/v2\/pages"}],"about":[{"href":"https:\/\/sitechecker.pro\/tr\/wp-json\/wp\/v2\/types\/page"}],"author":[{"embeddable":true,"href":"https:\/\/sitechecker.pro\/tr\/wp-json\/wp\/v2\/users\/10504980"}],"replies":[{"embeddable":true,"href":"https:\/\/sitechecker.pro\/tr\/wp-json\/wp\/v2\/comments?post=6404"}],"version-history":[{"count":172,"href":"https:\/\/sitechecker.pro\/tr\/wp-json\/wp\/v2\/pages\/6404\/revisions"}],"predecessor-version":[{"id":39361,"href":"https:\/\/sitechecker.pro\/tr\/wp-json\/wp\/v2\/pages\/6404\/revisions\/39361"}],"wp:featuredmedia":[{"embeddable":true,"href":"https:\/\/sitechecker.pro\/tr\/wp-json\/wp\/v2\/media\/6981"}],"wp:attachment":[{"href":"https:\/\/sitechecker.pro\/tr\/wp-json\/wp\/v2\/media?parent=6404"}],"wp:term":[{"taxonomy":"category","embeddable":true,"href":"https:\/\/sitechecker.pro\/tr\/wp-json\/wp\/v2\/categories?post=6404"},{"taxonomy":"post_tag","embeddable":true,"href":"https:\/\/sitechecker.pro\/tr\/wp-json\/wp\/v2\/tags?post=6404"}],"curies":[{"name":"wp","href":"https:\/\/api.w.org\/{rel}","templated":true}]}}