{"id":5640,"date":"2019-03-05T16:21:18","date_gmt":"2019-03-05T16:21:18","guid":{"rendered":"https:\/\/sitechecker.pro\/?page_id=5640"},"modified":"2025-05-20T15:03:52","modified_gmt":"2025-05-20T15:03:52","slug":"ssl-checker","status":"publish","type":"page","link":"https:\/\/sitechecker.pro\/tr\/ssl-checker\/","title":{"rendered":""},"content":{"rendered":"<p class=\"qtranxs-available-languages-message qtranxs-available-languages-message-tr\">\u00dczg\u00fcn\u00fcz, bu giri\u015f yaln\u0131zca <a href=\"https:\/\/sitechecker.pro\/en\/wp-json\/wp\/v2\/pages\/5640\" class=\"qtranxs-available-language-link qtranxs-available-language-link-en\" title=\"English\">English<\/a>.<\/p>","protected":false},"excerpt":{"rendered":"\u00dczg\u00fcn\u00fcz, bu giri\u015f yaln\u0131zca English.","protected":false},"author":10409641,"featured_media":6955,"parent":0,"menu_order":0,"comment_status":"closed","ping_status":"closed","template":"pages.php","meta":[],"categories":[73],"tags":[],"_links":{"self":[{"href":"https:\/\/sitechecker.pro\/tr\/wp-json\/wp\/v2\/pages\/5640"}],"collection":[{"href":"https:\/\/sitechecker.pro\/tr\/wp-json\/wp\/v2\/pages"}],"about":[{"href":"https:\/\/sitechecker.pro\/tr\/wp-json\/wp\/v2\/types\/page"}],"author":[{"embeddable":true,"href":"https:\/\/sitechecker.pro\/tr\/wp-json\/wp\/v2\/users\/10409641"}],"replies":[{"embeddable":true,"href":"https:\/\/sitechecker.pro\/tr\/wp-json\/wp\/v2\/comments?post=5640"}],"version-history":[{"count":3,"href":"https:\/\/sitechecker.pro\/tr\/wp-json\/wp\/v2\/pages\/5640\/revisions"}],"predecessor-version":[{"id":5643,"href":"https:\/\/sitechecker.pro\/tr\/wp-json\/wp\/v2\/pages\/5640\/revisions\/5643"}],"wp:featuredmedia":[{"embeddable":true,"href":"https:\/\/sitechecker.pro\/tr\/wp-json\/wp\/v2\/media\/6955"}],"wp:attachment":[{"href":"https:\/\/sitechecker.pro\/tr\/wp-json\/wp\/v2\/media?parent=5640"}],"wp:term":[{"taxonomy":"category","embeddable":true,"href":"https:\/\/sitechecker.pro\/tr\/wp-json\/wp\/v2\/categories?post=5640"},{"taxonomy":"post_tag","embeddable":true,"href":"https:\/\/sitechecker.pro\/tr\/wp-json\/wp\/v2\/tags?post=5640"}],"curies":[{"name":"wp","href":"https:\/\/api.w.org\/{rel}","templated":true}]}}