{"id":349,"date":"2017-11-20T12:28:18","date_gmt":"2017-11-20T12:28:18","guid":{"rendered":"https:\/\/sitechecker.pro\/?page_id=349"},"modified":"2026-02-18T14:52:40","modified_gmt":"2026-02-18T14:52:40","slug":"h1-tag","status":"publish","type":"page","link":"https:\/\/sitechecker.pro\/tr\/h1-tag\/","title":{"rendered":"\u00dccretsiz H1 Etiket Denetleyicisi | Ba\u015fl\u0131k Etiketini %100 SEO Dostu Yap\u0131n \u1408"},"content":{"rendered":"<p>Sitenizdeki herhangi bir sayfan\u0131n belirli bir yap\u0131s\u0131 vard\u0131r. Her sayfan\u0131n ilk ba\u015fl\u0131\u011f\u0131n\u0131n HTML kodunda bir H1 etiketi olmal\u0131d\u0131r. Bu H1 etiketi olmadan Google, sitenizdeki i\u00e7eri\u011fin \u00f6nceli\u011fini bulmakta zorlanacakt\u0131r. Dolay\u0131s\u0131yla, H1&#8217;in makalenin ba\u015f\u0131nda bulunan herhangi bir web sayfas\u0131ndaki ana ba\u015fl\u0131k etiketi oldu\u011fu sonucuna varabiliriz. Kay\u0131t olmadan, ilk d\u00fczey ba\u015fl\u0131\u011f\u0131n belirli bir sayfada ayarlan\u0131p ayarlanmad\u0131\u011f\u0131n\u0131 veya bir olup olmad\u0131\u011f\u0131n\u0131 kontrol etmenizi sa\u011flayacak benzersiz bir \u00fccretsiz H1 bulma arac\u0131 olu\u015fturduk bo\u015f h1 sorunu var m\u0131 ve bu etiketin neyle dolu oldu\u011fu.<\/p>\n<p>Her sayfa i\u00e7in benzersiz bir H1 ba\u015fl\u0131k etiketi, bir\u00e7ok web sitesi i\u00e7in arama motorlar\u0131n\u0131n bir gereksinimidir. Sayfan\u0131z\u0131n i\u00e7eri\u011fini do\u011fru \u015fekilde tan\u0131mlayan bir etiket olu\u015fturun. \u0130yi bir H1 ba\u015fl\u0131\u011f\u0131n\u0131n hedeflenen anahtar kelimeleri i\u00e7erdi\u011fini unutmay\u0131n. Arama motoru robotlar\u0131n\u0131n sayfa i\u00e7eri\u011fini anlamas\u0131 ve okuyucular\u0131n\u0131z\u0131n i\u00e7eri\u011finizin ne hakk\u0131nda oldu\u011funu hemen \u00f6\u011frenmesi i\u00e7indir. Arama motorlar\u0131, kullan\u0131c\u0131lar\u0131n sayfalar\u0131n\u0131zda ne kadar zaman harcad\u0131klar\u0131na dikkat eder. Bu say\u0131 ne kadar y\u00fcksek olursa, arama motoru s\u0131ralamalar\u0131nda o kadar \u00fcst s\u0131ralarda yer al\u0131rs\u0131n\u0131z.<\/p>\n<p>Yap\u0131land\u0131r\u0131lm\u0131\u015f metin karakterleri, kullan\u0131c\u0131lar\u0131n daha fazla dikkatini \u00e7ekecek ve b\u00f6ylece onlar\u0131 blogunuzda veya \u00e7evrimi\u00e7i ma\u011faza sayfan\u0131zda daha uzun s\u00fcre tutmaya yard\u0131mc\u0131 olacakt\u0131r. Yaln\u0131zca bir birinci d\u00fczey ba\u015fl\u0131k kullan\u0131lmas\u0131 \u00f6nemlidir. Sitenizi SEO uzant\u0131s\u0131 ara\u00e7lar\u0131nda tararken eksik H1 ile kar\u015f\u0131la\u015fabilirsiniz \u2013 bir <a href=\"https:\/\/sitechecker.pro\/site-audit-issues\/h1-duplicates\/\">yinelenen h1 sorunu<\/a>. H1 test cihaz\u0131n\u0131 kullanarak kullan\u0131c\u0131lar\u0131 ve arama motoru robotlar\u0131n\u0131 yanl\u0131\u015f y\u00f6nlendirmek i\u00e7in bu hatay\u0131 ortadan kald\u0131r\u0131n.<\/p>\n<p>Arama motoru taray\u0131c\u0131lar\u0131, sayfan\u0131z\u0131n konusunu ve anahtar kelimenin varl\u0131\u011f\u0131n\u0131 bilmek i\u00e7in H1 etiketini analiz eder. Etiketin varl\u0131\u011f\u0131n\u0131 kontrol etmek i\u00e7in \u00fccretsiz H1 Checker testimizi kullan\u0131n. Bu makale, arac\u0131m\u0131z\u0131 nas\u0131l kullanaca\u011f\u0131n\u0131z\u0131 ve web sitenizin sayfalar\u0131ndaki H1 ba\u015fl\u0131klar\u0131n\u0131 kontrol etmenin neden \u00f6nemli oldu\u011funu a\u00e7\u0131klayacakt\u0131r.<\/p>\n<h2 id=\"ik_Guide\">H1 Checker Kullan\u0131m\u0131: Ad\u0131m Ad\u0131m K\u0131lavuz<\/h2>\n<p>H1 Checker, uzunlu\u011funu da analiz edecek ve hesaplayacak olan H1 etiketinin varl\u0131\u011f\u0131n\u0131 kontrol etmek i\u00e7in \u00e7evrimi\u00e7i bir ara\u00e7t\u0131r. Sayfay\u0131 s\u0131ralamak i\u00e7in anahtar kelime bilgilerini de iletebilirsiniz.<\/p>\n<h3>1. Ad\u0131m: URL&#8217;nizi girin<\/h3>\n<p>Unutmay\u0131n, her sayfaya <a href=\"https:\/\/sitechecker.pro\/h1-tag-requirements-writing-properly\/\" rel=\"noopener noreferrer\" target=\"_blank\">H1 etiketi eklemek<\/a> optimizasyon i\u00e7in \u00f6nerilir. \u00d6rne\u011fin, sitechecker.pro web sitemize k\u0131yasla arac\u0131n ana sayfada nas\u0131l \u00e7al\u0131\u015ft\u0131\u011f\u0131n\u0131 g\u00f6stermeye karar verdik. Bu y\u00fczden kontrol etmek istedi\u011finiz sayfay\u0131 bo\u015f bir alana girin ve ok butonuna t\u0131klay\u0131n. A\u015fa\u011f\u0131da ekran g\u00f6r\u00fcnt\u00fclerini bulacaks\u0131n\u0131z.<\/p>\n<div class=\"content__img-wrap\"><img src=\"https:\/\/sitechecker.pro\/wp-content\/uploads\/2022\/04\/h1-checker-new-1-1.jpg\" alt=\"H1 Checker ana sayfas\u0131\" class=\"description-img description-img-zoom\" loading=\"lazy\" ><\/div>\n<h3>2. Ad\u0131m: H1 Etiket Denetleyicisi Sonu\u00e7lar\u0131n\u0131 Yorumlama<\/h3>\n<p>Analiz cihaz\u0131ndaki tarama tamamland\u0131ktan sonra, taranan sitenin belirli sayfas\u0131nda H1 etiketi hakk\u0131nda tam bilgi alacaks\u0131n\u0131z. Ayr\u0131ca tarama s\u0131ras\u0131nda alan ad\u0131n\u0131n t\u00fcm sayfalar\u0131n\u0131 ayn\u0131 anda de\u011fil, yaln\u0131zca bir sayfay\u0131 kontrol edebilece\u011finizi unutmamal\u0131s\u0131n\u0131z.<\/p>\n<p>Eh, taraman\u0131n bitiminden sonraki sonu\u00e7 sayfas\u0131nda, sadece H1 etiketini de\u011fil, ayn\u0131 zamanda say\u0131s\u0131n\u0131, uzunlu\u011funu, s\u0131n\u0131r\u0131n\u0131 ve etiketin sayfan\u0131z\u0131n ba\u015fl\u0131\u011f\u0131yla e\u015fle\u015fip e\u015fle\u015fmedi\u011fini de g\u00f6receksiniz.<\/p>\n<div class=\"content__img-wrap\"><img src=\"https:\/\/sitechecker.pro\/wp-content\/uploads\/2022\/04\/h1-checker-new-2-1.jpg\" alt=\"H1 Checker sonu\u00e7lar\u0131\" class=\"description-img description-img-zoom\" loading=\"lazy\" ><\/div>\n<h2 id=\"ik_Cases\">H1 Checker Gerekti\u011finde Durumlar<\/h2>\n<p>H1 etiketi i\u00e7in site sayfalar\u0131n\u0131z\u0131 ne zaman kontrol etmeniz gerekti\u011fine bakal\u0131m.<\/p>\n<ul>\n<li>Sitenizdeki i\u00e7eri\u011fi optimize etmek istiyorsunuz.<\/li>\n<li>Rakibinizin sayfalar\u0131ndaki i\u00e7eri\u011fi analiz etmek istiyorsunuz.<\/li>\n<li>Ayr\u0131ca, sitenizin sayfalar\u0131nda H1 etiketinin bulunup bulunmad\u0131\u011f\u0131n\u0131 kontrol etmek istiyorsunuz.<\/li>\n<\/ul>\n<p>G\u00f6rd\u00fc\u011f\u00fcn\u00fcz gibi sitenizin sayfalar\u0131n\u0131 kontrol etmek ve rakiplerinizin sitelerinin sayfalar\u0131n\u0131 kontrol etmek i\u00e7in arac\u0131m\u0131z\u0131 kullanabilirsiniz.<\/p>\n    <div class=\"blog__conversion blog__conversion-app element__logged_out\">\n        <div class=\"blog__conversion-inner\">\n            <p class=\"title\">Yaln\u0131zca H1 etiketini de\u011fil, ayn\u0131 zamanda \u00fczerindeki teknik hatalar\u0131 da \u00f6\u011frenin!<\/p>\n            <p class=\"description\">Web sitenizdeki t\u00fcm site d\u00fczeyindeki ve sayfa d\u00fczeyindeki sorunlar\u0131 bulmak ve d\u00fczeltmek i\u00e7in tam bir denetim ger\u00e7ekle\u015ftirin.<\/p>\n            <form id=\"audit__form\"\n                  class=\"article__seo-search audit__form Web sitenizdeki t\u00fcm site d\u00fczeyindeki ve sayfa d\u00fczeyindeki sorunlar\u0131 bulmak ve d\u00fczeltmek i\u00e7in tam bir denetim ger\u00e7ekle\u015ftirin.\"\n                  action=\"\"\n                  method=\"POST\"\n                  autocomplete=\"off\">\n                <span class=\"error\"><\/span>\n                <div class=\"error__limits\">Something went wrong. Please, try again later.<\/div>\n                <input name=\"url\"\n                       type=\"text\"\n                       placeholder=\"Alan ad\u0131n\u0131z\u0131 buraya girin\">\n                                <button type=\"submit\"\n                        class=\"sitechecker__text\">\n                    <span>Denetim ba\u015flat<\/span>\n                    <img src=\"\/wp-content\/themes\/sitechecker\/out\/img_design\/loading.svg\"\n                         width=\"31\"\n                         height=\"30\"\n                         class=\"loading\">\n                <\/button>\n            <\/form>\n        <\/div>\n    <\/div>\n    \n<p><div class=\"front__faq-block\"><div class=\"faq__block-title\">SSS<\/div><div class=\"panel-group\" id=\"faq-accordion\" itemscope itemtype=\"https:\/\/schema.org\/FAQPage\" role=\"tablist\" aria-multiselectable=\"true\"><div class=\"panel\" itemscope itemtype=\"https:\/\/schema.org\/Question\" itemprop=\"mainEntity\">\n                            <div class=\"panel-heading\" id=\"headingFaq-1\">\n                                <div class=\"panel-title\" data-toggle=\"collapse\" aria-expanded=\"false\" href=\"#collapseFaq-1\">\n                                    <h3 itemprop=\"name\">H1 ne anlama geliyor?<\/h3>\n                                <\/div>\n                            <\/div>\n                            <div id=\"collapseFaq-1\" class=\"panel-collapse collapse\" itemprop=\"acceptedAnswer\" itemscope itemtype=\"http:\/\/schema.org\/Answer\">\n                                <div class=\"panel-body\" itemprop=\"text\">Web sitelerinin her sayfas\u0131ndaki birka\u00e7 ba\u015fl\u0131k, i\u00e7eri\u011finizi yap\u0131land\u0131rman\u0131za izin verir. Bununla birlikte, yaln\u0131zca bir ana ba\u015fl\u0131k etiketi vard\u0131r. H1, bir web sayfas\u0131nda ba\u015fl\u0131k olarak say\u0131lan HTML etiketidir. Bunu, a\u015fa\u011f\u0131daki ba\u015fl\u0131kla kar\u015f\u0131la\u015ft\u0131rabilirsiniz. bir dergi.<\/div>\n                            <\/div>\n                        <\/div><div class=\"panel\" itemscope itemtype=\"https:\/\/schema.org\/Question\" itemprop=\"mainEntity\">\n                            <div class=\"panel-heading\" id=\"headingFaq-2\">\n                                <div class=\"panel-title\" data-toggle=\"collapse\" aria-expanded=\"false\" href=\"#collapseFaq-2\">\n                                    <h3 itemprop=\"name\">H1 de\u011feri nedir?<\/h3>\n                                <\/div>\n                            <\/div>\n                            <div id=\"collapseFaq-2\" class=\"panel-collapse collapse\" itemprop=\"acceptedAnswer\" itemscope itemtype=\"http:\/\/schema.org\/Answer\">\n                                <div class=\"panel-body\" itemprop=\"text\">&lt;H1&gt; HTML etiketi, sayfadaki ilk ba\u015fl\u0131k etiketidir ve HTML krom kodunda g\u00f6r\u00fcnt\u00fclendi\u011finde, H1'in de\u011feri &lt;h1&gt;\/h1&gt; etiketleri i\u00e7ine al\u0131n\u0131r.<\/div>\n                            <\/div>\n                        <\/div><div class=\"panel\" itemscope itemtype=\"https:\/\/schema.org\/Question\" itemprop=\"mainEntity\">\n                            <div class=\"panel-heading\" id=\"headingFaq-3\">\n                                <div class=\"panel-title\" data-toggle=\"collapse\" aria-expanded=\"false\" href=\"#collapseFaq-3\">\n                                    <h3 itemprop=\"name\">H1'i kontrol etmenin di\u011fer yollar\u0131 nelerdir?<\/h3>\n                                <\/div>\n                            <\/div>\n                            <div id=\"collapseFaq-3\" class=\"panel-collapse collapse\" itemprop=\"acceptedAnswer\" itemscope itemtype=\"http:\/\/schema.org\/Answer\">\n                                <div class=\"panel-body\" itemprop=\"text\">H1 etiketiniz sayfa i\u00e7eri\u011finin en \u00fcst\u00fcnde olmal\u0131d\u0131r. CSS kodunu inceleyebilir ve etiketin olup olmad\u0131\u011f\u0131n\u0131 kontrol edebilirsiniz. Etiketi kontrol etmek i\u00e7in SEO ara\u00e7lar\u0131n\u0131 da kullanabilirsiniz.<\/div>\n                            <\/div>\n                        <\/div><div class=\"panel\" itemscope itemtype=\"https:\/\/schema.org\/Question\" itemprop=\"mainEntity\">\n                            <div class=\"panel-heading\" id=\"headingFaq-4\">\n                                <div class=\"panel-title\" data-toggle=\"collapse\" aria-expanded=\"false\" href=\"#collapseFaq-4\">\n                                    <h3 itemprop=\"name\">H1 Ba\u015fl\u0131k Etiketinin \u00f6nemi nedir?<\/h3>\n                                <\/div>\n                            <\/div>\n                            <div id=\"collapseFaq-4\" class=\"panel-collapse collapse\" itemprop=\"acceptedAnswer\" itemscope itemtype=\"http:\/\/schema.org\/Answer\">\n                                <div class=\"panel-body\" itemprop=\"text\">H1, arama motoruna ve site kullan\u0131c\u0131lar\u0131na web sayfan\u0131z\u0131n ne hakk\u0131nda oldu\u011funu s\u00f6yler. H1, sayfan\u0131n i\u00e7eri\u011fini do\u011fru bir \u015fekilde yans\u0131tmal\u0131d\u0131r.<\/div>\n                            <\/div>\n                        <\/div><\/div><\/div><\/p>","protected":false},"excerpt":{"rendered":"Sitenizdeki herhangi bir sayfan\u0131n belirli bir yap\u0131s\u0131 vard\u0131r. Her sayfan\u0131n ilk ba\u015fl\u0131\u011f\u0131n\u0131n HTML kodunda bir H1 etiketi olmal\u0131d\u0131r. Bu H1 etiketi olmadan Google, sitenizdeki i\u00e7eri\u011fin \u00f6nceli\u011fini bulmakta zorlanacakt\u0131r. Dolay\u0131s\u0131yla, H1&#8217;in makalenin ba\u015f\u0131nda bulunan herhangi bir web sayfas\u0131ndaki ana ba\u015fl\u0131k etiketi oldu\u011fu sonucuna varabiliriz. Kay\u0131t olmadan, ilk d\u00fczey ba\u015fl\u0131\u011f\u0131n belirli bir sayfada ayarlan\u0131p ayarlanmad\u0131\u011f\u0131n\u0131 veya bir&#8230;","protected":false},"author":11474150,"featured_media":3427,"parent":0,"menu_order":0,"comment_status":"closed","ping_status":"closed","template":"pages-templates\/pages-minitools-3.php","meta":[],"categories":[70],"tags":[],"_links":{"self":[{"href":"https:\/\/sitechecker.pro\/tr\/wp-json\/wp\/v2\/pages\/349"}],"collection":[{"href":"https:\/\/sitechecker.pro\/tr\/wp-json\/wp\/v2\/pages"}],"about":[{"href":"https:\/\/sitechecker.pro\/tr\/wp-json\/wp\/v2\/types\/page"}],"author":[{"embeddable":true,"href":"https:\/\/sitechecker.pro\/tr\/wp-json\/wp\/v2\/users\/11474150"}],"replies":[{"embeddable":true,"href":"https:\/\/sitechecker.pro\/tr\/wp-json\/wp\/v2\/comments?post=349"}],"version-history":[{"count":45,"href":"https:\/\/sitechecker.pro\/tr\/wp-json\/wp\/v2\/pages\/349\/revisions"}],"predecessor-version":[{"id":39341,"href":"https:\/\/sitechecker.pro\/tr\/wp-json\/wp\/v2\/pages\/349\/revisions\/39341"}],"wp:featuredmedia":[{"embeddable":true,"href":"https:\/\/sitechecker.pro\/tr\/wp-json\/wp\/v2\/media\/3427"}],"wp:attachment":[{"href":"https:\/\/sitechecker.pro\/tr\/wp-json\/wp\/v2\/media?parent=349"}],"wp:term":[{"taxonomy":"category","embeddable":true,"href":"https:\/\/sitechecker.pro\/tr\/wp-json\/wp\/v2\/categories?post=349"},{"taxonomy":"post_tag","embeddable":true,"href":"https:\/\/sitechecker.pro\/tr\/wp-json\/wp\/v2\/tags?post=349"}],"curies":[{"name":"wp","href":"https:\/\/api.w.org\/{rel}","templated":true}]}}