{"id":33479,"date":"2024-09-18T09:57:42","date_gmt":"2024-09-18T09:57:42","guid":{"rendered":"https:\/\/sitechecker.pro\/?page_id=33479"},"modified":"2024-09-18T12:27:14","modified_gmt":"2024-09-18T12:27:14","slug":"product-updates-september-2024","status":"publish","type":"page","link":"https:\/\/sitechecker.pro\/tr\/product-updates-september-2024\/","title":{"rendered":"What&#8217;s New in Sitechecker (September 2024)"},"content":{"rendered":"<p class=\"qtranxs-available-languages-message qtranxs-available-languages-message-tr\">\u00dczg\u00fcn\u00fcz, bu giri\u015f yaln\u0131zca <a href=\"https:\/\/sitechecker.pro\/en\/wp-json\/wp\/v2\/pages\/33479\" class=\"qtranxs-available-language-link qtranxs-available-language-link-en\" title=\"English\">English<\/a>.<\/p>","protected":false},"excerpt":{"rendered":"\u00dczg\u00fcn\u00fcz, bu giri\u015f yaln\u0131zca English.","protected":false},"author":10409641,"featured_media":33482,"parent":0,"menu_order":0,"comment_status":"closed","ping_status":"closed","template":"pages-templates\/pages-v2.php","meta":[],"categories":[39],"tags":[],"_links":{"self":[{"href":"https:\/\/sitechecker.pro\/tr\/wp-json\/wp\/v2\/pages\/33479"}],"collection":[{"href":"https:\/\/sitechecker.pro\/tr\/wp-json\/wp\/v2\/pages"}],"about":[{"href":"https:\/\/sitechecker.pro\/tr\/wp-json\/wp\/v2\/types\/page"}],"author":[{"embeddable":true,"href":"https:\/\/sitechecker.pro\/tr\/wp-json\/wp\/v2\/users\/10409641"}],"replies":[{"embeddable":true,"href":"https:\/\/sitechecker.pro\/tr\/wp-json\/wp\/v2\/comments?post=33479"}],"version-history":[{"count":1,"href":"https:\/\/sitechecker.pro\/tr\/wp-json\/wp\/v2\/pages\/33479\/revisions"}],"predecessor-version":[{"id":33480,"href":"https:\/\/sitechecker.pro\/tr\/wp-json\/wp\/v2\/pages\/33479\/revisions\/33480"}],"wp:featuredmedia":[{"embeddable":true,"href":"https:\/\/sitechecker.pro\/tr\/wp-json\/wp\/v2\/media\/33482"}],"wp:attachment":[{"href":"https:\/\/sitechecker.pro\/tr\/wp-json\/wp\/v2\/media?parent=33479"}],"wp:term":[{"taxonomy":"category","embeddable":true,"href":"https:\/\/sitechecker.pro\/tr\/wp-json\/wp\/v2\/categories?post=33479"},{"taxonomy":"post_tag","embeddable":true,"href":"https:\/\/sitechecker.pro\/tr\/wp-json\/wp\/v2\/tags?post=33479"}],"curies":[{"name":"wp","href":"https:\/\/api.w.org\/{rel}","templated":true}]}}