{"id":29362,"date":"2023-12-24T09:35:05","date_gmt":"2023-12-24T09:35:05","guid":{"rendered":"https:\/\/sitechecker.pro\/?page_id=29362"},"modified":"2025-09-05T12:39:44","modified_gmt":"2025-09-05T12:39:44","slug":"best-google-ads-looker-studio-templates","status":"publish","type":"page","link":"https:\/\/sitechecker.pro\/tr\/google-ads-looker-studio-templates\/","title":{"rendered":"5 Best Google Ads Looker Studio Templates"},"content":{"rendered":"<p class=\"qtranxs-available-languages-message qtranxs-available-languages-message-tr\">\u00dczg\u00fcn\u00fcz, bu giri\u015f yaln\u0131zca <a href=\"https:\/\/sitechecker.pro\/en\/wp-json\/wp\/v2\/pages\/29362\" class=\"qtranxs-available-language-link qtranxs-available-language-link-en\" title=\"English\">English<\/a>.<\/p>","protected":false},"excerpt":{"rendered":"\u00dczg\u00fcn\u00fcz, bu giri\u015f yaln\u0131zca English.","protected":false},"author":10409641,"featured_media":29364,"parent":0,"menu_order":0,"comment_status":"closed","ping_status":"closed","template":"pages-templates\/pages-v2.php","meta":[],"categories":[32],"tags":[],"_links":{"self":[{"href":"https:\/\/sitechecker.pro\/tr\/wp-json\/wp\/v2\/pages\/29362"}],"collection":[{"href":"https:\/\/sitechecker.pro\/tr\/wp-json\/wp\/v2\/pages"}],"about":[{"href":"https:\/\/sitechecker.pro\/tr\/wp-json\/wp\/v2\/types\/page"}],"author":[{"embeddable":true,"href":"https:\/\/sitechecker.pro\/tr\/wp-json\/wp\/v2\/users\/10409641"}],"replies":[{"embeddable":true,"href":"https:\/\/sitechecker.pro\/tr\/wp-json\/wp\/v2\/comments?post=29362"}],"version-history":[{"count":2,"href":"https:\/\/sitechecker.pro\/tr\/wp-json\/wp\/v2\/pages\/29362\/revisions"}],"predecessor-version":[{"id":29365,"href":"https:\/\/sitechecker.pro\/tr\/wp-json\/wp\/v2\/pages\/29362\/revisions\/29365"}],"wp:featuredmedia":[{"embeddable":true,"href":"https:\/\/sitechecker.pro\/tr\/wp-json\/wp\/v2\/media\/29364"}],"wp:attachment":[{"href":"https:\/\/sitechecker.pro\/tr\/wp-json\/wp\/v2\/media?parent=29362"}],"wp:term":[{"taxonomy":"category","embeddable":true,"href":"https:\/\/sitechecker.pro\/tr\/wp-json\/wp\/v2\/categories?post=29362"},{"taxonomy":"post_tag","embeddable":true,"href":"https:\/\/sitechecker.pro\/tr\/wp-json\/wp\/v2\/tags?post=29362"}],"curies":[{"name":"wp","href":"https:\/\/api.w.org\/{rel}","templated":true}]}}