{"id":2833,"date":"2019-01-25T09:12:58","date_gmt":"2019-01-25T09:12:58","guid":{"rendered":"https:\/\/sitechecker.pro\/?page_id=2833"},"modified":"2024-09-25T10:24:57","modified_gmt":"2024-09-25T10:24:57","slug":"backlinks-checker","status":"publish","type":"page","link":"https:\/\/sitechecker.pro\/tr\/backlinks-checker\/","title":{"rendered":"Backlink Kontrol ve \u0130zleme Arac\u0131: Backlinkleri Analiz Edin \u1408"},"content":{"rendered":"<p>Sitenizin sayfalar\u0131nda ba\u015fka bir siteye <b>ba\u011flad\u0131\u011f\u0131n\u0131zda <\/b> buna <b>geri ba\u011flant\u0131<\/b> denir. Web siteleri, ba\u011flant\u0131 a\u011f\u0131rl\u0131\u011f\u0131n\u0131 ve kullan\u0131c\u0131 trafi\u011fini iletmek i\u00e7in bu t\u00fcr ba\u011flant\u0131lar\u0131 de\u011fi\u015ftirir. Bununla birlikte, t\u00fcm ba\u011flant\u0131lar sitenizin arama motoru s\u0131ralamas\u0131n\u0131 olumlu y\u00f6nde etkileyemez. Linkinize <b>backlink verirken <\/b>sitelerin otoritesine ve konusuna dikkat etmelisiniz. D\u00fc\u015f\u00fck kaliteli sitelerden geri ba\u011flant\u0131lar al\u0131rsan\u0131z, <b>arama motoru<\/b> sitenizin de kalitesiz oldu\u011funu d\u00fc\u015f\u00fcnebilir. Bu nedenle, geri ba\u011flant\u0131lar\u0131 kontrol etmek ve hangi sitelerin size ba\u011flant\u0131 verdi\u011fini ve hangi sitelere ba\u011flant\u0131 verdi\u011finizi g\u00f6rmek \u00f6nemlidir.<\/p>\n<p>Ba\u011flant\u0131 verdi\u011finiz sitenin t\u00fcm geri ba\u011flant\u0131 profilini analiz eden <b>Geri Ba\u011flant\u0131 Denetleyicisi<\/b> adl\u0131 \u00fccretsiz bir ara\u00e7 geli\u015ftirdik. Rakiplerinizin geri ba\u011flant\u0131 denetimlerini yapmak i\u00e7in de \u00fccretsiz olarak kullanabilirsiniz. Pazarlama ara\u015ft\u0131rman\u0131z, rakiplerinizin geri ba\u011flant\u0131lar\u0131 hakk\u0131ndaki bilgilerden yararlanabilir, bu nedenle arac\u0131m\u0131z bu g\u00f6rev i\u00e7in de faydal\u0131 olacakt\u0131r. <b>Geri ba\u011flant\u0131 test arac\u0131m\u0131z<\/b> ile ba\u011flant\u0131lar\u0131 nas\u0131l ve neden kontrol etti\u011finizi size anlataca\u011f\u0131z.<\/p>\n<h2 id=\"ik_Guide\">Geri Ba\u011flant\u0131 Denetleyicisi Kullan\u0131m\u0131: Ad\u0131m Ad\u0131m K\u0131lavuz<\/h2>\n<p>Arama motorlar\u0131nda yetkin bir \u015fekilde y\u00fckselmek i\u00e7in bir\u00e7ok fakt\u00f6re dikkat etmelisiniz. \u00d6nemli bir fakt\u00f6r, geri ba\u011flant\u0131lar\u0131n kalitesi ve miktar\u0131d\u0131r. Arama motorlar\u0131, sitenizden d\u00fc\u015f\u00fck kaliteli ve toksik sitelere verilen ba\u011flant\u0131lar\u0131 kald\u0131rman\u0131z\u0131 \u00f6nerir. Aksi takdirde arama motoru taraf\u0131ndan cezaland\u0131r\u0131labilir ve yapt\u0131r\u0131mlara maruz kalabilirsiniz. Ard\u0131ndan, siteniz i\u00e7in potansiyel trafik ve m\u00fc\u015fteri kaybedersiniz ve arama sonu\u00e7lar\u0131ndan d\u00fc\u015fersiniz.<\/p>\n<p>Web sitenizde kapsaml\u0131 bir geri ba\u011flant\u0131 denetimi ger\u00e7ekle\u015ftirmek i\u00e7in \u00fccretsiz bir Backlink Checker test arac\u0131 geli\u015ftirdik. \u0130zleyici yaz\u0131l\u0131m\u0131m\u0131z\u0131n temel amac\u0131, geri ba\u011flant\u0131lar\u0131 kontrol etmek ve herhangi bir<b> URL<\/b>&#8216;nin geri ba\u011flant\u0131 profilini aramakt\u0131r.<\/p>\n<p>Yeni analiz ara\u00e7lar\u0131m\u0131z\u0131n kullan\u0131m\u0131 \u00e7ok kolay. <b> web sitemizin site denetleyicisini kullanma. pro <\/b>\u00f6rne\u011fi a\u015fa\u011f\u0131da, web sitenizde iki basit ad\u0131mda nas\u0131l geri ba\u011flant\u0131 taramas\u0131 ve analizi yapabilece\u011finizi g\u00f6sterece\u011fiz.<\/p>\n<h3>1. Ad\u0131m: URL&#8217;nizi girin<\/h3>\n<p>Arac\u0131m\u0131za ilginizi \u00e7eken <b>URL sayfas\u0131n\u0131<\/b> girin. Siteniz veya rakip etki alan\u0131n\u0131z olabilir. Ard\u0131ndan ok d\u00fc\u011fmesini t\u0131klay\u0131n ve <b>analiz etmeye<\/b> ba\u015flay\u0131n.<br \/>\n<div class=\"content__img-wrap\"><img src=\"https:\/\/sitechecker.pro\/wp-content\/uploads\/2022\/04\/backlink-checker-new--1.jpg\" alt=\"Backlink taray\u0131c\u0131 taramas\u0131 - ba\u015far\u0131l\u0131 ba\u011flant\u0131 kurma stratejileri i\u00e7in backlink kontrol arac\u0131n\u0131 kullan\u0131n\" class=\"description-img description-img-zoom\" loading=\"lazy\" ><\/div><\/p>\n<h3>2. Ad\u0131m: \u00dccretsiz Backlink Checker Sonu\u00e7lar\u0131n\u0131 Yorumlama<\/h3>\n<p>Tarama tamamland\u0131ktan sonra, geri ba\u011flant\u0131lar\u0131n durumu hakk\u0131nda ayr\u0131nt\u0131l\u0131 bir rapor g\u00f6receksiniz. Hem <b>dofollow hem de nofollow<\/b> ba\u011flant\u0131lar\u0131 ve toplam geri d\u00f6n\u00fc\u015fler ve <b>y\u00f6nlendiren alanlar<\/b> olacakt\u0131r. Bu bilgileri analiz edin ve sitenizin <b> arama motorlar\u0131nda<\/b> tan\u0131t\u0131m\u0131na zarar vermemek i\u00e7in d\u00fc\u015f\u00fck kaliteli geri ba\u011flant\u0131lardan kurtulun. Hatta sizinkini ve rekabet\u00e7i <b>sonu\u00e7lar\u0131<\/b> indirebilirsiniz.<br \/>\n<div class=\"content__img-wrap\"><img src=\"https:\/\/sitechecker.pro\/wp-content\/uploads\/2022\/05\/backlinks_checker_result.png\" alt=\"Geri Ba\u011flant\u0131 Denetleyicisi Ba\u011flant\u0131 sayac\u0131 - spam i\u00e7erikli ba\u011flant\u0131lar\u0131 tespit etmek i\u00e7in geri ba\u011flant\u0131 analizi i\u00e7in geri ba\u011flant\u0131 denetleyicisi kullan\u0131n ba\u015far\u0131l\u0131 ba\u011flant\u0131 kurma\" class=\"description-img description-img-zoom\" loading=\"lazy\" ><\/div><\/p>\n<p>SEO i\u00e7in geri ba\u011flant\u0131lar\u0131n gerekli oldu\u011funu unutmay\u0131n. Kaliteli ba\u011flant\u0131lar, rakiplerinizle olan trafik yar\u0131\u015f\u0131nda size yard\u0131mc\u0131 olabilir. \u00dccretsiz bir geri ba\u011flant\u0131 derecelendirmesi <b>taray\u0131c\u0131 arac\u0131<\/b> ile, geri ba\u011flant\u0131lar\u0131 zahmetsizce inceleyebilirsiniz.<\/p>\n<h2 id=\"ik_Cases\">Geri Ba\u011flant\u0131 Denetleyicisinin Gerekli Oldu\u011fu Durumlar<\/h2>\n<p>Sitenize verilen geri ba\u011flant\u0131lar, arama motorlar\u0131n\u0131n di\u011fer sitelerin sitenizin <b>yetkili<\/b> oldu\u011funu d\u00fc\u015f\u00fcnd\u00fcklerini bilmesini sa\u011flar. Sitenize bir\u00e7ok iyi site ba\u011flant\u0131 veriyorsa, arama motoru sitenizi iyi olarak de\u011ferlendirir ve size daha fazla arama motoru s\u0131ralamas\u0131 verir. \u0130\u00e7eri\u011finize ba\u011fl\u0131ysa, siteniz kullan\u0131c\u0131lar i\u00e7in faydal\u0131d\u0131r ve arama motorunda <b>\u00fcretici sorgular\u0131<\/b> i\u00e7in g\u00f6sterilebilir. Geri ba\u011flant\u0131 alman\u0131n sitenizin <b>f\u0131rsatlar\u0131 <\/b> ve kullan\u0131c\u0131 trafi\u011fi miktar\u0131 \u00fczerinde olumlu bir etkisi vard\u0131r.<\/p>\n<p>Peki, bir geri ba\u011flant\u0131 sitesi <b>geli\u015ftirme stratejisi<\/b> kullanmaktan ne zaman yararlanabilirsiniz? D\u0131\u015f ba\u011flant\u0131lardan para kazanabilirsiniz, ancak \u00e7ok zaman alacakt\u0131r. Bir sitenin ba\u011flant\u0131 profili olu\u015fturmak i\u00e7in, kullan\u0131c\u0131lar\u0131n sitelerinde <b>sosyal a\u011flar\u0131nda<\/b> payla\u015fmak isteyecekleri <b>faydal\u0131 i\u00e7eri\u011fi <\/b>belirlemeniz gerekir. Yaln\u0131zca <b>kaliteli<\/b> metin i\u00e7eri\u011fi, kullan\u0131c\u0131lar\u0131n ve di\u011fer sitelerin sahiplerinin dikkatini \u00e7eker.<\/p>\n<p>Ba\u011flant\u0131lar\u0131 nas\u0131l alabilirsiniz? Yararl\u0131 veriler ve i\u00e7erik olu\u015fturun, geri ba\u011flant\u0131lar sizi bulacakt\u0131r. <b>Ortaklar\u0131n\u0131zla<\/b> ba\u011flant\u0131 al\u0131\u015fveri\u015fi yap\u0131n. <b>Misafir g\u00f6nderileri<\/b> yaz\u0131n ve bunlar\u0131 pop\u00fcler sitelerin edit\u00f6rlerine sunun. Bir\u00e7ok web sitesi yarat\u0131c\u0131s\u0131, kaliteli i\u00e7eri\u011fi kabul etmekten ve sitenize anahtar kelime \u00e7apan\u0131zla tamamen \u00fccretsiz ba\u011flant\u0131 vermekten memnuniyet duyar! Di\u011fer bir se\u00e7enek ise link sat\u0131n almakt\u0131r. Bu se\u00e7enekte bile belirli web sitelerini izlemeniz gerekir.<\/p>\n<p>Geri ba\u011flant\u0131lar\u0131n miktar\u0131n\u0131 ve kalitesini <b>kontrol etmeniz <\/b> \u00e7\u00fcnk\u00fc hepsi siteniz i\u00e7in e\u015fit derecede faydal\u0131 de\u011fildir. <b>rakipler <\/b>sitenizin tan\u0131t\u0131m\u0131na zarar vermek i\u00e7in d\u00fc\u015f\u00fck dr puan kalitesinden ve k\u00f6t\u00fc ve spam kaynaklar\u0131ndan sitenize ba\u011flant\u0131lar sat\u0131n alabilir. Sayg\u0131n ve spam i\u00e7ermeyen kaynaklardan gelen geri ba\u011flant\u0131lar size fayda sa\u011flayacak ve arama motoru s\u0131ralaman\u0131z\u0131 olumlu y\u00f6nde etkileyecektir. Kullan\u0131c\u0131lar sitenizin ba\u011flant\u0131s\u0131n\u0131 takip ederken, kullan\u0131c\u0131 gelen trafi\u011fini al\u0131rs\u0131n\u0131z. Ayr\u0131ca, almasalar bile, ba\u011flant\u0131 a\u011f\u0131rl\u0131\u011f\u0131 al\u0131rs\u0131n\u0131z. <b>Sayg\u0131n sitelerden<\/b> bahsedin ve sitenizin <b>arama motoru s\u0131ralamalar\u0131nda<\/b> s\u0131ralamas\u0131n\u0131 y\u00fckseltin.<\/p>\n<p>Arama motoru sonu\u00e7lar\u0131nda \u00fcst s\u0131ralarda yer almak ve web sitenize daha fazla organik trafik \u00e7ekmek i\u00e7in geri ba\u011flant\u0131lar\u0131n\u0131z\u0131n miktar\u0131n\u0131 ve kalitesini izlemeniz \u00f6nerilir. Ba\u011flant\u0131 profilinizi analiz etmek i\u00e7in ahrefs ile yapt\u0131\u011f\u0131n\u0131z gibi Backlink bulucuyu kullan\u0131n. Geri ba\u011flant\u0131lar\u0131 kontrol etmek ve analiz etmek i\u00e7in tamamen \u00fccretsiz bir yoldur, bu nedenle site dizininizi d\u00fczenli olarak checker&#8217;larla kontrol etmeyi unutmay\u0131n.<\/p>\n<p><div class=\"front__faq-block\"><div class=\"faq__block-title\">SSS<\/div><div class=\"panel-group\" id=\"faq-accordion\" itemscope itemtype=\"https:\/\/schema.org\/FAQPage\" role=\"tablist\" aria-multiselectable=\"true\"><div class=\"panel\" itemscope itemtype=\"https:\/\/schema.org\/Question\" itemprop=\"mainEntity\">\n                            <div class=\"panel-heading\" id=\"headingFaq-1\">\n                                <div class=\"panel-title\" data-toggle=\"collapse\" aria-expanded=\"false\" href=\"#collapseFaq-1\">\n                                    <h3 itemprop=\"name\">Rakiplerimin geri ba\u011flant\u0131lar\u0131n\u0131 nas\u0131l bulurum?<\/h3>\n                                <\/div>\n                            <\/div>\n                            <div id=\"collapseFaq-1\" class=\"panel-collapse collapse\" itemprop=\"acceptedAnswer\" itemscope itemtype=\"http:\/\/schema.org\/Answer\">\n                                <div class=\"panel-body\" itemprop=\"text\">Rakiplerinizin href backlink sat\u0131n alma stratejilerini analiz ederken, ba\u011flant\u0131n\u0131z\u0131 yerle\u015ftirebilecek faydal\u0131 siteler de bulabilirsiniz. \u00dccretsiz denetleyicimiz bu bilgileri alman\u0131za ve sitenize de\u011fer katmak i\u00e7in kullanman\u0131za yard\u0131mc\u0131 olacakt\u0131r.<\/div>\n                            <\/div>\n                        <\/div><div class=\"panel\" itemscope itemtype=\"https:\/\/schema.org\/Question\" itemprop=\"mainEntity\">\n                            <div class=\"panel-heading\" id=\"headingFaq-2\">\n                                <div class=\"panel-title\" data-toggle=\"collapse\" aria-expanded=\"false\" href=\"#collapseFaq-2\">\n                                    <h3 itemprop=\"name\">SEO'da ka\u00e7 t\u00fcr geri ba\u011flant\u0131 vard\u0131r?<\/h3>\n                                <\/div>\n                            <\/div>\n                            <div id=\"collapseFaq-2\" class=\"panel-collapse collapse\" itemprop=\"acceptedAnswer\" itemscope itemtype=\"http:\/\/schema.org\/Answer\">\n                                <div class=\"panel-body\" itemprop=\"text\">Geri ba\u011flant\u0131lar, sitenize y\u00f6nlendiren di\u011fer sitelerdeki ba\u011flant\u0131lard\u0131r. Arama motorlar\u0131, sitenize y\u00f6nlendiren gelen ba\u011flant\u0131lar\u0131n say\u0131s\u0131n\u0131 ve kalitesini analiz eder. S\u0131ralaman\u0131z, do\u011frudan geri ba\u011flant\u0131lar\u0131n\u0131z\u0131n kalitesiyle ilgilidir. Daha fazla (kaliteli) geri ba\u011flant\u0131, sahipseniz, arama motorlar\u0131 taraf\u0131ndan o kadar fazla s\u0131ralanabilirsiniz. Google ve di\u011fer arama motorlar\u0131 her en iyi geri ba\u011flant\u0131y\u0131 analiz eder ve iyi ba\u011flant\u0131lar\u0131 referans al\u0131r. Sonu\u00e7 olarak, geri ba\u011flant\u0131 say\u0131s\u0131 ne kadar y\u00fcksek olursa, arama motorlar\u0131 o kadar g\u00fcvenilir ve kullan\u0131\u015fl\u0131 web sitenizi dikkate alacakt\u0131r. Ve sonu\u00e7 olarak, s\u0131ralaman\u0131z o kadar iyi olur.<\/div>\n                            <\/div>\n                        <\/div><div class=\"panel\" itemscope itemtype=\"https:\/\/schema.org\/Question\" itemprop=\"mainEntity\">\n                            <div class=\"panel-heading\" id=\"headingFaq-3\">\n                                <div class=\"panel-title\" data-toggle=\"collapse\" aria-expanded=\"false\" href=\"#collapseFaq-3\">\n                                    <h3 itemprop=\"name\">Geri ba\u011flant\u0131 nas\u0131l \u00e7al\u0131\u015f\u0131r?<\/h3>\n                                <\/div>\n                            <\/div>\n                            <div id=\"collapseFaq-3\" class=\"panel-collapse collapse\" itemprop=\"acceptedAnswer\" itemscope itemtype=\"http:\/\/schema.org\/Answer\">\n                                <div class=\"panel-body\" itemprop=\"text\">Geri ba\u011flant\u0131, k\u00fc\u00e7\u00fck bir ba\u011flant\u0131 a\u011f\u0131rl\u0131\u011f\u0131n\u0131 bir siteden di\u011ferine aktar\u0131r. <\/div>\n                            <\/div>\n                        <\/div><\/div><\/div><\/p>","protected":false},"excerpt":{"rendered":"Sitenizin sayfalar\u0131nda ba\u015fka bir siteye ba\u011flad\u0131\u011f\u0131n\u0131zda buna geri ba\u011flant\u0131 denir. Web siteleri, ba\u011flant\u0131 a\u011f\u0131rl\u0131\u011f\u0131n\u0131 ve kullan\u0131c\u0131 trafi\u011fini iletmek i\u00e7in bu t\u00fcr ba\u011flant\u0131lar\u0131 de\u011fi\u015ftirir. Bununla birlikte, t\u00fcm ba\u011flant\u0131lar sitenizin arama motoru s\u0131ralamas\u0131n\u0131 olumlu y\u00f6nde etkileyemez. Linkinize backlink verirken sitelerin otoritesine ve konusuna dikkat etmelisiniz. D\u00fc\u015f\u00fck kaliteli sitelerden geri ba\u011flant\u0131lar al\u0131rsan\u0131z, arama motoru sitenizin de kalitesiz oldu\u011funu&#8230;","protected":false},"author":10409641,"featured_media":3764,"parent":0,"menu_order":0,"comment_status":"closed","ping_status":"closed","template":"front-page.php","meta":[],"categories":[30],"tags":[],"_links":{"self":[{"href":"https:\/\/sitechecker.pro\/tr\/wp-json\/wp\/v2\/pages\/2833"}],"collection":[{"href":"https:\/\/sitechecker.pro\/tr\/wp-json\/wp\/v2\/pages"}],"about":[{"href":"https:\/\/sitechecker.pro\/tr\/wp-json\/wp\/v2\/types\/page"}],"author":[{"embeddable":true,"href":"https:\/\/sitechecker.pro\/tr\/wp-json\/wp\/v2\/users\/10409641"}],"replies":[{"embeddable":true,"href":"https:\/\/sitechecker.pro\/tr\/wp-json\/wp\/v2\/comments?post=2833"}],"version-history":[{"count":103,"href":"https:\/\/sitechecker.pro\/tr\/wp-json\/wp\/v2\/pages\/2833\/revisions"}],"predecessor-version":[{"id":33589,"href":"https:\/\/sitechecker.pro\/tr\/wp-json\/wp\/v2\/pages\/2833\/revisions\/33589"}],"wp:featuredmedia":[{"embeddable":true,"href":"https:\/\/sitechecker.pro\/tr\/wp-json\/wp\/v2\/media\/3764"}],"wp:attachment":[{"href":"https:\/\/sitechecker.pro\/tr\/wp-json\/wp\/v2\/media?parent=2833"}],"wp:term":[{"taxonomy":"category","embeddable":true,"href":"https:\/\/sitechecker.pro\/tr\/wp-json\/wp\/v2\/categories?post=2833"},{"taxonomy":"post_tag","embeddable":true,"href":"https:\/\/sitechecker.pro\/tr\/wp-json\/wp\/v2\/tags?post=2833"}],"curies":[{"name":"wp","href":"https:\/\/api.w.org\/{rel}","templated":true}]}}