{"id":2517,"date":"2018-04-17T12:41:56","date_gmt":"2018-04-17T12:41:56","guid":{"rendered":"https:\/\/sitechecker.pro\/?page_id=2517"},"modified":"2025-04-15T19:26:15","modified_gmt":"2025-04-15T19:26:15","slug":"page-rank","status":"publish","type":"page","link":"https:\/\/sitechecker.pro\/tr\/page-rank\/","title":{"rendered":"Google PageRank Nedir ve neden bunu hesaba yapman\u0131z gerekiyor?"},"content":{"rendered":"<p><\/p>\n<h2><strong>Sayfa S\u0131ras\u0131 Tan\u0131m\u0131<\/strong><\/h2>\n<p>Web sitesinin alaka d\u00fczeyini tan\u0131mlaman\u0131n yollar\u0131ndan biri, tamamen bu web sitesine ba\u011flant\u0131lar i\u00e7eren di\u011fer yetkili web sitelerinin say\u0131s\u0131na ba\u011fl\u0131 olan otoritesine tan\u0131m vermektir. <a href=\"https:\/\/sitechecker.pro\/tr\/domain-authority\/\">Web sitesi yetkilisi<\/a> ne kadar y\u00fcksek olursa, giden ba\u011flant\u0131lar i\u00e7in a\u011f\u0131rl\u0131\u011f\u0131 da o kadar b\u00fcy\u00fck olur.<\/p>\n<p>Fakat alaka d\u00fczeyi ne anlama geliyor? Sayfa alaka d\u00fczeyi, web sayfas\u0131n\u0131n arama sonu\u00e7lar\u0131nda g\u00f6r\u00fcnt\u00fclendi\u011fi bir arama sorgusuna kar\u015f\u0131l\u0131k gelmesidir. Ayr\u0131ca, y\u00f6nlendirdi\u011fi k\u00f6pr\u00fcn\u00fcn ba\u011flant\u0131 metniyle ilgilidir.<\/p>\n<h2><strong>PageRank Nas\u0131l \u00c7al\u0131\u015f\u0131r?<\/strong><\/h2>\n<p>PageRank, 0&#8217;dan 10&#8217;a kadar rakamlarla tan\u0131mlan\u0131r. Ne kadar \u00e7ok web sitesine y\u00f6nlendirilir ve o kadar o kadar yetkilidirler (di\u011fer web sitelerine k\u0131yasla), PR daha y\u00fcksektir.<\/p>\n<p>Google PageRank, bir web sayfas\u0131n\u0131n alaka veya \u00f6nemini tan\u0131mlamak i\u00e7in kullan\u0131l\u0131r. Son zamanlarda, web sitesi PR t\u00fcm kullan\u0131c\u0131lar ve geli\u015ftiriciler taraf\u0131ndan g\u00f6r\u00fclebiliyordu, ancak \u015fu anda kapal\u0131 bilgi haline geldi ve metriklerin hala Google taraf\u0131ndan kullan\u0131lmakta oldu\u011fu biliniyor olsa da, web sitesi PR yi tan\u0131m yapam\u0131yorsunuz. Google\u2019\u0131n, web y\u00f6neticilerini, rakip web sitelerinin etkinliklerini kopyalamak yerine y\u00fcksek kaliteli i\u00e7erik olu\u015fturma ve do\u011fal ba\u011flant\u0131 profilleri olu\u015fturma konusunda daha fazla \u00e7aba g\u00f6stermeye motive etmek i\u00e7in bu bilgiyi gizledi\u011fi iddia ediliyor.<br \/>\nDaha \u00f6nce de belirtildi\u011fi gibi, Page Rank, arama sorgusunda sayfa konumunu etkileyen tek (\u00f6nemli) fakt\u00f6rd\u00fcr. Web sitesinin alaka oran\u0131n\u0131 etkileyen bir\u00e7ok ba\u015fka fakt\u00f6r var.<\/p>\n<h2>\n<strong>PageRank Denetleyicisi Nas\u0131l Kullan\u0131l\u0131r?<\/strong><\/h2>\n<p>Kutuya kontrol etmek istedi\u011finiz URL&#8217;yi girin. Google PageRank Checker web siteleri i\u00e7in PageRank puan\u0131n\u0131 birka\u00e7 saniye i\u00e7inde kontrol eder. Ara\u00e7 a\u015fa\u011f\u0131daki g\u00f6stergeleri sa\u011flayacakt\u0131r:<\/p>\n<ul>\n<li style=\"font-weight: 400;\"><span style=\"font-weight: 400;\">HTTP status code;<\/span><\/li>\n<li style=\"font-weight: 400;\"><span style=\"font-weight: 400;\">PageRank integer;<\/span><\/li>\n<li style=\"font-weight: 400;\"><span style=\"font-weight: 400;\">PageRank decimal.<\/span><\/li>\n<\/ul>\n<p><\/p>","protected":false},"excerpt":{"rendered":"Sayfa S\u0131ras\u0131 Tan\u0131m\u0131 Web sitesinin alaka d\u00fczeyini tan\u0131mlaman\u0131n yollar\u0131ndan biri, tamamen bu web sitesine ba\u011flant\u0131lar i\u00e7eren di\u011fer yetkili web sitelerinin say\u0131s\u0131na ba\u011fl\u0131 olan otoritesine tan\u0131m vermektir. Web sitesi yetkilisi ne kadar y\u00fcksek olursa, giden ba\u011flant\u0131lar i\u00e7in a\u011f\u0131rl\u0131\u011f\u0131 da o kadar b\u00fcy\u00fck olur. Fakat alaka d\u00fczeyi ne anlama geliyor? Sayfa alaka d\u00fczeyi, web sayfas\u0131n\u0131n arama sonu\u00e7lar\u0131nda&#8230;","protected":false},"author":10409641,"featured_media":3830,"parent":0,"menu_order":0,"comment_status":"closed","ping_status":"closed","template":"pages-templates\/pages-minitools-3.php","meta":[],"categories":[72],"tags":[],"_links":{"self":[{"href":"https:\/\/sitechecker.pro\/tr\/wp-json\/wp\/v2\/pages\/2517"}],"collection":[{"href":"https:\/\/sitechecker.pro\/tr\/wp-json\/wp\/v2\/pages"}],"about":[{"href":"https:\/\/sitechecker.pro\/tr\/wp-json\/wp\/v2\/types\/page"}],"author":[{"embeddable":true,"href":"https:\/\/sitechecker.pro\/tr\/wp-json\/wp\/v2\/users\/10409641"}],"replies":[{"embeddable":true,"href":"https:\/\/sitechecker.pro\/tr\/wp-json\/wp\/v2\/comments?post=2517"}],"version-history":[{"count":70,"href":"https:\/\/sitechecker.pro\/tr\/wp-json\/wp\/v2\/pages\/2517\/revisions"}],"predecessor-version":[{"id":36625,"href":"https:\/\/sitechecker.pro\/tr\/wp-json\/wp\/v2\/pages\/2517\/revisions\/36625"}],"wp:featuredmedia":[{"embeddable":true,"href":"https:\/\/sitechecker.pro\/tr\/wp-json\/wp\/v2\/media\/3830"}],"wp:attachment":[{"href":"https:\/\/sitechecker.pro\/tr\/wp-json\/wp\/v2\/media?parent=2517"}],"wp:term":[{"taxonomy":"category","embeddable":true,"href":"https:\/\/sitechecker.pro\/tr\/wp-json\/wp\/v2\/categories?post=2517"},{"taxonomy":"post_tag","embeddable":true,"href":"https:\/\/sitechecker.pro\/tr\/wp-json\/wp\/v2\/tags?post=2517"}],"curies":[{"name":"wp","href":"https:\/\/api.w.org\/{rel}","templated":true}]}}