{"id":24950,"date":"2023-07-24T12:54:03","date_gmt":"2023-07-24T12:54:03","guid":{"rendered":"https:\/\/sitechecker.pro\/?page_id=24950"},"modified":"2025-02-27T10:59:43","modified_gmt":"2025-02-27T10:59:43","slug":"keyword-suggestion-tool-research-content-ideas-sitechecker-%e1%90%88","status":"publish","type":"page","link":"https:\/\/sitechecker.pro\/tr\/keyword-suggestion-tool\/","title":{"rendered":"\u0130\u00e7erik Fikirlerini Ara\u015ft\u0131rmak i\u00e7in Anahtar Kelime \u00d6neri Arac\u0131 \u2611"},"content":{"rendered":"<p><\/p>\n<h2 id=\"par1\">Profesyonel Anahtar Kelime \u00d6neri Arac\u0131 Nedir?<\/h2>\n<p><a href=\"https:\/\/sitechecker.pro\/\" target=\"_blank\" rel=\"noopener noreferrer\">Sitechecker<\/a> taraf\u0131ndan sunulan \u00d6neri Anahtar Kelime Arac\u0131, Google, Bing, Google G\u00f6rseller, Haberler, Al\u0131\u015fveri\u015f, Yahoo, Wikipedia, YouTube, Amazon, eBay ve Fiverr gibi platformlardan gelen verileri kullanarak alakal\u0131 anahtar kelime fikirleri \u00fcreten \u00fccretsiz bir \u00e7evrimi\u00e7i kaynakt\u0131r. Kullan\u0131c\u0131lar\u0131n uzun kuyruklu anahtar ifadeleri ke\u015ffetmesine, i\u00e7eri\u011fi optimize etmesine ve web siteleri, videolar ve \u00fcr\u00fcn listeleri i\u00e7in g\u00f6r\u00fcn\u00fcrl\u00fc\u011f\u00fc ve trafi\u011fi art\u0131rmas\u0131na yard\u0131mc\u0131 olur.<\/p>\n<p>Google Otomatik Tamamlama da dahil olmak \u00fczere arama motoru verilerini analiz ederek ara\u00e7, SEO, i\u00e7erik olu\u015fturma ve pazarlama stratejilerini destekleyerek kullan\u0131c\u0131lar\u0131n arama s\u0131ralamalar\u0131n\u0131 iyile\u015ftirmelerini, hedef kitlelerini etkili bir \u015fekilde hedeflemelerini ve birden fazla platformda performans\u0131 art\u0131rmalar\u0131n\u0131 sa\u011flar.<\/p>\n<h3>Anahtar Kelime \u00d6neri Arac\u0131 size \u015fu \u015fekilde yard\u0131mc\u0131 olur:<\/h3>\n<p><strong>\u0130\u00e7erik Optimizasyonu:<\/strong> arama motoru s\u0131ralamalar\u0131n\u0131 iyile\u015ftirmek ve web sitesi veya video i\u00e7eri\u011fini zenginle\u015ftirmek i\u00e7in uzun kuyruklu anahtar kelimeler sa\u011flar.<\/p>\n<p><strong>E-ticaret ve PPC Performans\u0131:<\/strong> Amazon ve eBay&#8217;deki \u00fcr\u00fcn listeleri i\u00e7in \u00f6nerilen anahtar kelimeler ve etkili \u00fccretli reklam kampanyalar\u0131 i\u00e7in hedeflenen ifadeler.<\/p>\n<p><strong>\u00c7oklu Platform \u0130\u00e7g\u00f6r\u00fcleri:<\/strong> Google, Bing, YouTube ve di\u011ferlerinden \u00f6zel \u00f6neriler, rekabet\u00e7i kalmak i\u00e7in trendleri izleme.<\/p>\n<h3>Arac\u0131n temel \u00f6zellikleri<\/h3>\n<p><strong>Birle\u015fik Pano:<\/strong> t\u00fcm SEO \u00f6l\u00e7\u00fcmlerini ve i\u00e7g\u00f6r\u00fclerini verimli izleme ve y\u00f6netim i\u00e7in tek, gezinmesi kolay bir aray\u00fczde birle\u015ftirir.<\/p>\n<p><strong>Kullan\u0131c\u0131 Dostu Aray\u00fcz:<\/strong> Sezgisel tasar\u0131m, yeni ba\u015flayanlar ve profesyoneller i\u00e7in kullan\u0131m kolayl\u0131\u011f\u0131 sa\u011flayarak karma\u015f\u0131k SEO g\u00f6revlerini basitle\u015ftirir.<\/p>\n<p><strong>Tam SEO Ara\u00e7 Seti:<\/strong>, \u00e7evrimi\u00e7i varl\u0131\u011f\u0131n\u0131z\u0131 etkili bir \u015fekilde geli\u015ftirmek i\u00e7in anahtar kelime ara\u015ft\u0131rmas\u0131, site denetimleri, geri ba\u011flant\u0131 izleme ve performans analizi dahil olmak \u00fczere kapsaml\u0131 bir ara\u00e7 yelpazesi sunar.<\/p>\n<h2 id=\"par2\">Arac\u0131 Nas\u0131l Kullan\u0131rs\u0131n\u0131z<\/h2>\n<h3>1. Ad\u0131m: Bir anahtar kelime veya anahtar kelime \u00f6be\u011fi girin, bir platform se\u00e7in&#8230;<\/h3>\n<p>Bir anahtar kelime veya anahtar kelime \u00f6be\u011fi girin, bir platform se\u00e7in (Google, Google Haberler, Google Al\u0131\u015fveri\u015f, YouTube, Google G\u00f6rseller, Yahoo, Bing, Wikipedia veya Fiverr), \u00fclkeyi ve dili se\u00e7in ve ard\u0131ndan &#8220;\u00d6nerileri Al&#8221; d\u00fc\u011fmesine t\u0131klay\u0131n.<\/p>\n<div class=\"content__img-wrap\"><img src=\"https:\/\/sitechecker.pro\/wp-content\/uploads\/2025\/02\/keyword-suggestion-tool-seo-ppc.png\" alt=\"SEO PPC i\u00e7in Anahtar Kelime \u00d6neri Arac\u0131\" class=\"description-img description-img-zoom\" loading=\"lazy\" ><\/div>\n<h3>2. Ad\u0131m: Sonu\u00e7lar\u0131 al\u0131n<\/h3>\n<p>Ara\u00e7, arama hacmi, trendler, TBM ve reklam rekabeti gibi metriklerle birlikte ilgili anahtar ifadelerin bir listesini sa\u011flayarak veri odakl\u0131 SEO ve pazarlama kararlar\u0131 al\u0131nmas\u0131n\u0131 sa\u011flar.<\/p>\n<div class=\"content__img-wrap\"><img src=\"https:\/\/sitechecker.pro\/wp-content\/uploads\/2025\/02\/suggestions-results.png\" alt=\"\u00d6neri Sonu\u00e7lar\u0131\" class=\"description-img description-img-zoom\" loading=\"lazy\" ><\/div>\n<p>Sol panel, anahtar kelime \u00f6nerilerini k\u00fcmelere ay\u0131rarak birincil sorguyla ba\u011flant\u0131lar\u0131na g\u00f6re grupland\u0131r\u0131r ve bu da onu g\u00fc\u00e7l\u00fc bir anahtar kelime gruplama arac\u0131 yapar.<\/p>\n<p>Ara\u00e7 ayr\u0131ca arama hacmi, trendler, TBM ve reklam rekabeti gibi temel metrikler de sa\u011flar. Belirli anahtar ifadeleri se\u00e7ebilir ve bunlar\u0131 derinlemesine izleme ve stratejik planlama i\u00e7in <a href=\"https:\/\/sitechecker.pro\/rank-tracker\/\" target=\"_blank\" rel=\"noopener noreferrer\">S\u0131ralama \u0130zleyicisi<\/a>&#8216;ne ekleyebilirsiniz. Bu verilere eri\u015fimi a\u00e7mak i\u00e7in \u00fccretsiz deneme gerekir.<\/p>\n<div class=\"content__img-wrap\"><img src=\"https:\/\/sitechecker.pro\/wp-content\/uploads\/2025\/02\/suggestions-metrics.png\" alt=\"\u00d6neri \u00d6l\u00e7\u00fcmleri\" class=\"description-img description-img-zoom\" loading=\"lazy\" ><\/div>\n<div class=\"important-block\">Sonu\u00e7lar\u0131 almak ve Sitechecker'\u0131n \u00f6zelliklerine 14 g\u00fcn boyunca eri\u015fmek i\u00e7in \u00dcCRETS\u0130Z denemenizi ba\u015flat\u0131n. E-postan\u0131z, Google veya Facebook hesab\u0131n\u0131zla kaydolmak kolayd\u0131r. Kredi kart\u0131 gerekmez.<\/div>\n<h2 id=\"par3\">\u0130lgili Anahtar Kelimeleri \u0130zlemeye Ba\u015flay\u0131n<\/h2>\n<p>\u0130lgi \u00e7ekici olanlar\u0131 se\u00e7ip S\u0131ralama \u0130zleyicisi&#8217;ne tek bir t\u0131klamayla ekleyerek ilgili i\u00e7erik konular\u0131n\u0131 izlemeye ba\u015flay\u0131n.<\/p>\n<div class=\"content__img-wrap\"><img src=\"https:\/\/sitechecker.pro\/wp-content\/uploads\/2025\/02\/add-to-rank-tracker.png\" alt=\"S\u0131ralama \u0130zleyicisine Ekle\" class=\"description-img description-img-zoom\" loading=\"lazy\" ><\/div>\n<p>Anahtar ifadeleri grupland\u0131rabilir ve kapsaml\u0131 izleme ve analiz i\u00e7in S\u0131ralama \u0130zleyicisine ekleyebilirsiniz.<\/p>\n<div class=\"content__img-wrap\"><img src=\"https:\/\/sitechecker.pro\/wp-content\/uploads\/2025\/02\/add-to-rank-tracker-settings.png\" alt=\"S\u0131ralama \u0130zleyicisine Ekle Ayarlar\u0131\" class=\"description-img description-img-zoom\" loading=\"lazy\" ><\/div>\n<p>Burada, tercih etti\u011finiz arama motorunu, cihaz\u0131, \u00fclkeyi ve b\u00f6lgeyi se\u00e7ebilirsiniz.<\/p>\n<p>Kurulumu tamamlad\u0131ktan sonra, &#8216;S\u0131ralama \u0130zleyicisine Ekle&#8217;ye t\u0131klay\u0131n.<\/p>\n<p>Anahtar kelimeleri kategorilere ay\u0131rmak ve bunlar\u0131 belirli sayfalarla ili\u015fkilendirmek i\u00e7in &#8216;Anahtar Kelimeleri Y\u00f6net&#8217; \u00f6zelli\u011fini kullan\u0131n ve tan\u0131t\u0131m stratejinizi basitle\u015ftirin.<\/p>\n<div class=\"content__img-wrap\"><img src=\"https:\/\/sitechecker.pro\/wp-content\/uploads\/2025\/02\/manage-keywords.png\" alt=\"Anahtar Kelimeleri Y\u00f6net\" class=\"description-img description-img-zoom\" loading=\"lazy\" ><\/div>\n<p>Anahtar Kelime Bulucu, cihaz ve konuma g\u00f6re konu fikirlerinin \u00f6zelle\u015ftirilmi\u015f takibini sa\u011flayarak s\u0131ralamalar ve rakip performans\u0131 hakk\u0131nda de\u011ferli i\u00e7g\u00f6r\u00fcler sunar. G\u00f6r\u00fcn\u00fcrl\u00fck puanlar\u0131, dizinleme izleme ve SEO trend analizi gibi \u00f6zelliklerle strateji optimizasyonunu destekler. Ayr\u0131ca, uyarlanabilir raporlama yetenekleri kampanya programlar\u0131yla sorunsuz bir \u015fekilde uyumludur.<\/p>\n<div class=\"content__img-wrap\"><img src=\"https:\/\/sitechecker.pro\/wp-content\/uploads\/2025\/02\/rank-tracker-dashboard.png\" alt=\"S\u0131ralama Takip\u00e7isi Panosu\" class=\"description-img description-img-zoom\" loading=\"lazy\" ><\/div>\n<h2 id=\"par4\">Son Fikir<\/h2>\n<p>Anahtar Kelime \u00d6neri Arac\u0131, Google, Bing ve Amazon gibi platformlardan gelen verileri kullanarak SEO, PPC ve e-ticaret i\u00e7in alakal\u0131 anahtar kelime fikirleri \u00fcretir. Anahtar kelime grupland\u0131rmas\u0131, performans takibi ve \u00f6zelle\u015ftirilebilir raporlama sunarak kullan\u0131c\u0131lar\u0131n s\u0131ralamalar\u0131 iyile\u015ftirmesine, i\u00e7eri\u011fi optimize etmesine ve \u00e7evrimi\u00e7i ba\u015far\u0131y\u0131 art\u0131rmas\u0131na yard\u0131mc\u0131 olur.<\/p>","protected":false},"excerpt":{"rendered":"Profesyonel Anahtar Kelime \u00d6neri Arac\u0131 Nedir? Sitechecker taraf\u0131ndan sunulan \u00d6neri Anahtar Kelime Arac\u0131, Google, Bing, Google G\u00f6rseller, Haberler, Al\u0131\u015fveri\u015f, Yahoo, Wikipedia, YouTube, Amazon, eBay ve Fiverr gibi platformlardan gelen verileri kullanarak alakal\u0131 anahtar kelime fikirleri \u00fcreten \u00fccretsiz bir \u00e7evrimi\u00e7i kaynakt\u0131r. Kullan\u0131c\u0131lar\u0131n uzun kuyruklu anahtar ifadeleri ke\u015ffetmesine, i\u00e7eri\u011fi optimize etmesine ve web siteleri, videolar ve \u00fcr\u00fcn&#8230;","protected":false},"author":10409641,"featured_media":0,"parent":0,"menu_order":0,"comment_status":"closed","ping_status":"closed","template":"pages-templates\/pages-minitools.php","meta":[],"categories":[71],"tags":[],"_links":{"self":[{"href":"https:\/\/sitechecker.pro\/tr\/wp-json\/wp\/v2\/pages\/24950"}],"collection":[{"href":"https:\/\/sitechecker.pro\/tr\/wp-json\/wp\/v2\/pages"}],"about":[{"href":"https:\/\/sitechecker.pro\/tr\/wp-json\/wp\/v2\/types\/page"}],"author":[{"embeddable":true,"href":"https:\/\/sitechecker.pro\/tr\/wp-json\/wp\/v2\/users\/10409641"}],"replies":[{"embeddable":true,"href":"https:\/\/sitechecker.pro\/tr\/wp-json\/wp\/v2\/comments?post=24950"}],"version-history":[{"count":81,"href":"https:\/\/sitechecker.pro\/tr\/wp-json\/wp\/v2\/pages\/24950\/revisions"}],"predecessor-version":[{"id":35749,"href":"https:\/\/sitechecker.pro\/tr\/wp-json\/wp\/v2\/pages\/24950\/revisions\/35749"}],"wp:attachment":[{"href":"https:\/\/sitechecker.pro\/tr\/wp-json\/wp\/v2\/media?parent=24950"}],"wp:term":[{"taxonomy":"category","embeddable":true,"href":"https:\/\/sitechecker.pro\/tr\/wp-json\/wp\/v2\/categories?post=24950"},{"taxonomy":"post_tag","embeddable":true,"href":"https:\/\/sitechecker.pro\/tr\/wp-json\/wp\/v2\/tags?post=24950"}],"curies":[{"name":"wp","href":"https:\/\/api.w.org\/{rel}","templated":true}]}}