{"id":16485,"date":"2023-11-24T14:16:16","date_gmt":"2023-11-24T14:16:16","guid":{"rendered":"https:\/\/sitechecker.pro\/?page_id=16485"},"modified":"2024-10-09T17:54:51","modified_gmt":"2024-10-09T17:54:51","slug":"h1-tag-requirements-writing-properly","status":"publish","type":"page","link":"https:\/\/sitechecker.pro\/tr\/h1-tag-requirements-writing-properly\/","title":{"rendered":"H1 Etiketi Nedir ve Do\u011fru Yazmak \u0130\u00e7in Gereksinimler"},"content":{"rendered":"<p><\/p>\n<h2><strong>H1 etiketi nedir<\/strong><\/h2>\n<p>Her web sayfas\u0131n\u0131n birden fazla ba\u015fl\u0131\u011f\u0131 vard\u0131r, ancak bunlardan sadece biri ana ba\u015fl\u0131k etiketidir. Kitab\u0131n veya gazetenin ba\u015fl\u0131\u011f\u0131 ile kar\u015f\u0131la\u015ft\u0131rabiliriz. Her sayfa bir H1 etiketine sahip olmal\u0131d\u0131r. B\u00f6ylece H1&#8217;i bir web sayfas\u0131ndaki bir ba\u015fl\u0131\u011f\u0131 (ba\u015fl\u0131\u011f\u0131) dikkate alan bir HTML  h1 etiketi olarak belirleyebiliriz.<\/p>\n<h3><strong>HTML\u2019de H1 etiketi ve ba\u015fl\u0131k etiketi \u00f6rne\u011fi<\/strong><\/h3>\n<div class=\"code\"><code>&lt;html&gt;<br \/>\n&lt;head&gt;<br \/>\n&lt;title&gt;What is H1 Tag (h1 ne demek) &amp; How Important Is This For SEO?&lt;\/title&gt;<br \/>\n&lt;\/head&gt;<br \/>\n&lt;body&gt;<br \/>\n<span class=\"html-tag\">&lt;h1&gt;Explore an Importance of H1 Tag and the Requirements of Its Writing<\/span><span class=\"html-tag\">&lt;\/h1&gt;<\/span><br \/>\n&lt;\/body&gt;<br \/>\n&lt;\/html&gt;<br \/>\n<\/code><\/div>\n<p>H1 etiketlerinin SEO \u00fczerinde b\u00fcy\u00fck bir etkisi var. Her \u015fey kullan\u0131c\u0131 i\u00e7in cazibe ile ilgili oldu\u011fu i\u00e7in, arama motorlar\u0131 botlar\u0131 H1 etiketine yeterince dikkat ediyor. Web sayfas\u0131n\u0131n anlam\u0131n\u0131 a\u00e7\u0131klamak, kullan\u0131c\u0131lara i\u00e7erikle ilgili bilgi sa\u011flamak i\u00e7in yard\u0131mc\u0131 olur.<\/p>\n<h2><strong>H1 ba\u015fl\u0131k etiketleri nas\u0131l kontrol edilir<\/strong><\/h2>\n<p>H1 etiketini optimize etmek, SERP&#8217;deki ba\u015far\u0131n\u0131n ilk ad\u0131m\u0131d\u0131r. Bu nedenle, t\u00fcm H1 etiketlerinizi her web sayfas\u0131nda kontrol etmeli ve gerekiyorsa d\u00fczeltmelisiniz.<br \/>\n    <div class=\"blog__conversion blog__conversion-app element__logged_out\">\n        <div class=\"blog__conversion-inner\">\n            <p class=\"title\">Web sitenizdeki H1 etiketi hatalar\u0131n\u0131 tespit et<\/p>\n            <p class=\"description\"><\/p>\n            <form id=\"audit__form\"\n                  class=\"article__seo-search audit__form \"\n                  action=\"\"\n                  method=\"POST\"\n                  autocomplete=\"off\">\n                <span class=\"error\"><\/span>\n                <div class=\"error__limits\">Something went wrong. Please, try again later.<\/div>\n                <input name=\"url\"\n                       type=\"text\"\n                       placeholder=\"\">\n                                <button type=\"submit\"\n                        class=\"sitechecker__text\">\n                    <span>Denetimi ba\u015flat\u0131n<\/span>\n                    <img src=\"\/wp-content\/themes\/sitechecker\/out\/img_design\/loading.svg\"\n                         width=\"31\"\n                         height=\"30\"\n                         class=\"loading\">\n                <\/button>\n            <\/form>\n        <\/div>\n    <\/div>\n    <br \/>\nH1 ba\u015fl\u0131k etiketi sorunlar\u0131n\u0131 tespit etmek i\u00e7in yukar\u0131daki bi\u00e7imde bir web sitesi denetimini ba\u015flat\u0131n. Birka\u00e7 dakika i\u00e7inde \u201cNas\u0131l d\u00fczeltilir\u201d ile ilgili bir rapor ve \u00f6neriler alacaks\u0131n\u0131z.<br \/>\n<div class=\"content__img-wrap\"><img src=\"https:\/\/sitechecker.pro\/wp-content\/uploads\/2017\/11\/website-audit.png\" alt=\"h1 hatalar\u0131\" class=\"description-img description-img-zoom\" loading=\"lazy\" ><\/div><\/p>\n<h2><strong>H1 denetleyicisi nas\u0131l \u00e7al\u0131\u015f\u0131r?<\/strong><\/h2>\n<p>Do\u011frulamay\u0131 planlad\u0131\u011f\u0131n\u0131z alan ad\u0131n\u0131 girin. Birka\u00e7 saniye sonra, ara\u00e7 size H1<span data-sheets-value=\"{&quot;1&quot;:2,&quot;2&quot;:&quot;h1 ne demek&quot;}\" data-sheets-userformat=\"{&quot;2&quot;:513,&quot;3&quot;:{&quot;1&quot;:0},&quot;12&quot;:0}\"> ne demek<\/span> etiketlerinin durumu hakk\u0131nda bir cevap verecektir.<\/p>","protected":false},"excerpt":{"rendered":"H1 etiketi nedir Her web sayfas\u0131n\u0131n birden fazla ba\u015fl\u0131\u011f\u0131 vard\u0131r, ancak bunlardan sadece biri ana ba\u015fl\u0131k etiketidir. Kitab\u0131n veya gazetenin ba\u015fl\u0131\u011f\u0131 ile kar\u015f\u0131la\u015ft\u0131rabiliriz. Her sayfa bir H1 etiketine sahip olmal\u0131d\u0131r. B\u00f6ylece H1&#8217;i bir web sayfas\u0131ndaki bir ba\u015fl\u0131\u011f\u0131 (ba\u015fl\u0131\u011f\u0131) dikkate alan bir HTML h1 etiketi olarak belirleyebiliriz. HTML\u2019de H1 etiketi ve ba\u015fl\u0131k etiketi \u00f6rne\u011fi &lt;html&gt; &lt;head&gt;&#8230;","protected":false},"author":11474150,"featured_media":3427,"parent":0,"menu_order":0,"comment_status":"closed","ping_status":"closed","template":"pages-templates\/pages-v2.php","meta":[],"categories":[27],"tags":[],"_links":{"self":[{"href":"https:\/\/sitechecker.pro\/tr\/wp-json\/wp\/v2\/pages\/16485"}],"collection":[{"href":"https:\/\/sitechecker.pro\/tr\/wp-json\/wp\/v2\/pages"}],"about":[{"href":"https:\/\/sitechecker.pro\/tr\/wp-json\/wp\/v2\/types\/page"}],"author":[{"embeddable":true,"href":"https:\/\/sitechecker.pro\/tr\/wp-json\/wp\/v2\/users\/11474150"}],"replies":[{"embeddable":true,"href":"https:\/\/sitechecker.pro\/tr\/wp-json\/wp\/v2\/comments?post=16485"}],"version-history":[{"count":10,"href":"https:\/\/sitechecker.pro\/tr\/wp-json\/wp\/v2\/pages\/16485\/revisions"}],"predecessor-version":[{"id":38192,"href":"https:\/\/sitechecker.pro\/tr\/wp-json\/wp\/v2\/pages\/16485\/revisions\/38192"}],"wp:featuredmedia":[{"embeddable":true,"href":"https:\/\/sitechecker.pro\/tr\/wp-json\/wp\/v2\/media\/3427"}],"wp:attachment":[{"href":"https:\/\/sitechecker.pro\/tr\/wp-json\/wp\/v2\/media?parent=16485"}],"wp:term":[{"taxonomy":"category","embeddable":true,"href":"https:\/\/sitechecker.pro\/tr\/wp-json\/wp\/v2\/categories?post=16485"},{"taxonomy":"post_tag","embeddable":true,"href":"https:\/\/sitechecker.pro\/tr\/wp-json\/wp\/v2\/tags?post=16485"}],"curies":[{"name":"wp","href":"https:\/\/api.w.org\/{rel}","templated":true}]}}