{"id":16478,"date":"2023-12-08T13:50:06","date_gmt":"2023-12-08T13:50:06","guid":{"rendered":"https:\/\/sitechecker.pro\/?page_id=16478"},"modified":"2026-02-19T14:37:46","modified_gmt":"2026-02-19T14:37:46","slug":"robots-txt-configure","status":"publish","type":"page","link":"https:\/\/sitechecker.pro\/tr\/configure-robots-txt\/","title":{"rendered":"Robots.txt Nedir ve Nas\u0131l Yap\u0131land\u0131r\u0131l\u0131r | Sitechecker"},"content":{"rendered":"<p>Robots.txt dosyas\u0131, Web\u2019i tarayan arama sistemlerine de\u011ferli veriler sa\u011flar. Sitenizdeki sayfalar\u0131 incelemeden \u00f6nce, arama robots bu dosyay\u0131 do\u011frularlar. Bu prosed\u00fcr nedeniyle, tarama verimlili\u011fini art\u0131rabilirler. Bu \u015fekilde, sitenizdeki en \u00f6nemli verilerin dizinini olu\u015fturmalar\u0131 i\u00e7in sistemleri aramaya yard\u0131mc\u0131 olursunuz. Ancak bu yaln\u0131zca robots.txt dosyas\u0131n\u0131 do\u011fru bir \u015fekilde yap\u0131land\u0131rd\u0131ysan\u0131z m\u00fcmk\u00fcnd\u00fcr.<\/p>\n<p>Robots.txt dosya \u00fcreticisinin y\u00f6nergeleri gibi, meta etiketli robotlardaki noindex komutlar\u0131 da robotlar i\u00e7in bir \u00f6neri de\u011fildir. Kapal\u0131 sayfalar\u0131n endekslenmeyece\u011fini ve dizine eklenmeyece\u011fini garanti etmelerinin nedeni budur. Bu konudaki teminatlar yerinde de\u011fildir. Sitenizin bir b\u00f6l\u00fcm\u00fcn\u00fc endekslemek i\u00e7in kapatman\u0131z gerekirse, dizinleri kapatmak i\u00e7in bir \u015fifre kullanabilirsiniz.<\/p>\n<h2 id=\"s\u00f6zdizimi\">Ana S\u00f6zdizimi<\/h2>\n<p><strong>Kullan\u0131c\u0131-Ajan:<\/strong> a\u015fa\u011f\u0131daki kurallar\u0131n uygulanaca\u011f\u0131 robot (\u00f6rne\u011fin, \u201cGooglebot\u201d). User-agent string, web taray\u0131c\u0131lar\u0131n\u0131n isimleri olarak kulland\u0131klar\u0131 bir parametredir. Ancak, yaln\u0131zca taray\u0131c\u0131n\u0131n ad\u0131n\u0131 de\u011fil, i\u015fletim sisteminin s\u00fcr\u00fcm\u00fcn\u00fc ve di\u011fer parametreleri de i\u00e7erir. Kullan\u0131c\u0131 arac\u0131s\u0131 nedeniyle bir\u00e7ok parametreyi belirleyebilirsiniz: i\u015fletim sisteminin ad\u0131, s\u00fcr\u00fcm\u00fc; taray\u0131c\u0131n\u0131n y\u00fckl\u00fc oldu\u011fu cihaz\u0131 kontrol edin; Taray\u0131c\u0131n\u0131n i\u015flevlerini tan\u0131mlar.<\/p>\n<p><strong>\u0130zin vermemek:<\/strong> eri\u015fim i\u00e7in kapatmak istedi\u011finiz sayfalar (her yeni sat\u0131ra ba\u015flarken, benzer y\u00f6nergelerin b\u00fcy\u00fck bir listesini ekleyebilirsiniz)<br \/>\nHer grup Kullan\u0131c\u0131-Ajan \/ Disallow bo\u015f bir sat\u0131ra b\u00f6l\u00fcnmelidir. Ancak bo\u015f olmayan dizeler grup i\u00e7inde ger\u00e7ekle\u015fmemelidir (User-Agent ile son direktif Disallow&#8217;u aras\u0131nda).<\/p>\n<p><strong>Karma i\u015fareti (#):<\/strong> robot dosyas\u0131nda mevcut sat\u0131r i\u00e7in yorum b\u0131rakmak gerekti\u011finde kullan\u0131labilir. Karma i\u015faretinden sonra belirtilen herhangi bir \u015fey g\u00f6z ard\u0131 edilir. Robot txt dosyas\u0131 olu\u015fturucuyla \u00e7al\u0131\u015f\u0131rken, bu yorum hem t\u00fcm sat\u0131r i\u00e7in hem de talimatlardan sonra uygulan\u0131r.<br \/>\nKatalog ve dosya isimleri kay\u0131t defterine duyarl\u0131d\u0131r: arama sistemi \u00abKatalog, Katalog katalog sistemi ve: KATALOG k\u0131\u00e7\u0131n\u0131 farkl\u0131 talimat olarak kabul eder.<\/p>\n<p><strong>Ana bilgisayar:<\/strong> Yandex i\u00e7in ana yans\u0131tma sitesini i\u015faret etmek i\u00e7in kullan\u0131l\u0131r. Bu nedenle, iki siteyi birbirine yap\u0131\u015ft\u0131rmak i\u00e7in sayfa ba\u015f\u0131na 301 y\u00f6nlendirme yap\u0131yorsan\u0131z, robots.txt dosyas\u0131n\u0131n (yinelenen sitede) prosed\u00fcr\u00fcn\u00fc tekrarlamaya gerek yoktur. Bu nedenle, Yandex bu y\u00f6nergeyi, tak\u0131lmas\u0131 gereken sitede tespit edecektir.<\/p>\n<p><strong>Tarama gecikmesi:<\/strong> Sitenizde y\u00fcksek kat\u0131l\u0131m s\u0131kl\u0131\u011f\u0131 durumunda kullan\u0131mda olan site gezme h\u0131z\u0131n\u0131z\u0131 s\u0131n\u0131rland\u0131rabilirsiniz. Bu se\u00e7enek, robot.txt dosya olu\u015fturucusunun, sitenizdeki \u00e7e\u015fitli arama sistemleri i\u015flem bilgilerinin neden oldu\u011fu sunucunuzun fazladan y\u00fck\u00fcyle ilgili ek sorunlardan korunmas\u0131 nedeniyle etkinle\u015ftirilir.<\/p>\n<p><strong>D\u00fczenli ifadeler:<\/strong> daha esnek y\u00f6nerge ayarlar\u0131 sa\u011flamak i\u00e7in a\u015fa\u011f\u0131da belirtilen iki simgeyi kullanabilirsiniz:<br \/>\n<strong>*<\/strong> (y\u0131ld\u0131z) &#8211; herhangi bir sembol s\u0131ras\u0131n\u0131 belirtir,<br \/>\n<strong>$<\/strong> (dolar i\u015fareti) &#8211; \u00e7izginin sonu anlam\u0131na gelir.<\/p>\n<h2 id=\"generator\">Robots.txt generator kullan\u0131m\u0131na ana \u00f6rnekler<\/h2>\n<h3><strong>T\u00fcm site dizinine yasaklama<\/strong><\/h3>\n<div class=\"code\"><code>User-agent: *<\/code><\/div>\n<div class=\"code\"><code>Disallow: \/<\/code><\/div>\n<p>Yeni bir site olu\u015fturdu\u011funuzda ve bu siteye eri\u015fim sa\u011flamak i\u00e7in alt alanlar kulland\u0131\u011f\u0131n\u0131zda bu talimat\u0131n uygulanmas\u0131 gerekir.<br \/>\n\u00c7ok s\u0131k olarak, yeni bir sitede \u00e7al\u0131\u015f\u0131rken, Web geli\u015ftiricileri, sitenin bir b\u00f6l\u00fcm\u00fcn\u00fc endeksleme amac\u0131yla kapatmay\u0131 unuturlar ve bunun bir sonucu olarak, endeks sistemleri bunun tam bir kopyas\u0131n\u0131 i\u015fler. E\u011fer b\u00f6yle bir hata olmu\u015fsa, ana alan ad\u0131n\u0131z sayfa ba\u015f\u0131na 301 y\u00f6nlendirmeden ge\u00e7melidir. Robot.txt jenerat\u00f6r\u00fc \u00e7ok faydal\u0131 olabilir!<\/p>\n<h3>A\u015fa\u011f\u0131daki sitenin tamam\u0131n\u0131 dizine eklemek i\u00e7in PERMITS:<\/h3>\n<div class=\"code\"><code>User-agent: *<\/code><\/div>\n<div class=\"code\"><code>Disallow: <\/code><\/div>\n<h3>Belirli bir klas\u00f6r\u00fcn endekslenmesinde yasaklama<\/h3>\n<div class=\"code\"><code>User-agent: Googlebot<\/code><\/div>\n<div class=\"code\"><code>Disallow: \/no-index\/<\/code><\/div>\n<h3>Belirli robot sayfas\u0131n\u0131 ziyaret etmeyi yasakla<\/h3>\n<div class=\"code\"><code>User-agent: Googlebot<\/code><\/div>\n<div class=\"code\"><code>Disallow: \/no-index\/this-page.html<\/code><\/div>\n<h3>Belirli t\u00fcrdeki dosyalar\u0131n endekslenmesinde yasaklama<\/h3>\n<div class=\"code\"><code>User-agent: *<\/code><\/div>\n<div class=\"code\"><code>Disallow: \/*.pdf$<\/code><\/div>\n<h3>Belirli web robotu i\u00e7in belirlenen sayfaya ziyarete izin vermek i\u00e7in<\/h3>\n<div class=\"code\"><code>User-agent: *Disallow: \/no-bots\/block-all-bots-except-rogerbot-page.html<\/code><\/div>\n<div class=\"code\"><code>User-agent: Yandex<\/code><\/div>\n<div class=\"code\"><code>Allow: \/no-bots\/block-all-bots-except-Yandex-page.html<\/code><\/div>\n<h3>Site haritas\u0131na ba\u011flant\u0131 veren web sitesi ba\u011flant\u0131s\u0131<\/h3>\n<div class=\"code\"><code>User-agent: *<\/code><\/div>\n<div class=\"code\"><code>Disallow:<\/code><\/div>\n<div class=\"code\"><code>Sitemap: http:\/\/www.example.com\/none-standard-location\/sitemap.xml<\/code><\/div>\n<p>Sitenizi s\u00fcrekli olarak benzersiz bir i\u00e7erikle dolduruyorsan\u0131z, bu y\u00f6nergeyi kullan\u0131rken g\u00f6z \u00f6n\u00fcnde bulundurulmas\u0131 gereken \u00f6zellikler:<\/p>\n<ul>\n<li>robotlar metin dosyas\u0131 olu\u015fturucusunda site haritan\u0131za ba\u011flant\u0131 eklemeyin;<\/li>\n<li>sitemap.xml site haritas\u0131 i\u00e7in baz\u0131 standartla\u015ft\u0131r\u0131lmam\u0131\u015f bir ad se\u00e7in (\u00f6rne\u011fin, my-new-sitemap.xml ve daha sonra bu ba\u011flant\u0131y\u0131 web y\u00f6neticilerini kullanarak arama sistemlerine ekleyin);<\/li>\n<li>\u00e7\u00fcnk\u00fc bir\u00e7ok haks\u0131z web y\u00f6neticisi, i\u00e7eri\u011fi di\u011fer sitelerden de\u011fil kendi sitelerinden ayr\u0131\u015ft\u0131r\u0131yor ve bunlar\u0131 kendi projeleri i\u00e7in kullan\u0131yor.<\/li>\n<\/ul>\n<p><span style=\"font-weight: 400;\">    <div class=\"blog__conversion blog__conversion-app element__logged_out\">\n        <div class=\"blog__conversion-inner\">\n            <p class=\"title\">Dizin olu\u015fturma durumu i\u00e7in web sitesi sayfalar\u0131n\u0131z\u0131 kontrol edin<\/p>\n            <p class=\"description\">Noindexed URL'lerin t\u00fcm\u00fcn\u00fc bulun ve hangi site sayfalar\u0131n\u0131n arama motoru botlar\u0131 taraf\u0131ndan taranmas\u0131na izin verildi\u011fini \u00f6\u011frenin<\/p>\n            <form id=\"audit__form\"\n                  class=\"article__seo-search audit__form Noindexed URL'lerin t\u00fcm\u00fcn\u00fc bulun ve hangi site sayfalar\u0131n\u0131n arama motoru botlar\u0131 taraf\u0131ndan taranmas\u0131na izin verildi\u011fini \u00f6\u011frenin\"\n                  action=\"\"\n                  method=\"POST\"\n                  autocomplete=\"off\">\n                <span class=\"error\"><\/span>\n                <div class=\"error__limits\">Something went wrong. Please, try again later.<\/div>\n                <input name=\"url\"\n                       type=\"text\"\n                       placeholder=\"Ba\u015flamak i\u00e7in etki alan\u0131n\u0131z\u0131 girin\">\n                                <button type=\"submit\"\n                        class=\"sitechecker__text\">\n                    <span>Denetimi ba\u015flat<\/span>\n                    <img src=\"\/wp-content\/themes\/sitechecker\/out\/img_design\/loading.svg\"\n                         width=\"31\"\n                         height=\"30\"\n                         class=\"loading\">\n                <\/button>\n            <\/form>\n        <\/div>\n    <\/div>\n    <\/span><\/p>\n<h2 id=\"noindex\">Hangisi daha iyi robots txt generator veya noindex nedir?<\/h2>\n<p>Baz\u0131 sayfalar\u0131n dizine al\u0131nmas\u0131n\u0131 istemiyorsan\u0131z, meta tag robots noindex daha tavsiye edilir. Bunu uygulamak i\u00e7in sayfan\u0131z\u0131n b\u00f6l\u00fcm\u00fcne a\u015fa\u011f\u0131daki meta etiketi eklemeniz gerekir:<\/p>\n<p><strong>&lt;meta name=\u201drobots\u201d content=\u201dnoindex, follow\u201d&gt;<\/strong><\/p>\n<p>Bu yakla\u015f\u0131m\u0131 kullanarak:<\/p>\n<ul>\n<li>web robotunun bir sonraki ziyaretinde belirli sayfan\u0131n endekslenmesini \u00f6nle (web y\u00f6neticilerini kullanarak sayfay\u0131 el ile silmeniz gerekmeyecek);<\/li>\n<li>sayfan\u0131z\u0131n link suyunu iletmek i\u00e7in y\u00f6netin.<\/li>\n<\/ul>\n<p>Robots.txt dosya \u00fcreteci, bu t\u00fcr sayfalar\u0131n kapat\u0131lmas\u0131 i\u00e7in daha iyi hizmet eder:<\/p>\n<ul>\n<li>sitenizin idari sayfalar\u0131;<\/li>\n<li>sitede veri aramak;<\/li>\n<li>kay\u0131t \/ yetkilendirme \/ \u015fifre s\u0131f\u0131rlama sayfalar\u0131.<\/li>\n<\/ul>\n<h2 id=\"seo\">Robots.txt SEO stratejinize nas\u0131l yard\u0131mc\u0131 olabilir?<\/h2>\n<p>Her \u015feyden \u00f6nce, hepsi emekleme b\u00fct\u00e7esiyle ilgili. Her sitenin arama motorlar\u0131 taraf\u0131ndan ki\u015fisel olarak tahmin edilen kendi tarama b\u00fct\u00e7esi vard\u0131r. Robots.txt dosyas\u0131, web sitenizin, yinelenen sayfalar, \u00f6nemsiz sayfalar ve kaliteli sayfalar gibi gereksiz sayfalar\u0131 arama botlar\u0131yla taramas\u0131n\u0131 \u00f6nler. As\u0131l sorun, arama motorlar\u0131n\u0131n endeksinin orada olmamas\u0131 gereken bir \u015fey almas\u0131d\u0131r &#8211; insanlara faydas\u0131 olmayan ve sadece aramay\u0131 s\u0131n\u0131rlayan sayfalar.<\/p>\n<p>Ama nas\u0131l SEO zarar verebilir? Cevap yeterince kolayd\u0131r. Arama botlar\u0131 gezinmek i\u00e7in web sitesine girerken, en \u00f6nemli sayfalar\u0131 ara\u015ft\u0131rmak i\u00e7in programlanmam\u0131\u015ft\u0131r. Genellikle web sitesinin tamam\u0131n\u0131 t\u00fcm sayfalar\u0131 ile tararlar. Bu nedenle en \u00f6nemli sayfalar, s\u0131n\u0131rl\u0131 tarama b\u00fct\u00e7esi nedeniyle taranamayabilir. Bu nedenle, Google veya ba\u015fka herhangi bir arama motoru web sitenizi ald\u0131\u011f\u0131 bilgilerle ilgili olarak s\u0131ralamaya ba\u015flar. Bu \u015fekilde, <a href=\"https:\/\/sitechecker.pro\/tr\/\">SEO analiz<\/a> stratejiniz, alakal\u0131 olmayan sayfalardan dolay\u0131 ba\u015far\u0131s\u0131z olma tehlikesiyle kar\u015f\u0131 kar\u015f\u0131yad\u0131r.<\/p>","protected":false},"excerpt":{"rendered":"Robots.txt dosyas\u0131, Web\u2019i tarayan arama sistemlerine de\u011ferli veriler sa\u011flar. Sitenizdeki sayfalar\u0131 incelemeden \u00f6nce, arama robots bu dosyay\u0131 do\u011frularlar. Bu prosed\u00fcr nedeniyle, tarama verimlili\u011fini art\u0131rabilirler. Bu \u015fekilde, sitenizdeki en \u00f6nemli verilerin dizinini olu\u015fturmalar\u0131 i\u00e7in sistemleri aramaya yard\u0131mc\u0131 olursunuz. Ancak bu yaln\u0131zca robots.txt dosyas\u0131n\u0131 do\u011fru bir \u015fekilde yap\u0131land\u0131rd\u0131ysan\u0131z m\u00fcmk\u00fcnd\u00fcr. Robots.txt dosya \u00fcreticisinin y\u00f6nergeleri gibi, meta etiketli robotlardaki&#8230;","protected":false},"author":11474150,"featured_media":3355,"parent":0,"menu_order":0,"comment_status":"closed","ping_status":"closed","template":"pages-templates\/pages-v2.php","meta":[],"categories":[28],"tags":[],"_links":{"self":[{"href":"https:\/\/sitechecker.pro\/tr\/wp-json\/wp\/v2\/pages\/16478"}],"collection":[{"href":"https:\/\/sitechecker.pro\/tr\/wp-json\/wp\/v2\/pages"}],"about":[{"href":"https:\/\/sitechecker.pro\/tr\/wp-json\/wp\/v2\/types\/page"}],"author":[{"embeddable":true,"href":"https:\/\/sitechecker.pro\/tr\/wp-json\/wp\/v2\/users\/11474150"}],"replies":[{"embeddable":true,"href":"https:\/\/sitechecker.pro\/tr\/wp-json\/wp\/v2\/comments?post=16478"}],"version-history":[{"count":13,"href":"https:\/\/sitechecker.pro\/tr\/wp-json\/wp\/v2\/pages\/16478\/revisions"}],"predecessor-version":[{"id":39354,"href":"https:\/\/sitechecker.pro\/tr\/wp-json\/wp\/v2\/pages\/16478\/revisions\/39354"}],"wp:featuredmedia":[{"embeddable":true,"href":"https:\/\/sitechecker.pro\/tr\/wp-json\/wp\/v2\/media\/3355"}],"wp:attachment":[{"href":"https:\/\/sitechecker.pro\/tr\/wp-json\/wp\/v2\/media?parent=16478"}],"wp:term":[{"taxonomy":"category","embeddable":true,"href":"https:\/\/sitechecker.pro\/tr\/wp-json\/wp\/v2\/categories?post=16478"},{"taxonomy":"post_tag","embeddable":true,"href":"https:\/\/sitechecker.pro\/tr\/wp-json\/wp\/v2\/tags?post=16478"}],"curies":[{"name":"wp","href":"https:\/\/api.w.org\/{rel}","templated":true}]}}