{"id":14755,"date":"2021-10-26T22:31:02","date_gmt":"2021-10-26T20:31:02","guid":{"rendered":"https:\/\/sitechecker.pro\/?page_id=14755"},"modified":"2024-07-03T15:11:24","modified_gmt":"2024-07-03T15:11:24","slug":"fix-empty-href-attribute-issue","status":"publish","type":"page","link":"https:\/\/sitechecker.pro\/tr\/site-audit-issues\/fix-empty-href-attribute-issue\/","title":{"rendered":"How to Fix Link With an Empty Href Attribute | Sitechecker"},"content":{"rendered":"<p class=\"qtranxs-available-languages-message qtranxs-available-languages-message-tr\">\u00dczg\u00fcn\u00fcz, bu giri\u015f yaln\u0131zca <a href=\"https:\/\/sitechecker.pro\/en\/wp-json\/wp\/v2\/pages\/14755\" class=\"qtranxs-available-language-link qtranxs-available-language-link-en\" title=\"English\">English<\/a>.<\/p>","protected":false},"excerpt":{"rendered":"\u00dczg\u00fcn\u00fcz, bu giri\u015f yaln\u0131zca English.","protected":false},"author":10409641,"featured_media":14395,"parent":0,"menu_order":0,"comment_status":"closed","ping_status":"closed","template":"pages-templates\/pages-v2.php","meta":[],"categories":[43],"tags":[],"_links":{"self":[{"href":"https:\/\/sitechecker.pro\/tr\/wp-json\/wp\/v2\/pages\/14755"}],"collection":[{"href":"https:\/\/sitechecker.pro\/tr\/wp-json\/wp\/v2\/pages"}],"about":[{"href":"https:\/\/sitechecker.pro\/tr\/wp-json\/wp\/v2\/types\/page"}],"author":[{"embeddable":true,"href":"https:\/\/sitechecker.pro\/tr\/wp-json\/wp\/v2\/users\/10409641"}],"replies":[{"embeddable":true,"href":"https:\/\/sitechecker.pro\/tr\/wp-json\/wp\/v2\/comments?post=14755"}],"version-history":[{"count":0,"href":"https:\/\/sitechecker.pro\/tr\/wp-json\/wp\/v2\/pages\/14755\/revisions"}],"wp:featuredmedia":[{"embeddable":true,"href":"https:\/\/sitechecker.pro\/tr\/wp-json\/wp\/v2\/media\/14395"}],"wp:attachment":[{"href":"https:\/\/sitechecker.pro\/tr\/wp-json\/wp\/v2\/media?parent=14755"}],"wp:term":[{"taxonomy":"category","embeddable":true,"href":"https:\/\/sitechecker.pro\/tr\/wp-json\/wp\/v2\/categories?post=14755"},{"taxonomy":"post_tag","embeddable":true,"href":"https:\/\/sitechecker.pro\/tr\/wp-json\/wp\/v2\/tags?post=14755"}],"curies":[{"name":"wp","href":"https:\/\/api.w.org\/{rel}","templated":true}]}}