{"id":13,"date":"2017-11-07T09:23:48","date_gmt":"2017-11-07T09:23:48","guid":{"rendered":"http:\/\/test.wp.sitechecker.pro\/?page_id=13"},"modified":"2026-04-21T08:06:38","modified_gmt":"2026-04-21T08:06:38","slug":"analizador-seo-auditoria-tecnica-gratuita-%e1%90%88-seo-checker","status":"publish","type":"page","link":"https:\/\/sitechecker.pro\/tr\/","title":{"rendered":"\u00dccretsiz On-Page SEO Analiz Arac\u0131 \u2013 Skorunuzu \u015eimdi \u00d6\u011frenin"},"content":{"rendered":"","protected":false},"excerpt":{"rendered":"","protected":false},"author":10409641,"featured_media":0,"parent":0,"menu_order":0,"comment_status":"closed","ping_status":"closed","template":"front-page.php","meta":[],"categories":[],"tags":[],"_links":{"self":[{"href":"https:\/\/sitechecker.pro\/tr\/wp-json\/wp\/v2\/pages\/13"}],"collection":[{"href":"https:\/\/sitechecker.pro\/tr\/wp-json\/wp\/v2\/pages"}],"about":[{"href":"https:\/\/sitechecker.pro\/tr\/wp-json\/wp\/v2\/types\/page"}],"author":[{"embeddable":true,"href":"https:\/\/sitechecker.pro\/tr\/wp-json\/wp\/v2\/users\/10409641"}],"replies":[{"embeddable":true,"href":"https:\/\/sitechecker.pro\/tr\/wp-json\/wp\/v2\/comments?post=13"}],"version-history":[{"count":780,"href":"https:\/\/sitechecker.pro\/tr\/wp-json\/wp\/v2\/pages\/13\/revisions"}],"predecessor-version":[{"id":39623,"href":"https:\/\/sitechecker.pro\/tr\/wp-json\/wp\/v2\/pages\/13\/revisions\/39623"}],"wp:attachment":[{"href":"https:\/\/sitechecker.pro\/tr\/wp-json\/wp\/v2\/media?parent=13"}],"wp:term":[{"taxonomy":"category","embeddable":true,"href":"https:\/\/sitechecker.pro\/tr\/wp-json\/wp\/v2\/categories?post=13"},{"taxonomy":"post_tag","embeddable":true,"href":"https:\/\/sitechecker.pro\/tr\/wp-json\/wp\/v2\/tags?post=13"}],"curies":[{"name":"wp","href":"https:\/\/api.w.org\/{rel}","templated":true}]}}