{"id":1063,"date":"2020-07-08T13:23:40","date_gmt":"2020-07-08T11:23:40","guid":{"rendered":"https:\/\/sitechecker.pro\/?page_id=1063"},"modified":"2026-02-19T15:27:13","modified_gmt":"2026-02-19T15:27:13","slug":"speed-test","status":"publish","type":"page","link":"https:\/\/sitechecker.pro\/tr\/speed-test\/","title":{"rendered":"Web Sitesi H\u0131z Testi \u2013 Web Sitesi ve Sayfa Performans\u0131 Denetleyicisi \u1408"},"content":{"rendered":"<p><\/p>\n<h2 id=\"what_is\">Site sayfa h\u0131z\u0131 testi arac\u0131 nedir?<\/h2>\n<p>Sitenizin y\u00fcklenme h\u0131z\u0131, arama motoru s\u0131ralamas\u0131 i\u00e7in \u00e7ok \u00f6nemli bir parametredir. Sitenizin y\u00fcklenme h\u0131z\u0131n\u0131 analiz edebilmeniz i\u00e7in bir Web Sitesi H\u0131z Testi olu\u015fturduk. Bunu, kayna\u011f\u0131n\u0131z\u0131n y\u00fck\u00fcn\u00fc h\u0131zland\u0131rmak ve sitenizin yava\u015flamas\u0131na neyin sebep oldu\u011funu anlamak i\u00e7in kullanabilirsiniz.<\/p>\n<p>Web Sitesi H\u0131z Testi&#8217;nin kullan\u0131m\u0131 kolayd\u0131r ve hem yeni ba\u015flayanlar hem de daha deneyimli kullan\u0131c\u0131lar i\u00e7in uygundur. Bu \u00fccretsiz h\u0131z kontrol arac\u0131yla, sitenizin sayfa y\u00fckleme h\u0131z\u0131n\u0131 art\u0131rman\u0131za engel olan zay\u0131f noktalar\u0131 hakk\u0131nda bilgi edinme f\u0131rsat\u0131n\u0131 yakalay\u0131n.<\/p>\n<p>Web sitesi h\u0131z\u0131n\u0131 test etmek ve web y\u00f6neticilerinin ve web geli\u015ftiricilerinin web sitesi performans\u0131n\u0131 kontrol etmesine yard\u0131mc\u0131 olmak i\u00e7in m\u00fckemmel bir ara\u00e7 olu\u015fturmay\u0131 ama\u00e7lad\u0131k.<\/p>\n<p>Ve ba\u015fard\u0131k!<\/p>\n<p>Sitenizin yava\u015f y\u00fcklenmesinin nedenlerine daha yak\u0131ndan bakal\u0131m. Kayna\u011f\u0131n\u0131z\u0131n temel h\u0131z g\u00f6stergelerini kontrol etmek i\u00e7in arac\u0131m\u0131z\u0131 kullan\u0131n, \u00e7\u00fcnk\u00fc Sayfalar\u0131n Yava\u015f Y\u00fckleme H\u0131z\u0131n\u0131n d\u00fczeltilmesi gereken sorun budur.<\/p>\n<h2 id=\"website\">Web sitesi h\u0131z\u0131 i\u015finizi etkiler<\/h2>\n<ul>\n    Yaln\u0131zca 3 saniyelik bir gecikmenin ard\u0131ndan <\/p>\n<li><strong>%8<\/strong> daha az sayfa g\u00f6r\u00fcnt\u00fcleme.<\/li>\n<p>    Yaln\u0131zca 1 saniyelik bir gecikmenin ard\u0131ndan m\u00fc\u015fteri memnuniyetinde <\/p>\n<li><strong>%16<\/strong> azalma.<\/li>\n<li><strong>%32<\/strong>, sayfa y\u00fckleme s\u00fcresindeki 3 saniyelik gecikmeden sonra hemen \u00e7\u0131kma olas\u0131l\u0131\u011f\u0131d\u0131r.<\/li>\n<p>    Sayfan\u0131n y\u00fcklenmesi 3 saniyeden uzun s\u00fcrerse, m\u00fc\u015fterilerinizin <\/p>\n<li><strong>%40<\/strong>&#8216;\u0131 web sitesini terk edecek.<\/li>\n<\/ul>\n<h2 id=\"why\">Bir web sitesinin y\u00fcklenme h\u0131z\u0131 neden \u00f6nemlidir?<\/h2>\n<p>Google&#8217;\u0131n ara\u015ft\u0131rmas\u0131, 1 saniyeden 5 saniyeye kadar olan sayfa y\u00fckleme s\u00fcresinin hemen \u00e7\u0131kma olas\u0131l\u0131\u011f\u0131n\u0131 %107 art\u0131rd\u0131\u011f\u0131n\u0131 g\u00f6steriyor. Sitenin y\u00fcklenme h\u0131z\u0131n\u0131 neyin etkiledi\u011fini ve sunucu yan\u0131t s\u00fcresini (TTFB) neden azaltman\u0131z gerekti\u011fini g\u00f6relim. Ancak ilk \u00f6nce sayfa h\u0131z\u0131n\u0131 kontrol etmeniz gerekir.<\/p>\n<ol>\n<li><strong>Daha fazla m\u00fc\u015fteri edinin<\/strong> \u2013 siteyi bir mobil cihazdan y\u00fcklemek i\u00e7in oran da \u00f6nemlidir. G\u00fcn\u00fcm\u00fcz kullan\u0131c\u0131lar\u0131n\u0131n \u00e7o\u011fu web sitelerini tam olarak ak\u0131ll\u0131 telefonlardan ziyaret ediyor ve bu potansiyel m\u00fc\u015fteri kitlesine ula\u015fmaya \u00f6zen g\u00f6stermelisiniz.<\/li>\n<li><strong>Kullan\u0131c\u0131 deneyimini iyile\u015ftirin<\/strong> \u2013 karma\u015f\u0131k sayfa kodu daha yava\u015f y\u00fcklemeye neden olur. Hacimli siteleri ge\u00e7mi\u015fte b\u0131rak\u0131n ve sitenizin kodunu optimize etmeye ba\u015flay\u0131n. \u0130nan\u0131n, b\u00f6ylece sitenizin performans\u0131n\u0131 \u00f6nemli \u00f6l\u00e7\u00fcde h\u0131zland\u0131rabilirsiniz.<\/li>\n<li><strong>Kullan\u0131c\u0131lar\u0131 elde tutma<\/strong> \u2013 yine de elde tutulmas\u0131 gerekti\u011finden m\u00fc\u015fterinin dikkatini \u00e7ekmek yeterli de\u011fildir. Site sayfalar\u0131n\u0131z h\u0131zl\u0131 bir \u015fekilde y\u00fcklenirse, kullan\u0131c\u0131n\u0131n kaynaktan ayr\u0131lma \u015fans\u0131n\u0131n zaman zaman azald\u0131\u011f\u0131n\u0131 unutmay\u0131n. Yava\u015f siteleri de sevmedi\u011finize dikkat edin!<\/li>\n<li><strong>Daha fazla d\u00f6n\u00fc\u015f\u00fcm elde edin<\/strong> \u2013 kayna\u011f\u0131n\u0131z ne kadar h\u0131zl\u0131 y\u00fcklenirse, ilk sayfay\u0131 g\u00f6r\u00fcnt\u00fcledikten sonra sitenizden ayr\u0131lmam\u0131\u015f olan al\u0131c\u0131lardan o kadar fazla d\u00f6n\u00fc\u015f\u00fcm elde edebilirsiniz.<\/li>\n<li><strong>SEO i\u00e7in \u00d6nem.<\/strong> Sayfa h\u0131z\u0131 SEO&#8217;yu ger\u00e7ekten etkiler. Bu bir s\u0131ralama fakt\u00f6r\u00fcd\u00fcr. Ancak bu en \u00f6nemli fakt\u00f6r de\u011fildir ve sitenin s\u0131ralamas\u0131n\u0131 yaln\u0131zca di\u011fer fakt\u00f6rlerle birlikte etkiler. Brian Dean &#8211; Backlinko taraf\u0131ndan Sayfa H\u0131z\u0131n\u0131n SEO etkisi hakk\u0131nda yap\u0131lan ara\u015ft\u0131rman\u0131n video raporuna g\u00f6z at\u0131n.\n<\/ol>\n<p><iframe width=\"770\" height=\"350\" src=\"https:\/\/www.youtube.com\/embed\/zpV0_jdo0og\" title=\"YouTube video oynat\u0131c\u0131\" frameborder=\"0\" allow=\"ivme\u00f6l\u00e7er; otomatik oynatma; pano- yazma; \u015fifreli ortam; jiroskop; resim i\u00e7inde resim\" allowfullscreen><\/iframe><\/p>\n<h2 id=\"wondering\">Web sitenizin h\u0131z\u0131n\u0131 \u00fccretsiz olarak nas\u0131l kontrol edece\u011finizi mi merak ediyorsunuz?<\/h2>\n<p>Sayfa h\u0131z\u0131 testi ile y\u00fckleme h\u0131z\u0131 ve sayfa boyutu hakk\u0131nda ayr\u0131nt\u0131l\u0131 bilgi edinin. Bizimle, sonu\u00e7lar\u0131 bir PDF dosyas\u0131na aktarabilir, verilere bir ba\u011flant\u0131 payla\u015fabilir veya bilgileri panoya kopyalayabilirsiniz.<\/p>\n<p>Web sayfas\u0131 h\u0131z testi, test sonu\u00e7lar\u0131n\u0131 alman\u0131n ve sitenizdeki hatalar\u0131 d\u00fczelttikten sonra bunlar\u0131 g\u00f6stergelerle kar\u015f\u0131la\u015ft\u0131rman\u0131n \u00e7ok uygun bir yoludur.<\/p>\n<p>Size en iyi web sitesi h\u0131z garantilerine sahip bir web bar\u0131nd\u0131rma \u00f6neriyoruz. Web sitesi y\u00fckleme h\u0131z\u0131n\u0131 bizimle test edin! D\u0131\u015fa aktarma se\u00e7ene\u011finden yararlan\u0131n ve site h\u0131z\u0131 denetleyicimizle sitenizin ne kadar h\u0131zl\u0131 y\u00fcklendi\u011fini analiz edin.<\/p>\n<div class=\"content__img-wrap\"><img src=\"https:\/\/sitechecker.pro\/wp-content\/uploads\/2022\/01\/speed_test_1.png\" alt=\"ger\u00e7ek taray\u0131c\u0131lar web sitesi performans izleme\" class=\"description-img description-img-zoom\" loading=\"lazy\" ><\/div>\n<p>Size maksimum kolayl\u0131k sa\u011flamak i\u00e7in, Web Sitesi Testi, Google tavsiyelerine dayal\u0131 olarak siteye bir puan atayacakt\u0131r. Ara\u00e7, sitenizin sayfalar\u0131n\u0131 nas\u0131l h\u0131zland\u0131rabilece\u011finiz ve bunu yapmak i\u00e7in hangi hatalar\u0131 yapman\u0131z gerekti\u011fi konusunda size faydal\u0131 ipu\u00e7lar\u0131 sa\u011flar. Sayfa h\u0131z\u0131n\u0131 test edin ve t\u00fcm hatalar\u0131 d\u00fczeltin.<\/p>\n<div class=\"content__img-wrap\"><img src=\"https:\/\/sitechecker.pro\/wp-content\/uploads\/2022\/01\/speed_test_2.png\" alt=\"\u00e7ekirdek Web Verileri parametreleri kontrol\u00fc\" class=\"description-img description-img-zoom\" loading=\"lazy\" ><\/div>\n<p>Sitenizin durumuyla ilgili ayr\u0131nt\u0131l\u0131 grafiklerle, sorunlu alanlar ve \u00f6zellikler hakk\u0131nda h\u0131zl\u0131 bir \u015fekilde bilgi edinebilirsiniz.<\/p>\n<p>Acil m\u00fcdahale gerektiren durumlar. Ara\u00e7, nelere dikkat etmeniz gerekti\u011fini ve hatalar\u0131n nas\u0131l d\u00fczeltilece\u011fini size g\u00f6sterecektir.<\/p>\n<div class=\"content__img-wrap\"><img src=\"https:\/\/sitechecker.pro\/wp-content\/uploads\/2022\/01\/speed_test_3.png\" alt=\"sitenizin web performans\u0131n\u0131n ayr\u0131nt\u0131lar\u0131n\u0131 analiz edin \" class=\"description-img description-img-zoom\" loading=\"lazy\" ><\/div>\n<p>Web sitesinin h\u0131z\u0131n\u0131 kontrol edin ve site h\u0131z testimiz ile h\u0131zland\u0131r\u0131n!<\/p>\n<h2 id=\"troubleshooting\">Sorun Giderme Web sitesi h\u0131z optimizasyonu ipu\u00e7lar\u0131<\/h2>\n<p>Web sitesi y\u00fckleme h\u0131z\u0131 testi, web sitenizin h\u0131z\u0131n\u0131 art\u0131rabilir. Sitelerin daha h\u0131zl\u0131 y\u00fcklenmesini engelleyen ve potansiyel m\u00fc\u015fterilerin kaybolmas\u0131na neden olan en yayg\u0131n sorunlardan baz\u0131lar\u0131 a\u015fa\u011f\u0131da verilmi\u015ftir. Kaynak performans\u0131n\u0131z\u0131 iyile\u015ftirmek i\u00e7in \u00e7al\u0131\u015fmaya nereden ba\u015flayaca\u011f\u0131n\u0131z\u0131 bilmeniz i\u00e7in bu ipu\u00e7lar\u0131n\u0131 toplad\u0131k. Bunlar yeni ba\u015flayanlar\u0131n bile yapabilece\u011fi basit ipu\u00e7lar\u0131. Sorun giderme ipu\u00e7lar\u0131na dikkat edin ve fazla \u00e7aba harcamadan sitenizi b\u00fcy\u00fct\u00fcn.<\/p>\n<h3>Chrome, Firefox ve IE&#8217;den sayfa h\u0131z\u0131n\u0131 kar\u015f\u0131la\u015ft\u0131r\u0131n<\/h3>\n<p>Web sitesi h\u0131z denetleyicisi, sitenizin en pop\u00fcler taray\u0131c\u0131lardan y\u00fcklenme h\u0131z\u0131n\u0131 test eder. \u00c7o\u011fu kullan\u0131c\u0131 Chrome ile g\u00f6z atsa da, di\u011ferlerini kullanan bir\u00e7ok potansiyel m\u00fc\u015fteri oldu\u011funu hat\u0131rlamakta fayda var. Bu nedenle, olas\u0131 bir kitleyi ve m\u00fc\u015fteriyi kaybetmemek i\u00e7in daha az pop\u00fcler olan di\u011fer taray\u0131c\u0131lar i\u00e7in optimize etmeye ekstra dikkat etmeye de\u011fer.<\/p>\n<h3>Farkl\u0131 d\u00fcnya \u015fehirlerinden web sitenizin h\u0131z\u0131n\u0131 kontrol edin<\/h3>\n<p>D\u00fcnyan\u0131n farkl\u0131 yerlerinden sitenizin y\u00fcklenme oran\u0131n\u0131 kontrol etmek i\u00e7in benzersiz bir f\u0131rsat yakalay\u0131n. Arac\u0131m\u0131z, sitenizin orada ya\u015fayan kullan\u0131c\u0131lar i\u00e7in ne kadar h\u0131zl\u0131 y\u00fcklenece\u011fini kontrol etmeniz i\u00e7in size birka\u00e7 \u00fclke sunar. Web sitenizi yava\u015flatan olas\u0131 sorunlar\u0131 belirlemenizi ve \u00f6nlemenizi sa\u011flar.<\/p>\n<h3>Mobil web sitenizin h\u0131z\u0131n\u0131 test edin<\/h3>\n<p>\u00c7o\u011fu kullan\u0131c\u0131n\u0131n kayna\u011f\u0131n\u0131z\u0131 mobil cihazlardan g\u00f6r\u00fcnt\u00fcleyece\u011fini unutmay\u0131n. Bu nedenle arac\u0131m\u0131z, platform h\u0131z\u0131n\u0131 farkl\u0131 cihazlardan test etme f\u0131rsat\u0131 sunar. Kullan\u0131c\u0131lar\u0131n sayfalar\u0131n\u0131zdan daha h\u0131zl\u0131 bilgi almas\u0131 i\u00e7in h\u0131zl\u0131 y\u00fcklenen sayfa bi\u00e7imlerini kullan\u0131n.<\/p>\n<h3>Sunucu optimizasyonu<\/h3>\n<p>\u0130lk olarak, sunucu b\u00f6l\u00fcm\u00fcn\u00fcn izlenmesi ve kontrol edilmesi kolayd\u0131r. \u0130kincisi, sunucu yan\u0131t s\u00fcresiyle ilgili ciddi sorunlarla birlikte, yava\u015flama herkes i\u00e7in fark edilir. Kayna\u011f\u0131n\u0131z\u0131n arama sonu\u00e7lar\u0131nda daha da \u00fcst s\u0131ralarda yer almas\u0131 i\u00e7in bu parametreye ciddi \u015fekilde dikkat etmelisiniz.<\/p>\n<h3>M\u00fc\u015fteri optimizasyonu<\/h3>\n<p>Herhangi bir kayna\u011f\u0131 h\u0131zland\u0131rmaya yard\u0131mc\u0131 olacak birka\u00e7 evrensel ipucu. Her \u015feyden \u00f6nce, bu fakt\u00f6rlere dikkat edin.<\/p>\n<table class=\"table-classic table-td-3\">\n<kafa><\/p>\n<tr>\n<th>\u0130pu\u00e7lar\u0131<\/th>\n<th>A\u00e7\u0131klama<\/th>\n<\/tr>\n<\/thead>\n<p><v\u00fccut><\/p>\n<tr>\n<td><strong>Web yaz\u0131 tiplerini optimize etme<\/strong><\/td>\n<td>Sitenizdeki yaz\u0131 tiplerinin trafik boyutunu azaltmaya de\u011fer. Bunu yapmak i\u00e7in modern taray\u0131c\u0131lar i\u00e7in WOFF2&#8217;yi kullan\u0131n. Yaln\u0131zca pop\u00fcler bi\u00e7imleri, Latince ve Kiril alfabesini kullan\u0131n. \u00d6nceden y\u00fckleme, bir yaz\u0131 tipi dosyas\u0131n\u0131 ne zaman indirece\u011finizi taray\u0131c\u0131n\u0131za bildirmenize olanak tan\u0131r. Yaz\u0131 tipi g\u00f6r\u00fcnt\u00fcleme \u00f6zelli\u011fi, dosya gecikti\u011finde taray\u0131c\u0131 davran\u0131\u015f\u0131n\u0131 kontrol etmek i\u00e7in esnek bir yol sa\u011flar;<\/td>\n<\/tr>\n<tr>\n<td><strong>G\u00f6r\u00fcnt\u00fcleri optimize etme<\/strong><\/td>\n<td>A\u011f\u0131r resimlerin y\u00fcklenmesi sitenin \u00e7ok daha yava\u015f olmas\u0131na neden olur. Resmin boyutunu k\u00fc\u00e7\u00fcltecek \u00f6zel programlar kullanabilirsiniz. Ayr\u0131ca, bu t\u00fcr hizmetler kalite kayb\u0131 olmadan s\u0131k\u0131\u015ft\u0131rma ile sonu\u00e7lanacak ve bu nedenle kullan\u0131c\u0131lar\u0131n\u0131z fark\u0131 fark etmeyecektir. Sitenizin sayfalar\u0131ndaki resimlerin boyutunu k\u00fc\u00e7\u00fclterek site sayfalar\u0131n\u0131z\u0131n olabildi\u011fince h\u0131zl\u0131 y\u00fcklenmesini sa\u011flamak i\u00e7in bu optimizasyon hizmetlerini kullan\u0131n;<\/td>\n<\/tr>\n<tr>\n<td><strong>Veri S\u0131k\u0131\u015ft\u0131rma<\/strong><\/td>\n<td>Daha \u00f6nce de belirtti\u011fimiz gibi, web sayfas\u0131 kodunuz m\u00fcmk\u00fcn oldu\u011funca basit ve optimize edilmi\u015f olmal\u0131d\u0131r. Hantal yap\u0131lar\u0131 kald\u0131r\u0131n, daha basit s\u00fcr\u00fcmlerle de\u011fi\u015ftirin. Sitenizin verilerini s\u0131k\u0131\u015ft\u0131rman\u0131n kayna\u011f\u0131 h\u0131zland\u0131raca\u011f\u0131n\u0131 ve potansiyel m\u00fc\u015fterileri kaybetmeyece\u011fini unutmay\u0131n. Sunucunun kullan\u0131c\u0131lara sitenizin en son s\u0131k\u0131\u015ft\u0131r\u0131lm\u0131\u015f s\u00fcr\u00fcm\u00fcn\u00fc vermesi i\u00e7in statik s\u0131k\u0131\u015ft\u0131rma kullan\u0131n<\/td>\n<\/tr>\n<\/tbody>\n<\/table>\n<h3>CDN&#8217;yi kullanma<\/h3>\n<p>CDN uygulamas\u0131, kayna\u011f\u0131n\u0131z\u0131 h\u0131zland\u0131rmak i\u00e7in reklam\u0131 yap\u0131lan bir \u00f6nlemdir. Platform performans\u0131n\u0131z\u0131 \u015fimdi geli\u015ftirmek i\u00e7in bu f\u0131rsat\u0131 ka\u00e7\u0131rmay\u0131n!<\/p>\n<p>Kullan\u0131c\u0131 genellikle en yak\u0131n a\u011f sunucusuna ba\u011flan\u0131r. Bu nedenle TCP ve TLS ba\u011flant\u0131s\u0131n\u0131n olu\u015fturulmas\u0131 daha h\u0131zl\u0131 ger\u00e7ekle\u015fir. CDN&#8217;de bulunan veriler durumunda, kullan\u0131c\u0131 onu \u00e7ok daha h\u0131zl\u0131 alabilir. Bu ayar, sunucunuzdaki y\u00fck\u00fc \u00f6nemli \u00f6l\u00e7\u00fcde azalt\u0131r.<\/p>\n<p>CDN, kayna\u011f\u0131n verilerini orijinal bi\u00e7iminde sa\u011flayabilir ve optimize edebilir. Fazla \u00e7aba harcamadan sitenizin y\u00fcklenmesini h\u0131zland\u0131rmay\u0131 m\u00fcmk\u00fcn k\u0131lar.<\/p>\n<p>    <div class=\"blog__conversion blog__conversion-app element__logged_out\">\n        <div class=\"blog__conversion-inner\">\n            <p class=\"title\">Web sitenizin h\u0131z\u0131na zarar verebilecek teknik sorunlar\u0131 bulun!<\/p>\n            <p class=\"description\">Web sitenizi taray\u0131n ve web sitenizin h\u0131z\u0131na ve genel olarak SEO'nuza zarar verebilecek her t\u00fcrl\u00fc sorunu bulun.<\/p>\n            <form id=\"audit__form\"\n                  class=\"article__seo-search audit__form Web sitenizi taray\u0131n ve web sitenizin h\u0131z\u0131na ve genel olarak SEO'nuza zarar verebilecek her t\u00fcrl\u00fc sorunu bulun.\"\n                  action=\"\"\n                  method=\"POST\"\n                  autocomplete=\"off\">\n                <span class=\"error\"><\/span>\n                <div class=\"error__limits\">Something went wrong. Please, try again later.<\/div>\n                <input name=\"url\"\n                       type=\"text\"\n                       placeholder=\"Alan ad\u0131n\u0131z\u0131 buraya girin\">\n                                <button type=\"submit\"\n                        class=\"sitechecker__text\">\n                    <span>Denetim ba\u015flat<\/span>\n                    <img src=\"\/wp-content\/themes\/sitechecker\/out\/img_design\/loading.svg\"\n                         width=\"31\"\n                         height=\"30\"\n                         class=\"loading\">\n                <\/button>\n            <\/form>\n        <\/div>\n    <\/div>\n    <\/p>","protected":false},"excerpt":{"rendered":"Site sayfa h\u0131z\u0131 testi arac\u0131 nedir? Sitenizin y\u00fcklenme h\u0131z\u0131, arama motoru s\u0131ralamas\u0131 i\u00e7in \u00e7ok \u00f6nemli bir parametredir. Sitenizin y\u00fcklenme h\u0131z\u0131n\u0131 analiz edebilmeniz i\u00e7in bir Web Sitesi H\u0131z Testi olu\u015fturduk. Bunu, kayna\u011f\u0131n\u0131z\u0131n y\u00fck\u00fcn\u00fc h\u0131zland\u0131rmak ve sitenizin yava\u015flamas\u0131na neyin sebep oldu\u011funu anlamak i\u00e7in kullanabilirsiniz. Web Sitesi H\u0131z Testi&#8217;nin kullan\u0131m\u0131 kolayd\u0131r ve hem yeni ba\u015flayanlar hem de daha&#8230;","protected":false},"author":10409641,"featured_media":3348,"parent":0,"menu_order":0,"comment_status":"closed","ping_status":"closed","template":"pages-templates\/pages-minitools-3.php","meta":[],"categories":[74],"tags":[],"_links":{"self":[{"href":"https:\/\/sitechecker.pro\/tr\/wp-json\/wp\/v2\/pages\/1063"}],"collection":[{"href":"https:\/\/sitechecker.pro\/tr\/wp-json\/wp\/v2\/pages"}],"about":[{"href":"https:\/\/sitechecker.pro\/tr\/wp-json\/wp\/v2\/types\/page"}],"author":[{"embeddable":true,"href":"https:\/\/sitechecker.pro\/tr\/wp-json\/wp\/v2\/users\/10409641"}],"replies":[{"embeddable":true,"href":"https:\/\/sitechecker.pro\/tr\/wp-json\/wp\/v2\/comments?post=1063"}],"version-history":[{"count":152,"href":"https:\/\/sitechecker.pro\/tr\/wp-json\/wp\/v2\/pages\/1063\/revisions"}],"predecessor-version":[{"id":39384,"href":"https:\/\/sitechecker.pro\/tr\/wp-json\/wp\/v2\/pages\/1063\/revisions\/39384"}],"wp:featuredmedia":[{"embeddable":true,"href":"https:\/\/sitechecker.pro\/tr\/wp-json\/wp\/v2\/media\/3348"}],"wp:attachment":[{"href":"https:\/\/sitechecker.pro\/tr\/wp-json\/wp\/v2\/media?parent=1063"}],"wp:term":[{"taxonomy":"category","embeddable":true,"href":"https:\/\/sitechecker.pro\/tr\/wp-json\/wp\/v2\/categories?post=1063"},{"taxonomy":"post_tag","embeddable":true,"href":"https:\/\/sitechecker.pro\/tr\/wp-json\/wp\/v2\/tags?post=1063"}],"curies":[{"name":"wp","href":"https:\/\/api.w.org\/{rel}","templated":true}]}}