{"id":7885,"date":"2019-09-05T13:51:52","date_gmt":"2019-09-05T13:51:52","guid":{"rendered":"https:\/\/sitechecker.pro\/?page_id=7885"},"modified":"2025-02-06T11:00:13","modified_gmt":"2025-02-06T11:00:13","slug":"page-counter","status":"publish","type":"page","link":"https:\/\/sitechecker.pro\/sv\/page-counter\/","title":{"rendered":"Sidr\u00e4knare f\u00f6r webbplatser | Anv\u00e4nd Sitecheckers sidr\u00e4knare gratis \u1408"},"content":{"rendered":"<p><\/p>\n<h2 id=\"par1\">Vad \u00e4r en sidnummerkontroll f\u00f6r webbplatser?<\/h2>\n<p>Page Counter \u00e4r ett verktyg som hj\u00e4lper dig att r\u00e4kna antalet webbadresser p\u00e5 din webbplats. Det kan vara anv\u00e4ndbart f\u00f6r att sp\u00e5ra din indexeringsstatus och identifiera eventuella tekniska problem. Sitecheckers verktyg f\u00f6r URL-r\u00e4knare \u00e4r enkelt att anv\u00e4nda och har en m\u00e4ngd olika funktioner.<\/p>\n<h3>Kontrollen f\u00f6r r\u00e4kning av webbplatsens sidor kan hj\u00e4lpa dig med f\u00f6ljande<\/h3>\n<ul>\n<li\n    \n\n<li>Best\u00e4mma det totala antalet av alla webbadresser p\u00e5 din webbplats.<\/li>\n<li>Identifiera vilka webbadresser fr\u00e5n XML Sitemap som indexeras av Googles s\u00f6kmotorer.<\/li>\n<li>Uppt\u00e4cka eventuella fel p\u00e5 den egna webbplatsens URL:er.<\/li>\n<li>F\u00f6rst\u00e5else f\u00f6r hur man distribuerar l\u00e4nkkapital effektivt \u00f6ver hela webbplatsen.<\/li>\n<\/ul>\n<\/ul\n\n\n\n<h3>Nyckelfunktioner i en sidr\u00e4knare f\u00f6r webbplatser<\/h3>\n<p><strong>En enhetlig instrumentpanel: <\/strong>En enhetlig instrumentpanel ger en enda plats f\u00f6r att visa tekniska h\u00e4lsodata f\u00f6r din webbplats. Du kan visa dessa data f\u00f6r specifika perioder, t.ex. idag, ig\u00e5r, f\u00f6rra veckan, f\u00f6rra m\u00e5naden och sedan \u00e5rsskiftet.<\/p>\n<p><strong>Anv\u00e4ndarv\u00e4nligt gr\u00e4nssnitt: <\/strong>Ett anv\u00e4ndarv\u00e4nligt gr\u00e4nssnitt g\u00f6r det enkelt att anv\u00e4nda och analysera dina trafikdata. Instrumentpanelen \u00e4r v\u00e4lorganiserad och l\u00e4tt att navigera.<\/p>\n<p><strong>Komplett SEO-verktygssats: <\/strong>En komplett SEO-verktygsl\u00e5da inneh\u00e5ller en m\u00e4ngd olika instrument som hj\u00e4lper dig att f\u00f6rb\u00e4ttra din webbplats ranking i s\u00f6kmotorresultat (SERP). Det kan handla om verktyg f\u00f6r s\u00f6kordsforskning, l\u00e4nkbyggande och teknisk SEO.<\/p>\n<h2 id=\"par2\">Hur anv\u00e4nder man webbplatsens sidr\u00e4knare?<\/h2>\n<p>Fr\u00e5gar du dig sj\u00e4lv hur du enkelt hittar antalet HTML-sidor p\u00e5 en webbplats? V\u00e5rt verktyg ger dig svaret.<\/p>\n<h3>Steg 1: Ange din dom\u00e4n <\/h3>\n<p>Allt du beh\u00f6ver g\u00f6ra \u00e4r att ange dom\u00e4nnamnet och sedan visa alla webbadresser p\u00e5 en webbplats.<\/p>\n<div class=\"content__img-wrap\"><img src=\"https:\/\/sitechecker.pro\/wp-content\/uploads\/2023\/11\/website-page-counter.png\" alt=\"R\u00e4knare f\u00f6r webbplatsens sidor\" class=\"description-img description-img-zoom\" loading=\"lazy\" ><\/div>\n<div class=\"important-block\">F\u00f6r att f\u00e5 resultat och tillg\u00e5ng till Sitechecker&apos;s funktioner i 14 dagar, starta din GRATIS provperiod. Du registrerar dig enkelt med ditt e-post-, Google- eller Facebook-konto. Inget kreditkort beh\u00f6vs.<\/div>\n<h3>Steg 2: H\u00e4mta resultatet<\/h3>\n<p>Efter genoms\u00f6kningen kan du se &#8220;hur m\u00e5nga webbadresser som finns d\u00e4r&#8221;. Denna siffra anger hur m\u00e5nga webbadresser <a href=\"https:\/\/sitechecker.pro\/what-is-google-index\/\" target=\"_blank\" rel=\"noopener noreferrer\">Google index<\/a> har:<\/p>\n<p>[bild url=&#8221;https:\/\/sitechecker.pro\/wp-content\/uploads\/2023\/11\/website-page-counter-results.png&#8221; alt=&#8221;Sidr\u00e4knare f\u00f6r webbplatsresultat&#8221;]<\/p>\n<p>Nedan hittar du en lista \u00f6ver problem som hittats p\u00e5 de genoms\u00f6kta webbadresserna. Om du vill kontrollera alla webbadresser p\u00e5 din webbplats efter fel kan du \u00f6verv\u00e4ga att uppgradera din prisplan.<\/p>\n<div class=\"content__img-wrap\"><img src=\"https:\/\/sitechecker.pro\/wp-content\/uploads\/2023\/11\/page-counter-issues-list.png\" alt=\"Lista \u00f6ver problem med sidr\u00e4knare\" class=\"description-img description-img-zoom\" loading=\"lazy\" ><\/div>\n<p>F\u00f6r varje identifierat fel inneh\u00e5ller listan fels\u00f6kningsf\u00f6rslag och anger de webbadresser d\u00e4r felet uppstod.<\/p>\n<div class=\"content__img-wrap\"><img src=\"https:\/\/sitechecker.pro\/wp-content\/uploads\/2023\/11\/view-issue-option.png\" alt=\"Visa alternativ f\u00f6r problem\" class=\"description-img description-img-zoom\" loading=\"lazy\" ><\/div>\n<h2 id=\"par3\">Ytterligare funktioner i verktyget f\u00f6r r\u00e4knare av webbsidor<\/h2>\n<p>Genom att klicka p\u00e5 &#8220;Crawled pages&#8221; eller &#8220;View all pages&#8221; kan du ocks\u00e5 \u00f6ppna listan \u00f6ver webbadresser med information om problem, status och andra typer av URL <a href=\"https:\/\/sitechecker.pro\/\" target=\"_blank\" rel=\"noopener noreferrer\">SEO-granskningsinformation<\/a>.<\/p>\n<div class=\"content__img-wrap\"><img src=\"https:\/\/sitechecker.pro\/wp-content\/uploads\/2023\/11\/page-counter-view-all-pages.png\" alt=\"Sidr\u00e4knare Visa alla sidor\" class=\"description-img description-img-zoom\" loading=\"lazy\" ><\/div>\n<div class=\"content__img-wrap\"><img src=\"https:\/\/sitechecker.pro\/wp-content\/uploads\/2023\/11\/page-counter-additional-features.png\" alt=\"Sidr\u00e4knare Ytterligare funktioner\" class=\"description-img description-img-zoom\" loading=\"lazy\" ><\/div>\n<p>I det h\u00e4r avsnittet visas en kategoriserad lista \u00f6ver fel, s\u00e5 att du kan sortera dem efter prioritet eller kategori. Om webbplatsen inneh\u00e5ller trasiga webbadresser eller omdirigeringar kan du filtrera bort dem i tabellen. Sidviktsindikatorn ger insikter om hur effektiv din interna l\u00e4nkstruktur \u00e4r.<\/p>\n<p>Med den h\u00e4r informationen kan du snabbt ta itu med kritiska problem p\u00e5 din egen webbplats och f\u00e5 v\u00e4gledning om hur du optimerar din webbplats.<\/p>\n<p>Kolla ocks\u00e5 in v\u00e5r videoguide om hur du anv\u00e4nder Page Counter p\u00e5 SiteChecker-plattformen:<\/p>\n<p><iframe width=\"700\" height=\"350\" src=\"https:\/\/www.youtube.com\/embed\/-cexaqBe4KQ?si=4doM2SLEO-4z_i69&amp;start=213\" title=\"YouTube videospelare\" frameborder=\"0\" allow=\"accelerometer; autoplay; clipboard-write; encrypted-media; gyroscope; picture-in-picture; web-share\" allowfullscreen><\/iframe><\/p>\n<h2 id=\"par4\">En sista id\u00e9<\/h2>\n<p>Website Post Counter \u00e4r ett effektivt gratisverktyg som erbjuds av Sitechecker som r\u00e4knar din webbplats sidor, hj\u00e4lper till att sp\u00e5ra indexering och identifiera tekniska problem. Det har l\u00e4ttanv\u00e4nda funktioner som filtrering efter typ och genoms\u00f6kningsdjup. Viktiga f\u00f6rdelar inkluderar m\u00f6jligheten att fastst\u00e4lla webbplatsens totala URL-antal, identifiera indexerade sidor, kontrollera dubbletter, uppt\u00e4cka fel och strategisera distribution av l\u00e4nkkapital. Dess instrumentpanel centraliserar tekniska h\u00e4lsodata och presenterar ett anv\u00e4ndarv\u00e4nligt gr\u00e4nssnitt f\u00f6r trafikanalys och en komplett upps\u00e4ttning SEO-verktyg f\u00f6r att f\u00f6rb\u00e4ttra SERP-rankingen.<\/p>\n<div id=\"par5\"><\/div>\n<p><div class=\"front__faq-block\"><div class=\"faq__block-title\">FAQ<\/div><div class=\"panel-group\" id=\"faq-accordion\" itemscope itemtype=\"https:\/\/schema.org\/FAQPage\" role=\"tablist\" aria-multiselectable=\"true\"><div class=\"panel\" itemscope itemtype=\"https:\/\/schema.org\/Question\" itemprop=\"mainEntity\">\n                            <div class=\"panel-heading\" id=\"headingFaq-1\">\n                                <div class=\"panel-title\" data-toggle=\"collapse\" aria-expanded=\"false\" href=\"#collapseFaq-1\">\n                                    <h3 itemprop=\"name\">Vad \u00e4r det huvudsakliga syftet med Page Counter finder?<\/h3>\n                                <\/div>\n                            <\/div>\n                            <div id=\"collapseFaq-1\" class=\"panel-collapse collapse\" itemprop=\"acceptedAnswer\" itemscope itemtype=\"http:\/\/schema.org\/Answer\">\n                                <div class=\"panel-body\" itemprop=\"text\">Det huvudsakliga syftet med Page Counter online tool \u00e4r att tillhandah\u00e5lla en ber\u00e4kning av det totala antalet webbadresser p\u00e5 din webbplats, sp\u00e5ra vilka webbadresser som indexeras av s\u00f6kmotorer, identifiera duplicerat inneh\u00e5ll, uppt\u00e4cka eventuella fel och erbjuda insikter f\u00f6r att optimera l\u00e4nkf\u00f6rdelningen.<\/div>\n                            <\/div>\n                        <\/div><div class=\"panel\" itemscope itemtype=\"https:\/\/schema.org\/Question\" itemprop=\"mainEntity\">\n                            <div class=\"panel-heading\" id=\"headingFaq-2\">\n                                <div class=\"panel-title\" data-toggle=\"collapse\" aria-expanded=\"false\" href=\"#collapseFaq-2\">\n                                    <h3 itemprop=\"name\">Hur kontrollerar jag hur m\u00e5nga sidor en webbplats har?<\/h3>\n                                <\/div>\n                            <\/div>\n                            <div id=\"collapseFaq-2\" class=\"panel-collapse collapse\" itemprop=\"acceptedAnswer\" itemscope itemtype=\"http:\/\/schema.org\/Answer\">\n                                <div class=\"panel-body\" itemprop=\"text\">Anv\u00e4nd ett verktyg f\u00f6r r\u00e4kning av webbplatsartiklar som Sitechecker genom att ange webbplatsens dom\u00e4n f\u00f6r att f\u00e5 en fullst\u00e4ndig r\u00e4kning av alla dess webbadresser.<\/div>\n                            <\/div>\n                        <\/div><div class=\"panel\" itemscope itemtype=\"https:\/\/schema.org\/Question\" itemprop=\"mainEntity\">\n                            <div class=\"panel-heading\" id=\"headingFaq-3\">\n                                <div class=\"panel-title\" data-toggle=\"collapse\" aria-expanded=\"false\" href=\"#collapseFaq-3\">\n                                    <h3 itemprop=\"name\">Hur r\u00e4knar jag webbadresser p\u00e5 en webbplats?<\/h3>\n                                <\/div>\n                            <\/div>\n                            <div id=\"collapseFaq-3\" class=\"panel-collapse collapse\" itemprop=\"acceptedAnswer\" itemscope itemtype=\"http:\/\/schema.org\/Answer\">\n                                <div class=\"panel-body\" itemprop=\"text\">Anv\u00e4nd en webbplatsr\u00e4knare genom att ange ditt dom\u00e4nnamn f\u00f6r att automatiskt r\u00e4kna webbadresserna.<\/div>\n                            <\/div>\n                        <\/div><div class=\"panel\" itemscope itemtype=\"https:\/\/schema.org\/Question\" itemprop=\"mainEntity\">\n                            <div class=\"panel-heading\" id=\"headingFaq-4\">\n                                <div class=\"panel-title\" data-toggle=\"collapse\" aria-expanded=\"false\" href=\"#collapseFaq-4\">\n                                    <h3 itemprop=\"name\">Hur m\u00e5nga webbadresser har en typisk webbplats?<\/h3>\n                                <\/div>\n                            <\/div>\n                            <div id=\"collapseFaq-4\" class=\"panel-collapse collapse\" itemprop=\"acceptedAnswer\" itemscope itemtype=\"http:\/\/schema.org\/Answer\">\n                                <div class=\"panel-body\" itemprop=\"text\">En typisk webbplats kan ha allt fr\u00e5n n\u00e5gra f\u00e5 webbadresser till hundratals, beroende p\u00e5 dess syfte och omfattning. Sm\u00e5f\u00f6retag har till exempel ofta f\u00e4rre \u00e4n 20 URL:er, medan st\u00f6rre webbplatser och e-handelsplatser kan ha hundratals eller tusentals webbsidor.<\/div>\n                            <\/div>\n                        <\/div><\/div><\/div><\/p>","protected":false},"excerpt":{"rendered":"Vad \u00e4r en sidnummerkontroll f\u00f6r webbplatser? Page Counter \u00e4r ett verktyg som hj\u00e4lper dig att r\u00e4kna antalet webbadresser p\u00e5 din webbplats. Det kan vara anv\u00e4ndbart f\u00f6r att sp\u00e5ra din indexeringsstatus och identifiera eventuella tekniska problem. Sitecheckers verktyg f\u00f6r URL-r\u00e4knare \u00e4r enkelt att anv\u00e4nda och har en m\u00e4ngd olika funktioner. Kontrollen f\u00f6r r\u00e4kning av webbplatsens sidor&#8230;","protected":false},"author":10504980,"featured_media":7945,"parent":0,"menu_order":0,"comment_status":"closed","ping_status":"closed","template":"pages-templates\/pages-minitools.php","meta":[],"categories":[73],"tags":[],"_links":{"self":[{"href":"https:\/\/sitechecker.pro\/sv\/wp-json\/wp\/v2\/pages\/7885"}],"collection":[{"href":"https:\/\/sitechecker.pro\/sv\/wp-json\/wp\/v2\/pages"}],"about":[{"href":"https:\/\/sitechecker.pro\/sv\/wp-json\/wp\/v2\/types\/page"}],"author":[{"embeddable":true,"href":"https:\/\/sitechecker.pro\/sv\/wp-json\/wp\/v2\/users\/10504980"}],"replies":[{"embeddable":true,"href":"https:\/\/sitechecker.pro\/sv\/wp-json\/wp\/v2\/comments?post=7885"}],"version-history":[{"count":85,"href":"https:\/\/sitechecker.pro\/sv\/wp-json\/wp\/v2\/pages\/7885\/revisions"}],"predecessor-version":[{"id":35343,"href":"https:\/\/sitechecker.pro\/sv\/wp-json\/wp\/v2\/pages\/7885\/revisions\/35343"}],"wp:featuredmedia":[{"embeddable":true,"href":"https:\/\/sitechecker.pro\/sv\/wp-json\/wp\/v2\/media\/7945"}],"wp:attachment":[{"href":"https:\/\/sitechecker.pro\/sv\/wp-json\/wp\/v2\/media?parent=7885"}],"wp:term":[{"taxonomy":"category","embeddable":true,"href":"https:\/\/sitechecker.pro\/sv\/wp-json\/wp\/v2\/categories?post=7885"},{"taxonomy":"post_tag","embeddable":true,"href":"https:\/\/sitechecker.pro\/sv\/wp-json\/wp\/v2\/tags?post=7885"}],"curies":[{"name":"wp","href":"https:\/\/api.w.org\/{rel}","templated":true}]}}