{"id":7871,"date":"2019-09-05T12:15:59","date_gmt":"2019-09-05T12:15:59","guid":{"rendered":"https:\/\/sitechecker.pro\/?page_id=7871"},"modified":"2024-10-28T16:12:31","modified_gmt":"2024-10-28T16:12:31","slug":"directory-scanner","status":"publish","type":"page","link":"https:\/\/sitechecker.pro\/sv\/directory-scanner\/","title":{"rendered":"Webbplats Directory Scanner: Visa webbplatskatalogstruktur och dolda filer \u1408"},"content":{"rendered":"<p><\/p>\n<h2 id=\"par1\">Vad \u00e4r en webbplatskatalogskanner?<\/h2>\n<p>Den kostnadsfria webbplatskatalogskannern fr\u00e5n Sitechecker \u00e4r ett verktyg utformat f\u00f6r att skanna <a href=\"https:\/\/sitechecker.pro\/what-is-directory-website\/\" target=\"_blank\" rel=\"noopener noreferrer\">webbplatskataloger <\/a> och k\u00e4nsliga filer. Denna process \u00e4r avg\u00f6rande f\u00f6r att uppt\u00e4cka konfidentiella eller dolda kataloger p\u00e5 en webbplats. Den kan skanna onlinekataloglistor och hitta filer som PHP, Robots.txt och annan k\u00e4nslig information.<\/p>\n<h3>F\u00f6rdelar du f\u00e5r av att anv\u00e4nda webbplatskatalogskannern online<\/h3>\n<p><strong>Exakt identifiering av webbplatshierarki: <\/strong>Skannern genoms\u00f6ker webbservern och erbjuder en uppdelad vy av en webbplatshierarki, och segmenterar webbplatsen i hanterbara sektioner f\u00f6r att f\u00f6rb\u00e4ttra katalog\u00f6versynen.<\/p>\n<p><strong>Detektering av brister i kataloger: <\/strong>Subdirectory Finder l\u00e5ter anv\u00e4ndare uppt\u00e4cka en specificerad katalog p\u00e5 webbplatsen och identifiera och \u00e5tg\u00e4rda specifika brister i olika kataloger.<\/p>\n<p><strong>Skr\u00e4ddarsydd inspektion: <\/strong>Anv\u00e4ndare kan anpassa sin analys med ett komplett utbud av filter och inst\u00e4llningar, vilket ger en detaljerad unders\u00f6kning av webbplatsens strukturella element som \u00e4r i linje med deras SEO-m\u00e5l.<\/p>\n<h3>Nyckelfunktioner i webbplatskatalogs\u00f6karen<\/h3>\n<ul>\n<li><strong>Unified Dashboard: <\/strong>Erbjuder en helt\u00e4ckande bild av SEO-statistik som trafik, s\u00f6kord och bak\u00e5tl\u00e4nkar, med hj\u00e4lp av data fr\u00e5n Google Search Console och Google Analytics f\u00f6r detaljerade insikter.<\/li>\n<li><strong>Anv\u00e4ndarv\u00e4nligt gr\u00e4nssnitt: <\/strong>Designat f\u00f6r enkel anv\u00e4ndning, m\u00f6jligg\u00f6r smidig navigering och tolkning av webbplatsstatistik, det \u00e4r l\u00e4mpligt f\u00f6r anv\u00e4ndare p\u00e5 alla tekniska niv\u00e5er.<\/li>\n<li><strong>Komplett SEO-verktygsupps\u00e4ttning: <\/strong>Inneh\u00e5ller en m\u00e4ngd olika verktyg, s\u00e5som Webbplatss\u00f6kning, Webbplats\u00f6vervakning, Rank Tracker och mer, f\u00f6r detaljerad SEO-analys och optimering, som integrerar data fr\u00e5n olika k\u00e4llor f\u00f6r en helhetssyn av SEO-prestanda.<\/li>\n<\/ul>\n<h2 id=\"par2\">Hur anv\u00e4nder man onlinekatalogskannern effektivt?<\/h2>\n<div class=\"content__img-wrap\"><img src=\"https:\/\/sitechecker.pro\/wp-content\/uploads\/2023\/11\/website-directory-scanner_655e1a56a5d9b.png\" alt=\"Webbplatskatalogskanner\" class=\"description-img description-img-zoom\" loading=\"lazy\" ><\/div>\n<div class=\"important-block\">F\u00f6r att f\u00e5 resultat och tillg\u00e5ng till Sitecheckers funktioner i 14 dagar, starta din GRATIS provperiod. Det \u00e4r enkelt att registrera sig med ditt e-post-, Google- eller Facebook-konto. Inget kreditkort beh\u00f6vs.<\/div>\n<p>Webbplatsrevisionen tillhandah\u00e5ller ett omfattande gr\u00e4nssnitt f\u00f6r att bed\u00f6ma webbplatsens SEO, med dom\u00e4ninformation f\u00f6r snabb \u00e5tkomst, en instrumentpanel f\u00f6r SEO-statistik, en problemsp\u00e5rare f\u00f6r SEO-problem, kategoriserade problemmenyer f\u00f6r prioritering och interaktiva element f\u00f6r djupg\u00e5ende analys och rapportering. Klicka p\u00e5 knappen &#8220;Visa alla sidor&#8221; f\u00f6r att visa en sk\u00e4rm som visar alla mappar och undermappar p\u00e5 din webbplats.<\/p>\n<div class=\"content__img-wrap\"><img src=\"https:\/\/sitechecker.pro\/wp-content\/uploads\/2023\/11\/directory-scanner-view-all-pages.png\" alt=\"Directory Scanner Visa alla sidor\" class=\"description-img description-img-zoom\" loading=\"lazy\" ><\/div>\n<p>Website Hidden Page Finder \u00e4r designad f\u00f6r enkel anv\u00e4ndning, vilket g\u00f6r att b\u00e5de SEO-experter och nyb\u00f6rjare kan effektivt bed\u00f6ma och f\u00f6rb\u00e4ttra sin webbplatss s\u00f6kmotorrankningspotential.<\/p>\n<p>URL Directory Scanner presenterar ett str\u00f6mlinjeformat gr\u00e4nssnitt f\u00f6r att analysera en webbplats mappstruktur:<\/p>\n<ul>\n<li>Den visar en mappfokuserad analys, med tonvikt p\u00e5 fliken &#8220;Sidor efter mappar&#8221; som kategoriserar webbsidor baserat p\u00e5 deras undermappsv\u00e4gar, vilket hj\u00e4lper till att organisera stora filer och prioritera SEO-insatser.<\/li>\n<li>Den h\u00e4r fliken ger en \u00f6verblick \u00f6ver webbplatsens arkitektur, sorterar sidor i mappar som &#8216;\/shop\/&#8217; eller &#8216;\/cart\/&#8217; och l\u00e5ter anv\u00e4ndare identifiera och sortera problem efter deras sv\u00e5righetsgrad eller typ, vilket betonar verktygets f\u00f6rm\u00e5ga att dissekera och visa webbplatsstruktur i optimeringssyfte.<\/li>\n<\/ul>\n<div class=\"content__img-wrap\"><img src=\"https:\/\/sitechecker.pro\/wp-content\/uploads\/2023\/11\/pages-by-folder.png\" alt=\"Katalogskanner sidor efter mapp\" class=\"description-img description-img-zoom\" loading=\"lazy\" ><\/div>\n<p>Webbplatsundermappss\u00f6karen f\u00f6rb\u00e4ttrar SEO-hanteringen genom att skanna webbplatsens mappstruktur, sortera mapplistor i separata kataloger och eventuellt underl\u00e4tta riktad analys av webbplatssektioner.<\/p>\n<div class=\"content__img-wrap\"><img src=\"https:\/\/sitechecker.pro\/wp-content\/uploads\/2023\/11\/data-display-options.png\" alt=\"Visningsalternativ f\u00f6r katalogskannerdata\" class=\"description-img description-img-zoom\" loading=\"lazy\" ><\/div>\n<p>Dessutom ger webbplatsmappskannern information om sidans statistik och problem samtidigt som den erbjuder anpassningsalternativ f\u00f6r datavisning. Denna funktion \u00e4r avg\u00f6rande f\u00f6r effektiv webbplatsfilstruktur, projektorganisation och SEO-optimering.<\/p>\n<h2 id=\"par3\">Slutlig id\u00e9<\/h2>\n<p>Directory Finder Online-verktyget fr\u00e5n Sitechecker \u00e4r viktigt f\u00f6r en djupg\u00e5ende analys av webbplatsstrukturen och SEO-optimering. Den utm\u00e4rker sig n\u00e4r det g\u00e4ller att avsl\u00f6ja b\u00e5de synliga och dolda webbplatskataloger, vilket m\u00f6jligg\u00f6r en detaljerad bild av en webbplatss arkitektur. Med funktioner som exakt hierarkidetektering, mappspecifika SEO-f\u00f6rb\u00e4ttringar och anpassningsbara inspektioner, v\u00e4nder den sig till b\u00e5de experter och nyb\u00f6rjare n\u00e4r det g\u00e4ller att f\u00f6rb\u00e4ttra webbplatsens SEO. Webbplatskatalogvisarens anv\u00e4ndarv\u00e4nliga gr\u00e4nssnitt, i kombination med en omfattande upps\u00e4ttning SEO-verktyg, g\u00f6r den till en v\u00e4rdefull tillg\u00e5ng f\u00f6r effektiv webbplatshantering och optimering.<\/p>\n<div id=\"par4\"><\/div>\n<p><div class=\"front__faq-block\"><div class=\"faq__block-title\">FAQ<\/div><div class=\"panel-group\" id=\"faq-accordion\" itemscope itemtype=\"https:\/\/schema.org\/FAQPage\" role=\"tablist\" aria-multiselectable=\"true\"><div class=\"panel\" itemscope itemtype=\"https:\/\/schema.org\/Question\" itemprop=\"mainEntity\">\n                            <div class=\"panel-heading\" id=\"headingFaq-1\">\n                                <div class=\"panel-title\" data-toggle=\"collapse\" aria-expanded=\"false\" href=\"#collapseFaq-1\">\n                                    <h3 itemprop=\"name\">Kan webbplatsens tr\u00e4dskannerverktyg identifiera alla typer av dolda filer p\u00e5 webbplatsen?<\/h3>\n                                <\/div>\n                            <\/div>\n                            <div id=\"collapseFaq-1\" class=\"panel-collapse collapse\" itemprop=\"acceptedAnswer\" itemscope itemtype=\"http:\/\/schema.org\/Answer\">\n                                <div class=\"panel-body\" itemprop=\"text\">Katalogs\u00f6karen \u00e4r utformad f\u00f6r att hitta en m\u00e4ngd dolda filer, inklusive PHP och Robots.txt. \u00c4nd\u00e5 kan den misslyckas med att uppt\u00e4cka alla typer av dolda filer, beroende p\u00e5 webbplatsens konfiguration och s\u00e4kerhets\u00e5tg\u00e4rder.<\/div>\n                            <\/div>\n                        <\/div><div class=\"panel\" itemscope itemtype=\"https:\/\/schema.org\/Question\" itemprop=\"mainEntity\">\n                            <div class=\"panel-heading\" id=\"headingFaq-2\">\n                                <div class=\"panel-title\" data-toggle=\"collapse\" aria-expanded=\"false\" href=\"#collapseFaq-2\">\n                                    <h3 itemprop=\"name\">Vad \u00e4r en URL Fuzzer?<\/h3>\n                                <\/div>\n                            <\/div>\n                            <div id=\"collapseFaq-2\" class=\"panel-collapse collapse\" itemprop=\"acceptedAnswer\" itemscope itemtype=\"http:\/\/schema.org\/Answer\">\n                                <div class=\"panel-body\" itemprop=\"text\">Detta \u00e4r en uppt\u00e4ckts\u00e5tg\u00e4rd som l\u00e5ter dig uppt\u00e4cka resurser som inte b\u00f6r vara offentliga (t.ex. \/backups, \/index.php.old, \/archive.tgz, \/source_code.zip, etc.).<\/div>\n                            <\/div>\n                        <\/div><div class=\"panel\" itemscope itemtype=\"https:\/\/schema.org\/Question\" itemprop=\"mainEntity\">\n                            <div class=\"panel-heading\" id=\"headingFaq-3\">\n                                <div class=\"panel-title\" data-toggle=\"collapse\" aria-expanded=\"false\" href=\"#collapseFaq-3\">\n                                    <h3 itemprop=\"name\">\u00c4r URL Fuzzing olaglig?<\/h3>\n                                <\/div>\n                            <\/div>\n                            <div id=\"collapseFaq-3\" class=\"panel-collapse collapse\" itemprop=\"acceptedAnswer\" itemscope itemtype=\"http:\/\/schema.org\/Answer\">\n                                <div class=\"panel-body\" itemprop=\"text\">Vi rekommenderar starkt att du inte k\u00f6r penetrationstestprogram p\u00e5 n\u00e5gon annans webbplats utan skriftligt tillst\u00e5nd fr\u00e5n webbmastern. Det kan f\u00e5 o\u00f6nskade konsekvenser f\u00f6r dig, beroende p\u00e5 ditt lands cybers\u00e4kerhetslagar.<\/div>\n                            <\/div>\n                        <\/div><\/div><\/div><\/p>","protected":false},"excerpt":{"rendered":"Vad \u00e4r en webbplatskatalogskanner? Den kostnadsfria webbplatskatalogskannern fr\u00e5n Sitechecker \u00e4r ett verktyg utformat f\u00f6r att skanna webbplatskataloger och k\u00e4nsliga filer. Denna process \u00e4r avg\u00f6rande f\u00f6r att uppt\u00e4cka konfidentiella eller dolda kataloger p\u00e5 en webbplats. Den kan skanna onlinekataloglistor och hitta filer som PHP, Robots.txt och annan k\u00e4nslig information. F\u00f6rdelar du f\u00e5r av att anv\u00e4nda webbplatskatalogskannern&#8230;","protected":false},"author":10504980,"featured_media":8390,"parent":0,"menu_order":0,"comment_status":"closed","ping_status":"closed","template":"pages-templates\/pages-minitools.php","meta":[],"categories":[73],"tags":[],"_links":{"self":[{"href":"https:\/\/sitechecker.pro\/sv\/wp-json\/wp\/v2\/pages\/7871"}],"collection":[{"href":"https:\/\/sitechecker.pro\/sv\/wp-json\/wp\/v2\/pages"}],"about":[{"href":"https:\/\/sitechecker.pro\/sv\/wp-json\/wp\/v2\/types\/page"}],"author":[{"embeddable":true,"href":"https:\/\/sitechecker.pro\/sv\/wp-json\/wp\/v2\/users\/10504980"}],"replies":[{"embeddable":true,"href":"https:\/\/sitechecker.pro\/sv\/wp-json\/wp\/v2\/comments?post=7871"}],"version-history":[{"count":88,"href":"https:\/\/sitechecker.pro\/sv\/wp-json\/wp\/v2\/pages\/7871\/revisions"}],"predecessor-version":[{"id":33994,"href":"https:\/\/sitechecker.pro\/sv\/wp-json\/wp\/v2\/pages\/7871\/revisions\/33994"}],"wp:featuredmedia":[{"embeddable":true,"href":"https:\/\/sitechecker.pro\/sv\/wp-json\/wp\/v2\/media\/8390"}],"wp:attachment":[{"href":"https:\/\/sitechecker.pro\/sv\/wp-json\/wp\/v2\/media?parent=7871"}],"wp:term":[{"taxonomy":"category","embeddable":true,"href":"https:\/\/sitechecker.pro\/sv\/wp-json\/wp\/v2\/categories?post=7871"},{"taxonomy":"post_tag","embeddable":true,"href":"https:\/\/sitechecker.pro\/sv\/wp-json\/wp\/v2\/tags?post=7871"}],"curies":[{"name":"wp","href":"https:\/\/api.w.org\/{rel}","templated":true}]}}