{"id":7844,"date":"2024-02-16T11:17:04","date_gmt":"2024-02-16T11:17:04","guid":{"rendered":"https:\/\/sitechecker.pro\/?page_id=7844"},"modified":"2026-01-16T18:54:47","modified_gmt":"2026-01-16T18:54:47","slug":"domain-to-ip","status":"publish","type":"page","link":"https:\/\/sitechecker.pro\/sv\/domain-to-ip\/","title":{"rendered":"Dom\u00e4n till IP-konverterare | Konvertera webbadress till IP-adress \u2611"},"content":{"rendered":"<p><\/p>\n<h2 id=\"par1\">Vad \u00e4r omvandlaren f\u00f6r dom\u00e4nnamn till IP-adress?<\/h2>\n<p>URL till IP-adress-omvandlaren fr\u00e5n <a href=\"https:\/\/sitechecker.pro\/\" target=\"_blank\" rel=\"noopener noreferrer\">Sitechecker<\/a> \u00e4r ett verktyg som identifierar IP-adressen f\u00f6r vilket dom\u00e4nnamn som helst. Genom att ange en dom\u00e4n-URL l\u00f6ser verktyget dess hosting-IP, vilket hj\u00e4lper dig att f\u00f6rst\u00e5 var webbplatsen \u00e4r hostad, hur den \u00e4r konfigurerad och g\u00f6r det m\u00f6jligt att utf\u00f6ra djupare s\u00e4kerhets- och tekniska kontroller.<\/p>\n<h3>Hur kan verktyget hj\u00e4lpa dig<\/h3>\n<p><strong>Dom\u00e4n till IP-konvertering: <\/strong>l\u00f6ser omedelbart IP-adressen som \u00e4r kopplad till en dom\u00e4n och visar var webbplatsen \u00e4r hostad.<\/p>\n<p><strong>Bekr\u00e4fta \u00e4gande av webbplatsen: <\/strong>hj\u00e4lper dig att verifiera om webbplatsen tillh\u00f6r dig och guidar dig till r\u00e4tt fl\u00f6de \u2013 detaljerad dom\u00e4ndata f\u00f6r din egen webbplats eller en s\u00e4kerhetsrapport f\u00f6r externa webbplatser.<\/p>\n<p><strong>Kontroll av grundl\u00e4ggande s\u00e4kerhet och serverkonfiguration: <\/strong>identifierar problem i serverinst\u00e4llningar, potentiella s\u00e5rbarheter och ger tillg\u00e5ng till en djupare <a href=\"https:\/\/sitechecker.pro\/website-safety\/\" target=\"_blank\" rel=\"noopener noreferrer\">s\u00e4kerhetsanalys<\/a>.<\/p>\n<h3>Viktiga funktioner i verktyget<\/h3>\n<p><strong>Enhetlig instrumentpanel: <\/strong>erbjuder en centraliserad dashboard som ger en helt\u00e4ckande \u00f6versikt \u00f6ver din webbplats SEO-prestanda. Den samlar data fr\u00e5n olika analyser och <a href=\"https:\/\/sitechecker.pro\/website-monitoring\/\" target=\"_blank\" rel=\"noopener noreferrer\">SEO-\u00f6vervakning<\/a> och presenterar dem i ett tydligt och l\u00e4ttf\u00f6rst\u00e5eligt format.<\/p>\n<p><strong>Anv\u00e4ndarv\u00e4nligt gr\u00e4nssnitt: <\/strong>utformat med fokus p\u00e5 anv\u00e4ndarupplevelse, med ett intuitivt gr\u00e4nssnitt som g\u00f6r navigering och anv\u00e4ndning smidig.<\/p>\n<p><strong>Komplett SEO-verktygspaket: <\/strong>erbjuder en full upps\u00e4ttning SEO-verktyg som t\u00e4cker alla aspekter av webbplatsoptimering.<\/p>\n<h2 id=\"par2\">S\u00e5 anv\u00e4nder du verktyget<\/h2>\n<p>N\u00e4r du \u00e4r p\u00e5 sidan f\u00f6r Website IP Checker ser du ett f\u00e4lt d\u00e4r du kan ange dom\u00e4nnamnet du vill konvertera. Skriv in dom\u00e4nnamnet i f\u00e4ltet.<\/p>\n<p>Efter att du har angett dom\u00e4nnamnet klickar du p\u00e5 \u201dFind IP\u201d.<\/p>\n<div class=\"content__img-wrap\"><img src=\"https:\/\/sitechecker.pro\/wp-content\/uploads\/2025\/12\/domain-to-ip-converter.png\" alt=\"Domain Name to IP Address converter\" class=\"description-img description-img-zoom\" loading=\"lazy\" ><\/div>\n<p>D\u00e4refter blir du ombedd att ange om webbplatsen tillh\u00f6r dig eller inte. V\u00e4lj \u201dYes, it\u2019s mine\u201d om du vill ha en fullst\u00e4ndig s\u00e4kerhetsanalys och webbplatsrevision, eller v\u00e4lj \u201dNo, it\u2019s not\u201d f\u00f6r att visa rapporten f\u00f6r en extern webbplats.<\/p>\n<div class=\"content__img-wrap\"><img src=\"https:\/\/sitechecker.pro\/wp-content\/uploads\/2025\/12\/is-it-your-own-site.png\" alt=\"Is it your own website?\" class=\"description-img description-img-zoom\" loading=\"lazy\" ><\/div>\n<h2 id=\"par3\">Dom\u00e4n till IP-omvandlare f\u00f6r din egen webbplats<\/h2>\n<h3>Steg 1: V\u00e4lj inspektion av din egen webbplats<\/h3>\n<div class=\"content__img-wrap\"><img src=\"https:\/\/sitechecker.pro\/wp-content\/uploads\/2025\/12\/my-site.png\" alt=\"It is my own website\" class=\"description-img description-img-zoom\" loading=\"lazy\" ><\/div>\n<h3>Steg 2: F\u00e5 resultaten<\/h3>\n<p>N\u00e4r du har valt att webbplatsen tillh\u00f6r dig kommer du till vyn Domain Info i ditt f\u00f6rsta projekt. H\u00e4r ser du detaljerad hosting-information, inklusive webbplatsens IP-adress, serverplats, land, organisation och andra tekniska parametrar p\u00e5 dom\u00e4nniv\u00e5.<\/p>\n<p>Denna information hj\u00e4lper dig att f\u00f6rst\u00e5 var din webbplats \u00e4r hostad och hur dess infrastruktur \u00e4r konfigurerad.<\/p>\n<div class=\"content__img-wrap\"><img src=\"https:\/\/sitechecker.pro\/wp-content\/uploads\/2025\/12\/where-is-site-hosted-ip-adress.png\" alt=\"Where is site hosted, IP adress\" class=\"description-img description-img-zoom\" loading=\"lazy\" ><\/div>\n<div class=\"important-block\">F\u00f6r att f\u00e5 resultaten och tillg\u00e5ng till Sitecheckers funktioner i 14 dagar, starta din GRATIS provperiod. Registreringen \u00e4r enkel med e-post, Google eller Facebook. Inget kreditkort kr\u00e4vs.<\/div>\n<h3>Ytterligare funktioner f\u00f6r dom\u00e4n-till-IP-kontrollen<\/h3>\n<p>Ut\u00f6ver att identifiera webbplatsens IP-adress och hostingplats ger verktyget tillg\u00e5ng till en omfattande \u00f6versikt \u00f6ver s\u00e4kerhetsproblem i modulen Site Audit. Denna sektion lyfter fram s\u00e5rbarheter relaterade till HTTPS, serverkonfiguration, blandat inneh\u00e5ll, skydd mot XSS och clickjacking, SSL-giltighet och andra faktorer som kan uts\u00e4tta din webbplats f\u00f6r risker.<\/p>\n<div class=\"content__img-wrap\"><img src=\"https:\/\/sitechecker.pro\/wp-content\/uploads\/2025\/12\/site-audit-security-issues.png\" alt=\"Site audit security issues\" class=\"description-img description-img-zoom\" loading=\"lazy\" ><\/div>\n<p>Du kan granska varje problem i detalj, f\u00f6rst\u00e5 dess p\u00e5verkan och f\u00e5 rekommendationer om hur det kan \u00e5tg\u00e4rdas f\u00f6r att h\u00e5lla din webbplats s\u00e4ker och efterlevande.<\/p>\n<h2 id=\"par4\">Dom\u00e4n till IP-omvandlare f\u00f6r en annan webbplats<\/h2>\n<h3>Steg 1: V\u00e4lj att du kontrollerar n\u00e5gon annans webbplats<\/h3>\n<div class=\"content__img-wrap\"><img src=\"https:\/\/sitechecker.pro\/wp-content\/uploads\/2025\/12\/not-my-site.png\" alt=\"It is not my own website?\" class=\"description-img description-img-zoom\" loading=\"lazy\" ><\/div>\n<h3>Steg 2: F\u00e5 resultaten<\/h3>\n<p>Du omdirigeras till Website Safety Report f\u00f6r dom\u00e4nen du kontrollerar. Rapporten visar webbplatsens IP-adress, serverplats (inklusive land, region och stad) samt <a href=\"https:\/\/sitechecker.pro\/hosting-checker\/\" target=\"_blank\" rel=\"noopener noreferrer\">hostingorganisationen<\/a>.<\/p>\n<div class=\"content__img-wrap\"><img src=\"https:\/\/sitechecker.pro\/wp-content\/uploads\/2025\/12\/website-safety-report-ip-adress.png\" alt=\"Website safety report, IP adress\" class=\"description-img description-img-zoom\" loading=\"lazy\" ><\/div>\n<p>Registrera dig f\u00f6r att f\u00e5 s\u00e4kerhetsfynd, inklusive <a href=\"https:\/\/sitechecker.pro\/site-audit-issues\/https-http-mixed-content\/\" target=\"_blank\" rel=\"noopener noreferrer\">blandat inneh\u00e5ll<\/a>, HTTP-l\u00e4nkar eller saknade <a href=\"https:\/\/sitechecker.pro\/http-header-checker\/\" target=\"_blank\" rel=\"noopener noreferrer\">skydds-headers<\/a>.<\/p>\n<h2 id=\"par5\">Slutsats<\/h2>\n<p>Dom\u00e4n till IP-omvandlaren \u00e4r ett enkelt men kraftfullt verktyg f\u00f6r att ta reda p\u00e5 var en webbplats \u00e4r hostad och hur dess infrastruktur \u00e4r konfigurerad. Oavsett om du kontrollerar din egen webbplats eller analyserar en extern dom\u00e4n levererar verktyget exakta hosting-data, IP-information och viktiga s\u00e4kerhetsinsikter. F\u00f6r webbplats\u00e4gare \u00f6ppnar det f\u00f6r en djupare teknisk och SEO-revision som hj\u00e4lper till att f\u00f6rb\u00e4ttra prestanda, s\u00e4kerhet och tillf\u00f6rlitlighet.<\/p>\n<p>F\u00f6r externa webbplatser ger det en snabb s\u00e4kerhets\u00f6versikt med m\u00f6jlighet att utforska s\u00e4kerhetsproblem mer i detalj.<\/p>\n<div id=\"par6\"><\/div>\n<p><div class=\"front__faq-block\"><div class=\"faq__block-title\">FAQ<\/div><div class=\"panel-group\" id=\"faq-accordion\" itemscope itemtype=\"https:\/\/schema.org\/FAQPage\" role=\"tablist\" aria-multiselectable=\"true\"><div class=\"panel\" itemscope itemtype=\"https:\/\/schema.org\/Question\" itemprop=\"mainEntity\">\n                            <div class=\"panel-heading\" id=\"headingFaq-1\">\n                                <div class=\"panel-title\" data-toggle=\"collapse\" aria-expanded=\"false\" href=\"#collapseFaq-1\">\n                                    <h3 itemprop=\"name\">Kan verktyget Website to IP Converter identifiera alla typer av IP-adresser?<\/h3>\n                                <\/div>\n                            <\/div>\n                            <div id=\"collapseFaq-1\" class=\"panel-collapse collapse\" itemprop=\"acceptedAnswer\" itemscope itemtype=\"http:\/\/schema.org\/Answer\">\n                                <div class=\"panel-body\" itemprop=\"text\">Verktyget \u00e4r utformat f\u00f6r att identifiera b\u00e5de IPv4- och IPv6-adresser som \u00e4r kopplade till en webbplats och t\u00e4cker d\u00e4rmed ett brett spektrum av IP-adress-typer.<\/div>\n                            <\/div>\n                        <\/div><div class=\"panel\" itemscope itemtype=\"https:\/\/schema.org\/Question\" itemprop=\"mainEntity\">\n                            <div class=\"panel-heading\" id=\"headingFaq-2\">\n                                <div class=\"panel-title\" data-toggle=\"collapse\" aria-expanded=\"false\" href=\"#collapseFaq-2\">\n                                    <h3 itemprop=\"name\">Hur exakt \u00e4r geolokaliseringsinformationen som tillhandah\u00e5lls av Dom\u00e4n till IP-omvandlaren?<\/h3>\n                                <\/div>\n                            <\/div>\n                            <div id=\"collapseFaq-2\" class=\"panel-collapse collapse\" itemprop=\"acceptedAnswer\" itemscope itemtype=\"http:\/\/schema.org\/Answer\">\n                                <div class=\"panel-body\" itemprop=\"text\">Geolokaliseringsinformationen \u00e4r vanligtvis korrekt men kan variera beroende p\u00e5 noggrannheten i den IP-databas som anv\u00e4nds av verktyget. Den ger en god uppskattning av serverns fysiska plats.<\/div>\n                            <\/div>\n                        <\/div><div class=\"panel\" itemscope itemtype=\"https:\/\/schema.org\/Question\" itemprop=\"mainEntity\">\n                            <div class=\"panel-heading\" id=\"headingFaq-3\">\n                                <div class=\"panel-title\" data-toggle=\"collapse\" aria-expanded=\"false\" href=\"#collapseFaq-3\">\n                                    <h3 itemprop=\"name\">Hur aktuell \u00e4r informationen som tillhandah\u00e5lls av Website to IP Converter?<\/h3>\n                                <\/div>\n                            <\/div>\n                            <div id=\"collapseFaq-3\" class=\"panel-collapse collapse\" itemprop=\"acceptedAnswer\" itemscope itemtype=\"http:\/\/schema.org\/Answer\">\n                                <div class=\"panel-body\" itemprop=\"text\">Verktyget tillhandah\u00e5ller uppdaterad information baserad p\u00e5 de senaste tillg\u00e4ngliga uppgifterna. Hur f\u00e4rska uppgifterna \u00e4r beror dock p\u00e5 hur ofta IP-adress- och geolokaliseringsdatabaserna uppdateras.<\/div>\n                            <\/div>\n                        <\/div><div class=\"panel\" itemscope itemtype=\"https:\/\/schema.org\/Question\" itemprop=\"mainEntity\">\n                            <div class=\"panel-heading\" id=\"headingFaq-4\">\n                                <div class=\"panel-title\" data-toggle=\"collapse\" aria-expanded=\"false\" href=\"#collapseFaq-4\">\n                                    <h3 itemprop=\"name\">Kan jag anv\u00e4nda Dom\u00e4n till IP-omvandlaren f\u00f6r s\u00e4kerhetsanalys?<\/h3>\n                                <\/div>\n                            <\/div>\n                            <div id=\"collapseFaq-4\" class=\"panel-collapse collapse\" itemprop=\"acceptedAnswer\" itemscope itemtype=\"http:\/\/schema.org\/Answer\">\n                                <div class=\"panel-body\" itemprop=\"text\">Ja, verktyget kan anv\u00e4ndas f\u00f6r en prelimin\u00e4r s\u00e4kerhetsanalys, till exempel f\u00f6r att identifiera en servers geografiska plats, vilket kan hj\u00e4lpa till att bed\u00f6ma potentiella s\u00e4kerhetsrisker eller unders\u00f6ka misst\u00e4nkta webbplatser.<\/div>\n                            <\/div>\n                        <\/div><\/div><\/div><\/p>","protected":false},"excerpt":{"rendered":"Vad \u00e4r omvandlaren f\u00f6r dom\u00e4nnamn till IP-adress? URL till IP-adress-omvandlaren fr\u00e5n Sitechecker \u00e4r ett verktyg som identifierar IP-adressen f\u00f6r vilket dom\u00e4nnamn som helst. Genom att ange en dom\u00e4n-URL l\u00f6ser verktyget dess hosting-IP, vilket hj\u00e4lper dig att f\u00f6rst\u00e5 var webbplatsen \u00e4r hostad, hur den \u00e4r konfigurerad och g\u00f6r det m\u00f6jligt att utf\u00f6ra djupare s\u00e4kerhets- och tekniska&#8230;","protected":false},"author":10409641,"featured_media":7907,"parent":0,"menu_order":0,"comment_status":"closed","ping_status":"closed","template":"pages-templates\/pages-minitools-3.php","meta":[],"categories":[73],"tags":[],"_links":{"self":[{"href":"https:\/\/sitechecker.pro\/sv\/wp-json\/wp\/v2\/pages\/7844"}],"collection":[{"href":"https:\/\/sitechecker.pro\/sv\/wp-json\/wp\/v2\/pages"}],"about":[{"href":"https:\/\/sitechecker.pro\/sv\/wp-json\/wp\/v2\/types\/page"}],"author":[{"embeddable":true,"href":"https:\/\/sitechecker.pro\/sv\/wp-json\/wp\/v2\/users\/10409641"}],"replies":[{"embeddable":true,"href":"https:\/\/sitechecker.pro\/sv\/wp-json\/wp\/v2\/comments?post=7844"}],"version-history":[{"count":49,"href":"https:\/\/sitechecker.pro\/sv\/wp-json\/wp\/v2\/pages\/7844\/revisions"}],"predecessor-version":[{"id":39196,"href":"https:\/\/sitechecker.pro\/sv\/wp-json\/wp\/v2\/pages\/7844\/revisions\/39196"}],"wp:featuredmedia":[{"embeddable":true,"href":"https:\/\/sitechecker.pro\/sv\/wp-json\/wp\/v2\/media\/7907"}],"wp:attachment":[{"href":"https:\/\/sitechecker.pro\/sv\/wp-json\/wp\/v2\/media?parent=7844"}],"wp:term":[{"taxonomy":"category","embeddable":true,"href":"https:\/\/sitechecker.pro\/sv\/wp-json\/wp\/v2\/categories?post=7844"},{"taxonomy":"post_tag","embeddable":true,"href":"https:\/\/sitechecker.pro\/sv\/wp-json\/wp\/v2\/tags?post=7844"}],"curies":[{"name":"wp","href":"https:\/\/api.w.org\/{rel}","templated":true}]}}