{"id":6992,"date":"2019-05-27T14:19:09","date_gmt":"2019-05-27T14:19:09","guid":{"rendered":"https:\/\/sitechecker.pro\/?page_id=6992"},"modified":"2025-03-18T08:21:22","modified_gmt":"2025-03-18T08:21:22","slug":"website-safety","status":"publish","type":"page","link":"https:\/\/sitechecker.pro\/sv\/website-safety\/","title":{"rendered":"Webbplatss\u00e4kerhetskontroll \u2013 \u00e4r den h\u00e4r webbplatsen s\u00e4ker?"},"content":{"rendered":"<p>S\u00e4kerheten p\u00e5 din webbplats \u00e4r en viktig faktor som direkt p\u00e5verkar din s\u00f6kmotorranking. S\u00f6kmotorer f\u00f6redrar att visa anv\u00e4ndarna relevanta resultat fr\u00e5n s\u00e4kra webbplatser. Det \u00e4r anledningen till att du b\u00f6r t\u00e4nka p\u00e5 att kontrollera s\u00e4kerheten f\u00f6r din resurs.<\/p>\n<p>Webbplatss\u00e4kerhetskontroll \u00e4r ett enkelt verktyg som l\u00e5ter dig enkelt svara p\u00e5 fr\u00e5gan &#8220;\u00c4r den h\u00e4r webbplatsen s\u00e4ker?&#8221;. Det indikerar ocks\u00e5 vilka omr\u00e5den p\u00e5 din webbplats som \u00e4r potentiellt s\u00e5rbara f\u00f6r attacker fr\u00e5n cyberbrottslingar.<\/p>\n<p>Anv\u00e4nd v\u00e5r webbplats rykteskontroll f\u00f6r att f\u00f6rhindra problem med hacks. Vi gjorde v\u00e5rt b\u00e4sta f\u00f6r att skapa det mest bekv\u00e4ma och enkla verktyget. L\u00e5t oss titta n\u00e4rmare p\u00e5 varf\u00f6r s\u00e4kerhet \u00e4r viktigt p\u00e5 Internet och hur du kan s\u00e4kra din resurs nu.<\/p>\n<h2 id=\"ik_Check\">Hur kan du kontrollera om en webbplats \u00e4r legitim med v\u00e5r webbplatss\u00e4kerhetskontroll?<\/h2>\n<p>Kontrollera webbplatsens rykte eftersom det direkt p\u00e5verkar hur ofta s\u00f6kmotorer visar det f\u00f6r anv\u00e4ndarna. Om din webbplats har ett l\u00e5gt rykte betyder det att du har gjort misstag n\u00e5gonstans.<br \/>\nDina konkurrenter kan avsiktligt f\u00f6rs\u00f6ka s\u00e4nka din resurs rykte genom att l\u00e4nka till dig p\u00e5 os\u00e4kra resurser. Du b\u00f6r regelbundet kontrollera externa l\u00e4nkar till din webbplats och kontakta administrat\u00f6rerna f\u00f6r farliga resurser f\u00f6r att ta bort l\u00e4nkarna. Anv\u00e4nd v\u00e5rt p\u00e5litliga webbhotell med de b\u00e4sta garantierna f\u00f6r webbplatss\u00e4kerhet! Ta hand om s\u00e4kerheten f\u00f6r din resurs nu.<\/p>\n<p>F\u00f6r att hitta svagheter, anv\u00e4nd webbplatss\u00e4kerhetsskannern och kontrollera webbplatsens status f\u00f6r s\u00e4ker surfning.<\/p>\n<h2 id=\"ik_Free\">Gratis webbplatss\u00e4kerhetskontroll specialfunktioner<\/h2>\n<p>Det \u00e4r en bekv\u00e4m och p\u00e5litlig platss\u00e4kerhetskontroll som l\u00e5ter dig kontrollera alla aspekter som r\u00f6r din resurs s\u00e4kerhet. L\u00e5t oss ta en n\u00e4rmare titt p\u00e5 verktygets nyckelfunktioner.<\/p>\n<h3>Kontrollera<\/h3>\n<p>Kontrollera webbplatsens s\u00e4kerhet mot v\u00e5ra Safe Browsing-listor efter plattform och typer av m\u00f6jliga hot. Med den kan du ta reda p\u00e5 vilka s\u00e4kerhetsmisstag du redan har gjort.<\/p>\n<h3>Varning<\/h3>\n<p>Varna anv\u00e4ndare innan de klickar p\u00e5 extern URL-s\u00e4kerhetskontroll p\u00e5 din resurs som kan leda till infekterade sidor. Det \u00e4r ett enkelt s\u00e4tt att skydda dina webbplatsanv\u00e4ndare fr\u00e5n potentiell skadlig programvara.<\/p>\n<h3>F\u00f6rebyggande<\/h3>\n<p>Du kan f\u00f6rhindra anv\u00e4ndare fr\u00e5n att l\u00e4gga upp os\u00e4kra l\u00e4nkar till din webbplats. De kan vara infekterade och det kommer att p\u00e5verka din resurs rykte.<\/p>\n<h2 id=\"ik_Typical\">Typiska symtom p\u00e5 en hackad webbplats<\/h2>\n<p>Vissa faktorer kan hj\u00e4lpa dig att snabbt inse att en viss resurs har \u00e4ventyrats eller \u00e4r op\u00e5litlig. En av anledningarna kan helt enkelt vara ett misstag, men om du m\u00e4rker n\u00e5gra problem \u00e4r det v\u00e4rt att engagera sig i att f\u00f6rb\u00e4ttra din resurs s\u00e4kerhets\u00e5tg\u00e4rder. L\u00e5t oss ta en n\u00e4rmare titt p\u00e5 dem.<\/p>\n<ul>\n<li>S\u00e4kerhetskontrolltj\u00e4nster svartlistade resursen<\/a>.<\/li>\n<li>V\u00e4rdleverant\u00f6ren har st\u00e4ngt av st\u00f6det f\u00f6r resursen.<\/li>\n<li>Laddningstiden f\u00f6r webbplatssidorna har \u00f6kat m\u00e4rkbart. Sidor kanske inte laddas alls och \u00f6ppnas inte f\u00f6r anv\u00e4ndare.<\/li>\n<li>Varningar om eventuell hackning och os\u00e4kerhet visas n\u00e4r du f\u00f6rs\u00f6ker \u00f6ppna sidorna p\u00e5 webbplatsen.<\/li>\n<li>Anv\u00e4ndare har noterat uppkomsten av konstiga omdirigeringar fr\u00e5n sidorna p\u00e5 din webbplats.<\/li>\n<\/ul>\n<p>Om du eller anv\u00e4ndarna av din resurs har m\u00e4rkt s\u00e5dana saker b\u00f6r du g\u00f6ra en s\u00e4kerhetskontroll f\u00f6r att avg\u00f6ra om en bedragare har hackat din webbplats. Om s\u00e5 \u00e4r fallet kan din information riskera att hamna i tredje hand, och din webbplatss rykte kan skadas f\u00f6r alltid f\u00f6r s\u00f6kmotorer. F\u00f6r att f\u00f6rhindra det kan du anv\u00e4nda v\u00e5r hackade webbplatskontroll f\u00f6r att uppt\u00e4cka alla typer av s\u00e4kerhetsproblem.<\/p>\n<h2 id=\"ik_What\">Vad \u00e4r Google Safe Browsing?<\/h2>\n<p>Google Safe Browsing \u00e4r en enorm onlinelista med resurser som kan stj\u00e4la anv\u00e4ndardata eller information fr\u00e5n din webbplats. Med hj\u00e4lp av detta verktyg kan du kontrollera &#8220;\u00c4r webbplatsen s\u00e4ker?&#8221;. Googles algoritmer kontrollerar regelbundet s\u00e4kerheten p\u00e5 webbplatsen f\u00f6r s\u00e4kerhetsproblem. Du kan anv\u00e4nda den h\u00e4r listan f\u00f6r att avg\u00f6ra vilka webbplatser du inte ska lita p\u00e5. Det ger dig ett bekv\u00e4mt och enkelt s\u00e4tt att ta reda p\u00e5 sajter med bedragare och inte kontakta dem f\u00f6r samarbete. Du b\u00f6r kolla h\u00e4r alla webbplatser som erbjuder inneh\u00e5llsutbyte, l\u00e4nkutbyte eller n\u00e5got annat samarbete s\u00e5 att du inte st\u00f6ter p\u00e5 hackare.<\/p>\n<p>Du b\u00f6r alltid vara f\u00f6rsiktig n\u00e4r du bes\u00f6ker ok\u00e4nda webbplatser eftersom cyberbrottslingar stj\u00e4l gigabyte med information varje dag, infekterar utrustning med skadliga virus, vilket f\u00e5r hela f\u00f6retag att st\u00e4ngas och anv\u00e4ndarnas data l\u00e4cker. Det \u00e4r v\u00e4rt att \u00e4gna maximal uppm\u00e4rksamhet \u00e5t s\u00e4kerhet eftersom det direkt p\u00e5verkar din resurs rykte bland anv\u00e4ndare och i s\u00f6kmotorer.<\/p>\n<p><iframe width=\"770\" height=\"350\" src=\"https:\/\/www.youtube.com\/embed\/w8uNzQqsTrU\" title=\"YouTube video player\" frameborder=\"0\" allow=\"accelerometer; autoplay; clipboard-write; encrypted-media; gyroscope; picture-in-picture\" allowfullscreen><\/iframe><\/p>\n<p>&#8221; frameborder=&#8221;0&#8243; allow=&#8221;accelerometer; autospela; urklipp-skriva; krypterad media; gyroskop; bild-i-bild&#8221; allowfullscreen><\/iframe><\/p>\n<h2 id=\"ik_When\">N\u00e4r ska jag anv\u00e4nda Google Safe Browsing Checker?<\/h2>\n<p>Du kan anv\u00e4nda Googles s\u00e4kerhetskontroll f\u00f6r att kontrollera om webbplatsen \u00e4r s\u00e4ker. P\u00e5 s\u00e5 s\u00e4tt kan du avg\u00f6ra vilka webbplatser som kan vara skadliga och f\u00e5 tillg\u00e5ng till din information. En enkel check i denna tj\u00e4nst kommer snabbt och f\u00e5 information om hur p\u00e5litlig denna resurs \u00e4r gratis.<\/p>\n<p>Innan du klickar p\u00e5 en ok\u00e4nd l\u00e4nk rekommenderar vi alltid att du kontrollerar den f\u00f6r s\u00e4kerhets skull. Med det h\u00e4r verktyget kan du ocks\u00e5 kontrollera vilka sajter med l\u00e5gt rykte som har omn\u00e4mnanden av din sida. P\u00e5 s\u00e5 s\u00e4tt kan angripare f\u00f6rs\u00f6ka s\u00e4nka din resurs ranking i s\u00f6kmotorerna.<br \/>\n<div class=\"content__img-wrap\"><img src=\"https:\/\/sitechecker.pro\/wp-content\/uploads\/2022\/01\/web_security_check.png\" alt=\"g\u00f6r kontrollen f\u00f6r att utesluta alla os\u00e4kra webbplatser\" class=\"description-img description-img-zoom\" loading=\"lazy\" ><\/div><\/p>\n<p>Efter kontroll kommer du att kunna ladda ner PDF-filen med rapporten. Du kan ocks\u00e5 kopiera rapporten till urklipp i detta format:<\/p>\n<div class=\"article__quote\">\n                    <div class=\"quote-text\">Webbplats URL: copywritely.com<\/p>\n<p>\u2022 Webbplatsens s\u00e4kerhetsstatus: Webbplatsen \u00e4r inte svartlistad och ser s\u00e4ker ut att anv\u00e4nda.<\/p>\n<p>\u2022 Dom\u00e4nregistrering: 12 december 2015<\/p>\n<p>\u2022 IP-adress: 148.251.238.57<\/p>\n<p>\u2022 Land: Tyskland<\/p>\n<p>\u2022 Region: SN<\/p>\n<p>\u2022 Stad: Falkenstein<\/div><\/div>\n<p>Och naturligtvis kan du anv\u00e4nda alla funktioner i v\u00e5r tj\u00e4nst f\u00f6r att g\u00f6ra en fullst\u00e4ndig webbplatsrevision och kontrollera den f\u00f6r alla typer av SEO-problem.<\/p>\n<h2 id=\"ik_Top\">B\u00e4sta tipsen n\u00e4r du utf\u00f6r en s\u00e4kerhetskontroll p\u00e5 webbplatsen<\/h2>\n<p>H\u00e4r \u00e4r n\u00e5gra enkla tips f\u00f6r att effektivt genomf\u00f6ra en s\u00e4kerhetskontroll av plattformen. Deras implementering kommer inte att ta mycket tid men kan avsev\u00e4rt \u00f6ka chanserna att skyddas fr\u00e5n informationsl\u00e4ckor.<\/p>\n<table class=\"table-classic table-td-3\">\n<huvud><\/p>\n<tr>\n<th>Tips<\/th>\n<th>F\u00f6rklaring<\/th>\n<\/tr>\n<\/thead>\n<tbody>\n<tr>\n<td><strong>Aktivera HTTPS<\/strong><\/td>\n<td>HTTPS skyddar data fr\u00e5n att f\u00e5ngas upp och anv\u00e4ndas f\u00f6r bedr\u00e4gliga \u00e4ndam\u00e5l. Det \u00e4r absolut n\u00f6dv\u00e4ndigt om din webbplats utf\u00f6r betalningstransaktioner. N\u00e4r du byter till HTTPS \u00e4ndras ikonen f\u00f6r &#8220;oskyddad anslutning&#8221; till en gr\u00f6n &#8220;s\u00e4ker&#8221; ikon. Till exempel visar Google Chrome nu HTTP-webbplatser som os\u00e4kra och kommer att betona detta \u00e4nnu mer i framtiden.<\/td>\n<\/tr>\n<tr>\n<td><strong>Inaktivera\/ta bort on\u00f6diga insticksprogram<\/strong><\/td>\n<td>om du har plugins som du inte anv\u00e4nder f\u00f6r din webbplats, gl\u00f6mmer du att uppdatera dem. Det leder till ett s\u00e4kerhetsh\u00e5l i din resurs. Tro inte att inaktiva plugins inte utg\u00f6r n\u00e5got hot eftersom angripare kan dra f\u00f6rdel av detta kryph\u00e5l och attackera din resurs.<\/td>\n<\/tr>\n<tr>\n<td><strong>S\u00e4kerhetskopiera filer<\/strong><\/td>\n<td>regelbundna s\u00e4kerhetskopior kan vara ett bra s\u00e4tt att skydda din webbplats fr\u00e5n hackor. Var noga med att s\u00e4kerhetskopiera filerna p\u00e5 din webbplats f\u00f6r att undvika m\u00f6jligheten att information l\u00e4cker ut till tredje part.<\/td>\n<\/tr>\n<tr>\n<td><strong>Generera l\u00f6senord automatiskt<\/strong><\/td>\n<td>tj\u00e4nster f\u00f6r att generera slumpm\u00e4ssiga l\u00f6senord ger vanligtvis en m\u00f6jlighet att skapa en s\u00e4ker kombination f\u00f6r att skydda din webbplats. Anv\u00e4nd en bepr\u00f6vad generationswebbplats f\u00f6r att s\u00e4kra data p\u00e5 din resurs.<\/td>\n<\/tr>\n<tr>\n<td><strong>Uppdatera plugins och annan programvara<\/strong><\/td>\n<td>om du forts\u00e4tter att uppdatera alla inaktiva plugins \u00e4r det osannolikt att du f\u00e5r s\u00e4kerhetsproblem. Men om du inte installerar uppdateringar till inaktiva plugins \u00e4r det b\u00e4st att ta bort dem helt och h\u00e5llet. <\/td>\n<\/tr>\n<\/tbody>\n<\/table>\n<h2 id=\"ik_High\">H\u00f6g webbplatss\u00e4kerhet med de b\u00e4sta v\u00e4rdleverant\u00f6rerna<\/h2>\n<p>Att hitta en s\u00e4ker och p\u00e5litlig v\u00e4rdleverant\u00f6r \u00e4r inte en l\u00e4tt uppgift eftersom datas\u00e4kerhet \u00e4r en h\u00f6gsta prioritet f\u00f6r webbplats\u00e4gare.<\/p>\n<p>\u00c4ven stora f\u00f6retag med stora budgetar f\u00f6r datas\u00e4kerhet m\u00f6ter regelbundna attacker och dataintr\u00e5ng. &#8220;\u00c4r det en s\u00e4ker webbplats?&#8221;. Ingen kan ge 100% s\u00e4kerhet, men det \u00e4r b\u00e4ttre att vidta alla m\u00f6jliga \u00e5tg\u00e4rder f\u00f6r att s\u00e4kerst\u00e4lla din resurs s\u00e4kerhet.<\/p>\n<p>Att regelbundet skanna din plattform efter en eventuell virusattack, installera s\u00e4kerhetscertifikat och v\u00e4lja en p\u00e5litlig v\u00e4rdtj\u00e4nst \u00e4r alla n\u00f6dv\u00e4ndiga \u00e5tg\u00e4rder f\u00f6r att f\u00f6rhindra inkr\u00e4ktare fr\u00e5n att attackera din resurs. N\u00e4r du v\u00e4ljer en v\u00e4rdtj\u00e4nst, se till att vara uppm\u00e4rksam p\u00e5 dess s\u00e4kerhets\u00e5tg\u00e4rder.<\/p>\n<p>\u00c5h, gl\u00f6m inte att kontrollera en webbplats f\u00f6r SEO-problem och skadlig programvara.<\/p>\n<p>    <div class=\"blog__conversion blog__conversion-app element__logged_out\">\n        <div class=\"blog__conversion-inner\">\n            <p class=\"title\">Detektera inte bara s\u00e4kerhetsproblem utan \u00e4ven andra typer av tekniska problem p\u00e5 din webbplats!<\/p>\n            <p class=\"description\">Genoms\u00f6k din webbplats och ta reda p\u00e5 alla typer av problem som kan drabba dina anv\u00e4ndare eller din webbplats SEO.<\/p>\n            <form id=\"audit__form\"\n                  class=\"article__seo-search audit__form Genoms\u00f6k din webbplats och ta reda p\u00e5 alla typer av problem som kan drabba dina anv\u00e4ndare eller din webbplats SEO.\"\n                  action=\"\"\n                  method=\"POST\"\n                  autocomplete=\"off\">\n                <span class=\"error\"><\/span>\n                <div class=\"error__limits\">Something went wrong. Please, try again later.<\/div>\n                <input name=\"url\"\n                       type=\"text\"\n                       placeholder=\"Ange din dom\u00e4n h\u00e4r\">\n                                <button type=\"submit\"\n                        class=\"sitechecker__text\">\n                    <span>Starta granskning<\/span>\n                    <img src=\"\/wp-content\/themes\/sitechecker\/out\/img_design\/loading.svg\"\n                         width=\"31\"\n                         height=\"30\"\n                         class=\"loading\">\n                <\/button>\n            <\/form>\n        <\/div>\n    <\/div>\n    <\/p>","protected":false},"excerpt":{"rendered":"S\u00e4kerheten p\u00e5 din webbplats \u00e4r en viktig faktor som direkt p\u00e5verkar din s\u00f6kmotorranking. S\u00f6kmotorer f\u00f6redrar att visa anv\u00e4ndarna relevanta resultat fr\u00e5n s\u00e4kra webbplatser. Det \u00e4r anledningen till att du b\u00f6r t\u00e4nka p\u00e5 att kontrollera s\u00e4kerheten f\u00f6r din resurs. Webbplatss\u00e4kerhetskontroll \u00e4r ett enkelt verktyg som l\u00e5ter dig enkelt svara p\u00e5 fr\u00e5gan &#8220;\u00c4r den h\u00e4r webbplatsen s\u00e4ker?&#8221;&#8230;.","protected":false},"author":10409641,"featured_media":6976,"parent":0,"menu_order":0,"comment_status":"closed","ping_status":"closed","template":"pages-templates\/pages-minitools.php","meta":[],"categories":[73],"tags":[],"_links":{"self":[{"href":"https:\/\/sitechecker.pro\/sv\/wp-json\/wp\/v2\/pages\/6992"}],"collection":[{"href":"https:\/\/sitechecker.pro\/sv\/wp-json\/wp\/v2\/pages"}],"about":[{"href":"https:\/\/sitechecker.pro\/sv\/wp-json\/wp\/v2\/types\/page"}],"author":[{"embeddable":true,"href":"https:\/\/sitechecker.pro\/sv\/wp-json\/wp\/v2\/users\/10409641"}],"replies":[{"embeddable":true,"href":"https:\/\/sitechecker.pro\/sv\/wp-json\/wp\/v2\/comments?post=6992"}],"version-history":[{"count":115,"href":"https:\/\/sitechecker.pro\/sv\/wp-json\/wp\/v2\/pages\/6992\/revisions"}],"predecessor-version":[{"id":36024,"href":"https:\/\/sitechecker.pro\/sv\/wp-json\/wp\/v2\/pages\/6992\/revisions\/36024"}],"wp:featuredmedia":[{"embeddable":true,"href":"https:\/\/sitechecker.pro\/sv\/wp-json\/wp\/v2\/media\/6976"}],"wp:attachment":[{"href":"https:\/\/sitechecker.pro\/sv\/wp-json\/wp\/v2\/media?parent=6992"}],"wp:term":[{"taxonomy":"category","embeddable":true,"href":"https:\/\/sitechecker.pro\/sv\/wp-json\/wp\/v2\/categories?post=6992"},{"taxonomy":"post_tag","embeddable":true,"href":"https:\/\/sitechecker.pro\/sv\/wp-json\/wp\/v2\/tags?post=6992"}],"curies":[{"name":"wp","href":"https:\/\/api.w.org\/{rel}","templated":true}]}}