{"id":645,"date":"2017-12-11T09:48:13","date_gmt":"2017-12-11T09:48:13","guid":{"rendered":"https:\/\/sitechecker.pro\/?page_id=645"},"modified":"2026-02-13T17:39:36","modified_gmt":"2026-02-13T17:39:36","slug":"alt-tags","status":"publish","type":"page","link":"https:\/\/sitechecker.pro\/sv\/alt-tags\/","title":{"rendered":"Vad \u00e4r Image Alt Text (Alt Taggar) och hur anv\u00e4nder man det i SEO?"},"content":{"rendered":"<p><\/p>\n<h2><strong>Vad \u00e4r alt text?<\/strong><\/h2>\n<p>Alt-attributet \u00e4r en bildbeskrivning som best\u00e5r av flera ord, l\u00e4st av s\u00f6kroboten n\u00e4r sidan indexeras. Om anv\u00e4ndaren har inaktiverat grafikst\u00f6dfunktionen i webbl\u00e4saren visas inneh\u00e5llet i taggen ist\u00e4llet f\u00f6r bilden. Texten f\u00f6r detta attribut b\u00f6r inte vara f\u00f6r l\u00e5ng.<\/p>\n<p>Titelattributet \u00e4r en beskrivning f\u00f6r bes\u00f6karen. Om anv\u00e4ndaren vilar muspekaren p\u00e5 bilden i ett par sekunder kommer titelattribut att visas. F\u00f6r att fylla denna tagg anv\u00e4nds vanligtvis en detaljerad beskrivning av 1-2 f\u00f6rslag.<\/p>\n<h2>\n<strong>Varf\u00f6r beh\u00f6ver vi alt-taggar?<\/strong><\/h2>\n<p>Utan tvekan kommer den grafiska bilden att laddas korrekt \u00e4ven om bildtaggarna inte har bild och titel. Men i detta fall kommer m\u00f6jligheterna till SEO-bilder att f\u00f6rbli inaktiverade. Efter att ha anv\u00e4nt lite tid p\u00e5 att skapa en alternativ beskrivning kan webbansvarig:<\/p>\n<ul>\n<li>\u00f6verf\u00f6ra n\u00f6dv\u00e4ndig data till s\u00f6krobot;<\/li>\n<li>locka nya bes\u00f6kare;<\/li>\n<li>\u00f6ka l\u00e4sarnas lojalitet.<\/li>\n<\/ul>\n<p>S\u00f6kmotorer unders\u00f6ker unika grafiska bilder, men de kan inte analysera deras tematiska identitet. Om en webbansvarig vill att en robot ska kategorisera en bild, b\u00f6r den d\u00e4rf\u00f6r utg\u00f6ra en text f\u00f6r alt-taggen.<\/p>\n<p>F\u00f6rutom huvuds\u00f6kningen har Google och Yandex en &#8220;bilder&#8221; -tj\u00e4nst. Genom att skapa optimerade beskrivningar imag-taggar \u00f6kar webbansvariga chansen att Internetanv\u00e4ndare kan komma \u00f6ver sin webbplats med denna tj\u00e4nst. Som resultat kommer trafiktillv\u00e4xt att s\u00e4kerst\u00e4llas.<\/p>\n<h2>\n<strong>Hur anv\u00e4nder man taggar i SEO-marknadsf\u00f6ring?<\/strong><\/h2>\n<p>F\u00f6r att locka till potentiella f\u00f6rfr\u00e5gningar m\u00e5ste webbansvariga g\u00f6ra beskrivningar med nyckelfraser f\u00f6r alt och titel. Texten som skapats f\u00f6r alt-taggen kan se ut s\u00e5 h\u00e4r: &#8220;adjektiv + nyckelfras&#8221;. F\u00f6r titelattributet rekommenderas det att skapa komplex mening &#8220;adjektiv + nyckel + till\u00e4gg&#8221;.<\/p>\n<p>L\u00e5t oss till exempel ta en nyckel &#8220;New York fastigheter&#8221;. F\u00f6r en s\u00e5dan nyckel kan du rita en beskrivning alt &#8220;New York Real Estate Luxury&#8221;, samt titeln &#8220;Luxury Real Estate in Manhattan, New York.&#8221; En optimerad beskrivning av bilden b\u00f6r inneh\u00e5lla ord som &#8220;foto&#8221;, &#8220;bild&#8221;.<\/p>","protected":false},"excerpt":{"rendered":"Vad \u00e4r alt text? Alt-attributet \u00e4r en bildbeskrivning som best\u00e5r av flera ord, l\u00e4st av s\u00f6kroboten n\u00e4r sidan indexeras. Om anv\u00e4ndaren har inaktiverat grafikst\u00f6dfunktionen i webbl\u00e4saren visas inneh\u00e5llet i taggen ist\u00e4llet f\u00f6r bilden. Texten f\u00f6r detta attribut b\u00f6r inte vara f\u00f6r l\u00e5ng. Titelattributet \u00e4r en beskrivning f\u00f6r bes\u00f6karen. Om anv\u00e4ndaren vilar muspekaren p\u00e5 bilden i&#8230;","protected":false},"author":10504980,"featured_media":3419,"parent":0,"menu_order":0,"comment_status":"closed","ping_status":"closed","template":"pages-templates\/pages-minitools-3.php","meta":[],"categories":[74],"tags":[],"_links":{"self":[{"href":"https:\/\/sitechecker.pro\/sv\/wp-json\/wp\/v2\/pages\/645"}],"collection":[{"href":"https:\/\/sitechecker.pro\/sv\/wp-json\/wp\/v2\/pages"}],"about":[{"href":"https:\/\/sitechecker.pro\/sv\/wp-json\/wp\/v2\/types\/page"}],"author":[{"embeddable":true,"href":"https:\/\/sitechecker.pro\/sv\/wp-json\/wp\/v2\/users\/10504980"}],"replies":[{"embeddable":true,"href":"https:\/\/sitechecker.pro\/sv\/wp-json\/wp\/v2\/comments?post=645"}],"version-history":[{"count":49,"href":"https:\/\/sitechecker.pro\/sv\/wp-json\/wp\/v2\/pages\/645\/revisions"}],"predecessor-version":[{"id":39277,"href":"https:\/\/sitechecker.pro\/sv\/wp-json\/wp\/v2\/pages\/645\/revisions\/39277"}],"wp:featuredmedia":[{"embeddable":true,"href":"https:\/\/sitechecker.pro\/sv\/wp-json\/wp\/v2\/media\/3419"}],"wp:attachment":[{"href":"https:\/\/sitechecker.pro\/sv\/wp-json\/wp\/v2\/media?parent=645"}],"wp:term":[{"taxonomy":"category","embeddable":true,"href":"https:\/\/sitechecker.pro\/sv\/wp-json\/wp\/v2\/categories?post=645"},{"taxonomy":"post_tag","embeddable":true,"href":"https:\/\/sitechecker.pro\/sv\/wp-json\/wp\/v2\/tags?post=645"}],"curies":[{"name":"wp","href":"https:\/\/api.w.org\/{rel}","templated":true}]}}