{"id":6404,"date":"2020-07-18T11:19:35","date_gmt":"2020-07-18T09:19:35","guid":{"rendered":"https:\/\/sitechecker.pro\/?page_id=6404"},"modified":"2026-02-19T14:46:56","modified_gmt":"2026-02-19T14:46:56","slug":"traffic-checker","status":"publish","type":"page","link":"https:\/\/sitechecker.pro\/sv\/traffic-checker\/","title":{"rendered":"Website Traffic Checker | Analysera Trafiken Gratis \u1408"},"content":{"rendered":"<p><\/p>\n<h2 id=\"ik_traff_esimator\">Vad \u00e4r en webbplatstrafikkalkylator?<\/h2>\n<p>Det \u00e4r ett viktigt verktyg f\u00f6r alla webbplats\u00e4gare eller marknadsf\u00f6rare som vill optimera sin onlinen\u00e4rvaro. V\u00e5r <a href=\"https:\/\/sitechecker.pro\/what-is-website-traffic\/\" rel=\"noopener noreferrer\" target=\"_blank\">webbplatstrafikkontroll<\/a> \u00e4r ett m\u00e5ngsidigt och kraftfullt dataanalysverktyg utformad f\u00f6r att hj\u00e4lpa dig sp\u00e5ra, analysera och optimera din webbplats prestanda.<\/p>\n<h3>Nyckelfunktioner i dom\u00e4ntrafikkontrollen:<\/h3>\n<ul>\n<li><strong>Allt-i-ett-instrumentpanel: <\/strong>F\u00e5 \u00e5tkomst till omfattande data fr\u00e5n Google Analytics, Google Search Console och SERP p\u00e5 ett bekv\u00e4mt st\u00e4lle, vilket sparar tid och anstr\u00e4ngning.<\/li>\n<li><strong>L\u00e4ttanv\u00e4nt gr\u00e4nssnitt: <\/strong>Med anv\u00e4ndarv\u00e4nliga instrumentpaneler g\u00f6r v\u00e5r webbtrafiks\u00f6kning det enklare \u00e4n n\u00e5gonsin att navigera mellan din webbplats statistik smidigt och uppt\u00e4cka m\u00f6jligheter till tillv\u00e4xt.<\/li>\n<li><strong>Konkurrentanalys: <\/strong>L\u00e4gg dig f\u00f6re konkurrenterna genom att analysera <a href=\"https:\/\/sitechecker.pro\/what-is-organic-traffic\/\" rel=\"noopener noreferrer\" target=\"_blank\">organisk trafikdata<\/a>, SERP-synlighet och topptrafikgenererande s\u00f6kord f\u00f6r dina konkurrenter. Utnyttja dessa insikter f\u00f6r att optimera din webbplats och \u00f6vertr\u00e4ffa dina konkurrenter.<\/li>\n<li><strong>Globala SEO-plattformsfunktioner: <\/strong>V\u00e5r globala SEO-plattform erbjuder mycket mer \u00e4n bara trafikdataanalys. <a href=\"https:\/\/sitechecker.pro\/sv\/\" rel=\"noopener noreferrer\" target=\"_blank\">Sitechecker<\/a> inneh\u00e5ller en m\u00e4ngd olika funktioner som SEO-revisioner (p\u00e5 sidan och utanf\u00f6r sidan), <a href=\"https:\/\/sitechecker.pro\/rank-tracker\/\" rel=\"noopener noreferrer\" target=\"_blank\">rankningssp\u00e5rning<\/a>, webbplats\u00f6vervakning och mer. Med s\u00e5dan anv\u00e4ndbar dataanalys kan du enkelt eliminera hot och f\u00f6rutse m\u00f6jligheter.<\/li>\n<\/ul>\n<h2 id=\"ik_Importance\">Vikten av analys och \u00f6vervakning av webbtrafik<\/h2>\n<p>Att analysera din webbplats trafikdata \u00e4r avg\u00f6rande f\u00f6r att fr\u00e4mja onlinen\u00e4rvaro och \u00f6ka organiska s\u00f6kbes\u00f6kare och f\u00f6rs\u00e4ljning. Oavsett storleken p\u00e5 din webbplats eller antalet anv\u00e4ndare, <a href=\"https:\/\/sitechecker.pro\/pages-per-session-metric\/\" rel=\"noopener noreferrer\" target=\"_blank\">session <\/a> revisioner \u00e4r viktiga.<\/p>\n<p>V\u00e5rt verktyg ger v\u00e4rdefull information om dina webbplatsbes\u00f6kare, inklusive deras k\u00e4llor (organisk, <a href=\"https:\/\/sitechecker.pro\/what-is-direct-traffic\/\" rel=\"noopener noreferrer\" target=\"_blank\"> direkt<\/a>, <a href=\"https:\/\/sitechecker.pro\/what-is-paid-traffic\/\" rel=\"noopener noreferrer\" target=\"_blank\">betalda<\/a>, <a href=\"https:\/\/sitechecker.pro\/what-is-social-traffic\/\" rel=\"noopener noreferrer\" target=\"_blank\">social<\/a>, <a href=\"https:\/\/sitechecker.pro\/what -is-referral-traffic\/\" rel=\"noopener noreferrer\" target=\"_blank\">remiss<\/a>, e-post etc.) och beteende, och erbjuder \u00e4ven insikter f\u00f6r att optimera din webbplats genom att identifiera omr\u00e5den som beh\u00f6ver f\u00f6rb\u00e4ttras. Ju mer detaljerad data du bearbetar, desto b\u00e4ttre och mer exakta resultat f\u00e5r du.<\/p>\n<p>Om du inte \u00f6vervakar din webbplats prestanda och rankning g\u00e5r du miste om potentiella bes\u00f6kare och nya anv\u00e4ndare hela tiden. Varje dag finns det nya engagemangsm\u00e5tt f\u00f6r att m\u00e4ta en webbplatss framg\u00e5ng, men grunderna f\u00f6r trafikkontroller p\u00e5 webbplatsen \u00e4r fortfarande avg\u00f6rande.<\/p>\n<p>Vi har skapat en videoguide som hj\u00e4lper dig att f\u00f6rdjupa dig i trafikuppskattning och fullt ut utnyttja alla funktioner som v\u00e5r trafiks\u00f6kare tillhandah\u00e5ller.<\/p>\n<p><iframe title=\"YouTube-videospelare\" src=\"https:\/\/www.youtube-nocookie.com\/embed\/AWQ_s7QLjsE\" width=\"700\" height=\"350\" frameborder=\"0\" allowfullscreen=\"allowfullscreen\">< span data-mce-type=\"bookmark\" style=\"display: inline-block; width: 0px; overflow: hidden; line-height: 0;\" class=\"mce_SELRES_start\">\ufeff<\/span><\/iframe><\/p>\n<h2 id=\"ik_how_to\">Hur anv\u00e4nder man verktyget?<\/h2>\n<h3>Steg 1: Ange dom\u00e4nen som du vill kontrollera trafik f\u00f6r och klicka sedan p\u00e5 knappen &#8220;Kontrollera trafik&#8221;<\/h3>\n<div class=\"content__img-wrap\"><img src=\"https:\/\/sitechecker.pro\/wp-content\/uploads\/2023\/06\/traffic_checker_start.png\" alt=\"Hur man anv\u00e4nder webbtrafikkontroll steg 1\" class=\"description-img description-img-zoom\" loading=\"lazy\" ><\/div>\n<div class=\"important-block\">Obs: F\u00f6r att f\u00e5 resultat och tillg\u00e5ng till Sitecheckers funktioner i 14 dagar, starta din GRATIS provperiod. Registrering \u00e4r enkelt med ditt e-post-, Google- eller Facebook-konto. INGET kreditkort beh\u00f6vs.<\/div>\n<h3>Steg 2: Ange webbplatsen som du vill ha \u00e5tkomst till trafikdata f\u00f6r<\/h3>\n<p>V\u00e5rt kraftfulla verktyg ger dig enkel tillg\u00e5ng till trafikdata f\u00f6r b\u00e5de din egen webbplats och dina konkurrenter. Vi har ocks\u00e5 inkluderat en rad v\u00e4rdefulla funktioner som hj\u00e4lper dig att f\u00e5 djupare insikter i b\u00e5da scenarierna. Genom att anv\u00e4nda dessa funktioner f\u00e5r du en b\u00e4ttre f\u00f6rst\u00e5else f\u00f6r din onlineprestanda och en konkurrensf\u00f6rdel i din bransch. Genom att svara p\u00e5 om det \u00e4r din hemsida eller inte hj\u00e4lper du oss att f\u00f6rbereda r\u00e4tt instrumentpanel f\u00f6r dina behov.<\/p>\n<div class=\"content__img-wrap\"><img src=\"https:\/\/sitechecker.pro\/wp-content\/uploads\/2023\/03\/traffic_checker_site_choose.png\" alt=\"Hur man anv\u00e4nder webbtrafikkontroll steg 2 - ange webbplatsen\" class=\"description-img description-img-zoom\" loading=\"lazy\" ><\/div>\n<h3>Steg 3: F\u00e5 tillg\u00e5ng till dina resultat och dra nytta av v\u00e5ra kraftfulla funktioner<\/h3>\n<h3 id=\"ik_own_website\">F\u00f6r din egen webbplats<\/h3>\n<p>F\u00f6r att komma \u00e5t data f\u00f6r din egen webbplats, v\u00e4lj helt enkelt <strong>&#8220;Ja, det \u00e4r min&#8221;<\/strong> och anslut dina GA- och GSC-konton. Denna fantastiska funktion kan verkligen komma v\u00e4l till pass f\u00f6r webbplatsadministrat\u00f6rer, SEO:er och marknadsf\u00f6rare. Det l\u00e5ter dig \u00f6vervaka webbplatstrafiken fr\u00e5n de tv\u00e5 b\u00e4sta analysplattformarna, allt p\u00e5 ett st\u00e4lle. Vi har ocks\u00e5 skapat anpassade instrumentpaneler med v\u00e4rdefulla insikter.<\/p>\n<div class=\"content__img-wrap\"><img src=\"https:\/\/sitechecker.pro\/wp-content\/uploads\/2023\/03\/traffic_checker_own_site.png\" alt=\"Trafikkontroll - koppla samman GA och GSC\" class=\"description-img description-img-zoom\" loading=\"lazy\" ><\/div>\n<p>Ta en titt p\u00e5 v\u00e5ra allm\u00e4nna trafik\u00f6versikter som ger insikter om alla bes\u00f6kare och organisk trafik fr\u00e5n Google Analytics. Datan som representeras i synlighet baseras p\u00e5 dina h\u00f6gst rankade s\u00f6kord, medan andra, som visningar, klick, klickfrekvenser (CTR), positioner och rankningss\u00f6kord baseras p\u00e5 Google Search Consoles b\u00e4sta m\u00e4tv\u00e4rden.<\/p>\n<div class=\"content__img-wrap\"><img src=\"https:\/\/sitechecker.pro\/wp-content\/uploads\/2023\/05\/traffic_step_3-1.png\" alt=\"Trafikkontroller - anv\u00e4nd trafik\u00f6versikterna\" class=\"description-img description-img-zoom\" loading=\"lazy\" ><\/div>\n<p>F\u00f6r att sp\u00e5ra din webbplats dynamik smidigt har v\u00e5ra instrumentpaneler ocks\u00e5 m\u00e5nga andra djupg\u00e5ende insikter med ett anv\u00e4ndarv\u00e4nligt gr\u00e4nssnitt. Om du till exempel har e-handelsdata i Google Analytics kan du komma \u00e5t f\u00f6rs\u00e4ljningsdata och samband med trafik. Detta ger dig en komplett bild av din webbplatss int\u00e4kter. Dessutom \u00e4r det enkelt att kontrollera data f\u00f6r ett specifikt tidsintervall, oavsett om det \u00e4r dagligen, veckovis eller m\u00e5nadsvis.<\/p>\n<div class=\"content__img-wrap\"><img src=\"https:\/\/sitechecker.pro\/wp-content\/uploads\/2023\/05\/traffic_step_3-2.png\" alt=\"Trafikkontroll - GA-data\" class=\"description-img description-img-zoom\" loading=\"lazy\" ><\/div>\n<p>Om du \u00e4r intresserad av GSC-insikter, kolla in tavlan som inneh\u00e5ller prestanda, positioner, synlighet, topp 100 s\u00f6kord och topp 100 m\u00e5lsidor.<\/p>\n<div class=\"content__img-wrap\"><img src=\"https:\/\/sitechecker.pro\/wp-content\/uploads\/2023\/05\/traffic_step_3-3.png\" alt=\"Trafikkontroller - GSC-data\" class=\"description-img description-img-zoom\" loading=\"lazy\" ><\/div>\n<p>En liknande tavla \u00e4r f\u00f6r s\u00f6korden fr\u00e5n rank tracker.<\/p>\n<div class=\"content__img-wrap\"><img src=\"https:\/\/sitechecker.pro\/wp-content\/uploads\/2023\/05\/traffic_step_3-4.png\" alt=\"Trafikkontroller - Rank Tracker-data\" class=\"description-img description-img-zoom\" loading=\"lazy\" ><\/div>\n<p>Om du \u00e4ger flera webbplatser, arbetar f\u00f6r en SEO-byr\u00e5 eller hanterar en stor entrepren\u00f6rswebbplats, har v\u00e5rt verktyg en specifik funktion som du kommer att uppskatta. Projektets instrumentpanel l\u00e5ter dig sp\u00e5ra trafik och andra prestandam\u00e5tt f\u00f6r en stor del av webbplatser som du eller dina kunder \u00e4ger. Alternativt kan du dela upp ett stort projekt i specifika delar eller spr\u00e5k, till exempel, och sp\u00e5ra dem individuellt.<\/p>\n<div class=\"content__img-wrap\"><img src=\"https:\/\/sitechecker.pro\/wp-content\/uploads\/2023\/05\/traffic_step_3-5.png\" alt=\"Trafikkontroller - olika projekt\" class=\"description-img description-img-zoom\" loading=\"lazy\" ><\/div>\n<p>Om du beh\u00f6ver g\u00f6ra rapporter f\u00f6r dina kunder, har vi dig t\u00e4ckt. Vi har redan skapat dem \u00e5t dig, s\u00e5 allt du beh\u00f6ver g\u00f6ra \u00e4r att ladda ner eller dela dem.<\/p>\n<div class=\"content__img-wrap\"><img src=\"https:\/\/sitechecker.pro\/wp-content\/uploads\/2023\/05\/traffic_step_3-6.png\" alt=\"Trafikkontroller - rapporter\" class=\"description-img description-img-zoom\" loading=\"lazy\" ><\/div>\n<h3 id=\"ik_competitors_website\">F\u00f6r analyser av konkurrentwebbplatser<\/h3>\n<p>F\u00f6r det f\u00f6rsta rekommenderar vi att du v\u00e4ljer en specifik region f\u00f6r att s\u00e4kerst\u00e4lla att data \u00e4r tydlig, uppdaterad och ger insikt i den lokala marknadssituationen f\u00f6r analys.<\/p>\n<div class=\"content__img-wrap\"><img src=\"https:\/\/sitechecker.pro\/wp-content\/uploads\/2023\/05\/traffic_checker_competitor.png\" alt=\"Traffic checker konkurrenttest\" class=\"description-img description-img-zoom\" loading=\"lazy\" ><\/div>\n<p>L\u00e5t oss ta en n\u00e4rmare titt p\u00e5 huvudelementen i en webbtrafikuppskattare och \u00f6verv\u00e4ga hur de hj\u00e4lper dig att utv\u00e4rdera dina konkurrenter.<\/p>\n<div class=\"content__img-wrap\"><img src=\"https:\/\/sitechecker.pro\/wp-content\/uploads\/2023\/05\/traffic_checker_competitor_results.png\" alt=\"Traffic checker konkurrentresultat\" class=\"description-img description-img-zoom\" loading=\"lazy\" ><\/div>\n<p><strong>Organisk trafik:<\/strong> Den genereras fr\u00e5n klickfrekvensen (CTR) och s\u00f6kvolymen f\u00f6r varje s\u00f6kord som dom\u00e4nen rankas f\u00f6r.<\/p>\n<p><strong>Trafikv\u00e4rde:<\/strong> Representerar kostnaden f\u00f6r att driva den uppskattade m\u00e5natliga organiska trafikvolymen genom annonsering med betala per klick (PPC) p\u00e5 Google S\u00f6k. Detta ger en f\u00f6rst\u00e5else f\u00f6r det potentiella ekonomiska v\u00e4rdet av trafiken.<\/p>\n<p><strong>Organic Search Engine Results Page (SERP) positioner:<\/strong> Detta m\u00e5tt visar antalet s\u00f6kord f\u00f6r vilka en konkurrent rankas inom olika SERP-positioner: topp 1, 2-3, 4-10, 11-20, 21 -30, 31-50, 51-70 och 71-100. Det ger insikt i konkurrentens \u00f6vergripande synlighet i s\u00f6kresultat.<\/p>\n<p>Dessutom inkluderar v\u00e5r konkurrents trafikuppskattning en extra funktion, Top Keywords. Den h\u00e4r funktionen l\u00e5ter dig unders\u00f6ka de \u00f6ver 30 b\u00e4sta s\u00f6korden som webbplatsen rankas f\u00f6r. Varje s\u00f6kord \u00e5tf\u00f6ljs av dess relevanta webbadress i SERP, position i s\u00f6kresultaten, genomsnittlig m\u00e5natlig s\u00f6kvolym, kostnad per klick (CPC) fr\u00e5n Google Ads och de \u00f6versta geografiska platserna d\u00e4r webbplatsen rankas f\u00f6r s\u00f6kordet.<\/p>\n<div class=\"content__img-wrap\"><img src=\"https:\/\/sitechecker.pro\/wp-content\/uploads\/2023\/05\/traffic_checker_competitor_keywords.png\" alt=\"Traffic checker konkurrent s\u00f6kord\" class=\"description-img description-img-zoom\" loading=\"lazy\" ><\/div>\n<p>Om du \u00e4r intresserad av att inte bara ber\u00e4kna konkurrentbes\u00f6kare utan ocks\u00e5 bed\u00f6ma deras tekniska SEO-prestanda, kan du dra nytta av v\u00e5r SEO-revisionsfunktion.<\/p>\n<div class=\"content__img-wrap\"><img src=\"https:\/\/sitechecker.pro\/wp-content\/uploads\/2023\/05\/traffic_checker_competitor_audit.png\" alt=\"Konkurrentrevisionsfunktion f\u00f6r trafikkontroll\" class=\"description-img description-img-zoom\" loading=\"lazy\" ><\/div>\n    <div class=\"blog__conversion blog__conversion-app element__logged_out\">\n        <div class=\"blog__conversion-inner\">\n            <p class=\"title\">L\u00e5s upp kraften i din webbplats prestanda med v\u00e5rt verktyg f\u00f6r trafikkontroll!<\/p>\n            <p class=\"description\">Dyk djupt in i din webbplats prestanda och h\u00e5ll dig f\u00f6re dina konkurrenter med v\u00e5rt avancerade verktyg f\u00f6r trafikkontroll.<\/p>\n            <form id=\"audit__form\"\n                  class=\"article__seo-search audit__form Dyk djupt in i din webbplats prestanda och h\u00e5ll dig f\u00f6re dina konkurrenter med v\u00e5rt avancerade verktyg f\u00f6r trafikkontroll.\"\n                  action=\"\"\n                  method=\"POST\"\n                  autocomplete=\"off\">\n                <span class=\"error\"><\/span>\n                <div class=\"error__limits\">Something went wrong. Please, try again later.<\/div>\n                <input name=\"url\"\n                       type=\"text\"\n                       placeholder=\"\">\n                <input name=\"register_url\" type=\"hidden\" value=\"traffic-checker\">                <button type=\"submit\"\n                        class=\"sitechecker__text\">\n                    <span>Kontrollera trafik<\/span>\n                    <img src=\"\/wp-content\/themes\/sitechecker\/out\/img_design\/loading.svg\"\n                         width=\"31\"\n                         height=\"30\"\n                         class=\"loading\">\n                <\/button>\n            <\/form>\n        <\/div>\n    <\/div>\n    \n<h2 id=\"ik_Final\">Sluta tankar om webbplatsbes\u00f6karkontroll<\/h2>\n<p>V\u00e5rt verktyg \u00e4r en universall\u00f6sning f\u00f6r olika bes\u00f6ksanalysbehov. Du kan anv\u00e4nda den f\u00f6r att samla data fr\u00e5n GA, GSC och SERP p\u00e5 ett st\u00e4lle. Med helautomatiska inst\u00e4llningsinstrumentpaneler kan du f\u00e5 anv\u00e4ndbara insikter och fokusera p\u00e5 den data som ger dig de b\u00e4sta resultaten. Dessutom kan du anv\u00e4nda den f\u00f6r marknadsanalyser och konkurrentkontroller, inklusive organisk trafikuppskattning och prisutv\u00e4rdering. Ta reda p\u00e5 vilka s\u00f6kord som ger dina konkurrenter b\u00e4st synlighet och trafikresultat f\u00f6r att f\u00f6rb\u00e4ttra ditt eget resultat. Det kan vara en bra l\u00f6sning f\u00f6r att styra och analysera trafiken p\u00e5 ett st\u00e4lle.<\/p>\n<div id=\"FAQ\"><\/div>\n<p><div class=\"front__faq-block\"><div class=\"faq__block-title\">FAQ<\/div><div class=\"panel-group\" id=\"faq-accordion\" itemscope itemtype=\"https:\/\/schema.org\/FAQPage\" role=\"tablist\" aria-multiselectable=\"true\"><div class=\"panel\" itemscope itemtype=\"https:\/\/schema.org\/Question\" itemprop=\"mainEntity\">\n                            <div class=\"panel-heading\" id=\"headingFaq-1\">\n                                <div class=\"panel-title\" data-toggle=\"collapse\" aria-expanded=\"false\" href=\"#collapseFaq-1\">\n                                    <h3 itemprop=\"name\">Kan jag kontrollera webbplatstrafiken gratis?<\/h3>\n                                <\/div>\n                            <\/div>\n                            <div id=\"collapseFaq-1\" class=\"panel-collapse collapse\" itemprop=\"acceptedAnswer\" itemscope itemtype=\"http:\/\/schema.org\/Answer\">\n                                <div class=\"panel-body\" itemprop=\"text\">Ja! Med v\u00e5r webbplatstrafikanalysator kan du starta en gratis provperiod i 14 dagar och f\u00e5 full tillg\u00e5ng till v\u00e5ra verktygsfunktioner. Men efter provperiodens slut, om du vill forts\u00e4tta att \u00f6vervaka din data och f\u00e5 tillg\u00e5ng till ytterligare funktioner som t.ex. webbplatsrevision och \u00f6vervakning e.t.c. Du m\u00e5ste uppgradera till en betald plan.<\/div>\n                            <\/div>\n                        <\/div><div class=\"panel\" itemscope itemtype=\"https:\/\/schema.org\/Question\" itemprop=\"mainEntity\">\n                            <div class=\"panel-heading\" id=\"headingFaq-2\">\n                                <div class=\"panel-title\" data-toggle=\"collapse\" aria-expanded=\"false\" href=\"#collapseFaq-2\">\n                                    <h3 itemprop=\"name\">Hur kontrollerar jag webbplatstrafik f\u00f6r min webbplats?<\/h3>\n                                <\/div>\n                            <\/div>\n                            <div id=\"collapseFaq-2\" class=\"panel-collapse collapse\" itemprop=\"acceptedAnswer\" itemscope itemtype=\"http:\/\/schema.org\/Answer\">\n                                <div class=\"panel-body\" itemprop=\"text\">Skriv bara in din webbplats dom\u00e4nnamn och starta den kostnadsfria provperioden. V\u00e4lj sedan alternativet f\u00f6r att kontrollera din egen webbplats. Du kommer att f\u00e5 hela paketet med data fr\u00e5n GSC, GA och SERP.<\/div>\n                            <\/div>\n                        <\/div><div class=\"panel\" itemscope itemtype=\"https:\/\/schema.org\/Question\" itemprop=\"mainEntity\">\n                            <div class=\"panel-heading\" id=\"headingFaq-3\">\n                                <div class=\"panel-title\" data-toggle=\"collapse\" aria-expanded=\"false\" href=\"#collapseFaq-3\">\n                                    <h3 itemprop=\"name\">Hur hittar man trafik till en konkurrents webbplats?<\/h3>\n                                <\/div>\n                            <\/div>\n                            <div id=\"collapseFaq-3\" class=\"panel-collapse collapse\" itemprop=\"acceptedAnswer\" itemscope itemtype=\"http:\/\/schema.org\/Answer\">\n                                <div class=\"panel-body\" itemprop=\"text\">Skriv bara in din konkurrents dom\u00e4nnamn och starta den kostnadsfria provperioden. V\u00e4lj sedan alternativet f\u00f6r att kontrollera konkurrentens webbplatser. Inom n\u00e5gra sekunder kommer du att f\u00e5 konkurrentens organiska trafikdata, trafikv\u00e4rde, organiska SERP-positioner och topp bes\u00f6ksgenererande s\u00f6kord.<\/div>\n                            <\/div>\n                        <\/div><div class=\"panel\" itemscope itemtype=\"https:\/\/schema.org\/Question\" itemprop=\"mainEntity\">\n                            <div class=\"panel-heading\" id=\"headingFaq-4\">\n                                <div class=\"panel-title\" data-toggle=\"collapse\" aria-expanded=\"false\" href=\"#collapseFaq-4\">\n                                    <h3 itemprop=\"name\">Kan jag se webbplatsens trafikhistorik med hj\u00e4lp av verktyget?<\/h3>\n                                <\/div>\n                            <\/div>\n                            <div id=\"collapseFaq-4\" class=\"panel-collapse collapse\" itemprop=\"acceptedAnswer\" itemscope itemtype=\"http:\/\/schema.org\/Answer\">\n                                <div class=\"panel-body\" itemprop=\"text\">Genom att koppla dina Google Analytics- och Google Search Console-konton till Sitechecker kommer du att kunna komma \u00e5t historiska data f\u00f6r din webbplats.<\/div>\n                            <\/div>\n                        <\/div><div class=\"panel\" itemscope itemtype=\"https:\/\/schema.org\/Question\" itemprop=\"mainEntity\">\n                            <div class=\"panel-heading\" id=\"headingFaq-5\">\n                                <div class=\"panel-title\" data-toggle=\"collapse\" aria-expanded=\"false\" href=\"#collapseFaq-5\">\n                                    <h3 itemprop=\"name\">Vad \u00e4r webbplatstrafikanalys?<\/h3>\n                                <\/div>\n                            <\/div>\n                            <div id=\"collapseFaq-5\" class=\"panel-collapse collapse\" itemprop=\"acceptedAnswer\" itemscope itemtype=\"http:\/\/schema.org\/Answer\">\n                                <div class=\"panel-body\" itemprop=\"text\">Webbplatstrafikanalys inneb\u00e4r att man samlar in och tolkar (analyserar) data om bes\u00f6kare p\u00e5 din webbplats f\u00f6r att f\u00f6rst\u00e5 deras beteende.<\/div>\n                            <\/div>\n                        <\/div><div class=\"panel\" itemscope itemtype=\"https:\/\/schema.org\/Question\" itemprop=\"mainEntity\">\n                            <div class=\"panel-heading\" id=\"headingFaq-6\">\n                                <div class=\"panel-title\" data-toggle=\"collapse\" aria-expanded=\"false\" href=\"#collapseFaq-6\">\n                                    <h3 itemprop=\"name\">Kan jag sp\u00e5ra webbplatstrafik?<\/h3>\n                                <\/div>\n                            <\/div>\n                            <div id=\"collapseFaq-6\" class=\"panel-collapse collapse\" itemprop=\"acceptedAnswer\" itemscope itemtype=\"http:\/\/schema.org\/Answer\">\n                                <div class=\"panel-body\" itemprop=\"text\">Med v\u00e5rt verktyg kan du enkelt och regelbundet samla in och sp\u00e5ra trafikwebbplatsstatistik fr\u00e5n Google Search Console, Google Analytics och s\u00f6kmotorresultatsidor (SERP).<\/div>\n                            <\/div>\n                        <\/div><\/div><\/div><\/p>","protected":false},"excerpt":{"rendered":"Vad \u00e4r en webbplatstrafikkalkylator? Det \u00e4r ett viktigt verktyg f\u00f6r alla webbplats\u00e4gare eller marknadsf\u00f6rare som vill optimera sin onlinen\u00e4rvaro. V\u00e5r webbplatstrafikkontroll \u00e4r ett m\u00e5ngsidigt och kraftfullt dataanalysverktyg utformad f\u00f6r att hj\u00e4lpa dig sp\u00e5ra, analysera och optimera din webbplats prestanda. Nyckelfunktioner i dom\u00e4ntrafikkontrollen: Allt-i-ett-instrumentpanel: F\u00e5 \u00e5tkomst till omfattande data fr\u00e5n Google Analytics, Google Search Console och&#8230;","protected":false},"author":10504980,"featured_media":6981,"parent":0,"menu_order":0,"comment_status":"closed","ping_status":"closed","template":"pages-templates\/pages-minitools-3.php","meta":[],"categories":[75],"tags":[],"_links":{"self":[{"href":"https:\/\/sitechecker.pro\/sv\/wp-json\/wp\/v2\/pages\/6404"}],"collection":[{"href":"https:\/\/sitechecker.pro\/sv\/wp-json\/wp\/v2\/pages"}],"about":[{"href":"https:\/\/sitechecker.pro\/sv\/wp-json\/wp\/v2\/types\/page"}],"author":[{"embeddable":true,"href":"https:\/\/sitechecker.pro\/sv\/wp-json\/wp\/v2\/users\/10504980"}],"replies":[{"embeddable":true,"href":"https:\/\/sitechecker.pro\/sv\/wp-json\/wp\/v2\/comments?post=6404"}],"version-history":[{"count":161,"href":"https:\/\/sitechecker.pro\/sv\/wp-json\/wp\/v2\/pages\/6404\/revisions"}],"predecessor-version":[{"id":39361,"href":"https:\/\/sitechecker.pro\/sv\/wp-json\/wp\/v2\/pages\/6404\/revisions\/39361"}],"wp:featuredmedia":[{"embeddable":true,"href":"https:\/\/sitechecker.pro\/sv\/wp-json\/wp\/v2\/media\/6981"}],"wp:attachment":[{"href":"https:\/\/sitechecker.pro\/sv\/wp-json\/wp\/v2\/media?parent=6404"}],"wp:term":[{"taxonomy":"category","embeddable":true,"href":"https:\/\/sitechecker.pro\/sv\/wp-json\/wp\/v2\/categories?post=6404"},{"taxonomy":"post_tag","embeddable":true,"href":"https:\/\/sitechecker.pro\/sv\/wp-json\/wp\/v2\/tags?post=6404"}],"curies":[{"name":"wp","href":"https:\/\/api.w.org\/{rel}","templated":true}]}}