{"id":622,"date":"2020-06-25T08:38:54","date_gmt":"2020-06-25T06:38:54","guid":{"rendered":"https:\/\/sitechecker.pro\/?page_id=622"},"modified":"2024-09-25T10:51:37","modified_gmt":"2024-09-25T10:51:37","slug":"what-is-url","status":"publish","type":"page","link":"https:\/\/sitechecker.pro\/sv\/what-is-url\/","title":{"rendered":""},"content":{"rendered":"<p class=\"qtranxs-available-languages-message qtranxs-available-languages-message-sv\">Tyv\u00e4rr \u00e4r denna artikel enbart tillg\u00e4nglig p\u00e5 <a href=\"https:\/\/sitechecker.pro\/en\/wp-json\/wp\/v2\/pages\/622\" class=\"qtranxs-available-language-link qtranxs-available-language-link-en\" title=\"English\">English<\/a>, <a href=\"https:\/\/sitechecker.pro\/ru\/wp-json\/wp\/v2\/pages\/622\" class=\"qtranxs-available-language-link qtranxs-available-language-link-ru\" title=\"\u0420\u0443\u0441\u0441\u043a\u0438\u0439\">\u0420\u0443\u0441\u0441\u043a\u0438\u0439<\/a>, <a href=\"https:\/\/sitechecker.pro\/de\/wp-json\/wp\/v2\/pages\/622\" class=\"qtranxs-available-language-link qtranxs-available-language-link-de\" title=\"Deutsch\">Deutsch<\/a>, <a href=\"https:\/\/sitechecker.pro\/fr\/wp-json\/wp\/v2\/pages\/622\" class=\"qtranxs-available-language-link qtranxs-available-language-link-fr\" title=\"Fran\u00e7ais\">Fran\u00e7ais<\/a>, <a href=\"https:\/\/sitechecker.pro\/it\/wp-json\/wp\/v2\/pages\/622\" class=\"qtranxs-available-language-link qtranxs-available-language-link-it\" title=\"Italiano\">Italiano<\/a>, <a href=\"https:\/\/sitechecker.pro\/nl\/wp-json\/wp\/v2\/pages\/622\" class=\"qtranxs-available-language-link qtranxs-available-language-link-nl\" title=\"Nederlands\">Nederlands<\/a>, <a href=\"https:\/\/sitechecker.pro\/es\/wp-json\/wp\/v2\/pages\/622\" class=\"qtranxs-available-language-link qtranxs-available-language-link-es\" title=\"Espa\u00f1ol\">Espa\u00f1ol<\/a>, <a href=\"https:\/\/sitechecker.pro\/pt\/wp-json\/wp\/v2\/pages\/622\" class=\"qtranxs-available-language-link qtranxs-available-language-link-pt\" title=\"Portugu\u00eas\">Portugu\u00eas<\/a> och <a href=\"https:\/\/sitechecker.pro\/pl\/wp-json\/wp\/v2\/pages\/622\" class=\"qtranxs-available-language-link qtranxs-available-language-link-pl\" title=\"Polski\">Polski<\/a>.<\/p>","protected":false},"excerpt":{"rendered":"Tyv\u00e4rr \u00e4r denna artikel enbart tillg\u00e4nglig p\u00e5 English, \u0420\u0443\u0441\u0441\u043a\u0438\u0439, Deutsch, Fran\u00e7ais, Italiano, Nederlands, Espa\u00f1ol, Portugu\u00eas och Polski.","protected":false},"author":10409641,"featured_media":3347,"parent":0,"menu_order":0,"comment_status":"closed","ping_status":"closed","template":"pages.php","meta":[],"categories":[74],"tags":[],"_links":{"self":[{"href":"https:\/\/sitechecker.pro\/sv\/wp-json\/wp\/v2\/pages\/622"}],"collection":[{"href":"https:\/\/sitechecker.pro\/sv\/wp-json\/wp\/v2\/pages"}],"about":[{"href":"https:\/\/sitechecker.pro\/sv\/wp-json\/wp\/v2\/types\/page"}],"author":[{"embeddable":true,"href":"https:\/\/sitechecker.pro\/sv\/wp-json\/wp\/v2\/users\/10409641"}],"replies":[{"embeddable":true,"href":"https:\/\/sitechecker.pro\/sv\/wp-json\/wp\/v2\/comments?post=622"}],"version-history":[{"count":1,"href":"https:\/\/sitechecker.pro\/sv\/wp-json\/wp\/v2\/pages\/622\/revisions"}],"predecessor-version":[{"id":623,"href":"https:\/\/sitechecker.pro\/sv\/wp-json\/wp\/v2\/pages\/622\/revisions\/623"}],"wp:featuredmedia":[{"embeddable":true,"href":"https:\/\/sitechecker.pro\/sv\/wp-json\/wp\/v2\/media\/3347"}],"wp:attachment":[{"href":"https:\/\/sitechecker.pro\/sv\/wp-json\/wp\/v2\/media?parent=622"}],"wp:term":[{"taxonomy":"category","embeddable":true,"href":"https:\/\/sitechecker.pro\/sv\/wp-json\/wp\/v2\/categories?post=622"},{"taxonomy":"post_tag","embeddable":true,"href":"https:\/\/sitechecker.pro\/sv\/wp-json\/wp\/v2\/tags?post=622"}],"curies":[{"name":"wp","href":"https:\/\/api.w.org\/{rel}","templated":true}]}}