{"id":349,"date":"2017-11-20T12:28:18","date_gmt":"2017-11-20T12:28:18","guid":{"rendered":"https:\/\/sitechecker.pro\/?page_id=349"},"modified":"2026-02-18T14:52:40","modified_gmt":"2026-02-18T14:52:40","slug":"h1-tag","status":"publish","type":"page","link":"https:\/\/sitechecker.pro\/sv\/h1-tag\/","title":{"rendered":"Gratis H1 Tag Checker | G\u00f6r rubriktaggen 100 % SEO-v\u00e4nlig \u1408"},"content":{"rendered":"<p>Varje sida p\u00e5 din webbplats har en viss struktur. Den f\u00f6rsta rubriken p\u00e5 varje sida m\u00e5ste ha en H1-tagg i HTML-koden. Utan denna H1-tagg kommer Google att ha sv\u00e5rt att ta reda p\u00e5 prioriteringen av inneh\u00e5llet p\u00e5 din webbplats. S\u00e5 vi kan dra slutsatsen att H1 \u00e4r huvudhuvudtaggen p\u00e5 alla webbsidor som finns l\u00e4ngst upp i artikeln. Vi har skapat ett unikt gratis H1-s\u00f6kverktyg som, utan registrering, l\u00e5ter dig kontrollera om den f\u00f6rsta niv\u00e5ns rubrik \u00e4r inst\u00e4lld p\u00e5 en viss sida eller om en <a href=\"https:\/\/sitechecker.pro\/site-audit-issues\/h1-is-empty\/\">tomt h1-problem<\/a> finns d\u00e4r och vad den taggen \u00e4r fylld med.<\/p>\n<p>En unik H1-titeltagg f\u00f6r varje sida \u00e4r ett krav f\u00f6r s\u00f6kmotorer f\u00f6r m\u00e5nga webbplatser. Skapa en tagg som korrekt beskriver inneh\u00e5llet p\u00e5 din sida. T\u00e4nk p\u00e5 att en bra H1-titel inneh\u00e5ller riktade s\u00f6kord. Det \u00e4r s\u00e5 att s\u00f6kmotorrobotar f\u00f6rst\u00e5r sidans inneh\u00e5ll och s\u00e5 att dina l\u00e4sare omedelbart vet vad ditt inneh\u00e5ll handlar om. S\u00f6kmotorer uppm\u00e4rksammar hur mycket tid anv\u00e4ndare spenderar p\u00e5 dina sidor. Ju h\u00f6gre denna siffra \u00e4r, desto h\u00f6gre rankas du i s\u00f6kmotorrankningen.<\/p>\n<p>Strukturerade texttecken kommer att dra till sig mer uppm\u00e4rksamhet fr\u00e5n anv\u00e4ndare och d\u00e4rmed hj\u00e4lpa till att h\u00e5lla dem kvar p\u00e5 din blogg eller webbbutikssida l\u00e4ngre. Det \u00e4r viktigt att bara anv\u00e4nda en rubrik p\u00e5 f\u00f6rsta niv\u00e5n. N\u00e4r du skannar din webbplats i SEO-till\u00e4ggsverktyg kan du st\u00f6ta p\u00e5 att H1 saknas \u2013 ett <a href=\"https:\/\/sitechecker.pro\/site-audit-issues\/h1-duplicates\/\">duplicerat h1-problem<\/a>. Eliminera detta misstag f\u00f6r att vilseleda anv\u00e4ndare och s\u00f6kmotorrobotar med hj\u00e4lp av H1-testaren.<\/p>\n<p>S\u00f6kmotors\u00f6krobotar analyserar H1-taggen f\u00f6r att k\u00e4nna till din sidas \u00e4mne och f\u00f6rekomsten av s\u00f6kordet. Anv\u00e4nd v\u00e5rt kostnadsfria H1 Checker-test f\u00f6r att kontrollera f\u00f6rekomsten av taggen. Den h\u00e4r artikeln kommer att f\u00f6rklara hur du anv\u00e4nder v\u00e5rt verktyg och varf\u00f6r det \u00e4r viktigt att kontrollera H1-rubrikerna p\u00e5 dina webbsidor.<\/p>\n<h2 id=\"ik_Guide\">H1 Checker Usage: En steg-f\u00f6r-steg-guide<\/h2>\n<p>H1 Checker \u00e4r ett onlineverktyg f\u00f6r att kontrollera f\u00f6rekomsten av H1-taggen, som ocks\u00e5 analyserar och ber\u00e4knar dess l\u00e4ngd. Du kan ocks\u00e5 f\u00f6rmedla nyckelordsinformation f\u00f6r att rangordna sidan.<\/p>\n<h3>Steg 1: Infoga din webbadress<\/h3>\n<p>Kom ih\u00e5g att <a href=\"https:\/\/sitechecker.pro\/h1-tag-requirements-writing-properly\/\" rel=\"noopener noreferrer\" target=\"_blank\">l\u00e4gga till en H1-tagg<\/a> p\u00e5 varje sida \u00e4r rekommenderas f\u00f6r optimering. Till exempel best\u00e4mde vi oss f\u00f6r att visa hur verktyget fungerar p\u00e5 huvudsidan kontra v\u00e5r webbplats sitechecker.pro. S\u00e5, ange sidan du vill kontrollera i ett tomt f\u00e4lt och klicka p\u00e5 pilknappen. Du hittar sk\u00e4rmdumpar nedan.<\/p>\n<div class=\"content__img-wrap\"><img src=\"https:\/\/sitechecker.pro\/wp-content\/uploads\/2022\/04\/h1-checker-new-1-1.jpg\" alt=\"H1 Checkers huvudsida\" class=\"description-img description-img-zoom\" loading=\"lazy\" ><\/div>\n<h3>Steg 2: Tolka resultaten fr\u00e5n H1 Tag Checker<\/h3>\n<p>N\u00e4r skanningen i analysatorn \u00e4r klar f\u00e5r du fullst\u00e4ndig information om H1-taggen p\u00e5 den specifika sidan p\u00e5 webbplatsen som skannades. Dessutom b\u00f6r du t\u00e4nka p\u00e5 att du bara kan kontrollera en sida och inte alla sidor p\u00e5 dom\u00e4nen samtidigt under skanningen.<\/p>\n<p>Tja, p\u00e5 resultatsidan efter slutet av skanningen ser du inte bara H1-taggen utan \u00e4ven deras antal, l\u00e4ngd, gr\u00e4ns och om taggen matchar titeln p\u00e5 din sida.<\/p>\n<div class=\"content__img-wrap\"><img src=\"https:\/\/sitechecker.pro\/wp-content\/uploads\/2022\/04\/h1-checker-new-2-1.jpg\" alt=\"H1 Checker-resultat\" class=\"description-img description-img-zoom\" loading=\"lazy\" ><\/div>\n<h2 id=\"ik_Cases\">Fall n\u00e4r H1 Checker beh\u00f6vs<\/h2>\n<p>L\u00e5t oss titta p\u00e5 n\u00e4r du b\u00f6r kontrollera dina webbplatssidor efter H1-taggen.<\/p>\n<ul>\n<li>Du vill optimera inneh\u00e5llet p\u00e5 din webbplats.<\/li>\n<li>Du vill analysera inneh\u00e5llet p\u00e5 din konkurrents sidor.<\/li>\n<li>Dessutom vill du kontrollera om H1-taggen finns p\u00e5 sidorna p\u00e5 din webbplats.<\/li>\n<\/ul>\n<p>Som du kan se kan du anv\u00e4nda v\u00e5rt verktyg f\u00f6r att kontrollera sidorna p\u00e5 din webbplats och kontrollera sidorna p\u00e5 dina konkurrenters webbplatser.<\/p>\n    <div class=\"blog__conversion blog__conversion-app element__logged_out\">\n        <div class=\"blog__conversion-inner\">\n            <p class=\"title\">Ta reda p\u00e5 inte bara H1-taggen, utan ocks\u00e5 f\u00f6rekomsten av tekniska fel p\u00e5 den!<\/p>\n            <p class=\"description\">G\u00f6r en fullst\u00e4ndig granskning f\u00f6r att ta reda p\u00e5 och \u00e5tg\u00e4rda alla problem med webbplatsniv\u00e5 och sidniv\u00e5 p\u00e5 din webbplats.<\/p>\n            <form id=\"audit__form\"\n                  class=\"article__seo-search audit__form G\u00f6r en fullst\u00e4ndig granskning f\u00f6r att ta reda p\u00e5 och \u00e5tg\u00e4rda alla problem med webbplatsniv\u00e5 och sidniv\u00e5 p\u00e5 din webbplats.\"\n                  action=\"\"\n                  method=\"POST\"\n                  autocomplete=\"off\">\n                <span class=\"error\"><\/span>\n                <div class=\"error__limits\">Something went wrong. Please, try again later.<\/div>\n                <input name=\"url\"\n                       type=\"text\"\n                       placeholder=\"Ange din dom\u00e4n h\u00e4r\">\n                                <button type=\"submit\"\n                        class=\"sitechecker__text\">\n                    <span>Starta granskning<\/span>\n                    <img src=\"\/wp-content\/themes\/sitechecker\/out\/img_design\/loading.svg\"\n                         width=\"31\"\n                         height=\"30\"\n                         class=\"loading\">\n                <\/button>\n            <\/form>\n        <\/div>\n    <\/div>\n    \n<p><div class=\"front__faq-block\"><div class=\"faq__block-title\">FAQ<\/div><div class=\"panel-group\" id=\"faq-accordion\" itemscope itemtype=\"https:\/\/schema.org\/FAQPage\" role=\"tablist\" aria-multiselectable=\"true\"><div class=\"panel\" itemscope itemtype=\"https:\/\/schema.org\/Question\" itemprop=\"mainEntity\">\n                            <div class=\"panel-heading\" id=\"headingFaq-1\">\n                                <div class=\"panel-title\" data-toggle=\"collapse\" aria-expanded=\"false\" href=\"#collapseFaq-1\">\n                                    <h3 itemprop=\"name\">Vad st\u00e5r H1 f\u00f6r?<\/h3>\n                                <\/div>\n                            <\/div>\n                            <div id=\"collapseFaq-1\" class=\"panel-collapse collapse\" itemprop=\"acceptedAnswer\" itemscope itemtype=\"http:\/\/schema.org\/Answer\">\n                                <div class=\"panel-body\" itemprop=\"text\">Flera rubriker p\u00e5 varje sida p\u00e5 webbplatser l\u00e5ter dig strukturera ditt inneh\u00e5ll. \u00c4nd\u00e5 finns det bara en huvudhuvudtagg. H1 \u00e4r HTML-taggen som r\u00e4knas som rubriken p\u00e5 en webbsida. Du kan j\u00e4mf\u00f6ra den med rubriken i en tidskrift.<\/div>\n                            <\/div>\n                        <\/div><div class=\"panel\" itemscope itemtype=\"https:\/\/schema.org\/Question\" itemprop=\"mainEntity\">\n                            <div class=\"panel-heading\" id=\"headingFaq-2\">\n                                <div class=\"panel-title\" data-toggle=\"collapse\" aria-expanded=\"false\" href=\"#collapseFaq-2\">\n                                    <h3 itemprop=\"name\">Vad \u00e4r H1-v\u00e4rdet?<\/h3>\n                                <\/div>\n                            <\/div>\n                            <div id=\"collapseFaq-2\" class=\"panel-collapse collapse\" itemprop=\"acceptedAnswer\" itemscope itemtype=\"http:\/\/schema.org\/Answer\">\n                                <div class=\"panel-body\" itemprop=\"text\">&lt;H1&gt; HTML-taggen \u00e4r den f\u00f6rsta rubriktaggen p\u00e5 sidan, och n\u00e4r den visas i HTML chrome-kod \u00e4r v\u00e4rdet p\u00e5 H1 inneslutet i &lt;h1&gt;&lt;\/h1&gt;-taggar.<\/div>\n                            <\/div>\n                        <\/div><div class=\"panel\" itemscope itemtype=\"https:\/\/schema.org\/Question\" itemprop=\"mainEntity\">\n                            <div class=\"panel-heading\" id=\"headingFaq-3\">\n                                <div class=\"panel-title\" data-toggle=\"collapse\" aria-expanded=\"false\" href=\"#collapseFaq-3\">\n                                    <h3 itemprop=\"name\">Vilka \u00e4r de andra s\u00e4tten att kontrollera H1?<\/h3>\n                                <\/div>\n                            <\/div>\n                            <div id=\"collapseFaq-3\" class=\"panel-collapse collapse\" itemprop=\"acceptedAnswer\" itemscope itemtype=\"http:\/\/schema.org\/Answer\">\n                                <div class=\"panel-body\" itemprop=\"text\">Din H1-tagg m\u00e5ste finnas \u00f6verst p\u00e5 sidans inneh\u00e5ll. Du kan granska CSS-koden och kontrollera om taggen finns. Du kan ocks\u00e5 anv\u00e4nda SEO-verktyg f\u00f6r att leta efter taggen.<\/div>\n                            <\/div>\n                        <\/div><div class=\"panel\" itemscope itemtype=\"https:\/\/schema.org\/Question\" itemprop=\"mainEntity\">\n                            <div class=\"panel-heading\" id=\"headingFaq-4\">\n                                <div class=\"panel-title\" data-toggle=\"collapse\" aria-expanded=\"false\" href=\"#collapseFaq-4\">\n                                    <h3 itemprop=\"name\">Vad \u00e4r betydelsen av H1 Heading Tag?<\/h3>\n                                <\/div>\n                            <\/div>\n                            <div id=\"collapseFaq-4\" class=\"panel-collapse collapse\" itemprop=\"acceptedAnswer\" itemscope itemtype=\"http:\/\/schema.org\/Answer\">\n                                <div class=\"panel-body\" itemprop=\"text\">H1 ber\u00e4ttar f\u00f6r s\u00f6kmotorn och webbplatsanv\u00e4ndarna vad din webbsida handlar om. H1 b\u00f6r \u00e5terspegla sidans inneh\u00e5ll korrekt.<\/div>\n                            <\/div>\n                        <\/div><\/div><\/div><\/p>","protected":false},"excerpt":{"rendered":"Varje sida p\u00e5 din webbplats har en viss struktur. Den f\u00f6rsta rubriken p\u00e5 varje sida m\u00e5ste ha en H1-tagg i HTML-koden. Utan denna H1-tagg kommer Google att ha sv\u00e5rt att ta reda p\u00e5 prioriteringen av inneh\u00e5llet p\u00e5 din webbplats. S\u00e5 vi kan dra slutsatsen att H1 \u00e4r huvudhuvudtaggen p\u00e5 alla webbsidor som finns l\u00e4ngst upp&#8230;","protected":false},"author":11474150,"featured_media":3427,"parent":0,"menu_order":0,"comment_status":"closed","ping_status":"closed","template":"pages-templates\/pages-minitools-3.php","meta":[],"categories":[70],"tags":[],"_links":{"self":[{"href":"https:\/\/sitechecker.pro\/sv\/wp-json\/wp\/v2\/pages\/349"}],"collection":[{"href":"https:\/\/sitechecker.pro\/sv\/wp-json\/wp\/v2\/pages"}],"about":[{"href":"https:\/\/sitechecker.pro\/sv\/wp-json\/wp\/v2\/types\/page"}],"author":[{"embeddable":true,"href":"https:\/\/sitechecker.pro\/sv\/wp-json\/wp\/v2\/users\/11474150"}],"replies":[{"embeddable":true,"href":"https:\/\/sitechecker.pro\/sv\/wp-json\/wp\/v2\/comments?post=349"}],"version-history":[{"count":42,"href":"https:\/\/sitechecker.pro\/sv\/wp-json\/wp\/v2\/pages\/349\/revisions"}],"predecessor-version":[{"id":39341,"href":"https:\/\/sitechecker.pro\/sv\/wp-json\/wp\/v2\/pages\/349\/revisions\/39341"}],"wp:featuredmedia":[{"embeddable":true,"href":"https:\/\/sitechecker.pro\/sv\/wp-json\/wp\/v2\/media\/3427"}],"wp:attachment":[{"href":"https:\/\/sitechecker.pro\/sv\/wp-json\/wp\/v2\/media?parent=349"}],"wp:term":[{"taxonomy":"category","embeddable":true,"href":"https:\/\/sitechecker.pro\/sv\/wp-json\/wp\/v2\/categories?post=349"},{"taxonomy":"post_tag","embeddable":true,"href":"https:\/\/sitechecker.pro\/sv\/wp-json\/wp\/v2\/tags?post=349"}],"curies":[{"name":"wp","href":"https:\/\/api.w.org\/{rel}","templated":true}]}}