{"id":33995,"date":"2024-11-01T13:36:21","date_gmt":"2024-11-01T13:36:21","guid":{"rendered":"https:\/\/sitechecker.pro\/?page_id=33995"},"modified":"2024-12-10T17:32:01","modified_gmt":"2024-12-10T17:32:01","slug":"whats-going-seo-software-market-2024","status":"publish","type":"page","link":"https:\/\/sitechecker.pro\/sv\/seo-software-market-study-2024\/","title":{"rendered":"What&#8217;s Going on with the SEO Software Market in 2024?"},"content":{"rendered":"<p class=\"qtranxs-available-languages-message qtranxs-available-languages-message-sv\">Tyv\u00e4rr \u00e4r denna artikel enbart tillg\u00e4nglig p\u00e5 <a href=\"https:\/\/sitechecker.pro\/en\/wp-json\/wp\/v2\/pages\/33995\" class=\"qtranxs-available-language-link qtranxs-available-language-link-en\" title=\"English\">English<\/a>.<\/p>","protected":false},"excerpt":{"rendered":"Tyv\u00e4rr \u00e4r denna artikel enbart tillg\u00e4nglig p\u00e5 English.","protected":false},"author":10409641,"featured_media":34016,"parent":0,"menu_order":0,"comment_status":"closed","ping_status":"closed","template":"pages-templates\/pages-v2.php","meta":[],"categories":[48],"tags":[],"_links":{"self":[{"href":"https:\/\/sitechecker.pro\/sv\/wp-json\/wp\/v2\/pages\/33995"}],"collection":[{"href":"https:\/\/sitechecker.pro\/sv\/wp-json\/wp\/v2\/pages"}],"about":[{"href":"https:\/\/sitechecker.pro\/sv\/wp-json\/wp\/v2\/types\/page"}],"author":[{"embeddable":true,"href":"https:\/\/sitechecker.pro\/sv\/wp-json\/wp\/v2\/users\/10409641"}],"replies":[{"embeddable":true,"href":"https:\/\/sitechecker.pro\/sv\/wp-json\/wp\/v2\/comments?post=33995"}],"version-history":[{"count":1,"href":"https:\/\/sitechecker.pro\/sv\/wp-json\/wp\/v2\/pages\/33995\/revisions"}],"predecessor-version":[{"id":33996,"href":"https:\/\/sitechecker.pro\/sv\/wp-json\/wp\/v2\/pages\/33995\/revisions\/33996"}],"wp:featuredmedia":[{"embeddable":true,"href":"https:\/\/sitechecker.pro\/sv\/wp-json\/wp\/v2\/media\/34016"}],"wp:attachment":[{"href":"https:\/\/sitechecker.pro\/sv\/wp-json\/wp\/v2\/media?parent=33995"}],"wp:term":[{"taxonomy":"category","embeddable":true,"href":"https:\/\/sitechecker.pro\/sv\/wp-json\/wp\/v2\/categories?post=33995"},{"taxonomy":"post_tag","embeddable":true,"href":"https:\/\/sitechecker.pro\/sv\/wp-json\/wp\/v2\/tags?post=33995"}],"curies":[{"name":"wp","href":"https:\/\/api.w.org\/{rel}","templated":true}]}}