{"id":29818,"date":"2024-01-22T16:09:06","date_gmt":"2024-01-22T16:09:06","guid":{"rendered":"https:\/\/sitechecker.pro\/?page_id=29818"},"modified":"2026-02-18T15:58:04","modified_gmt":"2026-02-18T15:58:04","slug":"nofollow-link-checker-detect-nofollow-attributes-website","status":"publish","type":"page","link":"https:\/\/sitechecker.pro\/sv\/nofollow-link-checker\/","title":{"rendered":"Nofollow Link Checker | Uppt\u00e4ck Nofollow-attribut p\u00e5 webbplatser"},"content":{"rendered":"<p><\/p>\n<h2 id=\"par1\">Vad \u00e4r ett Nofollow Link Checker-verktyg?<\/h2>\n<p>Nofollow Link Checker \u00e4r ett verktyg som analyserar en webbsida och identifierar rel=&#8221;nofollow&#8221;-attributet f\u00f6r alla l\u00e4nkar samt indexeringsdirektiv. Det uppt\u00e4cker inst\u00e4llningar f\u00f6r Robots meta och <a href=\"https:\/\/sitechecker.pro\/meta-robots-tag\/\" target=\"_blank\" rel=\"noopener noreferrer\">X-Robots-Tag<\/a>, kontrollerar <a href=\"https:\/\/sitechecker.pro\/link-attributes\/\" target=\"_blank\" rel=\"noopener noreferrer\">nofollow-attribut<\/a>, visar interna och externa dofollow\/nofollow-l\u00e4nkar, ger en komplett lista \u00f6ver ankartexter och returnerar <a href=\"https:\/\/sitechecker.pro\/http-status-codes-list\/\" target=\"_blank\" rel=\"noopener noreferrer\">statuskoder<\/a> f\u00f6r varje URL.<\/p>\n<h3>Hur verktyget kan hj\u00e4lpa dig<\/h3>\n<p><strong>Identifiering av Robots- och X-Robots-Tag-regler: <\/strong>kontrollerar om sidan inneh\u00e5ller Robots meta- eller X-Robots-Tag-direktiv och hj\u00e4lper dig att uppt\u00e4cka noindex, nofollow eller andra regler som kan begr\u00e4nsa <a href=\"https:\/\/sitechecker.pro\/website-crawler\/\" target=\"_blank\" rel=\"noopener noreferrer\">crawling<\/a> eller <a href=\"https:\/\/sitechecker.pro\/google-index\/\" target=\"_blank\" rel=\"noopener noreferrer\">indexering<\/a>.<\/p>\n<p><strong>Identifiering av interna och externa nofollow-l\u00e4nkar: <\/strong>uppt\u00e4cker alla dofollow- och nofollow-attribut p\u00e5 interna och externa l\u00e4nkar och ger full insyn i hur l\u00e4nkkraften fl\u00f6dar genom sidan.<\/p>\n<p><strong>Fullst\u00e4ndig rapport om ankare och l\u00e4nkstatus: <\/strong>ger en strukturerad lista \u00f6ver alla ankartexter och verifierar statuskoderna f\u00f6r varje URL, s\u00e5 att du kan hitta <a href=\"https:\/\/sitechecker.pro\/broken-links\/\" target=\"_blank\" rel=\"noopener noreferrer\">brutna l\u00e4nkar<\/a>, <a href=\"https:\/\/sitechecker.pro\/redirect-checker\/\" target=\"_blank\" rel=\"noopener noreferrer\">omdirigeringar<\/a> och andra problem som kan p\u00e5verka SEO-prestandan.<\/p>\n<h3>Viktiga funktioner i verktyget<\/h3>\n<p><strong>Enhetlig instrumentpanel: <\/strong>erbjuder en centraliserad instrumentpanel med en helt\u00e4ckande \u00f6versikt \u00f6ver olika SEO-m\u00e4tv\u00e4rden och webbplatsens prestandaindikatorer.<\/p>\n<p><strong>Anv\u00e4ndarv\u00e4nligt gr\u00e4nssnitt: <\/strong>utformat med fokus p\u00e5 anv\u00e4ndarupplevelse, vilket g\u00f6r gr\u00e4nssnittet intuitivt och l\u00e4tt att navigera.<\/p>\n<p><strong>Komplett SEO-verktygssvit: <\/strong>levereras med ett fullst\u00e4ndigt utbud av SEO-verktyg, inklusive funktioner f\u00f6r s\u00f6kordsanalys, <a href=\"https:\/\/sitechecker.pro\/on-page-seo-checker\/\" target=\"_blank\" rel=\"noopener noreferrer\">on-page SEO<\/a>-optimering, <a href=\"https:\/\/sitechecker.pro\/seo-site-audit\/\" target=\"_blank\" rel=\"noopener noreferrer\">webbplatsrevisioner<\/a> och mer.<\/p>\n<h2 id=\"par2\">S\u00e5 anv\u00e4nder du Nofollow Links Checker<\/h2>\n<p>Du kan testa om sidan inneh\u00e5ller Robots- eller X-Robots-Tag-direktiv, eller analysera alla follow\/nofollow-statusar f\u00f6r l\u00e4nkarna p\u00e5 sidan. V\u00e4lj det alternativ som passar ditt m\u00e5l b\u00e4st och starta sedan granskningen f\u00f6r att f\u00e5 en omedelbar rapport.<\/p>\n<div class=\"content__img-wrap\"><img src=\"https:\/\/sitechecker.pro\/wp-content\/uploads\/2025\/11\/choose-an-audit-option.png\" alt=\"Choose an audit option\" class=\"description-img description-img-zoom\" loading=\"lazy\" ><\/div>\n<h2 id=\"par3\">Kontrollera nofollow-attributet i Robots meta och X-Robots-Tag<\/h2>\n<h3>Steg 1: V\u00e4lj inspektion<\/h3>\n<div class=\"content__img-wrap\"><img src=\"https:\/\/sitechecker.pro\/wp-content\/uploads\/2025\/11\/test-robots-meta-x-robots-tag.png\" alt=\"Test Robots meta and X-Robots-tag\" class=\"description-img description-img-zoom\" loading=\"lazy\" ><\/div>\n<h3>Steg 2: F\u00e5 resultaten<\/h3>\n<p>I resultaten kan du se hur sidan beter sig n\u00e4r det g\u00e4ller indexering baserat p\u00e5 flera signaler:<\/p>\n<p><strong>Robots meta-tagg<\/strong> \u2013 om den inneh\u00e5ller direktiv som index, noindex, follow eller nofollow.<\/p>\n<p><strong>X-Robots-Tag<\/strong> \u2013 indexeringsregler p\u00e5 serverniv\u00e5 som returneras i HTTP-headers.<\/p>\n<p><strong><a href=\"https:\/\/sitechecker.pro\/robots-tester\/\" target=\"_blank\" rel=\"noopener noreferrer\">robots.txt<\/a>-fil<\/strong> \u2013 om crawling \u00e4r till\u00e5ten eller begr\u00e4nsad f\u00f6r denna URL.<\/p>\n<p><strong>Noindex-tagg<\/strong> \u2013 om det finns noindex-direktiv i sidans inneh\u00e5ll.<\/p>\n<p>Denna granskning hj\u00e4lper dig att snabbt f\u00f6rst\u00e5 hur s\u00f6kmotorer instrueras att crawla och indexera sidan.<\/p>\n<div class=\"content__img-wrap\"><img src=\"https:\/\/sitechecker.pro\/wp-content\/uploads\/2025\/11\/on-page-seo-checker-indexation.png\" alt=\"On-page SEO Checker indexation\" class=\"description-img description-img-zoom\" loading=\"lazy\" ><\/div>\n<h3>Ytterligare funktioner i kontrollen av Robots meta och X-Robots-Tag<\/h3>\n<p>F\u00f6rutom att kontrollera nofollow-attribut och indexeringsregler ger verktyget \u00e4ven en snabb \u00f6versikt \u00f6ver andra on-page-problem. Du kan identifiera kritiska problem, varningar och tekniska signaler, s\u00e5som problem med <a href=\"https:\/\/sitechecker.pro\/speed-test\/\" target=\"_blank\" rel=\"noopener noreferrer\">sidans hastighet<\/a>, 404-fel, statuskoder, HTML-storlek och kvaliteten p\u00e5 metadata.<\/p>\n<p>Detta g\u00f6r att du kan granska l\u00e4nk\u00adattribut och diagnostisera generella SEO-problem p\u00e5 samma sida i en enda skanning.<\/p>\n<div class=\"content__img-wrap\"><img src=\"https:\/\/sitechecker.pro\/wp-content\/uploads\/2025\/11\/issues-overview.png\" alt=\"Issues overview\" class=\"description-img description-img-zoom\" loading=\"lazy\" ><\/div>\n<h2 id=\"par4\">Kontrollera l\u00e4nkarnas follow-status p\u00e5 sidan<\/h2>\n<h3>Steg 1: V\u00e4lj alternativet \u201dLinks follow statuses on the page\u201d<\/h3>\n<div class=\"content__img-wrap\"><img src=\"https:\/\/sitechecker.pro\/wp-content\/uploads\/2025\/11\/links-follow-statuses-on-the-page.png\" alt=\"Links follow statuses on the page\" class=\"description-img description-img-zoom\" loading=\"lazy\" ><\/div>\n<h3>Steg 2: F\u00e5 resultaten<\/h3>\n<p>Som resultat av denna granskning kan du g\u00e5 igenom alla interna och externa l\u00e4nkar p\u00e5 sidan. Rapporten visar varje URL som sidan l\u00e4nkar till, b\u00e5de internt och externt. F\u00f6r varje l\u00e4nk kan du kontrollera HTTP-statuskod, follow\/nofollow-attribut och ankartext.<\/p>\n<p>Du kan filtrera och sortera dessa data som du vill, exportera dem f\u00f6r vidare analys eller ladda ner hela rapporten.<\/p>\n<div class=\"content__img-wrap\"><img src=\"https:\/\/sitechecker.pro\/wp-content\/uploads\/2025\/11\/on-page-audit-internal-links.png\" alt=\"On-page audit internal links\" class=\"description-img description-img-zoom\" loading=\"lazy\" ><\/div>\n<h3>Ytterligare funktioner<\/h3>\n<p>P\u00e5 webbplatsniv\u00e5 kan du ocks\u00e5 uppt\u00e4cka problem relaterade till nofollow-l\u00e4nkar, till exempel sidor som anv\u00e4nder nofollow felaktigt, bara har interna nofollow-l\u00e4nkar eller inneh\u00e5ller en blandning av follow\/nofollow-attribut.<\/p>\n<div class=\"content__img-wrap\"><img src=\"https:\/\/sitechecker.pro\/wp-content\/uploads\/2025\/11\/site-audit-nofollow-issues.png\" alt=\"Site audit nofollow issues\" class=\"description-img description-img-zoom\" loading=\"lazy\" ><\/div>\n<div class=\"important-block\">F\u00f6r att f\u00e5 resultat och tillg\u00e5ng till Sitecheckers funktioner i 14 dagar, starta din GRATIS provperiod. Registrering \u00e4r enkel med e-post, Google- eller Facebook-konto. Inget kreditkort kr\u00e4vs.<\/div>\n<h2 id=\"par5\">Slutsats<\/h2>\n<p>Nofollow Link Checker hj\u00e4lper dig att snabbt f\u00f6rst\u00e5 hur en sida hanterar nofollow-attribut, indexeringsregler och l\u00e4nkbeteende. Verktyget visar Robots meta- och X-Robots-Tag-direktiv, interna och externa follow\/nofollow-l\u00e4nkar, ankartexter och statuskoder i en enda tydlig rapport. Du kan ocks\u00e5 uppt\u00e4cka ytterligare on-page-problem och webbplats\u00f6vergripande nofollow-problem, s\u00e5 att din sida crawlas och indexeras som avsett.<\/p>\n<div id=\"par6\"><\/div>\n<p><div class=\"front__faq-block\"><div class=\"faq__block-title\">FAQ<\/div><div class=\"panel-group\" id=\"faq-accordion\" itemscope itemtype=\"https:\/\/schema.org\/FAQPage\" role=\"tablist\" aria-multiselectable=\"true\"><div class=\"panel\" itemscope itemtype=\"https:\/\/schema.org\/Question\" itemprop=\"mainEntity\">\n                            <div class=\"panel-heading\" id=\"headingFaq-1\">\n                                <div class=\"panel-title\" data-toggle=\"collapse\" aria-expanded=\"false\" href=\"#collapseFaq-1\">\n                                    <h3 itemprop=\"name\">N\u00e4r ska jag anv\u00e4nda en nofollow-l\u00e4nk p\u00e5 min webbplats?<\/h3>\n                                <\/div>\n                            <\/div>\n                            <div id=\"collapseFaq-1\" class=\"panel-collapse collapse\" itemprop=\"acceptedAnswer\" itemscope itemtype=\"http:\/\/schema.org\/Answer\">\n                                <div class=\"panel-body\" itemprop=\"text\">Anv\u00e4nd nofollow n\u00e4r du l\u00e4nkar till op\u00e5litliga k\u00e4llor, anv\u00e4ndargenererat inneh\u00e5ll, betalda placeringar eller sidor du inte vill st\u00f6dja med l\u00e4nkkraft.<\/div>\n                            <\/div>\n                        <\/div><div class=\"panel\" itemscope itemtype=\"https:\/\/schema.org\/Question\" itemprop=\"mainEntity\">\n                            <div class=\"panel-heading\" id=\"headingFaq-2\">\n                                <div class=\"panel-title\" data-toggle=\"collapse\" aria-expanded=\"false\" href=\"#collapseFaq-2\">\n                                    <h3 itemprop=\"name\">Kan nofollow-l\u00e4nkar p\u00e5verka mina rankningar?<\/h3>\n                                <\/div>\n                            <\/div>\n                            <div id=\"collapseFaq-2\" class=\"panel-collapse collapse\" itemprop=\"acceptedAnswer\" itemscope itemtype=\"http:\/\/schema.org\/Answer\">\n                                <div class=\"panel-body\" itemprop=\"text\">De \u00f6verf\u00f6r inte PageRank, men hj\u00e4lper \u00e4nd\u00e5 s\u00f6kmotorer att f\u00f6rst\u00e5 sammanhang, uppt\u00e4cka nya URL:er och beh\u00e5lla en naturlig l\u00e4nkprofil.<\/div>\n                            <\/div>\n                        <\/div><div class=\"panel\" itemscope itemtype=\"https:\/\/schema.org\/Question\" itemprop=\"mainEntity\">\n                            <div class=\"panel-heading\" id=\"headingFaq-3\">\n                                <div class=\"panel-title\" data-toggle=\"collapse\" aria-expanded=\"false\" href=\"#collapseFaq-3\">\n                                    <h3 itemprop=\"name\">B\u00f6r interna l\u00e4nkar n\u00e5gonsin vara nofollow?<\/h3>\n                                <\/div>\n                            <\/div>\n                            <div id=\"collapseFaq-3\" class=\"panel-collapse collapse\" itemprop=\"acceptedAnswer\" itemscope itemtype=\"http:\/\/schema.org\/Answer\">\n                                <div class=\"panel-body\" itemprop=\"text\">I de flesta fall nej. Interna nofollow-l\u00e4nkar kan bryta crawl-v\u00e4gar och minska indexeringens effektivitet, om du inte medvetet vill blockera vissa sektioner.<\/div>\n                            <\/div>\n                        <\/div><div class=\"panel\" itemscope itemtype=\"https:\/\/schema.org\/Question\" itemprop=\"mainEntity\">\n                            <div class=\"panel-heading\" id=\"headingFaq-4\">\n                                <div class=\"panel-title\" data-toggle=\"collapse\" aria-expanded=\"false\" href=\"#collapseFaq-4\">\n                                    <h3 itemprop=\"name\">Respekterar Google alltid nofollow-attribut?<\/h3>\n                                <\/div>\n                            <\/div>\n                            <div id=\"collapseFaq-4\" class=\"panel-collapse collapse\" itemprop=\"acceptedAnswer\" itemscope itemtype=\"http:\/\/schema.org\/Answer\">\n                                <div class=\"panel-body\" itemprop=\"text\">Google behandlar nofollow som en signal, inte ett strikt direktiv. Den kan \u00e4nd\u00e5 crawla eller indexera en URL om den bed\u00f6ms vara viktig.<\/div>\n                            <\/div>\n                        <\/div><div class=\"panel\" itemscope itemtype=\"https:\/\/schema.org\/Question\" itemprop=\"mainEntity\">\n                            <div class=\"panel-heading\" id=\"headingFaq-5\">\n                                <div class=\"panel-title\" data-toggle=\"collapse\" aria-expanded=\"false\" href=\"#collapseFaq-5\">\n                                    <h3 itemprop=\"name\">Hur ofta b\u00f6r jag granska mina sidor f\u00f6r nofollow-problem?<\/h3>\n                                <\/div>\n                            <\/div>\n                            <div id=\"collapseFaq-5\" class=\"panel-collapse collapse\" itemprop=\"acceptedAnswer\" itemscope itemtype=\"http:\/\/schema.org\/Answer\">\n                                <div class=\"panel-body\" itemprop=\"text\">Efter inneh\u00e5llsuppdateringar, redesign, CMS-\u00e4ndringar, migreringar eller n\u00e4r trafiken pl\u00f6tsligt faller \u2013 det \u00e4r vanliga tillf\u00e4llen d\u00e5 nofollow-fel uppst\u00e5r.<\/div>\n                            <\/div>\n                        <\/div><\/div><\/div><\/p>","protected":false},"excerpt":{"rendered":"Vad \u00e4r ett Nofollow Link Checker-verktyg? Nofollow Link Checker \u00e4r ett verktyg som analyserar en webbsida och identifierar rel=&#8221;nofollow&#8221;-attributet f\u00f6r alla l\u00e4nkar samt indexeringsdirektiv. Det uppt\u00e4cker inst\u00e4llningar f\u00f6r Robots meta och X-Robots-Tag, kontrollerar nofollow-attribut, visar interna och externa dofollow\/nofollow-l\u00e4nkar, ger en komplett lista \u00f6ver ankartexter och returnerar statuskoder f\u00f6r varje URL. Hur verktyget kan hj\u00e4lpa&#8230;","protected":false},"author":10409641,"featured_media":0,"parent":0,"menu_order":0,"comment_status":"closed","ping_status":"closed","template":"pages-templates\/pages-minitools-3.php","meta":[],"categories":[72],"tags":[],"_links":{"self":[{"href":"https:\/\/sitechecker.pro\/sv\/wp-json\/wp\/v2\/pages\/29818"}],"collection":[{"href":"https:\/\/sitechecker.pro\/sv\/wp-json\/wp\/v2\/pages"}],"about":[{"href":"https:\/\/sitechecker.pro\/sv\/wp-json\/wp\/v2\/types\/page"}],"author":[{"embeddable":true,"href":"https:\/\/sitechecker.pro\/sv\/wp-json\/wp\/v2\/users\/10409641"}],"replies":[{"embeddable":true,"href":"https:\/\/sitechecker.pro\/sv\/wp-json\/wp\/v2\/comments?post=29818"}],"version-history":[{"count":7,"href":"https:\/\/sitechecker.pro\/sv\/wp-json\/wp\/v2\/pages\/29818\/revisions"}],"predecessor-version":[{"id":39346,"href":"https:\/\/sitechecker.pro\/sv\/wp-json\/wp\/v2\/pages\/29818\/revisions\/39346"}],"wp:attachment":[{"href":"https:\/\/sitechecker.pro\/sv\/wp-json\/wp\/v2\/media?parent=29818"}],"wp:term":[{"taxonomy":"category","embeddable":true,"href":"https:\/\/sitechecker.pro\/sv\/wp-json\/wp\/v2\/categories?post=29818"},{"taxonomy":"post_tag","embeddable":true,"href":"https:\/\/sitechecker.pro\/sv\/wp-json\/wp\/v2\/tags?post=29818"}],"curies":[{"name":"wp","href":"https:\/\/api.w.org\/{rel}","templated":true}]}}