{"id":29810,"date":"2024-01-22T15:46:39","date_gmt":"2024-01-22T15:46:39","guid":{"rendered":"https:\/\/sitechecker.pro\/?page_id=29810"},"modified":"2026-02-19T15:12:39","modified_gmt":"2026-02-19T15:12:39","slug":"dofollow-link-checker-detect-follow-links-link-errors","status":"publish","type":"page","link":"https:\/\/sitechecker.pro\/sv\/dofollow-link-checker\/","title":{"rendered":"Dofollow Link Checker | Uppt\u00e4ck f\u00f6ljbara l\u00e4nkar och l\u00e4nkfel"},"content":{"rendered":"<p><\/p>\n<h2 id=\"par1\">Vad \u00e4r en Dofollow Link Checker?<\/h2>\n<p> En Dofollow Link Detector fr\u00e5n <a href=\"https:\/\/sitechecker.pro\/\" target=\"_blank\" rel=\"noopener noreferrer\">Sitechecker<\/a> \u00e4r ett verktyg f\u00f6r att identifiera och analysera <a href=\"https:\/\/sitechecker.pro\/what-is-dofollow-link\/\" target=\"_blank\" rel=\"noopener noreferrer\">dofollow<\/a>-l\u00e4nkar p\u00e5 en webbplats eller en specifik webbsida.<\/p>\n<p>Detta verktyg g\u00f6r det \u00e4ven enklare att kontrollera statuskoder f\u00f6r interna URL:er och analysera deras ankartexter. Dessutom genomf\u00f6r det en teknisk granskning av din webbplats genom att identifiera och rapportera problem relaterade till sidor. Detta inkluderar att bed\u00f6ma sidornas kvalitet och p\u00e5verkan.<\/p>\n<h3>Verktyget kan hj\u00e4lpa dig p\u00e5 m\u00e5nga s\u00e4tt<\/h3>\n<p> <strong>Identifiering av Dofollow-l\u00e4nkar: <\/strong>utformat f\u00f6r att uppt\u00e4cka och lista alla URL:er p\u00e5 en webbsida som inte har attributet rel=&#8221;<a href=\"https:\/\/sitechecker.pro\/nofollow-link-checker\/\" target=\"_blank\" rel=\"noopener noreferrer\">nofollow<\/a>&#8220;. Detta g\u00f6r att du kan se vilka URL:er som potentiellt f\u00f6r vidare sidauktoritet f\u00f6r SEO-\u00e4ndam\u00e5l.<\/p>\n<p><strong>Kontroll av statuskoder f\u00f6r interna Dofollow-URL:er: <\/strong>kontrollera HTTP-statuskoderna f\u00f6r interna URL:er p\u00e5 din webbplats som \u00e4r markerade som dofollow.<\/p>\n<p><strong>Identifiering och rapportering av fel eller problem relaterade till Follow-l\u00e4nkar: <\/strong>inriktad p\u00e5 att uppt\u00e4cka och rapportera fel eller problem som specifikt \u00e4r kopplade till follow-attribut. Detta inkluderar brutna URL:er, felaktiga strukturer och andra relaterade fel.<\/p>\n<h3>Viktiga funktioner i verktyget<\/h3>\n<p> <strong>Enhetlig instrumentpanel: <\/strong>denna funktion g\u00f6r det m\u00f6jligt att \u00f6vervaka alla viktiga m\u00e4tv\u00e4rden i en enda, l\u00e4ttnavigerad instrumentpanel. Denna centralisering f\u00f6renklar analysen och testningen av nya SEO-hypoteser och ger en helt\u00e4ckande bild av webbplatsens prestanda.<\/p>\n<p><strong>Anv\u00e4ndarv\u00e4nligt gr\u00e4nssnitt: <\/strong>verktyget \u00e4r utformat med fokus p\u00e5 anv\u00e4ndarupplevelse, vilket g\u00f6r att \u00e4ven personer utan djupg\u00e5ende SEO-kunskaper enkelt kan navigera och anv\u00e4nda dess funktioner. Detta inkluderar tydlig datapresentation och steg-f\u00f6r-steg-guider f\u00f6r att \u00e5tg\u00e4rda identifierade problem.<\/p>\n<p><strong>Komplett SEO-verktygspaket: <\/strong>erbjuder en kraftfull upps\u00e4ttning SEO-verktyg, samlade i tv\u00e5 huvudfunktioner: Rank Tracker, som importerar och uppdaterar rankningsnyckelord, st\u00f6der flera s\u00f6kmotorer och ger insikter om de b\u00e4st presterande sidorna; samt Site Monitoring-funktionen, som skannar webbplatser efter uppdateringar s\u00e5som inneh\u00e5lls\u00e4ndringar och brutna URL:er, vilket \u00e4r avg\u00f6rande f\u00f6r att f\u00f6lja f\u00f6r\u00e4ndringar relaterade till CMS, teman och plugins m.m.<\/p>\n<h2 id=\"par2\">Hur man anv\u00e4nder verktyget<\/h2>\n<h3>Steg 1: F\u00f6r att starta analysen, ange helt enkelt dom\u00e4nnamnet eller URL:en till en specifik sida och v\u00e4nta p\u00e5 resultatet<\/h3>\n<div class=\"content__img-wrap\"><img src=\"https:\/\/sitechecker.pro\/wp-content\/uploads\/2024\/01\/dofollow-link-checker.png\" alt=\"Dofollow Link Checker\" class=\"description-img description-img-zoom\" loading=\"lazy\" ><\/div>\n<h3>Steg 2: F\u00e5 resultat<\/h3>\n<p> Dofollow Link Finder erbjuder en detaljerad analys av en webbplats interna och externa l\u00e4nkar. Den visar varje URL och dess HTTP-statuskod samt identifierar omdirigeringar eller brutna URL:er. Verktyget skiljer ocks\u00e5 mellan \u201ddofollow\u201d- och \u201dnofollow\u201d-l\u00e4nkar, vilket hj\u00e4lper till att bevara SEO-v\u00e4rde. Dessutom analyserar det ankartexterna f\u00f6r att s\u00e4kerst\u00e4lla att de st\u00e4rker SEO, vilket \u00e4r avg\u00f6rande f\u00f6r att f\u00f6rb\u00e4ttra webbplatsens placering i s\u00f6kmotorerna.<\/p>\n<div class=\"content__img-wrap\"><img src=\"https:\/\/sitechecker.pro\/wp-content\/uploads\/2024\/01\/page-details-dofollow.png\" alt=\"Page Details Dofollow\" class=\"description-img description-img-zoom\" loading=\"lazy\" ><\/div>\n<h2 id=\"par3\">Ytterligare funktioner<\/h2>\n<p> Sektionen Site Audit ger en omfattande \u00f6versikt \u00f6ver en webbplats SEO-h\u00e4lsa och visar viktiga m\u00e4tv\u00e4rden s\u00e5som antal kritiska problem, varningar, f\u00f6rb\u00e4ttringsm\u00f6jligheter och notiser. Website Score ger en snabb visuell representation av webbplatsens aktuella SEO-prestanda.<\/p>\n<p>Verktyget identifierar icke-indexerade URL:er som felaktigt har markerats som \u201dfollow\u201d, vilket f\u00f6rhindrar felriktad genoms\u00f6kning fr\u00e5n s\u00f6kmotorer. Det uppt\u00e4cker \u00e4ven sidor som f\u00e5r blandade \u201dfollow\u201d- och \u201dnofollow\u201d-signaler, vilket klarg\u00f6r sidans auktoritet f\u00f6r s\u00f6kmotorer. Det lyfter fram sidor med f\u00e5 interna \u201dfollow\u201d-URL:er, vilket kan begr\u00e4nsa deras rankingpotential. Dessutom s\u00e4kerst\u00e4ller kontrollen att ankartexter f\u00f6r \u201dfollow\u201d-attribut \u00e4r beskrivande, s\u00e5 att s\u00f6kmotorer b\u00e4ttre kan f\u00f6rst\u00e5 sammanhanget f\u00f6r det l\u00e4nkade inneh\u00e5llet. Med dessa insikter kan webbansvariga finjustera sin strategi f\u00f6r b\u00e4ttre SEO-resultat.<\/p>\n<div class=\"content__img-wrap\"><img src=\"https:\/\/sitechecker.pro\/wp-content\/uploads\/2024\/01\/follow-links-issues.png\" alt=\"Follow Links Issues\" class=\"description-img description-img-zoom\" loading=\"lazy\" ><\/div>\n<h2 id=\"par4\">Slutlig id\u00e9<\/h2>\n<p> Dofollow Link Analyzer \u00e4r ett helt\u00e4ckande verktyg som \u00e4r utformat f\u00f6r att identifiera \u201ddofollow\u201d-attribut som p\u00e5verkar SEO-auktoritet. Det effektiviserar webbplatsgranskningar genom att erbjuda en enhetlig instrumentpanel f\u00f6r enkel \u00f6vervakning av SEO-m\u00e4tv\u00e4rden och tillhandah\u00e5ller ett anv\u00e4ndarv\u00e4nligt gr\u00e4nssnitt som passar \u00e4ven anv\u00e4ndare med begr\u00e4nsad SEO-erfarenhet. Den omfattande SEO-verktygsl\u00e5dan, inklusive Rank Tracker och Site Monitoring, hj\u00e4lper till att optimera webbplatsens l\u00e4nkstrategi och f\u00f6rb\u00e4ttrar s\u00f6kmotorrankningar genom att \u00e5tg\u00e4rda problem som icke-indexerade \u201dfollow\u201d-URL:er och blandade \u201dfollow\u201d- och \u201dnofollow\u201d-signaler. Dofollow Link Checker \u00e4r ett oumb\u00e4rligt verktyg f\u00f6r webbansvariga som vill f\u00f6rb\u00e4ttra sin webbplats SEO-prestanda p\u00e5 ett effektivt s\u00e4tt. <\/p>\n<div id=\"par5\"><\/div>\n<p> <div class=\"front__faq-block\"><div class=\"faq__block-title\">FAQ<\/div><div class=\"panel-group\" id=\"faq-accordion\" itemscope itemtype=\"https:\/\/schema.org\/FAQPage\" role=\"tablist\" aria-multiselectable=\"true\"><div class=\"panel\" itemscope itemtype=\"https:\/\/schema.org\/Question\" itemprop=\"mainEntity\">\n                            <div class=\"panel-heading\" id=\"headingFaq-1\">\n                                <div class=\"panel-title\" data-toggle=\"collapse\" aria-expanded=\"false\" href=\"#collapseFaq-1\">\n                                    <h3 itemprop=\"name\">Vilka typer av l\u00e4nkar kan Dofollow Link Checker analysera?<\/h3>\n                                <\/div>\n                            <\/div>\n                            <div id=\"collapseFaq-1\" class=\"panel-collapse collapse\" itemprop=\"acceptedAnswer\" itemscope itemtype=\"http:\/\/schema.org\/Answer\">\n                                <div class=\"panel-body\" itemprop=\"text\">Dofollow URL Checker kan analysera b\u00e5de interna och externa \u201ddofollow\u201d-sidor p\u00e5 en webbplats, inklusive deras HTTP-statuskoder och ankartexter.<\/div>\n                            <\/div>\n                        <\/div><div class=\"panel\" itemscope itemtype=\"https:\/\/schema.org\/Question\" itemprop=\"mainEntity\">\n                            <div class=\"panel-heading\" id=\"headingFaq-2\">\n                                <div class=\"panel-title\" data-toggle=\"collapse\" aria-expanded=\"false\" href=\"#collapseFaq-2\">\n                                    <h3 itemprop=\"name\">Kan onlineverktyget Dofollow Link Checker uppt\u00e4cka brutna l\u00e4nkar?<\/h3>\n                                <\/div>\n                            <\/div>\n                            <div id=\"collapseFaq-2\" class=\"panel-collapse collapse\" itemprop=\"acceptedAnswer\" itemscope itemtype=\"http:\/\/schema.org\/Answer\">\n                                <div class=\"panel-body\" itemprop=\"text\">Ja, det kan identifiera brutna URL:er genom att kontrollera HTTP-statuskoderna f\u00f6r URL:er som \u00e4r markerade som \u201ddofollow\u201d.<\/div>\n                            <\/div>\n                        <\/div><div class=\"panel\" itemscope itemtype=\"https:\/\/schema.org\/Question\" itemprop=\"mainEntity\">\n                            <div class=\"panel-heading\" id=\"headingFaq-3\">\n                                <div class=\"panel-title\" data-toggle=\"collapse\" aria-expanded=\"false\" href=\"#collapseFaq-3\">\n                                    <h3 itemprop=\"name\">Hur ofta b\u00f6r en webbplats granskas med Dofollow Link Checker?<\/h3>\n                                <\/div>\n                            <\/div>\n                            <div id=\"collapseFaq-3\" class=\"panel-collapse collapse\" itemprop=\"acceptedAnswer\" itemscope itemtype=\"http:\/\/schema.org\/Answer\">\n                                <div class=\"panel-body\" itemprop=\"text\">Regelbundna granskningar rekommenderas, s\u00e4rskilt efter st\u00f6rre inneh\u00e5llsuppdateringar, omstruktureringar eller n\u00e4r f\u00f6r\u00e4ndringar i webbplatsens trafik m\u00e4rks. Vissa f\u00f6redrar att schemal\u00e4gga granskningar m\u00e5nadsvis eller kvartalsvis, beroende p\u00e5 webbplatsens storlek och dynamik.<\/div>\n                            <\/div>\n                        <\/div><\/div><\/div><\/p>","protected":false},"excerpt":{"rendered":"Vad \u00e4r en Dofollow Link Checker? En Dofollow Link Detector fr\u00e5n Sitechecker \u00e4r ett verktyg f\u00f6r att identifiera och analysera dofollow-l\u00e4nkar p\u00e5 en webbplats eller en specifik webbsida. Detta verktyg g\u00f6r det \u00e4ven enklare att kontrollera statuskoder f\u00f6r interna URL:er och analysera deras ankartexter. Dessutom genomf\u00f6r det en teknisk granskning av din webbplats genom att&#8230;","protected":false},"author":10409641,"featured_media":0,"parent":0,"menu_order":0,"comment_status":"closed","ping_status":"closed","template":"pages-templates\/pages-minitools-3.php","meta":[],"categories":[72],"tags":[],"_links":{"self":[{"href":"https:\/\/sitechecker.pro\/sv\/wp-json\/wp\/v2\/pages\/29810"}],"collection":[{"href":"https:\/\/sitechecker.pro\/sv\/wp-json\/wp\/v2\/pages"}],"about":[{"href":"https:\/\/sitechecker.pro\/sv\/wp-json\/wp\/v2\/types\/page"}],"author":[{"embeddable":true,"href":"https:\/\/sitechecker.pro\/sv\/wp-json\/wp\/v2\/users\/10409641"}],"replies":[{"embeddable":true,"href":"https:\/\/sitechecker.pro\/sv\/wp-json\/wp\/v2\/comments?post=29810"}],"version-history":[{"count":10,"href":"https:\/\/sitechecker.pro\/sv\/wp-json\/wp\/v2\/pages\/29810\/revisions"}],"predecessor-version":[{"id":39378,"href":"https:\/\/sitechecker.pro\/sv\/wp-json\/wp\/v2\/pages\/29810\/revisions\/39378"}],"wp:attachment":[{"href":"https:\/\/sitechecker.pro\/sv\/wp-json\/wp\/v2\/media?parent=29810"}],"wp:term":[{"taxonomy":"category","embeddable":true,"href":"https:\/\/sitechecker.pro\/sv\/wp-json\/wp\/v2\/categories?post=29810"},{"taxonomy":"post_tag","embeddable":true,"href":"https:\/\/sitechecker.pro\/sv\/wp-json\/wp\/v2\/tags?post=29810"}],"curies":[{"name":"wp","href":"https:\/\/api.w.org\/{rel}","templated":true}]}}