{"id":2517,"date":"2018-04-17T12:41:56","date_gmt":"2018-04-17T12:41:56","guid":{"rendered":"https:\/\/sitechecker.pro\/?page_id=2517"},"modified":"2025-04-15T19:26:15","modified_gmt":"2025-04-15T19:26:15","slug":"page-rank","status":"publish","type":"page","link":"https:\/\/sitechecker.pro\/sv\/page-rank\/","title":{"rendered":"Vad \u00e4r Google PageRank och varf\u00f6r du m\u00e5ste ta h\u00e4nsyn till detta?"},"content":{"rendered":"<p><\/p>\n<h2><strong>PageRank Definition<\/strong><\/h2>\n<p>Ett av s\u00e4tten att definiera webbplats relevans \u00e4r att definiera sin myndighet som helt beror p\u00e5 antalet andra auktoritativa webbplatser som inneh\u00e5ller l\u00e4nkar till den webbplatsen. Ju h\u00f6gre webbplats myndigheten \u00e4r, desto st\u00f6rre \u00e4r vikten f\u00f6r utg\u00e5ende l\u00e4nkar.<\/p>\n<p>Men vad betyder relevans? Sid Relevans \u00e4r en webbsida f\u00f6rm\u00e5ga att motsvara en s\u00f6kfr\u00e5ga som den visas i s\u00f6kresultaten f\u00f6r. Det g\u00e4ller ocks\u00e5 ankartexter f\u00f6r hyperl\u00e4nken som den leder till.<\/p>\n<h2><strong>Hur fungerar PageRank?<\/strong><\/h2>\n<p>Page Rank definieras av siffror fr\u00e5n 0 till 10. Nyligen skapade webbplatser utan inkommande l\u00e4nkar har noll PR. Ju fler l\u00e4nkar som leder till webbplatsen, och ju mer auktoritativa de \u00e4r (j\u00e4mf\u00f6relse med andra webbplatser), desto h\u00f6gre \u00e4r PR.<\/p>\n<p>Google Page Rank anv\u00e4nds f\u00f6r att identifiera en webbplats relevans eller betydelse. Nyligen var PR-webbplatsen synlig f\u00f6r alla anv\u00e4ndare och utvecklare, men nu blev den st\u00e4ngd information, och du kan inte identifiera webbplats-PR, \u00e4ven om det \u00e4r k\u00e4nt att statistiken fortfarande anv\u00e4nds av Google. Det h\u00e4vdas att Google har dolt denna information f\u00f6r att motivera webbansvariga att g\u00f6ra fler anstr\u00e4ngningar f\u00f6r att skapa inneh\u00e5ll av h\u00f6g kvalitet och bygga naturliga l\u00e4nk profiler i st\u00e4llet f\u00f6r att kopiera konkurrentens webbplats aktivitet.<br \/>\nSom redan sagts \u00e4r PageRank bara en (men viktig) faktor som p\u00e5verkar dispositionen i s\u00f6kfr\u00e5gan. Det finns m\u00e5nga andra faktorer som p\u00e5verkar webbplatsens relevans.<\/p>\n<h2><strong>Hur man anv\u00e4nder PageRank Checker<\/strong><\/h2>\n<p>Ange webbadressen du vill markera i rutan. Google PageRank Checker kommer att kontrollera PageRank-po\u00e4ng f\u00f6r webbplatser inom ett par sekunder. Verktyget kommer att ge f\u00f6ljande indikatorer:<\/p>\n<ul>\n<li style=\"font-weight: 400;\"><span style=\"font-weight: 400;\">HTTP status code;<\/span><\/li>\n<li style=\"font-weight: 400;\"><span style=\"font-weight: 400;\">PageRank integer;<\/span><\/li>\n<li style=\"font-weight: 400;\"><span style=\"font-weight: 400;\">PageRank decimal.<\/span><\/li>\n<\/ul>\n<p><\/p>","protected":false},"excerpt":{"rendered":"PageRank Definition Ett av s\u00e4tten att definiera webbplats relevans \u00e4r att definiera sin myndighet som helt beror p\u00e5 antalet andra auktoritativa webbplatser som inneh\u00e5ller l\u00e4nkar till den webbplatsen. Ju h\u00f6gre webbplats myndigheten \u00e4r, desto st\u00f6rre \u00e4r vikten f\u00f6r utg\u00e5ende l\u00e4nkar. Men vad betyder relevans? Sid Relevans \u00e4r en webbsida f\u00f6rm\u00e5ga att motsvara en s\u00f6kfr\u00e5ga som&#8230;","protected":false},"author":10409641,"featured_media":3830,"parent":0,"menu_order":0,"comment_status":"closed","ping_status":"closed","template":"pages-templates\/pages-minitools-3.php","meta":[],"categories":[72],"tags":[],"_links":{"self":[{"href":"https:\/\/sitechecker.pro\/sv\/wp-json\/wp\/v2\/pages\/2517"}],"collection":[{"href":"https:\/\/sitechecker.pro\/sv\/wp-json\/wp\/v2\/pages"}],"about":[{"href":"https:\/\/sitechecker.pro\/sv\/wp-json\/wp\/v2\/types\/page"}],"author":[{"embeddable":true,"href":"https:\/\/sitechecker.pro\/sv\/wp-json\/wp\/v2\/users\/10409641"}],"replies":[{"embeddable":true,"href":"https:\/\/sitechecker.pro\/sv\/wp-json\/wp\/v2\/comments?post=2517"}],"version-history":[{"count":69,"href":"https:\/\/sitechecker.pro\/sv\/wp-json\/wp\/v2\/pages\/2517\/revisions"}],"predecessor-version":[{"id":36625,"href":"https:\/\/sitechecker.pro\/sv\/wp-json\/wp\/v2\/pages\/2517\/revisions\/36625"}],"wp:featuredmedia":[{"embeddable":true,"href":"https:\/\/sitechecker.pro\/sv\/wp-json\/wp\/v2\/media\/3830"}],"wp:attachment":[{"href":"https:\/\/sitechecker.pro\/sv\/wp-json\/wp\/v2\/media?parent=2517"}],"wp:term":[{"taxonomy":"category","embeddable":true,"href":"https:\/\/sitechecker.pro\/sv\/wp-json\/wp\/v2\/categories?post=2517"},{"taxonomy":"post_tag","embeddable":true,"href":"https:\/\/sitechecker.pro\/sv\/wp-json\/wp\/v2\/tags?post=2517"}],"curies":[{"name":"wp","href":"https:\/\/api.w.org\/{rel}","templated":true}]}}