{"id":24950,"date":"2023-07-24T12:54:03","date_gmt":"2023-07-24T12:54:03","guid":{"rendered":"https:\/\/sitechecker.pro\/?page_id=24950"},"modified":"2025-02-27T10:59:43","modified_gmt":"2025-02-27T10:59:43","slug":"keyword-suggestion-tool-research-content-ideas-sitechecker-%e1%90%88","status":"publish","type":"page","link":"https:\/\/sitechecker.pro\/sv\/keyword-suggestion-tool\/","title":{"rendered":"S\u00f6kordsf\u00f6rslagsverktyg f\u00f6r att unders\u00f6ka id\u00e9er till inneh\u00e5ll \u2611"},"content":{"rendered":"<p><\/p>\n<h2 id=\"par1\">Vad \u00e4r ett professionellt verktyg f\u00f6r s\u00f6kordsf\u00f6rslag?<\/h2>\n<p>S\u00f6kordsverktyget f\u00f6r f\u00f6rslag fr\u00e5n <a href=\"https:\/\/sitechecker.pro\/\" target=\"_blank\" rel=\"noopener noreferrer\">Sitechecker<\/a> \u00e4r en gratis onlineresurs som genererar relevanta s\u00f6kordsid\u00e9er genom att utnyttja data fr\u00e5n plattformar som Google, Bing, Google Bilder, Nyheter, Shopping, Yahoo, Wikipedia, YouTube, Amazon, eBay och Fiverr. Det hj\u00e4lper anv\u00e4ndare att uppt\u00e4cka l\u00e5nga nyckelfraser, optimera inneh\u00e5ll och f\u00f6rb\u00e4ttra synlighet och trafik f\u00f6r webbplatser, videor och produktlistor.<\/p>\n<p>Genom att analysera s\u00f6kmotordata, inklusive Google Autocomplete, st\u00f6der verktyget SEO, inneh\u00e5llsskapande och marknadsf\u00f6ringsstrategier, vilket g\u00f6r det m\u00f6jligt f\u00f6r anv\u00e4ndare att f\u00f6rb\u00e4ttra s\u00f6krankningen, effektivt rikta in sig p\u00e5 sin m\u00e5lgrupp och \u00f6ka prestanda p\u00e5 flera plattformar.<\/p>\n<h3>S\u00f6kordsf\u00f6rslagsverktyget hj\u00e4lper dig med<\/h3>\n<p><strong>Inneh\u00e5llsoptimering: <\/strong> tillhandah\u00e5ller l\u00e5nga s\u00f6kord f\u00f6r att f\u00f6rb\u00e4ttra s\u00f6kmotorernas rankning och berika webbplats- eller videoinneh\u00e5ll.<\/p>\n<p><strong>E-handel och PPC-prestanda: <\/strong>f\u00f6reslagna s\u00f6kord f\u00f6r produktlistor p\u00e5 Amazon och eBay och riktade fraser f\u00f6r effektiva betalda annonskampanjer.<\/p>\n<p><strong>Multi-Platform Insights: <\/strong>skr\u00e4ddarsydda f\u00f6rslag fr\u00e5n Google, Bing, YouTube och andra, sp\u00e5rar trender f\u00f6r att f\u00f6rbli konkurrenskraftiga.<\/p>\n<h3>Verktygets nyckelfunktioner<\/h3>\n<p><strong>Unified Dashboard: <\/strong>konsoliderar alla SEO-statistik och insikter i ett enda, l\u00e4ttnavigerat gr\u00e4nssnitt f\u00f6r effektiv \u00f6vervakning och hantering.<\/p>\n<p><strong>Anv\u00e4ndarv\u00e4nligt gr\u00e4nssnitt: <\/strong>Intuitiv design s\u00e4kerst\u00e4ller enkel anv\u00e4ndning f\u00f6r nyb\u00f6rjare och proffs, vilket f\u00f6renklar komplexa SEO-uppgifter.<\/p>\n<p><strong>Komplett SEO-verktygsupps\u00e4ttning: <\/strong>erbjuder ett omfattande utbud av verktyg, inklusive nyckelfrasforskning, webbplatsrevisioner, sp\u00e5rning av bak\u00e5tl\u00e4nkar och resultatanalys, f\u00f6r att effektivt f\u00f6rb\u00e4ttra din onlinen\u00e4rvaro.<\/p>\n<h2 id=\"par2\">Hur man anv\u00e4nder verktyget<\/h2>\n<h3>Steg 1: Ange ett s\u00f6kord eller en nyckelfras, v\u00e4lj en plattform&#8230;<\/h3>\n<p>Ange ett s\u00f6kord eller en nyckelfras, v\u00e4lj en plattform (Google, Google Nyheter, Google Shopping, YouTube, Google Bilder, Yahoo, Bing, Wikipedia eller Fiverr), v\u00e4lj land och spr\u00e5k och klicka sedan p\u00e5 knappen &#8220;H\u00e4mta f\u00f6rslag&#8221;.<\/p>\n<div class=\"content__img-wrap\"><img src=\"https:\/\/sitechecker.pro\/wp-content\/uploads\/2025\/02\/keyword-suggestion-tool-seo-ppc.png\" alt=\"S\u00f6kordsf\u00f6rslagsverktyg f\u00f6r SEO PPC\" class=\"description-img description-img-zoom\" loading=\"lazy\" ><\/div>\n<h3>Steg 2: F\u00e5 resultaten<\/h3>\n<p>Verktyget tillhandah\u00e5ller en lista med relevanta nyckelfraser tillsammans med m\u00e4tv\u00e4rden som s\u00f6kvolym, trender, CPC och annonskonkurrens, vilket m\u00f6jligg\u00f6r datadrivna SEO- och marknadsf\u00f6ringsbeslut.<\/p>\n<div class=\"content__img-wrap\"><img src=\"https:\/\/sitechecker.pro\/wp-content\/uploads\/2025\/02\/suggestions-results.png\" alt=\"F\u00f6rslagsresultat\" class=\"description-img description-img-zoom\" loading=\"lazy\" ><\/div>\n<p>Den v\u00e4nstra panelen organiserar s\u00f6kordsf\u00f6rslag i kluster, grupperar dem efter deras koppling till den prim\u00e4ra fr\u00e5gan, vilket g\u00f6r det till ett kraftfullt s\u00f6kordsgrupperingsverktyg.<\/p>\n<p>Verktyget tillhandah\u00e5ller ocks\u00e5 nyckeltal som s\u00f6kvolym, trender, CPC och annonskonkurrens. Du kan v\u00e4lja specifika nyckelfraser och l\u00e4gga till dem i <a href=\"https:\/\/sitechecker.pro\/rank-tracker\/\" target=\"_blank\" rel=\"noopener noreferrer\">Rank Tracker<\/a> f\u00f6r djupg\u00e5ende \u00f6vervakning och strategisk planering. En gratis provperiod kr\u00e4vs f\u00f6r att l\u00e5sa upp \u00e5tkomst till denna data.<\/p>\n<div class=\"content__img-wrap\"><img src=\"https:\/\/sitechecker.pro\/wp-content\/uploads\/2025\/02\/suggestions-metrics.png\" alt=\"F\u00f6rslagsstatistik\" class=\"description-img description-img-zoom\" loading=\"lazy\" ><\/div>\n<div class=\"important-block\">F\u00f6r att f\u00e5 resultat och tillg\u00e5ng till Sitecheckers funktioner i 14 dagar, starta din GRATIS provperiod. Det \u00e4r enkelt att registrera sig med ditt e-post-, Google- eller Facebook-konto. Inget kreditkort beh\u00f6vs.<\/div>\n<h2 id=\"par3\">B\u00f6rja sp\u00e5ra relevanta s\u00f6kord<\/h2>\n<p>B\u00f6rja \u00f6vervaka relevanta inneh\u00e5lls\u00e4mnen genom att v\u00e4lja de av intresse och l\u00e4gga till dem i Rank Tracker med bara ett klick.<\/p>\n<div class=\"content__img-wrap\"><img src=\"https:\/\/sitechecker.pro\/wp-content\/uploads\/2025\/02\/add-to-rank-tracker.png\" alt=\"L\u00e4gg till i Rank Tracker\" class=\"description-img description-img-zoom\" loading=\"lazy\" ><\/div>\n<p>Du kan gruppera nyckelfraser och l\u00e4gga till dem i Rank Tracker f\u00f6r omfattande \u00f6vervakning och analys.<\/p>\n<div class=\"content__img-wrap\"><img src=\"https:\/\/sitechecker.pro\/wp-content\/uploads\/2025\/02\/add-to-rank-tracker-settings.png\" alt=\"L\u00e4gg till i Rank Tracker Settings\" class=\"description-img description-img-zoom\" loading=\"lazy\" ><\/div>\n<p>H\u00e4r kan du v\u00e4lja \u00f6nskad s\u00f6kmotor, enhet, land och region.<\/p>\n<p>N\u00e4r du har slutf\u00f6rt installationen klickar du p\u00e5 &#8220;L\u00e4gg till i Rank Tracker&#8221;.<\/p>\n<p>Anv\u00e4nd funktionen &#8220;Hantera s\u00f6kord&#8221; f\u00f6r att organisera s\u00f6kord i kategorier och associera dem med specifika sidor, vilket f\u00f6renklar din marknadsf\u00f6ringsstrategi.<\/p>\n<div class=\"content__img-wrap\"><img src=\"https:\/\/sitechecker.pro\/wp-content\/uploads\/2025\/02\/manage-keywords.png\" alt=\"Hantera s\u00f6kord\" class=\"description-img description-img-zoom\" loading=\"lazy\" ><\/div>\n<p>S\u00f6kordss\u00f6karen tillhandah\u00e5ller anpassad sp\u00e5rning av \u00e4mnesid\u00e9er baserat p\u00e5 enhet och plats, vilket ger v\u00e4rdefulla insikter om rankningar och konkurrenters prestanda. Med funktioner som synlighetspo\u00e4ng, indexerings\u00f6vervakning och SEO-trendanalys st\u00f6der den strategioptimering. Dessutom anpassas dess anpassningsbara rapporteringsm\u00f6jligheter s\u00f6ml\u00f6st med kampanjscheman.<\/p>\n<div class=\"content__img-wrap\"><img src=\"https:\/\/sitechecker.pro\/wp-content\/uploads\/2025\/02\/rank-tracker-dashboard.png\" alt=\"Rank Tracker Dashboard\" class=\"description-img description-img-zoom\" loading=\"lazy\" ><\/div>\n<h2 id=\"par4\">Slutlig id\u00e9<\/h2>\n<p>S\u00f6kordsf\u00f6rslagsverktyget genererar relevanta s\u00f6kordsid\u00e9er f\u00f6r SEO, PPC och e-handel med hj\u00e4lp av data fr\u00e5n plattformar som Google, Bing och Amazon. Det erbjuder s\u00f6kordsgruppering, resultatsp\u00e5rning och anpassningsbar rapportering, vilket hj\u00e4lper anv\u00e4ndare att f\u00f6rb\u00e4ttra rankningar, optimera inneh\u00e5ll och skapa framg\u00e5ng online.<\/p>","protected":false},"excerpt":{"rendered":"Vad \u00e4r ett professionellt verktyg f\u00f6r s\u00f6kordsf\u00f6rslag? S\u00f6kordsverktyget f\u00f6r f\u00f6rslag fr\u00e5n Sitechecker \u00e4r en gratis onlineresurs som genererar relevanta s\u00f6kordsid\u00e9er genom att utnyttja data fr\u00e5n plattformar som Google, Bing, Google Bilder, Nyheter, Shopping, Yahoo, Wikipedia, YouTube, Amazon, eBay och Fiverr. Det hj\u00e4lper anv\u00e4ndare att uppt\u00e4cka l\u00e5nga nyckelfraser, optimera inneh\u00e5ll och f\u00f6rb\u00e4ttra synlighet och trafik f\u00f6r&#8230;","protected":false},"author":10409641,"featured_media":0,"parent":0,"menu_order":0,"comment_status":"closed","ping_status":"closed","template":"pages-templates\/pages-minitools.php","meta":[],"categories":[71],"tags":[],"_links":{"self":[{"href":"https:\/\/sitechecker.pro\/sv\/wp-json\/wp\/v2\/pages\/24950"}],"collection":[{"href":"https:\/\/sitechecker.pro\/sv\/wp-json\/wp\/v2\/pages"}],"about":[{"href":"https:\/\/sitechecker.pro\/sv\/wp-json\/wp\/v2\/types\/page"}],"author":[{"embeddable":true,"href":"https:\/\/sitechecker.pro\/sv\/wp-json\/wp\/v2\/users\/10409641"}],"replies":[{"embeddable":true,"href":"https:\/\/sitechecker.pro\/sv\/wp-json\/wp\/v2\/comments?post=24950"}],"version-history":[{"count":68,"href":"https:\/\/sitechecker.pro\/sv\/wp-json\/wp\/v2\/pages\/24950\/revisions"}],"predecessor-version":[{"id":35749,"href":"https:\/\/sitechecker.pro\/sv\/wp-json\/wp\/v2\/pages\/24950\/revisions\/35749"}],"wp:attachment":[{"href":"https:\/\/sitechecker.pro\/sv\/wp-json\/wp\/v2\/media?parent=24950"}],"wp:term":[{"taxonomy":"category","embeddable":true,"href":"https:\/\/sitechecker.pro\/sv\/wp-json\/wp\/v2\/categories?post=24950"},{"taxonomy":"post_tag","embeddable":true,"href":"https:\/\/sitechecker.pro\/sv\/wp-json\/wp\/v2\/tags?post=24950"}],"curies":[{"name":"wp","href":"https:\/\/api.w.org\/{rel}","templated":true}]}}