{"id":16485,"date":"2023-11-24T14:16:16","date_gmt":"2023-11-24T14:16:16","guid":{"rendered":"https:\/\/sitechecker.pro\/?page_id=16485"},"modified":"2024-10-09T17:54:51","modified_gmt":"2024-10-09T17:54:51","slug":"h1-tag-requirements-writing-properly","status":"publish","type":"page","link":"https:\/\/sitechecker.pro\/sv\/h1-tag-requirements-writing-properly\/","title":{"rendered":"Vad \u00e4r H1-tagg och krav f\u00f6r att skriva den korrekt | Sitechecker"},"content":{"rendered":"<p><\/p>\n<h2><strong>Vad \u00e4r H1-taggen<\/strong><\/h2>\n<p>Varje webbsida har flera rubriker, men det \u00e4r den enda av dem som \u00e4r huvudrubrik datorn. Vi kan j\u00e4mf\u00f6ra den med bokens eller tidningens titel. Varje sida ska ha en H1-tagg. S\u00e5 vi kan best\u00e4mma H1 som en HTML-tag som betraktar en rubrik (titel) p\u00e5 en webbsida.<\/p>\n<h3><strong>Ett exempel p\u00e5 <span data-sheets-value=\"{&quot;1&quot;:2,&quot;2&quot;:&quot;html h1&quot;}\" data-sheets-userformat=\"{&quot;2&quot;:1063425,&quot;3&quot;:{&quot;1&quot;:0},&quot;12&quot;:0,&quot;14&quot;:{&quot;1&quot;:2,&quot;2&quot;:0},&quot;15&quot;:&quot;\\&quot;Helvetica Neue\\&quot;, Helvetica, Arial, sans-serif&quot;,&quot;16&quot;:11,&quot;23&quot;:2}\">html<\/span> H1-tagg och titeltagg i HTML<span data-sheets-value=\"{&quot;1&quot;:2,&quot;2&quot;:&quot;html header tag&quot;}\" data-sheets-userformat=\"{&quot;2&quot;:1063425,&quot;3&quot;:{&quot;1&quot;:0},&quot;12&quot;:0,&quot;14&quot;:{&quot;1&quot;:2,&quot;2&quot;:0},&quot;15&quot;:&quot;\\&quot;Helvetica Neue\\&quot;, Helvetica, Arial, sans-serif&quot;,&quot;16&quot;:11,&quot;23&quot;:2}\"> header tag<\/span><\/strong><\/h3>\n<div class=\"code\"><code>&lt;html&gt;<br \/>\n&lt;head&gt;<br \/>\n&lt;title&gt;What is H1 Tag &amp; How Important Is This For SEO?&lt;\/title&gt;<br \/>\n&lt;\/head&gt;<br \/>\n&lt;body&gt;<br \/>\n<span class=\"html-tag\">&lt;h1&gt;Explore an Importance of H1 <span data-sheets-value=\"{&quot;1&quot;:2,&quot;2&quot;:&quot;header tag&quot;}\" data-sheets-userformat=\"{&quot;2&quot;:1063425,&quot;3&quot;:{&quot;1&quot;:0},&quot;12&quot;:0,&quot;14&quot;:{&quot;1&quot;:2,&quot;2&quot;:0},&quot;15&quot;:&quot;\\&quot;Helvetica Neue\\&quot;, Helvetica, Arial, sans-serif&quot;,&quot;16&quot;:11,&quot;23&quot;:2}\">header <\/span>Tag and the Requirements of Its Writing<\/span><span class=\"html-tag\">&lt;\/h1&gt;<\/span><br \/>\n&lt;\/body&gt;<br \/>\n&lt;\/html&gt;<br \/>\n<\/code><\/div>\n<p>H1-taggar har en enorm inverkan p\u00e5 SEO. Eftersom det handlar om attraktionskraft f\u00f6r anv\u00e4ndaren \u00e4r s\u00f6kmotor boots noga uppm\u00e4rksamma p\u00e5 H1-taggen. Det hj\u00e4lper till att beskriva inneb\u00f6rden av webbsidan, ger anv\u00e4ndarna information om inneh\u00e5llet.<\/p>\n<h2><strong>Hur man kontrollerar H1-rubriktaggar<\/strong><\/h2>\n<p>Optimering av H1-taggen \u00e4r det f\u00f6rsta steget till framg\u00e5ng i SERP. Det \u00e4r d\u00e4rf\u00f6r du b\u00f6r kontrollera alla dina H1-taggar p\u00e5 varje webbsida och korrigera om det \u00e4r n\u00f6dv\u00e4ndigt.<br \/>\n    <div class=\"blog__conversion blog__conversion-app element__logged_out\">\n        <div class=\"blog__conversion-inner\">\n            <p class=\"title\">Uppt\u00e4ck fel i H1-taggen p\u00e5 din webbplats<\/p>\n            <p class=\"description\"><\/p>\n            <form id=\"audit__form\"\n                  class=\"article__seo-search audit__form \"\n                  action=\"\"\n                  method=\"POST\"\n                  autocomplete=\"off\">\n                <span class=\"error\"><\/span>\n                <div class=\"error__limits\">Something went wrong. Please, try again later.<\/div>\n                <input name=\"url\"\n                       type=\"text\"\n                       placeholder=\"Ange din dom\u00e4n h\u00e4r\">\n                                <button type=\"submit\"\n                        class=\"sitechecker__text\">\n                    <span>Starta revision<\/span>\n                    <img src=\"\/wp-content\/themes\/sitechecker\/out\/img_design\/loading.svg\"\n                         width=\"31\"\n                         height=\"30\"\n                         class=\"loading\">\n                <\/button>\n            <\/form>\n        <\/div>\n    <\/div>\n    <br \/>\nStarta en webbplats revision i formeln ovan f\u00f6r att uppt\u00e4cka problem med H1-rubrik m\u00e4rken. Om n\u00e5gra minuter kommer du att f\u00e5 en rapport och rekommendationer om \u201cHur man fixar det\u201d.<br \/>\n<div class=\"content__img-wrap\"><img src=\"https:\/\/sitechecker.pro\/wp-content\/uploads\/2017\/11\/website-audit.png\" alt=\"h1-misstag\" class=\"description-img description-img-zoom\" loading=\"lazy\" ><\/div><\/p>\n<h2><strong>Hur fungerar H1-kontrollen?<\/strong><\/h2>\n<p>Ange dom\u00e4nnamnet du planerar att verifiera. Efter n\u00e5gra sekunder kommer verktyget att ge dig ett svar om statusen f\u00f6r dina H1-taggar.<\/p>","protected":false},"excerpt":{"rendered":"Vad \u00e4r H1-taggen Varje webbsida har flera rubriker, men det \u00e4r den enda av dem som \u00e4r huvudrubrik datorn. Vi kan j\u00e4mf\u00f6ra den med bokens eller tidningens titel. Varje sida ska ha en H1-tagg. S\u00e5 vi kan best\u00e4mma H1 som en HTML-tag som betraktar en rubrik (titel) p\u00e5 en webbsida. Ett exempel p\u00e5 html H1-tagg&#8230;","protected":false},"author":11474150,"featured_media":3427,"parent":0,"menu_order":0,"comment_status":"closed","ping_status":"closed","template":"pages-templates\/pages-v2.php","meta":[],"categories":[27],"tags":[],"_links":{"self":[{"href":"https:\/\/sitechecker.pro\/sv\/wp-json\/wp\/v2\/pages\/16485"}],"collection":[{"href":"https:\/\/sitechecker.pro\/sv\/wp-json\/wp\/v2\/pages"}],"about":[{"href":"https:\/\/sitechecker.pro\/sv\/wp-json\/wp\/v2\/types\/page"}],"author":[{"embeddable":true,"href":"https:\/\/sitechecker.pro\/sv\/wp-json\/wp\/v2\/users\/11474150"}],"replies":[{"embeddable":true,"href":"https:\/\/sitechecker.pro\/sv\/wp-json\/wp\/v2\/comments?post=16485"}],"version-history":[{"count":10,"href":"https:\/\/sitechecker.pro\/sv\/wp-json\/wp\/v2\/pages\/16485\/revisions"}],"predecessor-version":[{"id":38192,"href":"https:\/\/sitechecker.pro\/sv\/wp-json\/wp\/v2\/pages\/16485\/revisions\/38192"}],"wp:featuredmedia":[{"embeddable":true,"href":"https:\/\/sitechecker.pro\/sv\/wp-json\/wp\/v2\/media\/3427"}],"wp:attachment":[{"href":"https:\/\/sitechecker.pro\/sv\/wp-json\/wp\/v2\/media?parent=16485"}],"wp:term":[{"taxonomy":"category","embeddable":true,"href":"https:\/\/sitechecker.pro\/sv\/wp-json\/wp\/v2\/categories?post=16485"},{"taxonomy":"post_tag","embeddable":true,"href":"https:\/\/sitechecker.pro\/sv\/wp-json\/wp\/v2\/tags?post=16485"}],"curies":[{"name":"wp","href":"https:\/\/api.w.org\/{rel}","templated":true}]}}