{"id":956,"date":"2023-10-19T06:12:31","date_gmt":"2023-10-19T06:12:31","guid":{"rendered":"https:\/\/sitechecker.pro\/?page_id=956"},"modified":"2026-02-19T14:33:09","modified_gmt":"2026-02-19T14:33:09","slug":"pagination","status":"publish","type":"page","link":"https:\/\/sitechecker.pro\/pt\/pagination\/","title":{"rendered":"Pagina\u00e7\u00e3o: O Que \u00e9 e Como Implement\u00e1-la Corretamente de 4 Maneiras"},"content":{"rendered":"<p><\/p>\n<h2 id=\"whatisit\">O que \u00e9 Pagina\u00e7\u00e3o?<\/h2>\n<p>&nbsp;<\/p>\n<p><strong>Pagina\u00e7\u00e3o<\/strong> \u00e9 uma numera\u00e7\u00e3o ordinal das p\u00e1ginas, que geralmente est\u00e1 localizada na parte superior ou inferior das p\u00e1ginas de um site.<\/p>\n<p>Na maioria dos casos \u00e9 usada nas p\u00e1ginas principais e parti\u00e7\u00f5es. Muitas vezes ir\u00e1 aparecer como est\u00e1 descrito nesse texto.<\/p>\n<p>&nbsp;<\/p>\n<div class=\"content__img-wrap\"><img src=\"https:\/\/sitechecker.pro\/wp-content\/uploads\/2017\/12\/prevnext-implementing-of-pagination-on-Ahrefs-blog.png\" alt=\"Pprevnext implementing of pagination on Ahrefs blog\" class=\"description-img description-img-zoom\" loading=\"lazy\" ><\/div>\n<p>&nbsp;<\/p>\n<p>Vamos ver alguns dos problemas potenciais que podem ocorrer quando voc\u00ea usa a pagina\u00e7\u00e3o, ou quando n\u00e3o presta aten\u00e7\u00e3o a determinadas quest\u00f5es.<\/p>\n<p>&nbsp;<\/p>\n<h3>Limite as visitas dos mecanismos de buscas ao seu site<\/h3>\n<p>Quando os mecanismos de busca rastreiam seu site, a profundidade e n\u00famero de p\u00e1ginas que eles visitam varia, dependendo da confian\u00e7a do site, da taxa de atualiza\u00e7\u00e3o de conte\u00fado, etc. E, se voc\u00ea tiver um grande n\u00famero de p\u00e1ginas com pagina\u00e7\u00e3o, a probabilidade de que os mecanismos passem em todas as p\u00e1ginas de pagina\u00e7\u00e3o e indexem todas as p\u00e1ginas finais (bens\/artigos) reduzir\u00e3o signitivamente. Al\u00e9m disso, o limite ser\u00e1 gasto em visitar p\u00e1ginas de pagina\u00e7\u00e3o e n\u00e3o em visitar p\u00e1ginas realmente importantes para o site.<\/p>\n<p>&nbsp;<\/p>\n<h3>Problemas com duplicatas<\/h3>\n<p>Dependendo da estrutura das suas p\u00e1ginas de pagina\u00e7\u00e3o, \u00e9 prov\u00e1vel que algumas p\u00e1ginas tenham um conte\u00fado similar ou id\u00eantico. Al\u00e9m disso, voc\u00ea frequentemente descobrir\u00e1 que tem as mesmas tags de t\u00edtulo e <a href=\"https:\/\/sitechecker.pro\/pt\/meta-tag-description\/\">Meta descri\u00e7\u00e3o<\/a> em seu site. Nesse caso, o conte\u00fado duplicado, pode causar dificuldades para o mecanismo de pesquisa na hora de determinar p\u00e1ginas relevantes para uma consulta de pesquisa espec\u00edfica.<\/p>\n<p>Especialistas em SEO j\u00e1 desenvolveram 4 maneiras de resolver este problema.<\/p>\n    <div class=\"blog__conversion blog__conversion-app element__logged_out\">\n        <div class=\"blog__conversion-inner\">\n            <p class=\"title\">Verifique o site para conte\u00fado duplicado<\/p>\n            <p class=\"description\">Inicie a auditoria para detectar p\u00e1ginas com conte\u00fado duplicado e prejudicar o desempenho de SEO do seu site<\/p>\n            <form id=\"audit__form\"\n                  class=\"article__seo-search audit__form Inicie a auditoria para detectar p\u00e1ginas com conte\u00fado duplicado e prejudicar o desempenho de SEO do seu site\"\n                  action=\"\"\n                  method=\"POST\"\n                  autocomplete=\"off\">\n                <span class=\"error\"><\/span>\n                <div class=\"error__limits\">Something went wrong. Please, try again later.<\/div>\n                <input name=\"url\"\n                       type=\"text\"\n                       placeholder=\"Digite seu dom\u00ednio\">\n                                <button type=\"submit\"\n                        class=\"sitechecker__text\">\n                    <span>Come\u00e7ar<\/span>\n                    <img src=\"\/wp-content\/themes\/sitechecker\/out\/img_design\/loading.svg\"\n                         width=\"31\"\n                         height=\"30\"\n                         class=\"loading\">\n                <\/button>\n            <\/form>\n        <\/div>\n    <\/div>\n    \n<h2 id=\"solution1\">Solu\u00e7\u00e3o 1. Excluindo a Pagina\u00e7\u00e3o de uma P\u00e1gina de um \u00cdndice com a Ajuda de Noindex<\/h2>\n<p>&nbsp;<\/p>\n<p>Na maioria dos casos, esse m\u00e9todo \u00e9 uma prioridade que pode ser implementado rapidamente. O ponto principal \u00e9 a exclus\u00e3o de todas as p\u00e1ginas de pagina\u00e7\u00e3o do \u00edndice exceto a primeira.<\/p>\n<p>Ele \u00e9 implementado da seguinte maneira:<\/p>\n<p>A metatag<\/p>\n<div class=\"code\"><code>&lt;meta name=\"robots\" content=\"noindex, follow\" \/&gt;<\/code><\/div>\n<p>\u00e9 adicionada \u00e0 se\u00e7\u00e3o HEAD em todas, exceto na primeira p\u00e1gina. Assim, exclu\u00edmos toda p\u00e1gina de pagina\u00e7\u00e3o do \u00edndice, exceto a p\u00e1gina principal do cat\u00e1logo e, ao mesmo tempo, asseguramos a indexa\u00e7\u00e3o de todos os produtos\/p\u00e1ginas que pertencem a este cat\u00e1logo. Preste aten\u00e7\u00e3o a tais detalhes:<\/p>\n<ul>\n<li>\u00a0Se voc\u00ea colocar o texto descritivo da p\u00e1gina principal do cat\u00e1logo, ainda ser\u00e1 desej\u00e1vel coloc\u00e1-lo apenas na primeira p\u00e1gina.<\/li>\n<li>Voc\u00ea deve verificar se o <a href=\"https:\/\/sitechecker.pro\/pt\/what-is-url\/\">URL<\/a> da primeira p\u00e1gina n\u00e3o est\u00e1 duplicado. Por exemplo, quando a pagina\u00e7\u00e3o \u00e9 implementada dessa forma:<\/li>\n<\/ul>\n<p><em>site.com\/catalog?page=2<\/em><\/p>\n<p><em>site.com\/catalog?page=3<\/em><\/p>\n<p><em>\u2026<\/em><\/p>\n<p><em>site.com\/catalog?page=N<\/em><\/p>\n<p>Voc\u00ea deve adicionar um link para a primeira p\u00e1gina caso voc\u00ea n\u00e3o esteja na primeira p\u00e1gina.<\/p>\n<p><em>site.com\/catalog<\/em><\/p>\n<p><em>e desta p\u00e1gina<\/em><\/p>\n<p><em>site.com\/catalog?page=1<\/em><\/p>\n<p>O <a href=\"https:\/\/sitechecker.pro\/pt\/301-redirect\/\">redirecionamento 301<\/a> para o site.com\/catalog deve ser configurado.<\/p>\n<p>&nbsp;<\/p>\n<p><strong>Pr\u00f3s<\/strong><\/p>\n<ul>\n<li>Adequado para Yandex<\/li>\n<li>\u00c9 uma solu\u00e7\u00e3o menos complicada<\/li>\n<li>\u00c9 uma \u00f3tima maneira de excluir todas as p\u00e1ginas de pagina\u00e7\u00e3o do \u00edndice, se n\u00e3o houver uma raz\u00e3o l\u00f3gica para inclu\u00ed-las no \u00edndice.<\/li>\n<\/ul>\n<p>&nbsp;<\/p>\n<p><strong>Contras<\/strong><\/p>\n<ul>\n<li>Embora resolva o problema potencial de pagina\u00e7\u00e3o, ao mesmo tempo, exclu\u00edmos o conte\u00fado paginal do \u00edndice;<\/li>\n<li>Se houver muitos produtos, e se voc\u00ea n\u00e3o usar o <a href=\"https:\/\/sitechecker.pro\/pt\/xml-sitemap\/\">sitemap XML<\/a>, os produtos que estiverem localizados profundamente no diret\u00f3rio ser\u00e3o indexados por um longo per\u00edodo<\/li>\n<\/ul>\n<p>&nbsp;<\/p>\n<h2 id=\"solution2\">Solu\u00e7\u00e3o 2. \u201cView all\u201d e rel=&#8221;canonical&#8221;<\/h2>\n<p>&nbsp;<\/p>\n<p>Esse m\u00e9todo requer o uso do Google para criar uma p\u00e1gina separada \u201cVisualizar Tudo\u201d, onde todos os produtos \/ p\u00e1ginas deste cat\u00e1logo s\u00e3o exibidos e, em todas as p\u00e1ginas da pagina\u00e7\u00e3o, colocamos <a href=\"https:\/\/sitechecker.pro\/pt\/canonical-url\/\">rel=&#8221;canonical&#8221;<\/a>\u00a0na p\u00e1gina \u201cVisualizar Tudo\u201d.<\/p>\n<p>Implementa\u00e7\u00e3o deste m\u00e9todo: depois de ter criado a p\u00e1gina \u201cVisualizar Tudo\u201d (por exemplo: site.com\/catalog\/view-all.html), ent\u00e3o em todas as p\u00e1ginas de pagina\u00e7\u00e3o voc\u00ea precisa colocar o seguinte HEAD:<\/p>\n<p>&nbsp;<\/p>\n<div class=\"code\"><code>&lt;link rel=\"canonical\" href=\"http:\/\/site.com\/catalog\/view-all.html\" \/&gt;<\/code><\/div>\n<p>&nbsp;<\/p>\n<p>Assim, mostramos aos mecanismos de pesquisa que cada p\u00e1gina de pagina\u00e7\u00e3o faz parte da p\u00e1gina \u201cVisualizar Tudo\u201d por assim dizer. O Google alega que:<\/p>\n<ul>\n<li>\u00a0Este \u00e9 o m\u00e9todo preferido deles<\/li>\n<li>Os usu\u00e1rios tendem a ver toda categoria em uma p\u00e1gina de uma s\u00f3 vez (embora esse ponto seja bastante controverso e depende da situa\u00e7\u00e3o).<\/li>\n<\/ul>\n<p>&nbsp;<\/p>\n<p><strong>Detalhes<\/strong><\/p>\n<p>A p\u00e1gina \u201cVisualizar tudo\u201d deve ser carregada rapidamente de prefer\u00eancia dentro de 1-3 segundos. Portanto, esse m\u00e9todo \u00e9 ideal para uma categoria que tenha um n\u00famero de p\u00e1ginas com pagina\u00e7\u00e3o que varie de 5 a 20 e n\u00e3o \u00e9 adequado para diret\u00f3rios com centenas de p\u00e1ginas.<\/p>\n<p>&nbsp;<\/p>\n<p><strong>Pr\u00f3s<\/strong><\/p>\n<ul>\n<li>\u00a0M\u00e9todo de prioridade para o Google<\/li>\n<li>Todo conte\u00fado de pagina\u00e7\u00e3o ser\u00e1 localizado no \u00edndice da p\u00e1gina de busca atrav\u00e9s da p\u00e1gina \u201cVisualizar Tudo\u201d.<\/li>\n<\/ul>\n<p>&nbsp;<\/p>\n<p><strong>Contras<\/strong><\/p>\n<p>N\u00e3o \u00e9 adequado se houver muitas p\u00e1ginas ou muitas imagens de qualidade para produtos\/artigos.<\/p>\n<p>Em vez disso, uma implementa\u00e7\u00e3o complexa na maioria do CMS Padr\u00e3o.<\/p>\n<p>&nbsp;<\/p>\n<h2 id=\"solution3\">Solu\u00e7\u00e3o 3. Rel=&#8221;prev&#8221;\/&#8221;next&#8221;<\/h2>\n<p>&nbsp;<\/p>\n<p>Nossa \u00faltima op\u00e7\u00e3o para resolver o problema da pagina\u00e7\u00e3o pode ser a mais confusa, mas talvez esse seja o m\u00e9todo mais universal do Google (o Yandex n\u00e3o leva em conta essas diretivas). Como a implementa\u00e7\u00e3o \u00e9 bastante complicada, voc\u00ea deve ter muito cuidado ao aplicar esse m\u00e9todo. Vamos ver como isso funciona.<\/p>\n<p>Por exemplo, voc\u00ea tem 4 p\u00e1ginas no diret\u00f3rio. Usando rel=&#8221;prev&#8221;\/&#8221;next&#8221; voc\u00ea cria uma cadeia entre todas as p\u00e1ginas nesse diret\u00f3rio. Est\u00e1 cadeia come\u00e7a na primeira p\u00e1gina: para isso voc\u00ea adiciona na se\u00e7\u00e3o HEAD:<\/p>\n<p>&nbsp;<\/p>\n<div class=\"code\"><code>&lt;link rel=\"next\" href=\"http:\/\/site.com\/page2.html\"&gt;<\/code><\/div>\n<p>Para a primeira p\u00e1gina, esse \u00e9 o \u00fanico atributo. Para a segunda p\u00e1gina voc\u00ea deve especificar a p\u00e1gina anterior e a seguinte:<\/p>\n<p>&nbsp;<\/p>\n<div class=\"code\"><code>&lt;link rel=\"prev\" href=\"http:\/\/site.com\/page1.html\"&gt;<br \/>\n&lt;link rel=\"next\" href=\"http:\/\/site.com\/page3.html\"&gt;<\/code><\/div>\n<p>Para a terceira p\u00e1gina fazemos o mesmo que para a segunda:<\/p>\n<p>&nbsp;<\/p>\n<div class=\"code\"><code>&lt;link rel=\"prev\" href=\"http:\/\/site.com\/page2.html\"&gt;<br \/>\n&lt;link rel=\"next\" href=\"http:\/\/site.com\/page4.html\"&gt;<\/code><\/div>\n<p>Quando estamos na quarta e \u00faltima p\u00e1gina, devemos especificar apenas a p\u00e1gina anterior da cadeia.<\/p>\n<p>&nbsp;<\/p>\n<div class=\"code\"><code>&lt;link rel=\"prev\" href=\"http:\/\/site.com\/page3.html\"&gt;<\/code><\/div>\n<p>Usando esses atributos rel=&#8221;prev&#8221;\/&#8221;next&#8221;, o Google mescla os dados da p\u00e1gina em um \u00fanico elemento no \u00edndice. Normalmente, para os usu\u00e1rios, essa ser\u00e1 a primeira p\u00e1gina, j\u00e1 que geralmente \u00e9 a p\u00e1gina mais relevante.<\/p>\n<p>&nbsp;<\/p>\n<h3>Detalhes<\/h3>\n<ul>\n<li>\u00a0rel=&#8221;prev&#8221; e rel=&#8221;next&#8221; s\u00e3o para atributos auxiliares do Google, n\u00e3o diretivas;<\/li>\n<li>Os URL relativos e absolutos podem ser usados como valores (de acordo com os valores v\u00e1lidos da tag);<\/li>\n<li>Se voc\u00ea especificar uma refer\u00eancia no documento, os caminhos relativos ser\u00e3o determinados a partir do URL base;<\/li>\n<li>Se o Google detectar erros na sua marca\u00e7\u00e3o (por exemplo, se o valor esperado do atributo rel=&#8221;prev&#8221; ou rel=&#8221;next&#8221; estiver ausente), a indexa\u00e7\u00e3o de p\u00e1gina adicional e o reconhecimento do conte\u00fado ser\u00e3o realizados com base no algoritmo heur\u00edstico do Google;<\/li>\n<li>Deve ser verificado se o URL da primeira p\u00e1gina n\u00e3o est\u00e1 duplicado.<\/li>\n<\/ul>\n<p>&nbsp;<\/p>\n<h3><strong>Pr\u00f3s<\/strong><\/h3>\n<ul>\n<li>\u00a0Este m\u00e9todo permite resolver o problema da pagina\u00e7\u00e3o sem usar \u201cVisualizar Tudo\u201d.<\/li>\n<li>A implementa\u00e7\u00e3o ocorre apenas com pequenas altera\u00e7\u00f5es no HTML.<\/li>\n<\/ul>\n<p>&nbsp;<\/p>\n<h3>Contras<\/h3>\n<ul>\n<li>\u00a0Esses atributos n\u00e3o s\u00e3o considerados pelo Yandex;<\/li>\n<li>A implementa\u00e7\u00e3o pode ser bastante complexa;<\/li>\n<li>A inser\u00e7\u00e3o de links na cadeia de p\u00e1ginas deve ser feita com muito cuidado.<\/li>\n<\/ul>\n<p>&nbsp;<\/p>\n<h2 id=\"solution4\">Solu\u00e7\u00e3o 4. Rolagem AJAX e Javascript<\/h2>\n<p>&nbsp;<\/p>\n<p>Voc\u00ea pode recorrentemente se deparar com a intermin\u00e1vel rolagem em sites de com\u00e9rcio eletr\u00f4nico, onde os produtos s\u00e3o constantemente baixados ao rolar para parte inferior da tela. Embora essa seja uma \u00f3tima oportunidade para melhorar a usabilidade, esse m\u00e9todo deve ser usado corretamente. \u00c9 desej\u00e1vel que os produtos n\u00e3o sejam carregados automaticamente durante a rolagem. Em vez disso, adicione um bot\u00e3o \u201cMostrar mais Itens\u201d nos produtos mais recentes. Uma boa implementa\u00e7\u00e3o deste m\u00e9todo voc\u00ea pode ver no wikimart.ru nos campos finais do diret\u00f3rio.<\/p>\n<p>&nbsp;<\/p>\n<h3>Uso apropriado dos par\u00e2metro<\/h3>\n<p>Quando voc\u00ea usa os atributos rel=&#8221;prev&#8221;\/&#8221;next&#8221;, as p\u00e1ginas com pagina\u00e7\u00e3o podem conter par\u00e2metros que n\u00e3o alteram o conte\u00fado:<\/p>\n<ul>\n<li>\u00a0Vari\u00e1veis de sess\u00e3o<\/li>\n<li>Gradua\u00e7\u00e3o<\/li>\n<li>Alterar o n\u00famero de itens por p\u00e1gina.<\/li>\n<\/ul>\n<p>Nesse caso, recebemos um conte\u00fado duplicado. Para resolver o problema, voc\u00ea pode usar a combina\u00e7\u00e3o rel=&#8221;prev&#8221;\/&#8221;next&#8221; e rel=&#8221;canonical&#8221;.<\/p>\n<p>Para fazer isso, em primeiro lugar, voc\u00ea precisa garantir que todas as p\u00e1ginas de pagina\u00e7\u00e3o com rel=&#8221;prev&#8221;\/&#8221;next&#8221; usem o mesmo par\u00e2metro. Em segundo lugar, para cada URL com par\u00e2metro \u00e9 necess\u00e1rio registrar sua p\u00e1gina can\u00f4nica sem esse par\u00e2metro.<\/p>\n<p>&nbsp;<\/p>\n<h3>Uso adequado dos filtros e rel=&#8221;prev&#8221;\/&#8221;next&#8221;<\/h3>\n<p>Agora, vamos analisar um exemplo em que usamos os par\u00e2metros pelos quais podemos\/queremos dar conte\u00fado exclusivo, e \u00e9 importante mantermos as p\u00e1ginas filtradas do \u00edndice. Por exemplo, temos uma categoria como t\u00eanis e queremos criar p\u00e1ginas de destino para pesquisas de entregas de diferentes marcas, usando par\u00e2metros no URL.<\/p>\n<p>&nbsp;<\/p>\n<h3>Nesse caso<\/h3>\n<ul>\n<li>\u00a0Voc\u00ea n\u00e3o precisa usar o rel=&#8221;canonical&#8221; na categoria principal, pois o conte\u00fado \u00e9 exclusivo;<\/li>\n<li>Criar para cada marca suas cadeias exclusivas com base no atributo rel=&#8221;prev&#8221;\/&#8221;next&#8221;;<\/li>\n<li>Escreva um t\u00edtulo \u00fanico e relevante, descri\u00e7\u00e3o e texto para a descri\u00e7\u00e3o da categoria para cada filtro.<\/li>\n<\/ul>\n<p>&nbsp;<\/p>\n<h2>Conclus\u00e3o<\/h2>\n<p>&nbsp;<\/p>\n<p>Para concluir, aqui est\u00e3o nossas recomenda\u00e7\u00f5es para resolver o problema com a pagina\u00e7\u00e3o:<\/p>\n<ul>\n<li>\u00a0Se voc\u00ea tiver a capacidade t\u00e9cnica de criar a p\u00e1gina \u201cVisualizar Todos\u201d, (essas p\u00e1ginas carregam rapidamente e n\u00e3o s\u00e3o muito grandes), ent\u00e3o voc\u00ea poder\u00e1 usar essa op\u00e7\u00e3o, pois o Google recomenda isso, e a Yandex compreende a diretiva rel = &#8220;canonical&#8221;;<\/li>\n<li>Mas provavelmente na maioria dos casos a melhor op\u00e7\u00e3o \u00e9 associar o uso do atributo rel=&#8221;p\u00e1gina seguinte \/ p\u00e1gina anterior&#8221; (o Google aceita o comando) e a <a href=\"https:\/\/sitechecker.pro\/pt\/meta-tags\/\">metatag<\/a> robots=&#8221;noindex, follow&#8221; (Yandex e Google aceitam o comando).<\/li>\n<\/ul>\n<p><\/p>","protected":false},"excerpt":{"rendered":"O que \u00e9 Pagina\u00e7\u00e3o? &nbsp; Pagina\u00e7\u00e3o \u00e9 uma numera\u00e7\u00e3o ordinal das p\u00e1ginas, que geralmente est\u00e1 localizada na parte superior ou inferior das p\u00e1ginas de um site. Na maioria dos casos \u00e9 usada nas p\u00e1ginas principais e parti\u00e7\u00f5es. Muitas vezes ir\u00e1 aparecer como est\u00e1 descrito nesse texto. &nbsp; &nbsp; Vamos ver alguns dos problemas potenciais que&#8230;","protected":false},"author":11474150,"featured_media":3354,"parent":0,"menu_order":0,"comment_status":"closed","ping_status":"closed","template":"pages-templates\/pages-v2.php","meta":[],"categories":[28],"tags":[],"_links":{"self":[{"href":"https:\/\/sitechecker.pro\/pt\/wp-json\/wp\/v2\/pages\/956"}],"collection":[{"href":"https:\/\/sitechecker.pro\/pt\/wp-json\/wp\/v2\/pages"}],"about":[{"href":"https:\/\/sitechecker.pro\/pt\/wp-json\/wp\/v2\/types\/page"}],"author":[{"embeddable":true,"href":"https:\/\/sitechecker.pro\/pt\/wp-json\/wp\/v2\/users\/11474150"}],"replies":[{"embeddable":true,"href":"https:\/\/sitechecker.pro\/pt\/wp-json\/wp\/v2\/comments?post=956"}],"version-history":[{"count":98,"href":"https:\/\/sitechecker.pro\/pt\/wp-json\/wp\/v2\/pages\/956\/revisions"}],"predecessor-version":[{"id":39352,"href":"https:\/\/sitechecker.pro\/pt\/wp-json\/wp\/v2\/pages\/956\/revisions\/39352"}],"wp:featuredmedia":[{"embeddable":true,"href":"https:\/\/sitechecker.pro\/pt\/wp-json\/wp\/v2\/media\/3354"}],"wp:attachment":[{"href":"https:\/\/sitechecker.pro\/pt\/wp-json\/wp\/v2\/media?parent=956"}],"wp:term":[{"taxonomy":"category","embeddable":true,"href":"https:\/\/sitechecker.pro\/pt\/wp-json\/wp\/v2\/categories?post=956"},{"taxonomy":"post_tag","embeddable":true,"href":"https:\/\/sitechecker.pro\/pt\/wp-json\/wp\/v2\/tags?post=956"}],"curies":[{"name":"wp","href":"https:\/\/api.w.org\/{rel}","templated":true}]}}