{"id":937,"date":"2017-12-21T12:50:00","date_gmt":"2017-12-21T12:50:00","guid":{"rendered":"https:\/\/sitechecker.pro\/?page_id=937"},"modified":"2026-02-13T16:47:41","modified_gmt":"2026-02-13T16:47:41","slug":"internal-links","status":"publish","type":"page","link":"https:\/\/sitechecker.pro\/pt\/internal-links\/","title":{"rendered":"Encontrar liga\u00e7\u00f5es internas para uma p\u00e1gina ou s\u00edtio Web | Sitechecker \u2611"},"content":{"rendered":"<p><\/p>\n<h2 id=\"par1\">O que \u00e9 o Verificador de Liga\u00e7\u00e3o Interna?<\/h2>\n<p>Esta ferramenta essencial ajuda a otimizar a distribui\u00e7\u00e3o de link juice, a criar estruturas de links internos e a identificar e resolver problemas de refer\u00eancias. Simplifica a obten\u00e7\u00e3o de dados para um URL espec\u00edfico ou um website inteiro, ao mesmo tempo que rastreia, monitoriza altera\u00e7\u00f5es e deteta erros de forma autom\u00e1tica e consistente.<\/p>\n<h3>Principais caracter\u00edsticas do localizador de liga\u00e7\u00f5es internas<\/h3>\n<p>O que pode esta ferramenta fazer?<\/p>\n<ul>\n<li><strong>Recolher dados abrangentes<\/strong> para cada URL do seu website, incluindo c\u00f3digos de estado, estado dofollow\/nofollow e <a href=\"https:\/\/sitechecker.pro\/anchor-text-checker\/\" target=\"_blank\" rel=\"noopener noreferrer\">texto \u00e2ncora<\/a>.<\/li>\n<li><strong>Os backlinks internos e os dados \u00e2ncora<\/strong> est\u00e3o dispon\u00edveis, permitindo obter as refer\u00eancias internas para um URL espec\u00edfico e a lista completa de backlinks internos para esse URL, juntamente com o texto \u00e2ncora apresentado num formato de percentagem.<\/li>\n<li><strong>Detetar erros de liga\u00e7\u00e3o<\/strong>, gerar uma lista completa de URLs problem\u00e1ticos e fornecer instru\u00e7\u00f5es detalhadas para resolver problemas.<\/li>\n<li>Acompanhe e monitorize continuamente as altera\u00e7\u00f5es com cobertura 24 horas por dia, 7 dias por semana<\/strong>, incluindo <a href=\"https:\/\/sitechecker.pro\/backlinks-checker\/\" target=\"_blank\" rel=\"noopener noreferrer\">rastreio de backlinks<\/a> e manuten\u00e7\u00e3o de um hist\u00f3rico completo de altera\u00e7\u00f5es e erros.<\/li>\n<li>A nossa abrangente <a href=\"https:\/\/sitechecker.pro\/\" target=\"_blank\" rel=\"noopener noreferrer\">plataforma de SEO<\/a> oferece mais do que an\u00e1lise de links internos, incluindo uma auditoria completa de SEO (na p\u00e1gina e fora da p\u00e1gina), rastreio de classifica\u00e7\u00f5es, monitoriza\u00e7\u00e3o de websites e muito mais.<\/li>\n<\/ul>\n<h2 id=\"par2\">Import\u00e2ncia da An\u00e1lise de Refer\u00eancias Internas<\/h2>\n<p>O nosso analisador ajuda a redistribuir o peso SEO do seu website entre p\u00e1ginas importantes, permitindo que o Google indexe as p\u00e1ginas mais rapidamente. Melhore as taxas de convers\u00e3o do seu website, aumente o envolvimento dos utilizadores e melhore a navega\u00e7\u00e3o do website. Consulte a p\u00e1gina wiki de links internos para uma compreens\u00e3o mais profunda, bem como os erros comuns e as melhores pr\u00e1ticas.<\/p>\n<h2 id=\"par3\">Como utilizar o Analisador de Links Internos de Sites?<\/h2>\n<p>O verificador de refer\u00eancias internas \u00e9 uma das ferramentas que qualquer pessoa pode utilizar. N\u00e3o \u00e9 necess\u00e1rio instalar software adicional para uma auditoria de links &#8211; pode fazer tudo com a ferramenta Sitechecker. Aqui est\u00e3o dois passos b\u00e1sicos que precisa de seguir para obter os resultados. Introduza o endere\u00e7o URL no campo de entrada e utilize o seletor para verificar todo o site ou uma p\u00e1gina espec\u00edfica.<br \/>\n<div class=\"content__img-wrap\"><img src=\"https:\/\/sitechecker.pro\/wp-content\/uploads\/2024\/08\/Selector-1-min.png\" alt=\"In\u00edcio do verificador de links internos\" class=\"description-img description-img-zoom\" loading=\"lazy\" ><\/div><\/p>\n<h2>Verifica\u00e7\u00e3o de dom\u00ednio<\/h2>\n<h3>Passo 1: Introduza o URL do seu dom\u00ednio e clique no bot\u00e3o &#8220;Iniciar auditoria&#8221;<\/h3>\n<div class=\"content__img-wrap\"><img src=\"https:\/\/sitechecker.pro\/wp-content\/uploads\/2024\/08\/2-site-check-min.png\" alt=\"Links internos Verifica\u00e7\u00e3o de dom\u00ednio\" class=\"description-img description-img-zoom\" loading=\"lazy\" ><\/div>\n<div class=\"important-block\">Nota: para receber resultados e acesso \u00e0s funcionalidades do Sitechecker durante 14 dias, inicie o seu teste GRATUITO. A inscri\u00e7\u00e3o \u00e9 f\u00e1cil com o seu e-mail, conta Google ou Facebook. N\u00c3O \u00e9 necess\u00e1rio cart\u00e3o de cr\u00e9dito.<\/div>\n<h3>Passo 2: Obtenha os resultados<\/h3>\n<p>Receber\u00e1 uma lista abrangente de links internos para o URL que analisou. Esta lista incluir\u00e1 o URL de refer\u00eancia, o c\u00f3digo de estado, as informa\u00e7\u00f5es do link dofollow e o texto \u00e2ncora.<\/p>\n<div class=\"content__img-wrap\"><img src=\"https:\/\/sitechecker.pro\/wp-content\/uploads\/2023\/05\/internal-links-info.png\" alt=\"Informa\u00e7\u00f5es de links internos\" class=\"description-img description-img-zoom\" loading=\"lazy\" ><\/div>\n<p>Al\u00e9m disso, pode filtrar os dados com base nos par\u00e2metros dispon\u00edveis ou pesquisar por um URL espec\u00edfico, caso tenha interesse em algum em particular. Por exemplo, pode selecionar visualizar <a href=\"https:\/\/sitechecker.pro\/website-link-counter\/\"> todos os links<\/a> que est\u00e3o quebrados e t\u00eam erros de servidor 404 (podem prejudicar a sua liga\u00e7\u00e3o) ou encontrar refer\u00eancias com redireccionamento 301 e alterar para o URL final para o qual est\u00e1 a redireccionar.<\/p>\n<div class=\"content__img-wrap\"><img src=\"https:\/\/sitechecker.pro\/wp-content\/uploads\/2023\/05\/internal-links-filter.png\" alt=\"Filtro de links internos\" class=\"description-img description-img-zoom\" loading=\"lazy\" ><\/div>\n<h2 id=\"par4\">Caracter\u00edsticas adicionais do verificador de refer\u00eancias internas<\/h2>\n<h3>Dados de backlinks internos<\/h3>\n<p>O acesso aos dados de auditoria de links internos oferece uma \u00f3tima oportunidade para analisar e refinar a sua estrat\u00e9gia de links internos. Considere explorar as sec\u00e7\u00f5es Backlinks internos e \u00c2ncoras de backlinks internos para maior clareza e mais insights.<\/p>\n<p>Estas duas categorias adicionais dentro da auditoria na p\u00e1gina permitem descobrir as refer\u00eancias de um URL espec\u00edfico e os backlinks internos para esse URL de outras p\u00e1ginas internas. Al\u00e9m disso, pode rever a distribui\u00e7\u00e3o percentual de cada texto \u00e2ncora utilizado nos backlinks internos. Se estiver a realizar uma auditoria completa de liga\u00e7\u00f5es, tamb\u00e9m pode utilizar o <a href=\"https:\/\/sitechecker.pro\/external-links\/\" target=\"_blank\" rel=\"noopener noreferrer\">verificador de liga\u00e7\u00f5es externas de sa\u00edda<\/a>.<\/p>\n<p>[url da imagem=&#8221;https:\/\/sitechecker.pro\/wp-content\/uploads\/2023\/05\/internal-backlinks.png&#8221; alt=&#8221;Backlinks internos&#8221;]<\/p>\n<div class=\"content__img-wrap\"><img src=\"https:\/\/sitechecker.pro\/wp-content\/uploads\/2023\/05\/internal-backlinks-anchors.png\" alt=\"\u00c2ncoras de backlinks internos\" class=\"description-img description-img-zoom\" loading=\"lazy\" ><\/div>\n<h3>Encontrar problemas de links internos para o site do sal\u00e3o<\/h3>\n<p>Ao examinar um URL espec\u00edfico, o nosso <a href=\"https:\/\/sitechecker.pro\/on-page-seo-checker\/\" target=\"_blank\" rel=\"noopener noreferrer\">verificador SEO<\/a> realiza uma auditoria abrangente de todo o seu website. Para aceder \u00e0 lista completa de problemas que surgiram, basta visitar a p\u00e1gina de auditoria do site na aplica\u00e7\u00e3o. Por exemplo, na categoria &#8220;Links&#8221;, pode identificar problemas de refer\u00eancia interna para o seu website e descobrir os URLs afetados. Todos os problemas s\u00e3o priorizados para o ajudar a perceber qual abordar primeiro. Al\u00e9m disso, fornecemos instru\u00e7\u00f5es detalhadas sobre como resolv\u00ea-los.<\/p>\n<div class=\"content__img-wrap\"><img src=\"https:\/\/sitechecker.pro\/wp-content\/uploads\/2023\/05\/internal-links-issues.png\" alt=\"Problemas com links internos\" class=\"description-img description-img-zoom\" loading=\"lazy\" ><\/div>\n<div class=\"content__img-wrap\"><img src=\"https:\/\/sitechecker.pro\/wp-content\/uploads\/2023\/05\/internal-links-3xx-pages.png\" alt=\"Links internos para p\u00e1ginas 3xx\" class=\"description-img description-img-zoom\" loading=\"lazy\" ><\/div>\n<p>\u00c9 propriet\u00e1rio de um website e precisa de enviar dados sobre problemas ao seu especialista em SEO? Ou talvez um profissional de SEO que queira partilhar problemas com colegas, enviar um relat\u00f3rio a um cliente ou criar uma tarefa t\u00e9cnica para uma equipa de desenvolvimento? Assim, a nossa equipa est\u00e1 aqui para atend\u00ea-lo. Oferecemos um sistema de relat\u00f3rios e partilha altamente flex\u00edvel, adaptado \u00e0s suas necessidades. Esta plataforma permite gerar e descarregar relat\u00f3rios, listas de problemas ou listas de refer\u00eancias espec\u00edficas de URLs, entre outras op\u00e7\u00f5es. Pode at\u00e9 <a href=\"https:\/\/sitechecker.pro\/dofollow-link-checker\/\"> testar links dofollow<\/a> directamente atrav\u00e9s do nosso sistema para garantir que est\u00e3o a funcionar correctamente e a transmitir valor de SEO, tornando o processo de reporting mais eficiente e acion\u00e1vel.<\/p>\n<div class=\"content__img-wrap\"><img src=\"https:\/\/sitechecker.pro\/wp-content\/uploads\/2023\/05\/data-export.png\" alt=\"Exporta\u00e7\u00e3o de dados\" class=\"description-img description-img-zoom\" loading=\"lazy\" ><\/div>\n<h2 id=\"par5\">\n<h2>Verificar p\u00e1gina<\/h2>\n<h3>Passo 1: Introduza o seu URL<\/h3>\n<p>Com apenas um clique, pode fazer uma verifica\u00e7\u00e3o de liga\u00e7\u00e3o interna da p\u00e1gina do endere\u00e7o web que pretende analisar.<br \/>\n<div class=\"content__img-wrap\"><img src=\"https:\/\/sitechecker.pro\/wp-content\/uploads\/2024\/08\/Page-check-min.png\" alt=\"Links internos da p\u00e1gina\" class=\"description-img description-img-zoom\" loading=\"lazy\" ><\/div><\/p>\n<h3>Passo 2: Obter resultados<\/h3>\n<p>O Internal Link Checker \u00e9 um recurso essencial numa ferramenta de an\u00e1lise SEO que o ajuda a garantir a integridade e a efic\u00e1cia da estrutura de links internos do seu website. O m\u00f3dulo exibe uma lista abrangente de links internos detetados num website, organizando-os cuidadosamente pelos seus URLs e <a href=\"https:\/\/sitechecker.pro\/anchor-text-checker\/\"> texto \u00e2ncora<\/a> correspondente.<\/p>\n<p>Cada link \u00e9 acompanhado por um c\u00f3digo de estado; neste caso, todos os links mostram o estado &#8220;200 OK&#8221;, o que significa que est\u00e3o a funcionar corretamente e acess\u00edveis.<br \/>\n<div class=\"content__img-wrap\"><img src=\"https:\/\/sitechecker.pro\/wp-content\/uploads\/2024\/08\/image11-min.png\" alt=\"Links internos da p\u00e1gina Exporta\u00e7\u00e3o de dados\" class=\"description-img description-img-zoom\" loading=\"lazy\" ><\/div><\/p>\n<p>Para uma compreens\u00e3o abrangente das caracter\u00edsticas da ferramenta para al\u00e9m da avalia\u00e7\u00e3o de liga\u00e7\u00f5es internas numa \u00fanica p\u00e1gina, consulte os ecr\u00e3s de confirma\u00e7\u00e3o de dom\u00ednio localizados no segmento inicial do guia, que aparecem ap\u00f3s a realiza\u00e7\u00e3o de uma verifica\u00e7\u00e3o de dom\u00ednio.<\/p>\n<p>Em alternativa, selecione &#8220;Auditoria do site&#8221; para explorar toda a gama de funcionalidades oferecidas pela ferramenta. Isto permitir-lhe-\u00e1 descobrir o seu potencial e como pode ser adaptado \u00e0s necessidades do seu site.<br \/>\n<div class=\"content__img-wrap\"><img src=\"https:\/\/sitechecker.pro\/wp-content\/uploads\/2024\/08\/image8-min.png\" alt=\"Links internos da p\u00e1gina recursos adicionais\" class=\"description-img description-img-zoom\" loading=\"lazy\" ><\/div><\/p>\n<h2 id=\"par6\">\n<h2>Caracter\u00edsticas adicionais do Page Check<\/h2>\n<p>O painel de navega\u00e7\u00e3o de ferramentas do Internal Link Checker apresenta um conjunto de funcionalidades dedicadas a melhorar o desempenho do motor de busca de um website. Inclui uma sec\u00e7\u00e3o &#8220;Links&#8221; que analisa a rede de links internos e externos em todo o site. A &#8220;Vis\u00e3o geral de problemas&#8221; agrega e categoriza v\u00e1rios problemas que podem estar a dificultar a otimiza\u00e7\u00e3o do website.<\/p>\n<p>Na \u00e1rea &#8220;Otimiza\u00e7\u00e3o de Conte\u00fado&#8221;, os utilizadores s\u00e3o orientados sobre como ajustar o seu conte\u00fado para aumentar a sua relev\u00e2ncia e o envolvimento dos utilizadores.<\/p>\n<p>Os &#8220;dados estruturados&#8221; ajudam a gerir a informa\u00e7\u00e3o de uma forma que torna mais f\u00e1cil para os motores de busca interpretar e apresentar o conte\u00fado de forma eficaz. A sec\u00e7\u00e3o &#8220;Imagens&#8221; provavelmente concentra-se em garantir que o conte\u00fado visual \u00e9 amig\u00e1vel para os motores de busca. A categoria abrangente &#8220;Otimiza\u00e7\u00e3o de Pesquisa&#8221; abrange um amplo espectro de estrat\u00e9gias de SEO.<\/p>\n<p>O &#8220;PageSpeed \u200b\u200b\u200b\u200bInsights&#8221; \u00e9 particularmente crucial, uma vez que avalia as m\u00e9tricas de desempenho do website, que s\u00e3o vitais tanto para a experi\u00eancia do utilizador como para a classifica\u00e7\u00e3o nos motores de busca. Este painel \u00e9 indicativo de um conjunto abrangente de ferramentas concebidas para fornecer uma auditoria SEO aprofundada com insights acion\u00e1veis.<br \/>\n<div class=\"content__img-wrap\"><img src=\"https:\/\/sitechecker.pro\/wp-content\/uploads\/2024\/08\/image10-min.png\" alt=\"Links internos da p\u00e1gina recursos adicionais\" class=\"description-img description-img-zoom\" loading=\"lazy\" ><\/div><\/p>\n<p>Al\u00e9m disso, a integra\u00e7\u00e3o do <a href=\"https:\/\/sitechecker.pro\/404-errors-monitoring\/\">Monitoriza\u00e7\u00e3o de Erros 404<\/a> ajuda a identificar e resolver links quebrados em tempo real, garantindo que os visitantes e os motores de busca podem aceder \u00e0s suas p\u00e1ginas sem problemas e sem encontrar erros. Esta combina\u00e7\u00e3o de ferramentas proporciona uma auditoria SEO abrangente com insights acion\u00e1veis.<\/p>\n<h2 id=\"par7\">Observa\u00e7\u00f5es finais<\/h2>\n<p>O verificador de liga\u00e7\u00f5es internas oferece uma an\u00e1lise abrangente das estruturas de liga\u00e7\u00f5es internas, identifica problemas e fornece informa\u00e7\u00f5es acion\u00e1veis \u200b\u200bpara o ajudar a refinar a sua estrat\u00e9gia. Com caracter\u00edsticas como rastreio e monitoriza\u00e7\u00e3o cont\u00ednuos, uma ampla plataforma de SEO e op\u00e7\u00f5es de relat\u00f3rios flex\u00edveis, esta ferramenta \u00e9 inestim\u00e1vel para propriet\u00e1rios de websites, profissionais de SEO e equipas de desenvolvimento. Utilizando o <a href=\"https:\/\/sitechecker.pro\/link-extractor\/\">analisador de links<\/a> interno, pode melhorar a navega\u00e7\u00e3o no website, aumentar as taxas de convers\u00e3o e aumentar o envolvimento dos utilizadores. No final do dia, obt\u00e9m uma melhor indexa\u00e7\u00e3o e classifica\u00e7\u00e3o do seu site nos motores de busca.<\/p>\n<div id=\"par6\"><\/div>\n<p><div class=\"front__faq-block\"><div class=\"faq__block-title\">FAQ<\/div><div class=\"panel-group\" id=\"faq-accordion\" itemscope itemtype=\"https:\/\/schema.org\/FAQPage\" role=\"tablist\" aria-multiselectable=\"true\"><div class=\"panel\" itemscope itemtype=\"https:\/\/schema.org\/Question\" itemprop=\"mainEntity\">\n                            <div class=\"panel-heading\" id=\"headingFaq-1\">\n                                <div class=\"panel-title\" data-toggle=\"collapse\" aria-expanded=\"false\" href=\"#collapseFaq-1\">\n                                    <h3 itemprop=\"name\">Como encontrar links internos para uma p\u00e1gina?<\/h3>\n                                <\/div>\n                            <\/div>\n                            <div id=\"collapseFaq-1\" class=\"panel-collapse collapse\" itemprop=\"acceptedAnswer\" itemscope itemtype=\"http:\/\/schema.org\/Answer\">\n                                <div class=\"panel-body\" itemprop=\"text\">A forma mais eficaz de encontrar todas as refer\u00eancias internas numa p\u00e1gina web \u00e9 utilizar uma ferramenta. Ap\u00f3s rever cuidadosamente a p\u00e1gina, obter\u00e1 uma lista de links, c\u00f3digo de estado, estado dofolow e \u00e2ncoras utilizadas atualmente na p\u00e1gina. Pode utilizar esta ferramenta para todos os tipos de sites, incluindo p\u00e1ginas de destino e sites de com\u00e9rcio eletr\u00f3nico.<\/div>\n                            <\/div>\n                        <\/div><div class=\"panel\" itemscope itemtype=\"https:\/\/schema.org\/Question\" itemprop=\"mainEntity\">\n                            <div class=\"panel-heading\" id=\"headingFaq-2\">\n                                <div class=\"panel-title\" data-toggle=\"collapse\" aria-expanded=\"false\" href=\"#collapseFaq-2\">\n                                    <h3 itemprop=\"name\">Como encontrar links internos no site?<\/h3>\n                                <\/div>\n                            <\/div>\n                            <div id=\"collapseFaq-2\" class=\"panel-collapse collapse\" itemprop=\"acceptedAnswer\" itemscope itemtype=\"http:\/\/schema.org\/Answer\">\n                                <div class=\"panel-body\" itemprop=\"text\">A ferramenta do Sitechecker permite examinar links internos para uma p\u00e1gina espec\u00edfica e todas as p\u00e1ginas do site. Como recurso adicional, fornece uma lista de problemas para o site e uma compila\u00e7\u00e3o de URLs afetados para cada problema.<\/div>\n                            <\/div>\n                        <\/div><div class=\"panel\" itemscope itemtype=\"https:\/\/schema.org\/Question\" itemprop=\"mainEntity\">\n                            <div class=\"panel-heading\" id=\"headingFaq-3\">\n                                <div class=\"panel-title\" data-toggle=\"collapse\" aria-expanded=\"false\" href=\"#collapseFaq-3\">\n                                    <h3 itemprop=\"name\">Esta ferramenta pode analisar os links internos que apontam para sites em qualquer CMS?<\/h3>\n                                <\/div>\n                            <\/div>\n                            <div id=\"collapseFaq-3\" class=\"panel-collapse collapse\" itemprop=\"acceptedAnswer\" itemscope itemtype=\"http:\/\/schema.org\/Answer\">\n                                <div class=\"panel-body\" itemprop=\"text\">A nossa ferramenta analisa a estrutura de refer\u00eancias internas de qualquer website, independentemente de estar no WordPress, Shopify, Wix ou outro CMS.<\/div>\n                            <\/div>\n                        <\/div><\/div><\/div><\/p>","protected":false},"excerpt":{"rendered":"O que \u00e9 o Verificador de Liga\u00e7\u00e3o Interna? Esta ferramenta essencial ajuda a otimizar a distribui\u00e7\u00e3o de link juice, a criar estruturas de links internos e a identificar e resolver problemas de refer\u00eancias. Simplifica a obten\u00e7\u00e3o de dados para um URL espec\u00edfico ou um website inteiro, ao mesmo tempo que rastreia, monitoriza altera\u00e7\u00f5es e deteta&#8230;","protected":false},"author":10409641,"featured_media":3742,"parent":0,"menu_order":0,"comment_status":"closed","ping_status":"closed","template":"pages-templates\/pages-minitools-3.php","meta":[],"categories":[72],"tags":[],"_links":{"self":[{"href":"https:\/\/sitechecker.pro\/pt\/wp-json\/wp\/v2\/pages\/937"}],"collection":[{"href":"https:\/\/sitechecker.pro\/pt\/wp-json\/wp\/v2\/pages"}],"about":[{"href":"https:\/\/sitechecker.pro\/pt\/wp-json\/wp\/v2\/types\/page"}],"author":[{"embeddable":true,"href":"https:\/\/sitechecker.pro\/pt\/wp-json\/wp\/v2\/users\/10409641"}],"replies":[{"embeddable":true,"href":"https:\/\/sitechecker.pro\/pt\/wp-json\/wp\/v2\/comments?post=937"}],"version-history":[{"count":101,"href":"https:\/\/sitechecker.pro\/pt\/wp-json\/wp\/v2\/pages\/937\/revisions"}],"predecessor-version":[{"id":39263,"href":"https:\/\/sitechecker.pro\/pt\/wp-json\/wp\/v2\/pages\/937\/revisions\/39263"}],"wp:featuredmedia":[{"embeddable":true,"href":"https:\/\/sitechecker.pro\/pt\/wp-json\/wp\/v2\/media\/3742"}],"wp:attachment":[{"href":"https:\/\/sitechecker.pro\/pt\/wp-json\/wp\/v2\/media?parent=937"}],"wp:term":[{"taxonomy":"category","embeddable":true,"href":"https:\/\/sitechecker.pro\/pt\/wp-json\/wp\/v2\/categories?post=937"},{"taxonomy":"post_tag","embeddable":true,"href":"https:\/\/sitechecker.pro\/pt\/wp-json\/wp\/v2\/tags?post=937"}],"curies":[{"name":"wp","href":"https:\/\/api.w.org\/{rel}","templated":true}]}}