{"id":8472,"date":"2019-10-18T10:13:00","date_gmt":"2019-10-18T10:13:00","guid":{"rendered":"https:\/\/sitechecker.pro\/?page_id=8472"},"modified":"2025-11-27T13:37:26","modified_gmt":"2025-11-27T13:37:26","slug":"wordpress-theme-checker","status":"publish","type":"page","link":"https:\/\/sitechecker.pro\/pt\/wordpress-theme-checker\/","title":{"rendered":"Detetor de temas do WordPress | Descubra o tema WP usado"},"content":{"rendered":"<p><\/p>\n<h2 id=\"par1\">O que \u00e9 o Detector de Temas WordPress?<\/h2>\n<p>O Website Theme Checker do <a href=\"https:\/\/sitechecker.pro\/\" target=\"_blank\" rel=\"noopener noreferrer\">Sitechecker<\/a> \u00e9 uma ferramenta online que identifica os temas utilizados num site WordPress, fornecendo insights detalhados sobre o seu design e funcionalidade.<\/p>\n<h3>Como \u00e9 que a ferramenta o pode ajudar<\/h3>\n<p><strong>Identifica\u00e7\u00e3o do tema:<\/strong> deteta o modelo exato do WordPress utilizado num website, incluindo o seu nome, vers\u00e3o e fornecedor.<\/p>\n<p><strong>Dete\u00e7\u00e3o de plugins: <\/strong><a href=\"https:\/\/sitechecker.pro\/wordpress-plugin-checker\/\" target=\"_blank\" rel=\"noopener noreferrer\">identifica os plugins<\/a> num site WordPress, oferecendo insights sobre a funcionalidade e o desempenho do site.<\/p>\n<p><strong>Dete\u00e7\u00e3o de plugins:<\/strong> fornece informa\u00e7\u00f5es adicionais, como detalhes de design do modelo e finalidades dos plugins, ajudando os utilizadores a compreender a configura\u00e7\u00e3o de qualquer website.<\/p>\n<h3>Principais caracter\u00edsticas da ferramenta<\/h3>\n<p><strong>Painel unificado:<\/strong> fornece um hub centralizado para monitorizar, analisar e gerir todos os seus esfor\u00e7os de SEO num \u00fanico local.<\/p>\n<p><strong>Interface de f\u00e1cil utiliza\u00e7\u00e3o:<\/strong> oferece um design intuitivo e f\u00e1cil de navegar, tornando-o acess\u00edvel tanto para principiantes como para profissionais de SEO experientes.<\/p>\n<p><strong>Conjunto completo de ferramentas de SEO:<\/strong> inclui ferramentas para auditoria de websites, rastreio de classifica\u00e7\u00f5es, otimiza\u00e7\u00e3o na p\u00e1gina e monitoriza\u00e7\u00e3o de desempenho em tempo real.<\/p>\n<h2 id=\"par2\">Como utilizar a ferramenta<\/h2>\n<p>Para come\u00e7ar a utilizar o WordPress Theme Finder, basta introduzir o nome de dom\u00ednio do site que pretende analisar no campo de entrada e clicar no bot\u00e3o &#8220;Detectar tema&#8221;. A ferramenta identificar\u00e1 rapidamente o modelo e os plugins WordPress utilizados no website, fornecendo informa\u00e7\u00f5es detalhadas.<\/p>\n<h3>Passo 1: Introduza o endere\u00e7o URL do dom\u00ednio<\/h3>\n<div class=\"content__img-wrap\"><img src=\"https:\/\/sitechecker.pro\/wp-content\/uploads\/2025\/01\/wordpress-theme-detector.png\" alt=\"Detector de temas WordPress\" class=\"description-img description-img-zoom\" loading=\"lazy\" ><\/div>\n<h3>Passo 2: Obtenha os resultados<\/h3>\n<p>A ferramenta fornece informa\u00e7\u00f5es detalhadas sobre o tema e os plugins WordPress utilizados num website, incluindo o nome do modelo, a vers\u00e3o e o autor, bem como links para plugins identificados para explora\u00e7\u00e3o posterior.<\/p>\n<div class=\"content__img-wrap\"><img src=\"https:\/\/sitechecker.pro\/wp-content\/uploads\/2025\/01\/wordpress-checker-results.png\" alt=\"Resultados do verificador WordPress\" class=\"description-img description-img-zoom\" loading=\"lazy\" ><\/div>\n<h2 id=\"par3\">Caracter\u00edsticas adicionais<\/h2>\n<p>Mantenha-se informado sobre as atualiza\u00e7\u00f5es dos seus plugins WordPress configurando um sistema de alerta que envia notifica\u00e7\u00f5es diretamente para o seu e-mail ou Slack.<\/p>\n<div class=\"content__img-wrap\"><img src=\"https:\/\/sitechecker.pro\/wp-content\/uploads\/2025\/01\/wordpress-checker-set-up-alerts.png\" alt=\"Configurar alertas do WordPress Checker\" class=\"description-img description-img-zoom\" loading=\"lazy\" ><\/div>\n<p>Ao ativar as notifica\u00e7\u00f5es para altera\u00e7\u00f5es cr\u00edticas \u2014 como <a href=\"https:\/\/sitechecker.pro\/wordpress-site-monitoring\/\" target=\"_blank\" rel=\"noopener noreferrer\">atualiza\u00e7\u00f5es de temas WordPress<\/a>, vers\u00f5es ou plugins \u2014 garante que \u00e9 prontamente informado sobre os poss\u00edveis impactos no design, desempenho e SEO do seu website.<\/p>\n<div class=\"content__img-wrap\"><img src=\"https:\/\/sitechecker.pro\/wp-content\/uploads\/2025\/01\/send-alerts.png\" alt=\"Enviar alertas\" class=\"description-img description-img-zoom\" loading=\"lazy\" ><\/div>\n<p>Este sistema de notifica\u00e7\u00e3o \u00e9 essencial para manter a estabilidade do website e abordar rapidamente as altera\u00e7\u00f5es que podem afetar a experi\u00eancia do utilizador e as classifica\u00e7\u00f5es nos motores de busca.<\/p>\n<div class=\"content__img-wrap\"><img src=\"https:\/\/sitechecker.pro\/wp-content\/uploads\/2025\/01\/wordpress-theme-updated.png\" alt=\"Tema WordPress atualizado\" class=\"description-img description-img-zoom\" loading=\"lazy\" ><\/div>\n<h2 id=\"par4\">Ideia Final<\/h2>\n<p>O Website Theme Detector \u00e9 uma ferramenta poderosa para identificar os temas e plugins utilizados em qualquer site WordPress. Fornece insights detalhados sobre o design, a funcionalidade e a configura\u00e7\u00e3o de SEO de um website. Com uma interface amig\u00e1vel e recursos abrangentes, a ferramenta \u00e9 ideal para analisar modelos, acompanhar atualiza\u00e7\u00f5es de plugins e manter o desempenho do website. Basta inserir um dom\u00ednio para receber resultados instant\u00e2neos, incluindo detalhes do tema e informa\u00e7\u00f5es do plugin. As funcionalidades adicionais, como os alertas de notifica\u00e7\u00e3o, garantem que se mant\u00e9m atualizado sobre as altera\u00e7\u00f5es cr\u00edticas, ajudando a manter a estabilidade do website e otimizando a experi\u00eancia do utilizador e as classifica\u00e7\u00f5es de SEO.<\/p>\n<div id=\"par5\"><\/div>\n<p><div class=\"front__faq-block\"><div class=\"faq__block-title\">FAQ<\/div><div class=\"panel-group\" id=\"faq-accordion\" itemscope itemtype=\"https:\/\/schema.org\/FAQPage\" role=\"tablist\" aria-multiselectable=\"true\"><div class=\"panel\" itemscope itemtype=\"https:\/\/schema.org\/Question\" itemprop=\"mainEntity\">\n                            <div class=\"panel-heading\" id=\"headingFaq-1\">\n                                <div class=\"panel-title\" data-toggle=\"collapse\" aria-expanded=\"false\" href=\"#collapseFaq-1\">\n                                    <h3 itemprop=\"name\">Posso utilizar o WordPress Theme Detector para a pesquisa de concorrentes?<\/h3>\n                                <\/div>\n                            <\/div>\n                            <div id=\"collapseFaq-1\" class=\"panel-collapse collapse\" itemprop=\"acceptedAnswer\" itemscope itemtype=\"http:\/\/schema.org\/Answer\">\n                                <div class=\"panel-body\" itemprop=\"text\">Sim, a ferramenta \u00e9 excelente para analisar os sites dos concorrentes para compreender as suas escolhas de design e configura\u00e7\u00e3o de funcionalidades.<\/div>\n                            <\/div>\n                        <\/div><div class=\"panel\" itemscope itemtype=\"https:\/\/schema.org\/Question\" itemprop=\"mainEntity\">\n                            <div class=\"panel-heading\" id=\"headingFaq-2\">\n                                <div class=\"panel-title\" data-toggle=\"collapse\" aria-expanded=\"false\" href=\"#collapseFaq-2\">\n                                    <h3 itemprop=\"name\">Existe um limite para o n\u00famero de sites que posso analisar com a ferramenta?<\/h3>\n                                <\/div>\n                            <\/div>\n                            <div id=\"collapseFaq-2\" class=\"panel-collapse collapse\" itemprop=\"acceptedAnswer\" itemscope itemtype=\"http:\/\/schema.org\/Answer\">\n                                <div class=\"panel-body\" itemprop=\"text\">A ferramenta permite an\u00e1lises de v\u00e1rios sites, mas a utiliza\u00e7\u00e3o frequente pode exigir uma conta Sitechecker para funcionalidades alargadas.<\/div>\n                            <\/div>\n                        <\/div><div class=\"panel\" itemscope itemtype=\"https:\/\/schema.org\/Question\" itemprop=\"mainEntity\">\n                            <div class=\"panel-heading\" id=\"headingFaq-3\">\n                                <div class=\"panel-title\" data-toggle=\"collapse\" aria-expanded=\"false\" href=\"#collapseFaq-3\">\n                                    <h3 itemprop=\"name\">A ferramenta afeta o site que est\u00e1 a ser analisado?<\/h3>\n                                <\/div>\n                            <\/div>\n                            <div id=\"collapseFaq-3\" class=\"panel-collapse collapse\" itemprop=\"acceptedAnswer\" itemscope itemtype=\"http:\/\/schema.org\/Answer\">\n                                <div class=\"panel-body\" itemprop=\"text\">N\u00e3o, apenas verifica os dados dispon\u00edveis publicamente e n\u00e3o interfere com a funcionalidade ou o desempenho do site.<\/div>\n                            <\/div>\n                        <\/div><div class=\"panel\" itemscope itemtype=\"https:\/\/schema.org\/Question\" itemprop=\"mainEntity\">\n                            <div class=\"panel-heading\" id=\"headingFaq-4\">\n                                <div class=\"panel-title\" data-toggle=\"collapse\" aria-expanded=\"false\" href=\"#collapseFaq-4\">\n                                    <h3 itemprop=\"name\">A ferramenta consegue identificar temas WordPress desenvolvidos \u00e0 medida?<\/h3>\n                                <\/div>\n                            <\/div>\n                            <div id=\"collapseFaq-4\" class=\"panel-collapse collapse\" itemprop=\"acceptedAnswer\" itemscope itemtype=\"http:\/\/schema.org\/Answer\">\n                                <div class=\"panel-body\" itemprop=\"text\">Sim, mas pode fornecer apenas detalhes limitados para temas personalizados, uma vez que n\u00e3o fazem parte de reposit\u00f3rios ou mercados p\u00fablicos.<\/div>\n                            <\/div>\n                        <\/div><div class=\"panel\" itemscope itemtype=\"https:\/\/schema.org\/Question\" itemprop=\"mainEntity\">\n                            <div class=\"panel-heading\" id=\"headingFaq-5\">\n                                <div class=\"panel-title\" data-toggle=\"collapse\" aria-expanded=\"false\" href=\"#collapseFaq-5\">\n                                    <h3 itemprop=\"name\">A funcionalidade de notifica\u00e7\u00e3o inclui atualiza\u00e7\u00f5es para temas e plugins?<\/h3>\n                                <\/div>\n                            <\/div>\n                            <div id=\"collapseFaq-5\" class=\"panel-collapse collapse\" itemprop=\"acceptedAnswer\" itemscope itemtype=\"http:\/\/schema.org\/Answer\">\n                                <div class=\"panel-body\" itemprop=\"text\">Sim, o sistema de notifica\u00e7\u00f5es informa os utilizadores sobre atualiza\u00e7\u00f5es e altera\u00e7\u00f5es de temas e plugins do WordPress, garantindo a estabilidade do site.<\/div>\n                            <\/div>\n                        <\/div><\/div><\/div><\/p>","protected":false},"excerpt":{"rendered":"O que \u00e9 o Detector de Temas WordPress? O Website Theme Checker do Sitechecker \u00e9 uma ferramenta online que identifica os temas utilizados num site WordPress, fornecendo insights detalhados sobre o seu design e funcionalidade. Como \u00e9 que a ferramenta o pode ajudar Identifica\u00e7\u00e3o do tema: deteta o modelo exato do WordPress utilizado num website,&#8230;","protected":false},"author":10409641,"featured_media":8511,"parent":0,"menu_order":0,"comment_status":"closed","ping_status":"closed","template":"pages-templates\/pages-minitools-3.php","meta":[],"categories":[73],"tags":[],"_links":{"self":[{"href":"https:\/\/sitechecker.pro\/pt\/wp-json\/wp\/v2\/pages\/8472"}],"collection":[{"href":"https:\/\/sitechecker.pro\/pt\/wp-json\/wp\/v2\/pages"}],"about":[{"href":"https:\/\/sitechecker.pro\/pt\/wp-json\/wp\/v2\/types\/page"}],"author":[{"embeddable":true,"href":"https:\/\/sitechecker.pro\/pt\/wp-json\/wp\/v2\/users\/10409641"}],"replies":[{"embeddable":true,"href":"https:\/\/sitechecker.pro\/pt\/wp-json\/wp\/v2\/comments?post=8472"}],"version-history":[{"count":6,"href":"https:\/\/sitechecker.pro\/pt\/wp-json\/wp\/v2\/pages\/8472\/revisions"}],"predecessor-version":[{"id":38953,"href":"https:\/\/sitechecker.pro\/pt\/wp-json\/wp\/v2\/pages\/8472\/revisions\/38953"}],"wp:featuredmedia":[{"embeddable":true,"href":"https:\/\/sitechecker.pro\/pt\/wp-json\/wp\/v2\/media\/8511"}],"wp:attachment":[{"href":"https:\/\/sitechecker.pro\/pt\/wp-json\/wp\/v2\/media?parent=8472"}],"wp:term":[{"taxonomy":"category","embeddable":true,"href":"https:\/\/sitechecker.pro\/pt\/wp-json\/wp\/v2\/categories?post=8472"},{"taxonomy":"post_tag","embeddable":true,"href":"https:\/\/sitechecker.pro\/pt\/wp-json\/wp\/v2\/tags?post=8472"}],"curies":[{"name":"wp","href":"https:\/\/api.w.org\/{rel}","templated":true}]}}