{"id":8470,"date":"2019-10-18T09:32:37","date_gmt":"2019-10-18T09:32:37","guid":{"rendered":"https:\/\/sitechecker.pro\/?page_id=8470"},"modified":"2025-02-19T08:45:35","modified_gmt":"2025-02-19T08:45:35","slug":"wordpress-plugin-checker","status":"publish","type":"page","link":"https:\/\/sitechecker.pro\/pt\/wordpress-plugin-checker\/","title":{"rendered":"Detetor de plugins do WordPress: Verifique quais plugins o site est\u00e1 usando"},"content":{"rendered":"<p><\/p>\n<h2 id=\"par1\">O que \u00e9 o WordPress Plugin Checker?<\/h2>\n<p>O WP Plugin Detector do <a href=\"https:\/\/sitechecker.pro\/\" target=\"_blank\" rel=\"noopener noreferrer\">Sitechecker<\/a> \u00e9 uma ferramenta que identifica os plugins WordPress utilizados num site espec\u00edfico. A an\u00e1lise do website revela plugins que contribuem para a sua funcionalidade, como SEO, design ou recursos de com\u00e9rcio eletr\u00f3nico. Esta ferramenta \u00e9 valiosa para programadores, profissionais de marketing e empres\u00e1rios que desejam descobrir plugins utilizados pelos concorrentes, descobrir novas ferramentas ou melhorar os seus websites.<\/p>\n<h3>Como \u00e9 que a ferramenta o pode ajudar<\/h3>\n<p><strong>Descubra os plugins:<\/strong>identifique as extens\u00f5es utilizadas num website para replicar ou melhorar as suas funcionalidades.<\/p>\n<p><strong>An\u00e1lise da concorr\u00eancia:<\/strong> analise os sites dos concorrentes para compreender as suas estrat\u00e9gias e adotar instrumentos eficazes.<\/p>\n<p><strong>Otimize o seu website:<\/strong> obtenha insights sobre desempenho, SEO e add-ons de design para melhorar a funcionalidade e a experi\u00eancia do utilizador do seu website.<\/p>\n<h3>Principais caracter\u00edsticas da ferramenta<\/h3>\n<p><strong>Painel unificado:<\/strong> aceda a todas as ferramentas de an\u00e1lise e insights do seu website num local centralizado para uma gest\u00e3o simplificada.<\/p>\n<p><strong>Interface amig\u00e1vel:<\/strong> navegue sem esfor\u00e7o com um design intuitivo, tornando-o acess\u00edvel para todos os n\u00edveis de experi\u00eancia.<\/p>\n<p><strong>Conjunto completo de ferramentas de SEO:<\/strong> tire partido de uma gama abrangente de ferramentas de SEO, incluindo auditorias de websites, rastreio de classifica\u00e7\u00f5es e muito mais, para otimizar o desempenho do seu website.<\/p>\n<h2 id=\"par2\">Como utilizar a ferramenta<\/h2>\n<p>Para utilizar o Plugin Detector, basta introduzir o nome de dom\u00ednio do site que pretende analisar no campo fornecido e clicar no bot\u00e3o &#8220;Detectar plugins&#8221;. A ferramenta ir\u00e1 verificar o site e exibir uma lista de add-ons do WordPress detetados. \u00c9 r\u00e1pido, f\u00e1cil e eficaz para descobrir as ferramentas por detr\u00e1s da funcionalidade de um website.<\/p>\n<h3>Passo 1: Introduza o nome de dom\u00ednio<\/h3>\n<div class=\"content__img-wrap\"><img src=\"https:\/\/sitechecker.pro\/wp-content\/uploads\/2025\/01\/wordpress-plugin-detector.png\" alt=\"Detector de plugins WordPress\" class=\"description-img description-img-zoom\" loading=\"lazy\" ><\/div>\n<h3>Passo 2: Obtenha os resultados<\/h3>\n<div class=\"content__img-wrap\"><img src=\"https:\/\/sitechecker.pro\/wp-content\/uploads\/2025\/01\/wordpress-checker-results.png\" alt=\"Resultados do verificador WordPress\" class=\"description-img description-img-zoom\" loading=\"lazy\" ><\/div>\n<p>A ferramenta fornece informa\u00e7\u00f5es detalhadas sobre as extens\u00f5es e <a href=\"https:\/\/sitechecker.pro\/wordpress-theme-checker\/\" target=\"_blank\" rel=\"noopener noreferrer\">temas<\/a> do WordPress utilizados \u200b\u200bnum website, incluindo links de extens\u00e3o e detalhes do tema, ajudando os utilizadores a identificar as ferramentas que impulsionam a funcionalidade do website.<\/p>\n<h2 id=\"par3\">Caracter\u00edsticas adicionais da ferramenta<\/h2>\n<p>Para acompanhar todas as atualiza\u00e7\u00f5es dos seus plugins, ligue um sistema de alerta que lhe permitir\u00e1 receber notifica\u00e7\u00f5es por e-mail ou Slack.<\/p>\n<div class=\"content__img-wrap\"><img src=\"https:\/\/sitechecker.pro\/wp-content\/uploads\/2025\/01\/wordpress-checker-set-up-alerts.png\" alt=\"Configurar alertas do WordPress Checker\" class=\"description-img description-img-zoom\" loading=\"lazy\" ><\/div>\n<div class=\"important-block\">Para receber resultados e acesso \u00e0s funcionalidades do Sitechecker durante 14 dias, inicie o seu teste GRATUITO. \u00c9 f\u00e1cil registar-se com o seu e-mail, conta Google ou Facebook. N\u00e3o \u00e9 necess\u00e1rio cart\u00e3o de cr\u00e9dito.<\/div>\n<p>Para acompanhar as atualiza\u00e7\u00f5es dos seus plugins WordPress, ligue um sistema de alerta que lhe envie notifica\u00e7\u00f5es por e-mail ou Slack. Isto ir\u00e1 ajud\u00e1-lo a responder prontamente a poss\u00edveis falhas do CMS.<\/p>\n<div class=\"content__img-wrap\"><img src=\"https:\/\/sitechecker.pro\/wp-content\/uploads\/2025\/01\/send-alerts.png\" alt=\"Enviar alertas\" class=\"description-img description-img-zoom\" loading=\"lazy\" ><\/div>\n<p>Mantenha-se informado sobre as altera\u00e7\u00f5es no seu <a href=\"https:\/\/sitechecker.pro\/wordpress-site-monitoring\/\" target=\"_blank\" rel=\"noopener noreferrer\">site WordPress<\/a> com alertas. Estas notifica\u00e7\u00f5es ajudam-no a monitorizar quando os plug-ins s\u00e3o adicionados ou removidos, garantindo que o seu website permanece otimizado, seguro e alinhado com os seus objetivos.<\/p>\n<div class=\"content__img-wrap\"><img src=\"https:\/\/sitechecker.pro\/wp-content\/uploads\/2025\/01\/wordpress-plugins-added-alert.png\" alt=\"Alerta de plugins adicionados do WordPress\" class=\"description-img description-img-zoom\" loading=\"lazy\" ><\/div>\n<p>N\u00e3o importa se os plugins melhoram a funcionalidade ou se s\u00e3o removidos para otimizar o desempenho, estas atualiza\u00e7\u00f5es fornecem insights claros para manter a sa\u00fade do seu website.<\/p>\n<div class=\"content__img-wrap\"><img src=\"https:\/\/sitechecker.pro\/wp-content\/uploads\/2025\/01\/wordpress-plugins-deleted-alert.png\" alt=\"Alerta de plugins exclu\u00eddos do WordPress\" class=\"description-img description-img-zoom\" loading=\"lazy\" ><\/div>\n<h2 id=\"par4\">Ideia Final<\/h2>\n<p>O WordPress Plugin Detector \u00e9 uma ferramenta poderosa que ajuda os utilizadores a descobrir os plugins e temas que alimentam um website. \u00c9 ideal para developers, profissionais de marketing e empres\u00e1rios que procuram descobrir novas ferramentas, analisar concorrentes ou otimizar os seus sites. Com uma interface intuitiva, um painel unificado e um conjunto completo de ferramentas de SEO, fornece insights detalhados sobre extens\u00f5es e temas. Os utilizadores podem analisar sites facilmente, inserindo um dom\u00ednio e recebendo resultados instant\u00e2neos. Recursos adicionais, como sistemas de alerta para atualiza\u00e7\u00f5es, melhoram a monitoriza\u00e7\u00e3o do site e a fiabilidade do CMS.<\/p>\n<div id=\"par5\"><\/div>\n<p><div class=\"front__faq-block\"><div class=\"faq__block-title\">FAQ<\/div><div class=\"panel-group\" id=\"faq-accordion\" itemscope itemtype=\"https:\/\/schema.org\/FAQPage\" role=\"tablist\" aria-multiselectable=\"true\"><div class=\"panel\" itemscope itemtype=\"https:\/\/schema.org\/Question\" itemprop=\"mainEntity\">\n                            <div class=\"panel-heading\" id=\"headingFaq-1\">\n                                <div class=\"panel-title\" data-toggle=\"collapse\" aria-expanded=\"false\" href=\"#collapseFaq-1\">\n                                    <h3 itemprop=\"name\">A ferramenta tamb\u00e9m fornece informa\u00e7\u00f5es sobre os temas WordPress?<\/h3>\n                                <\/div>\n                            <\/div>\n                            <div id=\"collapseFaq-1\" class=\"panel-collapse collapse\" itemprop=\"acceptedAnswer\" itemscope itemtype=\"http:\/\/schema.org\/Answer\">\n                                <div class=\"panel-body\" itemprop=\"text\">Sim, para al\u00e9m das extens\u00f5es, a ferramenta pode identificar o tema WordPress utilizado num website, incluindo o seu nome e vers\u00e3o.<\/div>\n                            <\/div>\n                        <\/div><div class=\"panel\" itemscope itemtype=\"https:\/\/schema.org\/Question\" itemprop=\"mainEntity\">\n                            <div class=\"panel-heading\" id=\"headingFaq-2\">\n                                <div class=\"panel-title\" data-toggle=\"collapse\" aria-expanded=\"false\" href=\"#collapseFaq-2\">\n                                    <h3 itemprop=\"name\">A ferramenta afeta o site que est\u00e1 a ser analisado?<\/h3>\n                                <\/div>\n                            <\/div>\n                            <div id=\"collapseFaq-2\" class=\"panel-collapse collapse\" itemprop=\"acceptedAnswer\" itemscope itemtype=\"http:\/\/schema.org\/Answer\">\n                                <div class=\"panel-body\" itemprop=\"text\">N\u00e3o, a ferramenta apenas verifica a informa\u00e7\u00e3o publicamente dispon\u00edvel e n\u00e3o interfere nem afeta a funcionalidade do site que est\u00e1 a ser analisado.<\/div>\n                            <\/div>\n                        <\/div><div class=\"panel\" itemscope itemtype=\"https:\/\/schema.org\/Question\" itemprop=\"mainEntity\">\n                            <div class=\"panel-heading\" id=\"headingFaq-3\">\n                                <div class=\"panel-title\" data-toggle=\"collapse\" aria-expanded=\"false\" href=\"#collapseFaq-3\">\n                                    <h3 itemprop=\"name\">Posso monitorizar v\u00e1rios sites com o WordPress Plugin Detector?<\/h3>\n                                <\/div>\n                            <\/div>\n                            <div id=\"collapseFaq-3\" class=\"panel-collapse collapse\" itemprop=\"acceptedAnswer\" itemscope itemtype=\"http:\/\/schema.org\/Answer\">\n                                <div class=\"panel-body\" itemprop=\"text\">Sim, pode analisar v\u00e1rios sites introduzindo os seus nomes de dom\u00ednio individualmente na ferramenta.<\/div>\n                            <\/div>\n                        <\/div><\/div><\/div><\/p>","protected":false},"excerpt":{"rendered":"O que \u00e9 o WordPress Plugin Checker? O WP Plugin Detector do Sitechecker \u00e9 uma ferramenta que identifica os plugins WordPress utilizados num site espec\u00edfico. A an\u00e1lise do website revela plugins que contribuem para a sua funcionalidade, como SEO, design ou recursos de com\u00e9rcio eletr\u00f3nico. Esta ferramenta \u00e9 valiosa para programadores, profissionais de marketing e&#8230;","protected":false},"author":10409641,"featured_media":8500,"parent":0,"menu_order":0,"comment_status":"closed","ping_status":"closed","template":"pages-templates\/pages-minitools-3.php","meta":[],"categories":[73],"tags":[],"_links":{"self":[{"href":"https:\/\/sitechecker.pro\/pt\/wp-json\/wp\/v2\/pages\/8470"}],"collection":[{"href":"https:\/\/sitechecker.pro\/pt\/wp-json\/wp\/v2\/pages"}],"about":[{"href":"https:\/\/sitechecker.pro\/pt\/wp-json\/wp\/v2\/types\/page"}],"author":[{"embeddable":true,"href":"https:\/\/sitechecker.pro\/pt\/wp-json\/wp\/v2\/users\/10409641"}],"replies":[{"embeddable":true,"href":"https:\/\/sitechecker.pro\/pt\/wp-json\/wp\/v2\/comments?post=8470"}],"version-history":[{"count":27,"href":"https:\/\/sitechecker.pro\/pt\/wp-json\/wp\/v2\/pages\/8470\/revisions"}],"predecessor-version":[{"id":35603,"href":"https:\/\/sitechecker.pro\/pt\/wp-json\/wp\/v2\/pages\/8470\/revisions\/35603"}],"wp:featuredmedia":[{"embeddable":true,"href":"https:\/\/sitechecker.pro\/pt\/wp-json\/wp\/v2\/media\/8500"}],"wp:attachment":[{"href":"https:\/\/sitechecker.pro\/pt\/wp-json\/wp\/v2\/media?parent=8470"}],"wp:term":[{"taxonomy":"category","embeddable":true,"href":"https:\/\/sitechecker.pro\/pt\/wp-json\/wp\/v2\/categories?post=8470"},{"taxonomy":"post_tag","embeddable":true,"href":"https:\/\/sitechecker.pro\/pt\/wp-json\/wp\/v2\/tags?post=8470"}],"curies":[{"name":"wp","href":"https:\/\/api.w.org\/{rel}","templated":true}]}}