{"id":8272,"date":"2019-10-03T13:14:07","date_gmt":"2019-10-03T13:14:07","guid":{"rendered":"https:\/\/sitechecker.pro\/?page_id=8272"},"modified":"2026-02-26T15:33:02","modified_gmt":"2026-02-26T15:33:02","slug":"ga-checker","status":"publish","type":"page","link":"https:\/\/sitechecker.pro\/pt\/ga-checker\/","title":{"rendered":"Verificador gratuito do Google Analytics | Teste se o GA est\u00e1 a funcionar \u1408"},"content":{"rendered":"<p><\/p>\n<h2 id=\"par1\">O que \u00e9 um verificador do Google Analytics?<\/h2>\n<p>O Google Analytics Checker do <a href=\"https:\/\/sitechecker.pro\/\" target=\"_blank\" rel=\"noopener noreferrer\">Sitechecker<\/a> foi desenvolvido para verificar se um website tem um c\u00f3digo de rastreio do Google Analytics instalado e a funcionar corretamente. Verifica um URL para detetar scripts do GA4 ou do Universal Analytics (UA) e garante o rastreio ativo. Isto ajuda os propriet\u00e1rios de websites, profissionais de marketing e especialistas em SEO a confirmar que a sua configura\u00e7\u00e3o de an\u00e1lise est\u00e1 implementada corretamente, evitando a perda de dados ou erros de rastreio. A ferramenta \u00e9 especialmente \u00fatil para diagnosticar instala\u00e7\u00f5es do Google Analytics em falta, duplicadas ou quebradas que podem afetar os insights de desempenho do website.<\/p>\n<h3>Como \u00e9 que a ferramenta o pode ajudar<\/h3>\n<p><strong>Dete\u00e7\u00e3o do c\u00f3digo de rastreio do GA:<\/strong> verifica se um website tem um c\u00f3digo de rastreio do GA4 ou do Universal Analytics (UA) instalado e a funcionar corretamente, garantindo uma recolha precisa de dados.<\/p>\n<p><strong>Painel abrangente do GA:<\/strong> fornece tend\u00eancias de tr\u00e1fego importantes, indicadores de SEO, m\u00e9tricas de classifica\u00e7\u00e3o e insights de envolvimento para monitorizar e otimizar o desempenho do website.<\/p>\n<p><strong>Identifica\u00e7\u00e3o de problemas:<\/strong> deteta c\u00f3digos de rastreio em falta, duplicados ou quebrados, destaca problemas de tr\u00e1fego de pesquisa e oferece recomenda\u00e7\u00f5es pr\u00e1ticas de SEO para uma melhor visibilidade.<\/p>\n<h3>Principais caracter\u00edsticas do detector do Google Analytics<\/h3>\n<p><strong>Painel unificado:<\/strong> fornece uma vis\u00e3o centralizada de todas as m\u00e9tricas de desempenho do website, incluindo insights de SEO, dados de tr\u00e1fego e integra\u00e7\u00e3o com o Google Analytics, permitindo aos utilizadores monitorizar e otimizar os seus websites de forma eficiente.<\/p>\n<p><strong>Interface de f\u00e1cil utiliza\u00e7\u00e3o:<\/strong> concebido para utilizadores principiantes e experientes, o Sitechecker oferece uma plataforma intuitiva e f\u00e1cil de navegar que simplifica as auditorias de websites, as an\u00e1lises de SEO e a monitoriza\u00e7\u00e3o de desempenho.<\/p>\n<p><strong>Conjunto completo de ferramentas de SEO:<\/strong> inclui um conjunto abrangente de ferramentas de SEO, tais como auditorias de websites, rastreio de classifica\u00e7\u00f5es e capacidades de otimiza\u00e7\u00e3o na p\u00e1gina para ajudar a melhorar a visibilidade do website e as classifica\u00e7\u00f5es nos motores de busca.<\/p>\n<h2 id=\"par2\">Como utilizar a ferramenta<\/h2>\n<p>Para utilizar o GA4 Checker, escolha uma op\u00e7\u00e3o de auditoria. Selecione &#8220;Testar GA para o seu site&#8221; para uma an\u00e1lise completa, incluindo os dados de tr\u00e1fego. Selecione &#8220;Testar GA para outro site&#8221; para verificar rapidamente o c\u00f3digo de rastreio do GA. Clique em &#8220;Iniciar auditoria&#8221; para come\u00e7ar.<\/p>\n<h2 id=\"par3\">Teste o GA para o seu site<\/h2>\n<h3>Passo 1: Escolha o teste GA para o seu site<\/h3>\n<div class=\"content__img-wrap\"><img src=\"https:\/\/sitechecker.pro\/wp-content\/uploads\/2025\/02\/test-ga-your-site.png\" alt=\"Teste o GA do seu site\" class=\"description-img description-img-zoom\" loading=\"lazy\" ><\/div>\n<div class=\"important-block\">Para receber resultados e acesso \u00e0s funcionalidades do Sitechecker durante 14 dias, inicie o seu teste GRATUITO. \u00c9 f\u00e1cil registar-se com o seu e-mail, conta Google ou Facebook. N\u00e3o \u00e9 necess\u00e1rio cart\u00e3o de cr\u00e9dito.<\/div>\n<h3>Passo 2: ligar o Google Analytics<\/h3>\n<p>Ligue a sua conta do Google Analytics ao Sitechecker para obter insights e relat\u00f3rios. Clique em &#8220;Ligar Conta Google&#8221; para prosseguir.<\/p>\n<div class=\"content__img-wrap\"><img src=\"https:\/\/sitechecker.pro\/wp-content\/uploads\/2025\/02\/connect-google-account.png\" alt=\"Ligar conta Google\" class=\"description-img description-img-zoom\" loading=\"lazy\" ><\/div>\n<h3>Passo 3: Obtenha os resultados<\/h3>\n<p>Acompanhe o tr\u00e1fego, a visibilidade e o desempenho de pesquisa do seu website com as principais m\u00e9tricas do Google Analytics. Obtenha insights sobre tr\u00e1fego org\u00e2nico, cliques, impress\u00f5es, p\u00e1ginas indexadas, CTR e classifica\u00e7\u00f5es de palavras-chave para otimizar a sua estrat\u00e9gia de SEO.<\/p>\n<div class=\"content__img-wrap\"><img src=\"https:\/\/sitechecker.pro\/wp-content\/uploads\/2025\/02\/sitechecker-dashboard.png\" alt=\"Painel do Sitechecker\" class=\"description-img description-img-zoom\" loading=\"lazy\" ><\/div>\n<h3>O painel do GA agrega KPIs essenciais para a monitoriza\u00e7\u00e3o de sites<\/h3>\n<p><strong>Vis\u00e3o geral do tr\u00e1fego:<\/strong> compara o tr\u00e1fego total e org\u00e2nico, destacando as tend\u00eancias de crescimento.<\/p>\n<p><strong>M\u00e9tricas de envolvimento:<\/strong> acompanha as impress\u00f5es e os cliques para avaliar a intera\u00e7\u00e3o do utilizador.<\/p>\n<p><strong>Indicadores SEO:<\/strong>Avalia a visibilidade e a indexa\u00e7\u00e3o nos resultados de pesquisa para relat\u00f3rios SEO.<\/p>\n<p><strong>M\u00e9tricas de classifica\u00e7\u00e3o:<\/strong> apresenta a posi\u00e7\u00e3o m\u00e9dia e o CTR para a avalia\u00e7\u00e3o SEO.<\/p>\n<p><strong>Pontua\u00e7\u00e3o de sa\u00fade:<\/strong> classifica a sa\u00fade geral do SEO e o estado de classifica\u00e7\u00e3o das palavras-chave.<\/p>\n<p><strong>An\u00e1lise de tend\u00eancias:<\/strong> mapeia as tend\u00eancias de tr\u00e1fego para identificar padr\u00f5es e discrep\u00e2ncias.<\/p>\n<p>Funcionalidades como anota\u00e7\u00f5es, gest\u00e3o de widgets, exporta\u00e7\u00e3o de dados e filtros de tempo ajust\u00e1veis \u200b\u200baumentam a flexibilidade anal\u00edtica do painel.<\/p>\n<div class=\"content__img-wrap\"><img src=\"https:\/\/sitechecker.pro\/wp-content\/uploads\/2025\/02\/google-search-console-metrics.png\" alt=\"M\u00e9tricas do Google Search Console\" class=\"description-img description-img-zoom\" loading=\"lazy\" ><\/div>\n<p>Esta interface din\u00e2mica permite que os webmasters e profissionais de SEO tirem partido de dados valiosos, desde tend\u00eancias gerais a m\u00e9tricas detalhadas. Assim, refinam as suas estrat\u00e9gias de pesquisa e recebem instru\u00e7\u00f5es para melhorar a presen\u00e7a dos seus sites nos motores de busca.<\/p>\n<h3>Insights r\u00e1pidos de GA com a extens\u00e3o do Chrome da Sitechecker<\/h3>\n<p>Depois de verificar se o Google Analytics est\u00e1 instalado corretamente, a extens\u00e3o do Chrome da Sitechecker ajuda voc\u00ea a entender rapidamente como uma p\u00e1gina est\u00e1 performando na pr\u00e1tica. Ao navegar por qualquer URL, voc\u00ea pode ver instantaneamente sinais de desempenho em n\u00edvel de p\u00e1gina (potencial de tr\u00e1fego, visibilidade e contexto de engajamento) sem precisar abrir o Google Analytics.<\/p>\n<div class=\"content__img-wrap\"><img src=\"https:\/\/sitechecker.pro\/wp-content\/uploads\/2026\/02\/ga-insights-extension.png\" alt=\"GA insights extension\" class=\"description-img description-img-zoom\" loading=\"lazy\" ><\/div>\n<p>Isso facilita validar a configura\u00e7\u00e3o de rastreamento, identificar p\u00e1ginas com dados baixos ou ausentes e conferir os resultados ap\u00f3s atualiza\u00e7\u00f5es de conte\u00fado ou migra\u00e7\u00f5es \u2014 tudo diretamente no navegador.<\/p>\n<h2 id=\"par4\">Caracter\u00edsticas adicionais do Google Analytics Code Checker<\/h2>\n<p>O verificador de c\u00f3digo do GA fornece c\u00f3digos de rastreio de an\u00e1lise de desempenho detalhados para sites e p\u00e1ginas selecionadas, aproveitando os dados do GA e do Search Console. Esta ferramenta de auditoria SEO destaca problemas que afetam o tr\u00e1fego de pesquisa (por exemplo, p\u00e1ginas sem impress\u00f5es ou cliques) e oferece uma an\u00e1lise detalhada para melhorias direcionadas.<\/p>\n<ul>\n<li><strong>Identifica\u00e7\u00e3o de problemas:<\/strong> identifica problemas espec\u00edficos de tr\u00e1fego de pesquisa para revis\u00e3o detalhada e dicas sobre como corrigi-los.<\/li>\n<li><strong>Categoriza\u00e7\u00e3o: <\/strong>Classifica os problemas por gravidade para prioriza\u00e7\u00e3o.<\/li>\n<li><strong>Categoriza\u00e7\u00e3o de p\u00e1ginas: <\/strong>Visualiza p\u00e1ginas afetadas por fatores de SEO, como links e velocidade da p\u00e1gina.<\/li>\n<li><strong>Recomenda\u00e7\u00f5es pr\u00e1ticas:<\/strong> sugira palavras-chave para rastreio e integre dados para um planeamento de SEO mais cuidadoso.<\/li>\n<\/ul>\n<p>O Google Analytics Tester \u00e9 um recurso essencial para webmasters e profissionais de SEO. Melhora o tr\u00e1fego de pesquisa e otimiza as estrat\u00e9gias de SEO de forma eficaz.<\/p>\n<div class=\"content__img-wrap\"><img src=\"https:\/\/sitechecker.pro\/wp-content\/uploads\/2025\/02\/search-traffic-issues.png\" alt=\"Problemas de tr\u00e1fego de pesquisa\" class=\"description-img description-img-zoom\" loading=\"lazy\" ><\/div>\n<p>Para uma an\u00e1lise detalhada de uma \u00fanica p\u00e1gina, clique no bot\u00e3o \u201cTodas as p\u00e1ginas HTML\u201d e selecione uma p\u00e1gina espec\u00edfica para aprofundar.<\/p>\n<p>Avalia o potencial de tr\u00e1fego das consultas de pesquisa para a otimiza\u00e7\u00e3o de palavras-chave direcionadas.<\/p>\n<h3>A auditoria de p\u00e1ginas \u00e9 uma abordagem abrangente para a an\u00e1lise de SEO<\/h3>\n<p>Por exemplo, pode fazer check-in num URL espec\u00edfico:<\/p>\n<ul>\n<li><strong>M\u00e9tricas de pesquisa:<\/strong> fornece dados sobre o desempenho da pesquisa, incluindo impress\u00f5es e CTR, por dispositivo e pa\u00eds.<\/li>\n<li><strong>M\u00e9tricas de desempenho:<\/strong> exibe impress\u00f5es e CTR espec\u00edficos do dispositivo, revelando os pontos fortes do site.<\/li>\n<li><strong>An\u00e1lise geogr\u00e1fica:<\/strong>Mostra o desempenho por pa\u00eds para suportar estrat\u00e9gias globais.<\/li>\n<li><strong>Rastreio de consultas de pesquisa:<\/strong> rastreia as classifica\u00e7\u00f5es para as principais consultas, indicando o progresso do SEO e as oportunidades de otimiza\u00e7\u00e3o.<\/li>\n<li><strong>Potencial de SEO: <\/strong>Avalia o potencial de tr\u00e1fego das consultas de pesquisa para a otimiza\u00e7\u00e3o de palavras-chave direcionadas.<\/li>\n<\/ul>\n<div class=\"content__img-wrap\"><img src=\"https:\/\/sitechecker.pro\/wp-content\/uploads\/2025\/02\/search-metrics.png\" alt=\"M\u00e9tricas de pesquisa\" class=\"description-img description-img-zoom\" loading=\"lazy\" ><\/div>\n<p>Em s\u00edntese, a interface indica uma plataforma que rastreia e reporta o desempenho de SEO. Al\u00e9m disso, oferece insights acion\u00e1veis \u200b\u200bque podem impulsionar a estrat\u00e9gia de otimiza\u00e7\u00e3o de pesquisa de um website.<\/p>\n<h2 id=\"par5\">Testar c\u00f3digo de seguimento GA de outro site<\/h2>\n<h3>Passo 1: Escolha a op\u00e7\u00e3o para verificar um site diferente do seu<\/h3>\n<div class=\"content__img-wrap\"><img src=\"https:\/\/sitechecker.pro\/wp-content\/uploads\/2025\/02\/test-ga-another-site.png\" alt=\"Testar GA Outro Site\" class=\"description-img description-img-zoom\" loading=\"lazy\" ><\/div>\n<h3>Passo 2: Obtenha os resultados<\/h3>\n<p>Verifique se um website tem o rastreio do Google Analytics ativado e certifique-se de que o c\u00f3digo de rastreio est\u00e1 a funcionar corretamente.<\/p>\n<div class=\"content__img-wrap\"><img src=\"https:\/\/sitechecker.pro\/wp-content\/uploads\/2025\/02\/google-analytics-checker-results.png\" alt=\"Resultados do Google Analytics Checker\" class=\"description-img description-img-zoom\" loading=\"lazy\" ><\/div>\n<h2 id=\"par6\">Ideia Final<\/h2>\n<p>O Verificador de etiquetas do Google Analytics verifica se um website tem um c\u00f3digo de rastreio do GA instalado corretamente. Deteta scripts do GA4 e do Universal Analytics (UA), garantindo um rastreio ativo para evitar a perda de dados. Os utilizadores podem testar o GA no seu pr\u00f3prio site (informa\u00e7\u00f5es detalhadas sobre o tr\u00e1fego) ou noutro site (verifica\u00e7\u00e3o r\u00e1pida de rastreio). A ferramenta fornece um painel unificado com tend\u00eancias de tr\u00e1fego, indicadores de SEO, m\u00e9tricas de classifica\u00e7\u00e3o e dados de envolvimento. As caracter\u00edsticas adicionais incluem a identifica\u00e7\u00e3o de problemas, o rastreio de palavras-chave e as recomenda\u00e7\u00f5es pr\u00e1ticas de SEO. Esta ferramenta ajuda os webmasters e profissionais de SEO a monitorizar an\u00e1lises, otimizar a visibilidade da pesquisa e melhorar o desempenho do website de forma eficaz.<\/p>\n<div id=\"par7\"><\/div>\n<p><div class=\"front__faq-block\"><div class=\"faq__block-title\">FAQ<\/div><div class=\"panel-group\" id=\"faq-accordion\" itemscope itemtype=\"https:\/\/schema.org\/FAQPage\" role=\"tablist\" aria-multiselectable=\"true\"><div class=\"panel\" itemscope itemtype=\"https:\/\/schema.org\/Question\" itemprop=\"mainEntity\">\n                            <div class=\"panel-heading\" id=\"headingFaq-1\">\n                                <div class=\"panel-title\" data-toggle=\"collapse\" aria-expanded=\"false\" href=\"#collapseFaq-1\">\n                                    <h3 itemprop=\"name\">Posso verificar se v\u00e1rios sites t\u00eam o rastreio do Google Analytics ativado?<\/h3>\n                                <\/div>\n                            <\/div>\n                            <div id=\"collapseFaq-1\" class=\"panel-collapse collapse\" itemprop=\"acceptedAnswer\" itemscope itemtype=\"http:\/\/schema.org\/Answer\">\n                                <div class=\"panel-body\" itemprop=\"text\">Sim, pode testar v\u00e1rios sites inserindo URLs diferentes individualmente para verificar se o rastreio do GA est\u00e1 instalado.<\/div>\n                            <\/div>\n                        <\/div><div class=\"panel\" itemscope itemtype=\"https:\/\/schema.org\/Question\" itemprop=\"mainEntity\">\n                            <div class=\"panel-heading\" id=\"headingFaq-2\">\n                                <div class=\"panel-title\" data-toggle=\"collapse\" aria-expanded=\"false\" href=\"#collapseFaq-2\">\n                                    <h3 itemprop=\"name\">A ferramenta verifica o GA4 e o Universal Analytics (UA)?<\/h3>\n                                <\/div>\n                            <\/div>\n                            <div id=\"collapseFaq-2\" class=\"panel-collapse collapse\" itemprop=\"acceptedAnswer\" itemscope itemtype=\"http:\/\/schema.org\/Answer\">\n                                <div class=\"panel-body\" itemprop=\"text\">Sim, deteta e verifica os c\u00f3digos de rastreio GA4 e UA para garantir a implementa\u00e7\u00e3o adequada.<\/div>\n                            <\/div>\n                        <\/div><div class=\"panel\" itemscope itemtype=\"https:\/\/schema.org\/Question\" itemprop=\"mainEntity\">\n                            <div class=\"panel-heading\" id=\"headingFaq-3\">\n                                <div class=\"panel-title\" data-toggle=\"collapse\" aria-expanded=\"false\" href=\"#collapseFaq-3\">\n                                    <h3 itemprop=\"name\">Preciso de me inscrever para verificar o rastreio do GA para outro site?<\/h3>\n                                <\/div>\n                            <\/div>\n                            <div id=\"collapseFaq-3\" class=\"panel-collapse collapse\" itemprop=\"acceptedAnswer\" itemscope itemtype=\"http:\/\/schema.org\/Answer\">\n                                <div class=\"panel-body\" itemprop=\"text\">N\u00e3o, testar o GA para outro site fornece um relat\u00f3rio instant\u00e2neo sem exigir uma conta.<\/div>\n                            <\/div>\n                        <\/div><div class=\"panel\" itemscope itemtype=\"https:\/\/schema.org\/Question\" itemprop=\"mainEntity\">\n                            <div class=\"panel-heading\" id=\"headingFaq-4\">\n                                <div class=\"panel-title\" data-toggle=\"collapse\" aria-expanded=\"false\" href=\"#collapseFaq-4\">\n                                    <h3 itemprop=\"name\">A ferramenta consegue identificar se o c\u00f3digo de rastreio do AG est\u00e1 avariado ou em falta?<\/h3>\n                                <\/div>\n                            <\/div>\n                            <div id=\"collapseFaq-4\" class=\"panel-collapse collapse\" itemprop=\"acceptedAnswer\" itemscope itemtype=\"http:\/\/schema.org\/Answer\">\n                                <div class=\"panel-body\" itemprop=\"text\">Sim, deteta c\u00f3digos de rastreio em falta, duplicados ou que n\u00e3o funcionam, o que pode causar perda de dados.<\/div>\n                            <\/div>\n                        <\/div><div class=\"panel\" itemscope itemtype=\"https:\/\/schema.org\/Question\" itemprop=\"mainEntity\">\n                            <div class=\"panel-heading\" id=\"headingFaq-5\">\n                                <div class=\"panel-title\" data-toggle=\"collapse\" aria-expanded=\"false\" href=\"#collapseFaq-5\">\n                                    <h3 itemprop=\"name\">A ferramenta fornece insights para al\u00e9m da verifica\u00e7\u00e3o de rastreio?<\/h3>\n                                <\/div>\n                            <\/div>\n                            <div id=\"collapseFaq-5\" class=\"panel-collapse collapse\" itemprop=\"acceptedAnswer\" itemscope itemtype=\"http:\/\/schema.org\/Answer\">\n                                <div class=\"panel-body\" itemprop=\"text\">Sim, ao testar o seu pr\u00f3prio website, este oferece dados de tr\u00e1fego, m\u00e9tricas de desempenho de SEO e insights de classifica\u00e7\u00e3o.<\/div>\n                            <\/div>\n                        <\/div><div class=\"panel\" itemscope itemtype=\"https:\/\/schema.org\/Question\" itemprop=\"mainEntity\">\n                            <div class=\"panel-heading\" id=\"headingFaq-6\">\n                                <div class=\"panel-title\" data-toggle=\"collapse\" aria-expanded=\"false\" href=\"#collapseFaq-6\">\n                                    <h3 itemprop=\"name\">Com que frequ\u00eancia devo verificar se existem problemas de rastreio do GA no meu site?<\/h3>\n                                <\/div>\n                            <\/div>\n                            <div id=\"collapseFaq-6\" class=\"panel-collapse collapse\" itemprop=\"acceptedAnswer\" itemscope itemtype=\"http:\/\/schema.org\/Answer\">\n                                <div class=\"panel-body\" itemprop=\"text\">\u00c9 recomend\u00e1vel verificar ap\u00f3s grandes atualiza\u00e7\u00f5es do site, migra\u00e7\u00f5es ou altera\u00e7\u00f5es na configura\u00e7\u00e3o do seu analytics.<\/div>\n                            <\/div>\n                        <\/div><div class=\"panel\" itemscope itemtype=\"https:\/\/schema.org\/Question\" itemprop=\"mainEntity\">\n                            <div class=\"panel-heading\" id=\"headingFaq-7\">\n                                <div class=\"panel-title\" data-toggle=\"collapse\" aria-expanded=\"false\" href=\"#collapseFaq-7\">\n                                    <h3 itemprop=\"name\">Posso exportar os resultados dos testes do GA?<\/h3>\n                                <\/div>\n                            <\/div>\n                            <div id=\"collapseFaq-7\" class=\"panel-collapse collapse\" itemprop=\"acceptedAnswer\" itemscope itemtype=\"http:\/\/schema.org\/Answer\">\n                                <div class=\"panel-body\" itemprop=\"text\">Sim, o Sitechecker permite exportar relat\u00f3rios para an\u00e1lise e documenta\u00e7\u00e3o posterior.<\/div>\n                            <\/div>\n                        <\/div><\/div><\/div><\/p>","protected":false},"excerpt":{"rendered":"O que \u00e9 um verificador do Google Analytics? O Google Analytics Checker do Sitechecker foi desenvolvido para verificar se um website tem um c\u00f3digo de rastreio do Google Analytics instalado e a funcionar corretamente. Verifica um URL para detetar scripts do GA4 ou do Universal Analytics (UA) e garante o rastreio ativo. Isto ajuda os&#8230;","protected":false},"author":10409641,"featured_media":8276,"parent":0,"menu_order":0,"comment_status":"closed","ping_status":"closed","template":"pages-templates\/pages-minitools-3.php","meta":[],"categories":[73],"tags":[],"_links":{"self":[{"href":"https:\/\/sitechecker.pro\/pt\/wp-json\/wp\/v2\/pages\/8272"}],"collection":[{"href":"https:\/\/sitechecker.pro\/pt\/wp-json\/wp\/v2\/pages"}],"about":[{"href":"https:\/\/sitechecker.pro\/pt\/wp-json\/wp\/v2\/types\/page"}],"author":[{"embeddable":true,"href":"https:\/\/sitechecker.pro\/pt\/wp-json\/wp\/v2\/users\/10409641"}],"replies":[{"embeddable":true,"href":"https:\/\/sitechecker.pro\/pt\/wp-json\/wp\/v2\/comments?post=8272"}],"version-history":[{"count":49,"href":"https:\/\/sitechecker.pro\/pt\/wp-json\/wp\/v2\/pages\/8272\/revisions"}],"predecessor-version":[{"id":39524,"href":"https:\/\/sitechecker.pro\/pt\/wp-json\/wp\/v2\/pages\/8272\/revisions\/39524"}],"wp:featuredmedia":[{"embeddable":true,"href":"https:\/\/sitechecker.pro\/pt\/wp-json\/wp\/v2\/media\/8276"}],"wp:attachment":[{"href":"https:\/\/sitechecker.pro\/pt\/wp-json\/wp\/v2\/media?parent=8272"}],"wp:term":[{"taxonomy":"category","embeddable":true,"href":"https:\/\/sitechecker.pro\/pt\/wp-json\/wp\/v2\/categories?post=8272"},{"taxonomy":"post_tag","embeddable":true,"href":"https:\/\/sitechecker.pro\/pt\/wp-json\/wp\/v2\/tags?post=8272"}],"curies":[{"name":"wp","href":"https:\/\/api.w.org\/{rel}","templated":true}]}}