{"id":8059,"date":"2019-09-19T10:48:46","date_gmt":"2019-09-19T10:48:46","guid":{"rendered":"https:\/\/sitechecker.pro\/?page_id=8059"},"modified":"2025-02-28T10:04:36","modified_gmt":"2025-02-28T10:04:36","slug":"blacklist-checker","status":"publish","type":"page","link":"https:\/\/sitechecker.pro\/pt\/blacklist-checker\/","title":{"rendered":"IP Blacklist Check: Se o dom\u00ednio ou IP est\u00e1 na lista negra?"},"content":{"rendered":"<p><\/p>\n<h2 id=\"par1\">O que \u00e9 o Domain Blacklist Checker?<\/h2>\n<p>O Domain Blacklist Checker do <a href=\"https:\/\/sitechecker.pro\/\" target=\"_blank\" rel=\"noopener noreferrer\">Sitechecker<\/a> \u00e9 uma ferramenta online que permite aos utilizadores verificar se um dom\u00ednio ou endere\u00e7o IP est\u00e1 listado em alguma lista negra que possa afetar as suas classifica\u00e7\u00f5es de SEO e a capacidade de entrega de e-mails. Foi criado para ajudar os propriet\u00e1rios de sites a garantir que os seus dom\u00ednios n\u00e3o foram sinalizados por spam ou atividade maliciosa, o que pode ajudar a manter a reputa\u00e7\u00e3o e a visibilidade dos seus sites online.<\/p>\n<h3>Como \u00e9 que a ferramenta o pode ajudar<\/h3>\n<p><strong>Verifica\u00e7\u00e3o do estado da lista negra:<\/strong> verifica diretamente se um dom\u00ednio ou IP est\u00e1 listado nas bases de dados DNSBL para uma poss\u00edvel lista negra.<\/p>\n<p><strong>Gera\u00e7\u00e3o de relat\u00f3rios detalhados:<\/strong> fornece relat\u00f3rios sobre o estado da lista negra, oferecendo informa\u00e7\u00f5es sobre quaisquer problemas detetados.<\/p>\n<p><strong>Verifica\u00e7\u00e3o de seguran\u00e7a de sites:<\/strong> oferece uma an\u00e1lise abrangente das vulnerabilidades do site, fornecendo conselhos pr\u00e1ticos sobre como lidar com elas.<\/p>\n<h3>Principais caracter\u00edsticas da ferramenta<\/h3>\n<p><strong>Painel unificado:<\/strong> oferece uma vis\u00e3o \u00fanica e integrada para monitorizar as an\u00e1lises de websites e indicadores de desempenho, simplificando a an\u00e1lise de dados.<\/p>\n<p><strong>Interface amig\u00e1vel:<\/strong> concebida para a acessibilidade, garante que os profissionais e os principiantes podem navegar e utilizar a ferramenta de forma eficaz.<\/p>\n<p><strong>Conjunto completo de ferramentas de SEO:<\/strong> fornece uma vasta cole\u00e7\u00e3o de ferramentas de SEO, abrangendo todos os aspetos necess\u00e1rios para esfor\u00e7os de otimiza\u00e7\u00e3o de motores de busca abrangentes.<\/p>\n<h2 id=\"par2\">Como utilizar a ferramenta<\/h2>\n<h3>Passo 1: Introduza o dom\u00ednio que pretende verificar e clique no bot\u00e3o \u201cVerificar listas negras\u201d<\/h3>\n<div class=\"content__img-wrap\"><img src=\"https:\/\/sitechecker.pro\/wp-content\/uploads\/2024\/03\/domain-blacklist-checker.png\" alt=\"Verificador de lista negra de dom\u00ednios\" class=\"description-img description-img-zoom\" loading=\"lazy\" ><\/div>\n<h3>Passo 2: Receba o resultado<\/h3>\n<p>Em quest\u00e3o de segundos, obt\u00e9m todas as informa\u00e7\u00f5es sobre o seu website reunidas num relat\u00f3rio abrangente.<\/p>\n<div class=\"content__img-wrap\"><img src=\"https:\/\/sitechecker.pro\/wp-content\/uploads\/2024\/03\/spam-blacklist-checker.png\" alt=\"Verificador de lista negra de spam\" class=\"description-img description-img-zoom\" loading=\"lazy\" ><\/div>\n<p>Al\u00e9m disso, se necess\u00e1rio, pode realizar um novo teste utilizando o endere\u00e7o IP em vez do nome de dom\u00ednio.<\/p>\n<div class=\"content__img-wrap\"><img src=\"https:\/\/sitechecker.pro\/wp-content\/uploads\/2024\/03\/check-your-domain-or-ip.png\" alt=\"Verifique o seu dom\u00ednio ou IP\" class=\"description-img description-img-zoom\" loading=\"lazy\" ><\/div>\n<p>Para iniciar uma an\u00e1lise SEO abrangente, basta clicar no bot\u00e3o &#8220;Iniciar rastreio&#8221;.<\/p>\n<h2 id=\"par3\">Caracter\u00edsticas adicionais do Domain Spam Checker<\/h2>\n<p>Ao verificar se o seu dom\u00ednio est\u00e1 na lista negra, rastreamos o seu site em segundo plano. Assim, ao clicar no bot\u00e3o \u201cVerificar relat\u00f3rio\u201d no banner, obt\u00e9m um relat\u00f3rio de auditoria abrangente do website. Ajuda-o a identificar e resolver quaisquer problemas no seu site.<\/p>\n<div class=\"content__img-wrap\"><img src=\"https:\/\/sitechecker.pro\/wp-content\/uploads\/2024\/03\/site-audit.png\" alt=\"Auditoria do Site\" class=\"description-img description-img-zoom\" loading=\"lazy\" ><\/div>\n<p>Al\u00e9m disso, facilitamos as verifica\u00e7\u00f5es por IP, mesmo que n\u00e3o saiba o IP do seu site. Pode obt\u00ea-lo convenientemente clicando nas informa\u00e7\u00f5es do dom\u00ednio na p\u00e1gina de auditoria do site \u2014 basta copi\u00e1-lo a partir da\u00ed. Com isto, est\u00e1 pronto para uma verifica\u00e7\u00e3o da lista de bloqueio de IP.<\/p>\n<div class=\"content__img-wrap\"><img src=\"https:\/\/sitechecker.pro\/wp-content\/uploads\/2024\/03\/blacklist-checker-tool.png\" alt=\"Ferramenta de verifica\u00e7\u00e3o de listas negras\" class=\"description-img description-img-zoom\" loading=\"lazy\" ><\/div>\n<h2 id=\"par4\">Observa\u00e7\u00f5es finais<\/h2>\n<p>Concluindo, podemos dizer que uma Pesquisa de Lista Negra \u00e9 um software essencial para proteger o seu website ou endere\u00e7o IP. Permite determinar se foi banido, o que pode ter um impacto significativo no seu tr\u00e1fego. O verificador verifica a base de dados DNSBL e fornece uma avalia\u00e7\u00e3o completa de SEO e monitoriza\u00e7\u00e3o do website. \u00c9 simples e r\u00e1pido, entregando um relat\u00f3rio abrangente em segundos. Al\u00e9m disso, oferece uma funcionalidade de verifica\u00e7\u00e3o de lista negra de IP para total conveni\u00eancia. A import\u00e2ncia desta ferramenta para manter uma presen\u00e7a digital segura e eficiente n\u00e3o pode ser exagerada.<\/p>\n<div id=\"par5\"><\/div>\n<p><div class=\"front__faq-block\"><div class=\"faq__block-title\">FAQ<\/div><div class=\"panel-group\" id=\"faq-accordion\" itemscope itemtype=\"https:\/\/schema.org\/FAQPage\" role=\"tablist\" aria-multiselectable=\"true\"><div class=\"panel\" itemscope itemtype=\"https:\/\/schema.org\/Question\" itemprop=\"mainEntity\">\n                            <div class=\"panel-heading\" id=\"headingFaq-1\">\n                                <div class=\"panel-title\" data-toggle=\"collapse\" aria-expanded=\"false\" href=\"#collapseFaq-1\">\n                                    <h3 itemprop=\"name\">Como verificar se o meu dom\u00ednio est\u00e1 na lista negra?<\/h3>\n                                <\/div>\n                            <\/div>\n                            <div id=\"collapseFaq-1\" class=\"panel-collapse collapse\" itemprop=\"acceptedAnswer\" itemscope itemtype=\"http:\/\/schema.org\/Answer\">\n                                <div class=\"panel-body\" itemprop=\"text\">Pode utilizar o nosso verificador de lista negra de sites: introduza o dom\u00ednio, envie o pedido e veja os resultados. Isto pode ser feito pelo nome de dom\u00ednio ou pelo IP do site.<\/div>\n                            <\/div>\n                        <\/div><div class=\"panel\" itemscope itemtype=\"https:\/\/schema.org\/Question\" itemprop=\"mainEntity\">\n                            <div class=\"panel-heading\" id=\"headingFaq-2\">\n                                <div class=\"panel-title\" data-toggle=\"collapse\" aria-expanded=\"false\" href=\"#collapseFaq-2\">\n                                    <h3 itemprop=\"name\">Como verificar se o Google o colocou na lista negra?<\/h3>\n                                <\/div>\n                            <\/div>\n                            <div id=\"collapseFaq-2\" class=\"panel-collapse collapse\" itemprop=\"acceptedAnswer\" itemscope itemtype=\"http:\/\/schema.org\/Answer\">\n                                <div class=\"panel-body\" itemprop=\"text\">Utilize o nosso verificador de lista negra ou verifique o relat\u00f3rio de transpar\u00eancia do Google (transparencyreport.google.com) introduzindo o URL do seu website e enviando a consulta.<\/div>\n                            <\/div>\n                        <\/div><div class=\"panel\" itemscope itemtype=\"https:\/\/schema.org\/Question\" itemprop=\"mainEntity\">\n                            <div class=\"panel-heading\" id=\"headingFaq-3\">\n                                <div class=\"panel-title\" data-toggle=\"collapse\" aria-expanded=\"false\" href=\"#collapseFaq-3\">\n                                    <h3 itemprop=\"name\">Como fa\u00e7o para sair se o meu site estiver na lista negra?<\/h3>\n                                <\/div>\n                            <\/div>\n                            <div id=\"collapseFaq-3\" class=\"panel-collapse collapse\" itemprop=\"acceptedAnswer\" itemscope itemtype=\"http:\/\/schema.org\/Answer\">\n                                <div class=\"panel-body\" itemprop=\"text\">Se descobrir que o seu IP ou dom\u00ednio foi colocado na lista negra, \u00e9 aconselh\u00e1vel contactar cada servi\u00e7o DNSBL e enviar um pedido para remover a sua listagem. A nossa ferramenta ir\u00e1 gerar convenientemente uma lista destes servi\u00e7os para si. Embora alguns servi\u00e7os possam remover automaticamente o seu IP ou dom\u00ednio ap\u00f3s um determinado per\u00edodo de car\u00eancia, outros podem n\u00e3o o fazer.<\/div>\n                            <\/div>\n                        <\/div><\/div><\/div><\/p>","protected":false},"excerpt":{"rendered":"O que \u00e9 o Domain Blacklist Checker? O Domain Blacklist Checker do Sitechecker \u00e9 uma ferramenta online que permite aos utilizadores verificar se um dom\u00ednio ou endere\u00e7o IP est\u00e1 listado em alguma lista negra que possa afetar as suas classifica\u00e7\u00f5es de SEO e a capacidade de entrega de e-mails. Foi criado para ajudar os propriet\u00e1rios&#8230;","protected":false},"author":10409641,"featured_media":8275,"parent":0,"menu_order":0,"comment_status":"closed","ping_status":"closed","template":"pages-templates\/pages-minitools-3.php","meta":[],"categories":[73],"tags":[],"_links":{"self":[{"href":"https:\/\/sitechecker.pro\/pt\/wp-json\/wp\/v2\/pages\/8059"}],"collection":[{"href":"https:\/\/sitechecker.pro\/pt\/wp-json\/wp\/v2\/pages"}],"about":[{"href":"https:\/\/sitechecker.pro\/pt\/wp-json\/wp\/v2\/types\/page"}],"author":[{"embeddable":true,"href":"https:\/\/sitechecker.pro\/pt\/wp-json\/wp\/v2\/users\/10409641"}],"replies":[{"embeddable":true,"href":"https:\/\/sitechecker.pro\/pt\/wp-json\/wp\/v2\/comments?post=8059"}],"version-history":[{"count":57,"href":"https:\/\/sitechecker.pro\/pt\/wp-json\/wp\/v2\/pages\/8059\/revisions"}],"predecessor-version":[{"id":35779,"href":"https:\/\/sitechecker.pro\/pt\/wp-json\/wp\/v2\/pages\/8059\/revisions\/35779"}],"wp:featuredmedia":[{"embeddable":true,"href":"https:\/\/sitechecker.pro\/pt\/wp-json\/wp\/v2\/media\/8275"}],"wp:attachment":[{"href":"https:\/\/sitechecker.pro\/pt\/wp-json\/wp\/v2\/media?parent=8059"}],"wp:term":[{"taxonomy":"category","embeddable":true,"href":"https:\/\/sitechecker.pro\/pt\/wp-json\/wp\/v2\/categories?post=8059"},{"taxonomy":"post_tag","embeddable":true,"href":"https:\/\/sitechecker.pro\/pt\/wp-json\/wp\/v2\/tags?post=8059"}],"curies":[{"name":"wp","href":"https:\/\/api.w.org\/{rel}","templated":true}]}}