{"id":795,"date":"2023-12-07T12:41:26","date_gmt":"2023-12-07T12:41:26","guid":{"rendered":"https:\/\/sitechecker.pro\/?page_id=795"},"modified":"2024-10-10T09:50:17","modified_gmt":"2024-10-10T09:50:17","slug":"google-bot","status":"publish","type":"page","link":"https:\/\/sitechecker.pro\/pt\/google-bot\/","title":{"rendered":"Otimiza\u00e7\u00e3o do Googlebot: Descubra 6 Estrat\u00e9gias para Melhor Otimizar seu Site"},"content":{"rendered":"<p>Muito provavelmente, voc\u00ea conhece SEO e seus melhores usos: o valor da estrutura do site, as regras de marca\u00e7\u00e3o, o preenchimento de palavras-chave, o valor da otimiza\u00e7\u00e3o de conte\u00fado exclusivo, e outros, ent\u00e3o voc\u00ea pode ter ouvido falar dos bots do Google. No entanto, o que voc\u00ea conhece dos bots do Google? Esse fen\u00f4meno difere da j\u00e1 conhecida otimiza\u00e7\u00e3o SEO, porque \u00e9 realizada a um n\u00edvel profundo. Se a otimiza\u00e7\u00e3o SEO lida com a otimiza\u00e7\u00e3o de um texto para consultas SE, o Google bot \u00e9 um processo de otimiza\u00e7\u00e3o de sites para Google Spiders. Claro, esses processos t\u00eam semelhan\u00e7as, mas nos permitam esclarecer suas principais diferen\u00e7as porque isso pode influenciar profundamente no seu site. Aqui vou falar do fen\u00f4meno de rastreamento de site, pois \u00e9 o principal problema no qual todos devem prestar aten\u00e7\u00e3o se falarmos de uma pesquisa de website.<\/p>\n<p>&nbsp;<\/p>\n<h2>\u00cdndice<\/h2>\n<p>&nbsp;<\/p>\n<ul>\n<li><a href=\"#whatis\">O que \u00e9 Googlebot?<\/a><\/li>\n<li><a href=\"#6strategies\">6 estrat\u00e9gias sobre como otimizar seu site melhor para o rastreamento do Googlebot<\/a>\n<ul>\n<li><a href=\"#notoverdo\">Excesso n\u00e3o \u00e9 bom<\/a><\/li>\n<li><a href=\"#robotsunderestmating\">N\u00e3o subestime o arquivo robots.txt<\/a><\/li>\n<li><a href=\"#uniquecontent\">O conte\u00fado \u00fatil e exclusivo realmente importa<\/a><\/li>\n<li><a href=\"#scroll\">Obtendo p\u00e1ginas de rolagem m\u00e1gica<\/a><\/li>\n<li><a href=\"#internallinks\">Voc\u00ea deveria come\u00e7ar a usar links internos<\/a><\/li>\n<li><a href=\"#sitemapvital\">Sitemap.xml \u00e9 vital<\/a><\/li>\n<\/ul>\n<\/li>\n<li><a href=\"#analyzebot\">Como analisar a atividade do Googlebot<\/a>\n<ul>\n<li><a href=\"#crawlingerrors\">Erros comuns de rastreamento<\/a><\/li>\n<li><a href=\"#sitemaps\">Sitemaps<\/a><\/li>\n<li><a href=\"#fetching\">Fetching<\/a><\/li>\n<li><a href=\"#crawlstats\">Estat\u00edsticas de rastreamento<\/a><\/li>\n<li><a href=\"#urlparameters\">Os par\u00e2metros do URL<\/a><\/li>\n<\/ul>\n<\/li>\n<\/ul>\n<p>&nbsp;<\/p>\n<h2 id=\"whatis\">O que \u00e9 Googlebot?<\/h2>\n<p>&nbsp;<\/p>\n<p>Os rastreadores do site ou os bots do Google s\u00e3o rob\u00f4s que examinam uma p\u00e1gina da Web e criam um \u00edndice. Se uma p\u00e1gina da Web permitir um acesso bot, esse bot adiciona esta p\u00e1gina a um \u00edndice, e somente ent\u00e3o, essa p\u00e1gina torna-se acess\u00edvel para os usu\u00e1rios. Se voc\u00ea deseja ver como esse processo \u00e9 realizado, verifique aqui. Se voc\u00ea deseja entender o processo de otimiza\u00e7\u00e3o do Googlebot, voc\u00ea precisa entender como exatamente uma Google spider digitaliza um site. Aqui est\u00e3o os quatro passos:<\/p>\n<p>&nbsp;<\/p>\n<h3>Se uma p\u00e1gina da web tiver um alto n\u00edvel de ranking de p\u00e1gina, o Google Spider passar\u00e1 mais tempo rastreando.<\/h3>\n<p>Aqui podemos conversar sobre o \u201cCrawl Budget\u201d, que \u00e9 a quantidade exata de tempo gasto por rob\u00f4s da web na digitaliza\u00e7\u00e3o de um determinado site: quanto maior a autoridade da webpage mais budget ir\u00e1 receber.<\/p>\n<p>&nbsp;<\/p>\n<h3>Os rob\u00f4s do Google rastreiam um site constantemente<\/h3>\n<p>O que o Google diz sobre isto: \u201co rob\u00f4 do Google n\u00e3o tem acesso a um site mais de uma vez a cada segundo\u201d. Isso significa que o seu site est\u00e1 sob controle constante dos web spiders que tiverem acesso a ele. Hoje, muitos gerentes de SEO argumentam sobre a chamada \u201ctaxa de rastreamento\u201d e tentam encontrar uma maneira ideal de rastrear o site para obter o n\u00edvel mais alto no ranking. No entanto, podemos falar de erro de interpreta\u00e7\u00e3o em \u201ctaxa de rastreamento\u201d que \u00e9 a velocidade dos pedidos do rob\u00f4 do Google, em vez de rastrear a repeti\u00e7\u00e3o. Voc\u00ea pode at\u00e9 modificar as taxas utilizando as ferramentas para webmasters. O grande n\u00famero de backlinks, singularidades e men\u00e7\u00f5es sociais influenciam sua posi\u00e7\u00e3o nos <a href=\"https:\/\/sitechecker.pro\/pt\/serp\/\">resultados de pesquisa<\/a>. Devemos tamb\u00e9m notar que as Web Spiders n\u00e3o digitalizam cada p\u00e1gina constantemente, portanto, estrat\u00e9gias de conte\u00fados constantes s\u00e3o muito importantes, pois o conte\u00fado \u00fanico e \u00fatil atrai a aten\u00e7\u00e3o do bot.<\/p>\n<p>&nbsp;<\/p>\n<h3>O arquivo Robots.txt \u00e9 a primeira coisa que os rob\u00f4s do Google exploram para obter um roteiro para o rastreamento do site.<\/h3>\n<p>Isso significa que se uma p\u00e1gina estiver marcada como n\u00e3o permitida neste arquivo, os rob\u00f4s n\u00e3o poder\u00e3o digitalizar e indexar.<\/p>\n<p>&nbsp;<\/p>\n<h3>O Sitemap XML \u00e9 um guia para os bots do Google<\/h3>\n<p><a href=\"https:\/\/sitechecker.pro\/pt\/xml-sitemap\/\">O Sitemap XML<\/a> ajuda os rob\u00f4s a descobrir quais locais precisam ser rastreados e indexados, pois pode haver diferen\u00e7as na estrutura e organiza\u00e7\u00e3o do site, portanto, esse processo pode n\u00e3o ser autom\u00e1tico O bom Sitemap pode ajudar as p\u00e1ginas como baixo n\u00edvel de classifica\u00e7\u00e3o, alguns backlinks e conte\u00fado in\u00fatil, al\u00e9m de ajudar o Google a lidar com imagens, not\u00edcias, v\u00eddeos, etc.<\/p>\n<p>&nbsp;<\/p>\n<h2 id=\"6strategies\">6 estrat\u00e9gias sobre como otimizar seu site melhor para o rastreamento do Googlebot<\/h2>\n<p>&nbsp;<\/p>\n<p>Como voc\u00ea entendeu, a otimiza\u00e7\u00e3o do Google Spider deve ser feita antes que qualquer etapa para a otimiza\u00e7\u00e3o do SE seja tomada. Assim, consideremos agora o que voc\u00ea deve fazer para facilitar o processo de indexa\u00e7\u00e3o dos bots do Google.<\/p>\n<p>&nbsp;<\/p>\n<h3 id=\"notoverdo\">Overdoing n\u00e3o \u00e9 bom<\/h3>\n<p>Voc\u00ea sabe que o Googlebots n\u00e3o pode scanear v\u00e1rios frames, Flash, JavaScript, DHTML, bem como o conhecido HTML. Al\u00e9m disso, o Google ainda n\u00e3o esclareceu se o Googlebot \u00e9 capaz de rastrear o Ajax e o JavaScript, portanto \u00e9 melhor voc\u00ea n\u00e3o os usar ao criar seu site. Embora o Matt Cutts declare que o JavaScript pode ser aberto para web spiders, tais evid\u00eancias como as Diretrizes para webmasters do Google refutam isso: \u201cSe coisas como cookies, v\u00e1rios frames, Flash ou Java Script n\u00e3o podem ser vistos em um navegador de texto, as spiders n\u00e3o poder\u00e3o rastrear esse site.\u201d Para mim o JavaScript n\u00e3o pode ser usado demais.<\/p>\n<p>&nbsp;<\/p>\n<h3 id=\"robotsunderestimating\">N\u00e3o subestime o arquivo robots.txt<\/h3>\n<p>Voc\u00ea j\u00e1 pensou no prop\u00f3sito do arquivo <a href=\"https:\/\/sitechecker.pro\/pt\/robots-tester\/\">robot.txt<\/a>? \u00c9 o arquivo mais utilizado em muitas estrat\u00e9gias de SEO, mas \u00e9 realmente \u00fatil? Em primeiro lugar, este arquivo \u00e9 uma diretriz para todas as web spiders, portanto o rob\u00f4 do Google ir\u00e1 gastar \u201ccrawl budget\u201d em qualquer p\u00e1gina do seu website. Em segundo lugar, voc\u00ea deve decidir em qual arquivo os rob\u00f4s devem escanear, portanto, se houver um arquivo que seja proibido rastrear, voc\u00ea poder\u00e1 indic\u00e1-lo no seu arquivo robots.txt. Por que fazer isso? Se houver p\u00e1ginas que n\u00e3o devem ser rastreadas, o Googlebot ir\u00e1 ver imediatamente e digitalizar\u00e1 a parte mais importante do seu site. No entanto, minha sugest\u00e3o n\u00e3o bloqueia o que deve ser bloqueado. Se voc\u00ea n\u00e3o indicar que algo n\u00e3o \u00e9 permitido rastrear, o bot ir\u00e1 rastrear tudo por padr\u00e3o. Assim, a fun\u00e7\u00e3o principal do arquivo robots.txt ir\u00e1 indicar onde ele n\u00e3o deveria ir.<\/p>\n<p>&nbsp;<\/p>\n<h3 id=\"uniquecontent\">O conte\u00fado \u00fatil e exclusivo realmente importa<\/h3>\n<p>A regra \u00e9 que o conte\u00fado que \u00e9 rastreado com mais frequ\u00eancia, tem como resultado um maior tr\u00e1fego. Apesar de o PageRank determinar a frequ\u00eancia do rastreamento, ele pode se desviar quando se fala de utilidade e atualiza\u00e7\u00f5es das p\u00e1ginas que possuem um PageRank similar. Assim, o objetivo principal \u00e9 escanear regularmente as p\u00e1ginas com ranking baixo. AJ Kohn disse uma vez: \u201cVoc\u00ea \u00e9 um vencedor se voc\u00ea transformar as suas p\u00e1ginas com ranking baixo, naquelas que s\u00e3o escaneadas mais frequentemente do que as concorrentes.\u201d<\/p>\n<p>&nbsp;<\/p>\n<h3 id=\"scroll\">Obtendo p\u00e1ginas de rolagem m\u00e1gica<\/h3>\n<p>Se o seu site tiver essas p\u00e1ginas de rolagem infinitas, isso n\u00e3o significa que voc\u00ea n\u00e3o tem chances de otimiza\u00e7\u00e3o do Googlebot. Portanto, voc\u00ea deve se certificar de que essas p\u00e1ginas da Web estejam de acordo com as diretrizes do Google.<\/p>\n<p>&nbsp;<\/p>\n<h3 id=\"internallinks\">Voc\u00ea deve come\u00e7ar a usar links internos<\/h3>\n<p>Isso \u00e9 muito importante utilizar se voc\u00ea deseja tornar o processo de digitaliza\u00e7\u00e3o muito mais f\u00e1cil para o Googlebots. Se seus links forem pequenos e consolidados, o processo de digitaliza\u00e7\u00e3o ser\u00e1 muito mais eficaz. Se voc\u00ea deseja obter uma an\u00e1lise de seus hiperlinks internos, voc\u00ea pode fazer isso acessando as ferramentas do Google para webmasters, busque ent\u00e3o Tr\u00e1fego e escolha a se\u00e7\u00e3o Liga\u00e7\u00f5es Internas. Se as p\u00e1ginas da Web est\u00e3o no topo da lista, elas cont\u00eam um conte\u00fado \u00fatil.<\/p>\n<p>&nbsp;<\/p>\n<div class=\"content__img-wrap\"><img src=\"https:\/\/sitechecker.pro\/wp-content\/uploads\/2017\/12\/internal-link-in-google-search-console.jpg\" alt=\"Google bots for internal linking\" class=\"description-img description-img-zoom\" loading=\"lazy\" ><\/div>\n<p>&nbsp;<\/p>\n<h3 id=\"sitemapvital\">Sitemap.xml \u00e9 vital<\/h3>\n<p>O sitemap fornece instru\u00e7\u00f5es para o Googlebot sobre como acessar um site; \u00e9 simplesmente um mapa para seguir. Por que \u00e9 utilizado ent\u00e3o? muitos sites hoje n\u00e3o s\u00e3o f\u00e1ceis de digitalizar, e essas dificuldades podem tornar o processo de rastreamento muito complicado. Assim, as se\u00e7\u00f5es do seu site que podem confundir a web spider est\u00e3o indicadas no sitemap, e isso pode garantir que todas as \u00e1reas do site sejam rastreadas.<\/p>\n<p>&nbsp;<\/p>\n<h2 id=\"analyzebot\">Como analisar a atividade do Googlebot?<\/h2>\n<p>&nbsp;<\/p>\n<p>Se voc\u00ea deseja ver a atividade do Googlebot realizada em seu site, voc\u00ea poder\u00e1 utilizar as ferramentas do Google para webmasters. Al\u00e9m disso, aconselhamos que voc\u00ea verifique regularmente os dados fornecidos por este servi\u00e7o, pois mostrar\u00e1 se ocorrem alguns problemas ao rastrear. Basta verificar a se\u00e7\u00e3o \u201cRastrear\u201d em suas ferramentas para webmasters.<\/p>\n<p>&nbsp;<\/p>\n<h3 id=\"crawlingerrors\">Erros comuns de rastreamento<\/h3>\n<p>Voc\u00ea pode verificar se seu site enfrenta problemas com o processo de digitaliza\u00e7\u00e3o. Assim, voc\u00ea n\u00e3o ter\u00e1 nenhum problema de status ou ter\u00e1 bandeiras vermelhas, por exemplo, p\u00e1ginas que deveriam ter sido carregadas a partir \u00faltimo link. Portanto, eis o primeiro passo que voc\u00ea deve seguir, quando se fala de otimiza\u00e7\u00e3o do Googlebot. Alguns sites podem ter pequenos erros de varredura, mas isso n\u00e3o significa que eles ir\u00e3o influenciar o tr\u00e1fego ou ranking. No entanto, com a passagem do tempo, tais problemas podem resultar em decl\u00ednio do tr\u00e1fego. Aqui voc\u00ea pode encontrar alguns exemplos de tal site:<\/p>\n<p>&nbsp;<\/p>\n<div class=\"content__img-wrap\"><img src=\"https:\/\/sitechecker.pro\/wp-content\/uploads\/2017\/12\/crawl-errors-in-google-webmasters.png\" alt=\"Common crawl errors\" class=\"description-img description-img-zoom\" loading=\"lazy\" ><\/div>\n<p>&nbsp;<\/p>\n<h3 id=\"sitemaps\">Sitemaps<\/h3>\n<p>Voc\u00ea pode usar essa fun\u00e7\u00e3o se desejar trabalhar com seu sitemap: examine, adicione ou descubra o conte\u00fado que est\u00e1 sendo indexado.<\/p>\n<p>&nbsp;<\/p>\n<div class=\"content__img-wrap\"><img src=\"https:\/\/sitechecker.pro\/wp-content\/uploads\/2017\/12\/sitemap-screen.png\" alt=\"What is Google bot and how does it work with sitemap\" class=\"description-img description-img-zoom\" loading=\"lazy\" ><\/div>\n<p>&nbsp;<\/p>\n<h3 id=\"fetching\">Fetching<\/h3>\n<p>A Se\u00e7\u00e3o \u201cBuscar como Google\u201d ajuda voc\u00ea a ver seu site \/ p\u00e1gina da maneira como o Google o v\u00ea.<\/p>\n<p>&nbsp;<\/p>\n<div class=\"content__img-wrap\"><img src=\"https:\/\/sitechecker.pro\/wp-content\/uploads\/2017\/12\/fetch-as-google.png\" alt=\"Fetch as Google function\" class=\"description-img description-img-zoom\" loading=\"lazy\" ><\/div>\n<p>&nbsp;<\/p>\n<h3 id=\"crawlstats\">Estat\u00edsticas de rastreamento<\/h3>\n<p>O Google tamb\u00e9m poder\u00e1 lhe dizer a quantidade de dados processados por dia pelo web spider. Assim, se voc\u00ea publicar um conte\u00fado novo regularmente, voc\u00ea ter\u00e1 um resultado estatisticamente positivo.<\/p>\n<p>&nbsp;<\/p>\n<div class=\"content__img-wrap\"><img src=\"https:\/\/sitechecker.pro\/wp-content\/uploads\/2017\/12\/crawl-stats-from-site-crawlers.png\" alt=\"Google Search Console screen with crawl stats\" class=\"description-img description-img-zoom\" loading=\"lazy\" ><\/div>\n<p>&nbsp;<\/p>\n<h3 id=\"urlparameters\">Os par\u00e2metros do URL<\/h3>\n<p>Esta se\u00e7\u00e3o pode ajud\u00e1-lo a descobrir como o Google rastreia e indexa seu site, usando <a href=\"https:\/\/sitechecker.pro\/pt\/what-is-url\/\">par\u00e2metros URL<\/a>. No entanto, no modo padr\u00e3o, todas as p\u00e1ginas s\u00e3o rastreadas devido as decis\u00f5es da web spider:<\/p>\n<p>&nbsp;<\/p>\n<div class=\"content__img-wrap\"><img src=\"https:\/\/sitechecker.pro\/wp-content\/uploads\/2017\/12\/url-parameters.png\" alt=\"Url parameters in GWT\" class=\"description-img description-img-zoom\" loading=\"lazy\" ><\/div>\n<p id=\"check\">\n<p><\/p>","protected":false},"excerpt":{"rendered":"Muito provavelmente, voc\u00ea conhece SEO e seus melhores usos: o valor da estrutura do site, as regras de marca\u00e7\u00e3o, o preenchimento de palavras-chave, o valor da otimiza\u00e7\u00e3o de conte\u00fado exclusivo, e outros, ent\u00e3o voc\u00ea pode ter ouvido falar dos bots do Google. No entanto, o que voc\u00ea conhece dos bots do Google? Esse fen\u00f4meno difere&#8230;","protected":false},"author":11474150,"featured_media":3425,"parent":0,"menu_order":0,"comment_status":"closed","ping_status":"closed","template":"pages-templates\/pages-v2.php","meta":[],"categories":[31],"tags":[],"_links":{"self":[{"href":"https:\/\/sitechecker.pro\/pt\/wp-json\/wp\/v2\/pages\/795"}],"collection":[{"href":"https:\/\/sitechecker.pro\/pt\/wp-json\/wp\/v2\/pages"}],"about":[{"href":"https:\/\/sitechecker.pro\/pt\/wp-json\/wp\/v2\/types\/page"}],"author":[{"embeddable":true,"href":"https:\/\/sitechecker.pro\/pt\/wp-json\/wp\/v2\/users\/11474150"}],"replies":[{"embeddable":true,"href":"https:\/\/sitechecker.pro\/pt\/wp-json\/wp\/v2\/comments?post=795"}],"version-history":[{"count":63,"href":"https:\/\/sitechecker.pro\/pt\/wp-json\/wp\/v2\/pages\/795\/revisions"}],"predecessor-version":[{"id":33853,"href":"https:\/\/sitechecker.pro\/pt\/wp-json\/wp\/v2\/pages\/795\/revisions\/33853"}],"wp:featuredmedia":[{"embeddable":true,"href":"https:\/\/sitechecker.pro\/pt\/wp-json\/wp\/v2\/media\/3425"}],"wp:attachment":[{"href":"https:\/\/sitechecker.pro\/pt\/wp-json\/wp\/v2\/media?parent=795"}],"wp:term":[{"taxonomy":"category","embeddable":true,"href":"https:\/\/sitechecker.pro\/pt\/wp-json\/wp\/v2\/categories?post=795"},{"taxonomy":"post_tag","embeddable":true,"href":"https:\/\/sitechecker.pro\/pt\/wp-json\/wp\/v2\/tags?post=795"}],"curies":[{"name":"wp","href":"https:\/\/api.w.org\/{rel}","templated":true}]}}