{"id":7889,"date":"2019-09-05T14:00:00","date_gmt":"2019-09-05T14:00:00","guid":{"rendered":"https:\/\/sitechecker.pro\/?page_id=7889"},"modified":"2025-02-13T12:50:05","modified_gmt":"2025-02-13T12:50:05","slug":"cloaking-checker","status":"publish","type":"page","link":"https:\/\/sitechecker.pro\/pt\/cloaking-checker\/","title":{"rendered":"Verificador de camuflagem de sites \u2611 Cloaking Checker"},"content":{"rendered":"<p><\/p>\n<h2 id=\"par1\">O que \u00e9 a ferramenta Verificador de camuflagem de sites?<\/h2>\n<p>O Cloaking Checker do <a href=\"http:\/\/Sitechecker.pro\" target=\"_blank\" rel=\"noopener noreferrer\">Sitechecker<\/a> foi projetado para identificar inst\u00e2ncias do <a href=\"https:\/\/sitechecker .pro\/what-is-seo-cloaking\/\" target=\"_blank\" rel=\"noopener noreferrer\">cloaking<\/a>, onde uma vers\u00e3o diferente do texto \u00e9 exibida quando um bot de mecanismo de pesquisa visualiza o site em compara\u00e7\u00e3o com um visitante comum. A ferramenta analisa o conte\u00fado entregue em resposta \u00e0s solicita\u00e7\u00f5es do rob\u00f4 do mecanismo de busca e o compara com o que um usu\u00e1rio t\u00edpico v\u00ea para detectar quaisquer discrep\u00e2ncias.<\/p>\n<h3>Como a ferramenta Cloaking Checker pode ajudar voc\u00ea?<\/h3>\n<ul>\n<li>Identifica quaisquer inst\u00e2ncias de scripts de cloaking que s\u00e3o expostos aos rob\u00f4s dos mecanismos de pesquisa, mas ocultos ao olho humano.<\/li>\n<li>Avalia a qualidade geral do conte\u00fado, identificando erros e fornecendo recomenda\u00e7\u00f5es direcionadas para sua retifica\u00e7\u00e3o.<\/li>\n<li>Detecta conte\u00fado duplicado em todo o site e identifica as p\u00e1ginas espec\u00edficas onde esse conte\u00fado \u00e9 indexado por rob\u00f4s de mecanismos de pesquisa.<\/li>\n<\/ul>\n<h3>Principais recursos do Localizador de cloaking de sites<\/h3>\n<ul>\n<li><strong>Painel unificado: <\/strong>esta plataforma central exibe resultados de detec\u00e7\u00e3o de cloaking. Ele tamb\u00e9m mostra outras m\u00e9tricas vitais de SEO, agilizando a revis\u00e3o da transpar\u00eancia do mecanismo de pesquisa do seu site.<\/li>\n<li><strong>Interface intuitiva: <\/strong>O Cloaking Checker foi desenvolvido pensando na acessibilidade do usu\u00e1rio, permitindo que os usu\u00e1rios investiguem e resolvam facilmente problemas de SEO sem a necessidade de amplo conhecimento t\u00e9cnico.<\/li>\n<li><strong><a href=\"https:\/\/sitechecker.pro\/on-page-seo-checker\/\" rel=\"noopener noreferrer\" target=\"_blank\">auditoria de SEO<\/a> abrangente: <\/strong>Essa ferramenta faz parte de um conjunto mais amplo de auditoria de SEO que examina tudo, desde a exclusividade do conte\u00fado at\u00e9 o desempenho do SERP, fornecendo uma abordagem hol\u00edstica para melhorar a visibilidade do mecanismo de pesquisa do seu site.<\/li>\n<\/ul>\n<h2 id=\"par2\">Usando a ferramenta online Cloaking Checker<\/h2>\n<p>Criamos uma ferramenta profissional gratuita para verificar a camuflagem de URL e ver se um site est\u00e1 usando essa tecnologia. Voc\u00ea pode detectar cloaking se houver uma vers\u00e3o alternativa do conte\u00fado mostrado ao rob\u00f4 do mecanismo de pesquisa.<\/p>\n<h3>Etapa 1: Insira o dom\u00ednio do seu site<\/h3>\n<p>Comece sua jornada sem esfor\u00e7o! Voc\u00ea pode inserir seu URL abaixo ou inscrever-se via Google ou Facebook. \u00c9 t\u00e3o f\u00e1cil e r\u00e1pido quanto isso!<\/p>\n<div class=\"content__img-wrap\"><img src=\"https:\/\/sitechecker.pro\/wp-content\/uploads\/2023\/11\/website-cloaking-checker.png\" alt=\"Verificador de camuflagem de sites\" class=\"description-img description-img-zoom\" loading=\"lazy\" ><\/div>\n<div class=\"important-block\">Para receber todos os resultados de pesquisa e acesso aos recursos do Sitechecker por 14 dias, inicie seu teste GRATUITO. A inscri\u00e7\u00e3o \u00e9 f\u00e1cil com seu e-mail, conta do Google ou Facebook. N\u00e3o \u00e9 necess\u00e1rio cart\u00e3o de cr\u00e9dito.<\/div>\n<h3>Etapa 2: Interpretar os resultados do verificador de cloaking de SEO em<\/h3>\n<p>Assim que a verifica\u00e7\u00e3o for conclu\u00edda, voc\u00ea obter\u00e1 os resultados. Verifique se existe uma vers\u00e3o alternativa indexada do conte\u00fado em uma p\u00e1gina espec\u00edfica do site.<\/p>\n<p>No entanto, n\u00e3o se apresse em concluir que as t\u00e9cnicas de spamdexing no site s\u00e3o inequivocamente negativas. Descubra em que formato esse m\u00e9todo \u00e9 usado e s\u00f3 ent\u00e3o tome medidas para eliminar a camuflagem.<\/p>\n<div class=\"content__img-wrap\"><img src=\"https:\/\/sitechecker.pro\/wp-content\/uploads\/2023\/11\/cloaking-checker-results.png\" alt=\"Resultados do verificador de cloaking de site\" class=\"description-img description-img-zoom\" loading=\"lazy\" ><\/div>\n<p>Al\u00e9m disso, usando o Google Cloaking Checker, voc\u00ea pode identificar v\u00e1rios outros aspectos cr\u00edticos da escrita de conte\u00fado de qualidade que podem potencialmente influenciar suas classifica\u00e7\u00f5es SERP. Obtenha uma compreens\u00e3o mais completa desses problemas pressionando um bot\u00e3o. O recurso \u201cVerificar Relat\u00f3rio\u201d fornecer\u00e1 um relat\u00f3rio aprofundado sobre os problemas de conte\u00fado presentes.<\/p>\n<h2 id=\"par3\">Recursos adicionais do verificador de t\u00e9cnica de camuflagem<\/h2>\n<p>Esta interface serve para demonstrar a sa\u00fade do site em termos de SEO e identificar \u00e1reas que precisam de melhorias.<\/p>\n<h3>Os principais elementos incluem<\/h3>\n<ul>\n<li><strong>Resumo da auditoria do site: <\/strong>na parte superior, h\u00e1 um resumo com m\u00e9tricas cr\u00edticas como &#8216;Cr\u00edticos&#8217;, &#8216;Avisos&#8217;, &#8216;Oportunidades&#8217;, &#8216;Avisos&#8217;, &#8216;Pontua\u00e7\u00e3o do site&#8217; e &#8216;P\u00e1ginas rastreadas .&#8217;<\/li>\n<li><strong>Lista de problemas: <\/strong>abaixo do resumo, h\u00e1 uma &#8216;Lista de problemas&#8217; categorizada em &#8216;Links&#8217;, &#8216;Indexabilidade&#8217;, &#8216;Relev\u00e2ncia do conte\u00fado&#8217; etc., detalhando problemas espec\u00edficos detectados em diferentes vers\u00f5es do site.<\/li>\n<li><strong>Porcentagem de categorias: <\/strong>\u00e0 direita, um detalhamento de &#8216;P\u00e1ginas afetadas por categoria&#8217; mostra a porcentagem de p\u00e1ginas afetadas por problemas em cada categoria.<\/li>\n<\/ul>\n<div class=\"content__img-wrap\"><img src=\"https:\/\/sitechecker.pro\/wp-content\/uploads\/2023\/11\/cloaking-checker-additional-features.png\" alt=\"Recursos adicionais do verificador de cloaking de sites\" class=\"description-img description-img-zoom\" loading=\"lazy\" ><\/div>\n<p>A interface exibe um segmento do relat\u00f3rio de auditoria do site do Hidden Text Checker de <a href=\"http:\/\/Sitechecker.pro\" target=\"_blank\" rel=\"noopener noreferrer\">Sitechecker.pro<\/a>, com foco em &#8216;Relev\u00e2ncia do conte\u00fado&#8217;. Ele lista v\u00e1rios problemas de SEO que tamb\u00e9m podem afetar o desempenho do site em outros mecanismos de pesquisa, como texto alternativo ausente e descri\u00e7\u00f5es duplicadas. Cada linha O item especifica o tipo de problema e o n\u00famero de p\u00e1ginas afetadas. Esta se\u00e7\u00e3o \u00e9 crucial para que os visitantes humanos identifiquem problemas espec\u00edficos relacionados ao conte\u00fado que precisam ser resolvidos para melhorar a otimiza\u00e7\u00e3o do mecanismo de pesquisa de seu site.<\/p>\n<div class=\"content__img-wrap\"><img src=\"https:\/\/sitechecker.pro\/wp-content\/uploads\/2023\/11\/content-relevance.png\" alt=\"Relev\u00e2ncia do conte\u00fado\" class=\"description-img description-img-zoom\" loading=\"lazy\" ><\/div>\n<p>A ferramenta Invisible Text Checker demonstra a se\u00e7\u00e3o \u2018Conte\u00fado Duplicado\u2019 da ferramenta de Auditoria de Site, indicando a sa\u00fade de SEO de um site. Ele mostra problemas espec\u00edficos que podem causar conte\u00fado duplicado aos olhos dos rastreadores de mecanismos de pesquisa, o que \u00e9 um fator cr\u00edtico para manter a visibilidade e classifica\u00e7\u00e3o da pesquisa org\u00e2nica.<\/p>\n<p>A lista serve como um instrumento de diagn\u00f3stico para propriet\u00e1rios e administradores de sites abordarem e resolverem esses problemas, otimizando assim seu site para melhor desempenho nas p\u00e1ginas de resultados de mecanismos de pesquisa (SERPs).<\/p>\n<div class=\"content__img-wrap\"><img src=\"https:\/\/sitechecker.pro\/wp-content\/uploads\/2023\/11\/duplicate-content.png\" alt=\"Conte\u00fado duplicado\" class=\"description-img description-img-zoom\" loading=\"lazy\" ><\/div>\n<h2 id=\"par4\">Ideia Final<\/h2>\n<p>O Website Cloaking Detector da <a href=\"http:\/\/Sitechecker.pro\" target=\"_blank\" rel=\"noopener noreferrer\">Sitechecker<\/a> \u00e9 uma ferramenta robusta de diagn\u00f3stico de SEO. Ele revela v\u00e1rias t\u00e9cnicas de cloaking (como parte do black hat SEO) &#8211; onde os sites apresentam conte\u00fado diferente para os bots dos mecanismos de pesquisa e para os usu\u00e1rios, o que pode prejudicar o SEO e as classifica\u00e7\u00f5es dos mecanismos de pesquisa. A ferramenta identifica scripts de cloaking, avalia conte\u00fado de qualidade, detecta conte\u00fado duplicado e oferece recomenda\u00e7\u00f5es de melhorias. Os usu\u00e1rios podem facilmente iniciar uma avalia\u00e7\u00e3o gratuita, inserir seu dom\u00ednio e interpretar os resultados com relat\u00f3rios detalhados destacando m\u00e9tricas cr\u00edticas de SEO e quest\u00f5es que precisam de aten\u00e7\u00e3o, otimizando seu site para melhor visibilidade e desempenho do mecanismo de pesquisa.<\/p>\n<div id=\"par5\"><\/div>\n<p><div class=\"front__faq-block\"><div class=\"faq__block-title\">FAQ<\/div><div class=\"panel-group\" id=\"faq-accordion\" itemscope itemtype=\"https:\/\/schema.org\/FAQPage\" role=\"tablist\" aria-multiselectable=\"true\"><div class=\"panel\" itemscope itemtype=\"https:\/\/schema.org\/Question\" itemprop=\"mainEntity\">\n                            <div class=\"panel-heading\" id=\"headingFaq-1\">\n                                <div class=\"panel-title\" data-toggle=\"collapse\" aria-expanded=\"false\" href=\"#collapseFaq-1\">\n                                    <h3 itemprop=\"name\">Posso usar o Cloaking Checker em qualquer tipo de site?<\/h3>\n                                <\/div>\n                            <\/div>\n                            <div id=\"collapseFaq-1\" class=\"panel-collapse collapse\" itemprop=\"acceptedAnswer\" itemscope itemtype=\"http:\/\/schema.org\/Answer\">\n                                <div class=\"panel-body\" itemprop=\"text\">Sim, o Cloaking Checker foi projetado para ser usado em qualquer tipo de site para detectar problemas de cloaking e garantir conformidade com SEO.<\/div>\n                            <\/div>\n                        <\/div><div class=\"panel\" itemscope itemtype=\"https:\/\/schema.org\/Question\" itemprop=\"mainEntity\">\n                            <div class=\"panel-heading\" id=\"headingFaq-2\">\n                                <div class=\"panel-title\" data-toggle=\"collapse\" aria-expanded=\"false\" href=\"#collapseFaq-2\">\n                                    <h3 itemprop=\"name\">\u00c9 necess\u00e1rio conhecimento t\u00e9cnico para usar a ferramenta Cloaking Checker?<\/h3>\n                                <\/div>\n                            <\/div>\n                            <div id=\"collapseFaq-2\" class=\"panel-collapse collapse\" itemprop=\"acceptedAnswer\" itemscope itemtype=\"http:\/\/schema.org\/Answer\">\n                                <div class=\"panel-body\" itemprop=\"text\">N\u00e3o, a ferramenta \u00e9 f\u00e1cil de usar e n\u00e3o requer conhecimento t\u00e9cnico. Os usu\u00e1rios podem simplesmente inserir o dom\u00ednio do site para iniciar a auditoria.<\/div>\n                            <\/div>\n                        <\/div><div class=\"panel\" itemscope itemtype=\"https:\/\/schema.org\/Question\" itemprop=\"mainEntity\">\n                            <div class=\"panel-heading\" id=\"headingFaq-3\">\n                                <div class=\"panel-title\" data-toggle=\"collapse\" aria-expanded=\"false\" href=\"#collapseFaq-3\">\n                                    <h3 itemprop=\"name\">Com que frequ\u00eancia devo usar o Cloaking Checker no meu site?<\/h3>\n                                <\/div>\n                            <\/div>\n                            <div id=\"collapseFaq-3\" class=\"panel-collapse collapse\" itemprop=\"acceptedAnswer\" itemscope itemtype=\"http:\/\/schema.org\/Answer\">\n                                <div class=\"panel-body\" itemprop=\"text\">\u00c9 recomend\u00e1vel usar o Cloaking Checker regularmente, especialmente depois de fazer altera\u00e7\u00f5es significativas em seu site, para garantir a sa\u00fade cont\u00ednua do SEO e uma melhor classifica\u00e7\u00e3o nos mecanismos de pesquisa.<\/div>\n                            <\/div>\n                        <\/div><\/div><\/div><\/p>","protected":false},"excerpt":{"rendered":"O que \u00e9 a ferramenta Verificador de camuflagem de sites? O Cloaking Checker do Sitechecker foi projetado para identificar inst\u00e2ncias do cloaking, onde uma vers\u00e3o diferente do texto \u00e9 exibida quando um bot de mecanismo de pesquisa visualiza o site em compara\u00e7\u00e3o com um visitante comum. A ferramenta analisa o conte\u00fado entregue em resposta \u00e0s&#8230;","protected":false},"author":10409641,"featured_media":8015,"parent":0,"menu_order":0,"comment_status":"closed","ping_status":"closed","template":"pages-templates\/pages-minitools.php","meta":[],"categories":[70],"tags":[],"_links":{"self":[{"href":"https:\/\/sitechecker.pro\/pt\/wp-json\/wp\/v2\/pages\/7889"}],"collection":[{"href":"https:\/\/sitechecker.pro\/pt\/wp-json\/wp\/v2\/pages"}],"about":[{"href":"https:\/\/sitechecker.pro\/pt\/wp-json\/wp\/v2\/types\/page"}],"author":[{"embeddable":true,"href":"https:\/\/sitechecker.pro\/pt\/wp-json\/wp\/v2\/users\/10409641"}],"replies":[{"embeddable":true,"href":"https:\/\/sitechecker.pro\/pt\/wp-json\/wp\/v2\/comments?post=7889"}],"version-history":[{"count":8,"href":"https:\/\/sitechecker.pro\/pt\/wp-json\/wp\/v2\/pages\/7889\/revisions"}],"predecessor-version":[{"id":35470,"href":"https:\/\/sitechecker.pro\/pt\/wp-json\/wp\/v2\/pages\/7889\/revisions\/35470"}],"wp:featuredmedia":[{"embeddable":true,"href":"https:\/\/sitechecker.pro\/pt\/wp-json\/wp\/v2\/media\/8015"}],"wp:attachment":[{"href":"https:\/\/sitechecker.pro\/pt\/wp-json\/wp\/v2\/media?parent=7889"}],"wp:term":[{"taxonomy":"category","embeddable":true,"href":"https:\/\/sitechecker.pro\/pt\/wp-json\/wp\/v2\/categories?post=7889"},{"taxonomy":"post_tag","embeddable":true,"href":"https:\/\/sitechecker.pro\/pt\/wp-json\/wp\/v2\/tags?post=7889"}],"curies":[{"name":"wp","href":"https:\/\/api.w.org\/{rel}","templated":true}]}}