{"id":7887,"date":"2019-09-05T13:55:01","date_gmt":"2019-09-05T13:55:01","guid":{"rendered":"https:\/\/sitechecker.pro\/?page_id=7887"},"modified":"2026-02-13T16:48:55","modified_gmt":"2026-02-13T16:48:55","slug":"link-extractor","status":"publish","type":"page","link":"https:\/\/sitechecker.pro\/pt\/link-extractor\/","title":{"rendered":"Link Extractor: Obter todos os links de um site \u2611"},"content":{"rendered":"<p><\/p>\n<h2 id=\"par1\">O que \u00e9 um extrator de liga\u00e7\u00f5es?<\/h2>\n<p>A ferramenta extratora de links serve para capturar todos os links de um site ou extrair links de uma p\u00e1gina espec\u00edfica, incluindo <a href=\"https:\/\/sitechecker.pro\/internal-links\/\" target=\"_blank\" rel=\"noopener noreferrer\">links internos<\/a> e backlinks internos, \u00e2ncoras de backlinks internos e <a href=\"https:\/\/sitechecker.pro\/external-links\/\" target=\"_blank\" rel=\"noopener noreferrer\">links de sa\u00edda<\/a> para cada URL do site.<\/p>\n<h3>Em que \u00e9 que esta ferramenta o pode ajudar?<\/h3>\n<p><strong>Extra\u00e7\u00e3o de todos os links: <\/strong>Pode capturar todos os links de um site ou p\u00e1gina espec\u00edfica. Isto inclui links internos e links externos de sa\u00edda.<\/p>\n<p><strong>Identifica todas as \u00e2ncoras ligadas \u00e0 p\u00e1gina de destino. <\/strong>Descubra todos os links \u00e2ncora que direcionam para a sua landing page.<\/p>\n<p><strong>An\u00e1lise detalhada de liga\u00e7\u00f5es internas: <\/strong>A ferramenta fornece dados abrangentes sobre endere\u00e7os de hiperliga\u00e7\u00f5es internas, incluindo backlinks internos.<\/p>\n<p><strong>Identifica\u00e7\u00e3o de problemas relacionados com links: <\/strong>ajuda a detetar problemas no seu website, fornecendo uma lista exaustiva de URLs problem\u00e1ticos.<\/p>\n<p><strong>Rastreio e Monitoriza\u00e7\u00e3o Cont\u00ednua: <\/strong>Oferece recursos para o rastreio e monitoriza\u00e7\u00e3o cont\u00ednuos de endere\u00e7os de hiperliga\u00e7\u00f5es, mantendo um registo de altera\u00e7\u00f5es e erros.<\/p>\n<h3>Recursos gerais do extrator de links de sites<\/h3>\n<p><strong>Painel de controlo unificado: <\/strong>Fornece uma plataforma centralizada onde pode aceder e gerir todas as ferramentas e dados de SEO. Este painel apresenta uma vis\u00e3o abrangente do desempenho SEO do seu website, facilitando a monitoriza\u00e7\u00e3o e an\u00e1lise das principais m\u00e9tricas.<\/p>\n<p><strong>Interface amig\u00e1vel: <\/strong>A interface foi concebida para ser intuitiva e f\u00e1cil de navegar, mesmo para quem n\u00e3o \u00e9 especialista em SEO. Esta facilidade de utiliza\u00e7\u00e3o garante que os utilizadores podem utilizar todos os recursos de forma eficaz, sem uma curva de aprendizagem acentuada.<\/p>\n<p><strong>Conjunto completo de ferramentas de SEO: <\/strong><a href=\"https:\/\/sitechecker.pro\/\" target=\"_blank\" rel=\"noopener noreferrer\">Sitechecker<\/a> oferece uma gama completa de ferramentas de SEO, cobrindo v\u00e1rios aspetos, como auditoria de websites, rastreio de classifica\u00e7\u00f5es, verifica\u00e7\u00e3o de backlinks e muito mais. Este conjunto completo de ferramentas permite uma abordagem completa e integrada para gerir e melhorar o SEO do seu website.<\/p>\n<h2 id=\"par2\">Como utilizar a ferramenta<\/h2>\n<p>Para a extra\u00e7\u00e3o de links, escolha o m\u00e9todo de dom\u00ednio para analisar <a href=\"https:\/\/sitechecker.pro\/website-link-counter\/\"> todos os links de um site<\/a> (requer uma conta e teste gratuito ), ou selecione o m\u00e9todo de p\u00e1gina \u00fanica para obter informa\u00e7\u00f5es detalhadas sobre uma p\u00e1gina espec\u00edfica (dispon\u00edvel com 1 clique, gratuitamente). Introduza o seu dom\u00ednio ou URL e clique em \u201cObter todos os links\u201d para come\u00e7ar. Depois de pronta, a ferramenta come\u00e7a a <a href=\"https:\/\/sitechecker.pro\/what-is-web-scraping\/\" target=\"_blank\" rel=\"noopener noreferrer\">raspagem<\/a> dos dados do site.<\/p>\n<div class=\"content__img-wrap\"><img src=\"https:\/\/sitechecker.pro\/wp-content\/uploads\/2024\/08\/1-Link-extractor-min.png\" alt=\"Extrator de links\" class=\"description-img description-img-zoom\" loading=\"lazy\" ><\/div>\n<h2 id=\"par3\">Verifica\u00e7\u00e3o de dom\u00ednios<\/h2>\n<h3>Passo 1: Escolha a op\u00e7\u00e3o de dom\u00ednio, introduza o dom\u00ednio que pretende analisar e clique no bot\u00e3o \u201cObter todos os links\u201d<\/h3>\n<div class=\"content__img-wrap\"><img src=\"https:\/\/sitechecker.pro\/wp-content\/uploads\/2024\/08\/2-External-link-Check-Website-min.png\" alt=\"Verifica\u00e7\u00e3o do dom\u00ednio do extrator de links\" class=\"description-img description-img-zoom\" loading=\"lazy\" ><\/div>\n<div class=\"important-block\">Para receber resultados e acesso \u00e0s funcionalidades do Sitechecker durante 14 dias, inicie o seu teste GRATUITO. A inscri\u00e7\u00e3o \u00e9 f\u00e1cil com o seu e-mail, conta Google ou Facebook. N\u00e3o \u00e9 necess\u00e1rio cart\u00e3o de cr\u00e9dito.<\/div>\n<h3>Passo 2: Interpreta\u00e7\u00e3o dos resultados do extrator de liga\u00e7\u00f5es de dom\u00ednio atrav\u00e9s da verifica\u00e7\u00e3o de dom\u00ednio<\/h3>\n<p>A verifica\u00e7\u00e3o realizada ir\u00e1 gerar uma auditoria do website para o dom\u00ednio introduzido, revelando v\u00e1rios problemas com links, como backlinks, URLs internos e externos, as suas \u00e2ncoras, c\u00f3digos de estado HTTP e atributos rel. Ao clicar em qualquer problema, pode ver quais as p\u00e1ginas afetadas e extrair uma lista de refer\u00eancias para essas p\u00e1ginas. Desta forma, identifique e resolva facilmente poss\u00edveis problemas.<\/p>\n<div class=\"content__img-wrap\"><img src=\"https:\/\/sitechecker.pro\/wp-content\/uploads\/2024\/01\/site-audit-results.png\" alt=\"Resultados da auditoria do site\" class=\"description-img description-img-zoom\" loading=\"lazy\" ><\/div>\n<p>Pretende extrair todos os URLs de um site para obter uma lista abrangente para a cria\u00e7\u00e3o de mapas de sites? J\u00e1 fizemos isso por si. Pode descarregar o mapa do site gerado a partir dos URLs que o nosso <a href=\"https:\/\/sitechecker.pro\/on-page-seo-checker\/\" target=\"_blank\" rel=\"noopener noreferrer\">verificador de SEO<\/a > j\u00e1 acompanhou anteriormente.<\/p>\n<div class=\"content__img-wrap\"><img src=\"https:\/\/sitechecker.pro\/wp-content\/uploads\/2024\/01\/generate-sitemap.png\" alt=\"Gerar Sitemap\" class=\"description-img description-img-zoom\" loading=\"lazy\" ><\/div>\n<h3>Caracter\u00edsticas adicionais do extrator de liga\u00e7\u00f5es de site<\/h3>\n<p>A ferramenta Website Link Extractor demonstra a sua capacidade de analisar e reportar v\u00e1rios problemas de SEO. No seu painel, encontrar\u00e1 uma &#8216;Lista de problemas&#8217; organizada onde poder\u00e1 rever e resolver problemas espec\u00edficos, tais como links internos excessivos, texto alternativo em falta nas imagens e texto \u00e2ncora inconsistente.<\/p>\n<p>A barra lateral fornece um detalhe estat\u00edstico das p\u00e1ginas afetadas, permitindo uma prioriza\u00e7\u00e3o e corre\u00e7\u00e3o eficientes. Esta ferramenta permite-lhe tomar medidas pr\u00e1ticas para otimizar a estrutura de URL do seu website e a sa\u00fade geral do SEO.<\/p>\n<div class=\"content__img-wrap\"><img src=\"https:\/\/sitechecker.pro\/wp-content\/uploads\/2024\/01\/issues-list-1.png\" alt=\"Lista de problemas\" class=\"description-img description-img-zoom\" loading=\"lazy\" ><\/div>\n<p>O Website Link Extractor fornece uma solu\u00e7\u00e3o simplificada para os profissionais de SEO monitorizarem e exportarem dados em URLs de sa\u00edda com atributos href malformados. Garante que os problemas podem ser resolvidos diretamente na ferramenta, com funcionalidades para visualizar o excerto de c\u00f3digo espec\u00edfico do problema. Al\u00e9m disso, a ferramenta oferece op\u00e7\u00f5es de exporta\u00e7\u00e3o robustas, incluindo CSV, Google Sheets e uma conveniente funcionalidade de c\u00f3pia de URL, otimizando o fluxo de trabalho para auditorias e manuten\u00e7\u00e3o de websites. A sua funcionalidade integrada de gera\u00e7\u00e3o de mapas de sites auxilia ainda mais na gest\u00e3o eficiente do site.<\/p>\n<p>Pode tamb\u00e9m conferir o nosso tutorial abaixo:<\/p>\n<p><iframe title=\"Leitor de v\u00eddeo do YouTube\" src=\"https:\/\/www.youtube.com\/embed\/-cexaqBe4KQ?si=vHbnAbP6SvpSyYjg\" width=\"700\" height=\"350\" frameborder=\"0\" Allowfullscreen= \"allowfullscreen \"><\/iframe><\/p>\n<h2 id=\"par4\">Verifica\u00e7\u00e3o de p\u00e1gina<\/h2>\n<div class=\"content__img-wrap\"><img src=\"https:\/\/sitechecker.pro\/wp-content\/uploads\/2024\/08\/3-External-Links-Page-Check-min.png\" alt=\"Verifica\u00e7\u00e3o da p\u00e1gina do extrator de links\" class=\"description-img description-img-zoom\" loading=\"lazy\" ><\/div>\n<p>A ferramenta online lista os URLs externos encontrados na p\u00e1gina, completos com textos \u00e2ncora e c\u00f3digos de estado HTTP, para uma revis\u00e3o detalhada.<\/p>\n<h3>Etapa 2: Interpreta\u00e7\u00e3o dos resultados atrav\u00e9s da verifica\u00e7\u00e3o da p\u00e1gina<\/h3>\n<p>Lista links externos, links internos e links de subdom\u00ednios com \u00e2ncoras e c\u00f3digos de estado correspondentes, facilitando uma an\u00e1lise f\u00e1cil dos elementos SEO de sa\u00edda.<\/p>\n<p>A ferramenta exibe a integridade de uma p\u00e1gina web com uma pontua\u00e7\u00e3o SEO e oferece acesso r\u00e1pido a informa\u00e7\u00f5es detalhadas, como c\u00f3digo de estado, indexa\u00e7\u00e3o e tamanho da p\u00e1gina.<\/p>\n<div class=\"content__img-wrap\"><img src=\"https:\/\/sitechecker.pro\/wp-content\/uploads\/2024\/01\/on-page-seo-checker-results.png\" alt=\"Resultados do verificador de SEO na p\u00e1gina\" class=\"description-img description-img-zoom\" loading=\"lazy\" ><\/div>\n<p>A ferramenta fornece uma an\u00e1lise de links internos e de subdom\u00ednios num website. Lista os links internos, exibindo o texto \u00e2ncora utilizado para cada link e o c\u00f3digo de estado HTTP, indicando a navega\u00e7\u00e3o bem-sucedida no website. Tamb\u00e9m identifica links para subdom\u00ednios, que s\u00e3o tratados separadamente, mostrando as suas \u00e2ncoras e c\u00f3digos de estado para garantir que est\u00e3o configurados corretamente para uma estrutura de website ideal e desempenho SEO.<\/p>\n<div class=\"content__img-wrap\"><img src=\"https:\/\/sitechecker.pro\/wp-content\/uploads\/2024\/01\/internal-subdomain-links-2.png\" alt=\"Links internos de subdom\u00ednio\" class=\"description-img description-img-zoom\" loading=\"lazy\" ><\/div>\n<p>A ferramenta tamb\u00e9m auxilia nos principais aspetos da otimiza\u00e7\u00e3o de sites. Identifica problemas cr\u00edticos de SEO para resolu\u00e7\u00e3o, melhora o conte\u00fado atrav\u00e9s da revis\u00e3o de t\u00edtulos e metadados, garante que os dados estruturados est\u00e3o em vigor e verifica as defini\u00e7\u00f5es adequadas do \u00edndice de pesquisa. Al\u00e9m disso, avalia a velocidade do site m\u00f3vel para melhorar a experi\u00eancia do utilizador.<\/p>\n<div class=\"content__img-wrap\"><img src=\"https:\/\/sitechecker.pro\/wp-content\/uploads\/2024\/01\/issues-overview-3.png\" alt=\"Vis\u00e3o geral dos problemas\" class=\"description-img description-img-zoom\" loading=\"lazy\" ><\/div>\n<h3>Caracter\u00edsticas adicionais de verifica\u00e7\u00e3o de p\u00e1gina<\/h3>\n<p>Para uma auditoria SEO completa do seu website, crie uma conta gratuita para realizar uma an\u00e1lise extensa at\u00e9 1.000 p\u00e1ginas. Com acesso \u00e0 sua conta, pode rever todas as p\u00e1ginas internas e externas do seu website, identificar quaisquer erros, investigar c\u00f3digos de resposta, analisar toda a estrat\u00e9gia de \u00e2ncora do seu website e assim por diante.<\/p>\n<div class=\"content__img-wrap\"><img src=\"https:\/\/sitechecker.pro\/wp-content\/uploads\/2024\/01\/full-website-audit.png\" alt=\"Auditoria completa ao site\" class=\"description-img description-img-zoom\" loading=\"lazy\" ><\/div>\n<p>Para obter uma vis\u00e3o mais completa das caracter\u00edsticas da ferramenta ap\u00f3s a verifica\u00e7\u00e3o do seu dom\u00ednio, consulte os ecr\u00e3s de verifica\u00e7\u00e3o de dom\u00ednio na primeira sec\u00e7\u00e3o deste manual. Em alternativa, o projeto de demonstra\u00e7\u00e3o interativo fornece um exemplo pr\u00e1tico de como a ferramenta o pode beneficiar.<\/p>\n<p>Al\u00e9m disso, a utiliza\u00e7\u00e3o do <a href=\"https:\/\/sitechecker.pro\/crawlability-checker\/\">Subdomain Finder<\/a> ir\u00e1 ajud\u00e1-lo a localizar e analisar todos os subdom\u00ednios associados ao seu dom\u00ednio, garantindo que est\u00e3o otimizados e livres de erros. Isto \u00e9 especialmente \u00fatil para sites grandes com v\u00e1rios subdom\u00ednios que podem precisar de aten\u00e7\u00e3o individual para melhorias de SEO.<\/p>\n<h2 id=\"par5\">Coment\u00e1rios Finais<\/h2>\n<p>Para finalizar, o localizador de links de sites extrai, analisa e monitoriza todos os links de um site, fornecendo insights abrangentes para cada URL. Deteta e ajuda a corrigir problemas relacionados com links, ao mesmo tempo que oferece recursos hol\u00edsticos de SEO, incluindo auditorias on-page e off-page, rastreio de classifica\u00e7\u00e3o e monitoriza\u00e7\u00e3o de websites. Os utilizadores podem tirar partido desta ferramenta para diversos fins, como verificar o estado do link, gerar mapas de sites ou testar novas p\u00e1ginas de destino. Com funcionalidades f\u00e1ceis de utilizar, os utilizadores podem analisar um dom\u00ednio inteiro ou uma p\u00e1gina espec\u00edfica. Al\u00e9m disso, a ferramenta oferece um sistema de relat\u00f3rios personaliz\u00e1vel, sendo ideal para consultores de SEO, profissionais de ag\u00eancias e propriet\u00e1rios de websites.<\/p>\n<div id=\"par6\"><\/div>\n<p><div class=\"front__faq-block\"><div class=\"faq__block-title\">FAQ<\/div><div class=\"panel-group\" id=\"faq-accordion\" itemscope itemtype=\"https:\/\/schema.org\/FAQPage\" role=\"tablist\" aria-multiselectable=\"true\"><div class=\"panel\" itemscope itemtype=\"https:\/\/schema.org\/Question\" itemprop=\"mainEntity\">\n                            <div class=\"panel-heading\" id=\"headingFaq-1\">\n                                <div class=\"panel-title\" data-toggle=\"collapse\" aria-expanded=\"false\" href=\"#collapseFaq-1\">\n                                    <h3 itemprop=\"name\">Como obter todos os links de um site?<\/h3>\n                                <\/div>\n                            <\/div>\n                            <div id=\"collapseFaq-1\" class=\"panel-collapse collapse\" itemprop=\"acceptedAnswer\" itemscope itemtype=\"http:\/\/schema.org\/Answer\">\n                                <div class=\"panel-body\" itemprop=\"text\">O extrator de URL permitir\u00e1 exportar todos os URLs do website ou extrair links de uma p\u00e1gina, incluindo backlinks internos, \u00e2ncoras de backlinks internos e links externos de sa\u00edda para cada URL do website.<\/div>\n                            <\/div>\n                        <\/div><div class=\"panel\" itemscope itemtype=\"https:\/\/schema.org\/Question\" itemprop=\"mainEntity\">\n                            <div class=\"panel-heading\" id=\"headingFaq-2\">\n                                <div class=\"panel-title\" data-toggle=\"collapse\" aria-expanded=\"false\" href=\"#collapseFaq-2\">\n                                    <h3 itemprop=\"name\">Como fa\u00e7o para extrair um link de uma imagem (foto)?<\/h3>\n                                <\/div>\n                            <\/div>\n                            <div id=\"collapseFaq-2\" class=\"panel-collapse collapse\" itemprop=\"acceptedAnswer\" itemscope itemtype=\"http:\/\/schema.org\/Answer\">\n                                <div class=\"panel-body\" itemprop=\"text\">A nossa ferramenta analisa todas as refer\u00eancias em cada p\u00e1gina do seu website. Assim, se precisar do URL de uma imagem, \u00e9 f\u00e1cil obt\u00ea-lo com a nossa ferramenta. Abra a sec\u00e7\u00e3o 'Imagens' na auditoria on-page, e poder\u00e1 obter\u00e1 uma lista de URLs de imagens. Al\u00e9m disso, aceder\u00e1 a dados como o tamanho da imagem, o atributo alt, o atributo title, o c\u00f3digo de estado e a permiss\u00e3o de robot.txt.<\/div>\n                            <\/div>\n                        <\/div><div class=\"panel\" itemscope itemtype=\"https:\/\/schema.org\/Question\" itemprop=\"mainEntity\">\n                            <div class=\"panel-heading\" id=\"headingFaq-3\">\n                                <div class=\"panel-title\" data-toggle=\"collapse\" aria-expanded=\"false\" href=\"#collapseFaq-3\">\n                                    <h3 itemprop=\"name\">Qual \u00e9 a extens\u00e3o do extrator de links do Chrome?<\/h3>\n                                <\/div>\n                            <\/div>\n                            <div id=\"collapseFaq-3\" class=\"panel-collapse collapse\" itemprop=\"acceptedAnswer\" itemscope itemtype=\"http:\/\/schema.org\/Answer\">\n                                <div class=\"panel-body\" itemprop=\"text\">J\u00e1 desenvolvemos uma extens\u00e3o do Google Chrome para o Sitechecker. A nossa extens\u00e3o realiza uma auditoria abrangente na p\u00e1gina, que lhe permite verificar todos os URLs. Inicie o teste gratuito e descarregue a aplica\u00e7\u00e3o Sitechecker para o seu browser Google Chrome. Depois disso, abra coloque-o na p\u00e1gina que pretende examinar e receba os resultados.<\/div>\n                            <\/div>\n                        <\/div><\/div><\/div><\/p>","protected":false},"excerpt":{"rendered":"O que \u00e9 um extrator de liga\u00e7\u00f5es? A ferramenta extratora de links serve para capturar todos os links de um site ou extrair links de uma p\u00e1gina espec\u00edfica, incluindo links internos e backlinks internos, \u00e2ncoras de backlinks internos e links de sa\u00edda para cada URL do site. Em que \u00e9 que esta ferramenta o pode&#8230;","protected":false},"author":10504980,"featured_media":7940,"parent":0,"menu_order":0,"comment_status":"closed","ping_status":"closed","template":"pages-templates\/pages-minitools-3.php","meta":[],"categories":[72],"tags":[],"_links":{"self":[{"href":"https:\/\/sitechecker.pro\/pt\/wp-json\/wp\/v2\/pages\/7887"}],"collection":[{"href":"https:\/\/sitechecker.pro\/pt\/wp-json\/wp\/v2\/pages"}],"about":[{"href":"https:\/\/sitechecker.pro\/pt\/wp-json\/wp\/v2\/types\/page"}],"author":[{"embeddable":true,"href":"https:\/\/sitechecker.pro\/pt\/wp-json\/wp\/v2\/users\/10504980"}],"replies":[{"embeddable":true,"href":"https:\/\/sitechecker.pro\/pt\/wp-json\/wp\/v2\/comments?post=7887"}],"version-history":[{"count":48,"href":"https:\/\/sitechecker.pro\/pt\/wp-json\/wp\/v2\/pages\/7887\/revisions"}],"predecessor-version":[{"id":39264,"href":"https:\/\/sitechecker.pro\/pt\/wp-json\/wp\/v2\/pages\/7887\/revisions\/39264"}],"wp:featuredmedia":[{"embeddable":true,"href":"https:\/\/sitechecker.pro\/pt\/wp-json\/wp\/v2\/media\/7940"}],"wp:attachment":[{"href":"https:\/\/sitechecker.pro\/pt\/wp-json\/wp\/v2\/media?parent=7887"}],"wp:term":[{"taxonomy":"category","embeddable":true,"href":"https:\/\/sitechecker.pro\/pt\/wp-json\/wp\/v2\/categories?post=7887"},{"taxonomy":"post_tag","embeddable":true,"href":"https:\/\/sitechecker.pro\/pt\/wp-json\/wp\/v2\/tags?post=7887"}],"curies":[{"name":"wp","href":"https:\/\/api.w.org\/{rel}","templated":true}]}}