{"id":7885,"date":"2019-09-05T13:51:52","date_gmt":"2019-09-05T13:51:52","guid":{"rendered":"https:\/\/sitechecker.pro\/?page_id=7885"},"modified":"2025-02-06T11:00:13","modified_gmt":"2025-02-06T11:00:13","slug":"page-counter","status":"publish","type":"page","link":"https:\/\/sitechecker.pro\/pt\/page-counter\/","title":{"rendered":"Contador de p\u00e1ginas do site \u2013 Verifique quantas p\u00e1ginas um site tem \u1408"},"content":{"rendered":"<p><\/p>\n<h2 id=\"par1\">O que \u00e9 um verificador do n\u00famero da p\u00e1gina do s\u00edtio Web?<\/h2>\n<p>O contador de p\u00e1ginas \u00e9 uma ferramenta que o ajuda a contar o n\u00famero de URLs no seu site. Pode ser \u00fatil para acompanhar o seu estado de indexa\u00e7\u00e3o e identificar quaisquer problemas t\u00e9cnicos. A ferramenta de contagem de URLs do site Sitechecker \u00e9 f\u00e1cil de usar e oferece uma variedade de recursos.<\/p>\n<h3>O verificador de contagem de p\u00e1ginas do site pode ajud\u00e1-lo com o seguinte<\/h3>\n<ul>\n<li>Determinar o n\u00famero total de todos os URLs no seu site.<\/li>\n<li>Identificar quais URLs do Sitemap XML s\u00e3o indexados pelos mecanismos de pesquisa do Google.<\/li>\n<li>Detetar quaisquer erros nos URLs do seu pr\u00f3prio site.<\/li>\n<li>Compreender como distribuir a equidade de links de forma eficaz em todo o seu site.<\/li>\n<\/ul>\n<h3>Principais caracter\u00edsticas de um contador de p\u00e1ginas do site<\/h3>\n<p><strong>Painel unificado: <\/strong>Um painel unificado fornece um \u00fanico local para visualizar os dados t\u00e9cnicos de sa\u00fade do seu site. Voc\u00ea pode visualizar esses dados para per\u00edodos espec\u00edficos, como hoje, ontem, na semana passada, no m\u00eas passado e no acumulado do ano.<\/p>\n<p><strong>Interface amig\u00e1vel ao usu\u00e1rio: <\/strong>Uma interface amig\u00e1vel facilita o uso e a an\u00e1lise de seus dados de tr\u00e1fego. O painel de controlo est\u00e1 bem organizado e \u00e9 f\u00e1cil de navegar.<\/p>\n<p><strong>Conjunto completo de ferramentas de SEO: <\/strong>Um conjunto completo de ferramentas de SEO inclui uma variedade de instrumentos para ajud\u00e1-lo a melhorar a classifica\u00e7\u00e3o do seu site nos resultados dos motores de busca (SERPs). Isso pode incluir ferramentas para pesquisa de palavras-chave, constru\u00e7\u00e3o de links e SEO t\u00e9cnico.<\/p>\n<h2 id=\"par2\">Como usar o contador de p\u00e1ginas do site?<\/h2>\n<p>Voc\u00ea se pergunta como encontrar facilmente o n\u00famero de p\u00e1ginas HTML em um site? A nossa ferramenta d\u00e1-lhe a resposta.<\/p>\n<h3>Passo 1: Insira o seu dom\u00ednio <\/h3>\n<p>Tudo o que tem de fazer \u00e9 introduzir o nome do dom\u00ednio e depois ver todos os URLs de um site.<\/p>\n<div class=\"content__img-wrap\"><img src=\"https:\/\/sitechecker.pro\/wp-content\/uploads\/2023\/11\/website-page-counter.png\" alt=\"Contador de p\u00e1ginas do site\" class=\"description-img description-img-zoom\" loading=\"lazy\" ><\/div>\n<div class=\"important-block\">Para receber resultados e aceder \u00e0s funcionalidades do Sitechecker&apos;s durante 14 dias, inicie o seu teste GRATUITO. O registo \u00e9 f\u00e1cil com a sua conta de e-mail, Google ou Facebook. N\u00e3o \u00e9 necess\u00e1rio cart\u00e3o de cr\u00e9dito.<\/div>\n<h3>Passo 2: Obter o resultado<\/h3>\n<p>Ap\u00f3s o rastreio, pode ver &#8220;quantos URLs existem&#8221;. Este n\u00famero indica quantos URLs o <a href=\"https:\/\/sitechecker.pro\/what-is-google-index\/\" target=\"_blank\" rel=\"noopener noreferrer\">\u00edndice do Google<\/a> tem:<\/p>\n<div class=\"content__img-wrap\"><img src=\"https:\/\/sitechecker.pro\/wp-content\/uploads\/2023\/11\/website-page-counter-results.png\" alt=\"Resultados do contador de p\u00e1ginas do site\" class=\"description-img description-img-zoom\" loading=\"lazy\" ><\/div>\n<p>Veja abaixo uma lista de problemas encontrados nos URLs rastreados. Para verificar se existem erros em todos os URLs do seu site, considere a possibilidade de atualizar o seu plano tarif\u00e1rio.<\/p>\n<div class=\"content__img-wrap\"><img src=\"https:\/\/sitechecker.pro\/wp-content\/uploads\/2023\/11\/page-counter-issues-list.png\" alt=\"Lista de problemas do contador de p\u00e1ginas\" class=\"description-img description-img-zoom\" loading=\"lazy\" ><\/div>\n<p>Para cada erro identificado, a lista inclui sugest\u00f5es de resolu\u00e7\u00e3o de problemas e especifica os URLs onde ocorreu.<\/p>\n<div class=\"content__img-wrap\"><img src=\"https:\/\/sitechecker.pro\/wp-content\/uploads\/2023\/11\/view-issue-option.png\" alt=\"Exibir op\u00e7\u00e3o de problema\" class=\"description-img description-img-zoom\" loading=\"lazy\" ><\/div>\n<h2 id=\"par3\">Caracter\u00edsticas adicionais da ferramenta Contador de p\u00e1ginas da Web<\/h2>\n<p>Al\u00e9m disso, ao clicar em &#8220;P\u00e1ginas rastreadas&#8221; ou &#8220;Exibir todas as p\u00e1ginas&#8221;, voc\u00ea pode abrir a lista de URLs com informa\u00e7\u00f5es sobre problemas, status e outros tipos de informa\u00e7\u00f5es de <a href=\"https:\/\/sitechecker.pro\/\" target=\"_blank\" rel=\"noopener noreferrer\">auditoria de SEO<\/a>.<\/p>\n<div class=\"content__img-wrap\"><img src=\"https:\/\/sitechecker.pro\/wp-content\/uploads\/2023\/11\/page-counter-view-all-pages.png\" alt=\"Contador de p\u00e1ginas Ver todas as p\u00e1ginas\" class=\"description-img description-img-zoom\" loading=\"lazy\" ><\/div>\n<div class=\"content__img-wrap\"><img src=\"https:\/\/sitechecker.pro\/wp-content\/uploads\/2023\/11\/page-counter-additional-features.png\" alt=\"Contador de p\u00e1ginas Recursos adicionais\" class=\"description-img description-img-zoom\" loading=\"lazy\" ><\/div>\n<p>Esta sec\u00e7\u00e3o apresenta uma lista categorizada de erros, permitindo-lhe orden\u00e1-los por Prioridade ou Categoria. Se o site contiver URLs quebrados ou redireccionamentos, pode filtr\u00e1-los na tabela. O indicador de peso da p\u00e1gina fornece informa\u00e7\u00f5es sobre a efic\u00e1cia da sua estrutura de liga\u00e7\u00e3o interna.<\/p>\n<p>Com estas informa\u00e7\u00f5es, pode resolver rapidamente problemas cr\u00edticos no seu pr\u00f3prio s\u00edtio Web e receber orienta\u00e7\u00f5es para otimizar o seu s\u00edtio.<\/p>\n<p>Al\u00e9m disso, confira nosso guia em v\u00eddeo sobre como usar o Page Counter na plataforma SiteChecker:<\/p>\n<p><iframe width=\"700\" height=\"350\" src=\"https:\/\/www.youtube.com\/embed\/-cexaqBe4KQ?si=4doM2SLEO-4z_i69&amp;start=213\" title=\"YouTube video player\" frameborder=\"0\" allow=\"accelerometer; autoplay; clipboard-write; encrypted-media; gyroscope; picture-in-picture; web-share\" allowfullscreen><\/iframe><\/p>\n<h2 id=\"par4\">Ideia final<\/h2>\n<p>O Website Post Counter \u00e9 uma ferramenta gratuita eficiente oferecida pelo Sitechecker que conta as p\u00e1ginas do seu site, ajudando a rastrear a indexa\u00e7\u00e3o e a identificar problemas t\u00e9cnicos. Apresenta funcionalidades f\u00e1ceis de utilizar, como a filtragem por tipo e profundidade de rastreio. Os principais benef\u00edcios incluem a capacidade de verificar a contagem total de URLs do seu site, identificar p\u00e1ginas indexadas, verificar se h\u00e1 duplicatas, detetar erros e criar estrat\u00e9gias de distribui\u00e7\u00e3o de equidade de links. O seu painel de controlo centraliza os dados t\u00e9cnicos de sa\u00fade, apresentando uma interface de f\u00e1cil utiliza\u00e7\u00e3o para an\u00e1lise de tr\u00e1fego e um conjunto completo de ferramentas de SEO para melhorar as classifica\u00e7\u00f5es SERP.<\/p>\n<div id=\"par5\"><\/div>\n<p><div class=\"front__faq-block\"><div class=\"faq__block-title\">FAQ<\/div><div class=\"panel-group\" id=\"faq-accordion\" itemscope itemtype=\"https:\/\/schema.org\/FAQPage\" role=\"tablist\" aria-multiselectable=\"true\"><div class=\"panel\" itemscope itemtype=\"https:\/\/schema.org\/Question\" itemprop=\"mainEntity\">\n                            <div class=\"panel-heading\" id=\"headingFaq-1\">\n                                <div class=\"panel-title\" data-toggle=\"collapse\" aria-expanded=\"false\" href=\"#collapseFaq-1\">\n                                    <h3 itemprop=\"name\">Qual \u00e9 o principal objetivo do Page Counter finder?<\/h3>\n                                <\/div>\n                            <\/div>\n                            <div id=\"collapseFaq-1\" class=\"panel-collapse collapse\" itemprop=\"acceptedAnswer\" itemscope itemtype=\"http:\/\/schema.org\/Answer\">\n                                <div class=\"panel-body\" itemprop=\"text\">O principal objetivo da ferramenta online Page Counter \u00e9 fornecer uma contagem do n\u00famero total de URLs no seu site, ajudar a rastrear quais os URLs que s\u00e3o indexados pelos motores de busca, identificar conte\u00fado duplicado, detetar quaisquer erros e oferecer informa\u00e7\u00f5es para otimizar a distribui\u00e7\u00e3o do capital de links.<\/div>\n                            <\/div>\n                        <\/div><div class=\"panel\" itemscope itemtype=\"https:\/\/schema.org\/Question\" itemprop=\"mainEntity\">\n                            <div class=\"panel-heading\" id=\"headingFaq-2\">\n                                <div class=\"panel-title\" data-toggle=\"collapse\" aria-expanded=\"false\" href=\"#collapseFaq-2\">\n                                    <h3 itemprop=\"name\">Como verificar quantas p\u00e1ginas tem um site?<\/h3>\n                                <\/div>\n                            <\/div>\n                            <div id=\"collapseFaq-2\" class=\"panel-collapse collapse\" itemprop=\"acceptedAnswer\" itemscope itemtype=\"http:\/\/schema.org\/Answer\">\n                                <div class=\"panel-body\" itemprop=\"text\">Utilize uma ferramenta de contagem de artigos do Web site, como o Sitechecker, introduzindo o dom\u00ednio do Web site&apos; para obter uma contagem completa de todos os seus URLs.<\/div>\n                            <\/div>\n                        <\/div><div class=\"panel\" itemscope itemtype=\"https:\/\/schema.org\/Question\" itemprop=\"mainEntity\">\n                            <div class=\"panel-heading\" id=\"headingFaq-3\">\n                                <div class=\"panel-title\" data-toggle=\"collapse\" aria-expanded=\"false\" href=\"#collapseFaq-3\">\n                                    <h3 itemprop=\"name\">Como contar URLs num Web site?<\/h3>\n                                <\/div>\n                            <\/div>\n                            <div id=\"collapseFaq-3\" class=\"panel-collapse collapse\" itemprop=\"acceptedAnswer\" itemscope itemtype=\"http:\/\/schema.org\/Answer\">\n                                <div class=\"panel-body\" itemprop=\"text\">Utilize um verificador de p\u00e1ginas de contagem de sites, introduzindo o seu nome de dom\u00ednio para contar automaticamente os URLs.<\/div>\n                            <\/div>\n                        <\/div><div class=\"panel\" itemscope itemtype=\"https:\/\/schema.org\/Question\" itemprop=\"mainEntity\">\n                            <div class=\"panel-heading\" id=\"headingFaq-4\">\n                                <div class=\"panel-title\" data-toggle=\"collapse\" aria-expanded=\"false\" href=\"#collapseFaq-4\">\n                                    <h3 itemprop=\"name\">Quantos URLs tem um site t\u00edpico?<\/h3>\n                                <\/div>\n                            <\/div>\n                            <div id=\"collapseFaq-4\" class=\"panel-collapse collapse\" itemprop=\"acceptedAnswer\" itemscope itemtype=\"http:\/\/schema.org\/Answer\">\n                                <div class=\"panel-body\" itemprop=\"text\">Um site t\u00edpico pode ter desde alguns URLs at\u00e9 centenas, dependendo do seu objetivo e escala. As pequenas empresas t\u00eam frequentemente menos de 20 URLs, por exemplo, enquanto os s\u00edtios maiores e os s\u00edtios de com\u00e9rcio eletr\u00f3nico podem ter centenas a milhares de p\u00e1ginas Web.<\/div>\n                            <\/div>\n                        <\/div><\/div><\/div><\/p>","protected":false},"excerpt":{"rendered":"O que \u00e9 um verificador do n\u00famero da p\u00e1gina do s\u00edtio Web? O contador de p\u00e1ginas \u00e9 uma ferramenta que o ajuda a contar o n\u00famero de URLs no seu site. Pode ser \u00fatil para acompanhar o seu estado de indexa\u00e7\u00e3o e identificar quaisquer problemas t\u00e9cnicos. A ferramenta de contagem de URLs do site Sitechecker&#8230;","protected":false},"author":10504980,"featured_media":7945,"parent":0,"menu_order":0,"comment_status":"closed","ping_status":"closed","template":"pages-templates\/pages-minitools.php","meta":[],"categories":[73],"tags":[],"_links":{"self":[{"href":"https:\/\/sitechecker.pro\/pt\/wp-json\/wp\/v2\/pages\/7885"}],"collection":[{"href":"https:\/\/sitechecker.pro\/pt\/wp-json\/wp\/v2\/pages"}],"about":[{"href":"https:\/\/sitechecker.pro\/pt\/wp-json\/wp\/v2\/types\/page"}],"author":[{"embeddable":true,"href":"https:\/\/sitechecker.pro\/pt\/wp-json\/wp\/v2\/users\/10504980"}],"replies":[{"embeddable":true,"href":"https:\/\/sitechecker.pro\/pt\/wp-json\/wp\/v2\/comments?post=7885"}],"version-history":[{"count":98,"href":"https:\/\/sitechecker.pro\/pt\/wp-json\/wp\/v2\/pages\/7885\/revisions"}],"predecessor-version":[{"id":35343,"href":"https:\/\/sitechecker.pro\/pt\/wp-json\/wp\/v2\/pages\/7885\/revisions\/35343"}],"wp:featuredmedia":[{"embeddable":true,"href":"https:\/\/sitechecker.pro\/pt\/wp-json\/wp\/v2\/media\/7945"}],"wp:attachment":[{"href":"https:\/\/sitechecker.pro\/pt\/wp-json\/wp\/v2\/media?parent=7885"}],"wp:term":[{"taxonomy":"category","embeddable":true,"href":"https:\/\/sitechecker.pro\/pt\/wp-json\/wp\/v2\/categories?post=7885"},{"taxonomy":"post_tag","embeddable":true,"href":"https:\/\/sitechecker.pro\/pt\/wp-json\/wp\/v2\/tags?post=7885"}],"curies":[{"name":"wp","href":"https:\/\/api.w.org\/{rel}","templated":true}]}}