{"id":7877,"date":"2019-09-05T13:03:16","date_gmt":"2019-09-05T13:03:16","guid":{"rendered":"https:\/\/sitechecker.pro\/?page_id=7877"},"modified":"2025-02-05T15:28:27","modified_gmt":"2025-02-05T15:28:27","slug":"text-to-code-ratio","status":"publish","type":"page","link":"https:\/\/sitechecker.pro\/pt\/text-to-code-ratio\/","title":{"rendered":"Verificador de rela\u00e7\u00e3o texto-c\u00f3digo HTML | Teste qualquer URL no site \u2611"},"content":{"rendered":"<p><\/p>\n<h2 id=\"par1\">O que \u00e9 o verificador de r\u00e1cio de texto para c\u00f3digo?<\/h2>\n<p>O verificador de r\u00e1cio de texto para c\u00f3digo no <a href=\"https:\/\/sitechecker.pro\/\" target=\"_blank\" rel=\"noopener noreferrer\">Sitechecker<\/a> analisa o r\u00e1cio de conte\u00fado de texto em rela\u00e7\u00e3o ao <a href=\"https:\/\/sitechecker.pro\/html-source-code-viewer\/\" target=\"_blank\" rel=\"noopener noreferrer\">c\u00f3digo HTML<\/a> numa p\u00e1gina web. Fornece um relat\u00f3rio instant\u00e2neo para uma \u00fanica p\u00e1gina ou uma auditoria abrangente para todas as p\u00e1ginas. A ferramenta ajuda a identificar baixas propor\u00e7\u00f5es de texto para c\u00f3digo, poss\u00edveis problemas de relev\u00e2ncia de texto e monitoriza\u00e7\u00e3o cont\u00ednua para otimiza\u00e7\u00e3o SEO.<\/p>\n<h3>Como \u00e9 que a ferramenta o pode ajudar<\/h3>\n<p><strong>C\u00e1lculo da propor\u00e7\u00e3o de texto para c\u00f3digo:<\/strong> mede a propor\u00e7\u00e3o de texto vis\u00edvel para c\u00f3digo HTML para avaliar a efici\u00eancia do conte\u00fado para SEO.<\/p>\n<p><strong>Detetar p\u00e1ginas com uma baixa rela\u00e7\u00e3o texto\/c\u00f3digo:<\/strong> fornece relat\u00f3rios para identificar poss\u00edveis problemas de conte\u00fado.<\/p>\n<p><strong>Monitoriza\u00e7\u00e3o de relev\u00e2ncia de texto<\/strong> \u2013 deteta e rastreia problemas de relev\u00e2ncia de texto para garantir a qualidade do conte\u00fado e melhorar a classifica\u00e7\u00e3o nos motores de busca.<\/p>\n<h3>Principais caracter\u00edsticas da ferramenta<\/h3>\n<p><strong>Painel unificado:<\/strong> fornece um hub centralizado para monitorizar a integridade do website, o desempenho de SEO e os resultados de auditoria num \u00fanico local.<\/p>\n<p><strong>Interface de f\u00e1cil utiliza\u00e7\u00e3o:<\/strong> concebida para uma f\u00e1cil navega\u00e7\u00e3o, tornando a an\u00e1lise SEO acess\u00edvel tanto para principiantes como para profissionais.<\/p>\n<p><strong>Conjunto completo de ferramentas de SEO:<\/strong> inclui auditorias de websites, rastreio de classifica\u00e7\u00f5es, verifica\u00e7\u00f5es de SEO on-page e monitoriza\u00e7\u00e3o em tempo real para uma otimiza\u00e7\u00e3o abrangente.<\/p>\n<h2 id=\"par2\">Como utilizar a ferramenta<\/h2>\n<p>Para utilizar o Verificador de r\u00e1cio de texto para c\u00f3digo, comece por selecionar uma op\u00e7\u00e3o de auditoria, seja um relat\u00f3rio instant\u00e2neo para uma \u00fanica p\u00e1gina ou uma an\u00e1lise completa do website. Introduza o URL da p\u00e1gina web ou do site que pretende analisar e clique no bot\u00e3o &#8220;Iniciar auditoria&#8221;. A ferramenta avaliar\u00e1 a propor\u00e7\u00e3o entre texto e c\u00f3digo e fornecer\u00e1 um relat\u00f3rio detalhado destacando a relev\u00e2ncia do texto, a efici\u00eancia do HTML e poss\u00edveis melhorias de SEO.<\/p>\n<h2 id=\"par3\">Testar a rela\u00e7\u00e3o texto\/c\u00f3digo para todas as p\u00e1ginas<\/h2>\n<h3>Passo 1: Escolha a op\u00e7\u00e3o de auditoria &#8220;Todas as p\u00e1ginas&#8221;<\/h3>\n<div class=\"content__img-wrap\"><img src=\"https:\/\/sitechecker.pro\/wp-content\/uploads\/2025\/02\/text-to-code-ratio-all-pages.png\" alt=\"Propor\u00e7\u00e3o de texto para c\u00f3digo em todas as p\u00e1ginas\" class=\"description-img description-img-zoom\" loading=\"lazy\" ><\/div>\n<div class=\"important-block\">Para receber resultados e acesso \u00e0s funcionalidades do Sitechecker durante 14 dias, inicie o seu teste GRATUITO. \u00c9 f\u00e1cil registar-se com o seu e-mail, conta Google ou Facebook. N\u00e3o \u00e9 necess\u00e1rio cart\u00e3o de cr\u00e9dito.<\/div>\n<h3>Passo 2: Obtenha os resultados<\/h3>\n<p>Identifique p\u00e1ginas com uma baixa rela\u00e7\u00e3o texto\/c\u00f3digo (&lt;10%) que possam afetar o desempenho do SEO. Obtenha uma an\u00e1lise detalhada das p\u00e1ginas afetadas, receba recomenda\u00e7\u00f5es de otimiza\u00e7\u00e3o e aceda a sugest\u00f5es de melhorias no c\u00f3digo para aumentar a relev\u00e2ncia do conte\u00fado e a visibilidade da pesquisa.<\/p>\n<div class=\"content__img-wrap\"><img src=\"https:\/\/sitechecker.pro\/wp-content\/uploads\/2025\/02\/text-to-code-ratio-issue.png\" alt=\"Problema de r\u00e1cio de texto para c\u00f3digo\" class=\"description-img description-img-zoom\" loading=\"lazy\" ><\/div>\n<h3>Caracter\u00edsticas adicionais da ferramenta<\/h3>\n<p>Obtenha uma vis\u00e3o geral detalhada da sa\u00fade do website, incluindo erros cr\u00edticos, avisos e oportunidades de otimiza\u00e7\u00e3o. Identifique as p\u00e1ginas afetadas por categoria, analise a relev\u00e2ncia do conte\u00fado, links internos e externos, indexabilidade e problemas de valida\u00e7\u00e3o de c\u00f3digo. D\u00ea prioridade \u00e0s corre\u00e7\u00f5es com o rastreio de problemas categorizados e melhore o desempenho geral de SEO.<\/p>\n<div class=\"content__img-wrap\"><img src=\"https:\/\/sitechecker.pro\/wp-content\/uploads\/2025\/02\/site-audit-issues-4.png\" alt=\"Problemas de auditoria do site\" class=\"description-img description-img-zoom\" loading=\"lazy\" ><\/div>\n<h2 id=\"par4\">Testar a rela\u00e7\u00e3o texto\/c\u00f3digo da p\u00e1gina<\/h2>\n<h3>Passo 1: Escolha a op\u00e7\u00e3o de teste de p\u00e1gina<\/h3>\n<div class=\"content__img-wrap\"><img src=\"https:\/\/sitechecker.pro\/wp-content\/uploads\/2025\/02\/text-to-code-ratio-page.png\" alt=\"P\u00e1gina de r\u00e1cio de texto para c\u00f3digo\" class=\"description-img description-img-zoom\" loading=\"lazy\" ><\/div>\n<h3>Passo 2: Obtenha os resultados<\/h3>\n<p>Avalie a propor\u00e7\u00e3o de texto para c\u00f3digo de uma p\u00e1gina espec\u00edfica, garantindo o equil\u00edbrio ideal de conte\u00fado para SEO. Obtenha insights sobre o comprimento do texto, a percentagem de propor\u00e7\u00e3o e recomenda\u00e7\u00f5es para melhorar a relev\u00e2ncia do conte\u00fado e o desempenho do motor de busca.<\/p>\n<div class=\"content__img-wrap\"><img src=\"https:\/\/sitechecker.pro\/wp-content\/uploads\/2025\/02\/text-length-text-to-code-ratio.png\" alt=\"Resultados de comprimento de texto, r\u00e1cio de texto para c\u00f3digo\" class=\"description-img description-img-zoom\" loading=\"lazy\" ><\/div>\n<p>Para descobrir todas as caracter\u00edsticas da ferramenta, visite a sec\u00e7\u00e3o Auditoria do Site. Explore a vers\u00e3o de demonstra\u00e7\u00e3o para ver como o Sitechecker identifica e resolve os principais problemas t\u00e9cnicos de SEO.<\/p>\n<div class=\"content__img-wrap\"><img src=\"https:\/\/sitechecker.pro\/wp-content\/uploads\/2025\/02\/site-audit-4.png\" alt=\"Auditoria do Site\" class=\"description-img description-img-zoom\" loading=\"lazy\" ><\/div>\n<h3>Caracter\u00edsticas adicionais da verifica\u00e7\u00e3o de p\u00e1ginas<\/h3>\n<p>Obtenha uma an\u00e1lise completa da integridade da p\u00e1gina, incluindo problemas cr\u00edticos e de aviso. Identifique problemas de desempenho, estado de dados estruturados, otimiza\u00e7\u00f5es de imagem e fatores t\u00e9cnicos de SEO para melhorar a visibilidade da pesquisa e a efic\u00e1cia do conte\u00fado.<\/p>\n<div class=\"content__img-wrap\"><img src=\"https:\/\/sitechecker.pro\/wp-content\/uploads\/2025\/02\/site-audit-4.png\" alt=\"Auditoria do Site\" class=\"description-img description-img-zoom\" loading=\"lazy\" ><\/div>\n<h2 id=\"par5\">Ideia Final<\/h2>\n<p>A ferramenta HTML Code to Text Ratio analisa a propor\u00e7\u00e3o de texto vis\u00edvel em rela\u00e7\u00e3o ao c\u00f3digo HTML, ajudando a otimizar o desempenho SEO. Fornece relat\u00f3rios instant\u00e2neos para p\u00e1ginas individuais e auditorias completas para sites inteiros. A ferramenta deteta baixas propor\u00e7\u00f5es de texto para c\u00f3digo, identifica problemas de relev\u00e2ncia de conte\u00fado e oferece insights de otimiza\u00e7\u00e3o. Com uma interface de f\u00e1cil utiliza\u00e7\u00e3o, um painel unificado e um conjunto completo de ferramentas de SEO, permite uma an\u00e1lise eficaz do website. Os utilizadores podem aceder a relat\u00f3rios detalhados, monitorizar a integridade do site e priorizar corre\u00e7\u00f5es.<\/p>\n<div id=\"par6\"><\/div>\n<p><div class=\"front__faq-block\"><div class=\"faq__block-title\">FAQ<\/div><div class=\"panel-group\" id=\"faq-accordion\" itemscope itemtype=\"https:\/\/schema.org\/FAQPage\" role=\"tablist\" aria-multiselectable=\"true\"><div class=\"panel\" itemscope itemtype=\"https:\/\/schema.org\/Question\" itemprop=\"mainEntity\">\n                            <div class=\"panel-heading\" id=\"headingFaq-1\">\n                                <div class=\"panel-title\" data-toggle=\"collapse\" aria-expanded=\"false\" href=\"#collapseFaq-1\">\n                                    <h3 itemprop=\"name\">Qual \u00e9 a rela\u00e7\u00e3o texto\/c\u00f3digo ideal para SEO?<\/h3>\n                                <\/div>\n                            <\/div>\n                            <div id=\"collapseFaq-1\" class=\"panel-collapse collapse\" itemprop=\"acceptedAnswer\" itemscope itemtype=\"http:\/\/schema.org\/Answer\">\n                                <div class=\"panel-body\" itemprop=\"text\">Uma propor\u00e7\u00e3o de texto para c\u00f3digo acima de 10% \u00e9 geralmente recomendada para um melhor desempenho de SEO, garantindo que os motores de busca podem interpretar o conte\u00fado de forma eficaz.<\/div>\n                            <\/div>\n                        <\/div><div class=\"panel\" itemscope itemtype=\"https:\/\/schema.org\/Question\" itemprop=\"mainEntity\">\n                            <div class=\"panel-heading\" id=\"headingFaq-2\">\n                                <div class=\"panel-title\" data-toggle=\"collapse\" aria-expanded=\"false\" href=\"#collapseFaq-2\">\n                                    <h3 itemprop=\"name\">Como \u00e9 que uma baixa rela\u00e7\u00e3o texto\/c\u00f3digo afeta o meu site?<\/h3>\n                                <\/div>\n                            <\/div>\n                            <div id=\"collapseFaq-2\" class=\"panel-collapse collapse\" itemprop=\"acceptedAnswer\" itemscope itemtype=\"http:\/\/schema.org\/Answer\">\n                                <div class=\"panel-body\" itemprop=\"text\">Uma propor\u00e7\u00e3o baixa pode indicar HTML excessivo ou conte\u00fado insuficiente, o que pode levar a m\u00e1s classifica\u00e7\u00f5es nos motores de busca e a um envolvimento reduzido dos utilizadores.<\/div>\n                            <\/div>\n                        <\/div><div class=\"panel\" itemscope itemtype=\"https:\/\/schema.org\/Question\" itemprop=\"mainEntity\">\n                            <div class=\"panel-heading\" id=\"headingFaq-3\">\n                                <div class=\"panel-title\" data-toggle=\"collapse\" aria-expanded=\"false\" href=\"#collapseFaq-3\">\n                                    <h3 itemprop=\"name\">Posso verificar a propor\u00e7\u00e3o de texto para c\u00f3digo de v\u00e1rias p\u00e1ginas ao mesmo tempo?<\/h3>\n                                <\/div>\n                            <\/div>\n                            <div id=\"collapseFaq-3\" class=\"panel-collapse collapse\" itemprop=\"acceptedAnswer\" itemscope itemtype=\"http:\/\/schema.org\/Answer\">\n                                <div class=\"panel-body\" itemprop=\"text\">Sim, com a op\u00e7\u00e3o de auditoria 'Todas as p\u00e1ginas', pode analisar a propor\u00e7\u00e3o de todo o seu site e receber relat\u00f3rios detalhados sobre as p\u00e1ginas afetadas.<\/div>\n                            <\/div>\n                        <\/div><div class=\"panel\" itemscope itemtype=\"https:\/\/schema.org\/Question\" itemprop=\"mainEntity\">\n                            <div class=\"panel-heading\" id=\"headingFaq-4\">\n                                <div class=\"panel-title\" data-toggle=\"collapse\" aria-expanded=\"false\" href=\"#collapseFaq-4\">\n                                    <h3 itemprop=\"name\">Ser\u00e1 a propor\u00e7\u00e3o de texto para c\u00f3digo o \u00fanico fator que afeta as classifica\u00e7\u00f5es de SEO?<\/h3>\n                                <\/div>\n                            <\/div>\n                            <div id=\"collapseFaq-4\" class=\"panel-collapse collapse\" itemprop=\"acceptedAnswer\" itemscope itemtype=\"http:\/\/schema.org\/Answer\">\n                                <div class=\"panel-body\" itemprop=\"text\">N\u00e3o, embora seja importante, as classifica\u00e7\u00f5es de SEO s\u00e3o influenciadas por muitos fatores, incluindo backlinks, velocidade da p\u00e1gina, compatibilidade com dispositivos m\u00f3veis, dados estruturados e qualidade do conte\u00fado.<\/div>\n                            <\/div>\n                        <\/div><div class=\"panel\" itemscope itemtype=\"https:\/\/schema.org\/Question\" itemprop=\"mainEntity\">\n                            <div class=\"panel-heading\" id=\"headingFaq-5\">\n                                <div class=\"panel-title\" data-toggle=\"collapse\" aria-expanded=\"false\" href=\"#collapseFaq-5\">\n                                    <h3 itemprop=\"name\">A ferramenta pode sugerir melhorias para corrigir uma baixa rela\u00e7\u00e3o texto\/c\u00f3digo?<\/h3>\n                                <\/div>\n                            <\/div>\n                            <div id=\"collapseFaq-5\" class=\"panel-collapse collapse\" itemprop=\"acceptedAnswer\" itemscope itemtype=\"http:\/\/schema.org\/Answer\">\n                                <div class=\"panel-body\" itemprop=\"text\">Sim, o Sitechecker fornece recomenda\u00e7\u00f5es de otimiza\u00e7\u00e3o, incluindo a redu\u00e7\u00e3o de c\u00f3digo desnecess\u00e1rio, a melhoria da qualidade do conte\u00fado e o equil\u00edbrio da estrutura HTML.<\/div>\n                            <\/div>\n                        <\/div><\/div><\/div><\/p>","protected":false},"excerpt":{"rendered":"O que \u00e9 o verificador de r\u00e1cio de texto para c\u00f3digo? O verificador de r\u00e1cio de texto para c\u00f3digo no Sitechecker analisa o r\u00e1cio de conte\u00fado de texto em rela\u00e7\u00e3o ao c\u00f3digo HTML numa p\u00e1gina web. Fornece um relat\u00f3rio instant\u00e2neo para uma \u00fanica p\u00e1gina ou uma auditoria abrangente para todas as p\u00e1ginas. A ferramenta ajuda&#8230;","protected":false},"author":10409641,"featured_media":7943,"parent":0,"menu_order":0,"comment_status":"closed","ping_status":"closed","template":"pages-templates\/pages-minitools-3.php","meta":[],"categories":[70],"tags":[],"_links":{"self":[{"href":"https:\/\/sitechecker.pro\/pt\/wp-json\/wp\/v2\/pages\/7877"}],"collection":[{"href":"https:\/\/sitechecker.pro\/pt\/wp-json\/wp\/v2\/pages"}],"about":[{"href":"https:\/\/sitechecker.pro\/pt\/wp-json\/wp\/v2\/types\/page"}],"author":[{"embeddable":true,"href":"https:\/\/sitechecker.pro\/pt\/wp-json\/wp\/v2\/users\/10409641"}],"replies":[{"embeddable":true,"href":"https:\/\/sitechecker.pro\/pt\/wp-json\/wp\/v2\/comments?post=7877"}],"version-history":[{"count":24,"href":"https:\/\/sitechecker.pro\/pt\/wp-json\/wp\/v2\/pages\/7877\/revisions"}],"predecessor-version":[{"id":38135,"href":"https:\/\/sitechecker.pro\/pt\/wp-json\/wp\/v2\/pages\/7877\/revisions\/38135"}],"wp:featuredmedia":[{"embeddable":true,"href":"https:\/\/sitechecker.pro\/pt\/wp-json\/wp\/v2\/media\/7943"}],"wp:attachment":[{"href":"https:\/\/sitechecker.pro\/pt\/wp-json\/wp\/v2\/media?parent=7877"}],"wp:term":[{"taxonomy":"category","embeddable":true,"href":"https:\/\/sitechecker.pro\/pt\/wp-json\/wp\/v2\/categories?post=7877"},{"taxonomy":"post_tag","embeddable":true,"href":"https:\/\/sitechecker.pro\/pt\/wp-json\/wp\/v2\/tags?post=7877"}],"curies":[{"name":"wp","href":"https:\/\/api.w.org\/{rel}","templated":true}]}}