{"id":7873,"date":"2019-09-05T12:25:47","date_gmt":"2019-09-05T12:25:47","guid":{"rendered":"https:\/\/sitechecker.pro\/?page_id=7873"},"modified":"2026-02-20T12:10:45","modified_gmt":"2026-02-20T12:10:45","slug":"similar-websites","status":"publish","type":"page","link":"https:\/\/sitechecker.pro\/pt\/similar-websites\/","title":{"rendered":"Localizador de sites semelhantes | Uma obriga\u00e7\u00e3o para pesquisa de mercado \u1408"},"content":{"rendered":"<p>Voc\u00ea deseja iniciar um site e, como parte da pesquisa de mercado, precisa saber quem s\u00e3o seus concorrentes. Se essa situa\u00e7\u00e3o \u00e9 semelhante \u00e0 sua e voc\u00ea n\u00e3o tem ideia de como fazer isso, voc\u00ea est\u00e1 no lugar certo. Voc\u00ea pode fazer isso facilmente com um localizador de sites semelhante; neste artigo, contaremos tudo o que voc\u00ea precisa saber sobre como usar um de forma eficaz.<\/p>\n<h2>O que \u00e9 um localizador de sites semelhantes?<\/h2>\n<p>Um <b>site semelhante <\/b><b>localizador <\/b>\u00e9 uma ferramenta que voc\u00ea pode usar para encontrar outros sites que produzem conte\u00fado semelhante ao seu. Essas ferramentas est\u00e3o dispon\u00edveis em muitos provedores, muitos deles gratuitamente. Ao usar essas ferramentas, voc\u00ea pode pesquisar seus concorrentes e saber mais sobre como eles funcionam, o que fazem bem e o que os usu\u00e1rios obt\u00eam deles. Ao absorver todas essas informa\u00e7\u00f5es e fazer planos de acordo, voc\u00ea poder\u00e1 tirar o melhor de todos os seus concorrentes e eliminar qualquer coisa que n\u00e3o funcione.<\/p>\n<p>Al\u00e9m de ajud\u00e1-lo a encontrar sites semelhantes, o <a href=\"https:\/\/sitechecker.pro\/\">Sitechecker<\/a> tem muito mais a oferecer. Confira este v\u00eddeo para saber mais sobre nossos servi\u00e7os:<\/p>\n<p><iframe title=\"YouTube video player\" src=\"https:\/\/www.youtube.com\/embed\/iQWrmE-J-yU\" width=\"770\" height=\"350\" frameborder=\"0\" allowfullscreen=\"allowfullscreen\"><\/iframe><\/p>\n<h2>Usando um localizador de sites semelhante<\/h2>\n<p>Descubra como usar nosso localizador de sites semelhante.<\/p>\n<h3>Etapa 1: insira seu dom\u00ednio<\/h3>\n<p>Basta pegar o URL do seu site, col\u00e1-lo na barra de pesquisa e clicar na seta voltada para a direita.<br \/>\n<div class=\"content__img-wrap\"><img src=\"https:\/\/sitechecker.pro\/wp-content\/uploads\/2022\/02\/Sitecheckers-similar-website-finder.jpg\" alt=\"Localizador de sites semelhantes do Sitechecker\" class=\"description-img description-img-zoom\" loading=\"lazy\" ><\/div><\/p>\n<h3>Etapa 2: an\u00e1lise de resultados<\/h3>\n<p>O site levar\u00e1 alguns segundos para encontrar todos os sites semelhantes ao seu e exibi-los como uma lista.<br \/>\n<div class=\"content__img-wrap\"><img src=\"https:\/\/sitechecker.pro\/wp-content\/uploads\/2022\/02\/Sitecheckers-similar-website-finder-Results.jpg\" alt=\"Localizador de sites semelhantes do Sitechecker: Resultados\" class=\"description-img description-img-zoom\" loading=\"lazy\" ><\/div><\/p>\n<h2>Casos em que \u00e9 necess\u00e1rio um localizador de sites semelhantes<\/h2>\n<p>Antes de fazer um site e come\u00e7ar a postar algum conte\u00fado, voc\u00ea deve descobrir se seu empreendimento \u00e9 lucrativo. Por exemplo, voc\u00ea acha que algu\u00e9m usaria uma plataforma de compartilhamento de v\u00eddeos com recursos semelhantes ao YouTube se o YouTube j\u00e1 existisse? N\u00e3o. Coisas como TikTok e Vimeo s\u00f3 funcionam porque oferecem abordagens diferentes e recursos exclusivos para seus usu\u00e1rios.<\/p>\n<p>Da mesma forma, se voc\u00ea est\u00e1 come\u00e7ando um blog, precisa saber quem j\u00e1 est\u00e1 produzindo conte\u00fado semelhante ao seu. Que tipo de conte\u00fado eles produzem? Como \u00e9 a base de p\u00fablico deles? Informa\u00e7\u00f5es como esta s\u00e3o necess\u00e1rias para lhe dizer as chances de sucesso. Se esses concorrentes det\u00eam o monop\u00f3lio do mercado, n\u00e3o h\u00e1 lucro em avan\u00e7ar.<\/p>\n<p>Por outro lado, se voc\u00ea estiver estabelecido em seu <a href=\"https:\/\/sitechecker.pro\/dental-seo-marketing-tool\/\" target=\"_blank\" rel=\"noopener noreferrer\">nicho<\/a> ind\u00fastria, voc\u00ea precisa estar sempre atento a novas empresas e novos empreendimentos. Fique de olho se eles est\u00e3o ganhando for\u00e7a e alcan\u00e7ando voc\u00ea. De qualquer forma, \u00e9 sinal de um criador de conte\u00fado maduro manter o dedo no pulso do mercado e entender para onde os ventos est\u00e3o soprando.<\/p>\n<p>Ao estudar as alternativas, voc\u00ea aprende o que est\u00e1\/n\u00e3o est\u00e1 funcionando e encontra maneiras de melhorar. \u00c9 assim que voc\u00ea melhora e alcan\u00e7a o pr\u00f3ximo n\u00edvel.<br \/>\n    <div class=\"blog__conversion blog__conversion-app element__logged_out\">\n        <div class=\"blog__conversion-inner\">\n            <p class=\"title\">Descubra n\u00e3o apenas as informa\u00e7\u00f5es sobre Sites Similares, mas tamb\u00e9m a presen\u00e7a de erros t\u00e9cnicos neles!<\/p>\n            <p class=\"description\">Fa\u00e7a uma auditoria completa para descobrir e corrigir todos os problemas no n\u00edvel do site e no n\u00edvel da p\u00e1gina em seu site.<\/p>\n            <form id=\"audit__form\"\n                  class=\"article__seo-search audit__form Fa\u00e7a uma auditoria completa para descobrir e corrigir todos os problemas no n\u00edvel do site e no n\u00edvel da p\u00e1gina em seu site.\"\n                  action=\"\"\n                  method=\"POST\"\n                  autocomplete=\"off\">\n                <span class=\"error\"><\/span>\n                <div class=\"error__limits\">Something went wrong. Please, try again later.<\/div>\n                <input name=\"url\"\n                       type=\"text\"\n                       placeholder=\"Digite seu dom\u00ednio aqui\">\n                                <button type=\"submit\"\n                        class=\"sitechecker__text\">\n                    <span>Iniciar auditoria<\/span>\n                    <img src=\"\/wp-content\/themes\/sitechecker\/out\/img_design\/loading.svg\"\n                         width=\"31\"\n                         height=\"30\"\n                         class=\"loading\">\n                <\/button>\n            <\/form>\n        <\/div>\n    <\/div>\n    <\/p>\n<h2>Como analisar sites semelhantes<\/h2>\n<p>Agora voc\u00ea sabe como encontrar v\u00e1rios sites semelhantes, mas o que voc\u00ea faz depois de encontr\u00e1-los? Ora, voc\u00ea os estuda, \u00e9 claro! \u00c9 a coisa inteligente a fazer, e voc\u00ea deve verificar as empresas que competem com voc\u00ea. Voc\u00ea pode apostar que eles far\u00e3o o mesmo com voc\u00ea.<\/p>\n<p>Mas o que voc\u00ea procura?<\/p>\n<ul>\n<li>Qual \u200b\u200b\u00e9 a estrutura do site das alternativas dispon\u00edveis? \u00c9 semelhante ao seu? Melhorar? Quais elementos de p\u00e1gina eles usam que voc\u00ea n\u00e3o usa e vice-versa? O que voc\u00ea pode melhorar?<\/li>\n<li>Quantos acessos eles recebem diariamente? Qual deles tem melhor desempenho? Como \u00e9 o desempenho deles quando comparado com voc\u00ea? O que eles est\u00e3o fazendo de diferente?<\/li>\n<li>Que tipo de backlinks eles est\u00e3o usando? Que tipo de servi\u00e7os aparecem mais? Eles est\u00e3o ligando para algo que voc\u00ea n\u00e3o est\u00e1? Eles est\u00e3o vinculados a coisas que voc\u00ea j\u00e1 faz?<\/li>\n<li>Quais s\u00e3o as palavras-chave? Qual \u00e9 a legibilidade deles? Execute os sites deles por meio de um verificador de SEO e aproveite ao m\u00e1ximo.<\/li>\n<\/ul>\n<h3>Usando o Verificador de tr\u00e1fego do site para uma melhor an\u00e1lise<\/h3>\n<p>Para a an\u00e1lise, voc\u00ea tamb\u00e9m pode usar nossa ferramenta que verifica o tr\u00e1fego do site. Um <a href=\"https:\/\/sitechecker.pro\/traffic-checker\/\">verificador de tr\u00e1fego do site <\/a> faz exatamente o que diz: calcula muitos dados relacionados ao tr\u00e1fego. Por exemplo, se voc\u00ea executar o URL por meio de um verificador de tr\u00e1fego do site, verificar\u00e1:<\/p>\n<ol>\n<li>Quanto tr\u00e1fego essa p\u00e1gina recebeu em pelo menos alguns meses<\/li>\n<li>Quanto tr\u00e1fego est\u00e1 sendo gerado em diferentes pa\u00edses<\/li>\n<li>Qual \u200b\u200bvolume de tr\u00e1fego est\u00e1 sendo gerado por diferentes canais: pesquisa org\u00e2nica, refer\u00eancias, pesquisa direta etc.<\/li>\n<li>As principais palavras-chave usadas pelo site, seja organicamente ou por meios pagos<\/li>\n<\/ol>\n<p><div class=\"content__img-wrap\"><img src=\"https:\/\/sitechecker.pro\/wp-content\/uploads\/2022\/02\/Sitecheckers-traffic-checker.jpg\" alt=\"Verifique o tr\u00e1fego com nossa ferramenta\" class=\"description-img description-img-zoom\" loading=\"lazy\" ><\/div><br \/>\n<div class=\"content__img-wrap\"><img src=\"https:\/\/sitechecker.pro\/wp-content\/uploads\/2022\/02\/Sitecheckers-traffic-checker-Result-1.jpg\" alt=\"Verificador de tr\u00e1fego: Resultados\" class=\"description-img description-img-zoom\" loading=\"lazy\" ><\/div><br \/>\n<div class=\"content__img-wrap\"><img src=\"https:\/\/sitechecker.pro\/wp-content\/uploads\/2022\/02\/Sitecheckers-traffic-checker-Result-2.jpg\" alt=\"Resultados da ferramenta (cont)\" class=\"description-img description-img-zoom\" loading=\"lazy\" ><\/div><\/p>\n<p>Em apenas alguns instantes, voc\u00ea ter\u00e1 todos esses dados ao seu alcance. Se voc\u00ea executar todos os sites semelhantes encontrados por meio desse verificador de tr\u00e1fego, ter\u00e1 dados semelhantes sobre todos os seus concorrentes. Voc\u00ea saber\u00e1 em quais nichos eles trabalham, de onde vem o tr\u00e1fego e como o tr\u00e1fego do site se compara ao seu. \u00c9 uma \u00f3tima ferramenta para analisar o mercado da internet e adaptar estrat\u00e9gias para enfrentar esses desafios.<\/p>\n<h3>Auditoria e verifica\u00e7\u00e3o do Sitechecker An\u00e1lise de concorrentes na p\u00e1gina<\/h3>\n<p>Uma auditoria de SEO \u00e9 uma ferramenta que mostra o qu\u00e3o bem voc\u00ea est\u00e1 se saindo em SEO e onde voc\u00ea pode melhorar. O objetivo \u00e9 levar seu site para o topo dos resultados de pesquisa do Google. Esta ferramenta ir\u00e1 ajud\u00e1-lo a gerenciar isso, verificando todo o seu site e p\u00e1ginas \u2013 e as de seus concorrentes, se voc\u00ea preferir \u2013 e fornecendo um relat\u00f3rio detalhado sobre tudo o que eles t\u00eam a oferecer. Voc\u00ea pode executar nosso <a href=\"https:\/\/sitechecker.pro\/on-page-seo-checker\/\">verificador de SEO na p\u00e1gina<\/a> gratuito ou <a href=\"https:\/\/chrome.google .com\/webstore\/detail\/website-seo-checker-free\/nljcdkjpjnhlilgepggmmagnmebhadnk\">Google Website SEO Checker<\/a>.<\/p>\n<h3>Verificador de backlinks do Sitechecker para an\u00e1lise de concorrentes<\/h3>\n<p>Voc\u00ea quer um <a href=\"https:\/\/sitechecker.pro\/backlinks-checker\/\">verificador de backlink<\/a> para garantir que seus backlinks estejam sendo usados \u200b\u200bpor sites que est\u00e3o recebendo uma boa quantidade de tr\u00e1fego e remov\u00ea-los de sites que n\u00e3o s\u00e3o mais relevantes. Ao analisar seus concorrentes dessa maneira, voc\u00ea obt\u00e9m informa\u00e7\u00f5es sobre o desempenho deles e sabe o que fazer, o que evitar e quais palavras-chave, \u00e2ncoras e tags voc\u00ea deve aproveitar.<br \/>\n<div class=\"content__img-wrap\"><img src=\"https:\/\/sitechecker.pro\/wp-content\/uploads\/2022\/02\/Sitecheckers-backlink-checker.jpg\" alt=\"Verifique backlinks com nossa ferramenta\" class=\"description-img description-img-zoom\" loading=\"lazy\" ><\/div><\/p>\n<div class=\"content__img-wrap\"><img src=\"https:\/\/sitechecker.pro\/wp-content\/uploads\/2022\/02\/Sitecheckers-backlink-checker-Results-2.jpg\" alt=\"Verifique backlinks com nossa ferramenta - Resultados\" class=\"description-img description-img-zoom\" loading=\"lazy\" ><\/div>\n<p><div class=\"front__faq-block\"><div class=\"faq__block-title\">FAQ<\/div><div class=\"panel-group\" id=\"faq-accordion\" itemscope itemtype=\"https:\/\/schema.org\/FAQPage\" role=\"tablist\" aria-multiselectable=\"true\"><div class=\"panel\" itemscope itemtype=\"https:\/\/schema.org\/Question\" itemprop=\"mainEntity\">\n                            <div class=\"panel-heading\" id=\"headingFaq-1\">\n                                <div class=\"panel-title\" data-toggle=\"collapse\" aria-expanded=\"false\" href=\"#collapseFaq-1\">\n                                    <h3 itemprop=\"name\">Como encontrar sites semelhantes no Google?<\/h3>\n                                <\/div>\n                            <\/div>\n                            <div id=\"collapseFaq-1\" class=\"panel-collapse collapse\" itemprop=\"acceptedAnswer\" itemscope itemtype=\"http:\/\/schema.org\/Answer\">\n                                <div class=\"panel-body\" itemprop=\"text\">Voc\u00ea pode usar o operador relacionado para encontrar sites semelhantes no Google. Para fazer isso, digite related: sitename.com na barra de endere\u00e7o e pressione Enter.<\/div>\n                            <\/div>\n                        <\/div><div class=\"panel\" itemscope itemtype=\"https:\/\/schema.org\/Question\" itemprop=\"mainEntity\">\n                            <div class=\"panel-heading\" id=\"headingFaq-2\">\n                                <div class=\"panel-title\" data-toggle=\"collapse\" aria-expanded=\"false\" href=\"#collapseFaq-2\">\n                                    <h3 itemprop=\"name\">Como sites semelhantes usam extens\u00f5es?<\/h3>\n                                <\/div>\n                            <\/div>\n                            <div id=\"collapseFaq-2\" class=\"panel-collapse collapse\" itemprop=\"acceptedAnswer\" itemscope itemtype=\"http:\/\/schema.org\/Answer\">\n                                <div class=\"panel-body\" itemprop=\"text\">Toda vez que voc\u00ea visita um site, voc\u00ea pode clicar na guia de extens\u00e3o no Chrome para encontrar outros sites relacionados \u00e0 pesquisa que voc\u00ea acabou de visitar.<\/div>\n                            <\/div>\n                        <\/div><div class=\"panel\" itemscope itemtype=\"https:\/\/schema.org\/Question\" itemprop=\"mainEntity\">\n                            <div class=\"panel-heading\" id=\"headingFaq-3\">\n                                <div class=\"panel-title\" data-toggle=\"collapse\" aria-expanded=\"false\" href=\"#collapseFaq-3\">\n                                    <h3 itemprop=\"name\">O que \u00e9 uma Pesquisa Relacionada?<\/h3>\n                                <\/div>\n                            <\/div>\n                            <div id=\"collapseFaq-3\" class=\"panel-collapse collapse\" itemprop=\"acceptedAnswer\" itemscope itemtype=\"http:\/\/schema.org\/Answer\">\n                                <div class=\"panel-body\" itemprop=\"text\">Voc\u00ea conhece aqueles oito ou mais resultados de pesquisa na parte inferior de uma p\u00e1gina de resultados de pesquisa do Google? Essas s\u00e3o pesquisas relacionadas e s\u00e3o geradas pelo Google com base no algoritmo do mecanismo de pesquisa em um esfor\u00e7o para ajud\u00e1-lo a encontrar mais coisas relacionadas para sua pesquisa.<\/div>\n                            <\/div>\n                        <\/div><\/div><\/div><\/p>","protected":false},"excerpt":{"rendered":"Voc\u00ea deseja iniciar um site e, como parte da pesquisa de mercado, precisa saber quem s\u00e3o seus concorrentes. Se essa situa\u00e7\u00e3o \u00e9 semelhante \u00e0 sua e voc\u00ea n\u00e3o tem ideia de como fazer isso, voc\u00ea est\u00e1 no lugar certo. Voc\u00ea pode fazer isso facilmente com um localizador de sites semelhante; neste artigo, contaremos tudo o&#8230;","protected":false},"author":10504980,"featured_media":7956,"parent":0,"menu_order":0,"comment_status":"closed","ping_status":"closed","template":"pages-templates\/pages-minitools-2.php","meta":[],"categories":[75],"tags":[],"_links":{"self":[{"href":"https:\/\/sitechecker.pro\/pt\/wp-json\/wp\/v2\/pages\/7873"}],"collection":[{"href":"https:\/\/sitechecker.pro\/pt\/wp-json\/wp\/v2\/pages"}],"about":[{"href":"https:\/\/sitechecker.pro\/pt\/wp-json\/wp\/v2\/types\/page"}],"author":[{"embeddable":true,"href":"https:\/\/sitechecker.pro\/pt\/wp-json\/wp\/v2\/users\/10504980"}],"replies":[{"embeddable":true,"href":"https:\/\/sitechecker.pro\/pt\/wp-json\/wp\/v2\/comments?post=7873"}],"version-history":[{"count":18,"href":"https:\/\/sitechecker.pro\/pt\/wp-json\/wp\/v2\/pages\/7873\/revisions"}],"predecessor-version":[{"id":39391,"href":"https:\/\/sitechecker.pro\/pt\/wp-json\/wp\/v2\/pages\/7873\/revisions\/39391"}],"wp:featuredmedia":[{"embeddable":true,"href":"https:\/\/sitechecker.pro\/pt\/wp-json\/wp\/v2\/media\/7956"}],"wp:attachment":[{"href":"https:\/\/sitechecker.pro\/pt\/wp-json\/wp\/v2\/media?parent=7873"}],"wp:term":[{"taxonomy":"category","embeddable":true,"href":"https:\/\/sitechecker.pro\/pt\/wp-json\/wp\/v2\/categories?post=7873"},{"taxonomy":"post_tag","embeddable":true,"href":"https:\/\/sitechecker.pro\/pt\/wp-json\/wp\/v2\/tags?post=7873"}],"curies":[{"name":"wp","href":"https:\/\/api.w.org\/{rel}","templated":true}]}}