{"id":7871,"date":"2019-09-05T12:15:59","date_gmt":"2019-09-05T12:15:59","guid":{"rendered":"https:\/\/sitechecker.pro\/?page_id=7871"},"modified":"2024-10-28T16:12:31","modified_gmt":"2024-10-28T16:12:31","slug":"directory-scanner","status":"publish","type":"page","link":"https:\/\/sitechecker.pro\/pt\/directory-scanner\/","title":{"rendered":"Scanner de Diret\u00f3rio de Sites (site ocultos): Veja a Arquivos Ocultos \u1408"},"content":{"rendered":"<p><\/p>\n<h2 id=\"par1\">O que \u00e9 um verificador de diret\u00f3rio de sites?<\/h2>\n<p>O Free Website Directory Scanner fornecido pelo Sitechecker \u00e9 uma ferramenta projetada para verificar <a href=\"https:\/\/sitechecker.pro\/what-is-directory-website\/\" target=\"_blank\" rel=\"noopener noreferrer\">diret\u00f3rios de sites <\/a> e arquivos confidenciais. Este processo \u00e9 crucial para detectar diret\u00f3rios confidenciais ou ocultos em um site. Ele pode verificar listagens de diret\u00f3rios online e encontrar arquivos como PHP, Robots.txt e outras informa\u00e7\u00f5es confidenciais.<\/p>\n<h3>Benef\u00edcios que voc\u00ea obt\u00e9m ao usar o Website Directory Scanner Online<\/h3>\n<p><strong>Detec\u00e7\u00e3o precisa da hierarquia do site: <\/strong>O scanner rastreia o servidor web e oferece uma vis\u00e3o compartimentada da hierarquia de um site, segmentando o site em se\u00e7\u00f5es gerenci\u00e1veis para melhorar a supervis\u00e3o do diret\u00f3rio.<\/p>\n<p><strong>Detec\u00e7\u00e3o de defici\u00eancias em diret\u00f3rios: <\/strong>O Subdirectory Finder permite que os usu\u00e1rios descubram um diret\u00f3rio espec\u00edfico no site e identifiquem e resolvam defici\u00eancias espec\u00edficas em diferentes diret\u00f3rios.<\/p>\n<p><strong>Inspe\u00e7\u00e3o personalizada: <\/strong>Os usu\u00e1rios podem personalizar sua an\u00e1lise com uma gama completa de filtros e configura\u00e7\u00f5es, fornecendo um exame detalhado dos elementos estruturais do site que se alinham com seus objetivos de SEO.<\/p>\n<h3>Principais recursos do Localizador de diret\u00f3rio de sites<\/h3>\n<ul>\n<li><strong>Painel de controle unificado: <\/strong>oferece uma vis\u00e3o abrangente das m\u00e9tricas de SEO, como tr\u00e1fego, palavras-chave e backlinks, usando dados do Google Search Console e do Google Analytics para obter insights detalhados.<\/li>\n<li><strong>Interface amig\u00e1vel: <\/strong>projetada para ser f\u00e1cil de usar, permitindo navega\u00e7\u00e3o e interpreta\u00e7\u00e3o suaves das m\u00e9tricas do site, \u00e9 adequada para usu\u00e1rios de todos os n\u00edveis t\u00e9cnicos.<\/li>\n<li><strong>Conjunto completo de ferramentas de SEO: <\/strong>Inclui uma variedade de ferramentas, como Website Crawler, Site Monitoring, Rank Tracker e muito mais, para an\u00e1lise e otimiza\u00e7\u00e3o detalhadas de SEO, integrando dados de v\u00e1rias fontes para uma vis\u00e3o hol\u00edstica do desempenho de SEO.<\/li>\n<\/ul>\n<h2 id=\"par2\">Como usar o scanner de diret\u00f3rio on-line de maneira eficaz?<\/h2>\n<div class=\"content__img-wrap\"><img src=\"https:\/\/sitechecker.pro\/wp-content\/uploads\/2023\/11\/website-directory-scanner_655e1a56a5d9b.png\" alt=\"Scanner de diret\u00f3rio de sites\" class=\"description-img description-img-zoom\" loading=\"lazy\" ><\/div>\n<div class=\"important-block\">Para receber resultados e acesso aos recursos do Sitechecker por 14 dias, inicie seu teste GRATUITO. A inscri\u00e7\u00e3o \u00e9 f\u00e1cil com seu e-mail, conta do Google ou Facebook. N\u00e3o \u00e9 necess\u00e1rio cart\u00e3o de cr\u00e9dito.<\/div>\n<p>O Site Audit fornece uma interface abrangente para avaliar o SEO do site, apresentando informa\u00e7\u00f5es de dom\u00ednio de acesso r\u00e1pido, um painel para m\u00e9tricas de SEO, um rastreador de problemas para problemas de SEO, menus de problemas categorizados para prioriza\u00e7\u00e3o e elementos interativos para an\u00e1lises e relat\u00f3rios aprofundados. Clique no bot\u00e3o \u201cExibir todas as p\u00e1ginas\u201d para exibir uma tela que lista todas as pastas e subpastas do seu site.<\/p>\n<div class=\"content__img-wrap\"><img src=\"https:\/\/sitechecker.pro\/wp-content\/uploads\/2023\/11\/directory-scanner-view-all-pages.png\" alt=\"Scanner de diret\u00f3rio visualizar todas as p\u00e1ginas\" class=\"description-img description-img-zoom\" loading=\"lazy\" ><\/div>\n<p>O Website Hidden Page Finder foi projetado para ser f\u00e1cil de usar, permitindo que especialistas em SEO e novatos avaliem e melhorem com efici\u00eancia o potencial de classifica\u00e7\u00e3o de seu site no mecanismo de pesquisa.<\/p>\n<p>O URL Directory Scanner apresenta uma interface simplificada para analisar a estrutura de pastas de um site:<\/p>\n<ul>\n<li>Ele apresenta uma an\u00e1lise focada em pastas, com \u00eanfase na guia &#8220;P\u00e1ginas por pastas&#8221;, que categoriza p\u00e1ginas da web com base em seus caminhos de subpastas, ajudando a organizar arquivos grandes e priorizar esfor\u00e7os de SEO.<\/li>\n<li>Essa guia oferece uma vis\u00e3o r\u00e1pida da arquitetura do site, classificando as p\u00e1ginas em pastas como &#8216;\/shop\/&#8217; ou &#8216;\/cart\/&#8217; e permitindo que os usu\u00e1rios identifiquem e classifiquem os problemas por gravidade ou tipo. enfatizando assim a capacidade da ferramenta de dissecar e exibir a estrutura do site para fins de otimiza\u00e7\u00e3o.<\/li>\n<\/ul>\n<div class=\"content__img-wrap\"><img src=\"https:\/\/sitechecker.pro\/wp-content\/uploads\/2023\/11\/pages-by-folder.png\" alt=\"P\u00e1ginas do scanner de diret\u00f3rio por pasta\" class=\"description-img description-img-zoom\" loading=\"lazy\" ><\/div>\n<p>O Website Subfolder Finder aprimora o gerenciamento de SEO, verificando a estrutura de pastas do site, classificando as listagens de pastas em diret\u00f3rios separados e, opcionalmente, facilitando a an\u00e1lise de se\u00e7\u00f5es direcionadas do site.<\/p>\n<div class=\"content__img-wrap\"><img src=\"https:\/\/sitechecker.pro\/wp-content\/uploads\/2023\/11\/data-display-options.png\" alt=\"Op\u00e7\u00f5es de exibi\u00e7\u00e3o de dados do scanner de diret\u00f3rio\" class=\"description-img description-img-zoom\" loading=\"lazy\" ><\/div>\n<p>Al\u00e9m disso, o Website Folder Scanner detalha m\u00e9tricas e problemas da p\u00e1gina, ao mesmo tempo que oferece op\u00e7\u00f5es de personaliza\u00e7\u00e3o para exibi\u00e7\u00e3o de dados. Esse recurso \u00e9 crucial para uma estrutura eficaz de arquivos de sites, organiza\u00e7\u00e3o de projetos e otimiza\u00e7\u00e3o de SEO.<\/p>\n<h2 id=\"par3\">Ideia final<\/h2>\n<p>A ferramenta Directory Finder Online da Sitechecker \u00e9 essencial para an\u00e1lise aprofundada da estrutura do site e otimiza\u00e7\u00e3o de SEO. Ele \u00e9 excelente em revelar diret\u00f3rios de sites vis\u00edveis e ocultos, permitindo uma vis\u00e3o granular da arquitetura de um site. Com recursos como detec\u00e7\u00e3o precisa de hierarquia, melhorias de SEO espec\u00edficas de pastas e inspe\u00e7\u00f5es personaliz\u00e1veis, ele atende tanto especialistas quanto novatos no aprimoramento de SEO de sites. A interface amig\u00e1vel do Website Directory Viewer, combinada com um conjunto abrangente de ferramentas de SEO, torna-o um recurso valioso para gerenciamento e otimiza\u00e7\u00e3o eficazes do site.<\/p>\n<div id=\"par4\"><\/div>\n<p><div class=\"front__faq-block\"><div class=\"faq__block-title\">FAQ<\/div><div class=\"panel-group\" id=\"faq-accordion\" itemscope itemtype=\"https:\/\/schema.org\/FAQPage\" role=\"tablist\" aria-multiselectable=\"true\"><div class=\"panel\" itemscope itemtype=\"https:\/\/schema.org\/Question\" itemprop=\"mainEntity\">\n                            <div class=\"panel-heading\" id=\"headingFaq-1\">\n                                <div class=\"panel-title\" data-toggle=\"collapse\" aria-expanded=\"false\" href=\"#collapseFaq-1\">\n                                    <h3 itemprop=\"name\">A ferramenta Website Tree Scanner pode identificar todos os tipos de arquivos ocultos encontrados no site?<\/h3>\n                                <\/div>\n                            <\/div>\n                            <div id=\"collapseFaq-1\" class=\"panel-collapse collapse\" itemprop=\"acceptedAnswer\" itemscope itemtype=\"http:\/\/schema.org\/Answer\">\n                                <div class=\"panel-body\" itemprop=\"text\">O localizador de diret\u00f3rio foi projetado para encontrar uma variedade de arquivos ocultos, incluindo PHP e Robots.txt. No entanto, pode n\u00e3o conseguir detectar todos os tipos de arquivos ocultos, dependendo da configura\u00e7\u00e3o do site e das medidas de seguran\u00e7a.<\/div>\n                            <\/div>\n                        <\/div><div class=\"panel\" itemscope itemtype=\"https:\/\/schema.org\/Question\" itemprop=\"mainEntity\">\n                            <div class=\"panel-heading\" id=\"headingFaq-2\">\n                                <div class=\"panel-title\" data-toggle=\"collapse\" aria-expanded=\"false\" href=\"#collapseFaq-2\">\n                                    <h3 itemprop=\"name\">O que \u00e9 um difusor de URL?<\/h3>\n                                <\/div>\n                            <\/div>\n                            <div id=\"collapseFaq-2\" class=\"panel-collapse collapse\" itemprop=\"acceptedAnswer\" itemscope itemtype=\"http:\/\/schema.org\/Answer\">\n                                <div class=\"panel-body\" itemprop=\"text\">Esta \u00e9 uma a\u00e7\u00e3o de descoberta que permite descobrir recursos que n\u00e3o deveriam ser p\u00fablicos (por exemplo, \/backups, \/index.php.old, \/archive.tgz, \/source_code.zip, etc.).<\/div>\n                            <\/div>\n                        <\/div><div class=\"panel\" itemscope itemtype=\"https:\/\/schema.org\/Question\" itemprop=\"mainEntity\">\n                            <div class=\"panel-heading\" id=\"headingFaq-3\">\n                                <div class=\"panel-title\" data-toggle=\"collapse\" aria-expanded=\"false\" href=\"#collapseFaq-3\">\n                                    <h3 itemprop=\"name\">A difus\u00e3o de URL \u00e9 ilegal?<\/h3>\n                                <\/div>\n                            <\/div>\n                            <div id=\"collapseFaq-3\" class=\"panel-collapse collapse\" itemprop=\"acceptedAnswer\" itemscope itemtype=\"http:\/\/schema.org\/Answer\">\n                                <div class=\"panel-body\" itemprop=\"text\">Recomendamos fortemente que voc\u00ea n\u00e3o execute programas de teste de penetra\u00e7\u00e3o no site de outra pessoa sem permiss\u00e3o por escrito do webmaster. Isso pode ter consequ\u00eancias indesej\u00e1veis para voc\u00ea, dependendo das leis de seguran\u00e7a cibern\u00e9tica do seu pa\u00eds.<\/div>\n                            <\/div>\n                        <\/div><\/div><\/div><\/p>","protected":false},"excerpt":{"rendered":"O que \u00e9 um verificador de diret\u00f3rio de sites? O Free Website Directory Scanner fornecido pelo Sitechecker \u00e9 uma ferramenta projetada para verificar diret\u00f3rios de sites e arquivos confidenciais. Este processo \u00e9 crucial para detectar diret\u00f3rios confidenciais ou ocultos em um site. Ele pode verificar listagens de diret\u00f3rios online e encontrar arquivos como PHP, Robots.txt&#8230;","protected":false},"author":10504980,"featured_media":8390,"parent":0,"menu_order":0,"comment_status":"closed","ping_status":"closed","template":"pages-templates\/pages-minitools.php","meta":[],"categories":[73],"tags":[],"_links":{"self":[{"href":"https:\/\/sitechecker.pro\/pt\/wp-json\/wp\/v2\/pages\/7871"}],"collection":[{"href":"https:\/\/sitechecker.pro\/pt\/wp-json\/wp\/v2\/pages"}],"about":[{"href":"https:\/\/sitechecker.pro\/pt\/wp-json\/wp\/v2\/types\/page"}],"author":[{"embeddable":true,"href":"https:\/\/sitechecker.pro\/pt\/wp-json\/wp\/v2\/users\/10504980"}],"replies":[{"embeddable":true,"href":"https:\/\/sitechecker.pro\/pt\/wp-json\/wp\/v2\/comments?post=7871"}],"version-history":[{"count":98,"href":"https:\/\/sitechecker.pro\/pt\/wp-json\/wp\/v2\/pages\/7871\/revisions"}],"predecessor-version":[{"id":33994,"href":"https:\/\/sitechecker.pro\/pt\/wp-json\/wp\/v2\/pages\/7871\/revisions\/33994"}],"wp:featuredmedia":[{"embeddable":true,"href":"https:\/\/sitechecker.pro\/pt\/wp-json\/wp\/v2\/media\/8390"}],"wp:attachment":[{"href":"https:\/\/sitechecker.pro\/pt\/wp-json\/wp\/v2\/media?parent=7871"}],"wp:term":[{"taxonomy":"category","embeddable":true,"href":"https:\/\/sitechecker.pro\/pt\/wp-json\/wp\/v2\/categories?post=7871"},{"taxonomy":"post_tag","embeddable":true,"href":"https:\/\/sitechecker.pro\/pt\/wp-json\/wp\/v2\/tags?post=7871"}],"curies":[{"name":"wp","href":"https:\/\/api.w.org\/{rel}","templated":true}]}}