{"id":7847,"date":"2020-07-17T11:26:36","date_gmt":"2020-07-17T09:26:36","guid":{"rendered":"https:\/\/sitechecker.pro\/?page_id=7847"},"modified":"2025-02-13T12:28:20","modified_gmt":"2025-02-13T12:28:20","slug":"hosting-checker","status":"publish","type":"page","link":"https:\/\/sitechecker.pro\/pt\/hosting-checker\/","title":{"rendered":"Verificador de hospedagem de dom\u00ednio \u2611 Quem est\u00e1 a alojar este site?"},"content":{"rendered":"<p><\/p>\n<h2 id=\"par1\">O que \u00e9 uma Ferramenta de Verifica\u00e7\u00e3o de Alojamento de Sites?<\/h2>\n<p>Um verificador de alojamento de sites \u00e9 um servi\u00e7o online que lhe permite descobrir qual <a href=\"https:\/\/sitechecker.pro\/what-is-host\/\" rel=\"noopener noreferrer\" target=\"_blank\">empresa de alojamento web<\/a> \u00e9 a &#8220;home&#8221; de um determinado site. Porque \u00e9 que precisa de tal informa\u00e7\u00e3o?<\/p>\n<ul>\n<li>para perceber que empresa de alojamento web utilizam os seus concorrentes,<\/li>\n<li>verificar as informa\u00e7\u00f5es de contacto t\u00e9cnico para avalia\u00e7\u00f5es de seguran\u00e7a,<\/li>\n<li>ou simplesmente satisfazer a sua curiosidade sobre a infraestrutura do site.<\/li>\n<\/ul>\n<h3>Aqui est\u00e1 como um verificador de hospedagem ajuda:<\/h3>\n<ul>\n<li><strong>Verifique o provedor de hospedagem na web. <\/strong>Isso pode ser \u00fatil se voc\u00ea quiser comprar um site ou tentar rastrear o propriet\u00e1rio do site.<\/li>\n<li><strong>Verifique os servidores de nomes: <\/strong>Os servidores de nomes traduzem o nome de dom\u00ednio da Internet de um s\u00edtio Web para o seu endere\u00e7o IP. Ao verificar os servidores de nomes, voc\u00ea pode ver onde o site est\u00e1 hospedado e quem \u00e9 respons\u00e1vel por ele.<\/li>\n<li><strong>Verificar o servidor Web: <\/strong>O servidor Web armazena e entrega os ficheiros de um s\u00edtio Web aos visitantes. Ao verific\u00e1-lo, pode ver que tipo de servidor Web est\u00e1 a ser utilizado e a sua vers\u00e3o.<\/li>\n<li><strong>Verificar o fornecedor de DNS: <\/strong>O provedor de DNS transforma o nome de dom\u00ednio de um site em seu endere\u00e7o IP que as m\u00e1quinas entendem. Ao verificar o provedor de DNS, voc\u00ea pode ver onde o site est\u00e1 hospedado e quem \u00e9 respons\u00e1vel por ele.<\/li>\n<li><strong>Verificar o endere\u00e7o IP: <\/strong>O endere\u00e7o IP \u00e9 um identificador \u00fanico para um computador na World Wide Web. Ao verificar o endere\u00e7o IP, voc\u00ea pode ver onde o site est\u00e1 hospedado e quem \u00e9 respons\u00e1vel por ele.<\/li>\n<li><strong>Verifique o pa\u00eds, a regi\u00e3o e a cidade onde o site est\u00e1 hospedado. <\/strong>Isso pode ser \u00fatil se voc\u00ea quiser descobrir onde o registo de dom\u00ednio est\u00e1 localizado.<\/li>\n<li><strong>Verificar a idade do dom\u00ednio. <\/strong>Isso pode ser \u00fatil se voc\u00ea estiver tentando descobrir h\u00e1 quanto tempo o site est\u00e1 ao vivo.<\/li>\n<\/ul>\n<h3>Principais caracter\u00edsticas da ferramenta de verifica\u00e7\u00e3o de hospedagem de sites<\/h3>\n<p><strong>Um painel unificado: <\/strong>O painel unificado fornece um \u00fanico local para visualizar todas as informa\u00e7\u00f5es do seu site.<\/p>\n<p><strong>Uma interface amig\u00e1vel: <\/strong>A interface amig\u00e1vel facilita o uso da ferramenta, mesmo se voc\u00ea n\u00e3o for um especialista t\u00e9cnico.<\/p>\n<p><strong>Um conjunto completo de ferramentas de SEO: <\/strong>O verificador inclui um conjunto completo de ferramentas de SEO. Ajuda-o a melhorar a classifica\u00e7\u00e3o do seu s\u00edtio Web nas p\u00e1ginas de resultados dos motores de busca (SERPs).<\/p>\n<h2 id=\"par2\">Utiliza\u00e7\u00e3o da Ferramenta do Verificador de Alojamento Web Gratuito<\/h2>\n<p>A nossa ferramenta online gratuita pode verificar o alojamento web dos seus concorrentes, bem como obter informa\u00e7\u00f5es abrangentes sobre o seu s\u00edtio web.<\/p>\n<p>Basta escolher a op\u00e7\u00e3o de que necessita, &#8220;Verificar o seu concorrente&#8221; ou &#8220;Verificar o seu dom\u00ednio&#8221;, e verificar o fornecedor de alojamento.<\/p>\n<div class=\"content__img-wrap\"><img src=\"https:\/\/sitechecker.pro\/wp-content\/uploads\/2023\/11\/website-hosting-checker.png\" alt=\"Website Hosting Checker\" class=\"description-img description-img-zoom\" loading=\"lazy\" ><\/div>\n<h2 id=\"par3\">Verifica\u00e7\u00e3o do Website da Concorr\u00eancia<\/h2>\n<h3>Passo 1: Insira o seu dom\u00ednio<\/h3>\n<p>Para come\u00e7ar, clique no bot\u00e3o &#8220;Verificar seu concorrente&#8221; e cole o dom\u00ednio do site que voc\u00ea deseja analisar para obter os dados do provedor de hospedagem na web. Uma vez conclu\u00eddo, prima o bot\u00e3o com a seta para iniciar a an\u00e1lise. Por exemplo, no exemplo abaixo, vamos analisar <a href=\"https:\/\/sitechecker.pro\/\" rel=\"noopener noreferrer\" target=\"_blank\">SiteChecker<\/a>.<\/p>\n<p><div class=\"content__img-wrap\"><img src=\"https:\/\/sitechecker.pro\/wp-content\/uploads\/2023\/11\/hosting-checker-competitor-check.png\" alt=\"Hosting Checker Competitor Check\" class=\"description-img description-img-zoom\" loading=\"lazy\" ><\/div>.<\/p>\n<h3>Passo 2: Interpretando os resultados<\/h3>\n<p>Dentro de alguns instantes, obter\u00e1 o relat\u00f3rio com as seguintes informa\u00e7\u00f5es.<\/p>\n<div class=\"content__img-wrap\"><img src=\"https:\/\/sitechecker.pro\/wp-content\/uploads\/2023\/11\/hosting-checker-results.png\" alt=\"Resultados do Hosting Checker\" class=\"description-img description-img-zoom\" loading=\"lazy\" ><\/div>\n<h3>Quem est\u00e1 a alojar o site?<\/h3>\n<p>O primeiro separador da nossa pesquisa de alojamento web ajuda-o a descobrir quem aloja um site. Pode ver o nome da empresa de alojamento web na primeira linha.<\/p>\n<p>O nome do <strong>provedor de DNS<\/strong> est\u00e1 no final. O separador tamb\u00e9m inclui informa\u00e7\u00f5es sobre um servidor de nomes e um servidor Web. Vamos ver porque \u00e9 que estes dois s\u00e3o importantes.<\/p>\n<p>Os <strong>servidores de nomes<\/strong> s\u00e3o uma parte fundamental do DNS (Domain Name System). Eles processam consultas sobre a localiza\u00e7\u00e3o dos servi\u00e7os de um nome de dom\u00ednio. Os servidores de nomes permitem-nos escrever dom\u00ednios em vez de endere\u00e7os IP.<\/p>\n<p>Um <strong>servidor Web<\/strong> \u00e9 um software de servidor que satisfaz os pedidos dos utilizadores na Internet. Processa esses pedidos atrav\u00e9s de HTTP e outros protocolos. A sua principal fun\u00e7\u00e3o \u00e9 armazenar, tratar e entregar p\u00e1ginas Web a um cliente.<\/p>\n<h3>Onde \u00e9 que este site est\u00e1 alojado?<\/h3>\n<p>Nesta sec\u00e7\u00e3o, descobrir\u00e1 em que servidor um site est\u00e1 a ser executado, o seu endere\u00e7o IP, a localiza\u00e7\u00e3o do servidor Web do site (pa\u00eds, cidade e regi\u00e3o) e o nome da organiza\u00e7\u00e3o que o gere.<\/p>\n<p>Poder\u00e1 perguntar-se porque \u00e9 que a localiza\u00e7\u00e3o do servidor est\u00e1 no relat\u00f3rio da ferramenta de pesquisa de anfitri\u00e3o. A proximidade do servidor Web influencia a velocidade de carregamento. Quanto mais pr\u00f3ximo o servidor Web estiver do p\u00fablico-alvo, mais r\u00e1pida ser\u00e1 a transfer\u00eancia de dados. Alguns fornecedores de alojamento Web at\u00e9 cobram um suplemento pela escolha de uma localiza\u00e7\u00e3o espec\u00edfica do servidor Web. Para verificar onde se encontra um endere\u00e7o IP espec\u00edfico, experimente o nosso <a href=\"https:\/\/sitechecker.pro\/domain-to-ip\/\" target=\"_blank\" rel=\"noopener noreferrer\">Verificador de IP<\/a>.<\/p>\n<div class=\"content__img-wrap\"><img src=\"https:\/\/sitechecker.pro\/wp-content\/uploads\/2023\/11\/where-is-site-hosted.png\" alt=\"Onde est\u00e1 alojado o site\" class=\"description-img description-img-zoom\" loading=\"lazy\" ><\/div>\n<h3>Alternativas de fornecedores de alojamento<\/h3>\n<p>No lado direito da p\u00e1gina de resultados, pode encontrar uma lista abrangente de fornecedores. Inclui cinco alternativas cuidadosamente seleccionadas com informa\u00e7\u00f5es pertinentes sobre o pre\u00e7o e as garantias de devolu\u00e7\u00e3o do dinheiro. Cada entrada tem links para a an\u00e1lise e para a p\u00e1gina do provedor classificado, para que voc\u00ea possa obter mais detalhes antes de tomar uma decis\u00e3o.<\/p>\n<div class=\"content__img-wrap\"><img src=\"https:\/\/sitechecker.pro\/wp-content\/uploads\/2023\/11\/hosting-provider-alternatives.png\" alt=\"Alternativas de fornecedores de alojamento\" class=\"description-img description-img-zoom\" loading=\"lazy\" ><\/div>\n<p>Se quiser guardar o conte\u00fado de qualquer separador do nosso verificador de anfitri\u00f5es, pode faz\u00ea-lo com um clique. Copie-o para uma \u00e1rea de transfer\u00eancia para colar noutro local, transfira-o como um ficheiro PDF ou partilhe-o nas redes sociais.<\/p>\n<div class=\"content__img-wrap\"><img src=\"https:\/\/sitechecker.pro\/wp-content\/uploads\/2023\/11\/hosting-check-download-results.png\" alt=\"Resultados do download do verificador de hospedagem\" class=\"description-img description-img-zoom\" loading=\"lazy\" ><\/div>\n<h2 id=\"par4\">Verificar o Alojamento como um Propriet\u00e1rio de Website<\/h2>\n<h3>Passo 1: Insira o seu dom\u00ednio<\/h3>\n<div class=\"content__img-wrap\"><img src=\"https:\/\/sitechecker.pro\/wp-content\/uploads\/2023\/11\/hosting-checker-domain-check.png\" alt=\"Verificador de Alojamento Verifica\u00e7\u00e3o de Dom\u00ednio\" class=\"description-img description-img-zoom\" loading=\"lazy\" ><\/div>\n<div class=\"important-block\">Para receber resultados e aceder \u00e0s funcionalidades do Sitechecker&apos;s durante 14 dias, inicie o seu teste GRATUITO. O registo \u00e9 f\u00e1cil com a sua conta de e-mail, Google ou Facebook. N\u00e3o \u00e9 necess\u00e1rio cart\u00e3o de cr\u00e9dito.<\/div>\n<p>Para come\u00e7ar, clique no bot\u00e3o &#8220;Verificar o seu dom\u00ednio&#8221; e introduza o nome de dom\u00ednio do s\u00edtio Web que pretende analisar no campo fornecido. Depois de concluir este passo, pode iniciar sess\u00e3o utilizando a sua conta Meta ou Google para maior comodidade.<\/p>\n<h3>Passo 2: Entendendo os resultados do Hosting Finder<\/h3>\n<p>Voc\u00ea obter\u00e1 dados sobre a idade do dom\u00ednio, incluindo a data de cria\u00e7\u00e3o. Ele tamb\u00e9m fornece informa\u00e7\u00f5es sobre o site, como o propriet\u00e1rio do dom\u00ednio e a organiza\u00e7\u00e3o de administra\u00e7\u00e3o.<\/p>\n<div class=\"content__img-wrap\"><img src=\"https:\/\/sitechecker.pro\/wp-content\/uploads\/2023\/11\/domain-info.png\" alt=\"Domain Info\" class=\"description-img description-img-zoom\" loading=\"lazy\" ><\/div>\n<p>Aqui est\u00e1 o v\u00eddeo com instru\u00e7\u00f5es detalhadas sobre como usar a ferramenta de pesquisa de host de site:<\/p>\n<p><iframe width=\"700\" height=\"350\" src=\"https:\/\/www.youtube.com\/embed\/YMDmq4XAl4M?si=V0fpmJaIvX-5sGAH&amp;start=79\" title=\"YouTube video player\" frameborder=\"0\" allow=\"accelerometer; autoplay; clipboard-write; encrypted-media; gyroscope; picture-in-picture; web-share\" allowfullscreen><\/iframe><\/p>\n<h2 id=\"par5\">Caracter\u00edsticas adicionais<\/h2>\n<p>Pode verificar esta informa\u00e7\u00e3o do site em qualquer altura na p\u00e1gina de auditoria do site. Al\u00e9m disso, como rastre\u00e1mos o seu site para obter os dados, oferecemos-lhe a possibilidade de verificar a auditoria SEO completa preparada para o seu site.<\/p>\n<p>Depois de ter escolhido um host, \u00e9 importante avaliar a qualidade do desempenho do site. Al\u00e9m disso, pode monitorizar o estado do seu s\u00edtio Web, sendo notificado logo que este fique indispon\u00edvel. Para o fazer, utilize ferramentas de verifica\u00e7\u00e3o como <a href=\"https:\/\/sitechecker.pro\/speed-test\/\" target=\"_blank\" rel=\"noopener noreferrer\">Website Speed Test<\/a> e <a href=\"https:\/\/sitechecker.pro\/website-down\/\" target=\"_blank\" rel=\"noopener noreferrer\">Website Down tool<\/a>. Utilizando-a juntamente com o nosso verificador de alojamento de sites, pode ter uma ideia sobre as velocidades m\u00e9dias de carregamento de alguns fornecedores. Al\u00e9m disso, pode monitorizar o estado do seu site, recebendo notifica\u00e7\u00f5es assim que este se tornar inacess\u00edvel.<\/p>\n<div class=\"content__img-wrap\"><img src=\"https:\/\/sitechecker.pro\/wp-content\/uploads\/2023\/11\/additional-features.png\" alt=\"Funcionalidades Adicionais\" class=\"description-img description-img-zoom\" loading=\"lazy\" ><\/div>\n<p>Se estiver \u00e0 procura de nomes de dom\u00ednio para o seu neg\u00f3cio online, utilize o nosso <a href=\"https:\/\/sitechecker.pro\/domain-availability\/\" target=\"_blank\" rel=\"noopener noreferrer\">Verificador de Disponibilidade de Dom\u00ednios<\/a>.<\/p>\n<h3>Como escolher a melhor empresa de hospedagem de sites para o seu site<\/h3>\n<p>O nosso verificador de fornecedores de alojamento pode ajud\u00e1-lo a encontrar algumas op\u00e7\u00f5es para o seu site. As ofertas incluem in\u00fameros servi\u00e7os web. As <a href=\"https:\/\/sitechecker.pro\/web-hosting\/\" target=\"_blank\" rel=\"noopener noreferrer\">melhores empresas de alojamento web<\/a> t\u00eam poucos problemas com o tempo de atividade e garantem um carregamento r\u00e1pido da p\u00e1gina. Al\u00e9m disso, fornecem apoio ao cliente 24 horas por dia, 7 dias por semana, lidando eficazmente com quaisquer problemas. E tudo isso a um pre\u00e7o relativamente razo\u00e1vel.<\/p>\n<h2 id=\"par6\">Ideia Final<\/h2>\n<p>Uma ferramenta de verifica\u00e7\u00e3o de hospedagem de sites \u00e9 uma ferramenta online que ajuda a identificar o provedor, servidores de nomes, servidor da web, provedor de DNS e endere\u00e7o IP de um site. \u00c9 \u00fatil para an\u00e1lise da concorr\u00eancia, avalia\u00e7\u00f5es de seguran\u00e7a ou curiosidade geral. As principais caracter\u00edsticas incluem um painel de controlo unificado, uma interface de f\u00e1cil utiliza\u00e7\u00e3o e um conjunto completo de ferramentas de SEO. A utiliza\u00e7\u00e3o \u00e9 simples: introduza um dom\u00ednio para verificar o alojamento da concorr\u00eancia ou o seu pr\u00f3prio, com resultados que detalham os dados e as alternativas. As funcionalidades adicionais incluem auditorias de SEO, testes de velocidade e monitoriza\u00e7\u00e3o do estado. Para encontrar um fornecedor de alojamento, tamb\u00e9m \u00e9 poss\u00edvel pesquisar registos de fatura\u00e7\u00e3o. Al\u00e9m disso, o detetor de alojamento ajuda a escolher as melhores empresas de alojamento Web, oferecendo artigos de investiga\u00e7\u00e3o sobre v\u00e1rios servi\u00e7os.<\/p>\n<div id=\"par7\"><\/div>\n<p><div class=\"front__faq-block\"><div class=\"faq__block-title\">FAQ<\/div><div class=\"panel-group\" id=\"faq-accordion\" itemscope itemtype=\"https:\/\/schema.org\/FAQPage\" role=\"tablist\" aria-multiselectable=\"true\"><div class=\"panel\" itemscope itemtype=\"https:\/\/schema.org\/Question\" itemprop=\"mainEntity\">\n                            <div class=\"panel-heading\" id=\"headingFaq-1\">\n                                <div class=\"panel-title\" data-toggle=\"collapse\" aria-expanded=\"false\" href=\"#collapseFaq-1\">\n                                    <h3 itemprop=\"name\">Como posso saber quem aloja um s\u00edtio Web?<\/h3>\n                                <\/div>\n                            <\/div>\n                            <div id=\"collapseFaq-1\" class=\"panel-collapse collapse\" itemprop=\"acceptedAnswer\" itemscope itemtype=\"http:\/\/schema.org\/Answer\">\n                                <div class=\"panel-body\" itemprop=\"text\">Para saber quem aloja um s\u00edtio Web, tem de identificar primeiro o propriet\u00e1rio do dom\u00ednio. Pode utilizar a nossa ferramenta para verificar quem \u00e9 o propriet\u00e1rio de um dom\u00ednio espec\u00edfico.<\/div>\n                            <\/div>\n                        <\/div><div class=\"panel\" itemscope itemtype=\"https:\/\/schema.org\/Question\" itemprop=\"mainEntity\">\n                            <div class=\"panel-heading\" id=\"headingFaq-2\">\n                                <div class=\"panel-title\" data-toggle=\"collapse\" aria-expanded=\"false\" href=\"#collapseFaq-2\">\n                                    <h3 itemprop=\"name\">Como posso encontrar os detalhes de um site? <\/h3>\n                                <\/div>\n                            <\/div>\n                            <div id=\"collapseFaq-2\" class=\"panel-collapse collapse\" itemprop=\"acceptedAnswer\" itemscope itemtype=\"http:\/\/schema.org\/Answer\">\n                                <div class=\"panel-body\" itemprop=\"text\">A ferramenta de verifica\u00e7\u00e3o do fornecedor de alojamento permite-lhe verificar os dados do site: ID do dom\u00ednio de registo, data de cria\u00e7\u00e3o, organiza\u00e7\u00e3o de administra\u00e7\u00e3o e outros.<\/div>\n                            <\/div>\n                        <\/div><div class=\"panel\" itemscope itemtype=\"https:\/\/schema.org\/Question\" itemprop=\"mainEntity\">\n                            <div class=\"panel-heading\" id=\"headingFaq-3\">\n                                <div class=\"panel-title\" data-toggle=\"collapse\" aria-expanded=\"false\" href=\"#collapseFaq-3\">\n                                    <h3 itemprop=\"name\">Como voc\u00ea descobre quem est\u00e1 hospedando um site WordPress? <\/h3>\n                                <\/div>\n                            <\/div>\n                            <div id=\"collapseFaq-3\" class=\"panel-collapse collapse\" itemprop=\"acceptedAnswer\" itemscope itemtype=\"http:\/\/schema.org\/Answer\">\n                                <div class=\"panel-body\" itemprop=\"text\">Como o WordPress \u00e9 outra op\u00e7\u00e3o para a cria\u00e7\u00e3o de sites, nosso localizador de host permite que voc\u00ea verifique o host do site tamb\u00e9m.<\/div>\n                            <\/div>\n                        <\/div><div class=\"panel\" itemscope itemtype=\"https:\/\/schema.org\/Question\" itemprop=\"mainEntity\">\n                            <div class=\"panel-heading\" id=\"headingFaq-4\">\n                                <div class=\"panel-title\" data-toggle=\"collapse\" aria-expanded=\"false\" href=\"#collapseFaq-4\">\n                                    <h3 itemprop=\"name\">Voc\u00ea pode rastrear o propriet\u00e1rio do site? <\/h3>\n                                <\/div>\n                            <\/div>\n                            <div id=\"collapseFaq-4\" class=\"panel-collapse collapse\" itemprop=\"acceptedAnswer\" itemscope itemtype=\"http:\/\/schema.org\/Answer\">\n                                <div class=\"panel-body\" itemprop=\"text\">Claro! Verificar o site atrav\u00e9s do Hosting Checker permite-lhe encontrar os fornecedores de alojamento web e o propriet\u00e1rio do site.<\/div>\n                            <\/div>\n                        <\/div><\/div><\/div><\/p>","protected":false},"excerpt":{"rendered":"O que \u00e9 uma Ferramenta de Verifica\u00e7\u00e3o de Alojamento de Sites? Um verificador de alojamento de sites \u00e9 um servi\u00e7o online que lhe permite descobrir qual empresa de alojamento web \u00e9 a &#8220;home&#8221; de um determinado site. Porque \u00e9 que precisa de tal informa\u00e7\u00e3o? para perceber que empresa de alojamento web utilizam os seus concorrentes,&#8230;","protected":false},"author":10409641,"featured_media":7901,"parent":0,"menu_order":0,"comment_status":"closed","ping_status":"closed","template":"pages-templates\/pages-minitools-3.php","meta":[],"categories":[73],"tags":[],"_links":{"self":[{"href":"https:\/\/sitechecker.pro\/pt\/wp-json\/wp\/v2\/pages\/7847"}],"collection":[{"href":"https:\/\/sitechecker.pro\/pt\/wp-json\/wp\/v2\/pages"}],"about":[{"href":"https:\/\/sitechecker.pro\/pt\/wp-json\/wp\/v2\/types\/page"}],"author":[{"embeddable":true,"href":"https:\/\/sitechecker.pro\/pt\/wp-json\/wp\/v2\/users\/10409641"}],"replies":[{"embeddable":true,"href":"https:\/\/sitechecker.pro\/pt\/wp-json\/wp\/v2\/comments?post=7847"}],"version-history":[{"count":34,"href":"https:\/\/sitechecker.pro\/pt\/wp-json\/wp\/v2\/pages\/7847\/revisions"}],"predecessor-version":[{"id":35469,"href":"https:\/\/sitechecker.pro\/pt\/wp-json\/wp\/v2\/pages\/7847\/revisions\/35469"}],"wp:featuredmedia":[{"embeddable":true,"href":"https:\/\/sitechecker.pro\/pt\/wp-json\/wp\/v2\/media\/7901"}],"wp:attachment":[{"href":"https:\/\/sitechecker.pro\/pt\/wp-json\/wp\/v2\/media?parent=7847"}],"wp:term":[{"taxonomy":"category","embeddable":true,"href":"https:\/\/sitechecker.pro\/pt\/wp-json\/wp\/v2\/categories?post=7847"},{"taxonomy":"post_tag","embeddable":true,"href":"https:\/\/sitechecker.pro\/pt\/wp-json\/wp\/v2\/tags?post=7847"}],"curies":[{"name":"wp","href":"https:\/\/api.w.org\/{rel}","templated":true}]}}